{"id":11027,"date":"2016-05-10T09:10:37","date_gmt":"2016-05-10T07:10:37","guid":{"rendered":"http:\/\/mont-roig.cat\/es\/?page_id=11027"},"modified":"2026-03-03T10:03:33","modified_gmt":"2026-03-03T09:03:33","slug":"annabel-garcia-echevarria","status":"publish","type":"page","link":"https:\/\/mont-roig.cat\/es\/annabel-garcia-echevarria\/","title":{"rendered":"Annabel Garcia Echevarria"},"content":{"rendered":"<div class=\"wpb-content-wrapper\">[vc_row][vc_column][vc_column_text css=&#8221;&#8221;]<a href=\"https:\/\/mont-roig.cat\/wp-content\/uploads\/Annabel-Garcia.jpg\"><img loading=\"lazy\" decoding=\"async\" class=\"alignright wp-image-70917\" src=\"https:\/\/mont-roig.cat\/wp-content\/uploads\/Annabel-Garcia-500x500.jpg\" alt=\"\" width=\"250\" height=\"250\" \/><\/a>Annabel Garcia naci\u00f3 el 27 de junio de 1979 en Mont-roig del Camp. Se define a si misma como una persona alegre, sociable, positiva y con ganas de trabajar por su municipio, para que ocupe el lugar que le corresponde en la comarca. Se licenci\u00f3 en la Universidad de Barcelona en Publicidad y Relaciones P\u00fablicas y se form\u00f3 como t\u00e9cnica de comunicaci\u00f3n de las organizaciones. Tambi\u00e9n ha realizado los estudios de postgrado en Direcci\u00f3n de Marketing y Master en Direcci\u00f3n de Empresas en la Universidad Rovira y Virgili, adem\u00e1s de formarse en comunicaci\u00f3n 2.0 y community manager. En cuanto a la trayectoria profesional, actualmente es t\u00e9cnica del \u00e1rea de comunicaci\u00f3n, servicio al cliente e imagen corporativa de Activa Mutua, mutua colaboradora con la Seguridad Social. Por otra parte, ha participado activamente en varias asociaciones como el <em>Club B\u00e0squet Mont-roig<\/em>, la asociaci\u00f3n de j\u00f3venes <em>Roca Ferma<\/em>, entre otros, y actualmente en las fiestas del <em>Barri dels 6 Carrers<\/em>. Fue tambi\u00e9n monitora de tiempo libre en actividades del municipio y catequista durante unos a\u00f1os. En la pasada legislatura fu\u00e9 concejala de la oposici\u00f3n del Grupo Municipal PDeCAT.<\/p>\n<p>En este mandato 2023-2027 ha vuelto como concejala a la oposici\u00f3n del grupo municipal Junts.<\/p>\n<p>Puede consultar el documento de declaraci\u00f3n de Actividades y Bienes de Annabel Garcia Echevarria en este enlace:<\/p>\n<p><a href=\"https:\/\/mont-roig.cat\/wp-content\/uploads\/Declaracio-dActivitats-i-Bens-Anabel-Garcia.pdf\" target=\"_blank\" rel=\"noopener\">Declaraci\u00f3n de Actividades y Bienes-Anabel Garcia<\/a><\/p>\n<p>Teniendo en cuenta que el sueldo es por asistencias (<a href=\"https:\/\/mont-roig.cat\/govern-obert\/transparencia\/informacio-economica\/retribucions-carrecs-electes\/\" target=\"_blank\" rel=\"noopener\" data-wpel-link=\"internal\">enlace<\/a>) la valoraci\u00f3n anual de la retribuci\u00f3n es 9.500 \u20ac para la legislatura 2023-2027.[\/vc_column_text][\/vc_column][\/vc_row]\n<\/div>","protected":false},"excerpt":{"rendered":"<p>[vc_row][vc_column][vc_column_text css=&#8221;&#8221;]Annabel Garcia naci\u00f3 el 27 de junio de 1979 en Mont-roig del Camp. Se define a si misma como una persona alegre, sociable, positiva y con ganas de trabajar por su municipio, para que ocupe el lugar que le corresponde en la comarca. Se licenci\u00f3 en la Universidad de Barcelona en Publicidad y Relaciones [&hellip;]<\/p>\n","protected":false},"author":4,"featured_media":0,"parent":0,"menu_order":0,"comment_status":"closed","ping_status":"closed","template":"","meta":{"inline_featured_image":false,"_monsterinsights_skip_tracking":false,"_monsterinsights_sitenote_active":false,"_monsterinsights_sitenote_note":"","_monsterinsights_sitenote_category":0,"footnotes":""},"class_list":["post-11027","page","type-page","status-publish","hentry"],"yoast_head":"<!-- This site is optimized with the Yoast SEO plugin v27.4 - https:\/\/yoast.com\/product\/yoast-seo-wordpress\/ -->\n<title>Annabel Garcia Echevarria - Ajuntament de Mont-roig del Camp<\/title>\n<meta name=\"robots\" content=\"index, follow, max-snippet:-1, max-image-preview:large, max-video-preview:-1\" \/>\n<link rel=\"canonical\" href=\"https:\/\/mont-roig.cat\/es\/annabel-garcia-echevarria\/\" \/>\n<meta property=\"og:locale\" content=\"es_ES\" \/>\n<meta property=\"og:type\" content=\"article\" \/>\n<meta property=\"og:title\" content=\"Annabel Garcia Echevarria - Ajuntament de Mont-roig del Camp\" \/>\n<meta property=\"og:description\" content=\"[vc_row][vc_column][vc_column_text css=&#8221;&#8221;]Annabel Garcia naci\u00f3 el 27 de junio de 1979 en Mont-roig del Camp. Se define a si misma como una persona alegre, sociable, positiva y con ganas de trabajar por su municipio, para que ocupe el lugar que le corresponde en la comarca. Se licenci\u00f3 en la Universidad de Barcelona en Publicidad y Relaciones [&hellip;]\" \/>\n<meta property=\"og:url\" content=\"https:\/\/mont-roig.cat\/es\/annabel-garcia-echevarria\/\" \/>\n<meta property=\"og:site_name\" content=\"Ajuntament de Mont-roig del Camp\" \/>\n<meta property=\"article:modified_time\" content=\"2026-03-03T09:03:33+00:00\" \/>\n<meta property=\"og:image\" content=\"https:\/\/mont-roig.cat\/wp-content\/uploads\/aj-mont-roig-2.jpg\" \/>\n\t<meta property=\"og:image:width\" content=\"1200\" \/>\n\t<meta property=\"og:image:height\" content=\"600\" \/>\n\t<meta property=\"og:image:type\" content=\"image\/jpeg\" \/>\n<meta name=\"twitter:card\" content=\"summary_large_image\" \/>\n<meta name=\"twitter:label1\" content=\"Tiempo de lectura\" \/>\n\t<meta name=\"twitter:data1\" content=\"2 minutos\" \/>\n<script type=\"application\/ld+json\" class=\"yoast-schema-graph\">{\"@context\":\"https:\\\/\\\/schema.org\",\"@graph\":[{\"@type\":\"WebPage\",\"@id\":\"https:\\\/\\\/mont-roig.cat\\\/es\\\/annabel-garcia-echevarria\\\/\",\"url\":\"https:\\\/\\\/mont-roig.cat\\\/es\\\/annabel-garcia-echevarria\\\/\",\"name\":\"Annabel Garcia Echevarria - Ajuntament de Mont-roig del Camp\",\"isPartOf\":{\"@id\":\"https:\\\/\\\/mont-roig.cat\\\/es\\\/#website\"},\"primaryImageOfPage\":{\"@id\":\"https:\\\/\\\/mont-roig.cat\\\/es\\\/annabel-garcia-echevarria\\\/#primaryimage\"},\"image\":{\"@id\":\"https:\\\/\\\/mont-roig.cat\\\/es\\\/annabel-garcia-echevarria\\\/#primaryimage\"},\"thumbnailUrl\":\"https:\\\/\\\/mont-roig.cat\\\/wp-content\\\/uploads\\\/Annabel-Garcia-500x500.jpg\",\"datePublished\":\"2016-05-10T07:10:37+00:00\",\"dateModified\":\"2026-03-03T09:03:33+00:00\",\"breadcrumb\":{\"@id\":\"https:\\\/\\\/mont-roig.cat\\\/es\\\/annabel-garcia-echevarria\\\/#breadcrumb\"},\"inLanguage\":\"es\",\"potentialAction\":[{\"@type\":\"ReadAction\",\"target\":[\"https:\\\/\\\/mont-roig.cat\\\/es\\\/annabel-garcia-echevarria\\\/\"]}]},{\"@type\":\"ImageObject\",\"inLanguage\":\"es\",\"@id\":\"https:\\\/\\\/mont-roig.cat\\\/es\\\/annabel-garcia-echevarria\\\/#primaryimage\",\"url\":\"https:\\\/\\\/mont-roig.cat\\\/wp-content\\\/uploads\\\/Annabel-Garcia-500x500.jpg\",\"contentUrl\":\"https:\\\/\\\/mont-roig.cat\\\/wp-content\\\/uploads\\\/Annabel-Garcia-500x500.jpg\"},{\"@type\":\"BreadcrumbList\",\"@id\":\"https:\\\/\\\/mont-roig.cat\\\/es\\\/annabel-garcia-echevarria\\\/#breadcrumb\",\"itemListElement\":[{\"@type\":\"ListItem\",\"position\":1,\"name\":\"Inici\",\"item\":\"https:\\\/\\\/mont-roig.cat\\\/es\\\/pagina-de-inicio\\\/\"},{\"@type\":\"ListItem\",\"position\":2,\"name\":\"Annabel Garcia Echevarria\"}]},{\"@type\":\"WebSite\",\"@id\":\"https:\\\/\\\/mont-roig.cat\\\/es\\\/#website\",\"url\":\"https:\\\/\\\/mont-roig.cat\\\/es\\\/\",\"name\":\"Ajuntament de Mont-roig del Camp\",\"description\":\"Tota la informaci\u00f3 sobre la instituci\u00f3, els seus \u00f2rgans de govern, actualitat, serveis i molt m\u00e9s.\",\"potentialAction\":[{\"@type\":\"SearchAction\",\"target\":{\"@type\":\"EntryPoint\",\"urlTemplate\":\"https:\\\/\\\/mont-roig.cat\\\/es\\\/?s={search_term_string}\"},\"query-input\":{\"@type\":\"PropertyValueSpecification\",\"valueRequired\":true,\"valueName\":\"search_term_string\"}}],\"inLanguage\":\"es\"}]}<\/script>\n<!-- \/ Yoast SEO plugin. -->","yoast_head_json":{"title":"Annabel Garcia Echevarria - Ajuntament de Mont-roig del Camp","robots":{"index":"index","follow":"follow","max-snippet":"max-snippet:-1","max-image-preview":"max-image-preview:large","max-video-preview":"max-video-preview:-1"},"canonical":"https:\/\/mont-roig.cat\/es\/annabel-garcia-echevarria\/","og_locale":"es_ES","og_type":"article","og_title":"Annabel Garcia Echevarria - Ajuntament de Mont-roig del Camp","og_description":"[vc_row][vc_column][vc_column_text css=&#8221;&#8221;]Annabel Garcia naci\u00f3 el 27 de junio de 1979 en Mont-roig del Camp. Se define a si misma como una persona alegre, sociable, positiva y con ganas de trabajar por su municipio, para que ocupe el lugar que le corresponde en la comarca. Se licenci\u00f3 en la Universidad de Barcelona en Publicidad y Relaciones [&hellip;]","og_url":"https:\/\/mont-roig.cat\/es\/annabel-garcia-echevarria\/","og_site_name":"Ajuntament de Mont-roig del Camp","article_modified_time":"2026-03-03T09:03:33+00:00","og_image":[{"width":1200,"height":600,"url":"https:\/\/mont-roig.cat\/wp-content\/uploads\/aj-mont-roig-2.jpg","type":"image\/jpeg"}],"twitter_card":"summary_large_image","twitter_misc":{"Tiempo de lectura":"2 minutos"},"schema":{"@context":"https:\/\/schema.org","@graph":[{"@type":"WebPage","@id":"https:\/\/mont-roig.cat\/es\/annabel-garcia-echevarria\/","url":"https:\/\/mont-roig.cat\/es\/annabel-garcia-echevarria\/","name":"Annabel Garcia Echevarria - Ajuntament de Mont-roig del Camp","isPartOf":{"@id":"https:\/\/mont-roig.cat\/es\/#website"},"primaryImageOfPage":{"@id":"https:\/\/mont-roig.cat\/es\/annabel-garcia-echevarria\/#primaryimage"},"image":{"@id":"https:\/\/mont-roig.cat\/es\/annabel-garcia-echevarria\/#primaryimage"},"thumbnailUrl":"https:\/\/mont-roig.cat\/wp-content\/uploads\/Annabel-Garcia-500x500.jpg","datePublished":"2016-05-10T07:10:37+00:00","dateModified":"2026-03-03T09:03:33+00:00","breadcrumb":{"@id":"https:\/\/mont-roig.cat\/es\/annabel-garcia-echevarria\/#breadcrumb"},"inLanguage":"es","potentialAction":[{"@type":"ReadAction","target":["https:\/\/mont-roig.cat\/es\/annabel-garcia-echevarria\/"]}]},{"@type":"ImageObject","inLanguage":"es","@id":"https:\/\/mont-roig.cat\/es\/annabel-garcia-echevarria\/#primaryimage","url":"https:\/\/mont-roig.cat\/wp-content\/uploads\/Annabel-Garcia-500x500.jpg","contentUrl":"https:\/\/mont-roig.cat\/wp-content\/uploads\/Annabel-Garcia-500x500.jpg"},{"@type":"BreadcrumbList","@id":"https:\/\/mont-roig.cat\/es\/annabel-garcia-echevarria\/#breadcrumb","itemListElement":[{"@type":"ListItem","position":1,"name":"Inici","item":"https:\/\/mont-roig.cat\/es\/pagina-de-inicio\/"},{"@type":"ListItem","position":2,"name":"Annabel Garcia Echevarria"}]},{"@type":"WebSite","@id":"https:\/\/mont-roig.cat\/es\/#website","url":"https:\/\/mont-roig.cat\/es\/","name":"Ajuntament de Mont-roig del Camp","description":"Tota la informaci\u00f3 sobre la instituci\u00f3, els seus \u00f2rgans de govern, actualitat, serveis i molt m\u00e9s.","potentialAction":[{"@type":"SearchAction","target":{"@type":"EntryPoint","urlTemplate":"https:\/\/mont-roig.cat\/es\/?s={search_term_string}"},"query-input":{"@type":"PropertyValueSpecification","valueRequired":true,"valueName":"search_term_string"}}],"inLanguage":"es"}]}},"_links":{"self":[{"href":"https:\/\/mont-roig.cat\/es\/wp-json\/wp\/v2\/pages\/11027","targetHints":{"allow":["GET"]}}],"collection":[{"href":"https:\/\/mont-roig.cat\/es\/wp-json\/wp\/v2\/pages"}],"about":[{"href":"https:\/\/mont-roig.cat\/es\/wp-json\/wp\/v2\/types\/page"}],"author":[{"embeddable":true,"href":"https:\/\/mont-roig.cat\/es\/wp-json\/wp\/v2\/users\/4"}],"replies":[{"embeddable":true,"href":"https:\/\/mont-roig.cat\/es\/wp-json\/wp\/v2\/comments?post=11027"}],"version-history":[{"count":8,"href":"https:\/\/mont-roig.cat\/es\/wp-json\/wp\/v2\/pages\/11027\/revisions"}],"predecessor-version":[{"id":89712,"href":"https:\/\/mont-roig.cat\/es\/wp-json\/wp\/v2\/pages\/11027\/revisions\/89712"}],"wp:attachment":[{"href":"https:\/\/mont-roig.cat\/es\/wp-json\/wp\/v2\/media?parent=11027"}],"curies":[{"name":"wp","href":"https:\/\/api.w.org\/{rel}","templated":true}]}}