{"id":11236,"date":"2016-05-24T12:23:41","date_gmt":"2016-05-24T10:23:41","guid":{"rendered":"http:\/\/mont-roig.cat\/es\/?page_id=11236"},"modified":"2024-02-09T13:20:18","modified_gmt":"2024-02-09T12:20:18","slug":"agenda-entidades","status":"publish","type":"page","link":"https:\/\/mont-roig.cat\/es\/actualidad\/agenda-entidades\/","title":{"rendered":"Agenda entidades"},"content":{"rendered":"<div class=\"wpb-content-wrapper\">[vc_row][vc_column][vc_column_text]\n<h4><strong>\u00a1Consulta las actividades que organizan las entidades del municipio y participa!<\/strong><\/h4>\n<p>El Ayuntamiento difunde a trav\u00e9s de <a href=\"https:\/\/www.facebook.com\/ajuntamentmontroig\/\" target=\"_blank\" rel=\"noopener\">Facebook<\/a> las actividades que organizan las entidades y asociaciones locales. Por ello, si formas parte de una entidad o asociaci\u00f3n de Mont-roig, Miami Platja o alguna de sus urbanizaciones y quieres que te ayudemos a dar a conocer tus actividades env\u00edanos tu programaci\u00f3n o carteler\u00eda a <strong>comunicacio@mont-roig.cat.<\/strong> Especificando, por favor, d\u00eda, hora y lugar donde se realizar\u00e1 el acto.<\/p>\n<h4>Directorio entidades<\/h4>\n<p>Mont-roig del Camp cuenta con un tejido asociativo amplio y variado, formado por unas ochenta asociaciones y entidades dedicadas a fomentar el deporte, la cultura, la educaci\u00f3n, el comercio o el ocio, entre otros.<\/p>\n<p>Desde la p\u00e1gina de <a href=\"https:\/\/mont-roig.cat\/es\/govern-obert\/transparencia\/entidades-ciudadanas\/\" target=\"_blank\" rel=\"noopener\">entidades ciudadanas<\/a> se puede consultar el Reglamento y el Registro de las entidades y asociaciones del municipio de Mont-roig del Camp.[\/vc_column_text][\/vc_column][\/vc_row][vc_row][vc_column width=&#8221;1\/4&#8243;][\/vc_column][vc_column width=&#8221;1\/4&#8243;][\/vc_column][\/vc_row]\n<\/div>","protected":false},"excerpt":{"rendered":"<p>[vc_row][vc_column][vc_column_text] \u00a1Consulta las actividades que organizan las entidades del municipio y participa! El Ayuntamiento difunde a trav\u00e9s de Facebook las actividades que organizan las entidades y asociaciones locales. Por ello, si formas parte de una entidad o asociaci\u00f3n de Mont-roig, Miami Platja o alguna de sus urbanizaciones y quieres que te ayudemos a dar a [&hellip;]<\/p>\n","protected":false},"author":4,"featured_media":0,"parent":7666,"menu_order":0,"comment_status":"closed","ping_status":"closed","template":"","meta":{"inline_featured_image":false,"_monsterinsights_skip_tracking":false,"_monsterinsights_sitenote_active":false,"_monsterinsights_sitenote_note":"","_monsterinsights_sitenote_category":0,"footnotes":""},"class_list":["post-11236","page","type-page","status-publish","hentry"],"yoast_head":"<!-- This site is optimized with the Yoast SEO plugin v27.4 - https:\/\/yoast.com\/product\/yoast-seo-wordpress\/ -->\n<title>Agenda entidades - Ajuntament de Mont-roig del Camp<\/title>\n<meta name=\"robots\" content=\"index, follow, max-snippet:-1, max-image-preview:large, max-video-preview:-1\" \/>\n<link rel=\"canonical\" href=\"https:\/\/mont-roig.cat\/es\/actualidad\/agenda-entidades\/\" \/>\n<meta property=\"og:locale\" content=\"es_ES\" \/>\n<meta property=\"og:type\" content=\"article\" \/>\n<meta property=\"og:title\" content=\"Agenda entidades - Ajuntament de Mont-roig del Camp\" \/>\n<meta property=\"og:description\" content=\"[vc_row][vc_column][vc_column_text] \u00a1Consulta las actividades que organizan las entidades del municipio y participa! El Ayuntamiento difunde a trav\u00e9s de Facebook las actividades que organizan las entidades y asociaciones locales. Por ello, si formas parte de una entidad o asociaci\u00f3n de Mont-roig, Miami Platja o alguna de sus urbanizaciones y quieres que te ayudemos a dar a [&hellip;]\" \/>\n<meta property=\"og:url\" content=\"https:\/\/mont-roig.cat\/es\/actualidad\/agenda-entidades\/\" \/>\n<meta property=\"og:site_name\" content=\"Ajuntament de Mont-roig del Camp\" \/>\n<meta property=\"article:modified_time\" content=\"2024-02-09T12:20:18+00:00\" \/>\n<meta property=\"og:image\" content=\"https:\/\/mont-roig.cat\/wp-content\/uploads\/aj-mont-roig-2.jpg\" \/>\n\t<meta property=\"og:image:width\" content=\"1200\" \/>\n\t<meta property=\"og:image:height\" content=\"600\" \/>\n\t<meta property=\"og:image:type\" content=\"image\/jpeg\" \/>\n<meta name=\"twitter:card\" content=\"summary_large_image\" \/>\n<meta name=\"twitter:label1\" content=\"Tiempo de lectura\" \/>\n\t<meta name=\"twitter:data1\" content=\"1 minuto\" \/>\n<script type=\"application\/ld+json\" class=\"yoast-schema-graph\">{\"@context\":\"https:\\\/\\\/schema.org\",\"@graph\":[{\"@type\":\"WebPage\",\"@id\":\"https:\\\/\\\/mont-roig.cat\\\/es\\\/actualidad\\\/agenda-entidades\\\/\",\"url\":\"https:\\\/\\\/mont-roig.cat\\\/es\\\/actualidad\\\/agenda-entidades\\\/\",\"name\":\"Agenda entidades - Ajuntament de Mont-roig del Camp\",\"isPartOf\":{\"@id\":\"https:\\\/\\\/mont-roig.cat\\\/es\\\/#website\"},\"datePublished\":\"2016-05-24T10:23:41+00:00\",\"dateModified\":\"2024-02-09T12:20:18+00:00\",\"breadcrumb\":{\"@id\":\"https:\\\/\\\/mont-roig.cat\\\/es\\\/actualidad\\\/agenda-entidades\\\/#breadcrumb\"},\"inLanguage\":\"es\",\"potentialAction\":[{\"@type\":\"ReadAction\",\"target\":[\"https:\\\/\\\/mont-roig.cat\\\/es\\\/actualidad\\\/agenda-entidades\\\/\"]}]},{\"@type\":\"BreadcrumbList\",\"@id\":\"https:\\\/\\\/mont-roig.cat\\\/es\\\/actualidad\\\/agenda-entidades\\\/#breadcrumb\",\"itemListElement\":[{\"@type\":\"ListItem\",\"position\":1,\"name\":\"Inici\",\"item\":\"https:\\\/\\\/mont-roig.cat\\\/es\\\/pagina-de-inicio\\\/\"},{\"@type\":\"ListItem\",\"position\":2,\"name\":\"Actualidad\",\"item\":\"https:\\\/\\\/mont-roig.cat\\\/es\\\/actualidad\\\/\"},{\"@type\":\"ListItem\",\"position\":3,\"name\":\"Agenda entidades\"}]},{\"@type\":\"WebSite\",\"@id\":\"https:\\\/\\\/mont-roig.cat\\\/es\\\/#website\",\"url\":\"https:\\\/\\\/mont-roig.cat\\\/es\\\/\",\"name\":\"Ajuntament de Mont-roig del Camp\",\"description\":\"Tota la informaci\u00f3 sobre la instituci\u00f3, els seus \u00f2rgans de govern, actualitat, serveis i molt m\u00e9s.\",\"potentialAction\":[{\"@type\":\"SearchAction\",\"target\":{\"@type\":\"EntryPoint\",\"urlTemplate\":\"https:\\\/\\\/mont-roig.cat\\\/es\\\/?s={search_term_string}\"},\"query-input\":{\"@type\":\"PropertyValueSpecification\",\"valueRequired\":true,\"valueName\":\"search_term_string\"}}],\"inLanguage\":\"es\"}]}<\/script>\n<!-- \/ Yoast SEO plugin. -->","yoast_head_json":{"title":"Agenda entidades - Ajuntament de Mont-roig del Camp","robots":{"index":"index","follow":"follow","max-snippet":"max-snippet:-1","max-image-preview":"max-image-preview:large","max-video-preview":"max-video-preview:-1"},"canonical":"https:\/\/mont-roig.cat\/es\/actualidad\/agenda-entidades\/","og_locale":"es_ES","og_type":"article","og_title":"Agenda entidades - Ajuntament de Mont-roig del Camp","og_description":"[vc_row][vc_column][vc_column_text] \u00a1Consulta las actividades que organizan las entidades del municipio y participa! El Ayuntamiento difunde a trav\u00e9s de Facebook las actividades que organizan las entidades y asociaciones locales. Por ello, si formas parte de una entidad o asociaci\u00f3n de Mont-roig, Miami Platja o alguna de sus urbanizaciones y quieres que te ayudemos a dar a [&hellip;]","og_url":"https:\/\/mont-roig.cat\/es\/actualidad\/agenda-entidades\/","og_site_name":"Ajuntament de Mont-roig del Camp","article_modified_time":"2024-02-09T12:20:18+00:00","og_image":[{"width":1200,"height":600,"url":"https:\/\/mont-roig.cat\/wp-content\/uploads\/aj-mont-roig-2.jpg","type":"image\/jpeg"}],"twitter_card":"summary_large_image","twitter_misc":{"Tiempo de lectura":"1 minuto"},"schema":{"@context":"https:\/\/schema.org","@graph":[{"@type":"WebPage","@id":"https:\/\/mont-roig.cat\/es\/actualidad\/agenda-entidades\/","url":"https:\/\/mont-roig.cat\/es\/actualidad\/agenda-entidades\/","name":"Agenda entidades - Ajuntament de Mont-roig del Camp","isPartOf":{"@id":"https:\/\/mont-roig.cat\/es\/#website"},"datePublished":"2016-05-24T10:23:41+00:00","dateModified":"2024-02-09T12:20:18+00:00","breadcrumb":{"@id":"https:\/\/mont-roig.cat\/es\/actualidad\/agenda-entidades\/#breadcrumb"},"inLanguage":"es","potentialAction":[{"@type":"ReadAction","target":["https:\/\/mont-roig.cat\/es\/actualidad\/agenda-entidades\/"]}]},{"@type":"BreadcrumbList","@id":"https:\/\/mont-roig.cat\/es\/actualidad\/agenda-entidades\/#breadcrumb","itemListElement":[{"@type":"ListItem","position":1,"name":"Inici","item":"https:\/\/mont-roig.cat\/es\/pagina-de-inicio\/"},{"@type":"ListItem","position":2,"name":"Actualidad","item":"https:\/\/mont-roig.cat\/es\/actualidad\/"},{"@type":"ListItem","position":3,"name":"Agenda entidades"}]},{"@type":"WebSite","@id":"https:\/\/mont-roig.cat\/es\/#website","url":"https:\/\/mont-roig.cat\/es\/","name":"Ajuntament de Mont-roig del Camp","description":"Tota la informaci\u00f3 sobre la instituci\u00f3, els seus \u00f2rgans de govern, actualitat, serveis i molt m\u00e9s.","potentialAction":[{"@type":"SearchAction","target":{"@type":"EntryPoint","urlTemplate":"https:\/\/mont-roig.cat\/es\/?s={search_term_string}"},"query-input":{"@type":"PropertyValueSpecification","valueRequired":true,"valueName":"search_term_string"}}],"inLanguage":"es"}]}},"_links":{"self":[{"href":"https:\/\/mont-roig.cat\/es\/wp-json\/wp\/v2\/pages\/11236","targetHints":{"allow":["GET"]}}],"collection":[{"href":"https:\/\/mont-roig.cat\/es\/wp-json\/wp\/v2\/pages"}],"about":[{"href":"https:\/\/mont-roig.cat\/es\/wp-json\/wp\/v2\/types\/page"}],"author":[{"embeddable":true,"href":"https:\/\/mont-roig.cat\/es\/wp-json\/wp\/v2\/users\/4"}],"replies":[{"embeddable":true,"href":"https:\/\/mont-roig.cat\/es\/wp-json\/wp\/v2\/comments?post=11236"}],"version-history":[{"count":4,"href":"https:\/\/mont-roig.cat\/es\/wp-json\/wp\/v2\/pages\/11236\/revisions"}],"predecessor-version":[{"id":74951,"href":"https:\/\/mont-roig.cat\/es\/wp-json\/wp\/v2\/pages\/11236\/revisions\/74951"}],"up":[{"embeddable":true,"href":"https:\/\/mont-roig.cat\/es\/wp-json\/wp\/v2\/pages\/7666"}],"wp:attachment":[{"href":"https:\/\/mont-roig.cat\/es\/wp-json\/wp\/v2\/media?parent=11236"}],"curies":[{"name":"wp","href":"https:\/\/api.w.org\/{rel}","templated":true}]}}