{"id":11251,"date":"2016-05-24T13:28:12","date_gmt":"2016-05-24T11:28:12","guid":{"rendered":"http:\/\/mont-roig.cat\/es\/?page_id=11251"},"modified":"2018-01-29T11:25:08","modified_gmt":"2018-01-29T10:25:08","slug":"videos","status":"publish","type":"page","link":"https:\/\/mont-roig.cat\/es\/actualidad\/videos\/","title":{"rendered":"Videos"},"content":{"rendered":"<div class=\"wpb-content-wrapper\">[vc_row][vc_column][vc_separator][vc_column_text]\n<h4><a href=\"http:\/\/canalreustv.xiptv.cat\/mont-roig-al-dia\/modetv\" target=\"_blank\" rel=\"noopener\"><img loading=\"lazy\" decoding=\"async\" class=\"alignleft wp-image-10652\" src=\"http:\/\/mont-roig.cat\/wp-content\/uploads\/Frame-programa-Canal-Reus-TV-Mont-roig-al-dia-500x281.jpg\" alt=\"Frame programa Canal Reus TV Mont-roig al dia\" width=\"201\" height=\"113\" srcset=\"https:\/\/mont-roig.cat\/wp-content\/uploads\/Frame-programa-Canal-Reus-TV-Mont-roig-al-dia-500x281.jpg 500w, https:\/\/mont-roig.cat\/wp-content\/uploads\/Frame-programa-Canal-Reus-TV-Mont-roig-al-dia-768x432.jpg 768w, https:\/\/mont-roig.cat\/wp-content\/uploads\/Frame-programa-Canal-Reus-TV-Mont-roig-al-dia-1024x576.jpg 1024w, https:\/\/mont-roig.cat\/wp-content\/uploads\/Frame-programa-Canal-Reus-TV-Mont-roig-al-dia.jpg 1920w\" sizes=\"auto, (max-width: 201px) 100vw, 201px\" \/><\/a>Mont-roig al dia<\/h4>\n<p>Canal Reus Tv realiza un programa de actualidad sobre Mont-roig del Camp, que se emite el \u00faltimo mi\u00e9rcoles de cada mes. El magazine incluye entrevistas, reportajes y recopilaci\u00f3n de algunas de las noticias m\u00e1s destacadas del municipio.[\/vc_column_text][vc_btn title=&#8221;Mont-roig al dia&#8221; style=&#8221;custom&#8221; custom_background=&#8221;#95243c&#8221; custom_text=&#8221;#ffffff&#8221; align=&#8221;center&#8221; link=&#8221;url:http%3A%2F%2Fcanalreustv.xiptv.cat%2Fmont-roig-al-dia%2Fmodetv|title:Visualitza%20tots%20els%20programes%20emesos%20|target:%20_blank&#8221;][\/vc_column][\/vc_row][vc_row][vc_column][vc_separator][\/vc_column][\/vc_row][vc_row][vc_column][vc_column_text]\n<h4>V<a href=\"https:\/\/www.youtube.com\/watch?v=AjXVL6DsDz0\" target=\"_blank\" rel=\"noopener\"><img loading=\"lazy\" decoding=\"async\" class=\"alignleft wp-image-9948\" src=\"http:\/\/mont-roig.cat\/wp-content\/uploads\/logo-turisme-48x30-500x312.jpg\" alt=\"Mont-roig Miami Turisme\" width=\"200\" height=\"125\" srcset=\"https:\/\/mont-roig.cat\/wp-content\/uploads\/logo-turisme-48x30-500x312.jpg 500w, https:\/\/mont-roig.cat\/wp-content\/uploads\/logo-turisme-48x30-768x480.jpg 768w, https:\/\/mont-roig.cat\/wp-content\/uploads\/logo-turisme-48x30-1024x640.jpg 1024w\" sizes=\"auto, (max-width: 200px) 100vw, 200px\" \/><\/a>\u00eddeos promocionales Mont-roig Miami Turisme<\/h4>\n<p>Este es el \u00faltimo v\u00eddeo promocional del municipio pero tenemos muchos m\u00e1s. Con una belleza a\u00fan por descubrir, os\u00a0sorprender\u00e9is por la singularidad de nuestras calas y playas, pero tambi\u00e9n por nuestra gastronom\u00eda, tradiciones, patrimonio y todas las actividades deportivas y culturales que\u00a0encontrareis a vuestro\u00a0alcance. Descubridlo a trav\u00e9s del\u00a0<a href=\"https:\/\/www.youtube.com\/channel\/UCwBN0xuE-WeJliIz0C7lhZw\" target=\"_blank\" rel=\"noopener\">Canal Youtube de Turismo.<\/a>[\/vc_column_text][vc_btn title=&#8221;Hello! Come &amp; enjoy!&#8221; style=&#8221;custom&#8221; custom_background=&#8221;#95243c&#8221; custom_text=&#8221;#ffffff&#8221; align=&#8221;center&#8221; link=&#8221;url:https%3A%2F%2Fwww.youtube.com%2Fwatch%3Fv%3DAjXVL6DsDz0|title:Video%20promocional%20del%20municipi|target:%20_blank&#8221;][\/vc_column][\/vc_row][vc_row][vc_column][vc_separator][\/vc_column][\/vc_row][vc_row][vc_column][vc_column_text]\n<h4><strong><a href=\"https:\/\/www.youtube.com\/watch?v=H6tBQOJI8JQ\"><img loading=\"lazy\" decoding=\"async\" class=\"alignleft wp-image-24330\" src=\"http:\/\/mont-roig.cat\/wp-content\/uploads\/Gala-Esport-imatge.jpg\" alt=\"\" width=\"201\" height=\"131\" srcset=\"https:\/\/mont-roig.cat\/wp-content\/uploads\/Gala-Esport-imatge.jpg 1920w, https:\/\/mont-roig.cat\/wp-content\/uploads\/Gala-Esport-imatge-500x326.jpg 500w, https:\/\/mont-roig.cat\/wp-content\/uploads\/Gala-Esport-imatge-768x500.jpg 768w, https:\/\/mont-roig.cat\/wp-content\/uploads\/Gala-Esport-imatge-1024x667.jpg 1024w\" sizes=\"auto, (max-width: 201px) 100vw, 201px\" \/><\/a><\/strong>Gala de l&#8217;Esport Mont-roig\u00a0 Miami Platja 2018<\/h4>\n<p>Reconocimiento a los clubes, entidades y deportistas locales que fomentan el deporte en el municipio.<\/p>\n[\/vc_column_text][vc_btn title=&#8221;Gala de l&#8217;Esport 2018&#8243; style=&#8221;custom&#8221; custom_background=&#8221;#95243c&#8221; custom_text=&#8221;#ffffff&#8221; align=&#8221;center&#8221; link=&#8221;url:https%3A%2F%2Fwww.youtube.com%2Fwatch%3Fv%3DH6tBQOJI8JQ|title:V%C3%ADdeo%20Gala%20de%20l&#8217;Esport%202018|target:%20_blank|&#8221;][\/vc_column][\/vc_row]\n<\/div>","protected":false},"excerpt":{"rendered":"<p>[vc_row][vc_column][vc_separator][vc_column_text] Mont-roig al dia Canal Reus Tv realiza un programa de actualidad sobre Mont-roig del Camp, que se emite el \u00faltimo mi\u00e9rcoles de cada mes. El magazine incluye entrevistas, reportajes y recopilaci\u00f3n de algunas de las noticias m\u00e1s destacadas del municipio.[\/vc_column_text][vc_btn title=&#8221;Mont-roig al dia&#8221; style=&#8221;custom&#8221; custom_background=&#8221;#95243c&#8221; custom_text=&#8221;#ffffff&#8221; align=&#8221;center&#8221; link=&#8221;url:http%3A%2F%2Fcanalreustv.xiptv.cat%2Fmont-roig-al-dia%2Fmodetv|title:Visualitza%20tots%20els%20programes%20emesos%20|target:%20_blank&#8221;][\/vc_column][\/vc_row][vc_row][vc_column][vc_separator][\/vc_column][\/vc_row][vc_row][vc_column][vc_column_text] V\u00eddeos promocionales Mont-roig Miami Turisme Este [&hellip;]<\/p>\n","protected":false},"author":4,"featured_media":0,"parent":7666,"menu_order":0,"comment_status":"closed","ping_status":"closed","template":"","meta":{"inline_featured_image":false,"_monsterinsights_skip_tracking":false,"_monsterinsights_sitenote_active":false,"_monsterinsights_sitenote_note":"","_monsterinsights_sitenote_category":0,"footnotes":""},"class_list":["post-11251","page","type-page","status-publish","hentry"],"yoast_head":"<!-- This site is optimized with the Yoast SEO plugin v27.4 - https:\/\/yoast.com\/product\/yoast-seo-wordpress\/ -->\n<title>Videos - Ajuntament de Mont-roig del Camp<\/title>\n<meta name=\"robots\" content=\"index, follow, max-snippet:-1, max-image-preview:large, max-video-preview:-1\" \/>\n<link rel=\"canonical\" href=\"https:\/\/mont-roig.cat\/es\/actualidad\/videos\/\" \/>\n<meta property=\"og:locale\" content=\"es_ES\" \/>\n<meta property=\"og:type\" content=\"article\" \/>\n<meta property=\"og:title\" content=\"Videos - Ajuntament de Mont-roig del Camp\" \/>\n<meta property=\"og:description\" content=\"[vc_row][vc_column][vc_separator][vc_column_text] Mont-roig al dia Canal Reus Tv realiza un programa de actualidad sobre Mont-roig del Camp, que se emite el \u00faltimo mi\u00e9rcoles de cada mes. El magazine incluye entrevistas, reportajes y recopilaci\u00f3n de algunas de las noticias m\u00e1s destacadas del municipio.[\/vc_column_text][vc_btn title=&#8221;Mont-roig al dia&#8221; style=&#8221;custom&#8221; custom_background=&#8221;#95243c&#8221; custom_text=&#8221;#ffffff&#8221; align=&#8221;center&#8221; link=&#8221;url:http%3A%2F%2Fcanalreustv.xiptv.cat%2Fmont-roig-al-dia%2Fmodetv|title:Visualitza%20tots%20els%20programes%20emesos%20|target:%20_blank&#8221;][\/vc_column][\/vc_row][vc_row][vc_column][vc_separator][\/vc_column][\/vc_row][vc_row][vc_column][vc_column_text] V\u00eddeos promocionales Mont-roig Miami Turisme Este [&hellip;]\" \/>\n<meta property=\"og:url\" content=\"https:\/\/mont-roig.cat\/es\/actualidad\/videos\/\" \/>\n<meta property=\"og:site_name\" content=\"Ajuntament de Mont-roig del Camp\" \/>\n<meta property=\"article:modified_time\" content=\"2018-01-29T10:25:08+00:00\" \/>\n<meta property=\"og:image\" content=\"http:\/\/mont-roig.cat\/wp-content\/uploads\/Frame-programa-Canal-Reus-TV-Mont-roig-al-dia-500x281.jpg\" \/>\n<meta name=\"twitter:card\" content=\"summary_large_image\" \/>\n<meta name=\"twitter:label1\" content=\"Tiempo de lectura\" \/>\n\t<meta name=\"twitter:data1\" content=\"2 minutos\" \/>\n<script type=\"application\/ld+json\" class=\"yoast-schema-graph\">{\"@context\":\"https:\\\/\\\/schema.org\",\"@graph\":[{\"@type\":\"WebPage\",\"@id\":\"https:\\\/\\\/mont-roig.cat\\\/es\\\/actualidad\\\/videos\\\/\",\"url\":\"https:\\\/\\\/mont-roig.cat\\\/es\\\/actualidad\\\/videos\\\/\",\"name\":\"Videos - Ajuntament de Mont-roig del Camp\",\"isPartOf\":{\"@id\":\"https:\\\/\\\/mont-roig.cat\\\/es\\\/#website\"},\"primaryImageOfPage\":{\"@id\":\"https:\\\/\\\/mont-roig.cat\\\/es\\\/actualidad\\\/videos\\\/#primaryimage\"},\"image\":{\"@id\":\"https:\\\/\\\/mont-roig.cat\\\/es\\\/actualidad\\\/videos\\\/#primaryimage\"},\"thumbnailUrl\":\"http:\\\/\\\/mont-roig.cat\\\/wp-content\\\/uploads\\\/Frame-programa-Canal-Reus-TV-Mont-roig-al-dia-500x281.jpg\",\"datePublished\":\"2016-05-24T11:28:12+00:00\",\"dateModified\":\"2018-01-29T10:25:08+00:00\",\"breadcrumb\":{\"@id\":\"https:\\\/\\\/mont-roig.cat\\\/es\\\/actualidad\\\/videos\\\/#breadcrumb\"},\"inLanguage\":\"es\",\"potentialAction\":[{\"@type\":\"ReadAction\",\"target\":[\"https:\\\/\\\/mont-roig.cat\\\/es\\\/actualidad\\\/videos\\\/\"]}]},{\"@type\":\"ImageObject\",\"inLanguage\":\"es\",\"@id\":\"https:\\\/\\\/mont-roig.cat\\\/es\\\/actualidad\\\/videos\\\/#primaryimage\",\"url\":\"http:\\\/\\\/mont-roig.cat\\\/wp-content\\\/uploads\\\/Frame-programa-Canal-Reus-TV-Mont-roig-al-dia-500x281.jpg\",\"contentUrl\":\"http:\\\/\\\/mont-roig.cat\\\/wp-content\\\/uploads\\\/Frame-programa-Canal-Reus-TV-Mont-roig-al-dia-500x281.jpg\"},{\"@type\":\"BreadcrumbList\",\"@id\":\"https:\\\/\\\/mont-roig.cat\\\/es\\\/actualidad\\\/videos\\\/#breadcrumb\",\"itemListElement\":[{\"@type\":\"ListItem\",\"position\":1,\"name\":\"Inici\",\"item\":\"https:\\\/\\\/mont-roig.cat\\\/es\\\/pagina-de-inicio\\\/\"},{\"@type\":\"ListItem\",\"position\":2,\"name\":\"Actualidad\",\"item\":\"https:\\\/\\\/mont-roig.cat\\\/es\\\/actualidad\\\/\"},{\"@type\":\"ListItem\",\"position\":3,\"name\":\"Videos\"}]},{\"@type\":\"WebSite\",\"@id\":\"https:\\\/\\\/mont-roig.cat\\\/es\\\/#website\",\"url\":\"https:\\\/\\\/mont-roig.cat\\\/es\\\/\",\"name\":\"Ajuntament de Mont-roig del Camp\",\"description\":\"Tota la informaci\u00f3 sobre la instituci\u00f3, els seus \u00f2rgans de govern, actualitat, serveis i molt m\u00e9s.\",\"potentialAction\":[{\"@type\":\"SearchAction\",\"target\":{\"@type\":\"EntryPoint\",\"urlTemplate\":\"https:\\\/\\\/mont-roig.cat\\\/es\\\/?s={search_term_string}\"},\"query-input\":{\"@type\":\"PropertyValueSpecification\",\"valueRequired\":true,\"valueName\":\"search_term_string\"}}],\"inLanguage\":\"es\"}]}<\/script>\n<!-- \/ Yoast SEO plugin. -->","yoast_head_json":{"title":"Videos - Ajuntament de Mont-roig del Camp","robots":{"index":"index","follow":"follow","max-snippet":"max-snippet:-1","max-image-preview":"max-image-preview:large","max-video-preview":"max-video-preview:-1"},"canonical":"https:\/\/mont-roig.cat\/es\/actualidad\/videos\/","og_locale":"es_ES","og_type":"article","og_title":"Videos - Ajuntament de Mont-roig del Camp","og_description":"[vc_row][vc_column][vc_separator][vc_column_text] Mont-roig al dia Canal Reus Tv realiza un programa de actualidad sobre Mont-roig del Camp, que se emite el \u00faltimo mi\u00e9rcoles de cada mes. El magazine incluye entrevistas, reportajes y recopilaci\u00f3n de algunas de las noticias m\u00e1s destacadas del municipio.[\/vc_column_text][vc_btn title=&#8221;Mont-roig al dia&#8221; style=&#8221;custom&#8221; custom_background=&#8221;#95243c&#8221; custom_text=&#8221;#ffffff&#8221; align=&#8221;center&#8221; link=&#8221;url:http%3A%2F%2Fcanalreustv.xiptv.cat%2Fmont-roig-al-dia%2Fmodetv|title:Visualitza%20tots%20els%20programes%20emesos%20|target:%20_blank&#8221;][\/vc_column][\/vc_row][vc_row][vc_column][vc_separator][\/vc_column][\/vc_row][vc_row][vc_column][vc_column_text] V\u00eddeos promocionales Mont-roig Miami Turisme Este [&hellip;]","og_url":"https:\/\/mont-roig.cat\/es\/actualidad\/videos\/","og_site_name":"Ajuntament de Mont-roig del Camp","article_modified_time":"2018-01-29T10:25:08+00:00","og_image":[{"url":"http:\/\/mont-roig.cat\/wp-content\/uploads\/Frame-programa-Canal-Reus-TV-Mont-roig-al-dia-500x281.jpg","type":"","width":"","height":""}],"twitter_card":"summary_large_image","twitter_misc":{"Tiempo de lectura":"2 minutos"},"schema":{"@context":"https:\/\/schema.org","@graph":[{"@type":"WebPage","@id":"https:\/\/mont-roig.cat\/es\/actualidad\/videos\/","url":"https:\/\/mont-roig.cat\/es\/actualidad\/videos\/","name":"Videos - Ajuntament de Mont-roig del Camp","isPartOf":{"@id":"https:\/\/mont-roig.cat\/es\/#website"},"primaryImageOfPage":{"@id":"https:\/\/mont-roig.cat\/es\/actualidad\/videos\/#primaryimage"},"image":{"@id":"https:\/\/mont-roig.cat\/es\/actualidad\/videos\/#primaryimage"},"thumbnailUrl":"http:\/\/mont-roig.cat\/wp-content\/uploads\/Frame-programa-Canal-Reus-TV-Mont-roig-al-dia-500x281.jpg","datePublished":"2016-05-24T11:28:12+00:00","dateModified":"2018-01-29T10:25:08+00:00","breadcrumb":{"@id":"https:\/\/mont-roig.cat\/es\/actualidad\/videos\/#breadcrumb"},"inLanguage":"es","potentialAction":[{"@type":"ReadAction","target":["https:\/\/mont-roig.cat\/es\/actualidad\/videos\/"]}]},{"@type":"ImageObject","inLanguage":"es","@id":"https:\/\/mont-roig.cat\/es\/actualidad\/videos\/#primaryimage","url":"http:\/\/mont-roig.cat\/wp-content\/uploads\/Frame-programa-Canal-Reus-TV-Mont-roig-al-dia-500x281.jpg","contentUrl":"http:\/\/mont-roig.cat\/wp-content\/uploads\/Frame-programa-Canal-Reus-TV-Mont-roig-al-dia-500x281.jpg"},{"@type":"BreadcrumbList","@id":"https:\/\/mont-roig.cat\/es\/actualidad\/videos\/#breadcrumb","itemListElement":[{"@type":"ListItem","position":1,"name":"Inici","item":"https:\/\/mont-roig.cat\/es\/pagina-de-inicio\/"},{"@type":"ListItem","position":2,"name":"Actualidad","item":"https:\/\/mont-roig.cat\/es\/actualidad\/"},{"@type":"ListItem","position":3,"name":"Videos"}]},{"@type":"WebSite","@id":"https:\/\/mont-roig.cat\/es\/#website","url":"https:\/\/mont-roig.cat\/es\/","name":"Ajuntament de Mont-roig del Camp","description":"Tota la informaci\u00f3 sobre la instituci\u00f3, els seus \u00f2rgans de govern, actualitat, serveis i molt m\u00e9s.","potentialAction":[{"@type":"SearchAction","target":{"@type":"EntryPoint","urlTemplate":"https:\/\/mont-roig.cat\/es\/?s={search_term_string}"},"query-input":{"@type":"PropertyValueSpecification","valueRequired":true,"valueName":"search_term_string"}}],"inLanguage":"es"}]}},"_links":{"self":[{"href":"https:\/\/mont-roig.cat\/es\/wp-json\/wp\/v2\/pages\/11251","targetHints":{"allow":["GET"]}}],"collection":[{"href":"https:\/\/mont-roig.cat\/es\/wp-json\/wp\/v2\/pages"}],"about":[{"href":"https:\/\/mont-roig.cat\/es\/wp-json\/wp\/v2\/types\/page"}],"author":[{"embeddable":true,"href":"https:\/\/mont-roig.cat\/es\/wp-json\/wp\/v2\/users\/4"}],"replies":[{"embeddable":true,"href":"https:\/\/mont-roig.cat\/es\/wp-json\/wp\/v2\/comments?post=11251"}],"version-history":[{"count":4,"href":"https:\/\/mont-roig.cat\/es\/wp-json\/wp\/v2\/pages\/11251\/revisions"}],"predecessor-version":[{"id":24336,"href":"https:\/\/mont-roig.cat\/es\/wp-json\/wp\/v2\/pages\/11251\/revisions\/24336"}],"up":[{"embeddable":true,"href":"https:\/\/mont-roig.cat\/es\/wp-json\/wp\/v2\/pages\/7666"}],"wp:attachment":[{"href":"https:\/\/mont-roig.cat\/es\/wp-json\/wp\/v2\/media?parent=11251"}],"curies":[{"name":"wp","href":"https:\/\/api.w.org\/{rel}","templated":true}]}}