{"id":12386,"date":"2016-08-17T09:32:15","date_gmt":"2016-08-17T07:32:15","guid":{"rendered":"http:\/\/mont-roig.cat\/es\/?page_id=12386"},"modified":"2025-06-26T12:33:46","modified_gmt":"2025-06-26T10:33:46","slug":"convenios-colaboracion-y-cooperacion","status":"publish","type":"page","link":"https:\/\/mont-roig.cat\/es\/govern-obert\/transparencia\/convenios-colaboracion-y-cooperacion\/","title":{"rendered":"Convenios de colaboraci\u00f3n y cooperaci\u00f3n"},"content":{"rendered":"<div class=\"wpb-content-wrapper\">[vc_row][vc_column][vc_column_text css=&#8221;&#8221;]\n<p style=\"text-align: justify;\">Un convenio de colaboraci\u00f3n es un acuerdo de car\u00e1cter voluntario, formalizado por escrito, que genera obligaciones directas por las partes que los firman, estipuladas en t\u00e9rminos de igualdad. Las administraciones p\u00fablicas pueden subscribir convenios con otras administraciones p\u00fablicas y con los organismos y entidades dependientes o vinculantes a estas, en el \u00e1mbito de sus competencias, para conseguir hasta de inter\u00e9s com\u00fan. As\u00ed mismo, pueden subscribir convenios con las personas f\u00edsicas y jur\u00eddicas sujetas a derecho privado, los cuales se rigen por legislaci\u00f3n espec\u00edfica.<\/p>\n<p style=\"text-align: justify;\">Los convenios que afecten a terceras personas y que comporten una alteraci\u00f3n del ejercicio de las competencias de las administraciones, u otros organismos, solo son eficaces si, una vez firmados, son publicados \u00edntegramente en los diarios oficiales correspondientes de las administraciones implicadas. Por otro lado, cuando comporten el otorgamiento de una subvenci\u00f3n por parte de las administraciones p\u00fablicas, se tienen que ajustar a criterios de publicidad, concurrencia y objetividad.<\/p>\n<p style=\"text-align: justify;\">Pod\u00e9is consultar los convenios subscritos <a href=\"https:\/\/www.seu-e.cat\/es\/web\/mont-roigdelcamp\/govern-obert-i-transparencia\/contractes-convenis-i-subvencions\/convenis-i-subvencions\/convenis-de-col-laboracio\" target=\"_blank\" rel=\"noopener\">en este enlace<\/a>.<\/p>\n[\/vc_column_text][\/vc_column][\/vc_row]\n<\/div>","protected":false},"excerpt":{"rendered":"<p>[vc_row][vc_column][vc_column_text css=&#8221;&#8221;] Un convenio de colaboraci\u00f3n es un acuerdo de car\u00e1cter voluntario, formalizado por escrito, que genera obligaciones directas por las partes que los firman, estipuladas en t\u00e9rminos de igualdad. Las administraciones p\u00fablicas pueden subscribir convenios con otras administraciones p\u00fablicas y con los organismos y entidades dependientes o vinculantes a estas, en el \u00e1mbito de [&hellip;]<\/p>\n","protected":false},"author":4,"featured_media":0,"parent":4265,"menu_order":0,"comment_status":"closed","ping_status":"closed","template":"","meta":{"inline_featured_image":false,"_monsterinsights_skip_tracking":false,"_monsterinsights_sitenote_active":false,"_monsterinsights_sitenote_note":"","_monsterinsights_sitenote_category":0,"footnotes":""},"class_list":["post-12386","page","type-page","status-publish","hentry"],"yoast_head":"<!-- This site is optimized with the Yoast SEO plugin v27.4 - https:\/\/yoast.com\/product\/yoast-seo-wordpress\/ -->\n<title>Convenios de colaboraci\u00f3n y cooperaci\u00f3n - Ajuntament de Mont-roig del Camp<\/title>\n<meta name=\"robots\" content=\"index, follow, max-snippet:-1, max-image-preview:large, max-video-preview:-1\" \/>\n<link rel=\"canonical\" href=\"https:\/\/mont-roig.cat\/es\/govern-obert\/transparencia\/convenios-colaboracion-y-cooperacion\/\" \/>\n<meta property=\"og:locale\" content=\"es_ES\" \/>\n<meta property=\"og:type\" content=\"article\" \/>\n<meta property=\"og:title\" content=\"Convenios de colaboraci\u00f3n y cooperaci\u00f3n - Ajuntament de Mont-roig del Camp\" \/>\n<meta property=\"og:description\" content=\"[vc_row][vc_column][vc_column_text css=&#8221;&#8221;] Un convenio de colaboraci\u00f3n es un acuerdo de car\u00e1cter voluntario, formalizado por escrito, que genera obligaciones directas por las partes que los firman, estipuladas en t\u00e9rminos de igualdad. Las administraciones p\u00fablicas pueden subscribir convenios con otras administraciones p\u00fablicas y con los organismos y entidades dependientes o vinculantes a estas, en el \u00e1mbito de [&hellip;]\" \/>\n<meta property=\"og:url\" content=\"https:\/\/mont-roig.cat\/es\/govern-obert\/transparencia\/convenios-colaboracion-y-cooperacion\/\" \/>\n<meta property=\"og:site_name\" content=\"Ajuntament de Mont-roig del Camp\" \/>\n<meta property=\"article:modified_time\" content=\"2025-06-26T10:33:46+00:00\" \/>\n<meta property=\"og:image\" content=\"https:\/\/mont-roig.cat\/wp-content\/uploads\/aj-mont-roig-2.jpg\" \/>\n\t<meta property=\"og:image:width\" content=\"1200\" \/>\n\t<meta property=\"og:image:height\" content=\"600\" \/>\n\t<meta property=\"og:image:type\" content=\"image\/jpeg\" \/>\n<meta name=\"twitter:card\" content=\"summary_large_image\" \/>\n<meta name=\"twitter:label1\" content=\"Tiempo de lectura\" \/>\n\t<meta name=\"twitter:data1\" content=\"1 minuto\" \/>\n<script type=\"application\/ld+json\" class=\"yoast-schema-graph\">{\"@context\":\"https:\\\/\\\/schema.org\",\"@graph\":[{\"@type\":\"WebPage\",\"@id\":\"https:\\\/\\\/mont-roig.cat\\\/es\\\/govern-obert\\\/transparencia\\\/convenios-colaboracion-y-cooperacion\\\/\",\"url\":\"https:\\\/\\\/mont-roig.cat\\\/es\\\/govern-obert\\\/transparencia\\\/convenios-colaboracion-y-cooperacion\\\/\",\"name\":\"Convenios de colaboraci\u00f3n y cooperaci\u00f3n - Ajuntament de Mont-roig del Camp\",\"isPartOf\":{\"@id\":\"https:\\\/\\\/mont-roig.cat\\\/es\\\/#website\"},\"datePublished\":\"2016-08-17T07:32:15+00:00\",\"dateModified\":\"2025-06-26T10:33:46+00:00\",\"breadcrumb\":{\"@id\":\"https:\\\/\\\/mont-roig.cat\\\/es\\\/govern-obert\\\/transparencia\\\/convenios-colaboracion-y-cooperacion\\\/#breadcrumb\"},\"inLanguage\":\"es\",\"potentialAction\":[{\"@type\":\"ReadAction\",\"target\":[\"https:\\\/\\\/mont-roig.cat\\\/es\\\/govern-obert\\\/transparencia\\\/convenios-colaboracion-y-cooperacion\\\/\"]}]},{\"@type\":\"BreadcrumbList\",\"@id\":\"https:\\\/\\\/mont-roig.cat\\\/es\\\/govern-obert\\\/transparencia\\\/convenios-colaboracion-y-cooperacion\\\/#breadcrumb\",\"itemListElement\":[{\"@type\":\"ListItem\",\"position\":1,\"name\":\"Inici\",\"item\":\"https:\\\/\\\/mont-roig.cat\\\/es\\\/pagina-de-inicio\\\/\"},{\"@type\":\"ListItem\",\"position\":2,\"name\":\"Gobierno abierto\",\"item\":\"https:\\\/\\\/mont-roig.cat\\\/es\\\/govern-obert\\\/\"},{\"@type\":\"ListItem\",\"position\":3,\"name\":\"Transparencia\",\"item\":\"https:\\\/\\\/mont-roig.cat\\\/es\\\/govern-obert\\\/transparencia\\\/\"},{\"@type\":\"ListItem\",\"position\":4,\"name\":\"Convenios de colaboraci\u00f3n y cooperaci\u00f3n\"}]},{\"@type\":\"WebSite\",\"@id\":\"https:\\\/\\\/mont-roig.cat\\\/es\\\/#website\",\"url\":\"https:\\\/\\\/mont-roig.cat\\\/es\\\/\",\"name\":\"Ajuntament de Mont-roig del Camp\",\"description\":\"Tota la informaci\u00f3 sobre la instituci\u00f3, els seus \u00f2rgans de govern, actualitat, serveis i molt m\u00e9s.\",\"potentialAction\":[{\"@type\":\"SearchAction\",\"target\":{\"@type\":\"EntryPoint\",\"urlTemplate\":\"https:\\\/\\\/mont-roig.cat\\\/es\\\/?s={search_term_string}\"},\"query-input\":{\"@type\":\"PropertyValueSpecification\",\"valueRequired\":true,\"valueName\":\"search_term_string\"}}],\"inLanguage\":\"es\"}]}<\/script>\n<!-- \/ Yoast SEO plugin. -->","yoast_head_json":{"title":"Convenios de colaboraci\u00f3n y cooperaci\u00f3n - Ajuntament de Mont-roig del Camp","robots":{"index":"index","follow":"follow","max-snippet":"max-snippet:-1","max-image-preview":"max-image-preview:large","max-video-preview":"max-video-preview:-1"},"canonical":"https:\/\/mont-roig.cat\/es\/govern-obert\/transparencia\/convenios-colaboracion-y-cooperacion\/","og_locale":"es_ES","og_type":"article","og_title":"Convenios de colaboraci\u00f3n y cooperaci\u00f3n - Ajuntament de Mont-roig del Camp","og_description":"[vc_row][vc_column][vc_column_text css=&#8221;&#8221;] Un convenio de colaboraci\u00f3n es un acuerdo de car\u00e1cter voluntario, formalizado por escrito, que genera obligaciones directas por las partes que los firman, estipuladas en t\u00e9rminos de igualdad. Las administraciones p\u00fablicas pueden subscribir convenios con otras administraciones p\u00fablicas y con los organismos y entidades dependientes o vinculantes a estas, en el \u00e1mbito de [&hellip;]","og_url":"https:\/\/mont-roig.cat\/es\/govern-obert\/transparencia\/convenios-colaboracion-y-cooperacion\/","og_site_name":"Ajuntament de Mont-roig del Camp","article_modified_time":"2025-06-26T10:33:46+00:00","og_image":[{"width":1200,"height":600,"url":"https:\/\/mont-roig.cat\/wp-content\/uploads\/aj-mont-roig-2.jpg","type":"image\/jpeg"}],"twitter_card":"summary_large_image","twitter_misc":{"Tiempo de lectura":"1 minuto"},"schema":{"@context":"https:\/\/schema.org","@graph":[{"@type":"WebPage","@id":"https:\/\/mont-roig.cat\/es\/govern-obert\/transparencia\/convenios-colaboracion-y-cooperacion\/","url":"https:\/\/mont-roig.cat\/es\/govern-obert\/transparencia\/convenios-colaboracion-y-cooperacion\/","name":"Convenios de colaboraci\u00f3n y cooperaci\u00f3n - Ajuntament de Mont-roig del Camp","isPartOf":{"@id":"https:\/\/mont-roig.cat\/es\/#website"},"datePublished":"2016-08-17T07:32:15+00:00","dateModified":"2025-06-26T10:33:46+00:00","breadcrumb":{"@id":"https:\/\/mont-roig.cat\/es\/govern-obert\/transparencia\/convenios-colaboracion-y-cooperacion\/#breadcrumb"},"inLanguage":"es","potentialAction":[{"@type":"ReadAction","target":["https:\/\/mont-roig.cat\/es\/govern-obert\/transparencia\/convenios-colaboracion-y-cooperacion\/"]}]},{"@type":"BreadcrumbList","@id":"https:\/\/mont-roig.cat\/es\/govern-obert\/transparencia\/convenios-colaboracion-y-cooperacion\/#breadcrumb","itemListElement":[{"@type":"ListItem","position":1,"name":"Inici","item":"https:\/\/mont-roig.cat\/es\/pagina-de-inicio\/"},{"@type":"ListItem","position":2,"name":"Gobierno abierto","item":"https:\/\/mont-roig.cat\/es\/govern-obert\/"},{"@type":"ListItem","position":3,"name":"Transparencia","item":"https:\/\/mont-roig.cat\/es\/govern-obert\/transparencia\/"},{"@type":"ListItem","position":4,"name":"Convenios de colaboraci\u00f3n y cooperaci\u00f3n"}]},{"@type":"WebSite","@id":"https:\/\/mont-roig.cat\/es\/#website","url":"https:\/\/mont-roig.cat\/es\/","name":"Ajuntament de Mont-roig del Camp","description":"Tota la informaci\u00f3 sobre la instituci\u00f3, els seus \u00f2rgans de govern, actualitat, serveis i molt m\u00e9s.","potentialAction":[{"@type":"SearchAction","target":{"@type":"EntryPoint","urlTemplate":"https:\/\/mont-roig.cat\/es\/?s={search_term_string}"},"query-input":{"@type":"PropertyValueSpecification","valueRequired":true,"valueName":"search_term_string"}}],"inLanguage":"es"}]}},"_links":{"self":[{"href":"https:\/\/mont-roig.cat\/es\/wp-json\/wp\/v2\/pages\/12386","targetHints":{"allow":["GET"]}}],"collection":[{"href":"https:\/\/mont-roig.cat\/es\/wp-json\/wp\/v2\/pages"}],"about":[{"href":"https:\/\/mont-roig.cat\/es\/wp-json\/wp\/v2\/types\/page"}],"author":[{"embeddable":true,"href":"https:\/\/mont-roig.cat\/es\/wp-json\/wp\/v2\/users\/4"}],"replies":[{"embeddable":true,"href":"https:\/\/mont-roig.cat\/es\/wp-json\/wp\/v2\/comments?post=12386"}],"version-history":[{"count":41,"href":"https:\/\/mont-roig.cat\/es\/wp-json\/wp\/v2\/pages\/12386\/revisions"}],"predecessor-version":[{"id":84249,"href":"https:\/\/mont-roig.cat\/es\/wp-json\/wp\/v2\/pages\/12386\/revisions\/84249"}],"up":[{"embeddable":true,"href":"https:\/\/mont-roig.cat\/es\/wp-json\/wp\/v2\/pages\/4265"}],"wp:attachment":[{"href":"https:\/\/mont-roig.cat\/es\/wp-json\/wp\/v2\/media?parent=12386"}],"curies":[{"name":"wp","href":"https:\/\/api.w.org\/{rel}","templated":true}]}}