{"id":12787,"date":"2016-09-28T12:17:33","date_gmt":"2016-09-28T10:17:33","guid":{"rendered":"http:\/\/mont-roig.cat\/es\/?page_id=12787"},"modified":"2026-02-23T14:11:33","modified_gmt":"2026-02-23T13:11:33","slug":"boletin-informacion-comunica","status":"publish","type":"page","link":"https:\/\/mont-roig.cat\/es\/actualidad\/boletin-informacion-comunica\/","title":{"rendered":"Bolet\u00edn de informaci\u00f3n Comunica"},"content":{"rendered":"<div class=\"wpb-content-wrapper\">[vc_row][vc_column][vc_column_text css=&#8221;&#8221;]\n<p style=\"text-align: justify;\"><a href=\"https:\/\/mont-roig.cat\/wp-content\/uploads\/PORTADA_Comunica37_FEBRER26_ES-scaled.jpg\" target=\"_blank\" rel=\"noopener\"><img loading=\"lazy\" decoding=\"async\" class=\"alignright wp-image-89232\" src=\"https:\/\/mont-roig.cat\/wp-content\/uploads\/PORTADA_Comunica37_FEBRER26_ES-347x500.jpg\" alt=\"\" width=\"236\" height=\"340\" srcset=\"https:\/\/mont-roig.cat\/wp-content\/uploads\/PORTADA_Comunica37_FEBRER26_ES-347x500.jpg 347w, https:\/\/mont-roig.cat\/wp-content\/uploads\/PORTADA_Comunica37_FEBRER26_ES-711x1024.jpg 711w, https:\/\/mont-roig.cat\/wp-content\/uploads\/PORTADA_Comunica37_FEBRER26_ES-768x1105.jpg 768w, https:\/\/mont-roig.cat\/wp-content\/uploads\/PORTADA_Comunica37_FEBRER26_ES-1067x1536.jpg 1067w, https:\/\/mont-roig.cat\/wp-content\/uploads\/PORTADA_Comunica37_FEBRER26_ES-scaled.jpg 1423w\" sizes=\"auto, (max-width: 236px) 100vw, 236px\" \/><\/a>El Ayuntamiento ha recuperado el COMUNICA, un bolet\u00edn de informaci\u00f3n municipal que naci\u00f3 en 2008 para dar a conocer, de una forma f\u00e1cil y comprensible, las pol\u00edticas y acciones que desarrolla el consistorio. Se trata de un bolet\u00edn concebido como herramienta de servicio p\u00fablico que tiene el objetivo de garantizar el derecho a la informaci\u00f3n y servir como herramienta para rendir cuentas, especialmente frente a aquellas personas que no tienen acceso a los medios digitales. La publicaci\u00f3n del Comunica, era, adem\u00e1s, una de las demandas de muchos vecinos y vecinas incluidas en el proceso participativo del Plan de Acci\u00f3n Municipal 2016 &#8211; 2019.<\/p>\n<p style=\"text-align: justify;\">El bolet\u00edn de informaci\u00f3n se distribuye a todas la viviendas del municipio as\u00ed como en los equipamientos del Ayuntamiento y principales comercios. Tambi\u00e9n se puede consultar en PDF\u00a0a trav\u00e9s de este apartado.<\/p>\n<ul>\n<li><a href=\"https:\/\/mont-roig.cat\/wp-content\/uploads\/Comunica37_FEBRER26_ES.pdf\" target=\"_blank\" rel=\"noopener\">Comunica febrero 2026<\/a><\/li>\n<li><a href=\"https:\/\/mont-roig.cat\/wp-content\/uploads\/Butlleti-Comunica36_setembre25_ES_WEB.pdf\" target=\"_blank\" rel=\"noopener\">Comunica septiembre 2025<\/a><\/li>\n<li><a href=\"https:\/\/mont-roig.cat\/wp-content\/uploads\/Butlleti-Comunica35_marc25_ES_WEB.pdf\" target=\"_blank\" rel=\"noopener\">Comunica primavera 2025<\/a><\/li>\n<li><a href=\"https:\/\/mont-roig.cat\/wp-content\/uploads\/Butlleti-Comunica34_SET24_ES_web.pdf\" target=\"_blank\" rel=\"noopener\">Comunica octubre 2024<\/a><\/li>\n<li><a href=\"https:\/\/mont-roig.cat\/wp-content\/uploads\/Butlleti-Comunica33_JUN_24_ES.pdf\" target=\"_blank\" rel=\"noopener\">Comunica julio 2024<\/a><\/li>\n<li><a href=\"https:\/\/mont-roig.cat\/wp-content\/uploads\/Butlleti-Comunica32_Invierno_2024_ES.pdf\" target=\"_blank\" rel=\"noopener\">Comunica invierno 2024<\/a><\/li>\n<li><a href=\"https:\/\/mont-roig.cat\/wp-content\/uploads\/Butlleti-Comunica31_tardor23_ES_WEB.pdf\" target=\"_blank\" rel=\"noopener\">Comunica septiembre 2023<\/a><\/li>\n<li><a href=\"https:\/\/mont-roig.cat\/wp-content\/uploads\/Butlleti-Comunica30_MARC_ES_web2.pdf\" target=\"_blank\" rel=\"noopener\">Comunica marzo 2023<\/a><\/li>\n<li><a href=\"https:\/\/mont-roig.cat\/wp-content\/uploads\/Butlleti-Comunica29_DESEMBRE_ES_web-1.pdf\" target=\"_blank\" rel=\"noopener\">Comunica diciembre 2022<\/a><\/li>\n<li><a href=\"https:\/\/mont-roig.cat\/wp-content\/uploads\/Butlleti\u0301-Comunica_SEPTIEMBRE_ES_web.pdf\" target=\"_blank\" rel=\"noopener\">Comunica septiembre 2022<\/a><\/li>\n<li><a href=\"https:\/\/mont-roig.cat\/wp-content\/uploads\/Comunica-juny-2022_castella-web.pdf\" target=\"_blank\" rel=\"noopener\">Comunica junio 2022<\/a><\/li>\n<li><a href=\"https:\/\/mont-roig.cat\/wp-content\/uploads\/Comunica-marzo-2022_web.pdf\" target=\"_blank\" rel=\"noopener\">Comunica marzo 2022<\/a><\/li>\n<li><a href=\"https:\/\/mont-roig.cat\/wp-content\/uploads\/Comunica-desembre-21-cast-1.pdf\">Comunica diciembre 21<\/a><\/li>\n<li><a href=\"https:\/\/mont-roig.cat\/wp-content\/uploads\/Comunica-025-Agosto-2021.pdf\" target=\"_blank\" rel=\"noopener\">Comunica agosto 2021<\/a><\/li>\n<li><a href=\"https:\/\/mont-roig.cat\/wp-content\/uploads\/Comunica-024_diciembre-2020.pdf\" target=\"_blank\" rel=\"noopener noreferrer\">Comunica diciembre 2020<\/a><\/li>\n<li><a href=\"https:\/\/mont-roig.cat\/wp-content\/uploads\/Comunica-septiembre-2019.pdf\" target=\"_blank\" rel=\"noopener noreferrer\">Comunica septiembre 2019<\/a><\/li>\n<li><a href=\"https:\/\/mont-roig.cat\/wp-content\/uploads\/Comunica-Diciembre-2018.pdf\" target=\"_blank\" rel=\"noopener noreferrer\">Comunica diciembre 2018<\/a><\/li>\n<li><a href=\"https:\/\/mont-roig.cat\/wp-content\/uploads\/Comunica-octubre-2018-ESP.pdf\" target=\"_blank\" rel=\"noopener noreferrer\">Comunica octubre 2018 <\/a><\/li>\n<li><a href=\"https:\/\/mont-roig.cat\/wp-content\/uploads\/Comunica-Web-ESP.pdf\" target=\"_blank\" rel=\"noopener noreferrer\">Comunica junio 2018<\/a><\/li>\n<li><a href=\"https:\/\/mont-roig.cat\/wp-content\/uploads\/Comunica-19-ESP.pdf\" target=\"_blank\" rel=\"noopener noreferrer\">Comunica marzo 2018<\/a><\/li>\n<li style=\"text-align: justify;\"><a href=\"http:\/\/mont-roig.cat\/wp-content\/uploads\/Comunica-Diciembre-2017.pdf\" target=\"_blank\" rel=\"noopener noreferrer\">Comunica diciembre 2017<\/a><\/li>\n<li style=\"text-align: justify;\"><a href=\"http:\/\/mont-roig.cat\/wp-content\/uploads\/Comunica-017-septiembre-2017-ESP.pdf\" target=\"_blank\" rel=\"noopener noreferrer\">Comunica septiembre 2017<\/a><\/li>\n<li style=\"text-align: justify;\"><a href=\"http:\/\/mont-roig.cat\/wp-content\/uploads\/COMUNICA-JUNIO-2017-CAST.pdf\" target=\"_blank\" rel=\"noopener noreferrer\">Comunica junio 2017<\/a><\/li>\n<li style=\"text-align: justify;\"><a href=\"http:\/\/mont-roig.cat\/wp-content\/uploads\/Comunica-015-ESP.pdf\" target=\"_blank\" rel=\"noopener noreferrer\">Comunica marzo 2017<\/a><\/li>\n<li style=\"text-align: justify;\"><a href=\"http:\/\/mont-roig.cat\/wp-content\/uploads\/Comunica-014-ESP-WEB.pdf\" target=\"_blank\" rel=\"noopener noreferrer\">Comunica diciembre 2016<\/a><\/li>\n<li style=\"text-align: justify;\"><a href=\"http:\/\/mont-roig.cat\/wp-content\/uploads\/COMUNICA_Septiembre_2016.pdf\" target=\"_blank\" rel=\"noopener noreferrer\">Comunica septiembre 2016<\/a><\/li>\n<\/ul>\n[\/vc_column_text][\/vc_column][\/vc_row]\n<\/div>","protected":false},"excerpt":{"rendered":"<p>[vc_row][vc_column][vc_column_text css=&#8221;&#8221;] El Ayuntamiento ha recuperado el COMUNICA, un bolet\u00edn de informaci\u00f3n municipal que naci\u00f3 en 2008 para dar a conocer, de una forma f\u00e1cil y comprensible, las pol\u00edticas y acciones que desarrolla el consistorio. Se trata de un bolet\u00edn concebido como herramienta de servicio p\u00fablico que tiene el objetivo de garantizar el derecho a [&hellip;]<\/p>\n","protected":false},"author":4,"featured_media":0,"parent":7666,"menu_order":0,"comment_status":"closed","ping_status":"closed","template":"","meta":{"inline_featured_image":false,"_monsterinsights_skip_tracking":false,"_monsterinsights_sitenote_active":false,"_monsterinsights_sitenote_note":"","_monsterinsights_sitenote_category":0,"footnotes":""},"class_list":["post-12787","page","type-page","status-publish","hentry"],"yoast_head":"<!-- This site is optimized with the Yoast SEO plugin v27.4 - https:\/\/yoast.com\/product\/yoast-seo-wordpress\/ -->\n<title>Bolet\u00edn de informaci\u00f3n Comunica - Ajuntament de Mont-roig del Camp<\/title>\n<meta name=\"robots\" content=\"index, follow, max-snippet:-1, max-image-preview:large, max-video-preview:-1\" \/>\n<link rel=\"canonical\" href=\"https:\/\/mont-roig.cat\/es\/actualidad\/boletin-informacion-comunica\/\" \/>\n<meta property=\"og:locale\" content=\"es_ES\" \/>\n<meta property=\"og:type\" content=\"article\" \/>\n<meta property=\"og:title\" content=\"Bolet\u00edn de informaci\u00f3n Comunica - Ajuntament de Mont-roig del Camp\" \/>\n<meta property=\"og:description\" content=\"[vc_row][vc_column][vc_column_text css=&#8221;&#8221;] El Ayuntamiento ha recuperado el COMUNICA, un bolet\u00edn de informaci\u00f3n municipal que naci\u00f3 en 2008 para dar a conocer, de una forma f\u00e1cil y comprensible, las pol\u00edticas y acciones que desarrolla el consistorio. Se trata de un bolet\u00edn concebido como herramienta de servicio p\u00fablico que tiene el objetivo de garantizar el derecho a [&hellip;]\" \/>\n<meta property=\"og:url\" content=\"https:\/\/mont-roig.cat\/es\/actualidad\/boletin-informacion-comunica\/\" \/>\n<meta property=\"og:site_name\" content=\"Ajuntament de Mont-roig del Camp\" \/>\n<meta property=\"article:modified_time\" content=\"2026-02-23T13:11:33+00:00\" \/>\n<meta property=\"og:image\" content=\"https:\/\/mont-roig.cat\/wp-content\/uploads\/PORTADA_Comunica37_FEBRER26_ES-scaled.jpg\" \/>\n\t<meta property=\"og:image:width\" content=\"1423\" \/>\n\t<meta property=\"og:image:height\" content=\"2048\" \/>\n\t<meta property=\"og:image:type\" content=\"image\/jpeg\" \/>\n<meta name=\"twitter:card\" content=\"summary_large_image\" \/>\n<meta name=\"twitter:label1\" content=\"Tiempo de lectura\" \/>\n\t<meta name=\"twitter:data1\" content=\"2 minutos\" \/>\n<script type=\"application\/ld+json\" class=\"yoast-schema-graph\">{\"@context\":\"https:\\\/\\\/schema.org\",\"@graph\":[{\"@type\":\"WebPage\",\"@id\":\"https:\\\/\\\/mont-roig.cat\\\/es\\\/actualidad\\\/boletin-informacion-comunica\\\/\",\"url\":\"https:\\\/\\\/mont-roig.cat\\\/es\\\/actualidad\\\/boletin-informacion-comunica\\\/\",\"name\":\"Bolet\u00edn de informaci\u00f3n Comunica - Ajuntament de Mont-roig del Camp\",\"isPartOf\":{\"@id\":\"https:\\\/\\\/mont-roig.cat\\\/es\\\/#website\"},\"primaryImageOfPage\":{\"@id\":\"https:\\\/\\\/mont-roig.cat\\\/es\\\/actualidad\\\/boletin-informacion-comunica\\\/#primaryimage\"},\"image\":{\"@id\":\"https:\\\/\\\/mont-roig.cat\\\/es\\\/actualidad\\\/boletin-informacion-comunica\\\/#primaryimage\"},\"thumbnailUrl\":\"https:\\\/\\\/mont-roig.cat\\\/wp-content\\\/uploads\\\/PORTADA_Comunica37_FEBRER26_ES-347x500.jpg\",\"datePublished\":\"2016-09-28T10:17:33+00:00\",\"dateModified\":\"2026-02-23T13:11:33+00:00\",\"breadcrumb\":{\"@id\":\"https:\\\/\\\/mont-roig.cat\\\/es\\\/actualidad\\\/boletin-informacion-comunica\\\/#breadcrumb\"},\"inLanguage\":\"es\",\"potentialAction\":[{\"@type\":\"ReadAction\",\"target\":[\"https:\\\/\\\/mont-roig.cat\\\/es\\\/actualidad\\\/boletin-informacion-comunica\\\/\"]}]},{\"@type\":\"ImageObject\",\"inLanguage\":\"es\",\"@id\":\"https:\\\/\\\/mont-roig.cat\\\/es\\\/actualidad\\\/boletin-informacion-comunica\\\/#primaryimage\",\"url\":\"https:\\\/\\\/mont-roig.cat\\\/wp-content\\\/uploads\\\/PORTADA_Comunica37_FEBRER26_ES-347x500.jpg\",\"contentUrl\":\"https:\\\/\\\/mont-roig.cat\\\/wp-content\\\/uploads\\\/PORTADA_Comunica37_FEBRER26_ES-347x500.jpg\"},{\"@type\":\"BreadcrumbList\",\"@id\":\"https:\\\/\\\/mont-roig.cat\\\/es\\\/actualidad\\\/boletin-informacion-comunica\\\/#breadcrumb\",\"itemListElement\":[{\"@type\":\"ListItem\",\"position\":1,\"name\":\"Inici\",\"item\":\"https:\\\/\\\/mont-roig.cat\\\/es\\\/pagina-de-inicio\\\/\"},{\"@type\":\"ListItem\",\"position\":2,\"name\":\"Actualidad\",\"item\":\"https:\\\/\\\/mont-roig.cat\\\/es\\\/actualidad\\\/\"},{\"@type\":\"ListItem\",\"position\":3,\"name\":\"Bolet\u00edn de informaci\u00f3n Comunica\"}]},{\"@type\":\"WebSite\",\"@id\":\"https:\\\/\\\/mont-roig.cat\\\/es\\\/#website\",\"url\":\"https:\\\/\\\/mont-roig.cat\\\/es\\\/\",\"name\":\"Ajuntament de Mont-roig del Camp\",\"description\":\"Tota la informaci\u00f3 sobre la instituci\u00f3, els seus \u00f2rgans de govern, actualitat, serveis i molt m\u00e9s.\",\"potentialAction\":[{\"@type\":\"SearchAction\",\"target\":{\"@type\":\"EntryPoint\",\"urlTemplate\":\"https:\\\/\\\/mont-roig.cat\\\/es\\\/?s={search_term_string}\"},\"query-input\":{\"@type\":\"PropertyValueSpecification\",\"valueRequired\":true,\"valueName\":\"search_term_string\"}}],\"inLanguage\":\"es\"}]}<\/script>\n<!-- \/ Yoast SEO plugin. -->","yoast_head_json":{"title":"Bolet\u00edn de informaci\u00f3n Comunica - Ajuntament de Mont-roig del Camp","robots":{"index":"index","follow":"follow","max-snippet":"max-snippet:-1","max-image-preview":"max-image-preview:large","max-video-preview":"max-video-preview:-1"},"canonical":"https:\/\/mont-roig.cat\/es\/actualidad\/boletin-informacion-comunica\/","og_locale":"es_ES","og_type":"article","og_title":"Bolet\u00edn de informaci\u00f3n Comunica - Ajuntament de Mont-roig del Camp","og_description":"[vc_row][vc_column][vc_column_text css=&#8221;&#8221;] El Ayuntamiento ha recuperado el COMUNICA, un bolet\u00edn de informaci\u00f3n municipal que naci\u00f3 en 2008 para dar a conocer, de una forma f\u00e1cil y comprensible, las pol\u00edticas y acciones que desarrolla el consistorio. Se trata de un bolet\u00edn concebido como herramienta de servicio p\u00fablico que tiene el objetivo de garantizar el derecho a [&hellip;]","og_url":"https:\/\/mont-roig.cat\/es\/actualidad\/boletin-informacion-comunica\/","og_site_name":"Ajuntament de Mont-roig del Camp","article_modified_time":"2026-02-23T13:11:33+00:00","og_image":[{"width":1423,"height":2048,"url":"https:\/\/mont-roig.cat\/wp-content\/uploads\/PORTADA_Comunica37_FEBRER26_ES-scaled.jpg","type":"image\/jpeg"}],"twitter_card":"summary_large_image","twitter_misc":{"Tiempo de lectura":"2 minutos"},"schema":{"@context":"https:\/\/schema.org","@graph":[{"@type":"WebPage","@id":"https:\/\/mont-roig.cat\/es\/actualidad\/boletin-informacion-comunica\/","url":"https:\/\/mont-roig.cat\/es\/actualidad\/boletin-informacion-comunica\/","name":"Bolet\u00edn de informaci\u00f3n Comunica - Ajuntament de Mont-roig del Camp","isPartOf":{"@id":"https:\/\/mont-roig.cat\/es\/#website"},"primaryImageOfPage":{"@id":"https:\/\/mont-roig.cat\/es\/actualidad\/boletin-informacion-comunica\/#primaryimage"},"image":{"@id":"https:\/\/mont-roig.cat\/es\/actualidad\/boletin-informacion-comunica\/#primaryimage"},"thumbnailUrl":"https:\/\/mont-roig.cat\/wp-content\/uploads\/PORTADA_Comunica37_FEBRER26_ES-347x500.jpg","datePublished":"2016-09-28T10:17:33+00:00","dateModified":"2026-02-23T13:11:33+00:00","breadcrumb":{"@id":"https:\/\/mont-roig.cat\/es\/actualidad\/boletin-informacion-comunica\/#breadcrumb"},"inLanguage":"es","potentialAction":[{"@type":"ReadAction","target":["https:\/\/mont-roig.cat\/es\/actualidad\/boletin-informacion-comunica\/"]}]},{"@type":"ImageObject","inLanguage":"es","@id":"https:\/\/mont-roig.cat\/es\/actualidad\/boletin-informacion-comunica\/#primaryimage","url":"https:\/\/mont-roig.cat\/wp-content\/uploads\/PORTADA_Comunica37_FEBRER26_ES-347x500.jpg","contentUrl":"https:\/\/mont-roig.cat\/wp-content\/uploads\/PORTADA_Comunica37_FEBRER26_ES-347x500.jpg"},{"@type":"BreadcrumbList","@id":"https:\/\/mont-roig.cat\/es\/actualidad\/boletin-informacion-comunica\/#breadcrumb","itemListElement":[{"@type":"ListItem","position":1,"name":"Inici","item":"https:\/\/mont-roig.cat\/es\/pagina-de-inicio\/"},{"@type":"ListItem","position":2,"name":"Actualidad","item":"https:\/\/mont-roig.cat\/es\/actualidad\/"},{"@type":"ListItem","position":3,"name":"Bolet\u00edn de informaci\u00f3n Comunica"}]},{"@type":"WebSite","@id":"https:\/\/mont-roig.cat\/es\/#website","url":"https:\/\/mont-roig.cat\/es\/","name":"Ajuntament de Mont-roig del Camp","description":"Tota la informaci\u00f3 sobre la instituci\u00f3, els seus \u00f2rgans de govern, actualitat, serveis i molt m\u00e9s.","potentialAction":[{"@type":"SearchAction","target":{"@type":"EntryPoint","urlTemplate":"https:\/\/mont-roig.cat\/es\/?s={search_term_string}"},"query-input":{"@type":"PropertyValueSpecification","valueRequired":true,"valueName":"search_term_string"}}],"inLanguage":"es"}]}},"_links":{"self":[{"href":"https:\/\/mont-roig.cat\/es\/wp-json\/wp\/v2\/pages\/12787","targetHints":{"allow":["GET"]}}],"collection":[{"href":"https:\/\/mont-roig.cat\/es\/wp-json\/wp\/v2\/pages"}],"about":[{"href":"https:\/\/mont-roig.cat\/es\/wp-json\/wp\/v2\/types\/page"}],"author":[{"embeddable":true,"href":"https:\/\/mont-roig.cat\/es\/wp-json\/wp\/v2\/users\/4"}],"replies":[{"embeddable":true,"href":"https:\/\/mont-roig.cat\/es\/wp-json\/wp\/v2\/comments?post=12787"}],"version-history":[{"count":33,"href":"https:\/\/mont-roig.cat\/es\/wp-json\/wp\/v2\/pages\/12787\/revisions"}],"predecessor-version":[{"id":89253,"href":"https:\/\/mont-roig.cat\/es\/wp-json\/wp\/v2\/pages\/12787\/revisions\/89253"}],"up":[{"embeddable":true,"href":"https:\/\/mont-roig.cat\/es\/wp-json\/wp\/v2\/pages\/7666"}],"wp:attachment":[{"href":"https:\/\/mont-roig.cat\/es\/wp-json\/wp\/v2\/media?parent=12787"}],"curies":[{"name":"wp","href":"https:\/\/api.w.org\/{rel}","templated":true}]}}