{"id":15721,"date":"2017-03-06T22:59:20","date_gmt":"2017-03-06T21:59:20","guid":{"rendered":"http:\/\/mont-roig.cat\/?page_id=15721\/"},"modified":"2020-09-09T11:52:12","modified_gmt":"2020-09-09T09:52:12","slug":"pedir-cita","status":"publish","type":"page","link":"https:\/\/mont-roig.cat\/es\/ayuntamiento\/organs-de-representacio\/alcalde\/pedir-cita\/","title":{"rendered":"Pedir cita con el alcalde"},"content":{"rendered":"\n<div class=\"wpcf7 no-js\" id=\"wpcf7-f15723-o1\" lang=\"ca\" dir=\"ltr\" data-wpcf7-id=\"15723\">\n<div class=\"screen-reader-response\"><p role=\"status\" aria-live=\"polite\" aria-atomic=\"true\"><\/p> <ul><\/ul><\/div>\n<form action=\"\/es\/wp-json\/wp\/v2\/pages\/15721#wpcf7-f15723-o1\" method=\"post\" class=\"wpcf7-form init\" aria-label=\"Formulari de contacte\" novalidate=\"novalidate\" data-status=\"init\">\n<fieldset class=\"hidden-fields-container\"><input type=\"hidden\" name=\"_wpcf7\" value=\"15723\" \/><input type=\"hidden\" name=\"_wpcf7_version\" value=\"6.1.5\" \/><input type=\"hidden\" name=\"_wpcf7_locale\" value=\"ca\" \/><input type=\"hidden\" name=\"_wpcf7_unit_tag\" value=\"wpcf7-f15723-o1\" \/><input type=\"hidden\" name=\"_wpcf7_container_post\" value=\"0\" \/><input type=\"hidden\" name=\"_wpcf7_posted_data_hash\" value=\"\" \/><input type=\"hidden\" name=\"_wpcf7_recaptcha_response\" value=\"\" \/>\n<\/fieldset>\n<h2 class=\"short\">Pedir <strong>cita<\/strong> con el alcalde\n<\/h2>\n<p>Pueden pedir cita rellenando este formulario.\n<\/p>\n<div class=\"row\">\n\t<div class=\"col-md-8\">\n\t\t<div class=\"form-group\">\n\t\t\t<p><label for=\"contact-name\">Nombre y apellidos del solicitante *<\/label><br \/>\n<span class=\"wpcf7-form-control-wrap\" data-name=\"nom-cognoms\"><input size=\"40\" maxlength=\"400\" class=\"wpcf7-form-control wpcf7-text wpcf7-validates-as-required form-control\" id=\"contact-name\" aria-required=\"true\" aria-invalid=\"false\" value=\"\" type=\"text\" name=\"nom-cognoms\" \/><\/span>\n\t\t\t<\/p>\n\t\t<\/div>\n\t<\/div>\n\t<div class=\"col-md-6\">\n\t\t<div class=\"form-group\">\n\t\t\t<p><label for=\"contact-email\">Correo electr\u00f3nico *<\/label><br \/>\n<span class=\"wpcf7-form-control-wrap\" data-name=\"correu-electronic\"><input size=\"40\" maxlength=\"400\" class=\"wpcf7-form-control wpcf7-email wpcf7-validates-as-required wpcf7-text wpcf7-validates-as-email form-control\" id=\"contact-email\" aria-required=\"true\" aria-invalid=\"false\" value=\"\" type=\"email\" name=\"correu-electronic\" \/><\/span>\n\t\t\t<\/p>\n\t\t<\/div>\n\t<\/div>\n\t<div class=\"col-md-4\">\n\t\t<div class=\"form-group\">\n\t\t\t<p><label for=\"telefon\">Tel\u00e9fono de contacto *<\/label><br \/>\n<span class=\"wpcf7-form-control-wrap\" data-name=\"telefon\"><input size=\"40\" maxlength=\"400\" class=\"wpcf7-form-control wpcf7-text wpcf7-validates-as-required form-control\" id=\"telefon\" aria-required=\"true\" aria-invalid=\"false\" value=\"\" type=\"text\" name=\"telefon\" \/><\/span>\n\t\t\t<\/p>\n\t\t<\/div>\n\t<\/div>\n\t<div class=\"col-md-12\">\n\t\t<div class=\"form-group\">\n\t\t\t<p><label for=\"fer-tramit\">\u00bfD\u00f3nde quiere ser atendido? *<\/label><br \/>\n<span class=\"wpcf7-form-control-wrap\" data-name=\"menu-287\"><select class=\"wpcf7-form-control wpcf7-select wpcf7-validates-as-required\" aria-required=\"true\" aria-invalid=\"false\" name=\"menu-287\"><option value=\"\">&#8212;Trieu una opci\u00f3&#8212;<\/option><option value=\"Oficinas Municipales de Mont-roig\">Oficinas Municipales de Mont-roig<\/option><option value=\"Oficinas Municipales de Miami Platja\">Oficinas Municipales de Miami Platja<\/option><\/select><\/span>\n\t\t\t<\/p>\n\t\t<\/div>\n\t<\/div>\n\t<div class=\"col-md-12\">\n\t\t<div class=\"form-group\">\n\t\t\t<p><label for=\"Assistents\">Nombre y apellidos de los asistentes *<\/label><br \/>\n<span class=\"wpcf7-form-control-wrap\" data-name=\"assistents\"><textarea cols=\"63\" rows=\"5\" maxlength=\"2000\" class=\"wpcf7-form-control wpcf7-textarea wpcf7-validates-as-required\" aria-required=\"true\" aria-invalid=\"false\" name=\"assistents\"><\/textarea><\/span>\n\t\t\t<\/p>\n\t\t<\/div>\n\t<\/div>\n\t<div class=\"col-md-12\">\n\t\t<div class=\"form-group\">\n\t\t\t<p><label for=\"Assumptes a tractar\">Asuntos a tratar *<\/label><br \/>\n<span class=\"wpcf7-form-control-wrap\" data-name=\"assumptes\"><textarea cols=\"63\" rows=\"5\" maxlength=\"2000\" class=\"wpcf7-form-control wpcf7-textarea wpcf7-validates-as-required\" aria-required=\"true\" aria-invalid=\"false\" name=\"assumptes\"><\/textarea><\/span>\n\t\t\t<\/p>\n\t\t<\/div>\n\t<\/div>\n\t<div class=\"col-md-8\">\n\t\t<p><label for=\"contact-captcha\">C\u00f3digo de Validaci\u00f3n *<\/label>\n\t\t<\/p>\n\t<\/div>\n\t<div class=\"col-md-8\">\n\t\t<div class=\"form-group\">\n\t\t\t<p><span class=\"wpcf7-form-control-wrap\" data-name=\"your-captcha\"><input size=\"40\" class=\"wpcf7-form-control wpcf7-captchar form-control\" id=\"contact-captcha\" autocomplete=\"off\" aria-invalid=\"false\" value=\"\" type=\"text\" name=\"your-captcha\" \/><\/span>\n\t\t\t<\/p>\n\t\t<\/div>\n\t<\/div>\n\t<div class=\"col-md-8\">\n\t\t<div class=\"form-group\">\n\t\t\t<p><input type=\"hidden\" name=\"_wpcf7_captcha_challenge_your-captcha\" value=\"364618524\" \/><img loading=\"lazy\" decoding=\"async\" class=\"wpcf7-form-control wpcf7-captchac wpcf7-captcha-your-captcha\" width=\"72\" height=\"24\" alt=\"captcha\" src=\"https:\/\/mont-roig.cat\/wp-content\/uploads\/wpcf7_captcha\/364618524.png\" \/>\n\t\t\t<\/p>\n\t\t<\/div>\n\t<\/div>\n<hr \/>\n\t<div class=\"col-md-8\">\n\t\t<div class=\"form-group\">\n\t\t\t<p><span class=\"wpcf7-form-control-wrap\" data-name=\"ok-clausula-pd\"><span class=\"wpcf7-form-control wpcf7-acceptance\"><span class=\"wpcf7-list-item\"><label><input type=\"checkbox\" name=\"ok-clausula-pd\" value=\"1\" aria-invalid=\"false\" \/><span class=\"wpcf7-list-item-label\">He le\u00eddo y acepto la cl\u00e1usula de <a href=\"\/es\/pd-infob-cita\" target=\"_blank\">Informaci\u00f3n sobre Protecci\u00f3n de Datos<\/a><\/span><\/label><\/span><\/span><\/span><br \/>\n<span class=\"wpcf7-form-control-wrap\" data-name=\"ok-tract-dades\"><span class=\"wpcf7-form-control wpcf7-acceptance\"><span class=\"wpcf7-list-item\"><label><input type=\"checkbox\" name=\"ok-tract-dades\" value=\"1\" aria-invalid=\"false\" \/><span class=\"wpcf7-list-item-label\">Autorizo al tratamiento de mis datos para poder recibir informaci\u00f3n por medios electr\u00f3nicos<\/span><\/label><\/span><\/span><\/span>\n\t\t\t<\/p>\n\t\t<\/div>\n\t<\/div>\n\t<div class=\"col-md-8\">\n\t\t<div class=\"form-group\">\n\t\t\t<p><input class=\"wpcf7-form-control wpcf7-submit has-spinner btn btn-primary\" type=\"submit\" value=\"Solicitar cita\" \/>\n\t\t\t<\/p>\n\t\t<\/div>\n\t<\/div>\n<\/div><div class=\"wpcf7-response-output\" aria-hidden=\"true\"><\/div>\n<\/form>\n<\/div>\n\n<p>&nbsp;<\/p>\n","protected":false},"excerpt":{"rendered":"<p>&nbsp;<\/p>\n","protected":false},"author":4,"featured_media":0,"parent":4528,"menu_order":0,"comment_status":"closed","ping_status":"closed","template":"","meta":{"inline_featured_image":false,"_monsterinsights_skip_tracking":false,"_monsterinsights_sitenote_active":false,"_monsterinsights_sitenote_note":"","_monsterinsights_sitenote_category":0,"footnotes":""},"class_list":["post-15721","page","type-page","status-publish","hentry"],"yoast_head":"<!-- This site is optimized with the Yoast SEO plugin v27.4 - https:\/\/yoast.com\/product\/yoast-seo-wordpress\/ -->\n<title>Pedir cita con el alcalde - Ajuntament de Mont-roig del Camp<\/title>\n<meta name=\"robots\" content=\"index, follow, max-snippet:-1, max-image-preview:large, max-video-preview:-1\" \/>\n<link rel=\"canonical\" href=\"https:\/\/mont-roig.cat\/es\/ayuntamiento\/organs-de-representacio\/alcalde\/pedir-cita\/\" \/>\n<meta property=\"og:locale\" content=\"es_ES\" \/>\n<meta property=\"og:type\" content=\"article\" \/>\n<meta property=\"og:title\" content=\"Pedir cita con el alcalde - Ajuntament de Mont-roig del Camp\" \/>\n<meta property=\"og:description\" content=\"&nbsp;\" \/>\n<meta property=\"og:url\" content=\"https:\/\/mont-roig.cat\/es\/ayuntamiento\/organs-de-representacio\/alcalde\/pedir-cita\/\" \/>\n<meta property=\"og:site_name\" content=\"Ajuntament de Mont-roig del Camp\" \/>\n<meta property=\"article:modified_time\" content=\"2020-09-09T09:52:12+00:00\" \/>\n<meta property=\"og:image\" content=\"https:\/\/mont-roig.cat\/wp-content\/uploads\/aj-mont-roig-2.jpg\" \/>\n\t<meta property=\"og:image:width\" content=\"1200\" \/>\n\t<meta property=\"og:image:height\" content=\"600\" \/>\n\t<meta property=\"og:image:type\" content=\"image\/jpeg\" \/>\n<meta name=\"twitter:card\" content=\"summary_large_image\" \/>\n<script type=\"application\/ld+json\" class=\"yoast-schema-graph\">{\"@context\":\"https:\\\/\\\/schema.org\",\"@graph\":[{\"@type\":\"WebPage\",\"@id\":\"https:\\\/\\\/mont-roig.cat\\\/es\\\/ayuntamiento\\\/organs-de-representacio\\\/alcalde\\\/pedir-cita\\\/\",\"url\":\"https:\\\/\\\/mont-roig.cat\\\/es\\\/ayuntamiento\\\/organs-de-representacio\\\/alcalde\\\/pedir-cita\\\/\",\"name\":\"Pedir cita con el alcalde - Ajuntament de Mont-roig del Camp\",\"isPartOf\":{\"@id\":\"https:\\\/\\\/mont-roig.cat\\\/es\\\/#website\"},\"datePublished\":\"2017-03-06T21:59:20+00:00\",\"dateModified\":\"2020-09-09T09:52:12+00:00\",\"breadcrumb\":{\"@id\":\"https:\\\/\\\/mont-roig.cat\\\/es\\\/ayuntamiento\\\/organs-de-representacio\\\/alcalde\\\/pedir-cita\\\/#breadcrumb\"},\"inLanguage\":\"es\",\"potentialAction\":[{\"@type\":\"ReadAction\",\"target\":[\"https:\\\/\\\/mont-roig.cat\\\/es\\\/ayuntamiento\\\/organs-de-representacio\\\/alcalde\\\/pedir-cita\\\/\"]}]},{\"@type\":\"BreadcrumbList\",\"@id\":\"https:\\\/\\\/mont-roig.cat\\\/es\\\/ayuntamiento\\\/organs-de-representacio\\\/alcalde\\\/pedir-cita\\\/#breadcrumb\",\"itemListElement\":[{\"@type\":\"ListItem\",\"position\":1,\"name\":\"Inici\",\"item\":\"https:\\\/\\\/mont-roig.cat\\\/es\\\/pagina-de-inicio\\\/\"},{\"@type\":\"ListItem\",\"position\":2,\"name\":\"Ayuntamiento\",\"item\":\"https:\\\/\\\/mont-roig.cat\\\/es\\\/ayuntamiento\\\/\"},{\"@type\":\"ListItem\",\"position\":3,\"name\":\"\u00d3rganos de representaci\u00f3n\",\"item\":\"https:\\\/\\\/mont-roig.cat\\\/es\\\/ayuntamiento\\\/organs-de-representacio\\\/\"},{\"@type\":\"ListItem\",\"position\":4,\"name\":\"Alcalde\",\"item\":\"https:\\\/\\\/mont-roig.cat\\\/es\\\/ayuntamiento\\\/organs-de-representacio\\\/alcalde\\\/\"},{\"@type\":\"ListItem\",\"position\":5,\"name\":\"Pedir cita con el alcalde\"}]},{\"@type\":\"WebSite\",\"@id\":\"https:\\\/\\\/mont-roig.cat\\\/es\\\/#website\",\"url\":\"https:\\\/\\\/mont-roig.cat\\\/es\\\/\",\"name\":\"Ajuntament de Mont-roig del Camp\",\"description\":\"Tota la informaci\u00f3 sobre la instituci\u00f3, els seus \u00f2rgans de govern, actualitat, serveis i molt m\u00e9s.\",\"potentialAction\":[{\"@type\":\"SearchAction\",\"target\":{\"@type\":\"EntryPoint\",\"urlTemplate\":\"https:\\\/\\\/mont-roig.cat\\\/es\\\/?s={search_term_string}\"},\"query-input\":{\"@type\":\"PropertyValueSpecification\",\"valueRequired\":true,\"valueName\":\"search_term_string\"}}],\"inLanguage\":\"es\"}]}<\/script>\n<!-- \/ Yoast SEO plugin. -->","yoast_head_json":{"title":"Pedir cita con el alcalde - Ajuntament de Mont-roig del Camp","robots":{"index":"index","follow":"follow","max-snippet":"max-snippet:-1","max-image-preview":"max-image-preview:large","max-video-preview":"max-video-preview:-1"},"canonical":"https:\/\/mont-roig.cat\/es\/ayuntamiento\/organs-de-representacio\/alcalde\/pedir-cita\/","og_locale":"es_ES","og_type":"article","og_title":"Pedir cita con el alcalde - Ajuntament de Mont-roig del Camp","og_description":"&nbsp;","og_url":"https:\/\/mont-roig.cat\/es\/ayuntamiento\/organs-de-representacio\/alcalde\/pedir-cita\/","og_site_name":"Ajuntament de Mont-roig del Camp","article_modified_time":"2020-09-09T09:52:12+00:00","og_image":[{"width":1200,"height":600,"url":"https:\/\/mont-roig.cat\/wp-content\/uploads\/aj-mont-roig-2.jpg","type":"image\/jpeg"}],"twitter_card":"summary_large_image","schema":{"@context":"https:\/\/schema.org","@graph":[{"@type":"WebPage","@id":"https:\/\/mont-roig.cat\/es\/ayuntamiento\/organs-de-representacio\/alcalde\/pedir-cita\/","url":"https:\/\/mont-roig.cat\/es\/ayuntamiento\/organs-de-representacio\/alcalde\/pedir-cita\/","name":"Pedir cita con el alcalde - Ajuntament de Mont-roig del Camp","isPartOf":{"@id":"https:\/\/mont-roig.cat\/es\/#website"},"datePublished":"2017-03-06T21:59:20+00:00","dateModified":"2020-09-09T09:52:12+00:00","breadcrumb":{"@id":"https:\/\/mont-roig.cat\/es\/ayuntamiento\/organs-de-representacio\/alcalde\/pedir-cita\/#breadcrumb"},"inLanguage":"es","potentialAction":[{"@type":"ReadAction","target":["https:\/\/mont-roig.cat\/es\/ayuntamiento\/organs-de-representacio\/alcalde\/pedir-cita\/"]}]},{"@type":"BreadcrumbList","@id":"https:\/\/mont-roig.cat\/es\/ayuntamiento\/organs-de-representacio\/alcalde\/pedir-cita\/#breadcrumb","itemListElement":[{"@type":"ListItem","position":1,"name":"Inici","item":"https:\/\/mont-roig.cat\/es\/pagina-de-inicio\/"},{"@type":"ListItem","position":2,"name":"Ayuntamiento","item":"https:\/\/mont-roig.cat\/es\/ayuntamiento\/"},{"@type":"ListItem","position":3,"name":"\u00d3rganos de representaci\u00f3n","item":"https:\/\/mont-roig.cat\/es\/ayuntamiento\/organs-de-representacio\/"},{"@type":"ListItem","position":4,"name":"Alcalde","item":"https:\/\/mont-roig.cat\/es\/ayuntamiento\/organs-de-representacio\/alcalde\/"},{"@type":"ListItem","position":5,"name":"Pedir cita con el alcalde"}]},{"@type":"WebSite","@id":"https:\/\/mont-roig.cat\/es\/#website","url":"https:\/\/mont-roig.cat\/es\/","name":"Ajuntament de Mont-roig del Camp","description":"Tota la informaci\u00f3 sobre la instituci\u00f3, els seus \u00f2rgans de govern, actualitat, serveis i molt m\u00e9s.","potentialAction":[{"@type":"SearchAction","target":{"@type":"EntryPoint","urlTemplate":"https:\/\/mont-roig.cat\/es\/?s={search_term_string}"},"query-input":{"@type":"PropertyValueSpecification","valueRequired":true,"valueName":"search_term_string"}}],"inLanguage":"es"}]}},"_links":{"self":[{"href":"https:\/\/mont-roig.cat\/es\/wp-json\/wp\/v2\/pages\/15721","targetHints":{"allow":["GET"]}}],"collection":[{"href":"https:\/\/mont-roig.cat\/es\/wp-json\/wp\/v2\/pages"}],"about":[{"href":"https:\/\/mont-roig.cat\/es\/wp-json\/wp\/v2\/types\/page"}],"author":[{"embeddable":true,"href":"https:\/\/mont-roig.cat\/es\/wp-json\/wp\/v2\/users\/4"}],"replies":[{"embeddable":true,"href":"https:\/\/mont-roig.cat\/es\/wp-json\/wp\/v2\/comments?post=15721"}],"version-history":[{"count":1,"href":"https:\/\/mont-roig.cat\/es\/wp-json\/wp\/v2\/pages\/15721\/revisions"}],"predecessor-version":[{"id":51332,"href":"https:\/\/mont-roig.cat\/es\/wp-json\/wp\/v2\/pages\/15721\/revisions\/51332"}],"up":[{"embeddable":true,"href":"https:\/\/mont-roig.cat\/es\/wp-json\/wp\/v2\/pages\/4528"}],"wp:attachment":[{"href":"https:\/\/mont-roig.cat\/es\/wp-json\/wp\/v2\/media?parent=15721"}],"curies":[{"name":"wp","href":"https:\/\/api.w.org\/{rel}","templated":true}]}}