{"id":15767,"date":"2017-03-07T22:22:20","date_gmt":"2017-03-07T21:22:20","guid":{"rendered":"http:\/\/mont-roig.cat\/ayuntamiento\/funcionament\/entidades-municipales\/nostreserveis\/"},"modified":"2023-06-12T13:23:07","modified_gmt":"2023-06-12T11:23:07","slug":"nostreserveis","status":"publish","type":"page","link":"https:\/\/mont-roig.cat\/es\/ayuntamiento\/funcionament\/entidades-municipales\/nostreserveis\/","title":{"rendered":"Nostreserveis"},"content":{"rendered":"<div id=\"attachment_24580\" style=\"width: 310px\" class=\"wp-caption alignright\"><a href=\"http:\/\/mont-roig.cat\/wp-content\/uploads\/Nostreserveis-CAST.jpg\"><img loading=\"lazy\" decoding=\"async\" aria-describedby=\"caption-attachment-24580\" class=\"wp-image-24580\" title=\"Nostreserveis\" src=\"http:\/\/mont-roig.cat\/wp-content\/uploads\/Nostreserveis-CAST.jpg\" alt=\"\" width=\"300\" height=\"240\" srcset=\"https:\/\/mont-roig.cat\/wp-content\/uploads\/Nostreserveis-CAST.jpg 1188w, https:\/\/mont-roig.cat\/wp-content\/uploads\/Nostreserveis-CAST-500x401.jpg 500w, https:\/\/mont-roig.cat\/wp-content\/uploads\/Nostreserveis-CAST-768x615.jpg 768w, https:\/\/mont-roig.cat\/wp-content\/uploads\/Nostreserveis-CAST-1024x821.jpg 1024w\" sizes=\"auto, (max-width: 300px) 100vw, 300px\" \/><\/a><p id=\"caption-attachment-24580\" class=\"wp-caption-text\">\u00c1mbitos en los cuales trabaja la empresa<\/p><\/div>\n<p><strong>La Entidad P\u00fablica Empresarial de Servicios y Obras (NOSTRESERVEIS)<\/strong>, es un entidad 100% municipal creada el a\u00f1o 2017, fruto de la disoluci\u00f3n de las empresas municipales EMOMSA y EMSSA. En su creaci\u00f3n, la entidad cuenta con una plantilla media de 143 trabajadores, con fluctuaciones en la temporada de verano-invierno, y un presupuesto (2019) de 3.644.563,93 euros anuales.<\/p>\n<p id=\"tw-target-text\" class=\"tw-data-text tw-ta tw-text-small\" dir=\"ltr\" data-placeholder=\"Traducci\u00f3n\"><span lang=\"es\">NOSTRESERVEIS es la responsable del mantenimiento de v\u00edas p\u00fablicas, edificios y cementerios municipales, parques y zonas verdes, alumbrado p\u00fablico, limpieza de playas y montaje de actos festivos.<\/span><\/p>\n<p>Por otra parte, tambi\u00e9n se encarga de la gesti\u00f3n de los equipamientos y actividades deportivas, las guarder\u00edas, el transporte p\u00fablico y escolar, la escuela de m\u00fasica y la limpieza de los edificios municipales.<\/p>\n<p>A partir del a\u00f1o 2017, la nueva entidad pasa a gestionar el cobro de las tarifas deportivas, musicales, de las guarder\u00edas y de transporte a los usuarios de estos servicios, que hasta el momento lo hab\u00eda gestionado el Ayuntamiento de Mont-roig del Camp.<\/p>\n<h4>Nostreserveis<\/h4>\n<p>Av. Reus, 27<br \/>\nTel. 977 83 72 29<br \/>\n<a href=\"mailto:info@nostreserveis.cat\" target=\"_blank\" rel=\"noopener noreferrer\">info@nostreserveis.cat<\/a><\/p>\n<p><strong>HORARIOS <\/strong><\/p>\n<p>De lunes a viernes de 07:30 a 15.00<\/p>\n<p><a href=\"https:\/\/mont-roig.cat\/wp-content\/uploads\/20190329_Edicte_BOPT_aprovacio_inicial.pdf\" target=\"_blank\" rel=\"noopener noreferrer\">Estatutos Nostreserveis<\/a><br \/>\n<a href=\"https:\/\/mont-roig.cat\/wp-content\/uploads\/Contracte-Programa-Nostreserveis-i-Ajuntament-de-Mont-roig-del-Camp-Periode-2023-2027.pdf\" target=\"_blank\" rel=\"noopener\">Programa per\u00edodo 2023-2027<\/a><\/p>\n","protected":false},"excerpt":{"rendered":"<p>La Entidad P\u00fablica Empresarial de Servicios y Obras (NOSTRESERVEIS), es un entidad 100% municipal creada el a\u00f1o 2017, fruto de la disoluci\u00f3n de las empresas municipales EMOMSA y EMSSA. En su creaci\u00f3n, la entidad cuenta con una plantilla media de 143 trabajadores, con fluctuaciones en la temporada de verano-invierno, y un presupuesto (2019) de 3.644.563,93 [&hellip;]<\/p>\n","protected":false},"author":4,"featured_media":0,"parent":4254,"menu_order":0,"comment_status":"closed","ping_status":"closed","template":"","meta":{"inline_featured_image":false,"_monsterinsights_skip_tracking":false,"_monsterinsights_sitenote_active":false,"_monsterinsights_sitenote_note":"","_monsterinsights_sitenote_category":0,"footnotes":""},"class_list":["post-15767","page","type-page","status-publish","hentry"],"yoast_head":"<!-- This site is optimized with the Yoast SEO plugin v27.4 - https:\/\/yoast.com\/product\/yoast-seo-wordpress\/ -->\n<title>Nostreserveis - Ajuntament de Mont-roig del Camp<\/title>\n<meta name=\"robots\" content=\"index, follow, max-snippet:-1, max-image-preview:large, max-video-preview:-1\" \/>\n<link rel=\"canonical\" href=\"https:\/\/mont-roig.cat\/es\/ayuntamiento\/funcionament\/entidades-municipales\/nostreserveis\/\" \/>\n<meta property=\"og:locale\" content=\"es_ES\" \/>\n<meta property=\"og:type\" content=\"article\" \/>\n<meta property=\"og:title\" content=\"Nostreserveis - Ajuntament de Mont-roig del Camp\" \/>\n<meta property=\"og:description\" content=\"La Entidad P\u00fablica Empresarial de Servicios y Obras (NOSTRESERVEIS), es un entidad 100% municipal creada el a\u00f1o 2017, fruto de la disoluci\u00f3n de las empresas municipales EMOMSA y EMSSA. En su creaci\u00f3n, la entidad cuenta con una plantilla media de 143 trabajadores, con fluctuaciones en la temporada de verano-invierno, y un presupuesto (2019) de 3.644.563,93 [&hellip;]\" \/>\n<meta property=\"og:url\" content=\"https:\/\/mont-roig.cat\/es\/ayuntamiento\/funcionament\/entidades-municipales\/nostreserveis\/\" \/>\n<meta property=\"og:site_name\" content=\"Ajuntament de Mont-roig del Camp\" \/>\n<meta property=\"article:modified_time\" content=\"2023-06-12T11:23:07+00:00\" \/>\n<meta property=\"og:image\" content=\"http:\/\/mont-roig.cat\/wp-content\/uploads\/Nostreserveis-CAST.jpg\" \/>\n<meta name=\"twitter:card\" content=\"summary_large_image\" \/>\n<meta name=\"twitter:label1\" content=\"Tiempo de lectura\" \/>\n\t<meta name=\"twitter:data1\" content=\"2 minutos\" \/>\n<script type=\"application\/ld+json\" class=\"yoast-schema-graph\">{\"@context\":\"https:\\\/\\\/schema.org\",\"@graph\":[{\"@type\":\"WebPage\",\"@id\":\"https:\\\/\\\/mont-roig.cat\\\/es\\\/ayuntamiento\\\/funcionament\\\/entidades-municipales\\\/nostreserveis\\\/\",\"url\":\"https:\\\/\\\/mont-roig.cat\\\/es\\\/ayuntamiento\\\/funcionament\\\/entidades-municipales\\\/nostreserveis\\\/\",\"name\":\"Nostreserveis - Ajuntament de Mont-roig del Camp\",\"isPartOf\":{\"@id\":\"https:\\\/\\\/mont-roig.cat\\\/es\\\/#website\"},\"primaryImageOfPage\":{\"@id\":\"https:\\\/\\\/mont-roig.cat\\\/es\\\/ayuntamiento\\\/funcionament\\\/entidades-municipales\\\/nostreserveis\\\/#primaryimage\"},\"image\":{\"@id\":\"https:\\\/\\\/mont-roig.cat\\\/es\\\/ayuntamiento\\\/funcionament\\\/entidades-municipales\\\/nostreserveis\\\/#primaryimage\"},\"thumbnailUrl\":\"http:\\\/\\\/mont-roig.cat\\\/wp-content\\\/uploads\\\/Nostreserveis-CAST.jpg\",\"datePublished\":\"2017-03-07T21:22:20+00:00\",\"dateModified\":\"2023-06-12T11:23:07+00:00\",\"breadcrumb\":{\"@id\":\"https:\\\/\\\/mont-roig.cat\\\/es\\\/ayuntamiento\\\/funcionament\\\/entidades-municipales\\\/nostreserveis\\\/#breadcrumb\"},\"inLanguage\":\"es\",\"potentialAction\":[{\"@type\":\"ReadAction\",\"target\":[\"https:\\\/\\\/mont-roig.cat\\\/es\\\/ayuntamiento\\\/funcionament\\\/entidades-municipales\\\/nostreserveis\\\/\"]}]},{\"@type\":\"ImageObject\",\"inLanguage\":\"es\",\"@id\":\"https:\\\/\\\/mont-roig.cat\\\/es\\\/ayuntamiento\\\/funcionament\\\/entidades-municipales\\\/nostreserveis\\\/#primaryimage\",\"url\":\"http:\\\/\\\/mont-roig.cat\\\/wp-content\\\/uploads\\\/Nostreserveis-CAST.jpg\",\"contentUrl\":\"http:\\\/\\\/mont-roig.cat\\\/wp-content\\\/uploads\\\/Nostreserveis-CAST.jpg\"},{\"@type\":\"BreadcrumbList\",\"@id\":\"https:\\\/\\\/mont-roig.cat\\\/es\\\/ayuntamiento\\\/funcionament\\\/entidades-municipales\\\/nostreserveis\\\/#breadcrumb\",\"itemListElement\":[{\"@type\":\"ListItem\",\"position\":1,\"name\":\"Inici\",\"item\":\"https:\\\/\\\/mont-roig.cat\\\/es\\\/pagina-de-inicio\\\/\"},{\"@type\":\"ListItem\",\"position\":2,\"name\":\"Ayuntamiento\",\"item\":\"https:\\\/\\\/mont-roig.cat\\\/es\\\/ayuntamiento\\\/\"},{\"@type\":\"ListItem\",\"position\":3,\"name\":\"Funcionamento\",\"item\":\"https:\\\/\\\/mont-roig.cat\\\/es\\\/ayuntamiento\\\/funcionament\\\/\"},{\"@type\":\"ListItem\",\"position\":4,\"name\":\"Entidades municipales\",\"item\":\"https:\\\/\\\/mont-roig.cat\\\/es\\\/ayuntamiento\\\/funcionament\\\/entidades-municipales\\\/\"},{\"@type\":\"ListItem\",\"position\":5,\"name\":\"Nostreserveis\"}]},{\"@type\":\"WebSite\",\"@id\":\"https:\\\/\\\/mont-roig.cat\\\/es\\\/#website\",\"url\":\"https:\\\/\\\/mont-roig.cat\\\/es\\\/\",\"name\":\"Ajuntament de Mont-roig del Camp\",\"description\":\"Tota la informaci\u00f3 sobre la instituci\u00f3, els seus \u00f2rgans de govern, actualitat, serveis i molt m\u00e9s.\",\"potentialAction\":[{\"@type\":\"SearchAction\",\"target\":{\"@type\":\"EntryPoint\",\"urlTemplate\":\"https:\\\/\\\/mont-roig.cat\\\/es\\\/?s={search_term_string}\"},\"query-input\":{\"@type\":\"PropertyValueSpecification\",\"valueRequired\":true,\"valueName\":\"search_term_string\"}}],\"inLanguage\":\"es\"}]}<\/script>\n<!-- \/ Yoast SEO plugin. -->","yoast_head_json":{"title":"Nostreserveis - Ajuntament de Mont-roig del Camp","robots":{"index":"index","follow":"follow","max-snippet":"max-snippet:-1","max-image-preview":"max-image-preview:large","max-video-preview":"max-video-preview:-1"},"canonical":"https:\/\/mont-roig.cat\/es\/ayuntamiento\/funcionament\/entidades-municipales\/nostreserveis\/","og_locale":"es_ES","og_type":"article","og_title":"Nostreserveis - Ajuntament de Mont-roig del Camp","og_description":"La Entidad P\u00fablica Empresarial de Servicios y Obras (NOSTRESERVEIS), es un entidad 100% municipal creada el a\u00f1o 2017, fruto de la disoluci\u00f3n de las empresas municipales EMOMSA y EMSSA. En su creaci\u00f3n, la entidad cuenta con una plantilla media de 143 trabajadores, con fluctuaciones en la temporada de verano-invierno, y un presupuesto (2019) de 3.644.563,93 [&hellip;]","og_url":"https:\/\/mont-roig.cat\/es\/ayuntamiento\/funcionament\/entidades-municipales\/nostreserveis\/","og_site_name":"Ajuntament de Mont-roig del Camp","article_modified_time":"2023-06-12T11:23:07+00:00","og_image":[{"url":"http:\/\/mont-roig.cat\/wp-content\/uploads\/Nostreserveis-CAST.jpg","type":"","width":"","height":""}],"twitter_card":"summary_large_image","twitter_misc":{"Tiempo de lectura":"2 minutos"},"schema":{"@context":"https:\/\/schema.org","@graph":[{"@type":"WebPage","@id":"https:\/\/mont-roig.cat\/es\/ayuntamiento\/funcionament\/entidades-municipales\/nostreserveis\/","url":"https:\/\/mont-roig.cat\/es\/ayuntamiento\/funcionament\/entidades-municipales\/nostreserveis\/","name":"Nostreserveis - Ajuntament de Mont-roig del Camp","isPartOf":{"@id":"https:\/\/mont-roig.cat\/es\/#website"},"primaryImageOfPage":{"@id":"https:\/\/mont-roig.cat\/es\/ayuntamiento\/funcionament\/entidades-municipales\/nostreserveis\/#primaryimage"},"image":{"@id":"https:\/\/mont-roig.cat\/es\/ayuntamiento\/funcionament\/entidades-municipales\/nostreserveis\/#primaryimage"},"thumbnailUrl":"http:\/\/mont-roig.cat\/wp-content\/uploads\/Nostreserveis-CAST.jpg","datePublished":"2017-03-07T21:22:20+00:00","dateModified":"2023-06-12T11:23:07+00:00","breadcrumb":{"@id":"https:\/\/mont-roig.cat\/es\/ayuntamiento\/funcionament\/entidades-municipales\/nostreserveis\/#breadcrumb"},"inLanguage":"es","potentialAction":[{"@type":"ReadAction","target":["https:\/\/mont-roig.cat\/es\/ayuntamiento\/funcionament\/entidades-municipales\/nostreserveis\/"]}]},{"@type":"ImageObject","inLanguage":"es","@id":"https:\/\/mont-roig.cat\/es\/ayuntamiento\/funcionament\/entidades-municipales\/nostreserveis\/#primaryimage","url":"http:\/\/mont-roig.cat\/wp-content\/uploads\/Nostreserveis-CAST.jpg","contentUrl":"http:\/\/mont-roig.cat\/wp-content\/uploads\/Nostreserveis-CAST.jpg"},{"@type":"BreadcrumbList","@id":"https:\/\/mont-roig.cat\/es\/ayuntamiento\/funcionament\/entidades-municipales\/nostreserveis\/#breadcrumb","itemListElement":[{"@type":"ListItem","position":1,"name":"Inici","item":"https:\/\/mont-roig.cat\/es\/pagina-de-inicio\/"},{"@type":"ListItem","position":2,"name":"Ayuntamiento","item":"https:\/\/mont-roig.cat\/es\/ayuntamiento\/"},{"@type":"ListItem","position":3,"name":"Funcionamento","item":"https:\/\/mont-roig.cat\/es\/ayuntamiento\/funcionament\/"},{"@type":"ListItem","position":4,"name":"Entidades municipales","item":"https:\/\/mont-roig.cat\/es\/ayuntamiento\/funcionament\/entidades-municipales\/"},{"@type":"ListItem","position":5,"name":"Nostreserveis"}]},{"@type":"WebSite","@id":"https:\/\/mont-roig.cat\/es\/#website","url":"https:\/\/mont-roig.cat\/es\/","name":"Ajuntament de Mont-roig del Camp","description":"Tota la informaci\u00f3 sobre la instituci\u00f3, els seus \u00f2rgans de govern, actualitat, serveis i molt m\u00e9s.","potentialAction":[{"@type":"SearchAction","target":{"@type":"EntryPoint","urlTemplate":"https:\/\/mont-roig.cat\/es\/?s={search_term_string}"},"query-input":{"@type":"PropertyValueSpecification","valueRequired":true,"valueName":"search_term_string"}}],"inLanguage":"es"}]}},"_links":{"self":[{"href":"https:\/\/mont-roig.cat\/es\/wp-json\/wp\/v2\/pages\/15767","targetHints":{"allow":["GET"]}}],"collection":[{"href":"https:\/\/mont-roig.cat\/es\/wp-json\/wp\/v2\/pages"}],"about":[{"href":"https:\/\/mont-roig.cat\/es\/wp-json\/wp\/v2\/types\/page"}],"author":[{"embeddable":true,"href":"https:\/\/mont-roig.cat\/es\/wp-json\/wp\/v2\/users\/4"}],"replies":[{"embeddable":true,"href":"https:\/\/mont-roig.cat\/es\/wp-json\/wp\/v2\/comments?post=15767"}],"version-history":[{"count":7,"href":"https:\/\/mont-roig.cat\/es\/wp-json\/wp\/v2\/pages\/15767\/revisions"}],"predecessor-version":[{"id":70707,"href":"https:\/\/mont-roig.cat\/es\/wp-json\/wp\/v2\/pages\/15767\/revisions\/70707"}],"up":[{"embeddable":true,"href":"https:\/\/mont-roig.cat\/es\/wp-json\/wp\/v2\/pages\/4254"}],"wp:attachment":[{"href":"https:\/\/mont-roig.cat\/es\/wp-json\/wp\/v2\/media?parent=15767"}],"curies":[{"name":"wp","href":"https:\/\/api.w.org\/{rel}","templated":true}]}}