{"id":21590,"date":"2017-09-06T14:41:23","date_gmt":"2017-09-06T12:41:23","guid":{"rendered":"http:\/\/mont-roig.cat\/?page_id=21590"},"modified":"2024-12-12T12:20:47","modified_gmt":"2024-12-12T11:20:47","slug":"omac","status":"publish","type":"page","link":"https:\/\/mont-roig.cat\/es\/ayuntamiento\/atencion-ciudadana\/omac\/","title":{"rendered":"OMAC"},"content":{"rendered":"<div class=\"wpb-content-wrapper\">[vc_row][vc_column][vc_column_text css=&#8221;&#8221;]\n<p style=\"text-align: justify;\"><a href=\"https:\/\/mont-roig.cat\/wp-content\/uploads\/Omac-Al-teu-servei.jpg\"><img loading=\"lazy\" decoding=\"async\" class=\"alignright wp-image-36396\" src=\"https:\/\/mont-roig.cat\/wp-content\/uploads\/Omac-Al-teu-servei-500x385.jpg\" alt=\"\" width=\"300\" height=\"231\" srcset=\"https:\/\/mont-roig.cat\/wp-content\/uploads\/Omac-Al-teu-servei-500x385.jpg 500w, https:\/\/mont-roig.cat\/wp-content\/uploads\/Omac-Al-teu-servei-768x591.jpg 768w, https:\/\/mont-roig.cat\/wp-content\/uploads\/Omac-Al-teu-servei-1024x788.jpg 1024w\" sizes=\"auto, (max-width: 300px) 100vw, 300px\" \/><\/a><\/p>\n<p><strong>\u00bfQu\u00e9 es la OMAC?<\/strong><\/p>\n<p>Las\u00a0<strong>Oficinas Municipales de Atenci\u00f3n a la Ciudadan\u00eda<\/strong><strong>\u00a0(OMAC)<\/strong> son el enlace entre la ciudadan\u00eda y el Ayuntamiento. Tienen vocaci\u00f3n de servicio y la voluntad de facilitar la gesti\u00f3n de tr\u00e1mites administrativos y atender las solicitudes de informaci\u00f3n.<\/p>\n<p>Las OMAC representan una apuesta del Ayuntamiento para ofrecer un modelo de relaci\u00f3n con los ciudadanos y ciudadanas basado en criterios de eficacia y calidad, mediante un servicio centralizado, \u00e1gil, c\u00f3modo y personalizado. Todo unido para que los usuarios y usuarias obtengan respuesta y soluciones a sus solicitudes.<\/p>\n<p><strong>Dificultades auditivas:<\/strong> Para dar un mejor servicio a las personas con dificultades auditivas, se han instalado en las OMAC unos bucles magn\u00e9ticos de mesa que mejoran la comunicaci\u00f3n con los usuarios que lleven aud\u00edfonos o implantes.<\/p>\n<p>&nbsp;<\/p>\n<p><strong>Contacta con la OMAC<\/strong><\/p>\n<p>En el Ayuntamiento de Mont-roig del Camp disponemos de dos oficinas de atenci\u00f3n ciudadana (OMAC), una situada en el n\u00facleo de Mont-roig y otra en el n\u00facleo de Miami Platja.<\/p>\n<p>El horario de atenci\u00f3n ciudadana es de 9 a 14 horas, de lunes a viernes.<\/p>\n<p style=\"text-align: justify; line-height: 115%; background: white; margin: 0cm 0cm 15.0pt 0cm;\"><span style=\"font-size: 11.0pt; line-height: 115%; font-family: 'Arial',sans-serif;\">Correo electr\u00f3nico: <\/span><a href=\"mailto:omac@mont-roig.cat\" target=\"_blank\" rel=\"noopener\"><span style=\"font-size: 11.0pt; line-height: 115%; font-family: 'Arial',sans-serif;\">omac@mont-roig.cat<\/span><\/a><\/p>\n<p style=\"text-align: justify; line-height: 115%; background: white; margin: 0cm 0cm 15.0pt 0cm;\"><span style=\"font-size: 11.0pt; line-height: 115%; font-family: 'Arial',sans-serif;\">WhatsApp (no llamadas): 695 781993<\/span><\/p>\n[\/vc_column_text][\/vc_column][\/vc_row][vc_row][vc_column width=&#8221;1\/2&#8243;][vc_column_text]<a href=\"http:\/\/mont-roig.cat\/wp-content\/uploads\/2015_03_25_ omac 002.jpg\"><img loading=\"lazy\" decoding=\"async\" class=\" wp-image-5359 alignleft\" src=\"http:\/\/mont-roig.cat\/wp-content\/uploads\/2015_03_25_ omac 002.jpg\" alt=\"\" width=\"199\" height=\"149\" \/><\/a><br \/>\n<strong>OMAC MONT-ROIG<br \/>\n<\/strong>Ctra. Colldejou, s\/n<br \/>\n43300 Mont-roig del Camp<br \/>\nTel. 977 837 005<br \/>\nFax. 977 838 089[\/vc_column_text][\/vc_column][vc_column width=&#8221;1\/2&#8243;][vc_column_text]<a href=\"http:\/\/mont-roig.cat\/wp-content\/uploads\/DSCN3111.JPG\"><img loading=\"lazy\" decoding=\"async\" class=\" wp-image-5361 alignleft\" src=\"http:\/\/mont-roig.cat\/wp-content\/uploads\/DSCN3111.JPG\" alt=\"\" width=\"199\" height=\"149\" \/><\/a><br \/>\n<strong>OMAC MIAMI PLATJA<br \/>\n<\/strong>C\/ Soria, 14<br \/>\n43892 Miami Platja<br \/>\nTel. 977 837 005<br \/>\nFax. 977 170 728[\/vc_column_text][\/vc_column][\/vc_row][vc_row][vc_column][vc_toggle title=&#8221;\u00bfC\u00f3mo te podemos atender en la OMAC?&#8221; css=&#8221;&#8221;]La OMAC te ofrece la posibilidad de realizar todos los tr\u00e1mites municipales,\u00a0presencialmente con cita previa o sin, y tambi\u00e9n de manera electr\u00f3nica.<\/p>\n<p><strong>Para recibir atenci\u00f3n presencial en las OMAC no es obligatorio solicitar cita previa (excepto para citas con los t\u00e9cnicos). <\/strong><\/p>\n<p>Para solicitar cita previa puedes hacerlo en el siguiente <a href=\"https:\/\/citaprevia.mont-roig.cat\/mont-roig\/#nbb\">enlace<\/a> o llamando al 977 837005.[\/vc_toggle][vc_toggle title=&#8221;Servicios que ofrecemos en las OMAC de Mont-roig del Camp y Miami Platja&#8221; css=&#8221;&#8221;]\n<ul>\n<li><strong>Atenci\u00f3n ciudadana:<\/strong> Atenci\u00f3n e informaci\u00f3n al p\u00fablico de forma presencial, telef\u00f3nica y telem\u00e1tica. Se da informaci\u00f3n sobre los tr\u00e1mites que se pueden realizar en el Ayuntamiento de Mont-roig del Camp y la documentaci\u00f3n necesaria para realizarlos.<\/li>\n<li><strong>Registro general:<\/strong> La OMAC tiene funciones de Registro general y, por tanto, se pueden presentar todas las solicitudes y documentos que se dirijan al Ayuntamiento de Mont-roig del Camp, que se asignar\u00e1n al departamento competente en la tramitaci\u00f3n.<\/li>\n<\/ul>\n<p>Las personas f\u00edsicas pueden presentar documentaci\u00f3n en el registro general, de forma presencial, excepto los colectivos obligados a tramitar de manera electr\u00f3nica.<\/p>\n<p>Las personas y los colectivos que est\u00e1n obligados a tramitar por medios electr\u00f3nicos son:<\/p>\n<ul>\n<li>Las personas jur\u00eddicas.<\/li>\n<li>Las entidades sin personalidad jur\u00eddica.<\/li>\n<li>Quienes para ejercer una actividad profesional tengan que estar colegiados.<\/li>\n<li>Los representantes de cualquier sujeto obligado a tramitar por internet.<\/li>\n<li>Las personas f\u00edsicas o jur\u00eddicas que tengan una relaci\u00f3n de proveedor con el Ayuntamiento de Mont-rojo.<\/li>\n<li>Las personas f\u00edsicas o jur\u00eddicas que tengan que presentar una factura en el Ayuntamiento.<\/li>\n<\/ul>\n<p><strong>La obligaci\u00f3n de tramitar en l\u00ednea se informa en cada tr\u00e1mite. En el supuesto de que est\u00e9 dirigido a sujetos obligados, se debe hacer, obligatoriamente, por internet.<\/strong><\/p>\n<ul>\n<li><strong>Pr\u00e1ctica de notificaciones en comparecencia espont\u00e1nea del interesado. <\/strong>Cuando la persona interesada o su representante comparezcan de forma espont\u00e1nea en la oficina y solicite la comunicaci\u00f3n o notificaci\u00f3n personal en aquel momento.<\/li>\n<li><strong>Tramitaci\u00f3n atendida: <\/strong>La tramitaci\u00f3n atendida es el servicio que permite, a los empleados p\u00fablicos habilitados que realizan tareas de atenci\u00f3n presencial, hacer una tramitaci\u00f3n en l\u00ednea, firmando en nombre de la persona interesada, con su previo consentimiento como condici\u00f3n imprescindible.<\/li>\n<\/ul>\n<p>Por ejemplo: Si necesitas enviar una solicitud al Ayuntamiento de Bilbao o quieres presentarte a unas oposiciones de Sevilla, podemos tramitarlo desde la OMAC o te explicaremos c\u00f3mo hacerlo t\u00fa mismo\/a.<\/p>\n<ul>\n<li><strong>Apoyo en la tramitaci\u00f3n con firma biom\u00e9trica: <\/strong>Realizamos el servicio de tramitaci\u00f3n con dispositivos electr\u00f3nicos (tabletas) para que la persona pueda firmar. Utilizando este sistema reducimos el consumo de papel dado que se ahorra tener que imprimir la instancia, escanearla y a\u00f1adirla al registro.<\/li>\n<li><strong>Apoyo a la tramitaci\u00f3n en los ordenadores que hay en las OMAC y en L\u2019Espai: <\/strong>En las oficinas de las OMAC de Mont-roig, Miami Platja y en la oficina de L\u2019Espai, disponemos de un ordenador con esc\u00e1ner para uso de los ciudadanos. Este servicio es para favorecer que los ciudadanos que no dispongan de equipamiento inform\u00e1tico dispongan de un ordenador y de la asistencia del personal de la OMAC, para realizar sus tr\u00e1mites y gestiones con la administraci\u00f3n p\u00fablica.<\/li>\n<li><strong>IdCat Certificado emisi\u00f3n o revocaci\u00f3n. <\/strong>Las OMAC del Ayuntamiento de Mont-roig realizan la funci\u00f3n de Entidad de Registro idCAT. Las entidades de registro idCAT se encuentran ubicadas en varias administraciones p\u00fablicas, encargadas de emitir o revocar certificados digitales idCAT o de comprobar la veracidad de los datos introducidos en la solicitud del certificado.<\/li>\n<\/ul>\n<p>En resumen, de manera presencial podr\u00e1s solicitar en las OMAC la emisi\u00f3n de tu certificado digital idCat, con el que podr\u00e1s firmar e identificarte electr\u00f3nicamente o tambi\u00e9n podr\u00e1s hacer la revocaci\u00f3n de tu certificado.<\/p>\n<p>Para ayudarte a descargar tu certificado puedes utilizar el servicio OAC360\u00ba. Tienes m\u00e1s informaci\u00f3n en el siguiente <a href=\"https:\/\/mont-roig.cat\/es\/servicio-oac-360\/\" target=\"_blank\" rel=\"noopener\">enlace<\/a>.<\/p>\n<p>Para consultar m\u00e1s informaci\u00f3n sobre idCAT Certificat puedes consultar el siguiente <a href=\"https:\/\/www.idcat.cat\/es\" target=\"_blank\" rel=\"noopener\">enlace<\/a>[\/vc_toggle][vc_toggle title=&#8221;\u00bfC\u00f3mo hacer tr\u00e1mites en nombre de otra persona o empresa? (REPRESENTA)&#8221; css=&#8221;&#8221;]\n<p style=\"text-align: justify;\">En las Oficinas de Atenci\u00f3n Ciudadana ofrecemos el servicio REPRESENTA, que es un registro de representaci\u00f3n en el que te puedes inscribir de forma presencial\u00a0o bien <a href=\"http:\/\/representa.cat\/representa\/ciutada?codi=4309230008\" target=\"_blank\" rel=\"noopener\">online<\/a>.<\/p>\n<p style=\"text-align: justify;\">Este servicio permite a las personas representantes, una vez hecha la inscripci\u00f3n, relacionarse con las administraciones p\u00fablicas en nombre de otras personas o empresas, ya que los empleados p\u00fablicos pueden consultar las representaciones inscritas en cualquier momento.<\/p>\n<p style=\"text-align: justify;\"><strong><a href=\"https:\/\/web.gencat.cat\/es\/tramits\/com-tramitar-en-linia\/registre-electronic-de-representacio\/index.html\" target=\"_blank\" rel=\"noopener\">Puede consultar toda la informaci\u00f3n en este enlace<\/a>.<\/strong><\/p>\n<p style=\"text-align: justify;\">Para realizar la inscripci\u00f3n son necesarios los siguientes datos:<\/p>\n<ul style=\"text-align: justify;\">\n<li>Nombre y apellidos o la denominaci\u00f3n o raz\u00f3n social, documento nacional de identidad, n\u00famero de identificaci\u00f3n fiscal o documento equivalente del poderdante.<\/li>\n<li>Nombre y apellidos o la denominaci\u00f3n o raz\u00f3n social, documento nacional de identidad, n\u00famero de identificaci\u00f3n fiscal o documento equivalente del apoderado.<\/li>\n<li>Poder notarial (en su caso).<\/li>\n<\/ul>\n<p style=\"text-align: justify;\"><strong>\u00bfC\u00f3mo puedo acreditar mi inscripci\u00f3n en el REPRESENTA dentro de los tr\u00e1mites de la Sede electr\u00f3nica del Ayuntamiento de Mont-roig del Camp?<\/strong><\/p>\n<p style=\"text-align: justify;\">A la hora de entrar en la sede electr\u00f3nica deber\u00e1 identificarse electr\u00f3nicamente. Cuando est\u00e9 dentro del tr\u00e1mite le preguntar\u00e1 si act\u00faa como interesado\/da como representante.<\/p>\n<p style=\"text-align: justify;\">En el caso de tener una representaci\u00f3n en REPRESENTA deber\u00e1 indicar los datos de identificaci\u00f3n del poderdante y en el desplegable marcar la opci\u00f3n \u201cFiguro como representante en el Registro electr\u00f3nico de representaci\u00f3n (Representa AOC)&#8221;.<\/p>\n<p style=\"text-align: justify;\">La aplicaci\u00f3n verificar\u00e1 la representaci\u00f3n y, una vez realizada, podr\u00e1 realizar el tr\u00e1mite.<\/p>\n[\/vc_toggle][\/vc_column][\/vc_row][vc_row][vc_column][vc_separator color=&#8221;white&#8221;][\/vc_column][\/vc_row]\n<\/div>","protected":false},"excerpt":{"rendered":"<p>[vc_row][vc_column][vc_column_text css=&#8221;&#8221;] \u00bfQu\u00e9 es la OMAC? Las\u00a0Oficinas Municipales de Atenci\u00f3n a la Ciudadan\u00eda\u00a0(OMAC) son el enlace entre la ciudadan\u00eda y el Ayuntamiento. Tienen vocaci\u00f3n de servicio y la voluntad de facilitar la gesti\u00f3n de tr\u00e1mites administrativos y atender las solicitudes de informaci\u00f3n. Las OMAC representan una apuesta del Ayuntamiento para ofrecer un modelo de relaci\u00f3n [&hellip;]<\/p>\n","protected":false},"author":4,"featured_media":0,"parent":9508,"menu_order":0,"comment_status":"closed","ping_status":"closed","template":"","meta":{"inline_featured_image":false,"_monsterinsights_skip_tracking":false,"_monsterinsights_sitenote_active":false,"_monsterinsights_sitenote_note":"","_monsterinsights_sitenote_category":0,"footnotes":""},"class_list":["post-21590","page","type-page","status-publish","hentry"],"yoast_head":"<!-- This site is optimized with the Yoast SEO plugin v27.4 - https:\/\/yoast.com\/product\/yoast-seo-wordpress\/ -->\n<title>OMAC - Ajuntament de Mont-roig del Camp<\/title>\n<meta name=\"robots\" content=\"index, follow, max-snippet:-1, max-image-preview:large, max-video-preview:-1\" \/>\n<link rel=\"canonical\" href=\"https:\/\/mont-roig.cat\/es\/ayuntamiento\/atencion-ciudadana\/omac\/\" \/>\n<meta property=\"og:locale\" content=\"es_ES\" \/>\n<meta property=\"og:type\" content=\"article\" \/>\n<meta property=\"og:title\" content=\"OMAC - Ajuntament de Mont-roig del Camp\" \/>\n<meta property=\"og:description\" content=\"[vc_row][vc_column][vc_column_text css=&#8221;&#8221;] \u00bfQu\u00e9 es la OMAC? Las\u00a0Oficinas Municipales de Atenci\u00f3n a la Ciudadan\u00eda\u00a0(OMAC) son el enlace entre la ciudadan\u00eda y el Ayuntamiento. Tienen vocaci\u00f3n de servicio y la voluntad de facilitar la gesti\u00f3n de tr\u00e1mites administrativos y atender las solicitudes de informaci\u00f3n. Las OMAC representan una apuesta del Ayuntamiento para ofrecer un modelo de relaci\u00f3n [&hellip;]\" \/>\n<meta property=\"og:url\" content=\"https:\/\/mont-roig.cat\/es\/ayuntamiento\/atencion-ciudadana\/omac\/\" \/>\n<meta property=\"og:site_name\" content=\"Ajuntament de Mont-roig del Camp\" \/>\n<meta property=\"article:modified_time\" content=\"2024-12-12T11:20:47+00:00\" \/>\n<meta property=\"og:image\" content=\"https:\/\/mont-roig.cat\/wp-content\/uploads\/Omac-Al-teu-servei.jpg\" \/>\n\t<meta property=\"og:image:width\" content=\"5119\" \/>\n\t<meta property=\"og:image:height\" content=\"3937\" \/>\n\t<meta property=\"og:image:type\" content=\"image\/jpeg\" \/>\n<meta name=\"twitter:card\" content=\"summary_large_image\" \/>\n<meta name=\"twitter:label1\" content=\"Tiempo de lectura\" \/>\n\t<meta name=\"twitter:data1\" content=\"7 minutos\" \/>\n<script type=\"application\/ld+json\" class=\"yoast-schema-graph\">{\"@context\":\"https:\\\/\\\/schema.org\",\"@graph\":[{\"@type\":\"WebPage\",\"@id\":\"https:\\\/\\\/mont-roig.cat\\\/es\\\/ayuntamiento\\\/atencion-ciudadana\\\/omac\\\/\",\"url\":\"https:\\\/\\\/mont-roig.cat\\\/es\\\/ayuntamiento\\\/atencion-ciudadana\\\/omac\\\/\",\"name\":\"OMAC - Ajuntament de Mont-roig del Camp\",\"isPartOf\":{\"@id\":\"https:\\\/\\\/mont-roig.cat\\\/es\\\/#website\"},\"primaryImageOfPage\":{\"@id\":\"https:\\\/\\\/mont-roig.cat\\\/es\\\/ayuntamiento\\\/atencion-ciudadana\\\/omac\\\/#primaryimage\"},\"image\":{\"@id\":\"https:\\\/\\\/mont-roig.cat\\\/es\\\/ayuntamiento\\\/atencion-ciudadana\\\/omac\\\/#primaryimage\"},\"thumbnailUrl\":\"https:\\\/\\\/mont-roig.cat\\\/wp-content\\\/uploads\\\/Omac-Al-teu-servei-500x385.jpg\",\"datePublished\":\"2017-09-06T12:41:23+00:00\",\"dateModified\":\"2024-12-12T11:20:47+00:00\",\"breadcrumb\":{\"@id\":\"https:\\\/\\\/mont-roig.cat\\\/es\\\/ayuntamiento\\\/atencion-ciudadana\\\/omac\\\/#breadcrumb\"},\"inLanguage\":\"es\",\"potentialAction\":[{\"@type\":\"ReadAction\",\"target\":[\"https:\\\/\\\/mont-roig.cat\\\/es\\\/ayuntamiento\\\/atencion-ciudadana\\\/omac\\\/\"]}]},{\"@type\":\"ImageObject\",\"inLanguage\":\"es\",\"@id\":\"https:\\\/\\\/mont-roig.cat\\\/es\\\/ayuntamiento\\\/atencion-ciudadana\\\/omac\\\/#primaryimage\",\"url\":\"https:\\\/\\\/mont-roig.cat\\\/wp-content\\\/uploads\\\/Omac-Al-teu-servei-500x385.jpg\",\"contentUrl\":\"https:\\\/\\\/mont-roig.cat\\\/wp-content\\\/uploads\\\/Omac-Al-teu-servei-500x385.jpg\"},{\"@type\":\"BreadcrumbList\",\"@id\":\"https:\\\/\\\/mont-roig.cat\\\/es\\\/ayuntamiento\\\/atencion-ciudadana\\\/omac\\\/#breadcrumb\",\"itemListElement\":[{\"@type\":\"ListItem\",\"position\":1,\"name\":\"Inici\",\"item\":\"https:\\\/\\\/mont-roig.cat\\\/es\\\/pagina-de-inicio\\\/\"},{\"@type\":\"ListItem\",\"position\":2,\"name\":\"Ayuntamiento\",\"item\":\"https:\\\/\\\/mont-roig.cat\\\/es\\\/ayuntamiento\\\/\"},{\"@type\":\"ListItem\",\"position\":3,\"name\":\"Atenci\u00f3n ciudadana\",\"item\":\"https:\\\/\\\/mont-roig.cat\\\/es\\\/ayuntamiento\\\/atencion-ciudadana\\\/\"},{\"@type\":\"ListItem\",\"position\":4,\"name\":\"OMAC\"}]},{\"@type\":\"WebSite\",\"@id\":\"https:\\\/\\\/mont-roig.cat\\\/es\\\/#website\",\"url\":\"https:\\\/\\\/mont-roig.cat\\\/es\\\/\",\"name\":\"Ajuntament de Mont-roig del Camp\",\"description\":\"Tota la informaci\u00f3 sobre la instituci\u00f3, els seus \u00f2rgans de govern, actualitat, serveis i molt m\u00e9s.\",\"potentialAction\":[{\"@type\":\"SearchAction\",\"target\":{\"@type\":\"EntryPoint\",\"urlTemplate\":\"https:\\\/\\\/mont-roig.cat\\\/es\\\/?s={search_term_string}\"},\"query-input\":{\"@type\":\"PropertyValueSpecification\",\"valueRequired\":true,\"valueName\":\"search_term_string\"}}],\"inLanguage\":\"es\"}]}<\/script>\n<!-- \/ Yoast SEO plugin. -->","yoast_head_json":{"title":"OMAC - Ajuntament de Mont-roig del Camp","robots":{"index":"index","follow":"follow","max-snippet":"max-snippet:-1","max-image-preview":"max-image-preview:large","max-video-preview":"max-video-preview:-1"},"canonical":"https:\/\/mont-roig.cat\/es\/ayuntamiento\/atencion-ciudadana\/omac\/","og_locale":"es_ES","og_type":"article","og_title":"OMAC - Ajuntament de Mont-roig del Camp","og_description":"[vc_row][vc_column][vc_column_text css=&#8221;&#8221;] \u00bfQu\u00e9 es la OMAC? Las\u00a0Oficinas Municipales de Atenci\u00f3n a la Ciudadan\u00eda\u00a0(OMAC) son el enlace entre la ciudadan\u00eda y el Ayuntamiento. Tienen vocaci\u00f3n de servicio y la voluntad de facilitar la gesti\u00f3n de tr\u00e1mites administrativos y atender las solicitudes de informaci\u00f3n. Las OMAC representan una apuesta del Ayuntamiento para ofrecer un modelo de relaci\u00f3n [&hellip;]","og_url":"https:\/\/mont-roig.cat\/es\/ayuntamiento\/atencion-ciudadana\/omac\/","og_site_name":"Ajuntament de Mont-roig del Camp","article_modified_time":"2024-12-12T11:20:47+00:00","og_image":[{"width":5119,"height":3937,"url":"https:\/\/mont-roig.cat\/wp-content\/uploads\/Omac-Al-teu-servei.jpg","type":"image\/jpeg"}],"twitter_card":"summary_large_image","twitter_misc":{"Tiempo de lectura":"7 minutos"},"schema":{"@context":"https:\/\/schema.org","@graph":[{"@type":"WebPage","@id":"https:\/\/mont-roig.cat\/es\/ayuntamiento\/atencion-ciudadana\/omac\/","url":"https:\/\/mont-roig.cat\/es\/ayuntamiento\/atencion-ciudadana\/omac\/","name":"OMAC - Ajuntament de Mont-roig del Camp","isPartOf":{"@id":"https:\/\/mont-roig.cat\/es\/#website"},"primaryImageOfPage":{"@id":"https:\/\/mont-roig.cat\/es\/ayuntamiento\/atencion-ciudadana\/omac\/#primaryimage"},"image":{"@id":"https:\/\/mont-roig.cat\/es\/ayuntamiento\/atencion-ciudadana\/omac\/#primaryimage"},"thumbnailUrl":"https:\/\/mont-roig.cat\/wp-content\/uploads\/Omac-Al-teu-servei-500x385.jpg","datePublished":"2017-09-06T12:41:23+00:00","dateModified":"2024-12-12T11:20:47+00:00","breadcrumb":{"@id":"https:\/\/mont-roig.cat\/es\/ayuntamiento\/atencion-ciudadana\/omac\/#breadcrumb"},"inLanguage":"es","potentialAction":[{"@type":"ReadAction","target":["https:\/\/mont-roig.cat\/es\/ayuntamiento\/atencion-ciudadana\/omac\/"]}]},{"@type":"ImageObject","inLanguage":"es","@id":"https:\/\/mont-roig.cat\/es\/ayuntamiento\/atencion-ciudadana\/omac\/#primaryimage","url":"https:\/\/mont-roig.cat\/wp-content\/uploads\/Omac-Al-teu-servei-500x385.jpg","contentUrl":"https:\/\/mont-roig.cat\/wp-content\/uploads\/Omac-Al-teu-servei-500x385.jpg"},{"@type":"BreadcrumbList","@id":"https:\/\/mont-roig.cat\/es\/ayuntamiento\/atencion-ciudadana\/omac\/#breadcrumb","itemListElement":[{"@type":"ListItem","position":1,"name":"Inici","item":"https:\/\/mont-roig.cat\/es\/pagina-de-inicio\/"},{"@type":"ListItem","position":2,"name":"Ayuntamiento","item":"https:\/\/mont-roig.cat\/es\/ayuntamiento\/"},{"@type":"ListItem","position":3,"name":"Atenci\u00f3n ciudadana","item":"https:\/\/mont-roig.cat\/es\/ayuntamiento\/atencion-ciudadana\/"},{"@type":"ListItem","position":4,"name":"OMAC"}]},{"@type":"WebSite","@id":"https:\/\/mont-roig.cat\/es\/#website","url":"https:\/\/mont-roig.cat\/es\/","name":"Ajuntament de Mont-roig del Camp","description":"Tota la informaci\u00f3 sobre la instituci\u00f3, els seus \u00f2rgans de govern, actualitat, serveis i molt m\u00e9s.","potentialAction":[{"@type":"SearchAction","target":{"@type":"EntryPoint","urlTemplate":"https:\/\/mont-roig.cat\/es\/?s={search_term_string}"},"query-input":{"@type":"PropertyValueSpecification","valueRequired":true,"valueName":"search_term_string"}}],"inLanguage":"es"}]}},"_links":{"self":[{"href":"https:\/\/mont-roig.cat\/es\/wp-json\/wp\/v2\/pages\/21590","targetHints":{"allow":["GET"]}}],"collection":[{"href":"https:\/\/mont-roig.cat\/es\/wp-json\/wp\/v2\/pages"}],"about":[{"href":"https:\/\/mont-roig.cat\/es\/wp-json\/wp\/v2\/types\/page"}],"author":[{"embeddable":true,"href":"https:\/\/mont-roig.cat\/es\/wp-json\/wp\/v2\/users\/4"}],"replies":[{"embeddable":true,"href":"https:\/\/mont-roig.cat\/es\/wp-json\/wp\/v2\/comments?post=21590"}],"version-history":[{"count":53,"href":"https:\/\/mont-roig.cat\/es\/wp-json\/wp\/v2\/pages\/21590\/revisions"}],"predecessor-version":[{"id":79943,"href":"https:\/\/mont-roig.cat\/es\/wp-json\/wp\/v2\/pages\/21590\/revisions\/79943"}],"up":[{"embeddable":true,"href":"https:\/\/mont-roig.cat\/es\/wp-json\/wp\/v2\/pages\/9508"}],"wp:attachment":[{"href":"https:\/\/mont-roig.cat\/es\/wp-json\/wp\/v2\/media?parent=21590"}],"curies":[{"name":"wp","href":"https:\/\/api.w.org\/{rel}","templated":true}]}}