{"id":24939,"date":"2018-02-09T09:57:38","date_gmt":"2018-02-09T08:57:38","guid":{"rendered":"http:\/\/mont-roig.cat\/?page_id=24939"},"modified":"2018-02-09T09:57:38","modified_gmt":"2018-02-09T08:57:38","slug":"desfibrilladors","status":"publish","type":"page","link":"https:\/\/mont-roig.cat\/es\/desfibrilladors\/","title":{"rendered":"Desfibril\u00b7ladors"},"content":{"rendered":"<h4>Mont-roig del Camp &#8211; municipi cardioprotegit<\/h4>\n<p>L\u2019Ajuntament de Mont-roig del Camp ha instal\u00b7lat a diversos punts estrat\u00e8gics del municipi desfibril\u00b7ladors autom\u00e0tics per tal de donar assist\u00e8ncia als ve\u00efns i ve\u00efnes que puguin patir una possible aturada cardiorespirat\u00f2ria.<\/p>\n<p>Els DEA s\u00f3n uns dispositius m\u00e8dics que identifiquen les ar\u00edtmies que requereixen desfibril\u00b7laci\u00f3 i administren una desc\u00e0rrega el\u00e8ctrica quan est\u00e0 indicada. Aquests aparells permeten una primera actuaci\u00f3 que, per la seva immediatesa, pot millorar les possibilitats de superviv\u00e8ncia de les persones afectades. \u00a0S\u00f3n doncs, una eina efica\u00e7 abans de l\u2019arribada dels serveis d\u2019emerg\u00e8ncia.<\/p>\n<p>Els desfibril\u00b7ladors instal\u00b7lats per l\u2019Ajuntament es caracteritzen per la seva facilitat d\u2019\u00fas, que garanteixen, tot i la situaci\u00f3 d\u2019estr\u00e8s del moment, que qualsevol persona pugui donar aquesta primera assist\u00e8ncia tant vital.<\/p>\n<p>Malgrat la facilitat d\u2019\u00fas, des de l\u2019\u00c0rea de Sanitat i Salut P\u00fablica s\u2019organitzen de forma peri\u00f2dica sessions formatives per tal que la poblaci\u00f3 adquireixi els coneixements i confian\u00e7a necess\u00e0ria per poder-los utilitzar en cas d\u2019urg\u00e8ncia.<\/p>\n<p>M\u00e9s informaci\u00f3: Departament de Salut P\u00fablica. Tel\u00e8fon 977 83 70 05.<\/p>\n<h4><strong>Xarxa de desfibril\u00b7ladors instal\u00b7lats:<\/strong><\/h4>\n<div id=\"attachment_24600\" style=\"width: 310px\" class=\"wp-caption alignleft\"><a href=\"http:\/\/mont-roig.cat\/wp-content\/uploads\/2018-009-Ubicacio-desfibril\u00b7ladors-02-001.jpg\"><img loading=\"lazy\" decoding=\"async\" aria-describedby=\"caption-attachment-24600\" class=\"wp-image-24600\" src=\"http:\/\/mont-roig.cat\/wp-content\/uploads\/2018-009-Ubicacio-desfibril\u00b7ladors-02-001.jpg\" alt=\"\" width=\"300\" height=\"186\" \/><\/a><p id=\"caption-attachment-24600\" class=\"wp-caption-text\">Ubicacions desfibril\u00b7ladors. Nucli de Mont-roig i urbanitzaci\u00f3 (<a href=\"http:\/\/mont-roig.cat\/wp-content\/uploads\/2018-009-Ubicacio-desfibril\u00b7ladors-02.pdf\" target=\"_blank\" rel=\"noopener\">descarrega el pdf<\/a>)<\/p><\/div>\n<div id=\"attachment_24836\" style=\"width: 310px\" class=\"wp-caption alignleft\"><a href=\"http:\/\/mont-roig.cat\/wp-content\/uploads\/2018-009-Ubicacio-desfibril\u00b7ladors-01-001.jpg\"><img loading=\"lazy\" decoding=\"async\" aria-describedby=\"caption-attachment-24836\" class=\"wp-image-24836\" src=\"http:\/\/mont-roig.cat\/wp-content\/uploads\/2018-009-Ubicacio-desfibril\u00b7ladors-01-001.jpg\" alt=\"\" width=\"300\" height=\"186\" \/><\/a><p id=\"caption-attachment-24836\" class=\"wp-caption-text\">Ubicacions desfibril\u00b7ladors. Nucli Miami Platja i urbanitzaci\u00f3 (<a href=\"http:\/\/mont-roig.cat\/wp-content\/uploads\/2018-009-Ubicacio-desfibril\u00b7ladors-01.pdf\" target=\"_blank\" rel=\"noopener\">descarrega el pdf<\/a>)<\/p><\/div>\n<p>&nbsp;<\/p>\n<p>&nbsp;<\/p>\n<p>&nbsp;<\/p>\n<p>&nbsp;<\/p>\n<p>&nbsp;<\/p>\n<p>&nbsp;<\/p>\n<p>A m\u00e9s dels desfibril\u00b7ladors instal\u00b7lats a llocs c\u00e8ntrics i amb aflu\u00e8ncia de poblaci\u00f3, de pr\u00e0ctica esportiva o espais amb persones amb risc de patir aturades cardio-respirat\u00f2ries, l\u2019Ajuntament ha cedit dos aparells al Centre d\u2019Atenci\u00f3 Prim\u00e0ria de Mont-roig i a la Policia Local per tal que els puguin portar a les unitats m\u00f2bils. A m\u00e9s, n\u2019hi ha un altre a les depend\u00e8ncies de l\u2019Ajuntament que est\u00e0 a disposici\u00f3 de les entitats o clubs esportius. Aquestes poden sol\u00b7licitar-lo de forma espor\u00e0dica quan hagin de fer despla\u00e7aments fora del terme municipal.<\/p>\n<div id=\"attachment_24947\" style=\"width: 200px\" class=\"wp-caption alignleft\"><a href=\"http:\/\/mont-roig.cat\/wp-content\/uploads\/Desfibril\u00b7ladors-3.jpg\"><img loading=\"lazy\" decoding=\"async\" aria-describedby=\"caption-attachment-24947\" class=\"wp-image-24947\" src=\"http:\/\/mont-roig.cat\/wp-content\/uploads\/Desfibril\u00b7ladors-3.jpg\" alt=\"\" width=\"190\" height=\"143\" srcset=\"https:\/\/mont-roig.cat\/wp-content\/uploads\/Desfibril\u00b7ladors-3.jpg 1920w, https:\/\/mont-roig.cat\/wp-content\/uploads\/Desfibril\u00b7ladors-3-500x375.jpg 500w, https:\/\/mont-roig.cat\/wp-content\/uploads\/Desfibril\u00b7ladors-3-768x576.jpg 768w, https:\/\/mont-roig.cat\/wp-content\/uploads\/Desfibril\u00b7ladors-3-1024x768.jpg 1024w, https:\/\/mont-roig.cat\/wp-content\/uploads\/Desfibril\u00b7ladors-3-463x348.jpg 463w\" sizes=\"auto, (max-width: 190px) 100vw, 190px\" \/><\/a><p id=\"caption-attachment-24947\" class=\"wp-caption-text\">Carrer Badajoz, 4<\/p><\/div>\n<div id=\"attachment_24948\" style=\"width: 200px\" class=\"wp-caption alignleft\"><a href=\"http:\/\/mont-roig.cat\/wp-content\/uploads\/Desfibril\u00b7ladors-4.jpg\"><img loading=\"lazy\" decoding=\"async\" aria-describedby=\"caption-attachment-24948\" class=\"wp-image-24948\" src=\"http:\/\/mont-roig.cat\/wp-content\/uploads\/Desfibril\u00b7ladors-4.jpg\" alt=\"\" width=\"190\" height=\"143\" srcset=\"https:\/\/mont-roig.cat\/wp-content\/uploads\/Desfibril\u00b7ladors-4.jpg 1920w, https:\/\/mont-roig.cat\/wp-content\/uploads\/Desfibril\u00b7ladors-4-500x375.jpg 500w, https:\/\/mont-roig.cat\/wp-content\/uploads\/Desfibril\u00b7ladors-4-768x576.jpg 768w, https:\/\/mont-roig.cat\/wp-content\/uploads\/Desfibril\u00b7ladors-4-1024x768.jpg 1024w, https:\/\/mont-roig.cat\/wp-content\/uploads\/Desfibril\u00b7ladors-4-463x348.jpg 463w\" sizes=\"auto, (max-width: 190px) 100vw, 190px\" \/><\/a><p id=\"caption-attachment-24948\" class=\"wp-caption-text\">Carrer Soria, 14<\/p><\/div>\n<div id=\"attachment_24946\" style=\"width: 200px\" class=\"wp-caption alignleft\"><a href=\"http:\/\/mont-roig.cat\/wp-content\/uploads\/Desfibril\u00b7ladors-2.jpg\"><img loading=\"lazy\" decoding=\"async\" aria-describedby=\"caption-attachment-24946\" class=\"wp-image-24946\" src=\"http:\/\/mont-roig.cat\/wp-content\/uploads\/Desfibril\u00b7ladors-2.jpg\" alt=\"\" width=\"190\" height=\"143\" srcset=\"https:\/\/mont-roig.cat\/wp-content\/uploads\/Desfibril\u00b7ladors-2.jpg 1920w, https:\/\/mont-roig.cat\/wp-content\/uploads\/Desfibril\u00b7ladors-2-500x375.jpg 500w, https:\/\/mont-roig.cat\/wp-content\/uploads\/Desfibril\u00b7ladors-2-768x576.jpg 768w, https:\/\/mont-roig.cat\/wp-content\/uploads\/Desfibril\u00b7ladors-2-1024x768.jpg 1024w, https:\/\/mont-roig.cat\/wp-content\/uploads\/Desfibril\u00b7ladors-2-463x348.jpg 463w\" sizes=\"auto, (max-width: 190px) 100vw, 190px\" \/><\/a><p id=\"caption-attachment-24946\" class=\"wp-caption-text\">Avinguda de Barcelona, 158<\/p><\/div>\n<div id=\"attachment_24945\" style=\"width: 200px\" class=\"wp-caption alignleft\"><a href=\"http:\/\/mont-roig.cat\/wp-content\/uploads\/Desfibril\u00b7ladors-1.jpg\"><img loading=\"lazy\" decoding=\"async\" aria-describedby=\"caption-attachment-24945\" class=\"wp-image-24945\" src=\"http:\/\/mont-roig.cat\/wp-content\/uploads\/Desfibril\u00b7ladors-1.jpg\" alt=\"\" width=\"190\" height=\"143\" srcset=\"https:\/\/mont-roig.cat\/wp-content\/uploads\/Desfibril\u00b7ladors-1.jpg 1920w, https:\/\/mont-roig.cat\/wp-content\/uploads\/Desfibril\u00b7ladors-1-500x375.jpg 500w, https:\/\/mont-roig.cat\/wp-content\/uploads\/Desfibril\u00b7ladors-1-768x576.jpg 768w, https:\/\/mont-roig.cat\/wp-content\/uploads\/Desfibril\u00b7ladors-1-1024x768.jpg 1024w, https:\/\/mont-roig.cat\/wp-content\/uploads\/Desfibril\u00b7ladors-1-463x348.jpg 463w\" sizes=\"auto, (max-width: 190px) 100vw, 190px\" \/><\/a><p id=\"caption-attachment-24945\" class=\"wp-caption-text\">Pla\u00e7a Tarragona, 8<\/p><\/div>\n","protected":false},"excerpt":{"rendered":"<p>Mont-roig del Camp &#8211; municipi cardioprotegit L\u2019Ajuntament de Mont-roig del Camp ha instal\u00b7lat a diversos punts estrat\u00e8gics del municipi desfibril\u00b7ladors autom\u00e0tics per tal de donar assist\u00e8ncia als ve\u00efns i ve\u00efnes que puguin patir una possible aturada cardiorespirat\u00f2ria. Els DEA s\u00f3n uns dispositius m\u00e8dics que identifiquen les ar\u00edtmies que requereixen desfibril\u00b7laci\u00f3 i administren una desc\u00e0rrega el\u00e8ctrica [&hellip;]<\/p>\n","protected":false},"author":4,"featured_media":0,"parent":0,"menu_order":0,"comment_status":"closed","ping_status":"closed","template":"","meta":{"inline_featured_image":false,"_monsterinsights_skip_tracking":false,"_monsterinsights_sitenote_active":false,"_monsterinsights_sitenote_note":"","_monsterinsights_sitenote_category":0,"footnotes":""},"class_list":["post-24939","page","type-page","status-publish","hentry"],"yoast_head":"<!-- This site is optimized with the Yoast SEO plugin v27.1.1 - https:\/\/yoast.com\/product\/yoast-seo-wordpress\/ -->\n<title>Desfibril\u00b7ladors - Ajuntament de Mont-roig del Camp<\/title>\n<meta name=\"robots\" content=\"index, follow, max-snippet:-1, max-image-preview:large, max-video-preview:-1\" \/>\n<link rel=\"canonical\" href=\"https:\/\/mont-roig.cat\/es\/desfibrilladors\/\" \/>\n<meta property=\"og:locale\" content=\"es_ES\" \/>\n<meta property=\"og:type\" content=\"article\" \/>\n<meta property=\"og:title\" content=\"Desfibril\u00b7ladors - Ajuntament de Mont-roig del Camp\" \/>\n<meta property=\"og:description\" content=\"Mont-roig del Camp &#8211; municipi cardioprotegit L\u2019Ajuntament de Mont-roig del Camp ha instal\u00b7lat a diversos punts estrat\u00e8gics del municipi desfibril\u00b7ladors autom\u00e0tics per tal de donar assist\u00e8ncia als ve\u00efns i ve\u00efnes que puguin patir una possible aturada cardiorespirat\u00f2ria. Els DEA s\u00f3n uns dispositius m\u00e8dics que identifiquen les ar\u00edtmies que requereixen desfibril\u00b7laci\u00f3 i administren una desc\u00e0rrega el\u00e8ctrica [&hellip;]\" \/>\n<meta property=\"og:url\" content=\"https:\/\/mont-roig.cat\/es\/desfibrilladors\/\" \/>\n<meta property=\"og:site_name\" content=\"Ajuntament de Mont-roig del Camp\" \/>\n<meta property=\"og:image\" content=\"http:\/\/mont-roig.cat\/wp-content\/uploads\/2018-009-Ubicacio-desfibril\u00b7ladors-02-001.jpg\" \/>\n<meta name=\"twitter:card\" content=\"summary_large_image\" \/>\n<meta name=\"twitter:label1\" content=\"Tiempo de lectura\" \/>\n\t<meta name=\"twitter:data1\" content=\"2 minutos\" \/>\n<script type=\"application\/ld+json\" class=\"yoast-schema-graph\">{\"@context\":\"https:\/\/schema.org\",\"@graph\":[{\"@type\":\"WebPage\",\"@id\":\"https:\/\/mont-roig.cat\/es\/desfibrilladors\/\",\"url\":\"https:\/\/mont-roig.cat\/es\/desfibrilladors\/\",\"name\":\"Desfibril\u00b7ladors - Ajuntament de Mont-roig del Camp\",\"isPartOf\":{\"@id\":\"https:\/\/mont-roig.cat\/es\/#website\"},\"datePublished\":\"2018-02-09T08:57:38+00:00\",\"breadcrumb\":{\"@id\":\"https:\/\/mont-roig.cat\/es\/desfibrilladors\/#breadcrumb\"},\"inLanguage\":\"es\",\"potentialAction\":[{\"@type\":\"ReadAction\",\"target\":[\"https:\/\/mont-roig.cat\/es\/desfibrilladors\/\"]}]},{\"@type\":\"BreadcrumbList\",\"@id\":\"https:\/\/mont-roig.cat\/es\/desfibrilladors\/#breadcrumb\",\"itemListElement\":[{\"@type\":\"ListItem\",\"position\":1,\"name\":\"Inici\",\"item\":\"https:\/\/mont-roig.cat\/es\/pagina-de-inicio\/\"},{\"@type\":\"ListItem\",\"position\":2,\"name\":\"Desfibril\u00b7ladors\"}]},{\"@type\":\"WebSite\",\"@id\":\"https:\/\/mont-roig.cat\/es\/#website\",\"url\":\"https:\/\/mont-roig.cat\/es\/\",\"name\":\"Ajuntament de Mont-roig del Camp\",\"description\":\"Tota la informaci\u00f3 sobre la instituci\u00f3, els seus \u00f2rgans de govern, actualitat, serveis i molt m\u00e9s.\",\"potentialAction\":[{\"@type\":\"SearchAction\",\"target\":{\"@type\":\"EntryPoint\",\"urlTemplate\":\"https:\/\/mont-roig.cat\/es\/?s={search_term_string}\"},\"query-input\":{\"@type\":\"PropertyValueSpecification\",\"valueRequired\":true,\"valueName\":\"search_term_string\"}}],\"inLanguage\":\"es\"}]}<\/script>\n<!-- \/ Yoast SEO plugin. -->","yoast_head_json":{"title":"Desfibril\u00b7ladors - Ajuntament de Mont-roig del Camp","robots":{"index":"index","follow":"follow","max-snippet":"max-snippet:-1","max-image-preview":"max-image-preview:large","max-video-preview":"max-video-preview:-1"},"canonical":"https:\/\/mont-roig.cat\/es\/desfibrilladors\/","og_locale":"es_ES","og_type":"article","og_title":"Desfibril\u00b7ladors - Ajuntament de Mont-roig del Camp","og_description":"Mont-roig del Camp &#8211; municipi cardioprotegit L\u2019Ajuntament de Mont-roig del Camp ha instal\u00b7lat a diversos punts estrat\u00e8gics del municipi desfibril\u00b7ladors autom\u00e0tics per tal de donar assist\u00e8ncia als ve\u00efns i ve\u00efnes que puguin patir una possible aturada cardiorespirat\u00f2ria. Els DEA s\u00f3n uns dispositius m\u00e8dics que identifiquen les ar\u00edtmies que requereixen desfibril\u00b7laci\u00f3 i administren una desc\u00e0rrega el\u00e8ctrica [&hellip;]","og_url":"https:\/\/mont-roig.cat\/es\/desfibrilladors\/","og_site_name":"Ajuntament de Mont-roig del Camp","og_image":[{"url":"http:\/\/mont-roig.cat\/wp-content\/uploads\/2018-009-Ubicacio-desfibril\u00b7ladors-02-001.jpg","type":"","width":"","height":""}],"twitter_card":"summary_large_image","twitter_misc":{"Tiempo de lectura":"2 minutos"},"schema":{"@context":"https:\/\/schema.org","@graph":[{"@type":"WebPage","@id":"https:\/\/mont-roig.cat\/es\/desfibrilladors\/","url":"https:\/\/mont-roig.cat\/es\/desfibrilladors\/","name":"Desfibril\u00b7ladors - Ajuntament de Mont-roig del Camp","isPartOf":{"@id":"https:\/\/mont-roig.cat\/es\/#website"},"datePublished":"2018-02-09T08:57:38+00:00","breadcrumb":{"@id":"https:\/\/mont-roig.cat\/es\/desfibrilladors\/#breadcrumb"},"inLanguage":"es","potentialAction":[{"@type":"ReadAction","target":["https:\/\/mont-roig.cat\/es\/desfibrilladors\/"]}]},{"@type":"BreadcrumbList","@id":"https:\/\/mont-roig.cat\/es\/desfibrilladors\/#breadcrumb","itemListElement":[{"@type":"ListItem","position":1,"name":"Inici","item":"https:\/\/mont-roig.cat\/es\/pagina-de-inicio\/"},{"@type":"ListItem","position":2,"name":"Desfibril\u00b7ladors"}]},{"@type":"WebSite","@id":"https:\/\/mont-roig.cat\/es\/#website","url":"https:\/\/mont-roig.cat\/es\/","name":"Ajuntament de Mont-roig del Camp","description":"Tota la informaci\u00f3 sobre la instituci\u00f3, els seus \u00f2rgans de govern, actualitat, serveis i molt m\u00e9s.","potentialAction":[{"@type":"SearchAction","target":{"@type":"EntryPoint","urlTemplate":"https:\/\/mont-roig.cat\/es\/?s={search_term_string}"},"query-input":{"@type":"PropertyValueSpecification","valueRequired":true,"valueName":"search_term_string"}}],"inLanguage":"es"}]}},"_links":{"self":[{"href":"https:\/\/mont-roig.cat\/es\/wp-json\/wp\/v2\/pages\/24939","targetHints":{"allow":["GET"]}}],"collection":[{"href":"https:\/\/mont-roig.cat\/es\/wp-json\/wp\/v2\/pages"}],"about":[{"href":"https:\/\/mont-roig.cat\/es\/wp-json\/wp\/v2\/types\/page"}],"author":[{"embeddable":true,"href":"https:\/\/mont-roig.cat\/es\/wp-json\/wp\/v2\/users\/4"}],"replies":[{"embeddable":true,"href":"https:\/\/mont-roig.cat\/es\/wp-json\/wp\/v2\/comments?post=24939"}],"version-history":[{"count":13,"href":"https:\/\/mont-roig.cat\/es\/wp-json\/wp\/v2\/pages\/24939\/revisions"}],"predecessor-version":[{"id":24961,"href":"https:\/\/mont-roig.cat\/es\/wp-json\/wp\/v2\/pages\/24939\/revisions\/24961"}],"wp:attachment":[{"href":"https:\/\/mont-roig.cat\/es\/wp-json\/wp\/v2\/media?parent=24939"}],"curies":[{"name":"wp","href":"https:\/\/api.w.org\/{rel}","templated":true}]}}