{"id":31563,"date":"2018-10-31T15:35:50","date_gmt":"2018-10-31T14:35:50","guid":{"rendered":"https:\/\/mont-roig.cat\/?page_id=31563"},"modified":"2026-03-03T09:31:27","modified_gmt":"2026-03-03T08:31:27","slug":"consejo-escolar","status":"publish","type":"page","link":"https:\/\/mont-roig.cat\/es\/govern-obert\/participacion-ciudadana\/consejo-escolar\/","title":{"rendered":"Consejo Escolar"},"content":{"rendered":"<div class=\"wpb-content-wrapper\">[vc_row][vc_column][vc_column_text css=&#8221;&#8221;]<strong>Consejo Escolar del Ayuntamiento Mont-roig del Camp<\/strong><\/p>\n<p style=\"text-align: justify;\">El Ayuntamiento de Mont-roig del Camp, en el marco del desarrollo de las propias pol\u00edticas de participaci\u00f3n ciudadana, cre\u00f3 el a\u00f1o 2006, el Consejo Escolar del municipio. El consejo escolar del centro es el <strong>\u00f3rgano colegiado de participaci\u00f3n<\/strong> de la comunidad escolar en el gobierno del centro. En el consejo escolar est\u00e1n representados todos los colectivos que intervienen en la comunidad educativa: director, profesorado, alumnado, personal de administraci\u00f3n y servicios, etc.<\/p>\n<p style=\"text-align: justify;\">En los centros p\u00fablicos, la funci\u00f3n principal del consejo escolar es participar en la toma de decisiones en relaci\u00f3n con aquellos temas importantes para el funcionamiento y la organizaci\u00f3n del centro: el proyecto educativo, la programaci\u00f3n general, la gesti\u00f3n econ\u00f3mica, etc. En el caso de los centros privados concertados, el consejo escolar debate, eval\u00faa, analiza y toma decisiones sobre los temas propuestos por el titular del centro.<\/p>\n<p><strong>Documentos informativos<\/strong>:<\/p>\n<p><a href=\"https:\/\/mont-roig.cat\/wp-content\/uploads\/Normativa-del-Consell-Escolar.pdf\" target=\"_blank\" rel=\"noopener noreferrer\">Normativa del Consejo Escolar<\/a><\/p>\n<p><a href=\"https:\/\/mont-roig.cat\/wp-content\/uploads\/Membres-Consell-Escolar.pdf\" target=\"_blank\" rel=\"noopener noreferrer\">Miembros Consejo Escolar<\/a><\/p>\n<p><strong>Actas de las sesiones:<\/strong><\/p>\n<p><a href=\"https:\/\/mont-roig.cat\/wp-content\/uploads\/ACTA-13-03-2017.pdf\" target=\"_blank\" rel=\"noopener noreferrer\">ACTA 13-03-2017<\/a><\/p>\n<p><a href=\"https:\/\/mont-roig.cat\/wp-content\/uploads\/ACTA-18-12-2017.pdf\" target=\"_blank\" rel=\"noopener noreferrer\">ACTA 18-12-2017<\/a><\/p>\n<p><a href=\"https:\/\/mont-roig.cat\/wp-content\/uploads\/20190619_Acta_Acta_ACTA-13-03-2019.pdf\" target=\"_blank\" rel=\"noopener noreferrer\">ACTA 13-03-2019<\/a><\/p>\n<p><em>Actualmente est\u00e1 inactivo<\/em>[\/vc_column_text][\/vc_column][\/vc_row]\n<\/div>","protected":false},"excerpt":{"rendered":"<p>[vc_row][vc_column][vc_column_text css=&#8221;&#8221;]Consejo Escolar del Ayuntamiento Mont-roig del Camp El Ayuntamiento de Mont-roig del Camp, en el marco del desarrollo de las propias pol\u00edticas de participaci\u00f3n ciudadana, cre\u00f3 el a\u00f1o 2006, el Consejo Escolar del municipio. El consejo escolar del centro es el \u00f3rgano colegiado de participaci\u00f3n de la comunidad escolar en el gobierno del centro. [&hellip;]<\/p>\n","protected":false},"author":4,"featured_media":0,"parent":9395,"menu_order":0,"comment_status":"closed","ping_status":"closed","template":"","meta":{"inline_featured_image":false,"_monsterinsights_skip_tracking":false,"_monsterinsights_sitenote_active":false,"_monsterinsights_sitenote_note":"","_monsterinsights_sitenote_category":0,"footnotes":""},"class_list":["post-31563","page","type-page","status-publish","hentry"],"yoast_head":"<!-- This site is optimized with the Yoast SEO plugin v27.4 - https:\/\/yoast.com\/product\/yoast-seo-wordpress\/ -->\n<title>Consejo Escolar - Ajuntament de Mont-roig del Camp<\/title>\n<meta name=\"robots\" content=\"index, follow, max-snippet:-1, max-image-preview:large, max-video-preview:-1\" \/>\n<link rel=\"canonical\" href=\"https:\/\/mont-roig.cat\/es\/govern-obert\/participacion-ciudadana\/consejo-escolar\/\" \/>\n<meta property=\"og:locale\" content=\"es_ES\" \/>\n<meta property=\"og:type\" content=\"article\" \/>\n<meta property=\"og:title\" content=\"Consejo Escolar - Ajuntament de Mont-roig del Camp\" \/>\n<meta property=\"og:description\" content=\"[vc_row][vc_column][vc_column_text css=&#8221;&#8221;]Consejo Escolar del Ayuntamiento Mont-roig del Camp El Ayuntamiento de Mont-roig del Camp, en el marco del desarrollo de las propias pol\u00edticas de participaci\u00f3n ciudadana, cre\u00f3 el a\u00f1o 2006, el Consejo Escolar del municipio. El consejo escolar del centro es el \u00f3rgano colegiado de participaci\u00f3n de la comunidad escolar en el gobierno del centro. [&hellip;]\" \/>\n<meta property=\"og:url\" content=\"https:\/\/mont-roig.cat\/es\/govern-obert\/participacion-ciudadana\/consejo-escolar\/\" \/>\n<meta property=\"og:site_name\" content=\"Ajuntament de Mont-roig del Camp\" \/>\n<meta property=\"article:modified_time\" content=\"2026-03-03T08:31:27+00:00\" \/>\n<meta property=\"og:image\" content=\"https:\/\/mont-roig.cat\/wp-content\/uploads\/aj-mont-roig-2.jpg\" \/>\n\t<meta property=\"og:image:width\" content=\"1200\" \/>\n\t<meta property=\"og:image:height\" content=\"600\" \/>\n\t<meta property=\"og:image:type\" content=\"image\/jpeg\" \/>\n<meta name=\"twitter:card\" content=\"summary_large_image\" \/>\n<meta name=\"twitter:label1\" content=\"Tiempo de lectura\" \/>\n\t<meta name=\"twitter:data1\" content=\"1 minuto\" \/>\n<script type=\"application\/ld+json\" class=\"yoast-schema-graph\">{\"@context\":\"https:\\\/\\\/schema.org\",\"@graph\":[{\"@type\":\"WebPage\",\"@id\":\"https:\\\/\\\/mont-roig.cat\\\/es\\\/govern-obert\\\/participacion-ciudadana\\\/consejo-escolar\\\/\",\"url\":\"https:\\\/\\\/mont-roig.cat\\\/es\\\/govern-obert\\\/participacion-ciudadana\\\/consejo-escolar\\\/\",\"name\":\"Consejo Escolar - Ajuntament de Mont-roig del Camp\",\"isPartOf\":{\"@id\":\"https:\\\/\\\/mont-roig.cat\\\/es\\\/#website\"},\"datePublished\":\"2018-10-31T14:35:50+00:00\",\"dateModified\":\"2026-03-03T08:31:27+00:00\",\"breadcrumb\":{\"@id\":\"https:\\\/\\\/mont-roig.cat\\\/es\\\/govern-obert\\\/participacion-ciudadana\\\/consejo-escolar\\\/#breadcrumb\"},\"inLanguage\":\"es\",\"potentialAction\":[{\"@type\":\"ReadAction\",\"target\":[\"https:\\\/\\\/mont-roig.cat\\\/es\\\/govern-obert\\\/participacion-ciudadana\\\/consejo-escolar\\\/\"]}]},{\"@type\":\"BreadcrumbList\",\"@id\":\"https:\\\/\\\/mont-roig.cat\\\/es\\\/govern-obert\\\/participacion-ciudadana\\\/consejo-escolar\\\/#breadcrumb\",\"itemListElement\":[{\"@type\":\"ListItem\",\"position\":1,\"name\":\"Inici\",\"item\":\"https:\\\/\\\/mont-roig.cat\\\/es\\\/pagina-de-inicio\\\/\"},{\"@type\":\"ListItem\",\"position\":2,\"name\":\"Gobierno abierto\",\"item\":\"https:\\\/\\\/mont-roig.cat\\\/es\\\/govern-obert\\\/\"},{\"@type\":\"ListItem\",\"position\":3,\"name\":\"Participaci\u00f3n ciudadana\",\"item\":\"https:\\\/\\\/mont-roig.cat\\\/es\\\/govern-obert\\\/participacion-ciudadana\\\/\"},{\"@type\":\"ListItem\",\"position\":4,\"name\":\"Consejo Escolar\"}]},{\"@type\":\"WebSite\",\"@id\":\"https:\\\/\\\/mont-roig.cat\\\/es\\\/#website\",\"url\":\"https:\\\/\\\/mont-roig.cat\\\/es\\\/\",\"name\":\"Ajuntament de Mont-roig del Camp\",\"description\":\"Tota la informaci\u00f3 sobre la instituci\u00f3, els seus \u00f2rgans de govern, actualitat, serveis i molt m\u00e9s.\",\"potentialAction\":[{\"@type\":\"SearchAction\",\"target\":{\"@type\":\"EntryPoint\",\"urlTemplate\":\"https:\\\/\\\/mont-roig.cat\\\/es\\\/?s={search_term_string}\"},\"query-input\":{\"@type\":\"PropertyValueSpecification\",\"valueRequired\":true,\"valueName\":\"search_term_string\"}}],\"inLanguage\":\"es\"}]}<\/script>\n<!-- \/ Yoast SEO plugin. -->","yoast_head_json":{"title":"Consejo Escolar - Ajuntament de Mont-roig del Camp","robots":{"index":"index","follow":"follow","max-snippet":"max-snippet:-1","max-image-preview":"max-image-preview:large","max-video-preview":"max-video-preview:-1"},"canonical":"https:\/\/mont-roig.cat\/es\/govern-obert\/participacion-ciudadana\/consejo-escolar\/","og_locale":"es_ES","og_type":"article","og_title":"Consejo Escolar - Ajuntament de Mont-roig del Camp","og_description":"[vc_row][vc_column][vc_column_text css=&#8221;&#8221;]Consejo Escolar del Ayuntamiento Mont-roig del Camp El Ayuntamiento de Mont-roig del Camp, en el marco del desarrollo de las propias pol\u00edticas de participaci\u00f3n ciudadana, cre\u00f3 el a\u00f1o 2006, el Consejo Escolar del municipio. El consejo escolar del centro es el \u00f3rgano colegiado de participaci\u00f3n de la comunidad escolar en el gobierno del centro. [&hellip;]","og_url":"https:\/\/mont-roig.cat\/es\/govern-obert\/participacion-ciudadana\/consejo-escolar\/","og_site_name":"Ajuntament de Mont-roig del Camp","article_modified_time":"2026-03-03T08:31:27+00:00","og_image":[{"width":1200,"height":600,"url":"https:\/\/mont-roig.cat\/wp-content\/uploads\/aj-mont-roig-2.jpg","type":"image\/jpeg"}],"twitter_card":"summary_large_image","twitter_misc":{"Tiempo de lectura":"1 minuto"},"schema":{"@context":"https:\/\/schema.org","@graph":[{"@type":"WebPage","@id":"https:\/\/mont-roig.cat\/es\/govern-obert\/participacion-ciudadana\/consejo-escolar\/","url":"https:\/\/mont-roig.cat\/es\/govern-obert\/participacion-ciudadana\/consejo-escolar\/","name":"Consejo Escolar - Ajuntament de Mont-roig del Camp","isPartOf":{"@id":"https:\/\/mont-roig.cat\/es\/#website"},"datePublished":"2018-10-31T14:35:50+00:00","dateModified":"2026-03-03T08:31:27+00:00","breadcrumb":{"@id":"https:\/\/mont-roig.cat\/es\/govern-obert\/participacion-ciudadana\/consejo-escolar\/#breadcrumb"},"inLanguage":"es","potentialAction":[{"@type":"ReadAction","target":["https:\/\/mont-roig.cat\/es\/govern-obert\/participacion-ciudadana\/consejo-escolar\/"]}]},{"@type":"BreadcrumbList","@id":"https:\/\/mont-roig.cat\/es\/govern-obert\/participacion-ciudadana\/consejo-escolar\/#breadcrumb","itemListElement":[{"@type":"ListItem","position":1,"name":"Inici","item":"https:\/\/mont-roig.cat\/es\/pagina-de-inicio\/"},{"@type":"ListItem","position":2,"name":"Gobierno abierto","item":"https:\/\/mont-roig.cat\/es\/govern-obert\/"},{"@type":"ListItem","position":3,"name":"Participaci\u00f3n ciudadana","item":"https:\/\/mont-roig.cat\/es\/govern-obert\/participacion-ciudadana\/"},{"@type":"ListItem","position":4,"name":"Consejo Escolar"}]},{"@type":"WebSite","@id":"https:\/\/mont-roig.cat\/es\/#website","url":"https:\/\/mont-roig.cat\/es\/","name":"Ajuntament de Mont-roig del Camp","description":"Tota la informaci\u00f3 sobre la instituci\u00f3, els seus \u00f2rgans de govern, actualitat, serveis i molt m\u00e9s.","potentialAction":[{"@type":"SearchAction","target":{"@type":"EntryPoint","urlTemplate":"https:\/\/mont-roig.cat\/es\/?s={search_term_string}"},"query-input":{"@type":"PropertyValueSpecification","valueRequired":true,"valueName":"search_term_string"}}],"inLanguage":"es"}]}},"_links":{"self":[{"href":"https:\/\/mont-roig.cat\/es\/wp-json\/wp\/v2\/pages\/31563","targetHints":{"allow":["GET"]}}],"collection":[{"href":"https:\/\/mont-roig.cat\/es\/wp-json\/wp\/v2\/pages"}],"about":[{"href":"https:\/\/mont-roig.cat\/es\/wp-json\/wp\/v2\/types\/page"}],"author":[{"embeddable":true,"href":"https:\/\/mont-roig.cat\/es\/wp-json\/wp\/v2\/users\/4"}],"replies":[{"embeddable":true,"href":"https:\/\/mont-roig.cat\/es\/wp-json\/wp\/v2\/comments?post=31563"}],"version-history":[{"count":8,"href":"https:\/\/mont-roig.cat\/es\/wp-json\/wp\/v2\/pages\/31563\/revisions"}],"predecessor-version":[{"id":89681,"href":"https:\/\/mont-roig.cat\/es\/wp-json\/wp\/v2\/pages\/31563\/revisions\/89681"}],"up":[{"embeddable":true,"href":"https:\/\/mont-roig.cat\/es\/wp-json\/wp\/v2\/pages\/9395"}],"wp:attachment":[{"href":"https:\/\/mont-roig.cat\/es\/wp-json\/wp\/v2\/media?parent=31563"}],"curies":[{"name":"wp","href":"https:\/\/api.w.org\/{rel}","templated":true}]}}