{"id":31845,"date":"2018-11-12T11:04:33","date_gmt":"2018-11-12T10:04:33","guid":{"rendered":"https:\/\/mont-roig.cat\/?page_id=31845"},"modified":"2024-10-10T11:58:05","modified_gmt":"2024-10-10T09:58:05","slug":"registro-de-grupos-de-interes","status":"publish","type":"page","link":"https:\/\/mont-roig.cat\/es\/govern-obert\/transparencia\/registro-de-grupos-de-interes\/","title":{"rendered":"Registro de grupos de inter\u00e9s"},"content":{"rendered":"<p>El Ayuntamiento de Mont-roig del Camp, en fecha 31 de enero de 2018, se adhiri\u00f3 al Registro de Grupos de Inter\u00e9s de la Generalidad de Catalu\u00f1a, dadas las obligaciones de transparencia reguladas en la Ley 19\/2014, de 29 de diciembre , de transparencia, acceso a la informaci\u00f3n p\u00fablica y buen gobierno.<\/p>\n<p>Pertenecen a los grupos de inter\u00e9s, empresas, entidades, asociaciones o comunidades que realizan actividades susceptibles de influir directa o indirectamente en la elaboraci\u00f3n y aplicaci\u00f3n de las pol\u00edticas p\u00fablicas, en la elaboraci\u00f3n de propuestas normativas o en la toma de decisiones, en defensa de un inter\u00e9s propio o de terceros o de un inter\u00e9s general.<\/p>\n<p>Este registro tiene como finalidad la inscripci\u00f3n y el control de los grupos de inter\u00e9s con el fin de dar conocimiento p\u00fablico de las personas que realizan la actividad de influencia o intermediaci\u00f3n, de forma que los ciudadanos puedan conocer las relaciones que tienen con el Administraci\u00f3n, los servidores p\u00fablicos con quien contactan y las reglas \u00e9ticas a las que han de ajustar su actuaci\u00f3n.<\/p>\n<p>&nbsp;<\/p>\n<p>A estos efectos, el Ayuntamiento hizo un llamamiento para la inscripci\u00f3n en este registro:<br \/>\n<a href=\"https:\/\/mont-roig.cat\/es\/actualitat\/noticies\/la-administracion-electronica-sera-obligatoria-para-empresas-y-entidades-a-partir-del-2-de-octubre\/\" target=\"_blank\" rel=\"noopener\">Enlace<\/a><\/p>\n<p>Si desea consultar el registro puede hacerlo en este enlace:<br \/>\n<a href=\"https:\/\/governobert.gencat.cat\/ca\/portal-de-la-transparencia\/grups-interes\/cercador\/index.html#googtrans(ca|es)\" target=\"_blank\" rel=\"noopener\">Registro de Grupos de Inter\u00e9s de Catalu\u00f1a<\/a><\/p>\n<p>Tambi\u00e9n puede consultar el documento de adhesi\u00f3n al registro:<br \/>\n<a href=\"https:\/\/mont-roig.cat\/wp-content\/uploads\/Adhesi\u00f3-al-Registre-de-Grups-dInter\u00e8s-de-Catalunya.pdf\" target=\"_blank\" rel=\"noopener\">Adhesi\u00f3n al Registro de Grupos de Inter\u00e9s<\/a><\/p>\n","protected":false},"excerpt":{"rendered":"<p>El Ayuntamiento de Mont-roig del Camp, en fecha 31 de enero de 2018, se adhiri\u00f3 al Registro de Grupos de Inter\u00e9s de la Generalidad de Catalu\u00f1a, dadas las obligaciones de transparencia reguladas en la Ley 19\/2014, de 29 de diciembre , de transparencia, acceso a la informaci\u00f3n p\u00fablica y buen gobierno. Pertenecen a los grupos [&hellip;]<\/p>\n","protected":false},"author":4,"featured_media":0,"parent":4265,"menu_order":0,"comment_status":"closed","ping_status":"closed","template":"","meta":{"inline_featured_image":false,"_monsterinsights_skip_tracking":false,"_monsterinsights_sitenote_active":false,"_monsterinsights_sitenote_note":"","_monsterinsights_sitenote_category":0,"footnotes":""},"class_list":["post-31845","page","type-page","status-publish","hentry"],"yoast_head":"<!-- This site is optimized with the Yoast SEO plugin v27.4 - https:\/\/yoast.com\/product\/yoast-seo-wordpress\/ -->\n<title>Registro de grupos de inter\u00e9s - Ajuntament de Mont-roig del Camp<\/title>\n<meta name=\"robots\" content=\"index, follow, max-snippet:-1, max-image-preview:large, max-video-preview:-1\" \/>\n<link rel=\"canonical\" href=\"https:\/\/mont-roig.cat\/es\/govern-obert\/transparencia\/registro-de-grupos-de-interes\/\" \/>\n<meta property=\"og:locale\" content=\"es_ES\" \/>\n<meta property=\"og:type\" content=\"article\" \/>\n<meta property=\"og:title\" content=\"Registro de grupos de inter\u00e9s - Ajuntament de Mont-roig del Camp\" \/>\n<meta property=\"og:description\" content=\"El Ayuntamiento de Mont-roig del Camp, en fecha 31 de enero de 2018, se adhiri\u00f3 al Registro de Grupos de Inter\u00e9s de la Generalidad de Catalu\u00f1a, dadas las obligaciones de transparencia reguladas en la Ley 19\/2014, de 29 de diciembre , de transparencia, acceso a la informaci\u00f3n p\u00fablica y buen gobierno. Pertenecen a los grupos [&hellip;]\" \/>\n<meta property=\"og:url\" content=\"https:\/\/mont-roig.cat\/es\/govern-obert\/transparencia\/registro-de-grupos-de-interes\/\" \/>\n<meta property=\"og:site_name\" content=\"Ajuntament de Mont-roig del Camp\" \/>\n<meta property=\"article:modified_time\" content=\"2024-10-10T09:58:05+00:00\" \/>\n<meta property=\"og:image\" content=\"https:\/\/mont-roig.cat\/wp-content\/uploads\/aj-mont-roig-2.jpg\" \/>\n\t<meta property=\"og:image:width\" content=\"1200\" \/>\n\t<meta property=\"og:image:height\" content=\"600\" \/>\n\t<meta property=\"og:image:type\" content=\"image\/jpeg\" \/>\n<meta name=\"twitter:card\" content=\"summary_large_image\" \/>\n<meta name=\"twitter:label1\" content=\"Tiempo de lectura\" \/>\n\t<meta name=\"twitter:data1\" content=\"2 minutos\" \/>\n<script type=\"application\/ld+json\" class=\"yoast-schema-graph\">{\"@context\":\"https:\\\/\\\/schema.org\",\"@graph\":[{\"@type\":\"WebPage\",\"@id\":\"https:\\\/\\\/mont-roig.cat\\\/es\\\/govern-obert\\\/transparencia\\\/registro-de-grupos-de-interes\\\/\",\"url\":\"https:\\\/\\\/mont-roig.cat\\\/es\\\/govern-obert\\\/transparencia\\\/registro-de-grupos-de-interes\\\/\",\"name\":\"Registro de grupos de inter\u00e9s - Ajuntament de Mont-roig del Camp\",\"isPartOf\":{\"@id\":\"https:\\\/\\\/mont-roig.cat\\\/es\\\/#website\"},\"datePublished\":\"2018-11-12T10:04:33+00:00\",\"dateModified\":\"2024-10-10T09:58:05+00:00\",\"breadcrumb\":{\"@id\":\"https:\\\/\\\/mont-roig.cat\\\/es\\\/govern-obert\\\/transparencia\\\/registro-de-grupos-de-interes\\\/#breadcrumb\"},\"inLanguage\":\"es\",\"potentialAction\":[{\"@type\":\"ReadAction\",\"target\":[\"https:\\\/\\\/mont-roig.cat\\\/es\\\/govern-obert\\\/transparencia\\\/registro-de-grupos-de-interes\\\/\"]}]},{\"@type\":\"BreadcrumbList\",\"@id\":\"https:\\\/\\\/mont-roig.cat\\\/es\\\/govern-obert\\\/transparencia\\\/registro-de-grupos-de-interes\\\/#breadcrumb\",\"itemListElement\":[{\"@type\":\"ListItem\",\"position\":1,\"name\":\"Inici\",\"item\":\"https:\\\/\\\/mont-roig.cat\\\/es\\\/pagina-de-inicio\\\/\"},{\"@type\":\"ListItem\",\"position\":2,\"name\":\"Gobierno abierto\",\"item\":\"https:\\\/\\\/mont-roig.cat\\\/es\\\/govern-obert\\\/\"},{\"@type\":\"ListItem\",\"position\":3,\"name\":\"Transparencia\",\"item\":\"https:\\\/\\\/mont-roig.cat\\\/es\\\/govern-obert\\\/transparencia\\\/\"},{\"@type\":\"ListItem\",\"position\":4,\"name\":\"Registro de grupos de inter\u00e9s\"}]},{\"@type\":\"WebSite\",\"@id\":\"https:\\\/\\\/mont-roig.cat\\\/es\\\/#website\",\"url\":\"https:\\\/\\\/mont-roig.cat\\\/es\\\/\",\"name\":\"Ajuntament de Mont-roig del Camp\",\"description\":\"Tota la informaci\u00f3 sobre la instituci\u00f3, els seus \u00f2rgans de govern, actualitat, serveis i molt m\u00e9s.\",\"potentialAction\":[{\"@type\":\"SearchAction\",\"target\":{\"@type\":\"EntryPoint\",\"urlTemplate\":\"https:\\\/\\\/mont-roig.cat\\\/es\\\/?s={search_term_string}\"},\"query-input\":{\"@type\":\"PropertyValueSpecification\",\"valueRequired\":true,\"valueName\":\"search_term_string\"}}],\"inLanguage\":\"es\"}]}<\/script>\n<!-- \/ Yoast SEO plugin. -->","yoast_head_json":{"title":"Registro de grupos de inter\u00e9s - Ajuntament de Mont-roig del Camp","robots":{"index":"index","follow":"follow","max-snippet":"max-snippet:-1","max-image-preview":"max-image-preview:large","max-video-preview":"max-video-preview:-1"},"canonical":"https:\/\/mont-roig.cat\/es\/govern-obert\/transparencia\/registro-de-grupos-de-interes\/","og_locale":"es_ES","og_type":"article","og_title":"Registro de grupos de inter\u00e9s - Ajuntament de Mont-roig del Camp","og_description":"El Ayuntamiento de Mont-roig del Camp, en fecha 31 de enero de 2018, se adhiri\u00f3 al Registro de Grupos de Inter\u00e9s de la Generalidad de Catalu\u00f1a, dadas las obligaciones de transparencia reguladas en la Ley 19\/2014, de 29 de diciembre , de transparencia, acceso a la informaci\u00f3n p\u00fablica y buen gobierno. Pertenecen a los grupos [&hellip;]","og_url":"https:\/\/mont-roig.cat\/es\/govern-obert\/transparencia\/registro-de-grupos-de-interes\/","og_site_name":"Ajuntament de Mont-roig del Camp","article_modified_time":"2024-10-10T09:58:05+00:00","og_image":[{"width":1200,"height":600,"url":"https:\/\/mont-roig.cat\/wp-content\/uploads\/aj-mont-roig-2.jpg","type":"image\/jpeg"}],"twitter_card":"summary_large_image","twitter_misc":{"Tiempo de lectura":"2 minutos"},"schema":{"@context":"https:\/\/schema.org","@graph":[{"@type":"WebPage","@id":"https:\/\/mont-roig.cat\/es\/govern-obert\/transparencia\/registro-de-grupos-de-interes\/","url":"https:\/\/mont-roig.cat\/es\/govern-obert\/transparencia\/registro-de-grupos-de-interes\/","name":"Registro de grupos de inter\u00e9s - Ajuntament de Mont-roig del Camp","isPartOf":{"@id":"https:\/\/mont-roig.cat\/es\/#website"},"datePublished":"2018-11-12T10:04:33+00:00","dateModified":"2024-10-10T09:58:05+00:00","breadcrumb":{"@id":"https:\/\/mont-roig.cat\/es\/govern-obert\/transparencia\/registro-de-grupos-de-interes\/#breadcrumb"},"inLanguage":"es","potentialAction":[{"@type":"ReadAction","target":["https:\/\/mont-roig.cat\/es\/govern-obert\/transparencia\/registro-de-grupos-de-interes\/"]}]},{"@type":"BreadcrumbList","@id":"https:\/\/mont-roig.cat\/es\/govern-obert\/transparencia\/registro-de-grupos-de-interes\/#breadcrumb","itemListElement":[{"@type":"ListItem","position":1,"name":"Inici","item":"https:\/\/mont-roig.cat\/es\/pagina-de-inicio\/"},{"@type":"ListItem","position":2,"name":"Gobierno abierto","item":"https:\/\/mont-roig.cat\/es\/govern-obert\/"},{"@type":"ListItem","position":3,"name":"Transparencia","item":"https:\/\/mont-roig.cat\/es\/govern-obert\/transparencia\/"},{"@type":"ListItem","position":4,"name":"Registro de grupos de inter\u00e9s"}]},{"@type":"WebSite","@id":"https:\/\/mont-roig.cat\/es\/#website","url":"https:\/\/mont-roig.cat\/es\/","name":"Ajuntament de Mont-roig del Camp","description":"Tota la informaci\u00f3 sobre la instituci\u00f3, els seus \u00f2rgans de govern, actualitat, serveis i molt m\u00e9s.","potentialAction":[{"@type":"SearchAction","target":{"@type":"EntryPoint","urlTemplate":"https:\/\/mont-roig.cat\/es\/?s={search_term_string}"},"query-input":{"@type":"PropertyValueSpecification","valueRequired":true,"valueName":"search_term_string"}}],"inLanguage":"es"}]}},"_links":{"self":[{"href":"https:\/\/mont-roig.cat\/es\/wp-json\/wp\/v2\/pages\/31845","targetHints":{"allow":["GET"]}}],"collection":[{"href":"https:\/\/mont-roig.cat\/es\/wp-json\/wp\/v2\/pages"}],"about":[{"href":"https:\/\/mont-roig.cat\/es\/wp-json\/wp\/v2\/types\/page"}],"author":[{"embeddable":true,"href":"https:\/\/mont-roig.cat\/es\/wp-json\/wp\/v2\/users\/4"}],"replies":[{"embeddable":true,"href":"https:\/\/mont-roig.cat\/es\/wp-json\/wp\/v2\/comments?post=31845"}],"version-history":[{"count":10,"href":"https:\/\/mont-roig.cat\/es\/wp-json\/wp\/v2\/pages\/31845\/revisions"}],"predecessor-version":[{"id":78953,"href":"https:\/\/mont-roig.cat\/es\/wp-json\/wp\/v2\/pages\/31845\/revisions\/78953"}],"up":[{"embeddable":true,"href":"https:\/\/mont-roig.cat\/es\/wp-json\/wp\/v2\/pages\/4265"}],"wp:attachment":[{"href":"https:\/\/mont-roig.cat\/es\/wp-json\/wp\/v2\/media?parent=31845"}],"curies":[{"name":"wp","href":"https:\/\/api.w.org\/{rel}","templated":true}]}}