{"id":32748,"date":"2018-12-05T09:50:51","date_gmt":"2018-12-05T08:50:51","guid":{"rendered":"https:\/\/mont-roig.cat\/?page_id=32748"},"modified":"2019-02-19T11:28:17","modified_gmt":"2019-02-19T10:28:17","slug":"plan-educativo-de-entorno","status":"publish","type":"page","link":"https:\/\/mont-roig.cat\/es\/ayuntamiento\/areas\/educacion\/plan-educativo-de-entorno\/","title":{"rendered":"Plan Educativo de Entorno"},"content":{"rendered":"<div id=\"attachment_32774\" style=\"width: 360px\" class=\"wp-caption alignright\"><a href=\"https:\/\/mont-roig.cat\/wp-content\/uploads\/Logo_PlaEducatiuEntorn_ok.jpg\"><img loading=\"lazy\" decoding=\"async\" aria-describedby=\"caption-attachment-32774\" class=\"wp-image-32774\" src=\"https:\/\/mont-roig.cat\/wp-content\/uploads\/Logo_PlaEducatiuEntorn_ok.jpg\" alt=\"\" width=\"350\" height=\"247\" srcset=\"https:\/\/mont-roig.cat\/wp-content\/uploads\/Logo_PlaEducatiuEntorn_ok.jpg 842w, https:\/\/mont-roig.cat\/wp-content\/uploads\/Logo_PlaEducatiuEntorn_ok-500x353.jpg 500w, https:\/\/mont-roig.cat\/wp-content\/uploads\/Logo_PlaEducatiuEntorn_ok-768x543.jpg 768w\" sizes=\"auto, (max-width: 350px) 100vw, 350px\" \/><\/a><p id=\"caption-attachment-32774\" class=\"wp-caption-text\">Logotipo del Plan Educativo de Entorno elegido a concurso<\/p><\/div>\n<p><span class=\"tlid-translation translation\">Uno de los grandes retos sociales actuales es conseguir el \u00e9xito educativo para todos los chicos y chicas. Para alcanzar este objetivo, es necesaria una acci\u00f3n coordinada entre los centros educativos y los diferentes agentes sociales del municipio. El Ayuntamiento de Mont-roig del Camp impulsa esta acci\u00f3n el curso 2017-2018 mediante el Plan Educativo de Entorno, con una duraci\u00f3n de 4 a\u00f1os.<\/span><\/p>\n<p><span class=\"tlid-translation translation\">Se tiene que entender la educaci\u00f3n como un bien com\u00fan y una responsabilidad de todos los agentes educativos del municipio. Crear espacios de trabajo, debate, intercambio, toma de acuerdos y consensos que permitan hacer una labor conjunta para alcanzar los objetivos de este cambio social y educativo planteado desde una perspectiva de acci\u00f3n comunitaria y compartida.<\/span><\/p>\n<h3><span class=\"tlid-translation translation\">\u00bfQU\u00c9 ES?<\/span><\/h3>\n<p><span class=\"tlid-translation translation\">El Plan Educativo de Entorno (PEE) es una propuesta de cooperaci\u00f3n educativa entre el Departamento de Ense\u00f1anza de la Generalitat de Catalunya y las entidades municipales, que quiere<strong> dar respuesta a las m\u00faltiples necesidades de nuestra sociedad,<\/strong> con el objetivo de conseguir el \u00e9xito educativo y contribuir en la cohesi\u00f3n social mediante la equidad, la educaci\u00f3n intercultural, el fomento de la convivencia y el uso de la lengua catalana.<\/span><\/p>\n<p><span class=\"tlid-translation translation\">La actuaci\u00f3n de corresponsabilidad educativa va dirigida a ni\u00f1os y j\u00f3venes de 0 a 18 a\u00f1os de los centros educativos municipales, y abarca el tiempo escolar, extraescolar y el no-escolar, incidiendo en los \u00e1mbitos educativos formales, no formales y familiares.<\/span><\/p>\n<h3>PRINCIPIOS Y OBJETIVOS<\/h3>\n<p><span class=\"tlid-translation translation\">Los Planes Educativos de Entorno giran en torno a unos objetivos generales:<\/span><\/p>\n<ol>\n<li><span class=\"tlid-translation translation\">Contribuir a la mejora de las condiciones de escolarizaci\u00f3n y el \u00e9xito acad\u00e9mico.<\/span><\/li>\n<li><span class=\"tlid-translation translation\">Potenciar la educaci\u00f3n en valores, el compromiso c\u00edvico y la participaci\u00f3n de los alumnos en espacios de ocio.<\/span><\/li>\n<li><span class=\"tlid-translation translation\">Potenciar la implicaci\u00f3n de las familias en la educaci\u00f3n de los hijos y la participaci\u00f3n en la vida escolar.<\/span><\/li>\n<li><span class=\"tlid-translation translation\">Mejorar la presencia y el uso social de la lengua catalana como lengua compartida y de cohesi\u00f3n, en un marco de respeto y valoraci\u00f3n de la diversidad ling\u00fc\u00edstica.<\/span><\/li>\n<li><span class=\"tlid-translation translation\">Potenciar el trabajo y el aprendizaje en red de todos los agentes educativos que operan en el territorio.<\/span><\/li>\n<\/ol>\n<p><span class=\"tlid-translation translation\"><a href=\"https:\/\/mont-roig.cat\/wp-content\/uploads\/portrayal-89193_1920.jpg\"><img loading=\"lazy\" decoding=\"async\" class=\"alignleft wp-image-32073\" src=\"https:\/\/mont-roig.cat\/wp-content\/uploads\/portrayal-89193_1920.jpg\" alt=\"\" width=\"350\" height=\"232\" srcset=\"https:\/\/mont-roig.cat\/wp-content\/uploads\/portrayal-89193_1920.jpg 1920w, https:\/\/mont-roig.cat\/wp-content\/uploads\/portrayal-89193_1920-500x331.jpg 500w, https:\/\/mont-roig.cat\/wp-content\/uploads\/portrayal-89193_1920-768x508.jpg 768w, https:\/\/mont-roig.cat\/wp-content\/uploads\/portrayal-89193_1920-1024x678.jpg 1024w\" sizes=\"auto, (max-width: 350px) 100vw, 350px\" \/><\/a>A partir de estos objetivos, se priorizan unas l\u00edneas de intervenci\u00f3n que sirven para planificar las acciones del Plan Educativo de Entorno.<br \/>\n<\/span><\/p>\n<p><span class=\"tlid-translation translation\">Actualmente el proyecto se encuentra en la <strong>Fase de desarrollo<\/strong>. Se ha concretado el proyecto anual de actuaciones, acordando y planificando el dise\u00f1o de una serie de actuaciones para dar respuesta a los objetivos que se han priorizado. Este proyecto de actuaciones ha sido aprobado por la <em>Comisi\u00f3n representativa &#8211; institucional,<\/em> formada por miembros del Ayuntamiento de Mont-roig del Camp y miembros del Departamento de Ense\u00f1anza de la Generalidad de Catalu\u00f1a.<br \/>\n<\/span><\/p>\n<p><span class=\"tlid-translation translation\">Las actividades que se han iniciado el curso 2017-2018 en el municipio, son unos <em>Talleres de Estudio Asistido<\/em> en la ESO y dos<em> Clubes de Lectura<\/em> tanto para educaci\u00f3n primaria como para secundaria.<\/span><\/p>\n<p>&nbsp;<\/p>\n<p><strong>CONTACTO<\/strong><br \/>\nRegidoria d\u2019Educaci\u00f3 i Formaci\u00f3<br \/>\nCentre Polivalent<br \/>\nC\/ S\u00f2ria num. 18<br \/>\n<a href=\"mailto:peducatiu.entorn@mont-roig.com\" target=\"_blank\" rel=\"noopener\">peducatiu.entorn@mont-roig.com<\/a><br \/>\nTel. 977 17 28 65<\/p>\n","protected":false},"excerpt":{"rendered":"<p>Uno de los grandes retos sociales actuales es conseguir el \u00e9xito educativo para todos los chicos y chicas. Para alcanzar este objetivo, es necesaria una acci\u00f3n coordinada entre los centros educativos y los diferentes agentes sociales del municipio. El Ayuntamiento de Mont-roig del Camp impulsa esta acci\u00f3n el curso 2017-2018 mediante el Plan Educativo de [&hellip;]<\/p>\n","protected":false},"author":4,"featured_media":0,"parent":4285,"menu_order":0,"comment_status":"closed","ping_status":"closed","template":"","meta":{"inline_featured_image":false,"_monsterinsights_skip_tracking":false,"_monsterinsights_sitenote_active":false,"_monsterinsights_sitenote_note":"","_monsterinsights_sitenote_category":0,"footnotes":""},"class_list":["post-32748","page","type-page","status-publish","hentry"],"yoast_head":"<!-- This site is optimized with the Yoast SEO plugin v27.1.1 - https:\/\/yoast.com\/product\/yoast-seo-wordpress\/ -->\n<title>Plan Educativo de Entorno - Ajuntament de Mont-roig del Camp<\/title>\n<meta name=\"robots\" content=\"index, follow, max-snippet:-1, max-image-preview:large, max-video-preview:-1\" \/>\n<link rel=\"canonical\" href=\"https:\/\/mont-roig.cat\/es\/ayuntamiento\/areas\/educacion\/plan-educativo-de-entorno\/\" \/>\n<meta property=\"og:locale\" content=\"es_ES\" \/>\n<meta property=\"og:type\" content=\"article\" \/>\n<meta property=\"og:title\" content=\"Plan Educativo de Entorno - Ajuntament de Mont-roig del Camp\" \/>\n<meta property=\"og:description\" content=\"Uno de los grandes retos sociales actuales es conseguir el \u00e9xito educativo para todos los chicos y chicas. Para alcanzar este objetivo, es necesaria una acci\u00f3n coordinada entre los centros educativos y los diferentes agentes sociales del municipio. El Ayuntamiento de Mont-roig del Camp impulsa esta acci\u00f3n el curso 2017-2018 mediante el Plan Educativo de [&hellip;]\" \/>\n<meta property=\"og:url\" content=\"https:\/\/mont-roig.cat\/es\/ayuntamiento\/areas\/educacion\/plan-educativo-de-entorno\/\" \/>\n<meta property=\"og:site_name\" content=\"Ajuntament de Mont-roig del Camp\" \/>\n<meta property=\"article:modified_time\" content=\"2019-02-19T10:28:17+00:00\" \/>\n<meta property=\"og:image\" content=\"https:\/\/mont-roig.cat\/wp-content\/uploads\/Logo_PlaEducatiuEntorn_ok.jpg\" \/>\n<meta name=\"twitter:card\" content=\"summary_large_image\" \/>\n<meta name=\"twitter:label1\" content=\"Tiempo de lectura\" \/>\n\t<meta name=\"twitter:data1\" content=\"3 minutos\" \/>\n<script type=\"application\/ld+json\" class=\"yoast-schema-graph\">{\"@context\":\"https:\/\/schema.org\",\"@graph\":[{\"@type\":\"WebPage\",\"@id\":\"https:\/\/mont-roig.cat\/es\/ayuntamiento\/areas\/educacion\/plan-educativo-de-entorno\/\",\"url\":\"https:\/\/mont-roig.cat\/es\/ayuntamiento\/areas\/educacion\/plan-educativo-de-entorno\/\",\"name\":\"Plan Educativo de Entorno - Ajuntament de Mont-roig del Camp\",\"isPartOf\":{\"@id\":\"https:\/\/mont-roig.cat\/es\/#website\"},\"primaryImageOfPage\":{\"@id\":\"https:\/\/mont-roig.cat\/es\/ayuntamiento\/areas\/educacion\/plan-educativo-de-entorno\/#primaryimage\"},\"image\":{\"@id\":\"https:\/\/mont-roig.cat\/es\/ayuntamiento\/areas\/educacion\/plan-educativo-de-entorno\/#primaryimage\"},\"thumbnailUrl\":\"https:\/\/mont-roig.cat\/wp-content\/uploads\/Logo_PlaEducatiuEntorn_ok.jpg\",\"datePublished\":\"2018-12-05T08:50:51+00:00\",\"dateModified\":\"2019-02-19T10:28:17+00:00\",\"breadcrumb\":{\"@id\":\"https:\/\/mont-roig.cat\/es\/ayuntamiento\/areas\/educacion\/plan-educativo-de-entorno\/#breadcrumb\"},\"inLanguage\":\"es\",\"potentialAction\":[{\"@type\":\"ReadAction\",\"target\":[\"https:\/\/mont-roig.cat\/es\/ayuntamiento\/areas\/educacion\/plan-educativo-de-entorno\/\"]}]},{\"@type\":\"ImageObject\",\"inLanguage\":\"es\",\"@id\":\"https:\/\/mont-roig.cat\/es\/ayuntamiento\/areas\/educacion\/plan-educativo-de-entorno\/#primaryimage\",\"url\":\"https:\/\/mont-roig.cat\/wp-content\/uploads\/Logo_PlaEducatiuEntorn_ok.jpg\",\"contentUrl\":\"https:\/\/mont-roig.cat\/wp-content\/uploads\/Logo_PlaEducatiuEntorn_ok.jpg\"},{\"@type\":\"BreadcrumbList\",\"@id\":\"https:\/\/mont-roig.cat\/es\/ayuntamiento\/areas\/educacion\/plan-educativo-de-entorno\/#breadcrumb\",\"itemListElement\":[{\"@type\":\"ListItem\",\"position\":1,\"name\":\"Inici\",\"item\":\"https:\/\/mont-roig.cat\/es\/pagina-de-inicio\/\"},{\"@type\":\"ListItem\",\"position\":2,\"name\":\"Ayuntamiento\",\"item\":\"https:\/\/mont-roig.cat\/es\/ayuntamiento\/\"},{\"@type\":\"ListItem\",\"position\":3,\"name\":\"\u00c1reas\",\"item\":\"https:\/\/mont-roig.cat\/es\/ayuntamiento\/areas\/\"},{\"@type\":\"ListItem\",\"position\":4,\"name\":\"Educaci\u00f3n\",\"item\":\"https:\/\/mont-roig.cat\/es\/ayuntamiento\/areas\/educacion\/\"},{\"@type\":\"ListItem\",\"position\":5,\"name\":\"Plan Educativo de Entorno\"}]},{\"@type\":\"WebSite\",\"@id\":\"https:\/\/mont-roig.cat\/es\/#website\",\"url\":\"https:\/\/mont-roig.cat\/es\/\",\"name\":\"Ajuntament de Mont-roig del Camp\",\"description\":\"Tota la informaci\u00f3 sobre la instituci\u00f3, els seus \u00f2rgans de govern, actualitat, serveis i molt m\u00e9s.\",\"potentialAction\":[{\"@type\":\"SearchAction\",\"target\":{\"@type\":\"EntryPoint\",\"urlTemplate\":\"https:\/\/mont-roig.cat\/es\/?s={search_term_string}\"},\"query-input\":{\"@type\":\"PropertyValueSpecification\",\"valueRequired\":true,\"valueName\":\"search_term_string\"}}],\"inLanguage\":\"es\"}]}<\/script>\n<!-- \/ Yoast SEO plugin. -->","yoast_head_json":{"title":"Plan Educativo de Entorno - Ajuntament de Mont-roig del Camp","robots":{"index":"index","follow":"follow","max-snippet":"max-snippet:-1","max-image-preview":"max-image-preview:large","max-video-preview":"max-video-preview:-1"},"canonical":"https:\/\/mont-roig.cat\/es\/ayuntamiento\/areas\/educacion\/plan-educativo-de-entorno\/","og_locale":"es_ES","og_type":"article","og_title":"Plan Educativo de Entorno - Ajuntament de Mont-roig del Camp","og_description":"Uno de los grandes retos sociales actuales es conseguir el \u00e9xito educativo para todos los chicos y chicas. Para alcanzar este objetivo, es necesaria una acci\u00f3n coordinada entre los centros educativos y los diferentes agentes sociales del municipio. El Ayuntamiento de Mont-roig del Camp impulsa esta acci\u00f3n el curso 2017-2018 mediante el Plan Educativo de [&hellip;]","og_url":"https:\/\/mont-roig.cat\/es\/ayuntamiento\/areas\/educacion\/plan-educativo-de-entorno\/","og_site_name":"Ajuntament de Mont-roig del Camp","article_modified_time":"2019-02-19T10:28:17+00:00","og_image":[{"url":"https:\/\/mont-roig.cat\/wp-content\/uploads\/Logo_PlaEducatiuEntorn_ok.jpg","type":"","width":"","height":""}],"twitter_card":"summary_large_image","twitter_misc":{"Tiempo de lectura":"3 minutos"},"schema":{"@context":"https:\/\/schema.org","@graph":[{"@type":"WebPage","@id":"https:\/\/mont-roig.cat\/es\/ayuntamiento\/areas\/educacion\/plan-educativo-de-entorno\/","url":"https:\/\/mont-roig.cat\/es\/ayuntamiento\/areas\/educacion\/plan-educativo-de-entorno\/","name":"Plan Educativo de Entorno - Ajuntament de Mont-roig del Camp","isPartOf":{"@id":"https:\/\/mont-roig.cat\/es\/#website"},"primaryImageOfPage":{"@id":"https:\/\/mont-roig.cat\/es\/ayuntamiento\/areas\/educacion\/plan-educativo-de-entorno\/#primaryimage"},"image":{"@id":"https:\/\/mont-roig.cat\/es\/ayuntamiento\/areas\/educacion\/plan-educativo-de-entorno\/#primaryimage"},"thumbnailUrl":"https:\/\/mont-roig.cat\/wp-content\/uploads\/Logo_PlaEducatiuEntorn_ok.jpg","datePublished":"2018-12-05T08:50:51+00:00","dateModified":"2019-02-19T10:28:17+00:00","breadcrumb":{"@id":"https:\/\/mont-roig.cat\/es\/ayuntamiento\/areas\/educacion\/plan-educativo-de-entorno\/#breadcrumb"},"inLanguage":"es","potentialAction":[{"@type":"ReadAction","target":["https:\/\/mont-roig.cat\/es\/ayuntamiento\/areas\/educacion\/plan-educativo-de-entorno\/"]}]},{"@type":"ImageObject","inLanguage":"es","@id":"https:\/\/mont-roig.cat\/es\/ayuntamiento\/areas\/educacion\/plan-educativo-de-entorno\/#primaryimage","url":"https:\/\/mont-roig.cat\/wp-content\/uploads\/Logo_PlaEducatiuEntorn_ok.jpg","contentUrl":"https:\/\/mont-roig.cat\/wp-content\/uploads\/Logo_PlaEducatiuEntorn_ok.jpg"},{"@type":"BreadcrumbList","@id":"https:\/\/mont-roig.cat\/es\/ayuntamiento\/areas\/educacion\/plan-educativo-de-entorno\/#breadcrumb","itemListElement":[{"@type":"ListItem","position":1,"name":"Inici","item":"https:\/\/mont-roig.cat\/es\/pagina-de-inicio\/"},{"@type":"ListItem","position":2,"name":"Ayuntamiento","item":"https:\/\/mont-roig.cat\/es\/ayuntamiento\/"},{"@type":"ListItem","position":3,"name":"\u00c1reas","item":"https:\/\/mont-roig.cat\/es\/ayuntamiento\/areas\/"},{"@type":"ListItem","position":4,"name":"Educaci\u00f3n","item":"https:\/\/mont-roig.cat\/es\/ayuntamiento\/areas\/educacion\/"},{"@type":"ListItem","position":5,"name":"Plan Educativo de Entorno"}]},{"@type":"WebSite","@id":"https:\/\/mont-roig.cat\/es\/#website","url":"https:\/\/mont-roig.cat\/es\/","name":"Ajuntament de Mont-roig del Camp","description":"Tota la informaci\u00f3 sobre la instituci\u00f3, els seus \u00f2rgans de govern, actualitat, serveis i molt m\u00e9s.","potentialAction":[{"@type":"SearchAction","target":{"@type":"EntryPoint","urlTemplate":"https:\/\/mont-roig.cat\/es\/?s={search_term_string}"},"query-input":{"@type":"PropertyValueSpecification","valueRequired":true,"valueName":"search_term_string"}}],"inLanguage":"es"}]}},"_links":{"self":[{"href":"https:\/\/mont-roig.cat\/es\/wp-json\/wp\/v2\/pages\/32748","targetHints":{"allow":["GET"]}}],"collection":[{"href":"https:\/\/mont-roig.cat\/es\/wp-json\/wp\/v2\/pages"}],"about":[{"href":"https:\/\/mont-roig.cat\/es\/wp-json\/wp\/v2\/types\/page"}],"author":[{"embeddable":true,"href":"https:\/\/mont-roig.cat\/es\/wp-json\/wp\/v2\/users\/4"}],"replies":[{"embeddable":true,"href":"https:\/\/mont-roig.cat\/es\/wp-json\/wp\/v2\/comments?post=32748"}],"version-history":[{"count":5,"href":"https:\/\/mont-roig.cat\/es\/wp-json\/wp\/v2\/pages\/32748\/revisions"}],"predecessor-version":[{"id":34348,"href":"https:\/\/mont-roig.cat\/es\/wp-json\/wp\/v2\/pages\/32748\/revisions\/34348"}],"up":[{"embeddable":true,"href":"https:\/\/mont-roig.cat\/es\/wp-json\/wp\/v2\/pages\/4285"}],"wp:attachment":[{"href":"https:\/\/mont-roig.cat\/es\/wp-json\/wp\/v2\/media?parent=32748"}],"curies":[{"name":"wp","href":"https:\/\/api.w.org\/{rel}","templated":true}]}}