{"id":33794,"date":"2019-01-31T12:08:51","date_gmt":"2019-01-31T11:08:51","guid":{"rendered":"https:\/\/mont-roig.cat\/?page_id=33794"},"modified":"2025-12-15T09:35:34","modified_gmt":"2025-12-15T08:35:34","slug":"entidades-ciudadanas","status":"publish","type":"page","link":"https:\/\/mont-roig.cat\/es\/govern-obert\/transparencia\/entidades-ciudadanas\/","title":{"rendered":"Entidades ciudadanas"},"content":{"rendered":"<div class=\"wpb-content-wrapper\">[vc_row][vc_column][vc_column_text css=&#8221;&#8221;]<span class=\"tlid-translation translation\"><span class=\"\" title=\"\">El<\/span> <span class=\"\" title=\"\">Pleno del Ayuntamiento<\/span> <span title=\"\">en fecha<\/span> <span title=\"\">25 de junio<\/span> <span title=\"\">de 2008<\/span><span title=\"\">,<\/span> <span title=\"\">aprob\u00f3<\/span> <span title=\"\">un<\/span> <span class=\"\" title=\"\">reglamento<\/span> <span class=\"\" title=\"\">para regular<\/span> <span title=\"\">el registro<\/span> <span title=\"\">de entidades<\/span> <span title=\"\">ciudadanas<\/span> <span class=\"\" title=\"\">del municipio<\/span><span class=\"\" title=\"\">, con el fin<\/span> <span title=\"\">de fomentar<\/span> <span title=\"\">el asociacionismo y la<\/span> <span class=\"\" title=\"\">participaci\u00f3n en el<\/span> <span title=\"\">municipio<\/span> <span title=\"\">de las entidades que<\/span> <span title=\"\">representen<\/span> <span title=\"\">intereses<\/span> <span title=\"\">locales<\/span><span title=\"\">,<\/span> <span title=\"\">y donde<\/span> <span title=\"\">se especifica<\/span> <span title=\"\">que los datos<\/span> <span title=\"\">que no<\/span> <span title=\"\">afecten a la<\/span> <span title=\"\">intimidad<\/span> <span title=\"\">de las personas<\/span> <span title=\"\">ser\u00e1n<\/span> <span title=\"\">p\u00fablicas<\/span><span title=\"\">.<\/span><\/span><\/p>\n<p><span title=\"\">Asimismo<\/span><span title=\"\">, hay que<\/span> <span title=\"\">notificar<\/span> <span title=\"\">la modificaci\u00f3n<\/span> <span title=\"\">de dichos datos<\/span> <span title=\"\">en su caso<\/span><span title=\"\">.<\/span><\/p>\n<p><span title=\"\">A continuaci\u00f3n<\/span> <span title=\"\">puede consultar<\/span><span title=\"\">:<\/span><\/p>\n<p><a href=\"https:\/\/mont-roig.cat\/wp-content\/uploads\/1.-NOU-REGISTRE-DENTITATS-Comunicacio-Ajuntament.xlsx\" target=\"_blank\" rel=\"noopener\" data-wpel-link=\"internal\">Registro de Entidades y Asociaciones del Municipio<\/a><\/p>\n<p><a href=\"https:\/\/mont-roig.cat\/wp-content\/uploads\/Reglament-del-registre-municipal-dentitats-ciutadanes.pdf\" target=\"_blank\" rel=\"noopener\">Reglamento del registro municipal de entidades ciudadanas<\/a><\/p>\n<p><a href=\"https:\/\/mont-roig.cat\/es\/actualidad\/agenda-entidades\/\" target=\"_blank\" rel=\"noopener\">Agenda actividades entidades<\/a>[\/vc_column_text][\/vc_column][\/vc_row]\n<\/div>","protected":false},"excerpt":{"rendered":"<p>[vc_row][vc_column][vc_column_text css=&#8221;&#8221;]El Pleno del Ayuntamiento en fecha 25 de junio de 2008, aprob\u00f3 un reglamento para regular el registro de entidades ciudadanas del municipio, con el fin de fomentar el asociacionismo y la participaci\u00f3n en el municipio de las entidades que representen intereses locales, y donde se especifica que los datos que no afecten a [&hellip;]<\/p>\n","protected":false},"author":4,"featured_media":0,"parent":4265,"menu_order":0,"comment_status":"closed","ping_status":"closed","template":"","meta":{"inline_featured_image":false,"_monsterinsights_skip_tracking":false,"_monsterinsights_sitenote_active":false,"_monsterinsights_sitenote_note":"","_monsterinsights_sitenote_category":0,"footnotes":""},"class_list":["post-33794","page","type-page","status-publish","hentry"],"yoast_head":"<!-- This site is optimized with the Yoast SEO plugin v27.4 - https:\/\/yoast.com\/product\/yoast-seo-wordpress\/ -->\n<title>Entidades ciudadanas - Ajuntament de Mont-roig del Camp<\/title>\n<meta name=\"robots\" content=\"index, follow, max-snippet:-1, max-image-preview:large, max-video-preview:-1\" \/>\n<link rel=\"canonical\" href=\"https:\/\/mont-roig.cat\/es\/govern-obert\/transparencia\/entidades-ciudadanas\/\" \/>\n<meta property=\"og:locale\" content=\"es_ES\" \/>\n<meta property=\"og:type\" content=\"article\" \/>\n<meta property=\"og:title\" content=\"Entidades ciudadanas - Ajuntament de Mont-roig del Camp\" \/>\n<meta property=\"og:description\" content=\"[vc_row][vc_column][vc_column_text css=&#8221;&#8221;]El Pleno del Ayuntamiento en fecha 25 de junio de 2008, aprob\u00f3 un reglamento para regular el registro de entidades ciudadanas del municipio, con el fin de fomentar el asociacionismo y la participaci\u00f3n en el municipio de las entidades que representen intereses locales, y donde se especifica que los datos que no afecten a [&hellip;]\" \/>\n<meta property=\"og:url\" content=\"https:\/\/mont-roig.cat\/es\/govern-obert\/transparencia\/entidades-ciudadanas\/\" \/>\n<meta property=\"og:site_name\" content=\"Ajuntament de Mont-roig del Camp\" \/>\n<meta property=\"article:modified_time\" content=\"2025-12-15T08:35:34+00:00\" \/>\n<meta property=\"og:image\" content=\"https:\/\/mont-roig.cat\/wp-content\/uploads\/aj-mont-roig-2.jpg\" \/>\n\t<meta property=\"og:image:width\" content=\"1200\" \/>\n\t<meta property=\"og:image:height\" content=\"600\" \/>\n\t<meta property=\"og:image:type\" content=\"image\/jpeg\" \/>\n<meta name=\"twitter:card\" content=\"summary_large_image\" \/>\n<meta name=\"twitter:label1\" content=\"Tiempo de lectura\" \/>\n\t<meta name=\"twitter:data1\" content=\"1 minuto\" \/>\n<script type=\"application\/ld+json\" class=\"yoast-schema-graph\">{\"@context\":\"https:\\\/\\\/schema.org\",\"@graph\":[{\"@type\":\"WebPage\",\"@id\":\"https:\\\/\\\/mont-roig.cat\\\/es\\\/govern-obert\\\/transparencia\\\/entidades-ciudadanas\\\/\",\"url\":\"https:\\\/\\\/mont-roig.cat\\\/es\\\/govern-obert\\\/transparencia\\\/entidades-ciudadanas\\\/\",\"name\":\"Entidades ciudadanas - Ajuntament de Mont-roig del Camp\",\"isPartOf\":{\"@id\":\"https:\\\/\\\/mont-roig.cat\\\/es\\\/#website\"},\"datePublished\":\"2019-01-31T11:08:51+00:00\",\"dateModified\":\"2025-12-15T08:35:34+00:00\",\"breadcrumb\":{\"@id\":\"https:\\\/\\\/mont-roig.cat\\\/es\\\/govern-obert\\\/transparencia\\\/entidades-ciudadanas\\\/#breadcrumb\"},\"inLanguage\":\"es\",\"potentialAction\":[{\"@type\":\"ReadAction\",\"target\":[\"https:\\\/\\\/mont-roig.cat\\\/es\\\/govern-obert\\\/transparencia\\\/entidades-ciudadanas\\\/\"]}]},{\"@type\":\"BreadcrumbList\",\"@id\":\"https:\\\/\\\/mont-roig.cat\\\/es\\\/govern-obert\\\/transparencia\\\/entidades-ciudadanas\\\/#breadcrumb\",\"itemListElement\":[{\"@type\":\"ListItem\",\"position\":1,\"name\":\"Inici\",\"item\":\"https:\\\/\\\/mont-roig.cat\\\/es\\\/pagina-de-inicio\\\/\"},{\"@type\":\"ListItem\",\"position\":2,\"name\":\"Gobierno abierto\",\"item\":\"https:\\\/\\\/mont-roig.cat\\\/es\\\/govern-obert\\\/\"},{\"@type\":\"ListItem\",\"position\":3,\"name\":\"Transparencia\",\"item\":\"https:\\\/\\\/mont-roig.cat\\\/es\\\/govern-obert\\\/transparencia\\\/\"},{\"@type\":\"ListItem\",\"position\":4,\"name\":\"Entidades ciudadanas\"}]},{\"@type\":\"WebSite\",\"@id\":\"https:\\\/\\\/mont-roig.cat\\\/es\\\/#website\",\"url\":\"https:\\\/\\\/mont-roig.cat\\\/es\\\/\",\"name\":\"Ajuntament de Mont-roig del Camp\",\"description\":\"Tota la informaci\u00f3 sobre la instituci\u00f3, els seus \u00f2rgans de govern, actualitat, serveis i molt m\u00e9s.\",\"potentialAction\":[{\"@type\":\"SearchAction\",\"target\":{\"@type\":\"EntryPoint\",\"urlTemplate\":\"https:\\\/\\\/mont-roig.cat\\\/es\\\/?s={search_term_string}\"},\"query-input\":{\"@type\":\"PropertyValueSpecification\",\"valueRequired\":true,\"valueName\":\"search_term_string\"}}],\"inLanguage\":\"es\"}]}<\/script>\n<!-- \/ Yoast SEO plugin. -->","yoast_head_json":{"title":"Entidades ciudadanas - Ajuntament de Mont-roig del Camp","robots":{"index":"index","follow":"follow","max-snippet":"max-snippet:-1","max-image-preview":"max-image-preview:large","max-video-preview":"max-video-preview:-1"},"canonical":"https:\/\/mont-roig.cat\/es\/govern-obert\/transparencia\/entidades-ciudadanas\/","og_locale":"es_ES","og_type":"article","og_title":"Entidades ciudadanas - Ajuntament de Mont-roig del Camp","og_description":"[vc_row][vc_column][vc_column_text css=&#8221;&#8221;]El Pleno del Ayuntamiento en fecha 25 de junio de 2008, aprob\u00f3 un reglamento para regular el registro de entidades ciudadanas del municipio, con el fin de fomentar el asociacionismo y la participaci\u00f3n en el municipio de las entidades que representen intereses locales, y donde se especifica que los datos que no afecten a [&hellip;]","og_url":"https:\/\/mont-roig.cat\/es\/govern-obert\/transparencia\/entidades-ciudadanas\/","og_site_name":"Ajuntament de Mont-roig del Camp","article_modified_time":"2025-12-15T08:35:34+00:00","og_image":[{"width":1200,"height":600,"url":"https:\/\/mont-roig.cat\/wp-content\/uploads\/aj-mont-roig-2.jpg","type":"image\/jpeg"}],"twitter_card":"summary_large_image","twitter_misc":{"Tiempo de lectura":"1 minuto"},"schema":{"@context":"https:\/\/schema.org","@graph":[{"@type":"WebPage","@id":"https:\/\/mont-roig.cat\/es\/govern-obert\/transparencia\/entidades-ciudadanas\/","url":"https:\/\/mont-roig.cat\/es\/govern-obert\/transparencia\/entidades-ciudadanas\/","name":"Entidades ciudadanas - Ajuntament de Mont-roig del Camp","isPartOf":{"@id":"https:\/\/mont-roig.cat\/es\/#website"},"datePublished":"2019-01-31T11:08:51+00:00","dateModified":"2025-12-15T08:35:34+00:00","breadcrumb":{"@id":"https:\/\/mont-roig.cat\/es\/govern-obert\/transparencia\/entidades-ciudadanas\/#breadcrumb"},"inLanguage":"es","potentialAction":[{"@type":"ReadAction","target":["https:\/\/mont-roig.cat\/es\/govern-obert\/transparencia\/entidades-ciudadanas\/"]}]},{"@type":"BreadcrumbList","@id":"https:\/\/mont-roig.cat\/es\/govern-obert\/transparencia\/entidades-ciudadanas\/#breadcrumb","itemListElement":[{"@type":"ListItem","position":1,"name":"Inici","item":"https:\/\/mont-roig.cat\/es\/pagina-de-inicio\/"},{"@type":"ListItem","position":2,"name":"Gobierno abierto","item":"https:\/\/mont-roig.cat\/es\/govern-obert\/"},{"@type":"ListItem","position":3,"name":"Transparencia","item":"https:\/\/mont-roig.cat\/es\/govern-obert\/transparencia\/"},{"@type":"ListItem","position":4,"name":"Entidades ciudadanas"}]},{"@type":"WebSite","@id":"https:\/\/mont-roig.cat\/es\/#website","url":"https:\/\/mont-roig.cat\/es\/","name":"Ajuntament de Mont-roig del Camp","description":"Tota la informaci\u00f3 sobre la instituci\u00f3, els seus \u00f2rgans de govern, actualitat, serveis i molt m\u00e9s.","potentialAction":[{"@type":"SearchAction","target":{"@type":"EntryPoint","urlTemplate":"https:\/\/mont-roig.cat\/es\/?s={search_term_string}"},"query-input":{"@type":"PropertyValueSpecification","valueRequired":true,"valueName":"search_term_string"}}],"inLanguage":"es"}]}},"_links":{"self":[{"href":"https:\/\/mont-roig.cat\/es\/wp-json\/wp\/v2\/pages\/33794","targetHints":{"allow":["GET"]}}],"collection":[{"href":"https:\/\/mont-roig.cat\/es\/wp-json\/wp\/v2\/pages"}],"about":[{"href":"https:\/\/mont-roig.cat\/es\/wp-json\/wp\/v2\/types\/page"}],"author":[{"embeddable":true,"href":"https:\/\/mont-roig.cat\/es\/wp-json\/wp\/v2\/users\/4"}],"replies":[{"embeddable":true,"href":"https:\/\/mont-roig.cat\/es\/wp-json\/wp\/v2\/comments?post=33794"}],"version-history":[{"count":4,"href":"https:\/\/mont-roig.cat\/es\/wp-json\/wp\/v2\/pages\/33794\/revisions"}],"predecessor-version":[{"id":87268,"href":"https:\/\/mont-roig.cat\/es\/wp-json\/wp\/v2\/pages\/33794\/revisions\/87268"}],"up":[{"embeddable":true,"href":"https:\/\/mont-roig.cat\/es\/wp-json\/wp\/v2\/pages\/4265"}],"wp:attachment":[{"href":"https:\/\/mont-roig.cat\/es\/wp-json\/wp\/v2\/media?parent=33794"}],"curies":[{"name":"wp","href":"https:\/\/api.w.org\/{rel}","templated":true}]}}