{"id":33842,"date":"2019-02-01T11:29:16","date_gmt":"2019-02-01T10:29:16","guid":{"rendered":"https:\/\/mont-roig.cat\/?page_id=33842"},"modified":"2019-02-01T12:40:09","modified_gmt":"2019-02-01T11:40:09","slug":"comunicacion-y-prensa","status":"publish","type":"page","link":"https:\/\/mont-roig.cat\/es\/comunicacion-y-prensa\/","title":{"rendered":"Comunicaci\u00f3n y Prensa"},"content":{"rendered":"<div class=\"wpb-content-wrapper\">[vc_row][vc_column][vc_column_text]\n<h4><span style=\"color: #95243c;\"><strong>D<span class=\"tlid-translation translation\">epartamento de Comunicaci\u00f3n y Prensa<br \/>\n<\/span><\/strong><\/span><\/h4>\n<p><span class=\"tlid-translation translation\">El departamento de Comunicaci\u00f3n y Prensa tiene el objetivo de dar a conocer las pol\u00edticas y acciones que desarrolla el Ayuntamiento de Mont-roig del Camp, as\u00ed como los servicios y actividades que est\u00e1n al alcance de la ciudadan\u00eda. Gestiona los medios de comunicaci\u00f3n municipales y mantiene las relaciones con los medios de comunicaci\u00f3n externos. Del mismo modo se encarga de la imagen gr\u00e1fica de los diferentes productos y servicios municipales.<\/span><\/p>\n<p><strong><span class=\"tlid-translation translation\">Principales servicios que ofrece:<\/span><\/strong><\/p>\n<ul>\n<li><strong>Portal web municipal <a href=\"https:\/\/mont-roig.cat\/es\/\" target=\"_blank\" rel=\"noopener\">www.mont-roig.cat<\/a>: <\/strong><span class=\"tlid-translation translation\">Actualizaci\u00f3n peri\u00f3dica de los <a href=\"https:\/\/mont-roig.cat\/es\/actualidad\/noticias\/\" target=\"_blank\" rel=\"noopener\">contenidos informativos<\/a>, de la <a href=\"http:\/\/mont-roig.cat\/agenda\/\" target=\"_blank\" rel=\"noopener\">agenda<\/a> y de los servicios que ofrece el Ayuntamiento<\/span>.<\/li>\n<li><strong><span class=\"tlid-translation translation\">Gesti\u00f3n de las redes sociales y la APP municipales<\/span>: <\/strong>Cuentas de <a href=\"https:\/\/www.facebook.com\/ajuntamentmontroig\/\" target=\"_blank\" rel=\"noopener\">Facebook<\/a>, <a href=\"https:\/\/twitter.com\/ajmontroig\" target=\"_blank\" rel=\"noopener\">Twitter<\/a>, <a href=\"https:\/\/www.youtube.com\/channel\/UCJ0clv6JlulrdOvRXHjAgKA\" target=\"_blank\" rel=\"noopener\">YouTube<\/a>, <a href=\"https:\/\/www.instagram.com\/ajmontroig\/\" target=\"_blank\" rel=\"noopener\">Instagram<\/a>, <a href=\"https:\/\/www.flickr.com\/photos\/ajmont-roig\/albums\" target=\"_blank\" rel=\"noopener\">Flikr<\/a> i <a href=\"https:\/\/mont-roig.cat\/es\/actualitat\/noticies\/el-ayuntamiento-de-mont-roig-del-camp-pone-en-marcha-la-nueva-app-mont-roig-miami-participa\/\" target=\"_blank\" rel=\"noopener\">Mont-roig Miami Participa<\/a>.<\/li>\n<li><strong>Edici\u00f3n del bolet\u00edn d\u2019informaci\u00f3n <a href=\"https:\/\/mont-roig.cat\/es\/actualidad\/boletin-informacion-comunica\/\" target=\"_blank\" rel=\"noopener\">Comunica<\/a>: <\/strong><span class=\"tlid-translation translation\">Publicaci\u00f3n trimestral concebida como herramienta de servicio p\u00fablico que tiene el objetivo de garantizar el derecho a la informaci\u00f3n y servir como herramienta para rendir cuentas que se distribuye a todos los hogares del municipio<\/span>.<\/li>\n<li><strong><span class=\"tlid-translation translation\">Relaci\u00f3n con los medios de comunicaci\u00f3n<\/span>:<\/strong> <span class=\"tlid-translation translation\">Elaboraci\u00f3n de notas de prensa, celebraci\u00f3n de convocatorias de prensa, atenci\u00f3n a las demandas de los medios de comunicaci\u00f3n y relaci\u00f3n de los miembros de la corporaci\u00f3n con la prensa<\/span>.<\/li>\n<li><strong><span class=\"tlid-translation translation\">Campa\u00f1as institucionales<\/span>: <\/strong><span class=\"tlid-translation translation\">gesti\u00f3n de campa\u00f1as informativas de publicidad sobre la actividad cultural, festiva, deportiva, formativa o econ\u00f3mica de la corporaci\u00f3n<\/span>.<\/li>\n<li><strong><span class=\"tlid-translation translation\">Imagen corporativa y dise\u00f1o gr\u00e1fico<\/span><\/strong>: <span class=\"tlid-translation translation\">Creaci\u00f3n de diferentes elementos informativos impresos, edici\u00f3n y gesti\u00f3n de los diversos productos gr\u00e1ficos que requiera el Ayuntamiento y sus departamentos<\/span>.<\/li>\n<li><strong>Comunicaci\u00f3n interna:\u00a0<\/strong><span class=\"tlid-translation translation\">Gesti\u00f3n de la comunicaci\u00f3n entre departamentos.<\/span><\/li>\n<\/ul>\n[\/vc_column_text][\/vc_column][\/vc_row][vc_row][vc_column width=&#8221;1\/2&#8243;]<div class=\"aio-icon-component  vc_custom_1549021126869   style_1\"><div id=\"Info-box-wrap-4954\" class=\"aio-icon-box default-icon\" style=\"\"  ><div class=\"aio-icon-default\"><div class=\"ult-just-icon-wrapper  \"><div class=\"align-icon\" style=\"text-align:center;\">\n<div class=\"aio-icon circle \"  style=\"color:#ffffff;background:#95243c;font-size:14px;display:inline-block;\">\n\t<i class=\"Defaults-home\"><\/i>\n<\/div><\/div><\/div><\/div><div class=\"aio-icon-header\" ><h3 class=\"aio-icon-title ult-responsive\"  data-ultimate-target='#Info-box-wrap-4954 .aio-icon-title'  data-responsive-json-new='{\"font-size\":\"desktop:14px;\",\"line-height\":\"\"}'  style=\"\">Oficines municipals del Carrer de S\u00f2ria, 14 43892 Miami Platja (Tarragona)<\/h3><\/div> <!-- header --><div class=\"aio-icon-description ult-responsive\"  data-ultimate-target='#Info-box-wrap-4954 .aio-icon-description'  data-responsive-json-new='{\"font-size\":\"\",\"line-height\":\"\"}'  style=\"\">\n<\/div> <!-- description --><\/div> <!-- aio-icon-box --><\/div> <!-- aio-icon-component --><div class=\"aio-icon-component  vc_custom_1549021144682   style_1\"><a class=\"aio-icon-box-link\" href=\"tel: 977170440\" title=\"977 170 440\" target=\"_blank\" rel=\"noopener\" ><div id=\"Info-box-wrap-7865\" class=\"aio-icon-box default-icon\" style=\"\"  ><div class=\"aio-icon-default\"><div class=\"ult-just-icon-wrapper  \"><div class=\"align-icon\" style=\"text-align:center;\">\n<div class=\"aio-icon circle \"  style=\"color:#ffffff;background:#95243c;font-size:14px;display:inline-block;\">\n\t<i class=\"Defaults-phone\"><\/i>\n<\/div><\/div><\/div><\/div><div class=\"aio-icon-header\" ><h3 class=\"aio-icon-title ult-responsive\"  data-ultimate-target='#Info-box-wrap-7865 .aio-icon-title'  data-responsive-json-new='{\"font-size\":\"desktop:14px;\",\"line-height\":\"\"}'  style=\"\">977 170 440 \/ 638 57 73 15<\/h3><\/div> <!-- header --><\/div> <!-- aio-icon-box --><\/a><\/div> <!-- aio-icon-component --><div class=\"aio-icon-component    style_1\"><a class=\"aio-icon-box-link\" href=\"mailto: comunicacio@mont-roig.cat\" title=\"comunicacio@mont-roig.cat\" target=\"_blank\" rel=\"noopener\" ><div id=\"Info-box-wrap-4192\" class=\"aio-icon-box default-icon\" style=\"\"  ><div class=\"aio-icon-default\"><div class=\"ult-just-icon-wrapper  \"><div class=\"align-icon\" style=\"text-align:center;\">\n<div class=\"aio-icon circle \"  style=\"color:#ffffff;background:#95243c;font-size:14px;display:inline-block;\">\n\t<i class=\"Defaults-envelope-o\"><\/i>\n<\/div><\/div><\/div><\/div><div class=\"aio-icon-header\" ><h3 class=\"aio-icon-title ult-responsive\"  data-ultimate-target='#Info-box-wrap-4192 .aio-icon-title'  data-responsive-json-new='{\"font-size\":\"desktop:14px;\",\"line-height\":\"\"}'  style=\"\">comunicacio@mont-roig.cat<\/h3><\/div> <!-- header --><\/div> <!-- aio-icon-box --><\/a><\/div> <!-- aio-icon-component -->[\/vc_column][vc_column width=&#8221;1\/2&#8243;][\/vc_column][\/vc_row]\n<\/div>","protected":false},"excerpt":{"rendered":"<p>[vc_row][vc_column][vc_column_text] Departamento de Comunicaci\u00f3n y Prensa El departamento de Comunicaci\u00f3n y Prensa tiene el objetivo de dar a conocer las pol\u00edticas y acciones que desarrolla el Ayuntamiento de Mont-roig del Camp, as\u00ed como los servicios y actividades que est\u00e1n al alcance de la ciudadan\u00eda. Gestiona los medios de comunicaci\u00f3n municipales y mantiene las relaciones con [&hellip;]<\/p>\n","protected":false},"author":4,"featured_media":0,"parent":0,"menu_order":0,"comment_status":"closed","ping_status":"closed","template":"","meta":{"inline_featured_image":false,"_monsterinsights_skip_tracking":false,"_monsterinsights_sitenote_active":false,"_monsterinsights_sitenote_note":"","_monsterinsights_sitenote_category":0,"footnotes":""},"class_list":["post-33842","page","type-page","status-publish","hentry"],"yoast_head":"<!-- This site is optimized with the Yoast SEO plugin v27.4 - https:\/\/yoast.com\/product\/yoast-seo-wordpress\/ -->\n<title>Comunicaci\u00f3n y Prensa - Ajuntament de Mont-roig del Camp<\/title>\n<meta name=\"robots\" content=\"index, follow, max-snippet:-1, max-image-preview:large, max-video-preview:-1\" \/>\n<link rel=\"canonical\" href=\"https:\/\/mont-roig.cat\/es\/comunicacion-y-prensa\/\" \/>\n<meta property=\"og:locale\" content=\"es_ES\" \/>\n<meta property=\"og:type\" content=\"article\" \/>\n<meta property=\"og:title\" content=\"Comunicaci\u00f3n y Prensa - Ajuntament de Mont-roig del Camp\" \/>\n<meta property=\"og:description\" content=\"[vc_row][vc_column][vc_column_text] Departamento de Comunicaci\u00f3n y Prensa El departamento de Comunicaci\u00f3n y Prensa tiene el objetivo de dar a conocer las pol\u00edticas y acciones que desarrolla el Ayuntamiento de Mont-roig del Camp, as\u00ed como los servicios y actividades que est\u00e1n al alcance de la ciudadan\u00eda. Gestiona los medios de comunicaci\u00f3n municipales y mantiene las relaciones con [&hellip;]\" \/>\n<meta property=\"og:url\" content=\"https:\/\/mont-roig.cat\/es\/comunicacion-y-prensa\/\" \/>\n<meta property=\"og:site_name\" content=\"Ajuntament de Mont-roig del Camp\" \/>\n<meta property=\"article:modified_time\" content=\"2019-02-01T11:40:09+00:00\" \/>\n<meta property=\"og:image\" content=\"https:\/\/mont-roig.cat\/wp-content\/uploads\/aj-mont-roig-2.jpg\" \/>\n\t<meta property=\"og:image:width\" content=\"1200\" \/>\n\t<meta property=\"og:image:height\" content=\"600\" \/>\n\t<meta property=\"og:image:type\" content=\"image\/jpeg\" \/>\n<meta name=\"twitter:card\" content=\"summary_large_image\" \/>\n<meta name=\"twitter:label1\" content=\"Tiempo de lectura\" \/>\n\t<meta name=\"twitter:data1\" content=\"2 minutos\" \/>\n<script type=\"application\/ld+json\" class=\"yoast-schema-graph\">{\"@context\":\"https:\\\/\\\/schema.org\",\"@graph\":[{\"@type\":\"WebPage\",\"@id\":\"https:\\\/\\\/mont-roig.cat\\\/es\\\/comunicacion-y-prensa\\\/\",\"url\":\"https:\\\/\\\/mont-roig.cat\\\/es\\\/comunicacion-y-prensa\\\/\",\"name\":\"Comunicaci\u00f3n y Prensa - Ajuntament de Mont-roig del Camp\",\"isPartOf\":{\"@id\":\"https:\\\/\\\/mont-roig.cat\\\/es\\\/#website\"},\"datePublished\":\"2019-02-01T10:29:16+00:00\",\"dateModified\":\"2019-02-01T11:40:09+00:00\",\"breadcrumb\":{\"@id\":\"https:\\\/\\\/mont-roig.cat\\\/es\\\/comunicacion-y-prensa\\\/#breadcrumb\"},\"inLanguage\":\"es\",\"potentialAction\":[{\"@type\":\"ReadAction\",\"target\":[\"https:\\\/\\\/mont-roig.cat\\\/es\\\/comunicacion-y-prensa\\\/\"]}]},{\"@type\":\"BreadcrumbList\",\"@id\":\"https:\\\/\\\/mont-roig.cat\\\/es\\\/comunicacion-y-prensa\\\/#breadcrumb\",\"itemListElement\":[{\"@type\":\"ListItem\",\"position\":1,\"name\":\"Inici\",\"item\":\"https:\\\/\\\/mont-roig.cat\\\/es\\\/pagina-de-inicio\\\/\"},{\"@type\":\"ListItem\",\"position\":2,\"name\":\"Comunicaci\u00f3n y Prensa\"}]},{\"@type\":\"WebSite\",\"@id\":\"https:\\\/\\\/mont-roig.cat\\\/es\\\/#website\",\"url\":\"https:\\\/\\\/mont-roig.cat\\\/es\\\/\",\"name\":\"Ajuntament de Mont-roig del Camp\",\"description\":\"Tota la informaci\u00f3 sobre la instituci\u00f3, els seus \u00f2rgans de govern, actualitat, serveis i molt m\u00e9s.\",\"potentialAction\":[{\"@type\":\"SearchAction\",\"target\":{\"@type\":\"EntryPoint\",\"urlTemplate\":\"https:\\\/\\\/mont-roig.cat\\\/es\\\/?s={search_term_string}\"},\"query-input\":{\"@type\":\"PropertyValueSpecification\",\"valueRequired\":true,\"valueName\":\"search_term_string\"}}],\"inLanguage\":\"es\"}]}<\/script>\n<!-- \/ Yoast SEO plugin. -->","yoast_head_json":{"title":"Comunicaci\u00f3n y Prensa - Ajuntament de Mont-roig del Camp","robots":{"index":"index","follow":"follow","max-snippet":"max-snippet:-1","max-image-preview":"max-image-preview:large","max-video-preview":"max-video-preview:-1"},"canonical":"https:\/\/mont-roig.cat\/es\/comunicacion-y-prensa\/","og_locale":"es_ES","og_type":"article","og_title":"Comunicaci\u00f3n y Prensa - Ajuntament de Mont-roig del Camp","og_description":"[vc_row][vc_column][vc_column_text] Departamento de Comunicaci\u00f3n y Prensa El departamento de Comunicaci\u00f3n y Prensa tiene el objetivo de dar a conocer las pol\u00edticas y acciones que desarrolla el Ayuntamiento de Mont-roig del Camp, as\u00ed como los servicios y actividades que est\u00e1n al alcance de la ciudadan\u00eda. Gestiona los medios de comunicaci\u00f3n municipales y mantiene las relaciones con [&hellip;]","og_url":"https:\/\/mont-roig.cat\/es\/comunicacion-y-prensa\/","og_site_name":"Ajuntament de Mont-roig del Camp","article_modified_time":"2019-02-01T11:40:09+00:00","og_image":[{"width":1200,"height":600,"url":"https:\/\/mont-roig.cat\/wp-content\/uploads\/aj-mont-roig-2.jpg","type":"image\/jpeg"}],"twitter_card":"summary_large_image","twitter_misc":{"Tiempo de lectura":"2 minutos"},"schema":{"@context":"https:\/\/schema.org","@graph":[{"@type":"WebPage","@id":"https:\/\/mont-roig.cat\/es\/comunicacion-y-prensa\/","url":"https:\/\/mont-roig.cat\/es\/comunicacion-y-prensa\/","name":"Comunicaci\u00f3n y Prensa - Ajuntament de Mont-roig del Camp","isPartOf":{"@id":"https:\/\/mont-roig.cat\/es\/#website"},"datePublished":"2019-02-01T10:29:16+00:00","dateModified":"2019-02-01T11:40:09+00:00","breadcrumb":{"@id":"https:\/\/mont-roig.cat\/es\/comunicacion-y-prensa\/#breadcrumb"},"inLanguage":"es","potentialAction":[{"@type":"ReadAction","target":["https:\/\/mont-roig.cat\/es\/comunicacion-y-prensa\/"]}]},{"@type":"BreadcrumbList","@id":"https:\/\/mont-roig.cat\/es\/comunicacion-y-prensa\/#breadcrumb","itemListElement":[{"@type":"ListItem","position":1,"name":"Inici","item":"https:\/\/mont-roig.cat\/es\/pagina-de-inicio\/"},{"@type":"ListItem","position":2,"name":"Comunicaci\u00f3n y Prensa"}]},{"@type":"WebSite","@id":"https:\/\/mont-roig.cat\/es\/#website","url":"https:\/\/mont-roig.cat\/es\/","name":"Ajuntament de Mont-roig del Camp","description":"Tota la informaci\u00f3 sobre la instituci\u00f3, els seus \u00f2rgans de govern, actualitat, serveis i molt m\u00e9s.","potentialAction":[{"@type":"SearchAction","target":{"@type":"EntryPoint","urlTemplate":"https:\/\/mont-roig.cat\/es\/?s={search_term_string}"},"query-input":{"@type":"PropertyValueSpecification","valueRequired":true,"valueName":"search_term_string"}}],"inLanguage":"es"}]}},"_links":{"self":[{"href":"https:\/\/mont-roig.cat\/es\/wp-json\/wp\/v2\/pages\/33842","targetHints":{"allow":["GET"]}}],"collection":[{"href":"https:\/\/mont-roig.cat\/es\/wp-json\/wp\/v2\/pages"}],"about":[{"href":"https:\/\/mont-roig.cat\/es\/wp-json\/wp\/v2\/types\/page"}],"author":[{"embeddable":true,"href":"https:\/\/mont-roig.cat\/es\/wp-json\/wp\/v2\/users\/4"}],"replies":[{"embeddable":true,"href":"https:\/\/mont-roig.cat\/es\/wp-json\/wp\/v2\/comments?post=33842"}],"version-history":[{"count":14,"href":"https:\/\/mont-roig.cat\/es\/wp-json\/wp\/v2\/pages\/33842\/revisions"}],"predecessor-version":[{"id":33868,"href":"https:\/\/mont-roig.cat\/es\/wp-json\/wp\/v2\/pages\/33842\/revisions\/33868"}],"wp:attachment":[{"href":"https:\/\/mont-roig.cat\/es\/wp-json\/wp\/v2\/media?parent=33842"}],"curies":[{"name":"wp","href":"https:\/\/api.w.org\/{rel}","templated":true}]}}