{"id":35015,"date":"2019-03-13T16:39:11","date_gmt":"2019-03-13T15:39:11","guid":{"rendered":"https:\/\/mont-roig.cat\/?page_id=35015"},"modified":"2019-03-13T16:39:11","modified_gmt":"2019-03-13T15:39:11","slug":"pd-infob-pla-estrategic","status":"publish","type":"page","link":"https:\/\/mont-roig.cat\/es\/pd-infob-pla-estrategic\/","title":{"rendered":"Protecci\u00f3n de datos personales \u2013 Informaci\u00f3n b\u00e1sica \u2013 Formulario Plan Estrat\u00e9gico"},"content":{"rendered":"<style type=\"text\/css\">#info-rgpd td { padding:5px; border:1px solid #bbb; }<\/style>\n<p><em><strong>Textos Legales Versi\u00f3n\u00a01\u00a0\u00a0 02-2019<\/strong><\/em><\/p>\n<table id=\"info-rgpd\">\n<tbody>\n<tr>\n<td colspan=\"3\"><strong>PROTECCI\u00d3N DE DATOS PERSONALES (Informaci\u00f3n b\u00e1sica)<\/strong><\/td>\n<\/tr>\n<tr>\n<td colspan=\"2\"><strong>Responsable<\/strong><\/td>\n<td><strong>AJUNTAMENT DE MONT-ROIG DEL CAMP<\/strong><\/td>\n<\/tr>\n<tr>\n<td colspan=\"2\"><strong>Finalidad<\/strong><\/td>\n<td>Recogida de los datos para atender sus dudas o consulta sobre el Plan Estrat\u00e9gico y el env\u00edo de informaci\u00f3n peri\u00f3dica de nuestras actividades y servicios por medios electr\u00f3nicos siempre que nos autorice su tratamiento.<\/td>\n<\/tr>\n<tr>\n<td colspan=\"2\"><strong>Legitimaci\u00f3n<\/strong><\/td>\n<td>Consentimiento del interesado.<\/td>\n<\/tr>\n<tr>\n<td colspan=\"2\"><strong>Destinatarios <\/strong><\/td>\n<td>Se prev\u00e9n cesiones de datos con motivo de colaboraci\u00f3n con los entes municipales y patronatos, por previsi\u00f3n legal.<\/td>\n<\/tr>\n<tr>\n<td colspan=\"2\"><strong>Derechos<\/strong><\/td>\n<td>Acceder, rectificar y suprimir los datos, as\u00ed como otros derechos que se identifican en la <a href=\"https:\/\/mont-roig.cat\/es\/info-rgpd\/\">+info addicional RGPDUE<\/a><\/td>\n<\/tr>\n<tr>\n<td colspan=\"2\"><strong>Informaci\u00f3n adicional<\/strong><\/td>\n<td>Puede consultar la informaci\u00f3n adicional y detallada sobre protecci\u00f3n de datos a nuestra p\u00e1gina web: <a href=\"https:\/\/mont-roig.cat\">mont-roig.cat<\/a><\/td>\n<\/tr>\n<\/tbody>\n<\/table>\n","protected":false},"excerpt":{"rendered":"<p>Textos Legales Versi\u00f3n\u00a01\u00a0\u00a0 02-2019 PROTECCI\u00d3N DE DATOS PERSONALES (Informaci\u00f3n b\u00e1sica) Responsable AJUNTAMENT DE MONT-ROIG DEL CAMP Finalidad Recogida de los datos para atender sus dudas o consulta sobre el Plan Estrat\u00e9gico y el env\u00edo de informaci\u00f3n peri\u00f3dica de nuestras actividades y servicios por medios electr\u00f3nicos siempre que nos autorice su tratamiento. Legitimaci\u00f3n Consentimiento del interesado. [&hellip;]<\/p>\n","protected":false},"author":4,"featured_media":0,"parent":0,"menu_order":0,"comment_status":"closed","ping_status":"closed","template":"","meta":{"inline_featured_image":false,"_monsterinsights_skip_tracking":false,"_monsterinsights_sitenote_active":false,"_monsterinsights_sitenote_note":"","_monsterinsights_sitenote_category":0,"footnotes":""},"class_list":["post-35015","page","type-page","status-publish","hentry"],"yoast_head":"<!-- This site is optimized with the Yoast SEO plugin v27.4 - https:\/\/yoast.com\/product\/yoast-seo-wordpress\/ -->\n<title>Protecci\u00f3n de datos personales \u2013 Informaci\u00f3n b\u00e1sica \u2013 Formulario Plan Estrat\u00e9gico - Ajuntament de Mont-roig del Camp<\/title>\n<meta name=\"robots\" content=\"index, follow, max-snippet:-1, max-image-preview:large, max-video-preview:-1\" \/>\n<link rel=\"canonical\" href=\"https:\/\/mont-roig.cat\/es\/pd-infob-pla-estrategic\/\" \/>\n<meta property=\"og:locale\" content=\"es_ES\" \/>\n<meta property=\"og:type\" content=\"article\" \/>\n<meta property=\"og:title\" content=\"Protecci\u00f3n de datos personales \u2013 Informaci\u00f3n b\u00e1sica \u2013 Formulario Plan Estrat\u00e9gico - Ajuntament de Mont-roig del Camp\" \/>\n<meta property=\"og:description\" content=\"Textos Legales Versi\u00f3n\u00a01\u00a0\u00a0 02-2019 PROTECCI\u00d3N DE DATOS PERSONALES (Informaci\u00f3n b\u00e1sica) Responsable AJUNTAMENT DE MONT-ROIG DEL CAMP Finalidad Recogida de los datos para atender sus dudas o consulta sobre el Plan Estrat\u00e9gico y el env\u00edo de informaci\u00f3n peri\u00f3dica de nuestras actividades y servicios por medios electr\u00f3nicos siempre que nos autorice su tratamiento. Legitimaci\u00f3n Consentimiento del interesado. [&hellip;]\" \/>\n<meta property=\"og:url\" content=\"https:\/\/mont-roig.cat\/es\/pd-infob-pla-estrategic\/\" \/>\n<meta property=\"og:site_name\" content=\"Ajuntament de Mont-roig del Camp\" \/>\n<meta property=\"og:image\" content=\"https:\/\/mont-roig.cat\/wp-content\/uploads\/aj-mont-roig-2.jpg\" \/>\n\t<meta property=\"og:image:width\" content=\"1200\" \/>\n\t<meta property=\"og:image:height\" content=\"600\" \/>\n\t<meta property=\"og:image:type\" content=\"image\/jpeg\" \/>\n<meta name=\"twitter:card\" content=\"summary_large_image\" \/>\n<meta name=\"twitter:label1\" content=\"Tiempo de lectura\" \/>\n\t<meta name=\"twitter:data1\" content=\"1 minuto\" \/>\n<script type=\"application\/ld+json\" class=\"yoast-schema-graph\">{\"@context\":\"https:\\\/\\\/schema.org\",\"@graph\":[{\"@type\":\"WebPage\",\"@id\":\"https:\\\/\\\/mont-roig.cat\\\/es\\\/pd-infob-pla-estrategic\\\/\",\"url\":\"https:\\\/\\\/mont-roig.cat\\\/es\\\/pd-infob-pla-estrategic\\\/\",\"name\":\"Protecci\u00f3n de datos personales \u2013 Informaci\u00f3n b\u00e1sica \u2013 Formulario Plan Estrat\u00e9gico - Ajuntament de Mont-roig del Camp\",\"isPartOf\":{\"@id\":\"https:\\\/\\\/mont-roig.cat\\\/es\\\/#website\"},\"datePublished\":\"2019-03-13T15:39:11+00:00\",\"breadcrumb\":{\"@id\":\"https:\\\/\\\/mont-roig.cat\\\/es\\\/pd-infob-pla-estrategic\\\/#breadcrumb\"},\"inLanguage\":\"es\",\"potentialAction\":[{\"@type\":\"ReadAction\",\"target\":[\"https:\\\/\\\/mont-roig.cat\\\/es\\\/pd-infob-pla-estrategic\\\/\"]}]},{\"@type\":\"BreadcrumbList\",\"@id\":\"https:\\\/\\\/mont-roig.cat\\\/es\\\/pd-infob-pla-estrategic\\\/#breadcrumb\",\"itemListElement\":[{\"@type\":\"ListItem\",\"position\":1,\"name\":\"Inici\",\"item\":\"https:\\\/\\\/mont-roig.cat\\\/es\\\/pagina-de-inicio\\\/\"},{\"@type\":\"ListItem\",\"position\":2,\"name\":\"Protecci\u00f3n de datos personales \u2013 Informaci\u00f3n b\u00e1sica \u2013 Formulario Plan Estrat\u00e9gico\"}]},{\"@type\":\"WebSite\",\"@id\":\"https:\\\/\\\/mont-roig.cat\\\/es\\\/#website\",\"url\":\"https:\\\/\\\/mont-roig.cat\\\/es\\\/\",\"name\":\"Ajuntament de Mont-roig del Camp\",\"description\":\"Tota la informaci\u00f3 sobre la instituci\u00f3, els seus \u00f2rgans de govern, actualitat, serveis i molt m\u00e9s.\",\"potentialAction\":[{\"@type\":\"SearchAction\",\"target\":{\"@type\":\"EntryPoint\",\"urlTemplate\":\"https:\\\/\\\/mont-roig.cat\\\/es\\\/?s={search_term_string}\"},\"query-input\":{\"@type\":\"PropertyValueSpecification\",\"valueRequired\":true,\"valueName\":\"search_term_string\"}}],\"inLanguage\":\"es\"}]}<\/script>\n<!-- \/ Yoast SEO plugin. -->","yoast_head_json":{"title":"Protecci\u00f3n de datos personales \u2013 Informaci\u00f3n b\u00e1sica \u2013 Formulario Plan Estrat\u00e9gico - Ajuntament de Mont-roig del Camp","robots":{"index":"index","follow":"follow","max-snippet":"max-snippet:-1","max-image-preview":"max-image-preview:large","max-video-preview":"max-video-preview:-1"},"canonical":"https:\/\/mont-roig.cat\/es\/pd-infob-pla-estrategic\/","og_locale":"es_ES","og_type":"article","og_title":"Protecci\u00f3n de datos personales \u2013 Informaci\u00f3n b\u00e1sica \u2013 Formulario Plan Estrat\u00e9gico - Ajuntament de Mont-roig del Camp","og_description":"Textos Legales Versi\u00f3n\u00a01\u00a0\u00a0 02-2019 PROTECCI\u00d3N DE DATOS PERSONALES (Informaci\u00f3n b\u00e1sica) Responsable AJUNTAMENT DE MONT-ROIG DEL CAMP Finalidad Recogida de los datos para atender sus dudas o consulta sobre el Plan Estrat\u00e9gico y el env\u00edo de informaci\u00f3n peri\u00f3dica de nuestras actividades y servicios por medios electr\u00f3nicos siempre que nos autorice su tratamiento. Legitimaci\u00f3n Consentimiento del interesado. [&hellip;]","og_url":"https:\/\/mont-roig.cat\/es\/pd-infob-pla-estrategic\/","og_site_name":"Ajuntament de Mont-roig del Camp","og_image":[{"width":1200,"height":600,"url":"https:\/\/mont-roig.cat\/wp-content\/uploads\/aj-mont-roig-2.jpg","type":"image\/jpeg"}],"twitter_card":"summary_large_image","twitter_misc":{"Tiempo de lectura":"1 minuto"},"schema":{"@context":"https:\/\/schema.org","@graph":[{"@type":"WebPage","@id":"https:\/\/mont-roig.cat\/es\/pd-infob-pla-estrategic\/","url":"https:\/\/mont-roig.cat\/es\/pd-infob-pla-estrategic\/","name":"Protecci\u00f3n de datos personales \u2013 Informaci\u00f3n b\u00e1sica \u2013 Formulario Plan Estrat\u00e9gico - Ajuntament de Mont-roig del Camp","isPartOf":{"@id":"https:\/\/mont-roig.cat\/es\/#website"},"datePublished":"2019-03-13T15:39:11+00:00","breadcrumb":{"@id":"https:\/\/mont-roig.cat\/es\/pd-infob-pla-estrategic\/#breadcrumb"},"inLanguage":"es","potentialAction":[{"@type":"ReadAction","target":["https:\/\/mont-roig.cat\/es\/pd-infob-pla-estrategic\/"]}]},{"@type":"BreadcrumbList","@id":"https:\/\/mont-roig.cat\/es\/pd-infob-pla-estrategic\/#breadcrumb","itemListElement":[{"@type":"ListItem","position":1,"name":"Inici","item":"https:\/\/mont-roig.cat\/es\/pagina-de-inicio\/"},{"@type":"ListItem","position":2,"name":"Protecci\u00f3n de datos personales \u2013 Informaci\u00f3n b\u00e1sica \u2013 Formulario Plan Estrat\u00e9gico"}]},{"@type":"WebSite","@id":"https:\/\/mont-roig.cat\/es\/#website","url":"https:\/\/mont-roig.cat\/es\/","name":"Ajuntament de Mont-roig del Camp","description":"Tota la informaci\u00f3 sobre la instituci\u00f3, els seus \u00f2rgans de govern, actualitat, serveis i molt m\u00e9s.","potentialAction":[{"@type":"SearchAction","target":{"@type":"EntryPoint","urlTemplate":"https:\/\/mont-roig.cat\/es\/?s={search_term_string}"},"query-input":{"@type":"PropertyValueSpecification","valueRequired":true,"valueName":"search_term_string"}}],"inLanguage":"es"}]}},"_links":{"self":[{"href":"https:\/\/mont-roig.cat\/es\/wp-json\/wp\/v2\/pages\/35015","targetHints":{"allow":["GET"]}}],"collection":[{"href":"https:\/\/mont-roig.cat\/es\/wp-json\/wp\/v2\/pages"}],"about":[{"href":"https:\/\/mont-roig.cat\/es\/wp-json\/wp\/v2\/types\/page"}],"author":[{"embeddable":true,"href":"https:\/\/mont-roig.cat\/es\/wp-json\/wp\/v2\/users\/4"}],"replies":[{"embeddable":true,"href":"https:\/\/mont-roig.cat\/es\/wp-json\/wp\/v2\/comments?post=35015"}],"version-history":[{"count":2,"href":"https:\/\/mont-roig.cat\/es\/wp-json\/wp\/v2\/pages\/35015\/revisions"}],"predecessor-version":[{"id":35017,"href":"https:\/\/mont-roig.cat\/es\/wp-json\/wp\/v2\/pages\/35015\/revisions\/35017"}],"wp:attachment":[{"href":"https:\/\/mont-roig.cat\/es\/wp-json\/wp\/v2\/media?parent=35015"}],"curies":[{"name":"wp","href":"https:\/\/api.w.org\/{rel}","templated":true}]}}