{"id":36174,"date":"2019-05-03T14:14:28","date_gmt":"2019-05-03T12:14:28","guid":{"rendered":"https:\/\/mont-roig.cat\/?page_id=36174"},"modified":"2026-04-20T13:07:18","modified_gmt":"2026-04-20T11:07:18","slug":"reconocimientos","status":"publish","type":"page","link":"https:\/\/mont-roig.cat\/es\/govern-obert\/transparencia\/reconocimientos\/","title":{"rendered":"Reconocimientos"},"content":{"rendered":"<div class=\"wpb-content-wrapper\">[vc_row][vc_column][vc_column_text css=&#8221;&#8221;]Este espacio est\u00e1 dedicado a dar a conocer las buenas pr\u00e1cticas municipales que han obtenido reconocimiento por parte de organizaciones externas, que posan en valor la tarea de los trabajadores\/se municipales y que pueden suponer un intercambio de experiencias en pol\u00edticas p\u00fablicas locales.<\/p>\n<p><strong><a href=\"https:\/\/mont-roig.cat\/wp-content\/uploads\/Segell_infoparticipa_2025-1-scaled.jpg\"><img loading=\"lazy\" decoding=\"async\" class=\"alignright wp-image-91116\" src=\"https:\/\/mont-roig.cat\/wp-content\/uploads\/Segell_infoparticipa_2025-1-500x200.jpg\" alt=\"\" width=\"172\" height=\"69\" srcset=\"https:\/\/mont-roig.cat\/wp-content\/uploads\/Segell_infoparticipa_2025-1-500x200.jpg 500w, https:\/\/mont-roig.cat\/wp-content\/uploads\/Segell_infoparticipa_2025-1-1024x410.jpg 1024w, https:\/\/mont-roig.cat\/wp-content\/uploads\/Segell_infoparticipa_2025-1-768x307.jpg 768w, https:\/\/mont-roig.cat\/wp-content\/uploads\/Segell_infoparticipa_2025-1-1536x615.jpg 1536w, https:\/\/mont-roig.cat\/wp-content\/uploads\/Segell_infoparticipa_2025-1-scaled.jpg 2048w\" sizes=\"auto, (max-width: 172px) 100vw, 172px\" \/><\/a>Sello Infoparticipa 2025<\/strong><\/p>\n<p>El Ayuntamiento de Mont-roig del Camp ha sido galardonado un a\u00f1o m\u00e1s con el Sello Infoparticipa, el prestigioso reconocimiento que otorga el grupo de investigaci\u00f3n Comunicaci\u00f3n Sonora, Estrat\u00e9gica y Transparencia (ComSET) de la Universidad Aut\u00f3noma de Barcelona (UAB). Este distintivo certifica la excelencia en la transparencia informativa de la web municipal y el cumplimiento estricto de los indicadores de buen gobierno. <a href=\"https:\/\/mont-roig.cat\/es\/actualitat\/noticies\/lajuntament-de-mont-roig-del-camp-revalida-el-seu-compromis-amb-la-transparencia-i-rep-el-segell-infoparticipa\/\" target=\"_blank\" rel=\"noopener\">M\u00e1s info<\/a>.<\/p>\n<p><strong>Reconocimiento Administraci\u00f3n Abierta 2024<\/strong><\/p>\n<p><a href=\"https:\/\/mont-roig.cat\/wp-content\/uploads\/SegellAO_1_Color.png\"><img loading=\"lazy\" decoding=\"async\" class=\"alignright wp-image-83518\" src=\"https:\/\/mont-roig.cat\/wp-content\/uploads\/SegellAO_1_Color.png\" alt=\"\" width=\"192\" height=\"50\" \/><\/a>El Ayuntamiento de Mont-roig del Camp ha sido reconocido como uno de los diez municipios l\u00edderes de Catalu\u00f1a en transformaci\u00f3n digital y gobierno abierto, seg\u00fan el ranking de la X edici\u00f3n de los Reconocimientos Administraci\u00f3n Abierta que otorga anualmente el Consorcio AOC (Administraci\u00f3n Abierta de Catalunya). En concreto, Mont-roig del Camp ha sido incluido en la categor\u00eda de entre 5.001 y 20.000 habitantes, reafirmando el compromiso del consistorio con la digitalizaci\u00f3n de los servicios p\u00fablicos y la transparencia institucional. <a href=\"https:\/\/mont-roig.cat\/es\/actualitat\/noticies\/mont-roig-del-camp-reconocido-como-municipio-lider-en-transformacion-digital-y-gobierno-abierto\/\" target=\"_blank\" rel=\"noopener\">M\u00e1s info.<\/a><\/p>\n<p><strong>Reconocimiento Administraci\u00f3n Abierta 2019<br \/>\n<\/strong><\/p>\n<p>El Ayuntamiento de Mont-roig del Camp se ha situado al Top 10 de los ayuntamientos <a href=\"https:\/\/mont-roig.cat\/wp-content\/uploads\/2019_top10_color.png\"><img loading=\"lazy\" decoding=\"async\" class=\"alignright wp-image-50841 size-full\" src=\"https:\/\/mont-roig.cat\/wp-content\/uploads\/2019_top10_color.png\" alt=\"\" width=\"192\" height=\"50\" \/><\/a>de 5.001 a 20.000 habitantes de Catalu\u00f1a l\u00edderes en la transformaci\u00f3n digital de su relaci\u00f3n con la ciudadan\u00eda y en su gesti\u00f3n interna. El galard\u00f3n lo otorga el Consorcio de Administraci\u00f3n Abierta de Catalu\u00f1a con el objetivo de valorar y reconocer la implantaci\u00f3n y el uso de los servicios de administraci\u00f3n electr\u00f3nica y su consecuente transformaci\u00f3n digital que se traduce en un mejor servicio hacia la ciudadan\u00eda. <a href=\"https:\/\/mont-roig.cat\/es\/actualitat\/noticies\/el-ayuntamiento-de-mont-roig-del-camp-reconocido-por-su-impulso-en-la-transformacion-digital\/\">M\u00e1s info<\/a>.<\/p>\n<p><strong>Sello Infoparticipa 2018<\/strong><\/p>\n<p><strong><strong><img loading=\"lazy\" decoding=\"async\" class=\"alignright wp-image-35835\" style=\"font-weight: 400;\" src=\"https:\/\/mont-roig.cat\/wp-content\/uploads\/Infoparticipa-2018.png\" alt=\"\" width=\"172\" height=\"69\" srcset=\"https:\/\/mont-roig.cat\/wp-content\/uploads\/Infoparticipa-2018.png 1292w, https:\/\/mont-roig.cat\/wp-content\/uploads\/Infoparticipa-2018-500x200.png 500w, https:\/\/mont-roig.cat\/wp-content\/uploads\/Infoparticipa-2018-768x307.png 768w, https:\/\/mont-roig.cat\/wp-content\/uploads\/Infoparticipa-2018-1024x410.png 1024w\" sizes=\"auto, (max-width: 172px) 100vw, 172px\" \/><\/strong><\/strong><\/p>\n<p>A la calidad y transparencia de la comunicaci\u00f3n local, que otorga el Laboratorio de Periodismo y Comunicaci\u00f3n para la Ciudadan\u00eda Plural (LPCCP) de la Facultad de Ciencias de la Comunicaci\u00f3n de la Universidad Aut\u00f3noma de Barcelona (UAB) y que eval\u00faa la calidad de la informaci\u00f3n que se publica desde la web municipal y el portal de transparencia. <a href=\"https:\/\/mont-roig.cat\/es\/actualitat\/noticies\/la-universidad-autonoma-de-barcelona-certifica-la-excelencia-del-ayuntamiento-como-administracion-publica-transparente\/\" target=\"_blank\" rel=\"noopener noreferrer\">M\u00e1s info.<\/a><\/p>\n<p><strong>Premio al mejor proyecto consolidado de transformaci\u00f3n digital (2018)<\/strong><\/p>\n<p>En el marco del congreso Local Tic de Cunit y que reconoce la labor llevada a cabo por el departamento de Innovaci\u00f3n, modernizaci\u00f3n y excelencia administrativa que permiti\u00f3, entre otros, digitalizar todos los procedimientos del Ayuntamiento, implantar la firma digital (tambi\u00e9n a trav\u00e9s de dispositivos m\u00f3viles) y poner en marcha la Sede Electr\u00f3nica donde se pueden encontrar online pr\u00e1cticamente todos los tr\u00e1mites municipales. Un premio que ha sido posible tambi\u00e9n gracias al esfuerzo de todo el personal del Ayuntamiento para adaptarse a la digitalizaci\u00f3n.<\/p>\n<p><strong>Programa Caf\u00e9s con el alcalde del Ayuntamiento de Mont-roig del Camp (2017)<\/strong><\/p>\n<p>Reconocido por el Banco de Buenas Pr\u00e1cticas (BBP) de los Gobiernos Locales de Catalunya como pr\u00e1ctica significativa de acercamiento a la ciudadan\u00eda. <a href=\"https:\/\/mont-roig.cat\/es\/actualitat\/noticies\/el-programa-cafes-con-el-alcalde-incluido-el-banc-de-bones-practiques-de-los-gobiernos-locales\/\" target=\"_blank\" rel=\"noopener noreferrer\">M\u00e1s info.<\/a><\/p>\n<p><strong>Experiencia Comisi\u00f3n de Recursos Humanos Municipales. Selecci\u00f3n de personal con participaci\u00f3n ciudadana del Ayuntamiento de Mont-roig del Camp (2016)<\/strong><\/p>\n<p>Reconocido por el Banco de Buenas Pr\u00e1cticas (BBP) de los Gobiernos Locales de Catalunya como una aportaci\u00f3n innovadora y de calidad en la tem\u00e1tica de Recursos Humanos. <a href=\"https:\/\/mont-roig.cat\/es\/actualitat\/noticies\/reconocido-esfuerzo-del-ayuntamiento-dotar-transparencia-los-procesos-seleccion-personal\/\" target=\"_blank\" rel=\"noopener noreferrer\">M\u00e1s info.<\/a>[\/vc_column_text][\/vc_column][\/vc_row]\n<\/div>","protected":false},"excerpt":{"rendered":"<p>[vc_row][vc_column][vc_column_text css=&#8221;&#8221;]Este espacio est\u00e1 dedicado a dar a conocer las buenas pr\u00e1cticas municipales que han obtenido reconocimiento por parte de organizaciones externas, que posan en valor la tarea de los trabajadores\/se municipales y que pueden suponer un intercambio de experiencias en pol\u00edticas p\u00fablicas locales. Sello Infoparticipa 2025 El Ayuntamiento de Mont-roig del Camp ha sido [&hellip;]<\/p>\n","protected":false},"author":4,"featured_media":0,"parent":4265,"menu_order":0,"comment_status":"closed","ping_status":"closed","template":"","meta":{"inline_featured_image":false,"_monsterinsights_skip_tracking":false,"_monsterinsights_sitenote_active":false,"_monsterinsights_sitenote_note":"","_monsterinsights_sitenote_category":0,"footnotes":""},"class_list":["post-36174","page","type-page","status-publish","hentry"],"yoast_head":"<!-- This site is optimized with the Yoast SEO plugin v27.4 - https:\/\/yoast.com\/product\/yoast-seo-wordpress\/ -->\n<title>Reconocimientos - Ajuntament de Mont-roig del Camp<\/title>\n<meta name=\"robots\" content=\"index, follow, max-snippet:-1, max-image-preview:large, max-video-preview:-1\" \/>\n<link rel=\"canonical\" href=\"https:\/\/mont-roig.cat\/es\/govern-obert\/transparencia\/reconocimientos\/\" \/>\n<meta property=\"og:locale\" content=\"es_ES\" \/>\n<meta property=\"og:type\" content=\"article\" \/>\n<meta property=\"og:title\" content=\"Reconocimientos - Ajuntament de Mont-roig del Camp\" \/>\n<meta property=\"og:description\" content=\"[vc_row][vc_column][vc_column_text css=&#8221;&#8221;]Este espacio est\u00e1 dedicado a dar a conocer las buenas pr\u00e1cticas municipales que han obtenido reconocimiento por parte de organizaciones externas, que posan en valor la tarea de los trabajadores\/se municipales y que pueden suponer un intercambio de experiencias en pol\u00edticas p\u00fablicas locales. Sello Infoparticipa 2025 El Ayuntamiento de Mont-roig del Camp ha sido [&hellip;]\" \/>\n<meta property=\"og:url\" content=\"https:\/\/mont-roig.cat\/es\/govern-obert\/transparencia\/reconocimientos\/\" \/>\n<meta property=\"og:site_name\" content=\"Ajuntament de Mont-roig del Camp\" \/>\n<meta property=\"article:modified_time\" content=\"2026-04-20T11:07:18+00:00\" \/>\n<meta property=\"og:image\" content=\"https:\/\/mont-roig.cat\/wp-content\/uploads\/Segell_infoparticipa_2025-1-scaled.jpg\" \/>\n\t<meta property=\"og:image:width\" content=\"2048\" \/>\n\t<meta property=\"og:image:height\" content=\"820\" \/>\n\t<meta property=\"og:image:type\" content=\"image\/jpeg\" \/>\n<meta name=\"twitter:card\" content=\"summary_large_image\" \/>\n<meta name=\"twitter:label1\" content=\"Tiempo de lectura\" \/>\n\t<meta name=\"twitter:data1\" content=\"4 minutos\" \/>\n<script type=\"application\/ld+json\" class=\"yoast-schema-graph\">{\"@context\":\"https:\\\/\\\/schema.org\",\"@graph\":[{\"@type\":\"WebPage\",\"@id\":\"https:\\\/\\\/mont-roig.cat\\\/es\\\/govern-obert\\\/transparencia\\\/reconocimientos\\\/\",\"url\":\"https:\\\/\\\/mont-roig.cat\\\/es\\\/govern-obert\\\/transparencia\\\/reconocimientos\\\/\",\"name\":\"Reconocimientos - Ajuntament de Mont-roig del Camp\",\"isPartOf\":{\"@id\":\"https:\\\/\\\/mont-roig.cat\\\/es\\\/#website\"},\"primaryImageOfPage\":{\"@id\":\"https:\\\/\\\/mont-roig.cat\\\/es\\\/govern-obert\\\/transparencia\\\/reconocimientos\\\/#primaryimage\"},\"image\":{\"@id\":\"https:\\\/\\\/mont-roig.cat\\\/es\\\/govern-obert\\\/transparencia\\\/reconocimientos\\\/#primaryimage\"},\"thumbnailUrl\":\"https:\\\/\\\/mont-roig.cat\\\/wp-content\\\/uploads\\\/Segell_infoparticipa_2025-1-500x200.jpg\",\"datePublished\":\"2019-05-03T12:14:28+00:00\",\"dateModified\":\"2026-04-20T11:07:18+00:00\",\"breadcrumb\":{\"@id\":\"https:\\\/\\\/mont-roig.cat\\\/es\\\/govern-obert\\\/transparencia\\\/reconocimientos\\\/#breadcrumb\"},\"inLanguage\":\"es\",\"potentialAction\":[{\"@type\":\"ReadAction\",\"target\":[\"https:\\\/\\\/mont-roig.cat\\\/es\\\/govern-obert\\\/transparencia\\\/reconocimientos\\\/\"]}]},{\"@type\":\"ImageObject\",\"inLanguage\":\"es\",\"@id\":\"https:\\\/\\\/mont-roig.cat\\\/es\\\/govern-obert\\\/transparencia\\\/reconocimientos\\\/#primaryimage\",\"url\":\"https:\\\/\\\/mont-roig.cat\\\/wp-content\\\/uploads\\\/Segell_infoparticipa_2025-1-500x200.jpg\",\"contentUrl\":\"https:\\\/\\\/mont-roig.cat\\\/wp-content\\\/uploads\\\/Segell_infoparticipa_2025-1-500x200.jpg\"},{\"@type\":\"BreadcrumbList\",\"@id\":\"https:\\\/\\\/mont-roig.cat\\\/es\\\/govern-obert\\\/transparencia\\\/reconocimientos\\\/#breadcrumb\",\"itemListElement\":[{\"@type\":\"ListItem\",\"position\":1,\"name\":\"Inici\",\"item\":\"https:\\\/\\\/mont-roig.cat\\\/es\\\/pagina-de-inicio\\\/\"},{\"@type\":\"ListItem\",\"position\":2,\"name\":\"Gobierno abierto\",\"item\":\"https:\\\/\\\/mont-roig.cat\\\/es\\\/govern-obert\\\/\"},{\"@type\":\"ListItem\",\"position\":3,\"name\":\"Transparencia\",\"item\":\"https:\\\/\\\/mont-roig.cat\\\/es\\\/govern-obert\\\/transparencia\\\/\"},{\"@type\":\"ListItem\",\"position\":4,\"name\":\"Reconocimientos\"}]},{\"@type\":\"WebSite\",\"@id\":\"https:\\\/\\\/mont-roig.cat\\\/es\\\/#website\",\"url\":\"https:\\\/\\\/mont-roig.cat\\\/es\\\/\",\"name\":\"Ajuntament de Mont-roig del Camp\",\"description\":\"Tota la informaci\u00f3 sobre la instituci\u00f3, els seus \u00f2rgans de govern, actualitat, serveis i molt m\u00e9s.\",\"potentialAction\":[{\"@type\":\"SearchAction\",\"target\":{\"@type\":\"EntryPoint\",\"urlTemplate\":\"https:\\\/\\\/mont-roig.cat\\\/es\\\/?s={search_term_string}\"},\"query-input\":{\"@type\":\"PropertyValueSpecification\",\"valueRequired\":true,\"valueName\":\"search_term_string\"}}],\"inLanguage\":\"es\"}]}<\/script>\n<!-- \/ Yoast SEO plugin. -->","yoast_head_json":{"title":"Reconocimientos - Ajuntament de Mont-roig del Camp","robots":{"index":"index","follow":"follow","max-snippet":"max-snippet:-1","max-image-preview":"max-image-preview:large","max-video-preview":"max-video-preview:-1"},"canonical":"https:\/\/mont-roig.cat\/es\/govern-obert\/transparencia\/reconocimientos\/","og_locale":"es_ES","og_type":"article","og_title":"Reconocimientos - Ajuntament de Mont-roig del Camp","og_description":"[vc_row][vc_column][vc_column_text css=&#8221;&#8221;]Este espacio est\u00e1 dedicado a dar a conocer las buenas pr\u00e1cticas municipales que han obtenido reconocimiento por parte de organizaciones externas, que posan en valor la tarea de los trabajadores\/se municipales y que pueden suponer un intercambio de experiencias en pol\u00edticas p\u00fablicas locales. Sello Infoparticipa 2025 El Ayuntamiento de Mont-roig del Camp ha sido [&hellip;]","og_url":"https:\/\/mont-roig.cat\/es\/govern-obert\/transparencia\/reconocimientos\/","og_site_name":"Ajuntament de Mont-roig del Camp","article_modified_time":"2026-04-20T11:07:18+00:00","og_image":[{"width":2048,"height":820,"url":"https:\/\/mont-roig.cat\/wp-content\/uploads\/Segell_infoparticipa_2025-1-scaled.jpg","type":"image\/jpeg"}],"twitter_card":"summary_large_image","twitter_misc":{"Tiempo de lectura":"4 minutos"},"schema":{"@context":"https:\/\/schema.org","@graph":[{"@type":"WebPage","@id":"https:\/\/mont-roig.cat\/es\/govern-obert\/transparencia\/reconocimientos\/","url":"https:\/\/mont-roig.cat\/es\/govern-obert\/transparencia\/reconocimientos\/","name":"Reconocimientos - Ajuntament de Mont-roig del Camp","isPartOf":{"@id":"https:\/\/mont-roig.cat\/es\/#website"},"primaryImageOfPage":{"@id":"https:\/\/mont-roig.cat\/es\/govern-obert\/transparencia\/reconocimientos\/#primaryimage"},"image":{"@id":"https:\/\/mont-roig.cat\/es\/govern-obert\/transparencia\/reconocimientos\/#primaryimage"},"thumbnailUrl":"https:\/\/mont-roig.cat\/wp-content\/uploads\/Segell_infoparticipa_2025-1-500x200.jpg","datePublished":"2019-05-03T12:14:28+00:00","dateModified":"2026-04-20T11:07:18+00:00","breadcrumb":{"@id":"https:\/\/mont-roig.cat\/es\/govern-obert\/transparencia\/reconocimientos\/#breadcrumb"},"inLanguage":"es","potentialAction":[{"@type":"ReadAction","target":["https:\/\/mont-roig.cat\/es\/govern-obert\/transparencia\/reconocimientos\/"]}]},{"@type":"ImageObject","inLanguage":"es","@id":"https:\/\/mont-roig.cat\/es\/govern-obert\/transparencia\/reconocimientos\/#primaryimage","url":"https:\/\/mont-roig.cat\/wp-content\/uploads\/Segell_infoparticipa_2025-1-500x200.jpg","contentUrl":"https:\/\/mont-roig.cat\/wp-content\/uploads\/Segell_infoparticipa_2025-1-500x200.jpg"},{"@type":"BreadcrumbList","@id":"https:\/\/mont-roig.cat\/es\/govern-obert\/transparencia\/reconocimientos\/#breadcrumb","itemListElement":[{"@type":"ListItem","position":1,"name":"Inici","item":"https:\/\/mont-roig.cat\/es\/pagina-de-inicio\/"},{"@type":"ListItem","position":2,"name":"Gobierno abierto","item":"https:\/\/mont-roig.cat\/es\/govern-obert\/"},{"@type":"ListItem","position":3,"name":"Transparencia","item":"https:\/\/mont-roig.cat\/es\/govern-obert\/transparencia\/"},{"@type":"ListItem","position":4,"name":"Reconocimientos"}]},{"@type":"WebSite","@id":"https:\/\/mont-roig.cat\/es\/#website","url":"https:\/\/mont-roig.cat\/es\/","name":"Ajuntament de Mont-roig del Camp","description":"Tota la informaci\u00f3 sobre la instituci\u00f3, els seus \u00f2rgans de govern, actualitat, serveis i molt m\u00e9s.","potentialAction":[{"@type":"SearchAction","target":{"@type":"EntryPoint","urlTemplate":"https:\/\/mont-roig.cat\/es\/?s={search_term_string}"},"query-input":{"@type":"PropertyValueSpecification","valueRequired":true,"valueName":"search_term_string"}}],"inLanguage":"es"}]}},"_links":{"self":[{"href":"https:\/\/mont-roig.cat\/es\/wp-json\/wp\/v2\/pages\/36174","targetHints":{"allow":["GET"]}}],"collection":[{"href":"https:\/\/mont-roig.cat\/es\/wp-json\/wp\/v2\/pages"}],"about":[{"href":"https:\/\/mont-roig.cat\/es\/wp-json\/wp\/v2\/types\/page"}],"author":[{"embeddable":true,"href":"https:\/\/mont-roig.cat\/es\/wp-json\/wp\/v2\/users\/4"}],"replies":[{"embeddable":true,"href":"https:\/\/mont-roig.cat\/es\/wp-json\/wp\/v2\/comments?post=36174"}],"version-history":[{"count":14,"href":"https:\/\/mont-roig.cat\/es\/wp-json\/wp\/v2\/pages\/36174\/revisions"}],"predecessor-version":[{"id":91131,"href":"https:\/\/mont-roig.cat\/es\/wp-json\/wp\/v2\/pages\/36174\/revisions\/91131"}],"up":[{"embeddable":true,"href":"https:\/\/mont-roig.cat\/es\/wp-json\/wp\/v2\/pages\/4265"}],"wp:attachment":[{"href":"https:\/\/mont-roig.cat\/es\/wp-json\/wp\/v2\/media?parent=36174"}],"curies":[{"name":"wp","href":"https:\/\/api.w.org\/{rel}","templated":true}]}}