{"id":39004,"date":"2019-09-20T13:59:07","date_gmt":"2019-09-20T11:59:07","guid":{"rendered":"https:\/\/mont-roig.cat\/?page_id=39004"},"modified":"2019-09-25T15:06:19","modified_gmt":"2019-09-25T13:06:19","slug":"ayudas-para-fomentar-la-apertura-de-negocios-y-la-contratacion","status":"publish","type":"page","link":"https:\/\/mont-roig.cat\/es\/ayudas-para-fomentar-la-apertura-de-negocios-y-la-contratacion\/","title":{"rendered":"Ayudas para fomentar la apertura de negocios y la contrataci\u00f3n"},"content":{"rendered":"<p><img loading=\"lazy\" decoding=\"async\" class=\"alignnone size-full wp-image-38999\" src=\"https:\/\/mont-roig.cat\/wp-content\/uploads\/Si-tens-una-idea-de-negoci-atreveix-te-a-posar-la-en-marxa.jpg\" alt=\"\" width=\"1920\" height=\"435\" srcset=\"https:\/\/mont-roig.cat\/wp-content\/uploads\/Si-tens-una-idea-de-negoci-atreveix-te-a-posar-la-en-marxa.jpg 1920w, https:\/\/mont-roig.cat\/wp-content\/uploads\/Si-tens-una-idea-de-negoci-atreveix-te-a-posar-la-en-marxa-500x113.jpg 500w, https:\/\/mont-roig.cat\/wp-content\/uploads\/Si-tens-una-idea-de-negoci-atreveix-te-a-posar-la-en-marxa-768x174.jpg 768w, https:\/\/mont-roig.cat\/wp-content\/uploads\/Si-tens-una-idea-de-negoci-atreveix-te-a-posar-la-en-marxa-1024x232.jpg 1024w\" sizes=\"auto, (max-width: 1920px) 100vw, 1920px\" \/><\/p>\n<p>En el marco del Plan de Dinamizaci\u00f3n del Casco Antiguo de Mont-roig, la concejal\u00eda de Impulso Econ\u00f3mico y Empleo del Ayuntamiento de Mont-roig del Camp ha puesto en marcha una nueva l\u00ednea de subvenciones para fomentar la apertura de nuevos establecimientos en esta zona. El objetivo es recuperar locales vac\u00edos, dinamizar el comercio y dar vida en este espacio hist\u00f3rico del municipio.<\/p>\n<div id=\"attachment_39001\" style=\"width: 260px\" class=\"wp-caption alignright\"><a href=\"https:\/\/mont-roig.cat\/wp-content\/uploads\/Campanya-ajudes-locals-nucli-antic.pdf\" target=\"_blank\" rel=\"noopener noreferrer\"><img loading=\"lazy\" decoding=\"async\" aria-describedby=\"caption-attachment-39001\" class=\"wp-image-39001\" src=\"https:\/\/mont-roig.cat\/wp-content\/uploads\/Campanya-ajudes-locals-nucli-antic.png\" alt=\"\" width=\"250\" height=\"353\" srcset=\"https:\/\/mont-roig.cat\/wp-content\/uploads\/Campanya-ajudes-locals-nucli-antic.png 1182w, https:\/\/mont-roig.cat\/wp-content\/uploads\/Campanya-ajudes-locals-nucli-antic-354x500.png 354w, https:\/\/mont-roig.cat\/wp-content\/uploads\/Campanya-ajudes-locals-nucli-antic-768x1085.png 768w, https:\/\/mont-roig.cat\/wp-content\/uploads\/Campanya-ajudes-locals-nucli-antic-725x1024.png 725w\" sizes=\"auto, (max-width: 250px) 100vw, 250px\" \/><\/a><p id=\"caption-attachment-39001\" class=\"wp-caption-text\">Folleto informativo sobre las ayudas que ofrece el Ayuntamiento<\/p><\/div>\n<p>Los locales que son de propiedad privada y que est\u00e1n disponibles son los siguientes:<\/p>\n<ul>\n<li>Plaza Moss\u00e8n Gaiet\u00e0 Ivern 5<\/li>\n<li>Plaza Moss\u00e8n Gaiet\u00e0 Ivern 18<\/li>\n<li>Francesc Riba i Mestre 3<\/li>\n<li>Francesc Riba i Mestre 13<\/li>\n<li>Francesc Riba i Mestre 15<\/li>\n<\/ul>\n<p>Adem\u00e1s, como cada a\u00f1o se plantean las l\u00edneas de ayudas para la concesi\u00f3n de subvenciones a empresas y personas emprendedoras.<\/p>\n<ul>\n<li><strong>Subvenciones para impulsar la emprendedur\u00eda en el municipio.<\/strong><\/li>\n<li><strong>Subvenciones para impulsar la contrataci\u00f3n de trabajadores desempleados a las empresas del municipio.<\/strong><\/li>\n<li><strong>Subvenciones para inversiones destinadas a la apertura de nuevos establecimientos comerciales en el casco antiguo de Mont-roig del Camp.<\/strong><\/li>\n<\/ul>\n<p>Las personas y\/o empresas interesadas deber\u00e1n presentar la correspondiente solicitud de subvenci\u00f3n, junto con la documentaci\u00f3n requerida en las bases, en el Registro General del Ayuntamiento o bien a trav\u00e9s de la sede electr\u00f3nica.<\/p>\n<p>El plazo de presentaci\u00f3n de solicitudes para cada una de las subvenciones se establece hasta el d\u00eda 30 de noviembre del 2019.<\/p>\n<p><strong>Estas subvenciones que se ofrecen son compatibles, por lo tanto, si se cumplen los requisitos, se puede solicitar m\u00e1s de una en el mismo a\u00f1o.<\/strong><\/p>\n<p>Para m\u00e1s informaci\u00f3n se puede contactar con el \u00c1rea de Impulso Econ\u00f3mico, a trav\u00e9s del tel\u00e9fono 977 172 527 o bien mediante el correo electr\u00f3nico promocio@mont-roig.com.<\/p>\n<p>Documentaci\u00f3n:<\/p>\n<ul>\n<li><a href=\"https:\/\/mont-roig.cat\/wp-content\/uploads\/BasesConvocat%C3%B2ria_SUBV.-EMPRENEDORIA-2019.pdf\" target=\"_blank\" rel=\"noopener noreferrer\" data-wpel-link=\"internal\">Bases y convocatoria subvenci\u00f3n emprendedur\u00eda 2019<\/a><\/li>\n<li><a href=\"https:\/\/mont-roig.cat\/wp-content\/uploads\/Formulari-sol.licitud_SUBV.-EMPRENEDORIA-2019-1.pdf\" target=\"_blank\" rel=\"noopener noreferrer\" data-wpel-link=\"internal\">Formulario solicitud subvenci\u00f3n emprenedur\u00eda<\/a><\/li>\n<li><a href=\"https:\/\/mont-roig.cat\/wp-content\/uploads\/BasesConvocat%C3%B2ria_SUBV.-CONTRACTACI%C3%93-2019.pdf\" target=\"_blank\" rel=\"noopener noreferrer\" data-wpel-link=\"internal\">Bases y convocatoria subvenci\u00f3n contrataci\u00f3n 2019<\/a><\/li>\n<li><a href=\"https:\/\/mont-roig.cat\/wp-content\/uploads\/Formulari-sol.licitud_SUBV.-Contractaci%C3%B3-2019-1.pdf\" target=\"_blank\" rel=\"noopener noreferrer\" data-wpel-link=\"internal\">Formulario sol.licitud subvenci\u00f3n contrataci\u00f3n 2019<\/a><\/li>\n<li><a href=\"https:\/\/mont-roig.cat\/wp-content\/uploads\/Text-bases-convocat%C3%B2ria.pdf\" target=\"_blank\" rel=\"noopener noreferrer\" data-wpel-link=\"internal\">Bases y convocatoria subvenci\u00f3n locales comerciales n\u00facleo antiguo 2019<\/a><\/li>\n<li><a href=\"https:\/\/mont-roig.cat\/wp-content\/uploads\/Formulari-sol.licitud-subvenci%C3%B3-locals-2019.pdf\" target=\"_blank\" rel=\"noopener noreferrer\" data-wpel-link=\"internal\">Formulario solicitud subvenci\u00f3n locales comerciales n\u00facleo antiguo 2019<\/a><\/li>\n<li><a href=\"https:\/\/mont-roig.cat\/wp-content\/uploads\/Impr%C3%A8s-transfer%C3%A8ncia-banc%C3%A0ria.doc\" target=\"_blank\" rel=\"noopener noreferrer\" data-wpel-link=\"internal\">Impreso transferencia bancaria<\/a><\/li>\n<\/ul>\n","protected":false},"excerpt":{"rendered":"<p>En el marco del Plan de Dinamizaci\u00f3n del Casco Antiguo de Mont-roig, la concejal\u00eda de Impulso Econ\u00f3mico y Empleo del Ayuntamiento de Mont-roig del Camp ha puesto en marcha una nueva l\u00ednea de subvenciones para fomentar la apertura de nuevos establecimientos en esta zona. El objetivo es recuperar locales vac\u00edos, dinamizar el comercio y dar [&hellip;]<\/p>\n","protected":false},"author":4,"featured_media":0,"parent":0,"menu_order":0,"comment_status":"closed","ping_status":"closed","template":"","meta":{"inline_featured_image":false,"_monsterinsights_skip_tracking":false,"_monsterinsights_sitenote_active":false,"_monsterinsights_sitenote_note":"","_monsterinsights_sitenote_category":0,"footnotes":""},"class_list":["post-39004","page","type-page","status-publish","hentry"],"yoast_head":"<!-- This site is optimized with the Yoast SEO plugin v27.1.1 - https:\/\/yoast.com\/product\/yoast-seo-wordpress\/ -->\n<title>Ayudas para fomentar la apertura de negocios y la contrataci\u00f3n - Ajuntament de Mont-roig del Camp<\/title>\n<meta name=\"robots\" content=\"index, follow, max-snippet:-1, max-image-preview:large, max-video-preview:-1\" \/>\n<link rel=\"canonical\" href=\"https:\/\/mont-roig.cat\/es\/ayudas-para-fomentar-la-apertura-de-negocios-y-la-contratacion\/\" \/>\n<meta property=\"og:locale\" content=\"es_ES\" \/>\n<meta property=\"og:type\" content=\"article\" \/>\n<meta property=\"og:title\" content=\"Ayudas para fomentar la apertura de negocios y la contrataci\u00f3n - Ajuntament de Mont-roig del Camp\" \/>\n<meta property=\"og:description\" content=\"En el marco del Plan de Dinamizaci\u00f3n del Casco Antiguo de Mont-roig, la concejal\u00eda de Impulso Econ\u00f3mico y Empleo del Ayuntamiento de Mont-roig del Camp ha puesto en marcha una nueva l\u00ednea de subvenciones para fomentar la apertura de nuevos establecimientos en esta zona. El objetivo es recuperar locales vac\u00edos, dinamizar el comercio y dar [&hellip;]\" \/>\n<meta property=\"og:url\" content=\"https:\/\/mont-roig.cat\/es\/ayudas-para-fomentar-la-apertura-de-negocios-y-la-contratacion\/\" \/>\n<meta property=\"og:site_name\" content=\"Ajuntament de Mont-roig del Camp\" \/>\n<meta property=\"article:modified_time\" content=\"2019-09-25T13:06:19+00:00\" \/>\n<meta property=\"og:image\" content=\"https:\/\/mont-roig.cat\/wp-content\/uploads\/Si-tens-una-idea-de-negoci-atreveix-te-a-posar-la-en-marxa.jpg\" \/>\n<meta name=\"twitter:card\" content=\"summary_large_image\" \/>\n<meta name=\"twitter:label1\" content=\"Tiempo de lectura\" \/>\n\t<meta name=\"twitter:data1\" content=\"2 minutos\" \/>\n<script type=\"application\/ld+json\" class=\"yoast-schema-graph\">{\"@context\":\"https:\/\/schema.org\",\"@graph\":[{\"@type\":\"WebPage\",\"@id\":\"https:\/\/mont-roig.cat\/es\/ayudas-para-fomentar-la-apertura-de-negocios-y-la-contratacion\/\",\"url\":\"https:\/\/mont-roig.cat\/es\/ayudas-para-fomentar-la-apertura-de-negocios-y-la-contratacion\/\",\"name\":\"Ayudas para fomentar la apertura de negocios y la contrataci\u00f3n - Ajuntament de Mont-roig del Camp\",\"isPartOf\":{\"@id\":\"https:\/\/mont-roig.cat\/es\/#website\"},\"primaryImageOfPage\":{\"@id\":\"https:\/\/mont-roig.cat\/es\/ayudas-para-fomentar-la-apertura-de-negocios-y-la-contratacion\/#primaryimage\"},\"image\":{\"@id\":\"https:\/\/mont-roig.cat\/es\/ayudas-para-fomentar-la-apertura-de-negocios-y-la-contratacion\/#primaryimage\"},\"thumbnailUrl\":\"https:\/\/mont-roig.cat\/wp-content\/uploads\/Si-tens-una-idea-de-negoci-atreveix-te-a-posar-la-en-marxa.jpg\",\"datePublished\":\"2019-09-20T11:59:07+00:00\",\"dateModified\":\"2019-09-25T13:06:19+00:00\",\"breadcrumb\":{\"@id\":\"https:\/\/mont-roig.cat\/es\/ayudas-para-fomentar-la-apertura-de-negocios-y-la-contratacion\/#breadcrumb\"},\"inLanguage\":\"es\",\"potentialAction\":[{\"@type\":\"ReadAction\",\"target\":[\"https:\/\/mont-roig.cat\/es\/ayudas-para-fomentar-la-apertura-de-negocios-y-la-contratacion\/\"]}]},{\"@type\":\"ImageObject\",\"inLanguage\":\"es\",\"@id\":\"https:\/\/mont-roig.cat\/es\/ayudas-para-fomentar-la-apertura-de-negocios-y-la-contratacion\/#primaryimage\",\"url\":\"https:\/\/mont-roig.cat\/wp-content\/uploads\/Si-tens-una-idea-de-negoci-atreveix-te-a-posar-la-en-marxa.jpg\",\"contentUrl\":\"https:\/\/mont-roig.cat\/wp-content\/uploads\/Si-tens-una-idea-de-negoci-atreveix-te-a-posar-la-en-marxa.jpg\"},{\"@type\":\"BreadcrumbList\",\"@id\":\"https:\/\/mont-roig.cat\/es\/ayudas-para-fomentar-la-apertura-de-negocios-y-la-contratacion\/#breadcrumb\",\"itemListElement\":[{\"@type\":\"ListItem\",\"position\":1,\"name\":\"Inici\",\"item\":\"https:\/\/mont-roig.cat\/es\/pagina-de-inicio\/\"},{\"@type\":\"ListItem\",\"position\":2,\"name\":\"Ayudas para fomentar la apertura de negocios y la contrataci\u00f3n\"}]},{\"@type\":\"WebSite\",\"@id\":\"https:\/\/mont-roig.cat\/es\/#website\",\"url\":\"https:\/\/mont-roig.cat\/es\/\",\"name\":\"Ajuntament de Mont-roig del Camp\",\"description\":\"Tota la informaci\u00f3 sobre la instituci\u00f3, els seus \u00f2rgans de govern, actualitat, serveis i molt m\u00e9s.\",\"potentialAction\":[{\"@type\":\"SearchAction\",\"target\":{\"@type\":\"EntryPoint\",\"urlTemplate\":\"https:\/\/mont-roig.cat\/es\/?s={search_term_string}\"},\"query-input\":{\"@type\":\"PropertyValueSpecification\",\"valueRequired\":true,\"valueName\":\"search_term_string\"}}],\"inLanguage\":\"es\"}]}<\/script>\n<!-- \/ Yoast SEO plugin. -->","yoast_head_json":{"title":"Ayudas para fomentar la apertura de negocios y la contrataci\u00f3n - Ajuntament de Mont-roig del Camp","robots":{"index":"index","follow":"follow","max-snippet":"max-snippet:-1","max-image-preview":"max-image-preview:large","max-video-preview":"max-video-preview:-1"},"canonical":"https:\/\/mont-roig.cat\/es\/ayudas-para-fomentar-la-apertura-de-negocios-y-la-contratacion\/","og_locale":"es_ES","og_type":"article","og_title":"Ayudas para fomentar la apertura de negocios y la contrataci\u00f3n - Ajuntament de Mont-roig del Camp","og_description":"En el marco del Plan de Dinamizaci\u00f3n del Casco Antiguo de Mont-roig, la concejal\u00eda de Impulso Econ\u00f3mico y Empleo del Ayuntamiento de Mont-roig del Camp ha puesto en marcha una nueva l\u00ednea de subvenciones para fomentar la apertura de nuevos establecimientos en esta zona. El objetivo es recuperar locales vac\u00edos, dinamizar el comercio y dar [&hellip;]","og_url":"https:\/\/mont-roig.cat\/es\/ayudas-para-fomentar-la-apertura-de-negocios-y-la-contratacion\/","og_site_name":"Ajuntament de Mont-roig del Camp","article_modified_time":"2019-09-25T13:06:19+00:00","og_image":[{"url":"https:\/\/mont-roig.cat\/wp-content\/uploads\/Si-tens-una-idea-de-negoci-atreveix-te-a-posar-la-en-marxa.jpg","type":"","width":"","height":""}],"twitter_card":"summary_large_image","twitter_misc":{"Tiempo de lectura":"2 minutos"},"schema":{"@context":"https:\/\/schema.org","@graph":[{"@type":"WebPage","@id":"https:\/\/mont-roig.cat\/es\/ayudas-para-fomentar-la-apertura-de-negocios-y-la-contratacion\/","url":"https:\/\/mont-roig.cat\/es\/ayudas-para-fomentar-la-apertura-de-negocios-y-la-contratacion\/","name":"Ayudas para fomentar la apertura de negocios y la contrataci\u00f3n - Ajuntament de Mont-roig del Camp","isPartOf":{"@id":"https:\/\/mont-roig.cat\/es\/#website"},"primaryImageOfPage":{"@id":"https:\/\/mont-roig.cat\/es\/ayudas-para-fomentar-la-apertura-de-negocios-y-la-contratacion\/#primaryimage"},"image":{"@id":"https:\/\/mont-roig.cat\/es\/ayudas-para-fomentar-la-apertura-de-negocios-y-la-contratacion\/#primaryimage"},"thumbnailUrl":"https:\/\/mont-roig.cat\/wp-content\/uploads\/Si-tens-una-idea-de-negoci-atreveix-te-a-posar-la-en-marxa.jpg","datePublished":"2019-09-20T11:59:07+00:00","dateModified":"2019-09-25T13:06:19+00:00","breadcrumb":{"@id":"https:\/\/mont-roig.cat\/es\/ayudas-para-fomentar-la-apertura-de-negocios-y-la-contratacion\/#breadcrumb"},"inLanguage":"es","potentialAction":[{"@type":"ReadAction","target":["https:\/\/mont-roig.cat\/es\/ayudas-para-fomentar-la-apertura-de-negocios-y-la-contratacion\/"]}]},{"@type":"ImageObject","inLanguage":"es","@id":"https:\/\/mont-roig.cat\/es\/ayudas-para-fomentar-la-apertura-de-negocios-y-la-contratacion\/#primaryimage","url":"https:\/\/mont-roig.cat\/wp-content\/uploads\/Si-tens-una-idea-de-negoci-atreveix-te-a-posar-la-en-marxa.jpg","contentUrl":"https:\/\/mont-roig.cat\/wp-content\/uploads\/Si-tens-una-idea-de-negoci-atreveix-te-a-posar-la-en-marxa.jpg"},{"@type":"BreadcrumbList","@id":"https:\/\/mont-roig.cat\/es\/ayudas-para-fomentar-la-apertura-de-negocios-y-la-contratacion\/#breadcrumb","itemListElement":[{"@type":"ListItem","position":1,"name":"Inici","item":"https:\/\/mont-roig.cat\/es\/pagina-de-inicio\/"},{"@type":"ListItem","position":2,"name":"Ayudas para fomentar la apertura de negocios y la contrataci\u00f3n"}]},{"@type":"WebSite","@id":"https:\/\/mont-roig.cat\/es\/#website","url":"https:\/\/mont-roig.cat\/es\/","name":"Ajuntament de Mont-roig del Camp","description":"Tota la informaci\u00f3 sobre la instituci\u00f3, els seus \u00f2rgans de govern, actualitat, serveis i molt m\u00e9s.","potentialAction":[{"@type":"SearchAction","target":{"@type":"EntryPoint","urlTemplate":"https:\/\/mont-roig.cat\/es\/?s={search_term_string}"},"query-input":{"@type":"PropertyValueSpecification","valueRequired":true,"valueName":"search_term_string"}}],"inLanguage":"es"}]}},"_links":{"self":[{"href":"https:\/\/mont-roig.cat\/es\/wp-json\/wp\/v2\/pages\/39004","targetHints":{"allow":["GET"]}}],"collection":[{"href":"https:\/\/mont-roig.cat\/es\/wp-json\/wp\/v2\/pages"}],"about":[{"href":"https:\/\/mont-roig.cat\/es\/wp-json\/wp\/v2\/types\/page"}],"author":[{"embeddable":true,"href":"https:\/\/mont-roig.cat\/es\/wp-json\/wp\/v2\/users\/4"}],"replies":[{"embeddable":true,"href":"https:\/\/mont-roig.cat\/es\/wp-json\/wp\/v2\/comments?post=39004"}],"version-history":[{"count":4,"href":"https:\/\/mont-roig.cat\/es\/wp-json\/wp\/v2\/pages\/39004\/revisions"}],"predecessor-version":[{"id":39112,"href":"https:\/\/mont-roig.cat\/es\/wp-json\/wp\/v2\/pages\/39004\/revisions\/39112"}],"wp:attachment":[{"href":"https:\/\/mont-roig.cat\/es\/wp-json\/wp\/v2\/media?parent=39004"}],"curies":[{"name":"wp","href":"https:\/\/api.w.org\/{rel}","templated":true}]}}