{"id":3930,"date":"2015-11-30T11:09:17","date_gmt":"2015-11-30T11:09:17","guid":{"rendered":""},"modified":"2015-11-30T11:09:17","modified_gmt":"2015-11-30T11:09:17","slug":"vive-la-navidad","status":"publish","type":"page","link":"https:\/\/mont-roig.cat\/es\/vive-la-navidad\/","title":{"rendered":"Vive la Navidad"},"content":{"rendered":"<div class=\"body\">\n<div>\n<p><img decoding=\"async\" alt=\"Viu el Nadal a Mont-roig i a Miami Platja \" class=\"requadre\" src=\"http:\/\/mont-roig.cat\/wp-content\/uploads\/slider_nadal_2015_ok2.jpg\" style=\"width: 100%;\" title=\"Viu el Nadal a Mont-roig i a Miami Platja \" \/><\/p>\n<h4 class=\"rtecenter\">El Ayuntamiento de Mont-roig del Camp os desea unas felices fiestas de Navidad y os invita a participar en los diversos actos que se han programado para estas fechas<\/h4>\n<p>&nbsp;<\/p>\n<table align=\"center\" border=\"0\" cellpadding=\"1\" cellspacing=\"1\" style=\"width:100%;\">\n<tbody>\n<tr>\n<td><a href=\"http:\/\/mont-roig.cat\/wp-content\/uploads\/nadal2015_montroig.pdf\" target=\"_blank\"><img decoding=\"async\" alt=\"Consulta el programa de actos de Mont-roig \" class=\"requadre\" src=\"http:\/\/mont-roig.cat\/wp-content\/uploads\/nadal2015_montroig_pagina_1.jpg\" style=\"line-height: 1.42857; height: 301px; width: 300px; float: right;\" title=\"Consulta el programa de actos de Mont-roig \" \/><\/a><\/td>\n<td><a href=\"http:\/\/mont-roig.cat\/wp-content\/uploads\/nadal2015_miami.pdf\" target=\"_blank\"><img decoding=\"async\" alt=\"Consulta el programa de actos de Miami Platja \" class=\"requadre\" src=\"http:\/\/mont-roig.cat\/wp-content\/uploads\/nadal2015_miami_pagina_1.jpg\" style=\"line-height: 1.42857; height: 300px; width: 300px; float: left;\" title=\"Consulta el programa de actos de Miami Platja \" \/><\/a><\/td>\n<\/tr>\n<\/tbody>\n<\/table>\n<h4 class=\"rtecenter\">&nbsp;<\/h4>\n<h4 class=\"rtecenter\">Ven a inaugurar la Navidad los pr\u00f3ximos 4 y 5 de diciembre!<\/h4>\n<div>&nbsp;<\/div>\n<div>\n<table align=\"center\" border=\"0\" cellpadding=\"1\" cellspacing=\"1\" style=\"width:100%;\">\n<tbody>\n<tr>\n<td><img decoding=\"async\" alt=\"Acto de inauguraci\u00f3n de la Navidad en Mont-roig \" class=\"requadre\" src=\"http:\/\/mont-roig.cat\/wp-content\/uploads\/encesa_arbre_2015_mr.jpg\" style=\"line-height: 1.42857; height: 301px; width: 300px; float: right;\" title=\"Acto de inauguraci\u00f3n de la Navidad en Mont-roig \" \/><\/td>\n<td><img decoding=\"async\" alt=\"Acto de inauguraci\u00f3n de la Navidad en  Miami Platja \" class=\"requadre\" src=\"http:\/\/mont-roig.cat\/wp-content\/uploads\/encesa_arbre_2015_mi.jpg\" style=\"width: 300px; height: 301px; float: left;\" title=\"Acto de inauguraci\u00f3n de la Navidad en Miami Platja\" \/><\/td>\n<\/tr>\n<\/tbody>\n<\/table>\n<\/div>\n<\/div>\n<\/div>\n","protected":false},"excerpt":{"rendered":"<p>El Ayuntamiento de Mont-roig del Camp os desea unas felices fiestas de Navidad y os invita a participar en los diversos actos que se han programado para estas fechas &nbsp; &nbsp; Ven a inaugurar la Navidad los pr\u00f3ximos 4 y 5 de diciembre! &nbsp;<\/p>\n","protected":false},"author":4,"featured_media":0,"parent":0,"menu_order":0,"comment_status":"open","ping_status":"open","template":"","meta":{"inline_featured_image":false,"_monsterinsights_skip_tracking":false,"_monsterinsights_sitenote_active":false,"_monsterinsights_sitenote_note":"","_monsterinsights_sitenote_category":0,"footnotes":""},"class_list":["post-3930","page","type-page","status-publish","hentry"],"yoast_head":"<!-- This site is optimized with the Yoast SEO plugin v27.4 - https:\/\/yoast.com\/product\/yoast-seo-wordpress\/ -->\n<title>Vive la Navidad - Ajuntament de Mont-roig del Camp<\/title>\n<meta name=\"robots\" content=\"index, follow, max-snippet:-1, max-image-preview:large, max-video-preview:-1\" \/>\n<link rel=\"canonical\" href=\"https:\/\/mont-roig.cat\/es\/vive-la-navidad\/\" \/>\n<meta property=\"og:locale\" content=\"es_ES\" \/>\n<meta property=\"og:type\" content=\"article\" \/>\n<meta property=\"og:title\" content=\"Vive la Navidad - Ajuntament de Mont-roig del Camp\" \/>\n<meta property=\"og:description\" content=\"El Ayuntamiento de Mont-roig del Camp os desea unas felices fiestas de Navidad y os invita a participar en los diversos actos que se han programado para estas fechas &nbsp; &nbsp; Ven a inaugurar la Navidad los pr\u00f3ximos 4 y 5 de diciembre! &nbsp;\" \/>\n<meta property=\"og:url\" content=\"https:\/\/mont-roig.cat\/es\/vive-la-navidad\/\" \/>\n<meta property=\"og:site_name\" content=\"Ajuntament de Mont-roig del Camp\" \/>\n<meta property=\"og:image\" content=\"http:\/\/mont-roig.cat\/wp-content\/uploads\/slider_nadal_2015_ok2.jpg\" \/>\n<meta name=\"twitter:card\" content=\"summary_large_image\" \/>\n<script type=\"application\/ld+json\" class=\"yoast-schema-graph\">{\"@context\":\"https:\\\/\\\/schema.org\",\"@graph\":[{\"@type\":\"WebPage\",\"@id\":\"https:\\\/\\\/mont-roig.cat\\\/es\\\/vive-la-navidad\\\/\",\"url\":\"https:\\\/\\\/mont-roig.cat\\\/es\\\/vive-la-navidad\\\/\",\"name\":\"Vive la Navidad - Ajuntament de Mont-roig del Camp\",\"isPartOf\":{\"@id\":\"https:\\\/\\\/mont-roig.cat\\\/es\\\/#website\"},\"primaryImageOfPage\":{\"@id\":\"https:\\\/\\\/mont-roig.cat\\\/es\\\/vive-la-navidad\\\/#primaryimage\"},\"image\":{\"@id\":\"https:\\\/\\\/mont-roig.cat\\\/es\\\/vive-la-navidad\\\/#primaryimage\"},\"thumbnailUrl\":\"http:\\\/\\\/mont-roig.cat\\\/wp-content\\\/uploads\\\/slider_nadal_2015_ok2.jpg\",\"datePublished\":\"2015-11-30T11:09:17+00:00\",\"breadcrumb\":{\"@id\":\"https:\\\/\\\/mont-roig.cat\\\/es\\\/vive-la-navidad\\\/#breadcrumb\"},\"inLanguage\":\"es\",\"potentialAction\":[{\"@type\":\"ReadAction\",\"target\":[\"https:\\\/\\\/mont-roig.cat\\\/es\\\/vive-la-navidad\\\/\"]}]},{\"@type\":\"ImageObject\",\"inLanguage\":\"es\",\"@id\":\"https:\\\/\\\/mont-roig.cat\\\/es\\\/vive-la-navidad\\\/#primaryimage\",\"url\":\"http:\\\/\\\/mont-roig.cat\\\/wp-content\\\/uploads\\\/slider_nadal_2015_ok2.jpg\",\"contentUrl\":\"http:\\\/\\\/mont-roig.cat\\\/wp-content\\\/uploads\\\/slider_nadal_2015_ok2.jpg\"},{\"@type\":\"BreadcrumbList\",\"@id\":\"https:\\\/\\\/mont-roig.cat\\\/es\\\/vive-la-navidad\\\/#breadcrumb\",\"itemListElement\":[{\"@type\":\"ListItem\",\"position\":1,\"name\":\"Inici\",\"item\":\"https:\\\/\\\/mont-roig.cat\\\/es\\\/pagina-de-inicio\\\/\"},{\"@type\":\"ListItem\",\"position\":2,\"name\":\"Vive la Navidad\"}]},{\"@type\":\"WebSite\",\"@id\":\"https:\\\/\\\/mont-roig.cat\\\/es\\\/#website\",\"url\":\"https:\\\/\\\/mont-roig.cat\\\/es\\\/\",\"name\":\"Ajuntament de Mont-roig del Camp\",\"description\":\"Tota la informaci\u00f3 sobre la instituci\u00f3, els seus \u00f2rgans de govern, actualitat, serveis i molt m\u00e9s.\",\"potentialAction\":[{\"@type\":\"SearchAction\",\"target\":{\"@type\":\"EntryPoint\",\"urlTemplate\":\"https:\\\/\\\/mont-roig.cat\\\/es\\\/?s={search_term_string}\"},\"query-input\":{\"@type\":\"PropertyValueSpecification\",\"valueRequired\":true,\"valueName\":\"search_term_string\"}}],\"inLanguage\":\"es\"}]}<\/script>\n<!-- \/ Yoast SEO plugin. -->","yoast_head_json":{"title":"Vive la Navidad - Ajuntament de Mont-roig del Camp","robots":{"index":"index","follow":"follow","max-snippet":"max-snippet:-1","max-image-preview":"max-image-preview:large","max-video-preview":"max-video-preview:-1"},"canonical":"https:\/\/mont-roig.cat\/es\/vive-la-navidad\/","og_locale":"es_ES","og_type":"article","og_title":"Vive la Navidad - Ajuntament de Mont-roig del Camp","og_description":"El Ayuntamiento de Mont-roig del Camp os desea unas felices fiestas de Navidad y os invita a participar en los diversos actos que se han programado para estas fechas &nbsp; &nbsp; Ven a inaugurar la Navidad los pr\u00f3ximos 4 y 5 de diciembre! &nbsp;","og_url":"https:\/\/mont-roig.cat\/es\/vive-la-navidad\/","og_site_name":"Ajuntament de Mont-roig del Camp","og_image":[{"url":"http:\/\/mont-roig.cat\/wp-content\/uploads\/slider_nadal_2015_ok2.jpg","type":"","width":"","height":""}],"twitter_card":"summary_large_image","schema":{"@context":"https:\/\/schema.org","@graph":[{"@type":"WebPage","@id":"https:\/\/mont-roig.cat\/es\/vive-la-navidad\/","url":"https:\/\/mont-roig.cat\/es\/vive-la-navidad\/","name":"Vive la Navidad - Ajuntament de Mont-roig del Camp","isPartOf":{"@id":"https:\/\/mont-roig.cat\/es\/#website"},"primaryImageOfPage":{"@id":"https:\/\/mont-roig.cat\/es\/vive-la-navidad\/#primaryimage"},"image":{"@id":"https:\/\/mont-roig.cat\/es\/vive-la-navidad\/#primaryimage"},"thumbnailUrl":"http:\/\/mont-roig.cat\/wp-content\/uploads\/slider_nadal_2015_ok2.jpg","datePublished":"2015-11-30T11:09:17+00:00","breadcrumb":{"@id":"https:\/\/mont-roig.cat\/es\/vive-la-navidad\/#breadcrumb"},"inLanguage":"es","potentialAction":[{"@type":"ReadAction","target":["https:\/\/mont-roig.cat\/es\/vive-la-navidad\/"]}]},{"@type":"ImageObject","inLanguage":"es","@id":"https:\/\/mont-roig.cat\/es\/vive-la-navidad\/#primaryimage","url":"http:\/\/mont-roig.cat\/wp-content\/uploads\/slider_nadal_2015_ok2.jpg","contentUrl":"http:\/\/mont-roig.cat\/wp-content\/uploads\/slider_nadal_2015_ok2.jpg"},{"@type":"BreadcrumbList","@id":"https:\/\/mont-roig.cat\/es\/vive-la-navidad\/#breadcrumb","itemListElement":[{"@type":"ListItem","position":1,"name":"Inici","item":"https:\/\/mont-roig.cat\/es\/pagina-de-inicio\/"},{"@type":"ListItem","position":2,"name":"Vive la Navidad"}]},{"@type":"WebSite","@id":"https:\/\/mont-roig.cat\/es\/#website","url":"https:\/\/mont-roig.cat\/es\/","name":"Ajuntament de Mont-roig del Camp","description":"Tota la informaci\u00f3 sobre la instituci\u00f3, els seus \u00f2rgans de govern, actualitat, serveis i molt m\u00e9s.","potentialAction":[{"@type":"SearchAction","target":{"@type":"EntryPoint","urlTemplate":"https:\/\/mont-roig.cat\/es\/?s={search_term_string}"},"query-input":{"@type":"PropertyValueSpecification","valueRequired":true,"valueName":"search_term_string"}}],"inLanguage":"es"}]}},"_links":{"self":[{"href":"https:\/\/mont-roig.cat\/es\/wp-json\/wp\/v2\/pages\/3930","targetHints":{"allow":["GET"]}}],"collection":[{"href":"https:\/\/mont-roig.cat\/es\/wp-json\/wp\/v2\/pages"}],"about":[{"href":"https:\/\/mont-roig.cat\/es\/wp-json\/wp\/v2\/types\/page"}],"author":[{"embeddable":true,"href":"https:\/\/mont-roig.cat\/es\/wp-json\/wp\/v2\/users\/4"}],"replies":[{"embeddable":true,"href":"https:\/\/mont-roig.cat\/es\/wp-json\/wp\/v2\/comments?post=3930"}],"version-history":[{"count":0,"href":"https:\/\/mont-roig.cat\/es\/wp-json\/wp\/v2\/pages\/3930\/revisions"}],"wp:attachment":[{"href":"https:\/\/mont-roig.cat\/es\/wp-json\/wp\/v2\/media?parent=3930"}],"curies":[{"name":"wp","href":"https:\/\/api.w.org\/{rel}","templated":true}]}}