{"id":39932,"date":"2019-10-31T15:05:41","date_gmt":"2019-10-31T14:05:41","guid":{"rendered":"https:\/\/mont-roig.cat\/maria-remei-benach-font\/"},"modified":"2021-10-18T14:10:38","modified_gmt":"2021-10-18T12:10:38","slug":"maria-remei-benach-font","status":"publish","type":"page","link":"https:\/\/mont-roig.cat\/es\/maria-remei-benach-font\/","title":{"rendered":"Maria del Remei Benach Font"},"content":{"rendered":"<div id=\"attachment_38400\" style=\"width: 260px\" class=\"wp-caption alignright\"><a href=\"https:\/\/mont-roig.cat\/wp-content\/uploads\/Mei-Benach.jpg\"><img loading=\"lazy\" decoding=\"async\" aria-describedby=\"caption-attachment-38400\" class=\"wp-image-38400\" src=\"https:\/\/mont-roig.cat\/wp-content\/uploads\/Mei-Benach.jpg\" alt=\"\" width=\"250\" height=\"250\" srcset=\"https:\/\/mont-roig.cat\/wp-content\/uploads\/Mei-Benach.jpg 2597w, https:\/\/mont-roig.cat\/wp-content\/uploads\/Mei-Benach-50x50.jpg 50w, https:\/\/mont-roig.cat\/wp-content\/uploads\/Mei-Benach-500x500.jpg 500w, https:\/\/mont-roig.cat\/wp-content\/uploads\/Mei-Benach-768x768.jpg 768w, https:\/\/mont-roig.cat\/wp-content\/uploads\/Mei-Benach-1024x1024.jpg 1024w, https:\/\/mont-roig.cat\/wp-content\/uploads\/Mei-Benach-560x560.jpg 560w, https:\/\/mont-roig.cat\/wp-content\/uploads\/Mei-Benach-367x367.jpg 367w, https:\/\/mont-roig.cat\/wp-content\/uploads\/Mei-Benach-450x450.jpg 450w, https:\/\/mont-roig.cat\/wp-content\/uploads\/Mei-Benach-85x85.jpg 85w, https:\/\/mont-roig.cat\/wp-content\/uploads\/Mei-Benach-45x45.jpg 45w\" sizes=\"auto, (max-width: 250px) 100vw, 250px\" \/><\/a><p id=\"caption-attachment-38400\" class=\"wp-caption-text\">Maria del Remei Benach Font<\/p><\/div>\n<p style=\"text-align: justify;\">Maria del Remei Benach es hija del pueblo de Mont-roig, donde ha vivido desde siempre. Seg\u00fan sus propias palabras, comienza esta nueva experiencia pol\u00edtica con mucha ilusi\u00f3n y ganas de trabajar por el pueblo y el municipio, con el objetivo de estar cerca de la ciudadan\u00eda y poder ayudarla al m\u00e1ximo, as\u00ed como llevar a cabo el plan estrat\u00e9gico actual. En cuanto a su formaci\u00f3n, es T\u00e9cnica en Educaci\u00f3n Infantil y hasta ahora ha trabajado en la guarder\u00eda Virgen de la Roca, con ni\u00f1os de 0 a 3 a\u00f1os, puesto que ha tenido que dejar por ser incompatible con su cargo p\u00fablico. Por otra parte, siempre ha participado en las actividades relacionadas con el pueblo, siendo en el pasado miembro de la APA, miembro del comit\u00e9 de empresa de Nostreserveis, y miembro de la asociaci\u00f3n de belenistas de Mont-roig. Con respecto a la trayectoria pol\u00edtica, no est\u00e1 afiliada a ning\u00fan partido y se ha presentado en estas elecciones como independiente, en las elecciones pasadas se present\u00f3 en la lista del FIC. En la presente legislatura es concejala de gobierno de las \u00e1reas de Cultura y Pol\u00edticas de Igualdad y cuarta teniente de alcald\u00eda.<\/p>\n<p>&nbsp;<\/p>\n<p>Pod\u00e9is consultar el documento de declaraci\u00f3n de Actividades y Bienes de Maria del Remei Benach Font en este enlace:<\/p>\n<p><a href=\"https:\/\/mont-roig.cat\/wp-content\/uploads\/Declaraci\u00f3-dActivitats-i-B\u00e9ns-Maria-del-Remei-Benach-Font.pdf\">Declaraci\u00f3n de Actividades y Bienes &#8211; Maria del Remei Benach Font<\/a><\/p>\n<p><a href=\"https:\/\/mont-roig.cat\/wp-content\/uploads\/Maria-del-Remei-Benach-Font-modificaci%C3%B3-20-novembre-2019.pdf\" target=\"_blank\" rel=\"noopener\">Declaraci\u00f3n de Actividades y Bienes-Maria del Remei Benach Fuente (modificaci\u00f3n 11\/20\/2019)<\/a><\/p>\n","protected":false},"excerpt":{"rendered":"<p>Maria del Remei Benach es hija del pueblo de Mont-roig, donde ha vivido desde siempre. Seg\u00fan sus propias palabras, comienza esta nueva experiencia pol\u00edtica con mucha ilusi\u00f3n y ganas de trabajar por el pueblo y el municipio, con el objetivo de estar cerca de la ciudadan\u00eda y poder ayudarla al m\u00e1ximo, as\u00ed como llevar a [&hellip;]<\/p>\n","protected":false},"author":4,"featured_media":0,"parent":0,"menu_order":0,"comment_status":"closed","ping_status":"closed","template":"","meta":{"inline_featured_image":false,"_monsterinsights_skip_tracking":false,"_monsterinsights_sitenote_active":false,"_monsterinsights_sitenote_note":"","_monsterinsights_sitenote_category":0,"footnotes":""},"class_list":["post-39932","page","type-page","status-publish","hentry"],"yoast_head":"<!-- This site is optimized with the Yoast SEO plugin v27.4 - https:\/\/yoast.com\/product\/yoast-seo-wordpress\/ -->\n<title>Maria del Remei Benach Font - Ajuntament de Mont-roig del Camp<\/title>\n<meta name=\"robots\" content=\"index, follow, max-snippet:-1, max-image-preview:large, max-video-preview:-1\" \/>\n<link rel=\"canonical\" href=\"https:\/\/mont-roig.cat\/es\/maria-remei-benach-font\/\" \/>\n<meta property=\"og:locale\" content=\"es_ES\" \/>\n<meta property=\"og:type\" content=\"article\" \/>\n<meta property=\"og:title\" content=\"Maria del Remei Benach Font - Ajuntament de Mont-roig del Camp\" \/>\n<meta property=\"og:description\" content=\"Maria del Remei Benach es hija del pueblo de Mont-roig, donde ha vivido desde siempre. Seg\u00fan sus propias palabras, comienza esta nueva experiencia pol\u00edtica con mucha ilusi\u00f3n y ganas de trabajar por el pueblo y el municipio, con el objetivo de estar cerca de la ciudadan\u00eda y poder ayudarla al m\u00e1ximo, as\u00ed como llevar a [&hellip;]\" \/>\n<meta property=\"og:url\" content=\"https:\/\/mont-roig.cat\/es\/maria-remei-benach-font\/\" \/>\n<meta property=\"og:site_name\" content=\"Ajuntament de Mont-roig del Camp\" \/>\n<meta property=\"article:modified_time\" content=\"2021-10-18T12:10:38+00:00\" \/>\n<meta property=\"og:image\" content=\"https:\/\/mont-roig.cat\/wp-content\/uploads\/Mei-Benach.jpg\" \/>\n<meta name=\"twitter:card\" content=\"summary_large_image\" \/>\n<meta name=\"twitter:label1\" content=\"Tiempo de lectura\" \/>\n\t<meta name=\"twitter:data1\" content=\"2 minutos\" \/>\n<script type=\"application\/ld+json\" class=\"yoast-schema-graph\">{\"@context\":\"https:\\\/\\\/schema.org\",\"@graph\":[{\"@type\":\"WebPage\",\"@id\":\"https:\\\/\\\/mont-roig.cat\\\/es\\\/maria-remei-benach-font\\\/\",\"url\":\"https:\\\/\\\/mont-roig.cat\\\/es\\\/maria-remei-benach-font\\\/\",\"name\":\"Maria del Remei Benach Font - Ajuntament de Mont-roig del Camp\",\"isPartOf\":{\"@id\":\"https:\\\/\\\/mont-roig.cat\\\/es\\\/#website\"},\"primaryImageOfPage\":{\"@id\":\"https:\\\/\\\/mont-roig.cat\\\/es\\\/maria-remei-benach-font\\\/#primaryimage\"},\"image\":{\"@id\":\"https:\\\/\\\/mont-roig.cat\\\/es\\\/maria-remei-benach-font\\\/#primaryimage\"},\"thumbnailUrl\":\"https:\\\/\\\/mont-roig.cat\\\/wp-content\\\/uploads\\\/Mei-Benach.jpg\",\"datePublished\":\"2019-10-31T14:05:41+00:00\",\"dateModified\":\"2021-10-18T12:10:38+00:00\",\"breadcrumb\":{\"@id\":\"https:\\\/\\\/mont-roig.cat\\\/es\\\/maria-remei-benach-font\\\/#breadcrumb\"},\"inLanguage\":\"es\",\"potentialAction\":[{\"@type\":\"ReadAction\",\"target\":[\"https:\\\/\\\/mont-roig.cat\\\/es\\\/maria-remei-benach-font\\\/\"]}]},{\"@type\":\"ImageObject\",\"inLanguage\":\"es\",\"@id\":\"https:\\\/\\\/mont-roig.cat\\\/es\\\/maria-remei-benach-font\\\/#primaryimage\",\"url\":\"https:\\\/\\\/mont-roig.cat\\\/wp-content\\\/uploads\\\/Mei-Benach.jpg\",\"contentUrl\":\"https:\\\/\\\/mont-roig.cat\\\/wp-content\\\/uploads\\\/Mei-Benach.jpg\"},{\"@type\":\"BreadcrumbList\",\"@id\":\"https:\\\/\\\/mont-roig.cat\\\/es\\\/maria-remei-benach-font\\\/#breadcrumb\",\"itemListElement\":[{\"@type\":\"ListItem\",\"position\":1,\"name\":\"Inici\",\"item\":\"https:\\\/\\\/mont-roig.cat\\\/es\\\/pagina-de-inicio\\\/\"},{\"@type\":\"ListItem\",\"position\":2,\"name\":\"Maria del Remei Benach Font\"}]},{\"@type\":\"WebSite\",\"@id\":\"https:\\\/\\\/mont-roig.cat\\\/es\\\/#website\",\"url\":\"https:\\\/\\\/mont-roig.cat\\\/es\\\/\",\"name\":\"Ajuntament de Mont-roig del Camp\",\"description\":\"Tota la informaci\u00f3 sobre la instituci\u00f3, els seus \u00f2rgans de govern, actualitat, serveis i molt m\u00e9s.\",\"potentialAction\":[{\"@type\":\"SearchAction\",\"target\":{\"@type\":\"EntryPoint\",\"urlTemplate\":\"https:\\\/\\\/mont-roig.cat\\\/es\\\/?s={search_term_string}\"},\"query-input\":{\"@type\":\"PropertyValueSpecification\",\"valueRequired\":true,\"valueName\":\"search_term_string\"}}],\"inLanguage\":\"es\"}]}<\/script>\n<!-- \/ Yoast SEO plugin. -->","yoast_head_json":{"title":"Maria del Remei Benach Font - Ajuntament de Mont-roig del Camp","robots":{"index":"index","follow":"follow","max-snippet":"max-snippet:-1","max-image-preview":"max-image-preview:large","max-video-preview":"max-video-preview:-1"},"canonical":"https:\/\/mont-roig.cat\/es\/maria-remei-benach-font\/","og_locale":"es_ES","og_type":"article","og_title":"Maria del Remei Benach Font - Ajuntament de Mont-roig del Camp","og_description":"Maria del Remei Benach es hija del pueblo de Mont-roig, donde ha vivido desde siempre. Seg\u00fan sus propias palabras, comienza esta nueva experiencia pol\u00edtica con mucha ilusi\u00f3n y ganas de trabajar por el pueblo y el municipio, con el objetivo de estar cerca de la ciudadan\u00eda y poder ayudarla al m\u00e1ximo, as\u00ed como llevar a [&hellip;]","og_url":"https:\/\/mont-roig.cat\/es\/maria-remei-benach-font\/","og_site_name":"Ajuntament de Mont-roig del Camp","article_modified_time":"2021-10-18T12:10:38+00:00","og_image":[{"url":"https:\/\/mont-roig.cat\/wp-content\/uploads\/Mei-Benach.jpg","type":"","width":"","height":""}],"twitter_card":"summary_large_image","twitter_misc":{"Tiempo de lectura":"2 minutos"},"schema":{"@context":"https:\/\/schema.org","@graph":[{"@type":"WebPage","@id":"https:\/\/mont-roig.cat\/es\/maria-remei-benach-font\/","url":"https:\/\/mont-roig.cat\/es\/maria-remei-benach-font\/","name":"Maria del Remei Benach Font - Ajuntament de Mont-roig del Camp","isPartOf":{"@id":"https:\/\/mont-roig.cat\/es\/#website"},"primaryImageOfPage":{"@id":"https:\/\/mont-roig.cat\/es\/maria-remei-benach-font\/#primaryimage"},"image":{"@id":"https:\/\/mont-roig.cat\/es\/maria-remei-benach-font\/#primaryimage"},"thumbnailUrl":"https:\/\/mont-roig.cat\/wp-content\/uploads\/Mei-Benach.jpg","datePublished":"2019-10-31T14:05:41+00:00","dateModified":"2021-10-18T12:10:38+00:00","breadcrumb":{"@id":"https:\/\/mont-roig.cat\/es\/maria-remei-benach-font\/#breadcrumb"},"inLanguage":"es","potentialAction":[{"@type":"ReadAction","target":["https:\/\/mont-roig.cat\/es\/maria-remei-benach-font\/"]}]},{"@type":"ImageObject","inLanguage":"es","@id":"https:\/\/mont-roig.cat\/es\/maria-remei-benach-font\/#primaryimage","url":"https:\/\/mont-roig.cat\/wp-content\/uploads\/Mei-Benach.jpg","contentUrl":"https:\/\/mont-roig.cat\/wp-content\/uploads\/Mei-Benach.jpg"},{"@type":"BreadcrumbList","@id":"https:\/\/mont-roig.cat\/es\/maria-remei-benach-font\/#breadcrumb","itemListElement":[{"@type":"ListItem","position":1,"name":"Inici","item":"https:\/\/mont-roig.cat\/es\/pagina-de-inicio\/"},{"@type":"ListItem","position":2,"name":"Maria del Remei Benach Font"}]},{"@type":"WebSite","@id":"https:\/\/mont-roig.cat\/es\/#website","url":"https:\/\/mont-roig.cat\/es\/","name":"Ajuntament de Mont-roig del Camp","description":"Tota la informaci\u00f3 sobre la instituci\u00f3, els seus \u00f2rgans de govern, actualitat, serveis i molt m\u00e9s.","potentialAction":[{"@type":"SearchAction","target":{"@type":"EntryPoint","urlTemplate":"https:\/\/mont-roig.cat\/es\/?s={search_term_string}"},"query-input":{"@type":"PropertyValueSpecification","valueRequired":true,"valueName":"search_term_string"}}],"inLanguage":"es"}]}},"_links":{"self":[{"href":"https:\/\/mont-roig.cat\/es\/wp-json\/wp\/v2\/pages\/39932","targetHints":{"allow":["GET"]}}],"collection":[{"href":"https:\/\/mont-roig.cat\/es\/wp-json\/wp\/v2\/pages"}],"about":[{"href":"https:\/\/mont-roig.cat\/es\/wp-json\/wp\/v2\/types\/page"}],"author":[{"embeddable":true,"href":"https:\/\/mont-roig.cat\/es\/wp-json\/wp\/v2\/users\/4"}],"replies":[{"embeddable":true,"href":"https:\/\/mont-roig.cat\/es\/wp-json\/wp\/v2\/comments?post=39932"}],"version-history":[{"count":6,"href":"https:\/\/mont-roig.cat\/es\/wp-json\/wp\/v2\/pages\/39932\/revisions"}],"predecessor-version":[{"id":58368,"href":"https:\/\/mont-roig.cat\/es\/wp-json\/wp\/v2\/pages\/39932\/revisions\/58368"}],"wp:attachment":[{"href":"https:\/\/mont-roig.cat\/es\/wp-json\/wp\/v2\/media?parent=39932"}],"curies":[{"name":"wp","href":"https:\/\/api.w.org\/{rel}","templated":true}]}}