{"id":39938,"date":"2019-10-31T15:12:13","date_gmt":"2019-10-31T14:12:13","guid":{"rendered":"https:\/\/mont-roig.cat\/?page_id=39938"},"modified":"2026-03-03T10:10:41","modified_gmt":"2026-03-03T09:10:41","slug":"cristina-llorens-pardo","status":"publish","type":"page","link":"https:\/\/mont-roig.cat\/es\/cristina-llorens-pardo\/","title":{"rendered":"Cristina Llorens Pardo"},"content":{"rendered":"<div class=\"wpb-content-wrapper\">[vc_row][vc_column][vc_column_text css=&#8221;&#8221;]<a href=\"https:\/\/mont-roig.cat\/wp-content\/uploads\/Cristina-Llorens-1.jpg\"><img loading=\"lazy\" decoding=\"async\" class=\"alignright wp-image-70911\" src=\"https:\/\/mont-roig.cat\/wp-content\/uploads\/Cristina-Llorens-1-500x500.jpg\" alt=\"\" width=\"250\" height=\"250\" \/><\/a><\/p>\n<p style=\"text-align: justify;\">Cristina Llorens Pardo ha vivido desde siempre en Miami Playa, como toda su familia materna, que se instal\u00f3 en Miami Playa y levant\u00f3 varios negocios que, hoy en d\u00eda, despu\u00e9s de m\u00e1s de 30 a\u00f1os, sigue llevando. Tiene un v\u00ednculo muy estrecho con el municipio que le ha visto crecer, lo que ha supuesto que se implique personalmente en el trato con las vecinas y los vecinos, en todo tipo de actividades, y en asociaciones dedicadas a promover actividades para las y los j\u00f3venes del municipio. En cuanto a la formaci\u00f3n, es Graduada en Derecho por la Universitat Rovira i Virgili; y en relaci\u00f3n a la experiencia profesional, ha llevado a cabo tareas de gesti\u00f3n, contabilidad y atenci\u00f3n al p\u00fablico en varios negocios del pueblo, adem\u00e1s de desarrollar las tareas propias de un despacho de abogados en las pr\u00e1cticas del Grado. Hasta casi las pasadas elecciones estuvo trabajando en el Hostal Bar Pardo de Miami Playa. Actualmente dedica su trabajo al Ayuntamiento como concejala de las \u00e1reas de Juventud, Residuos y Limpieza Viaria, y Transici\u00f3n Energ\u00e9tica, Ecol\u00f3gica y Sostenibilidad. Seg\u00fan sus propias palabras, ser concejala del municipio que la ha visto crecer es un reto profesional y personal, y sus objetivos para el mandato son, entre otros: seguir impulsando las actividades de juventud ya consolidadas y promover la participaci\u00f3n de las y los j\u00f3venes del municipio; adaptar el sistema actual de residuos y limpieza viaria a las necesidades del municipio y dotarlo de los medios \u00f3ptimos para tal fin; y encarar un \u00e1rea completamente nueva y realmente imprescindible en el contexto actual, como es la de Transici\u00f3n Energ\u00e9tica, Ecol\u00f3gica y Sostenibilidad, con la mayor transversalidad posible y afianzando las bases para las pol\u00edticas energ\u00e9ticas del futuro del municipio. La relevancia de estos proyectos y su impacto en la poblaci\u00f3n, en el municipio y en el territorio hace que su gesti\u00f3n sea prioritaria en su d\u00eda a d\u00eda, en beneficio de las vecinas y los vecinos. En este mandato 2023-2027 es la tercera teniente de alcalde y es concejala de las \u00e1reas de Infraestructuras y equipamientos municipales, V\u00eda P\u00fablica, Juventud, Residuos y Limpieza Viaria.<\/p>\n<p>&nbsp;<\/p>\n<p>Pod\u00e9is consultar el documento de declaraci\u00f3n de Actividades y Bienes de Cristina Llorens Pardo en este enlace:<\/p>\n<p><a href=\"https:\/\/mont-roig.cat\/wp-content\/uploads\/Declaracio-dActivitats-i-Bens-Cristina-Llorens.pdf\" target=\"_blank\" rel=\"noopener\">Declaraci\u00f3n de Actividades y Bienes-Cristina Llorens<\/a><\/p>\n<p>Retribuci\u00f3n anual: 35.000 \u20ac (dedicaci\u00f3n 100% \u2013 vicepresidencia EPE Nostreserveis) para la legislatura 2023-2027.[\/vc_column_text][\/vc_column][\/vc_row]\n<\/div>","protected":false},"excerpt":{"rendered":"<p>[vc_row][vc_column][vc_column_text css=&#8221;&#8221;] Cristina Llorens Pardo ha vivido desde siempre en Miami Playa, como toda su familia materna, que se instal\u00f3 en Miami Playa y levant\u00f3 varios negocios que, hoy en d\u00eda, despu\u00e9s de m\u00e1s de 30 a\u00f1os, sigue llevando. Tiene un v\u00ednculo muy estrecho con el municipio que le ha visto crecer, lo que ha [&hellip;]<\/p>\n","protected":false},"author":4,"featured_media":0,"parent":0,"menu_order":0,"comment_status":"closed","ping_status":"closed","template":"","meta":{"inline_featured_image":false,"_monsterinsights_skip_tracking":false,"_monsterinsights_sitenote_active":false,"_monsterinsights_sitenote_note":"","_monsterinsights_sitenote_category":0,"footnotes":""},"class_list":["post-39938","page","type-page","status-publish","hentry"],"yoast_head":"<!-- This site is optimized with the Yoast SEO plugin v27.1.1 - https:\/\/yoast.com\/product\/yoast-seo-wordpress\/ -->\n<title>Cristina Llorens Pardo - Ajuntament de Mont-roig del Camp<\/title>\n<meta name=\"robots\" content=\"index, follow, max-snippet:-1, max-image-preview:large, max-video-preview:-1\" \/>\n<link rel=\"canonical\" href=\"https:\/\/mont-roig.cat\/es\/cristina-llorens-pardo\/\" \/>\n<meta property=\"og:locale\" content=\"es_ES\" \/>\n<meta property=\"og:type\" content=\"article\" \/>\n<meta property=\"og:title\" content=\"Cristina Llorens Pardo - Ajuntament de Mont-roig del Camp\" \/>\n<meta property=\"og:description\" content=\"[vc_row][vc_column][vc_column_text css=&#8221;&#8221;] Cristina Llorens Pardo ha vivido desde siempre en Miami Playa, como toda su familia materna, que se instal\u00f3 en Miami Playa y levant\u00f3 varios negocios que, hoy en d\u00eda, despu\u00e9s de m\u00e1s de 30 a\u00f1os, sigue llevando. Tiene un v\u00ednculo muy estrecho con el municipio que le ha visto crecer, lo que ha [&hellip;]\" \/>\n<meta property=\"og:url\" content=\"https:\/\/mont-roig.cat\/es\/cristina-llorens-pardo\/\" \/>\n<meta property=\"og:site_name\" content=\"Ajuntament de Mont-roig del Camp\" \/>\n<meta property=\"article:modified_time\" content=\"2026-03-03T09:10:41+00:00\" \/>\n<meta property=\"og:image\" content=\"https:\/\/mont-roig.cat\/wp-content\/uploads\/aj-mont-roig-2.jpg\" \/>\n\t<meta property=\"og:image:width\" content=\"1200\" \/>\n\t<meta property=\"og:image:height\" content=\"600\" \/>\n\t<meta property=\"og:image:type\" content=\"image\/jpeg\" \/>\n<meta name=\"twitter:card\" content=\"summary_large_image\" \/>\n<meta name=\"twitter:label1\" content=\"Tiempo de lectura\" \/>\n\t<meta name=\"twitter:data1\" content=\"3 minutos\" \/>\n<script type=\"application\/ld+json\" class=\"yoast-schema-graph\">{\"@context\":\"https:\/\/schema.org\",\"@graph\":[{\"@type\":\"WebPage\",\"@id\":\"https:\/\/mont-roig.cat\/es\/cristina-llorens-pardo\/\",\"url\":\"https:\/\/mont-roig.cat\/es\/cristina-llorens-pardo\/\",\"name\":\"Cristina Llorens Pardo - Ajuntament de Mont-roig del Camp\",\"isPartOf\":{\"@id\":\"https:\/\/mont-roig.cat\/es\/#website\"},\"primaryImageOfPage\":{\"@id\":\"https:\/\/mont-roig.cat\/es\/cristina-llorens-pardo\/#primaryimage\"},\"image\":{\"@id\":\"https:\/\/mont-roig.cat\/es\/cristina-llorens-pardo\/#primaryimage\"},\"thumbnailUrl\":\"https:\/\/mont-roig.cat\/wp-content\/uploads\/Cristina-Llorens-1-500x500.jpg\",\"datePublished\":\"2019-10-31T14:12:13+00:00\",\"dateModified\":\"2026-03-03T09:10:41+00:00\",\"breadcrumb\":{\"@id\":\"https:\/\/mont-roig.cat\/es\/cristina-llorens-pardo\/#breadcrumb\"},\"inLanguage\":\"es\",\"potentialAction\":[{\"@type\":\"ReadAction\",\"target\":[\"https:\/\/mont-roig.cat\/es\/cristina-llorens-pardo\/\"]}]},{\"@type\":\"ImageObject\",\"inLanguage\":\"es\",\"@id\":\"https:\/\/mont-roig.cat\/es\/cristina-llorens-pardo\/#primaryimage\",\"url\":\"https:\/\/mont-roig.cat\/wp-content\/uploads\/Cristina-Llorens-1-500x500.jpg\",\"contentUrl\":\"https:\/\/mont-roig.cat\/wp-content\/uploads\/Cristina-Llorens-1-500x500.jpg\"},{\"@type\":\"BreadcrumbList\",\"@id\":\"https:\/\/mont-roig.cat\/es\/cristina-llorens-pardo\/#breadcrumb\",\"itemListElement\":[{\"@type\":\"ListItem\",\"position\":1,\"name\":\"Inici\",\"item\":\"https:\/\/mont-roig.cat\/es\/pagina-de-inicio\/\"},{\"@type\":\"ListItem\",\"position\":2,\"name\":\"Cristina Llorens Pardo\"}]},{\"@type\":\"WebSite\",\"@id\":\"https:\/\/mont-roig.cat\/es\/#website\",\"url\":\"https:\/\/mont-roig.cat\/es\/\",\"name\":\"Ajuntament de Mont-roig del Camp\",\"description\":\"Tota la informaci\u00f3 sobre la instituci\u00f3, els seus \u00f2rgans de govern, actualitat, serveis i molt m\u00e9s.\",\"potentialAction\":[{\"@type\":\"SearchAction\",\"target\":{\"@type\":\"EntryPoint\",\"urlTemplate\":\"https:\/\/mont-roig.cat\/es\/?s={search_term_string}\"},\"query-input\":{\"@type\":\"PropertyValueSpecification\",\"valueRequired\":true,\"valueName\":\"search_term_string\"}}],\"inLanguage\":\"es\"}]}<\/script>\n<!-- \/ Yoast SEO plugin. -->","yoast_head_json":{"title":"Cristina Llorens Pardo - Ajuntament de Mont-roig del Camp","robots":{"index":"index","follow":"follow","max-snippet":"max-snippet:-1","max-image-preview":"max-image-preview:large","max-video-preview":"max-video-preview:-1"},"canonical":"https:\/\/mont-roig.cat\/es\/cristina-llorens-pardo\/","og_locale":"es_ES","og_type":"article","og_title":"Cristina Llorens Pardo - Ajuntament de Mont-roig del Camp","og_description":"[vc_row][vc_column][vc_column_text css=&#8221;&#8221;] Cristina Llorens Pardo ha vivido desde siempre en Miami Playa, como toda su familia materna, que se instal\u00f3 en Miami Playa y levant\u00f3 varios negocios que, hoy en d\u00eda, despu\u00e9s de m\u00e1s de 30 a\u00f1os, sigue llevando. Tiene un v\u00ednculo muy estrecho con el municipio que le ha visto crecer, lo que ha [&hellip;]","og_url":"https:\/\/mont-roig.cat\/es\/cristina-llorens-pardo\/","og_site_name":"Ajuntament de Mont-roig del Camp","article_modified_time":"2026-03-03T09:10:41+00:00","og_image":[{"width":1200,"height":600,"url":"https:\/\/mont-roig.cat\/wp-content\/uploads\/aj-mont-roig-2.jpg","type":"image\/jpeg"}],"twitter_card":"summary_large_image","twitter_misc":{"Tiempo de lectura":"3 minutos"},"schema":{"@context":"https:\/\/schema.org","@graph":[{"@type":"WebPage","@id":"https:\/\/mont-roig.cat\/es\/cristina-llorens-pardo\/","url":"https:\/\/mont-roig.cat\/es\/cristina-llorens-pardo\/","name":"Cristina Llorens Pardo - Ajuntament de Mont-roig del Camp","isPartOf":{"@id":"https:\/\/mont-roig.cat\/es\/#website"},"primaryImageOfPage":{"@id":"https:\/\/mont-roig.cat\/es\/cristina-llorens-pardo\/#primaryimage"},"image":{"@id":"https:\/\/mont-roig.cat\/es\/cristina-llorens-pardo\/#primaryimage"},"thumbnailUrl":"https:\/\/mont-roig.cat\/wp-content\/uploads\/Cristina-Llorens-1-500x500.jpg","datePublished":"2019-10-31T14:12:13+00:00","dateModified":"2026-03-03T09:10:41+00:00","breadcrumb":{"@id":"https:\/\/mont-roig.cat\/es\/cristina-llorens-pardo\/#breadcrumb"},"inLanguage":"es","potentialAction":[{"@type":"ReadAction","target":["https:\/\/mont-roig.cat\/es\/cristina-llorens-pardo\/"]}]},{"@type":"ImageObject","inLanguage":"es","@id":"https:\/\/mont-roig.cat\/es\/cristina-llorens-pardo\/#primaryimage","url":"https:\/\/mont-roig.cat\/wp-content\/uploads\/Cristina-Llorens-1-500x500.jpg","contentUrl":"https:\/\/mont-roig.cat\/wp-content\/uploads\/Cristina-Llorens-1-500x500.jpg"},{"@type":"BreadcrumbList","@id":"https:\/\/mont-roig.cat\/es\/cristina-llorens-pardo\/#breadcrumb","itemListElement":[{"@type":"ListItem","position":1,"name":"Inici","item":"https:\/\/mont-roig.cat\/es\/pagina-de-inicio\/"},{"@type":"ListItem","position":2,"name":"Cristina Llorens Pardo"}]},{"@type":"WebSite","@id":"https:\/\/mont-roig.cat\/es\/#website","url":"https:\/\/mont-roig.cat\/es\/","name":"Ajuntament de Mont-roig del Camp","description":"Tota la informaci\u00f3 sobre la instituci\u00f3, els seus \u00f2rgans de govern, actualitat, serveis i molt m\u00e9s.","potentialAction":[{"@type":"SearchAction","target":{"@type":"EntryPoint","urlTemplate":"https:\/\/mont-roig.cat\/es\/?s={search_term_string}"},"query-input":{"@type":"PropertyValueSpecification","valueRequired":true,"valueName":"search_term_string"}}],"inLanguage":"es"}]}},"_links":{"self":[{"href":"https:\/\/mont-roig.cat\/es\/wp-json\/wp\/v2\/pages\/39938","targetHints":{"allow":["GET"]}}],"collection":[{"href":"https:\/\/mont-roig.cat\/es\/wp-json\/wp\/v2\/pages"}],"about":[{"href":"https:\/\/mont-roig.cat\/es\/wp-json\/wp\/v2\/types\/page"}],"author":[{"embeddable":true,"href":"https:\/\/mont-roig.cat\/es\/wp-json\/wp\/v2\/users\/4"}],"replies":[{"embeddable":true,"href":"https:\/\/mont-roig.cat\/es\/wp-json\/wp\/v2\/comments?post=39938"}],"version-history":[{"count":10,"href":"https:\/\/mont-roig.cat\/es\/wp-json\/wp\/v2\/pages\/39938\/revisions"}],"predecessor-version":[{"id":89727,"href":"https:\/\/mont-roig.cat\/es\/wp-json\/wp\/v2\/pages\/39938\/revisions\/89727"}],"wp:attachment":[{"href":"https:\/\/mont-roig.cat\/es\/wp-json\/wp\/v2\/media?parent=39938"}],"curies":[{"name":"wp","href":"https:\/\/api.w.org\/{rel}","templated":true}]}}