{"id":39947,"date":"2019-10-31T15:13:56","date_gmt":"2019-10-31T14:13:56","guid":{"rendered":"https:\/\/mont-roig.cat\/?page_id=39947"},"modified":"2026-03-03T10:03:48","modified_gmt":"2026-03-03T09:03:48","slug":"m-amelia-bargallo-castellnou","status":"publish","type":"page","link":"https:\/\/mont-roig.cat\/es\/m-amelia-bargallo-castellnou\/","title":{"rendered":"M. Am\u00e8lia Bargall\u00f3 Castellnou"},"content":{"rendered":"<div class=\"wpb-content-wrapper\">[vc_row][vc_column][vc_column_text css=&#8221;&#8221;]<a href=\"https:\/\/mont-roig.cat\/wp-content\/uploads\/M.-Am\u00e8lia-Bargall\u00f3.jpg\"><img loading=\"lazy\" decoding=\"async\" class=\"alignright wp-image-38396\" src=\"https:\/\/mont-roig.cat\/wp-content\/uploads\/M.-Am\u00e8lia-Bargall\u00f3.jpg\" alt=\"\" width=\"250\" height=\"250\" \/><\/a>Am\u00e8lia Bargall\u00f3 Castellnou es hija de Mont-roig del Camp y ha vivido en el pueblo la mayor parte de su vida, formando parte del tejido asociativo del municipio, principalmente como presidenta y miembro del Grup de Teatre els Xuts desde hace 20 a\u00f1os. En cuanto a su formaci\u00f3n, es diplomada en Geograf\u00eda e Historia por la Universitat de Barcelona, \u200b\u200btambi\u00e9n ha estudiado Ciencias Empresariales en la URV y la UOC, y es T\u00e9cnico Tributario asociada a T\u00e9cnicos Tributarios de Catalu\u00f1a y Baleares. Su trayectoria profesional es la siguiente: fue empresaria del sector hostelero entre los a\u00f1os 1992 y 1997, y asesora fiscal los \u00faltimos 25 a\u00f1os, desde 1994, en la empresa Montroig Gesti\u00f3n SL, de la que es administradora solidaria y copropietaria. En cuanto a la trayectoria pol\u00edtica, nunca hab\u00eda tenido un cargo pol\u00edtico ni afiliaciones pol\u00edticas hasta el 2019, a\u00f1o en que fue concejala de la oposici\u00f3n del Ayuntamiento de Mont-roig por el partido de Junts per Mont-roig Miami, con la intenci\u00f3n de participar, seg\u00fan sus palabras, en el gobierno del pueblo y aportar su trabajo para conseguir que Mont-roig del Camp, como municipio global, sea un lugar con vida cultural, comercial, empresarial y deportiva, donde se proteja el medio ambiente, se procure la cohesi\u00f3n de sus diferencias, donde los recursos se destinen eficientemente a sus finalidades, y donde se apoye el mundo asociativo y el mundo de la empresa privada para aprovechar lo mejor de cada uno, en beneficio de todos. Actualmente, sigue como concejala de la oposici\u00f3n por el grupo municipal de Junts.<\/p>\n<p>&nbsp;<\/p>\n<p style=\"text-align: justify;\">Pod\u00e9is consultar el documento de declaraci\u00f3n de Actividades y Bienes de M. Am\u00e8lia Bargall\u00f3 Castellnou en este enlace:<\/p>\n<p style=\"text-align: justify;\"><a href=\"https:\/\/mont-roig.cat\/wp-content\/uploads\/Declaracio-dActivitats-i-Bens-Amelia-Bargallo.pdf\" target=\"_blank\" rel=\"noopener\">Declaraci\u00f3n de Actividades y Bienes-Amelia Bargall\u00f3<\/a><\/p>\n<p>Teniendo en cuenta que el sueldo es por asistencias (<a href=\"https:\/\/mont-roig.cat\/govern-obert\/transparencia\/informacio-economica\/retribucions-carrecs-electes\/\" target=\"_blank\" rel=\"noopener\" data-wpel-link=\"internal\">enlace<\/a>) la valoraci\u00f3n anual de la retribuci\u00f3n es 9.500 \u20ac para la legislatura 2023-2027.[\/vc_column_text][\/vc_column][\/vc_row]\n<\/div>","protected":false},"excerpt":{"rendered":"<p>[vc_row][vc_column][vc_column_text css=&#8221;&#8221;]Am\u00e8lia Bargall\u00f3 Castellnou es hija de Mont-roig del Camp y ha vivido en el pueblo la mayor parte de su vida, formando parte del tejido asociativo del municipio, principalmente como presidenta y miembro del Grup de Teatre els Xuts desde hace 20 a\u00f1os. En cuanto a su formaci\u00f3n, es diplomada en Geograf\u00eda e Historia [&hellip;]<\/p>\n","protected":false},"author":4,"featured_media":0,"parent":0,"menu_order":0,"comment_status":"closed","ping_status":"closed","template":"","meta":{"inline_featured_image":false,"_monsterinsights_skip_tracking":false,"_monsterinsights_sitenote_active":false,"_monsterinsights_sitenote_note":"","_monsterinsights_sitenote_category":0,"footnotes":""},"class_list":["post-39947","page","type-page","status-publish","hentry"],"yoast_head":"<!-- This site is optimized with the Yoast SEO plugin v27.4 - https:\/\/yoast.com\/product\/yoast-seo-wordpress\/ -->\n<title>M. Am\u00e8lia Bargall\u00f3 Castellnou - Ajuntament de Mont-roig del Camp<\/title>\n<meta name=\"robots\" content=\"index, follow, max-snippet:-1, max-image-preview:large, max-video-preview:-1\" \/>\n<link rel=\"canonical\" href=\"https:\/\/mont-roig.cat\/es\/m-amelia-bargallo-castellnou\/\" \/>\n<meta property=\"og:locale\" content=\"es_ES\" \/>\n<meta property=\"og:type\" content=\"article\" \/>\n<meta property=\"og:title\" content=\"M. Am\u00e8lia Bargall\u00f3 Castellnou - Ajuntament de Mont-roig del Camp\" \/>\n<meta property=\"og:description\" content=\"[vc_row][vc_column][vc_column_text css=&#8221;&#8221;]Am\u00e8lia Bargall\u00f3 Castellnou es hija de Mont-roig del Camp y ha vivido en el pueblo la mayor parte de su vida, formando parte del tejido asociativo del municipio, principalmente como presidenta y miembro del Grup de Teatre els Xuts desde hace 20 a\u00f1os. En cuanto a su formaci\u00f3n, es diplomada en Geograf\u00eda e Historia [&hellip;]\" \/>\n<meta property=\"og:url\" content=\"https:\/\/mont-roig.cat\/es\/m-amelia-bargallo-castellnou\/\" \/>\n<meta property=\"og:site_name\" content=\"Ajuntament de Mont-roig del Camp\" \/>\n<meta property=\"article:modified_time\" content=\"2026-03-03T09:03:48+00:00\" \/>\n<meta property=\"og:image\" content=\"https:\/\/mont-roig.cat\/wp-content\/uploads\/aj-mont-roig-2.jpg\" \/>\n\t<meta property=\"og:image:width\" content=\"1200\" \/>\n\t<meta property=\"og:image:height\" content=\"600\" \/>\n\t<meta property=\"og:image:type\" content=\"image\/jpeg\" \/>\n<meta name=\"twitter:card\" content=\"summary_large_image\" \/>\n<meta name=\"twitter:label1\" content=\"Tiempo de lectura\" \/>\n\t<meta name=\"twitter:data1\" content=\"2 minutos\" \/>\n<script type=\"application\/ld+json\" class=\"yoast-schema-graph\">{\"@context\":\"https:\\\/\\\/schema.org\",\"@graph\":[{\"@type\":\"WebPage\",\"@id\":\"https:\\\/\\\/mont-roig.cat\\\/es\\\/m-amelia-bargallo-castellnou\\\/\",\"url\":\"https:\\\/\\\/mont-roig.cat\\\/es\\\/m-amelia-bargallo-castellnou\\\/\",\"name\":\"M. Am\u00e8lia Bargall\u00f3 Castellnou - Ajuntament de Mont-roig del Camp\",\"isPartOf\":{\"@id\":\"https:\\\/\\\/mont-roig.cat\\\/es\\\/#website\"},\"datePublished\":\"2019-10-31T14:13:56+00:00\",\"dateModified\":\"2026-03-03T09:03:48+00:00\",\"breadcrumb\":{\"@id\":\"https:\\\/\\\/mont-roig.cat\\\/es\\\/m-amelia-bargallo-castellnou\\\/#breadcrumb\"},\"inLanguage\":\"es\",\"potentialAction\":[{\"@type\":\"ReadAction\",\"target\":[\"https:\\\/\\\/mont-roig.cat\\\/es\\\/m-amelia-bargallo-castellnou\\\/\"]}]},{\"@type\":\"BreadcrumbList\",\"@id\":\"https:\\\/\\\/mont-roig.cat\\\/es\\\/m-amelia-bargallo-castellnou\\\/#breadcrumb\",\"itemListElement\":[{\"@type\":\"ListItem\",\"position\":1,\"name\":\"Inici\",\"item\":\"https:\\\/\\\/mont-roig.cat\\\/es\\\/pagina-de-inicio\\\/\"},{\"@type\":\"ListItem\",\"position\":2,\"name\":\"M. Am\u00e8lia Bargall\u00f3 Castellnou\"}]},{\"@type\":\"WebSite\",\"@id\":\"https:\\\/\\\/mont-roig.cat\\\/es\\\/#website\",\"url\":\"https:\\\/\\\/mont-roig.cat\\\/es\\\/\",\"name\":\"Ajuntament de Mont-roig del Camp\",\"description\":\"Tota la informaci\u00f3 sobre la instituci\u00f3, els seus \u00f2rgans de govern, actualitat, serveis i molt m\u00e9s.\",\"potentialAction\":[{\"@type\":\"SearchAction\",\"target\":{\"@type\":\"EntryPoint\",\"urlTemplate\":\"https:\\\/\\\/mont-roig.cat\\\/es\\\/?s={search_term_string}\"},\"query-input\":{\"@type\":\"PropertyValueSpecification\",\"valueRequired\":true,\"valueName\":\"search_term_string\"}}],\"inLanguage\":\"es\"}]}<\/script>\n<!-- \/ Yoast SEO plugin. -->","yoast_head_json":{"title":"M. Am\u00e8lia Bargall\u00f3 Castellnou - Ajuntament de Mont-roig del Camp","robots":{"index":"index","follow":"follow","max-snippet":"max-snippet:-1","max-image-preview":"max-image-preview:large","max-video-preview":"max-video-preview:-1"},"canonical":"https:\/\/mont-roig.cat\/es\/m-amelia-bargallo-castellnou\/","og_locale":"es_ES","og_type":"article","og_title":"M. Am\u00e8lia Bargall\u00f3 Castellnou - Ajuntament de Mont-roig del Camp","og_description":"[vc_row][vc_column][vc_column_text css=&#8221;&#8221;]Am\u00e8lia Bargall\u00f3 Castellnou es hija de Mont-roig del Camp y ha vivido en el pueblo la mayor parte de su vida, formando parte del tejido asociativo del municipio, principalmente como presidenta y miembro del Grup de Teatre els Xuts desde hace 20 a\u00f1os. En cuanto a su formaci\u00f3n, es diplomada en Geograf\u00eda e Historia [&hellip;]","og_url":"https:\/\/mont-roig.cat\/es\/m-amelia-bargallo-castellnou\/","og_site_name":"Ajuntament de Mont-roig del Camp","article_modified_time":"2026-03-03T09:03:48+00:00","og_image":[{"width":1200,"height":600,"url":"https:\/\/mont-roig.cat\/wp-content\/uploads\/aj-mont-roig-2.jpg","type":"image\/jpeg"}],"twitter_card":"summary_large_image","twitter_misc":{"Tiempo de lectura":"2 minutos"},"schema":{"@context":"https:\/\/schema.org","@graph":[{"@type":"WebPage","@id":"https:\/\/mont-roig.cat\/es\/m-amelia-bargallo-castellnou\/","url":"https:\/\/mont-roig.cat\/es\/m-amelia-bargallo-castellnou\/","name":"M. Am\u00e8lia Bargall\u00f3 Castellnou - Ajuntament de Mont-roig del Camp","isPartOf":{"@id":"https:\/\/mont-roig.cat\/es\/#website"},"datePublished":"2019-10-31T14:13:56+00:00","dateModified":"2026-03-03T09:03:48+00:00","breadcrumb":{"@id":"https:\/\/mont-roig.cat\/es\/m-amelia-bargallo-castellnou\/#breadcrumb"},"inLanguage":"es","potentialAction":[{"@type":"ReadAction","target":["https:\/\/mont-roig.cat\/es\/m-amelia-bargallo-castellnou\/"]}]},{"@type":"BreadcrumbList","@id":"https:\/\/mont-roig.cat\/es\/m-amelia-bargallo-castellnou\/#breadcrumb","itemListElement":[{"@type":"ListItem","position":1,"name":"Inici","item":"https:\/\/mont-roig.cat\/es\/pagina-de-inicio\/"},{"@type":"ListItem","position":2,"name":"M. Am\u00e8lia Bargall\u00f3 Castellnou"}]},{"@type":"WebSite","@id":"https:\/\/mont-roig.cat\/es\/#website","url":"https:\/\/mont-roig.cat\/es\/","name":"Ajuntament de Mont-roig del Camp","description":"Tota la informaci\u00f3 sobre la instituci\u00f3, els seus \u00f2rgans de govern, actualitat, serveis i molt m\u00e9s.","potentialAction":[{"@type":"SearchAction","target":{"@type":"EntryPoint","urlTemplate":"https:\/\/mont-roig.cat\/es\/?s={search_term_string}"},"query-input":{"@type":"PropertyValueSpecification","valueRequired":true,"valueName":"search_term_string"}}],"inLanguage":"es"}]}},"_links":{"self":[{"href":"https:\/\/mont-roig.cat\/es\/wp-json\/wp\/v2\/pages\/39947","targetHints":{"allow":["GET"]}}],"collection":[{"href":"https:\/\/mont-roig.cat\/es\/wp-json\/wp\/v2\/pages"}],"about":[{"href":"https:\/\/mont-roig.cat\/es\/wp-json\/wp\/v2\/types\/page"}],"author":[{"embeddable":true,"href":"https:\/\/mont-roig.cat\/es\/wp-json\/wp\/v2\/users\/4"}],"replies":[{"embeddable":true,"href":"https:\/\/mont-roig.cat\/es\/wp-json\/wp\/v2\/comments?post=39947"}],"version-history":[{"count":10,"href":"https:\/\/mont-roig.cat\/es\/wp-json\/wp\/v2\/pages\/39947\/revisions"}],"predecessor-version":[{"id":89715,"href":"https:\/\/mont-roig.cat\/es\/wp-json\/wp\/v2\/pages\/39947\/revisions\/89715"}],"wp:attachment":[{"href":"https:\/\/mont-roig.cat\/es\/wp-json\/wp\/v2\/media?parent=39947"}],"curies":[{"name":"wp","href":"https:\/\/api.w.org\/{rel}","templated":true}]}}