{"id":39956,"date":"2019-10-31T15:17:03","date_gmt":"2019-10-31T14:17:03","guid":{"rendered":"https:\/\/mont-roig.cat\/?page_id=39956"},"modified":"2026-03-03T10:08:15","modified_gmt":"2026-03-03T09:08:15","slug":"elvira-montagud-perez","status":"publish","type":"page","link":"https:\/\/mont-roig.cat\/es\/elvira-montagud-perez\/","title":{"rendered":"Elvira Montagud P\u00e9rez"},"content":{"rendered":"<div class=\"wpb-content-wrapper\">[vc_row][vc_column][vc_column_text css=&#8221;&#8221;]<a href=\"https:\/\/mont-roig.cat\/wp-content\/uploads\/Elvira-Montagud.jpg\"><img loading=\"lazy\" decoding=\"async\" class=\"alignright wp-image-70931\" src=\"https:\/\/mont-roig.cat\/wp-content\/uploads\/Elvira-Montagud-500x500.jpg\" alt=\"\" width=\"250\" height=\"250\" \/><\/a><\/p>\n<p style=\"text-align: justify;\">Elvira Montagud P\u00e9rez es hija de la Comunidad Valenciana, pero vive en Mont-roig desde el a\u00f1o 2000. Su formaci\u00f3n es de administraci\u00f3n y gesti\u00f3n general contable. Con respecto a la trayectoria profesional ha sido auxiliar administrativa en Terrassa, y posteriormente, ha trabajado de administradora de fincas en varias empresas del municipio. Actualmente, es auxiliar administrativa a la empresa Aircomreus SL. En cuanto a su trayectoria pol\u00edtica, ha participado, desde el a\u00f1o 1999, en la actividad del municipio como candidata de la lista electoral del partido. Como resultado, fue concejala de la oposici\u00f3n desde el a\u00f1o 2007 al 2011. Posteriormente, del 2011 al 2014, fue concejala de Bienestar Social y Ense\u00f1anza.<\/p>\n<p>Despu\u00e9s de iniciar el mandato 2019-2023 como concejala de la oposici\u00f3n del partido Ara Mont-roig Miami \u2013 Verds per M\u00e9s, el 19 de febrero de 2021 se incorpor\u00f3 en el gobierno municipal con responsabilidad en las \u00e1reas de Educaci\u00f3n y Urbanizaciones . Y en la actualidad, es concejala de las \u00e1reas de Educaci\u00f3n y Cultura.<\/p>\n<p style=\"text-align: justify;\">Como concejala tiene la convicci\u00f3n de que los cargos p\u00fablicos deben tener como objetivo trabajar por el municipio y por sus conciudadanos.<\/p>\n<p>Pod\u00e9is consultar el documento de declaraci\u00f3n de Actividades y Bienes de Elvira Montagud P\u00e9rez en este enlace:<\/p>\n<p><a href=\"https:\/\/mont-roig.cat\/wp-content\/uploads\/Declaracio-dActivitats-i-Bens-Elvira-Montagut.pdf\" target=\"_blank\" rel=\"noopener\">Declaraci\u00f3n de Actividades y Bienes &#8211; Elvira Montagud Perez<\/a><\/p>\n<p>Retribuci\u00f3n anual: 33.000 \u20ac (dedicaci\u00f3n 75%) para la legislatura 2023-2027.[\/vc_column_text][\/vc_column][\/vc_row]\n<\/div>","protected":false},"excerpt":{"rendered":"<p>[vc_row][vc_column][vc_column_text css=&#8221;&#8221;] Elvira Montagud P\u00e9rez es hija de la Comunidad Valenciana, pero vive en Mont-roig desde el a\u00f1o 2000. Su formaci\u00f3n es de administraci\u00f3n y gesti\u00f3n general contable. Con respecto a la trayectoria profesional ha sido auxiliar administrativa en Terrassa, y posteriormente, ha trabajado de administradora de fincas en varias empresas del municipio. Actualmente, es [&hellip;]<\/p>\n","protected":false},"author":4,"featured_media":0,"parent":0,"menu_order":0,"comment_status":"closed","ping_status":"closed","template":"","meta":{"inline_featured_image":false,"_monsterinsights_skip_tracking":false,"_monsterinsights_sitenote_active":false,"_monsterinsights_sitenote_note":"","_monsterinsights_sitenote_category":0,"footnotes":""},"class_list":["post-39956","page","type-page","status-publish","hentry"],"yoast_head":"<!-- This site is optimized with the Yoast SEO plugin v27.4 - https:\/\/yoast.com\/product\/yoast-seo-wordpress\/ -->\n<title>Elvira Montagud P\u00e9rez - Ajuntament de Mont-roig del Camp<\/title>\n<meta name=\"robots\" content=\"index, follow, max-snippet:-1, max-image-preview:large, max-video-preview:-1\" \/>\n<link rel=\"canonical\" href=\"https:\/\/mont-roig.cat\/es\/elvira-montagud-perez\/\" \/>\n<meta property=\"og:locale\" content=\"es_ES\" \/>\n<meta property=\"og:type\" content=\"article\" \/>\n<meta property=\"og:title\" content=\"Elvira Montagud P\u00e9rez - Ajuntament de Mont-roig del Camp\" \/>\n<meta property=\"og:description\" content=\"[vc_row][vc_column][vc_column_text css=&#8221;&#8221;] Elvira Montagud P\u00e9rez es hija de la Comunidad Valenciana, pero vive en Mont-roig desde el a\u00f1o 2000. Su formaci\u00f3n es de administraci\u00f3n y gesti\u00f3n general contable. Con respecto a la trayectoria profesional ha sido auxiliar administrativa en Terrassa, y posteriormente, ha trabajado de administradora de fincas en varias empresas del municipio. Actualmente, es [&hellip;]\" \/>\n<meta property=\"og:url\" content=\"https:\/\/mont-roig.cat\/es\/elvira-montagud-perez\/\" \/>\n<meta property=\"og:site_name\" content=\"Ajuntament de Mont-roig del Camp\" \/>\n<meta property=\"article:modified_time\" content=\"2026-03-03T09:08:15+00:00\" \/>\n<meta property=\"og:image\" content=\"https:\/\/mont-roig.cat\/wp-content\/uploads\/aj-mont-roig-2.jpg\" \/>\n\t<meta property=\"og:image:width\" content=\"1200\" \/>\n\t<meta property=\"og:image:height\" content=\"600\" \/>\n\t<meta property=\"og:image:type\" content=\"image\/jpeg\" \/>\n<meta name=\"twitter:card\" content=\"summary_large_image\" \/>\n<meta name=\"twitter:label1\" content=\"Tiempo de lectura\" \/>\n\t<meta name=\"twitter:data1\" content=\"2 minutos\" \/>\n<script type=\"application\/ld+json\" class=\"yoast-schema-graph\">{\"@context\":\"https:\\\/\\\/schema.org\",\"@graph\":[{\"@type\":\"WebPage\",\"@id\":\"https:\\\/\\\/mont-roig.cat\\\/es\\\/elvira-montagud-perez\\\/\",\"url\":\"https:\\\/\\\/mont-roig.cat\\\/es\\\/elvira-montagud-perez\\\/\",\"name\":\"Elvira Montagud P\u00e9rez - Ajuntament de Mont-roig del Camp\",\"isPartOf\":{\"@id\":\"https:\\\/\\\/mont-roig.cat\\\/es\\\/#website\"},\"primaryImageOfPage\":{\"@id\":\"https:\\\/\\\/mont-roig.cat\\\/es\\\/elvira-montagud-perez\\\/#primaryimage\"},\"image\":{\"@id\":\"https:\\\/\\\/mont-roig.cat\\\/es\\\/elvira-montagud-perez\\\/#primaryimage\"},\"thumbnailUrl\":\"https:\\\/\\\/mont-roig.cat\\\/wp-content\\\/uploads\\\/Elvira-Montagud-500x500.jpg\",\"datePublished\":\"2019-10-31T14:17:03+00:00\",\"dateModified\":\"2026-03-03T09:08:15+00:00\",\"breadcrumb\":{\"@id\":\"https:\\\/\\\/mont-roig.cat\\\/es\\\/elvira-montagud-perez\\\/#breadcrumb\"},\"inLanguage\":\"es\",\"potentialAction\":[{\"@type\":\"ReadAction\",\"target\":[\"https:\\\/\\\/mont-roig.cat\\\/es\\\/elvira-montagud-perez\\\/\"]}]},{\"@type\":\"ImageObject\",\"inLanguage\":\"es\",\"@id\":\"https:\\\/\\\/mont-roig.cat\\\/es\\\/elvira-montagud-perez\\\/#primaryimage\",\"url\":\"https:\\\/\\\/mont-roig.cat\\\/wp-content\\\/uploads\\\/Elvira-Montagud-500x500.jpg\",\"contentUrl\":\"https:\\\/\\\/mont-roig.cat\\\/wp-content\\\/uploads\\\/Elvira-Montagud-500x500.jpg\"},{\"@type\":\"BreadcrumbList\",\"@id\":\"https:\\\/\\\/mont-roig.cat\\\/es\\\/elvira-montagud-perez\\\/#breadcrumb\",\"itemListElement\":[{\"@type\":\"ListItem\",\"position\":1,\"name\":\"Inici\",\"item\":\"https:\\\/\\\/mont-roig.cat\\\/es\\\/pagina-de-inicio\\\/\"},{\"@type\":\"ListItem\",\"position\":2,\"name\":\"Elvira Montagud P\u00e9rez\"}]},{\"@type\":\"WebSite\",\"@id\":\"https:\\\/\\\/mont-roig.cat\\\/es\\\/#website\",\"url\":\"https:\\\/\\\/mont-roig.cat\\\/es\\\/\",\"name\":\"Ajuntament de Mont-roig del Camp\",\"description\":\"Tota la informaci\u00f3 sobre la instituci\u00f3, els seus \u00f2rgans de govern, actualitat, serveis i molt m\u00e9s.\",\"potentialAction\":[{\"@type\":\"SearchAction\",\"target\":{\"@type\":\"EntryPoint\",\"urlTemplate\":\"https:\\\/\\\/mont-roig.cat\\\/es\\\/?s={search_term_string}\"},\"query-input\":{\"@type\":\"PropertyValueSpecification\",\"valueRequired\":true,\"valueName\":\"search_term_string\"}}],\"inLanguage\":\"es\"}]}<\/script>\n<!-- \/ Yoast SEO plugin. -->","yoast_head_json":{"title":"Elvira Montagud P\u00e9rez - Ajuntament de Mont-roig del Camp","robots":{"index":"index","follow":"follow","max-snippet":"max-snippet:-1","max-image-preview":"max-image-preview:large","max-video-preview":"max-video-preview:-1"},"canonical":"https:\/\/mont-roig.cat\/es\/elvira-montagud-perez\/","og_locale":"es_ES","og_type":"article","og_title":"Elvira Montagud P\u00e9rez - Ajuntament de Mont-roig del Camp","og_description":"[vc_row][vc_column][vc_column_text css=&#8221;&#8221;] Elvira Montagud P\u00e9rez es hija de la Comunidad Valenciana, pero vive en Mont-roig desde el a\u00f1o 2000. Su formaci\u00f3n es de administraci\u00f3n y gesti\u00f3n general contable. Con respecto a la trayectoria profesional ha sido auxiliar administrativa en Terrassa, y posteriormente, ha trabajado de administradora de fincas en varias empresas del municipio. Actualmente, es [&hellip;]","og_url":"https:\/\/mont-roig.cat\/es\/elvira-montagud-perez\/","og_site_name":"Ajuntament de Mont-roig del Camp","article_modified_time":"2026-03-03T09:08:15+00:00","og_image":[{"width":1200,"height":600,"url":"https:\/\/mont-roig.cat\/wp-content\/uploads\/aj-mont-roig-2.jpg","type":"image\/jpeg"}],"twitter_card":"summary_large_image","twitter_misc":{"Tiempo de lectura":"2 minutos"},"schema":{"@context":"https:\/\/schema.org","@graph":[{"@type":"WebPage","@id":"https:\/\/mont-roig.cat\/es\/elvira-montagud-perez\/","url":"https:\/\/mont-roig.cat\/es\/elvira-montagud-perez\/","name":"Elvira Montagud P\u00e9rez - Ajuntament de Mont-roig del Camp","isPartOf":{"@id":"https:\/\/mont-roig.cat\/es\/#website"},"primaryImageOfPage":{"@id":"https:\/\/mont-roig.cat\/es\/elvira-montagud-perez\/#primaryimage"},"image":{"@id":"https:\/\/mont-roig.cat\/es\/elvira-montagud-perez\/#primaryimage"},"thumbnailUrl":"https:\/\/mont-roig.cat\/wp-content\/uploads\/Elvira-Montagud-500x500.jpg","datePublished":"2019-10-31T14:17:03+00:00","dateModified":"2026-03-03T09:08:15+00:00","breadcrumb":{"@id":"https:\/\/mont-roig.cat\/es\/elvira-montagud-perez\/#breadcrumb"},"inLanguage":"es","potentialAction":[{"@type":"ReadAction","target":["https:\/\/mont-roig.cat\/es\/elvira-montagud-perez\/"]}]},{"@type":"ImageObject","inLanguage":"es","@id":"https:\/\/mont-roig.cat\/es\/elvira-montagud-perez\/#primaryimage","url":"https:\/\/mont-roig.cat\/wp-content\/uploads\/Elvira-Montagud-500x500.jpg","contentUrl":"https:\/\/mont-roig.cat\/wp-content\/uploads\/Elvira-Montagud-500x500.jpg"},{"@type":"BreadcrumbList","@id":"https:\/\/mont-roig.cat\/es\/elvira-montagud-perez\/#breadcrumb","itemListElement":[{"@type":"ListItem","position":1,"name":"Inici","item":"https:\/\/mont-roig.cat\/es\/pagina-de-inicio\/"},{"@type":"ListItem","position":2,"name":"Elvira Montagud P\u00e9rez"}]},{"@type":"WebSite","@id":"https:\/\/mont-roig.cat\/es\/#website","url":"https:\/\/mont-roig.cat\/es\/","name":"Ajuntament de Mont-roig del Camp","description":"Tota la informaci\u00f3 sobre la instituci\u00f3, els seus \u00f2rgans de govern, actualitat, serveis i molt m\u00e9s.","potentialAction":[{"@type":"SearchAction","target":{"@type":"EntryPoint","urlTemplate":"https:\/\/mont-roig.cat\/es\/?s={search_term_string}"},"query-input":{"@type":"PropertyValueSpecification","valueRequired":true,"valueName":"search_term_string"}}],"inLanguage":"es"}]}},"_links":{"self":[{"href":"https:\/\/mont-roig.cat\/es\/wp-json\/wp\/v2\/pages\/39956","targetHints":{"allow":["GET"]}}],"collection":[{"href":"https:\/\/mont-roig.cat\/es\/wp-json\/wp\/v2\/pages"}],"about":[{"href":"https:\/\/mont-roig.cat\/es\/wp-json\/wp\/v2\/types\/page"}],"author":[{"embeddable":true,"href":"https:\/\/mont-roig.cat\/es\/wp-json\/wp\/v2\/users\/4"}],"replies":[{"embeddable":true,"href":"https:\/\/mont-roig.cat\/es\/wp-json\/wp\/v2\/comments?post=39956"}],"version-history":[{"count":16,"href":"https:\/\/mont-roig.cat\/es\/wp-json\/wp\/v2\/pages\/39956\/revisions"}],"predecessor-version":[{"id":89724,"href":"https:\/\/mont-roig.cat\/es\/wp-json\/wp\/v2\/pages\/39956\/revisions\/89724"}],"wp:attachment":[{"href":"https:\/\/mont-roig.cat\/es\/wp-json\/wp\/v2\/media?parent=39956"}],"curies":[{"name":"wp","href":"https:\/\/api.w.org\/{rel}","templated":true}]}}