{"id":4246,"date":"2015-02-02T20:43:54","date_gmt":"2015-02-02T20:43:54","guid":{"rendered":""},"modified":"2015-12-10T13:00:05","modified_gmt":"2015-12-10T12:00:05","slug":"organos-municipales","status":"publish","type":"page","link":"https:\/\/mont-roig.cat\/es\/organos-municipales\/","title":{"rendered":"\u00d3rganos municipales"},"content":{"rendered":"<div class=\"body\">\n<div>\n<p><img decoding=\"async\" class=\"requadre\" style=\"width: 225px; height: 300px; margin-left: 10px; margin-right: 10px; float: right;\" title=\"Ayuntamiento de Mont-roig del Camp\" src=\"http:\/\/mont-roig.cat\/wp-content\/uploads\/2015_03_11 081(1).jpg\" alt=\"Ayuntamiento de Mont-roig del Camp\" \/><\/p>\n<p>El ayuntamiento es la administraci\u00f3n p\u00fablica de \u00e1mbito territorial m\u00e1s cercana a la ciudadan\u00eda. La administraci\u00f3n local en Espa\u00f1a est\u00e1 regulada por la Ley 7\/1985, de 2 de abril, <em>Reguladoras de las Bases de R\u00e9gimen Local (LRBRL)<\/em>. Esta ley se encuentra actualmente en proceso de revisi\u00f3n.<\/p>\n<p>Los municipios en funci\u00f3n de su poblaci\u00f3n deben prestar una serie de servicios. Estos servicios se pueden prestar por medios propios o en asociaci\u00f3n con otros municipios.<\/p>\n<p>Todos los municipios<\/p>\n<ul>\n<li>Alumbrado p\u00fablico<\/li>\n<li>Cementerio<\/li>\n<li>Recogida de residuos<\/li>\n<li>Limpieza viaria<\/li>\n<li>Abastecimiento domiciliario de agua potable<\/li>\n<li>Alcantarillado<\/li>\n<li>Acceso a los n\u00facleos de poblaci\u00f3n<\/li>\n<li>Pavimentaci\u00f3n de las v\u00edas p\u00fablicas<\/li>\n<\/ul>\n<p>Municipios con m\u00e1s de 5.000 habitantes<\/p>\n<ul>\n<li>Parques p\u00fablicos<\/li>\n<li>Biblioteca p\u00fablica<\/li>\n<li>Tratamiento de residuos<\/li>\n<\/ul>\n<p>Para cumplir con sus obligaciones del <strong>Ayuntamiento de Mont-roig del Camp <\/strong>se\u00a0organiza internamente a trav\u00e9s de los siguientes \u00f3rganos:<\/p>\n<ul>\n<li>Pleno<\/li>\n<li>Junta de Gobierno Local<\/li>\n<li>Comisiones informativas<\/li>\n<\/ul>\n<\/div>\n<\/div>\n","protected":false},"excerpt":{"rendered":"<p>El ayuntamiento es la administraci\u00f3n p\u00fablica de \u00e1mbito territorial m\u00e1s cercana a la ciudadan\u00eda. La administraci\u00f3n local en Espa\u00f1a est\u00e1 regulada por la Ley 7\/1985, de 2 de abril, Reguladoras de las Bases de R\u00e9gimen Local (LRBRL). Esta ley se encuentra actualmente en proceso de revisi\u00f3n. Los municipios en funci\u00f3n de su poblaci\u00f3n deben prestar [&hellip;]<\/p>\n","protected":false},"author":4,"featured_media":0,"parent":0,"menu_order":2,"comment_status":"closed","ping_status":"closed","template":"","meta":{"inline_featured_image":false,"_monsterinsights_skip_tracking":false,"_monsterinsights_sitenote_active":false,"_monsterinsights_sitenote_note":"","_monsterinsights_sitenote_category":0,"footnotes":""},"class_list":["post-4246","page","type-page","status-publish","hentry"],"yoast_head":"<!-- This site is optimized with the Yoast SEO plugin v27.4 - https:\/\/yoast.com\/product\/yoast-seo-wordpress\/ -->\n<title>\u00d3rganos municipales - Ajuntament de Mont-roig del Camp<\/title>\n<meta name=\"robots\" content=\"index, follow, max-snippet:-1, max-image-preview:large, max-video-preview:-1\" \/>\n<link rel=\"canonical\" href=\"https:\/\/mont-roig.cat\/es\/organos-municipales\/\" \/>\n<meta property=\"og:locale\" content=\"es_ES\" \/>\n<meta property=\"og:type\" content=\"article\" \/>\n<meta property=\"og:title\" content=\"\u00d3rganos municipales - Ajuntament de Mont-roig del Camp\" \/>\n<meta property=\"og:description\" content=\"El ayuntamiento es la administraci\u00f3n p\u00fablica de \u00e1mbito territorial m\u00e1s cercana a la ciudadan\u00eda. La administraci\u00f3n local en Espa\u00f1a est\u00e1 regulada por la Ley 7\/1985, de 2 de abril, Reguladoras de las Bases de R\u00e9gimen Local (LRBRL). Esta ley se encuentra actualmente en proceso de revisi\u00f3n. Los municipios en funci\u00f3n de su poblaci\u00f3n deben prestar [&hellip;]\" \/>\n<meta property=\"og:url\" content=\"https:\/\/mont-roig.cat\/es\/organos-municipales\/\" \/>\n<meta property=\"og:site_name\" content=\"Ajuntament de Mont-roig del Camp\" \/>\n<meta property=\"article:modified_time\" content=\"2015-12-10T12:00:05+00:00\" \/>\n<meta property=\"og:image\" content=\"http:\/\/mont-roig.cat\/wp-content\/uploads\/2015_03_11%20081(1).jpg\" \/>\n<meta name=\"twitter:card\" content=\"summary_large_image\" \/>\n<meta name=\"twitter:label1\" content=\"Tiempo de lectura\" \/>\n\t<meta name=\"twitter:data1\" content=\"1 minuto\" \/>\n<script type=\"application\/ld+json\" class=\"yoast-schema-graph\">{\"@context\":\"https:\\\/\\\/schema.org\",\"@graph\":[{\"@type\":\"WebPage\",\"@id\":\"https:\\\/\\\/mont-roig.cat\\\/es\\\/organos-municipales\\\/\",\"url\":\"https:\\\/\\\/mont-roig.cat\\\/es\\\/organos-municipales\\\/\",\"name\":\"\u00d3rganos municipales - Ajuntament de Mont-roig del Camp\",\"isPartOf\":{\"@id\":\"https:\\\/\\\/mont-roig.cat\\\/es\\\/#website\"},\"datePublished\":\"2015-02-02T20:43:54+00:00\",\"dateModified\":\"2015-12-10T12:00:05+00:00\",\"breadcrumb\":{\"@id\":\"https:\\\/\\\/mont-roig.cat\\\/es\\\/organos-municipales\\\/#breadcrumb\"},\"inLanguage\":\"es\",\"potentialAction\":[{\"@type\":\"ReadAction\",\"target\":[\"https:\\\/\\\/mont-roig.cat\\\/es\\\/organos-municipales\\\/\"]}]},{\"@type\":\"BreadcrumbList\",\"@id\":\"https:\\\/\\\/mont-roig.cat\\\/es\\\/organos-municipales\\\/#breadcrumb\",\"itemListElement\":[{\"@type\":\"ListItem\",\"position\":1,\"name\":\"Inici\",\"item\":\"https:\\\/\\\/mont-roig.cat\\\/es\\\/pagina-de-inicio\\\/\"},{\"@type\":\"ListItem\",\"position\":2,\"name\":\"\u00d3rganos municipales\"}]},{\"@type\":\"WebSite\",\"@id\":\"https:\\\/\\\/mont-roig.cat\\\/es\\\/#website\",\"url\":\"https:\\\/\\\/mont-roig.cat\\\/es\\\/\",\"name\":\"Ajuntament de Mont-roig del Camp\",\"description\":\"Tota la informaci\u00f3 sobre la instituci\u00f3, els seus \u00f2rgans de govern, actualitat, serveis i molt m\u00e9s.\",\"potentialAction\":[{\"@type\":\"SearchAction\",\"target\":{\"@type\":\"EntryPoint\",\"urlTemplate\":\"https:\\\/\\\/mont-roig.cat\\\/es\\\/?s={search_term_string}\"},\"query-input\":{\"@type\":\"PropertyValueSpecification\",\"valueRequired\":true,\"valueName\":\"search_term_string\"}}],\"inLanguage\":\"es\"}]}<\/script>\n<!-- \/ Yoast SEO plugin. -->","yoast_head_json":{"title":"\u00d3rganos municipales - Ajuntament de Mont-roig del Camp","robots":{"index":"index","follow":"follow","max-snippet":"max-snippet:-1","max-image-preview":"max-image-preview:large","max-video-preview":"max-video-preview:-1"},"canonical":"https:\/\/mont-roig.cat\/es\/organos-municipales\/","og_locale":"es_ES","og_type":"article","og_title":"\u00d3rganos municipales - Ajuntament de Mont-roig del Camp","og_description":"El ayuntamiento es la administraci\u00f3n p\u00fablica de \u00e1mbito territorial m\u00e1s cercana a la ciudadan\u00eda. La administraci\u00f3n local en Espa\u00f1a est\u00e1 regulada por la Ley 7\/1985, de 2 de abril, Reguladoras de las Bases de R\u00e9gimen Local (LRBRL). Esta ley se encuentra actualmente en proceso de revisi\u00f3n. Los municipios en funci\u00f3n de su poblaci\u00f3n deben prestar [&hellip;]","og_url":"https:\/\/mont-roig.cat\/es\/organos-municipales\/","og_site_name":"Ajuntament de Mont-roig del Camp","article_modified_time":"2015-12-10T12:00:05+00:00","og_image":[{"url":"http:\/\/mont-roig.cat\/wp-content\/uploads\/2015_03_11 081(1).jpg","type":"","width":"","height":""}],"twitter_card":"summary_large_image","twitter_misc":{"Tiempo de lectura":"1 minuto"},"schema":{"@context":"https:\/\/schema.org","@graph":[{"@type":"WebPage","@id":"https:\/\/mont-roig.cat\/es\/organos-municipales\/","url":"https:\/\/mont-roig.cat\/es\/organos-municipales\/","name":"\u00d3rganos municipales - Ajuntament de Mont-roig del Camp","isPartOf":{"@id":"https:\/\/mont-roig.cat\/es\/#website"},"datePublished":"2015-02-02T20:43:54+00:00","dateModified":"2015-12-10T12:00:05+00:00","breadcrumb":{"@id":"https:\/\/mont-roig.cat\/es\/organos-municipales\/#breadcrumb"},"inLanguage":"es","potentialAction":[{"@type":"ReadAction","target":["https:\/\/mont-roig.cat\/es\/organos-municipales\/"]}]},{"@type":"BreadcrumbList","@id":"https:\/\/mont-roig.cat\/es\/organos-municipales\/#breadcrumb","itemListElement":[{"@type":"ListItem","position":1,"name":"Inici","item":"https:\/\/mont-roig.cat\/es\/pagina-de-inicio\/"},{"@type":"ListItem","position":2,"name":"\u00d3rganos municipales"}]},{"@type":"WebSite","@id":"https:\/\/mont-roig.cat\/es\/#website","url":"https:\/\/mont-roig.cat\/es\/","name":"Ajuntament de Mont-roig del Camp","description":"Tota la informaci\u00f3 sobre la instituci\u00f3, els seus \u00f2rgans de govern, actualitat, serveis i molt m\u00e9s.","potentialAction":[{"@type":"SearchAction","target":{"@type":"EntryPoint","urlTemplate":"https:\/\/mont-roig.cat\/es\/?s={search_term_string}"},"query-input":{"@type":"PropertyValueSpecification","valueRequired":true,"valueName":"search_term_string"}}],"inLanguage":"es"}]}},"_links":{"self":[{"href":"https:\/\/mont-roig.cat\/es\/wp-json\/wp\/v2\/pages\/4246","targetHints":{"allow":["GET"]}}],"collection":[{"href":"https:\/\/mont-roig.cat\/es\/wp-json\/wp\/v2\/pages"}],"about":[{"href":"https:\/\/mont-roig.cat\/es\/wp-json\/wp\/v2\/types\/page"}],"author":[{"embeddable":true,"href":"https:\/\/mont-roig.cat\/es\/wp-json\/wp\/v2\/users\/4"}],"replies":[{"embeddable":true,"href":"https:\/\/mont-roig.cat\/es\/wp-json\/wp\/v2\/comments?post=4246"}],"version-history":[{"count":0,"href":"https:\/\/mont-roig.cat\/es\/wp-json\/wp\/v2\/pages\/4246\/revisions"}],"wp:attachment":[{"href":"https:\/\/mont-roig.cat\/es\/wp-json\/wp\/v2\/media?parent=4246"}],"curies":[{"name":"wp","href":"https:\/\/api.w.org\/{rel}","templated":true}]}}