{"id":4249,"date":"2015-03-22T00:49:01","date_gmt":"2015-03-22T00:49:01","guid":{"rendered":""},"modified":"2026-03-25T14:37:26","modified_gmt":"2026-03-25T13:37:26","slug":"informacion-util","status":"publish","type":"page","link":"https:\/\/mont-roig.cat\/es\/municipio\/informacion-util\/","title":{"rendered":"Informaci\u00f3n \u00fatil"},"content":{"rendered":"<div class=\"wpb-content-wrapper\">[vc_row][vc_column][vc_column_text css=&#8221;&#8221;]\n<div class=\"body\">\n<div class=\"toogle\">\n<section class=\"toggle\"><label>Ayuntamiento y empresas municipales<\/label><\/p>\n<div class=\"toggle-content\">\n<div class=\"row\">\n<div class=\"col-md-6\">\n<h4>OMAC Mont-roig<\/h4>\n<p>Ctra. de Colldejou, s\/n<br \/>\nTel. 977 83 70 05<br \/>\nFax. 977 83 80 89<br \/>\n<a href=\"mailto:ajuntament@mont-roig.com\">ajuntament@mont-roig.com<\/a><br \/>\n<b>Horario: <\/b><br \/>\nLunes a viernes 9 h &#8211; 14 h<\/p>\n<h4>Nostraigua Mont-roig<\/h4>\n<p>C. Riudoms, 21<br \/>\nTel. 977 83 76 86<br \/>\n<a href=\"mailto:info@nostraigua.cat\">info@nostraigua.cat<\/a><br \/>\n<b>Horario: <\/b><br \/>\nLunes a viernes 9 h &#8211; 14 h<\/p>\n<h4>Nostreserveis<\/h4>\n<p>Av. Reus, 27<br \/>\nTel. 977 83 72 29<br \/>\n<a href=\"mailto:info@nostreserveis.cat\" target=\"_blank\" rel=\"noopener noreferrer\">info@nostreserveis.cat<\/a><br \/>\n<b>Horario: <\/b><br \/>\nLunes a viernes 7.30 h &#8211; 15 h<\/p>\n<\/div>\n<div class=\"col-md-6\">\n<h4>OMAC Miami Platja<\/h4>\n<p>C. S\u00f2ria, 14<br \/>\nTel. 977 83 70 05<br \/>\nFax. 977 17 07 28<br \/>\n<a href=\"mailto:ajuntament@mont-roig.com\">ajuntament@mont-roig.com<\/a><br \/>\n<b>Horario: <\/b><br \/>\nLunes a viernes 9 h &#8211; 14 h<\/p>\n<h4>Nostraigua Miami Platja<\/h4>\n<p>Av. Barcelona 188, C.C. L\u2019Illa, locales 19-20<br \/>\nTel. 977 81 03 86<br \/>\n<a href=\"mailto:info@nostraigua.cat\">info@nostraigua.cat<\/a><br \/>\n<b>Horario: <\/b><br \/>\nLunes a viernes 9 h &#8211; 14 h<\/p>\n<\/div>\n<\/div>\n<\/div>\n<\/section>\n<section class=\"toggle\"><label>Emergencia y salud<\/label><\/p>\n<div class=\"toggle-content\">\n<div class=\"row\">\n<div class=\"col-md-6\">\n<h4>CAP Mont-roig<\/h4>\n<p>C. Dr. Segarra, 18<br \/>\nTel. 977 83 78 77<br \/>\n<a href=\"mailto:montroig.tarte.ics@gencat.cat\">montroig.tarte.ics@gencat.cat<\/a><br \/>\n<b>Horario: <\/b><br \/>\nLaborables y festivos 8 h \u2013 21 h<\/p>\n<h4>Policia Local<\/h4>\n<p>Miami Platja<br \/>\nTel. 977 83 88 73<br \/>\nFax. 977 83 74 05<br \/>\n<a href=\"mailto:plocal@mont-roig.com\">plocal@mont-roig.com<\/a><br \/>\n<b>Horario: <\/b><br \/>\n24 horas al d\u00eda, 365 d\u00edas<\/p>\n<h4>Centro Rehabilitaci\u00f3n y Fisioterapia Mont-roig<\/h4>\n<p>C. Aureli Maria Escarr\u00e9, 28<br \/>\nTel. 977 83 71 23<\/p>\n<\/div>\n<div class=\"col-md-6\">\n<h4>CAP Miami Platja<\/h4>\n<p>Av. Barcelona, 173 &#8211; 175<br \/>\nTel. 977 81 12 00<br \/>\n<a href=\"mailto:admmiami.tarte.ics@gencat.cat\">admmiami.tarte.ics@gencat.cat<\/a><br \/>\n<strong>Horario: <\/strong><br \/>\nHorario invierno: Lunes a viernes 8 h &#8211; 21 h<br \/>\nHorario verano: Abierto las 24 h<\/p>\n<h4>Creu Roja Miami Platja<\/h4>\n<p>Av. Barcelona, 11<br \/>\nTel. 977 81 11 17<br \/>\nFax. 977 81 11 17<br \/>\n<a href=\"mailto:alcrmr@tinet.org\">alcrmr@tinet.org<\/a><br \/>\n<b>Horario: <\/b><br \/>\n24 horas al d\u00eda, 365 d\u00edas<\/p>\n<h4>Consulta la farmacia de guardia<\/h4>\n<p><a href=\"http:\/\/www.coft.cat\/font\/gcomarques.php?CODICOMARCA=1\" target=\"_blank\" rel=\"noopener noreferrer\">Mont-roig o Miami Platja<\/a><\/p>\n<\/div>\n<\/div>\n<\/div>\n<\/section>\n<section class=\"toggle\"><label>Servicios de atenci\u00f3n a las personas<\/label><\/p>\n<div class=\"toggle-content\">\n<div class=\"row\">\n<div class=\"col-md-6\">\n<h4>Servicios Sociales Mont-roig<\/h4>\n<p>C. Major, 4<br \/>\nTel. 977 83 75 53<br \/>\n<a href=\"mailto:accio.social@mont-roig.com\">accio.social@mont-roig.com<\/a><br \/>\n<b>Horario: <\/b><br \/>\nLunes a viernes 9 h &#8211; 14 h<\/p>\n<h4>Tanatorio Mont-roig<\/h4>\n<p>C. Murada, s\/n<br \/>\n<b>Horario: <\/b><br \/>\nLunes a domingo 9 h &#8211; 22 h<\/p>\n<h4>Tanatorio Miami Platja<\/h4>\n<p>Av. de Veracruz, pol\u00edgono 17<br \/>\n<b>Horario: <\/b><br \/>\nLunes a domingo 9 h &#8211; 22 h<\/p>\n<\/div>\n<div class=\"col-md-6\">\n<h4>Servicios Sociales Miami Platja<\/h4>\n<p>Av. Granada, 48<br \/>\nTel. 977 17 27 58<br \/>\nFax. 977 17 27 58<br \/>\n<a href=\"mailto:accio.social@mont-roig.com\">accio.social@mont-roig.com<\/a><br \/>\n<b>Horario: <\/b><br \/>\nLunes a viernes 9 h &#8211; 14 h<\/p>\n<h4>Juzgado de Paz<\/h4>\n<p>C. Major, 4<br \/>\nTel. 977 83 78 05<br \/>\nFax. 977 83 83 92<br \/>\n<a href=\"mailto:jutjatdepau@mont-roig.com\">jutjatdepau@mont-roig.com<\/a><br \/>\n<b>Horario: <\/b><br \/>\nLunes a viernes 9 h &#8211; 14 h<\/p>\n<\/div>\n<\/div>\n<\/div>\n<\/section>\n<section class=\"toggle\"><label>Centros de ocio para ancianos<\/label><\/p>\n<div class=\"toggle-content\">\n<div class=\"row\">\n<div class=\"col-md-6\">\n<h4>Casal <em>Gent Gran<\/em> Mont-roig<\/h4>\n<p>C. Aureli M. Escarr\u00e9 n. 3<br \/>\nTel. 977 83 74 56<br \/>\n<a href=\"mailto:associaciodejubilats@yahoo.es\">associaciodejubilats@yahoo.es<\/a><br \/>\n<b>Horario\u00a0<\/b><br \/>\nLunes a viernes 14 h &#8211; 20.30 h<\/p>\n<h4>Centro de D\u00eda Mont-roig<\/h4>\n<p>C. 1 d&#8217;octubre s\/n<br \/>\nTel. 977 83 87 20<br \/>\n<a href=\"mailto:montroig@lonada.com\">montroig@lonada.com<\/a><br \/>\n<b>Horario: <\/b><br \/>\nLunes a viernes 9 h &#8211; 18 h<\/p>\n<\/div>\n<div class=\"col-md-6\">\n<h4>Casal <em>Gent Gran<\/em> Miami Platja<\/h4>\n<p>C. Soria, 16-18<br \/>\nTel. 977 17 10 30<br \/>\nFax. 977 17 10 30<br \/>\n<b>Horario: <\/b><br \/>\nLunes a domingo 17 h &#8211; 20 h<\/p>\n<\/div>\n<\/div>\n<\/div>\n<\/section>\n<section class=\"toggle\"><label>Servicios de Educaci\u00f3n<\/label><\/p>\n<div class=\"toggle-content\">\n<div class=\"row\">\n<div class=\"col-md-6\">\n<h4>Guarder\u00eda Mare de D\u00e9u de la Roca<\/h4>\n<p>C. Doctor Josep Sagarra, 35<br \/>\nTel. 977 83 74 19<br \/>\n<a href=\"mailto:llar.infants@nostreserveis.cat\" target=\"_blank\" rel=\"noopener noreferrer\">llar.infants@nostreserveis.cat<\/a><\/p>\n<h4>Escuela Mare de D\u00e9u de la Roca<\/h4>\n<p>C. Doctor Josep Sagarra, 35<br \/>\nTel. 977 83 72 83<br \/>\n<a href=\"mailto:e3001668@xtec.cat\" target=\"_blank\" rel=\"noopener noreferrer\">e3001668@xtec.cat<\/a><\/p>\n<h4>Escuela Marcel\u00b7l\u00ed Esquius<\/h4>\n<p>C. Brasil, 15<br \/>\nTel. 977 81 19 56<br \/>\n<a href=\"mailto:e3010487@xtec.cat\" target=\"_blank\" rel=\"noopener noreferrer\">e3010487@xtec.cat<\/a><\/p>\n<h4>Escuela Joan Mir\u00f3<\/h4>\n<p>Av. Cadis, 83<br \/>\nTel. 977 81 03 51<br \/>\n<a href=\"mailto:e3012095@xtec.cat\" target=\"_blank\" rel=\"noopener noreferrer\">e3012095@xtec.cat<\/a><\/p>\n<\/div>\n<div class=\"col-md-6\">\n<h4>Guarder\u00eda Petete<\/h4>\n<p>C. Badajoz, 2<br \/>\nTel. 977 17 03 48<br \/>\n<a href=\"mailto:llar.infants.miami@nostreserveis.cat\" target=\"_blank\" rel=\"noopener noreferrer\">llar.infants.miami@nostreserveis.cat<\/a><\/p>\n<h4>Instituto Antoni Ballester<\/h4>\n<p>C. de l&#8217;1 d&#8217;octubre, 5<br \/>\nTel. 977 83 86 09<br \/>\n<a href=\"mailto:e3008638@xtec.cat\" target=\"_blank\" rel=\"noopener noreferrer\">e3008638@xtec.cat<\/a><\/p>\n<h4>Instituto Miami<\/h4>\n<p>Av. de Cadis, 83 bis<br \/>\nTel. 977 13 31 38<br \/>\n<a href=\"mailto:e3012988@xtec.cat\" target=\"_blank\" rel=\"noopener noreferrer\">e3012988@xtec.cat<\/a><\/p>\n<\/div>\n<\/div>\n<\/div>\n<\/section>\n<section class=\"toggle\"><label>Servicios de deporte, ocio y juventud<\/label><\/p>\n<div class=\"toggle-content\">\n<div class=\"row\">\n<div class=\"col-md-6\">\n<h4>Polideportivo Mont-roig<\/h4>\n<p>C. Aureli Maria Escarr\u00e9, 3<br \/>\nTel. 977 83 76 11<br \/>\nFax. 977 83 76 11<br \/>\n<a href=\"mailto:esports@mont-roig.com\">esports@mont-roig.com<\/a><br \/>\n<b>Horario: <\/b><br \/>\nLunes a viernes 8h &#8211; 13h \/ 15h &#8211; 22h.<br \/>\nS\u00e1bado 8h &#8211; 13h \/ 16h &#8211; 20h.<\/p>\n<h4>Casal J\u00f3venes K1 Mont-roig<\/h4>\n<p>C. Aureli Maria Escarr\u00e9, 28<br \/>\nTel. 977 83 88 32 \/ 638 223 641<br \/>\n<a href=\"mailto:joventut@mont-roig.com\">joventut@mont-roig.com<\/a><br \/>\n<b>Horario invierno: <\/b><br \/>\n(A partir del 20 de septiembre de lunes a s\u00e1bado de 17 a 20 h)<br \/>\nLunes a jueves 17.30 h &#8211; 21 h<br \/>\nViernes 18 h &#8211; 23 h<br \/>\nS\u00e1bado 17 h &#8211; 22 h<\/p>\n<h4>Centro Polivalente Miami Platja<\/h4>\n<p>C. Soria, 16-18<br \/>\nTel. 977 81 17 49<br \/>\nFax. 977 81 17 49<br \/>\n<a href=\"mailto:polivalent.miami@mont-roig.com\">polivalent.miami@mont-roig.com<\/a><br \/>\n<b>Horario: <\/b><br \/>\nLunes a viernes 12.30 h &#8211; 20 h<\/p>\n<\/div>\n<div class=\"col-md-6\">\n<h4>Polideportivo Miami Platja<\/h4>\n<p>C. Badajoz, 4<br \/>\nTel. 977 17 05 72<br \/>\n<a href=\"mailto:esports@mont-roig.com\">esports@mont-roig.com<\/a><br \/>\n<b>Horario: <\/b><br \/>\nLunes a viernes 8h &#8211; 13h \/ 15h &#8211; 22h.<br \/>\nS\u00e1bado 8h &#8211; 13h \/ 16h &#8211; 20h<\/p>\n<h4>Juventud Miami Platja<\/h4>\n<p>C. Soria, 16-18<br \/>\nTel. 608 23 62 45<br \/>\n<a href=\"mailto:joventut@mont-roig.com\">joventut@mont-roig.com<\/a><br \/>\n<b>Horario: <\/b><br \/>\nLunes a viernes de 8 h &#8211; 15 h<\/p>\n<\/div>\n<\/div>\n<\/div>\n<\/section>\n<section class=\"toggle\"><label>Servicios de Cultura<\/label><\/p>\n<div class=\"toggle-content\">\n<div class=\"row\">\n<div class=\"col-md-6\">\n<h4>Biblioteca Joan Mir\u00f3 (Mont-roig)<\/h4>\n<p>C. Mare de D\u00e9u de la Roca, 5<br \/>\nTel. 977 83 75 12<br \/>\nFax. 977 83 75 12<br \/>\nWeb: <a href=\"http:\/\/bibliotecajoanmiro.blogspot.com\" target=\"_blank\" rel=\"noopener noreferrer\">http:\/\/bibliotecajoanmiro.blogspot.com<\/a><br \/>\n<a href=\"mailto:biblioteca@mont-roig.com\">biblioteca@mont-roig.com<\/a><br \/>\n<b>Horario invierno <\/b><br \/>\nLunes\/Martes\/Mi\u00e9rcoles\/Viernes 15 h &#8211; 20 h<br \/>\nJueves 9 h &#8211; 13 h \/ 15 h &#8211; 20 h<br \/>\nS\u00e1bado 10 h &#8211; 13 h<br \/>\n<b>Horario verano <\/b><br \/>\nLunes\/Mi\u00e9rcoles\/Viernes 9 h &#8211; 15 h<br \/>\nMartes 15 h &#8211; 20 h<br \/>\nJueves 9 h &#8211; 13 h \/ 15 h &#8211; 20 h<\/p>\n<h4>Ermita de la Mare de D\u00e9u de la Roca<\/h4>\n<p>C. Mare de D\u00e9u de la Roca, 5<br \/>\n(Casa de cultura Agust\u00ed Sard\u00e0)<br \/>\nTel. 977 83 77 60<br \/>\n<a href=\"mailto:ermitadelaroca@hotmail.com\">ermitadelaroca@hotmail.com<\/a><br \/>\n<strong>Horario:<\/strong><br \/>\nOctubre a marzo, de 9 h &#8211; 18 h<br \/>\nAbril a septiembre, de 9 h &#8211; 20 h<br \/>\nLos martes cerrado<\/p>\n<\/div>\n<div class=\"col-md-6\">\n<h4>Biblioteca Miramar (Miami Platja)<\/h4>\n<p>C. Soria, 16-18<br \/>\nTel. 977 17 25 62<br \/>\n<a href=\"mailto:biblioteca.miami@mont-roig.com\">biblioteca.miami@mont-roig.com<\/a><br \/>\n<b>Horario invierno: <\/b><br \/>\nLunes\/Martes\/Mi\u00e9rcoles\/Viernes 15 h &#8211; 20 h<br \/>\nJueves 9 h &#8211; 13 h \/ 15 h &#8211; 20 h<br \/>\nS\u00e1bado 10 h &#8211; 13 h<br \/>\n<b>Horario verano:<\/b><br \/>\nLunes\/Mi\u00e9rcoles\/Viernes 9 h &#8211; 15 h<br \/>\nMartes 15 h &#8211; 20 h<br \/>\nJueves 9 h &#8211; 13 h \/ 15 h &#8211; 20 h<\/p>\n<h4>Casa Cultura Agust\u00ed Sard\u00e0<\/h4>\n<p>C. Mare de D\u00e9u de la Roca, 5<br \/>\nTel. 977 83 70 39<\/p>\n<h4>Archivo Municipal de Mont-roig del Camp (AMMC)<\/h4>\n<p>C. Mare de D\u00e9u de la Roca, 5<br \/>\n(Casa de Cultura Agust\u00ed Sard\u00e0)<br \/>\nTel. 977 83 81 55<br \/>\n<a href=\"mailto:arxiu@mont-roig.com\">arxiu@mont-roig.com<\/a><br \/>\n<strong>Horario:<\/strong><br \/>\nLunes a viernes 9 h a 14 h (se debe pedir cita)<\/p>\n<\/div>\n<\/div>\n<\/div>\n<\/section>\n<section class=\"toggle\"><label>Turismo<\/label><\/p>\n<div class=\"toggle-content\">\n<div class=\"row\">\n<div class=\"col-md-6\">\n<h4>Oficina Turismo Miami Platja<\/h4>\n<p>Avinguda de Barcelona, 89 \u2013 Local 2<br \/>\nTel. 977 81 09 78<br \/>\n<a href=\"mailto:turisme@mont-roig.com\">turisme@mont-roig.com<\/a><br \/>\n<b>Horario invierno: <\/b><br \/>\nLunes a s\u00e1bado 9 a 14 h<br \/>\n<b>Horario verano:<\/b><br \/>\nLunes a s\u00e1bado 9 a 14 y de 17 a 19 h<br \/>\nDomingo de 9 a 14 h<\/p>\n<h4>Mas Mir\u00f3<\/h4>\n<p>Finca Mas Mir\u00f3, s\/n<br \/>\n43300 Mont-roig del Camp<br \/>\nTel. 977179158<br \/>\n<a href=\"mailto:info@masmiro.com\" target=\"_blank\" rel=\"noopener noreferrer\">info@masmiro.com<\/a><br \/>\n<a href=\"http:\/\/www.masmiro.com\/\">www.masmiro.com<\/a><br \/>\n<strong>Horario:<\/strong><br \/>\n<strong>Del 2 de mayo al 16 de septiembre<\/strong><br \/>\nMartes a domingo, 10 a 14 h y 16 a 19.30 h<br \/>\n<strong>Del 16 de septiembre al 04 de noviembre<\/strong><br \/>\nMartes a domingo, de 10 a 14 h y de 15 a 18.30 h<\/p>\n<\/div>\n<div class=\"col-md-6\">\n<h4>Oficina de Turismo de l&#8217;Esgl\u00e9sia Vella<\/h4>\n<p>C. Major, 4<br \/>\nTel. 977837337<br \/>\n<b>Horario invierno:<\/b><br \/>\nLunes a s\u00e1bado 9 a 14 h<br \/>\n<b>Horario verano:<\/b><br \/>\nLunes a s\u00e1bado 9 a 14 y de 17 a 19 h<br \/>\nDomingo de 9 a 14 h<\/p>\n<p>Horarios sujetos a modificaciones.<br \/>\nM\u00e1s informaci\u00f3n: <a href=\"https:\/\/www.mont-roigmiami.cat\/\" target=\"_blank\" rel=\"noopener\">mont-roigmiami.cat<\/a><\/p>\n<\/div>\n<\/div>\n<\/div>\n<\/section>\n<section class=\"toggle\"><label>Oficina de Impulso Econ\u00f3mico<\/label><\/p>\n<div class=\"toggle-content\">\n<div class=\"row\">\n<div class=\"col-md-6\">\n<h4>Oficina de Promoci\u00f3n Econ\u00f3mica<\/h4>\n<p>\u00c1REA DE IMPULSO ECON\u00d3MICO Y EMPLEO \u2013 Ayuntamiento de Mont-roig del Camp<br \/>\nECOESPAI<br \/>\nPlaza de Gerona, s\/n<br \/>\n43892 Miami Playa<br \/>\nTel 977 17 25 27 \u2013 promocio@mont-roig.cat<br \/>\nHorario de atenci\u00f3n: De lunes a viernes, de 9 a 14 h<\/p>\n<\/div>\n<div class=\"col-md-6\">\n<p>&nbsp;<\/p>\n<\/div>\n<\/div>\n<\/div>\n<\/section>\n<section class=\"toggle\"><label>Servicios de residuos<\/label><\/p>\n<div class=\"toggle-content\">\n<div class=\"row\">\n<div class=\"col-md-6\">\n<h4>Centro de recogida de residuos municipal de Miami Platja<\/h4>\n<p>Av. de Veracruz (parte posterior del cementerio de Miami Platja, pol\u00edgono 17, parcela 74)<br \/>\n<a href=\"mailto:ajuntament@mont-roig.com\">ajuntament@mont-roig.com<\/a><br \/>\n<b>Horario <\/b><br \/>\nDe\u00a0<span id=\"OBJ_PREFIX_DWT469_com_zimbra_date\" class=\"Object\" role=\"link\"><span id=\"OBJ_PREFIX_DWT479_com_zimbra_date\" class=\"Object-active\" role=\"link\">martes<\/span><\/span> a s\u00e1bado de 9 a 14h y de 16h a 18h<\/p>\n<h4>Centro de recogida de residuos municipal Mont-Roig del Camp \/ Punto de Transferencia<\/h4>\n<p>Calle 1 de Octubre y la calle Aurelio M. Escarr\u00e9<\/p>\n<p>De martes a s\u00e1bado, de 9:00 a 14:00 h y de 16:00 a 18:00 h<\/p>\n<h4>Recogida voluminosos<\/h4>\n<p>Para solicitar la recogida de muebles y residuos voluminosos puerta a puerta, pod\u00e9is llamar al tel\u00e9fono 607 159 243 de lunes a viernes, de 8:00 a 15:00 h<\/p>\n<\/div>\n<\/div>\n<\/div>\n<\/section>\n<section class=\"toggle\"><label>Servicios tributarios<\/label><\/p>\n<div class=\"toggle-content\">\n<div class=\"row\">\n<div class=\"col-md-6\">\n<h4>BASE Mont-roig<\/h4>\n<p>C. Ind\u00fastria, 3, local B<br \/>\nTel. 977 83 79 69<br \/>\n<a href=\"mailto:o.mont-roig@base.cat\">o.mont-roig@base.cat<\/a><br \/>\n<b>Horario:<\/b><\/p>\n<p><b><\/b>Recomendamos pedir cita<br \/>\nLunes a viernes 9 h &#8211; 14 h<\/p>\n<\/div>\n<div class=\"col-md-6\">\n<h4>BASE Miami Platja<\/h4>\n<p>Av. Barcelona, 218<br \/>\nTel. 977 81 02 23<br \/>\nFax. 977 81 00 97<br \/>\n<a href=\"mailto:miamiplatja@base.cat\">miamiplatja@base.cat<\/a><br \/>\n<b>Horario: <\/b><br \/>\nLunes a viernes 9 h &#8211; 14 h<\/p>\n<\/div>\n<\/div>\n<\/div>\n<\/section>\n<section class=\"toggle\"><label>Empresas operadoras de Servicios Funerarios<\/label><\/p>\n<div class=\"toggle-content\">\n<div class=\"row\">\n<div class=\"col-md-6\">\n<h4>Funeraria Pedrola<\/h4>\n<p>Tel. 977 36 02 81<br \/>\n<b>Horario:<\/b><br \/>\nServicio 24 horas<\/p>\n<h4>Mena Servicios Funerarios<\/h4>\n<p>Tel. <span id=\"m_2351083991858556024OBJ_PREFIX_DWT1783_com_zimbra_phone\"><a>600 51 52 25<\/a><\/span> y\u00a0<span id=\"m_2351083991858556024OBJ_PREFIX_DWT1784_com_zimbra_phone\"><a>630 06 40 56<\/a><\/span><br \/>\n<b>Horario:<\/b><br \/>\nServicio 24 horas<\/p>\n<h4>Interfunerarias<\/h4>\n<p>Tel. 977 050 121<br \/>\n<strong>Horario:<\/strong><br \/>\nServicio 24 horas<\/p>\n<\/div>\n<div class=\"col-md-6\">\n<h4>M\u00e9mora Servicios Funerarios<\/h4>\n<p>Tel. 977 36 68 94<br \/>\n<b>Horario:<\/b><br \/>\nServicio 24 horas<\/p>\n<h4>Funeraria de La Rosa<\/h4>\n<p>Tel. 638117012 &#8211; 600907738<br \/>\n<strong>Horario:<\/strong><br \/>\nServicio 24 horas<\/p>\n<h4>Servicios Funerarios Blanc Morales<\/h4>\n<p>Tel. 617944603 i 877650594<br \/>\n<strong>Horario:<\/strong><br \/>\nServicio 24 horas<\/p>\n<\/div>\n<\/div>\n<\/div>\n<\/section>\n<\/div>\n<\/div>\n[\/vc_column_text][\/vc_column][\/vc_row]\n<\/div>","protected":false},"excerpt":{"rendered":"<p>[vc_row][vc_column][vc_column_text css=&#8221;&#8221;] Ayuntamiento y empresas municipales OMAC Mont-roig Ctra. de Colldejou, s\/n Tel. 977 83 70 05 Fax. 977 83 80 89 ajuntament@mont-roig.com Horario: Lunes a viernes 9 h &#8211; 14 h Nostraigua Mont-roig C. Riudoms, 21 Tel. 977 83 76 86 info@nostraigua.cat Horario: Lunes a viernes 9 h &#8211; 14 h Nostreserveis Av. Reus, [&hellip;]<\/p>\n","protected":false},"author":4,"featured_media":0,"parent":7689,"menu_order":0,"comment_status":"closed","ping_status":"closed","template":"","meta":{"inline_featured_image":false,"_monsterinsights_skip_tracking":false,"_monsterinsights_sitenote_active":false,"_monsterinsights_sitenote_note":"","_monsterinsights_sitenote_category":0,"footnotes":""},"class_list":["post-4249","page","type-page","status-publish","hentry"],"yoast_head":"<!-- This site is optimized with the Yoast SEO plugin v27.4 - https:\/\/yoast.com\/product\/yoast-seo-wordpress\/ -->\n<title>Informaci\u00f3n \u00fatil - Ajuntament de Mont-roig del Camp<\/title>\n<meta name=\"robots\" content=\"index, follow, max-snippet:-1, max-image-preview:large, max-video-preview:-1\" \/>\n<link rel=\"canonical\" href=\"https:\/\/mont-roig.cat\/es\/municipio\/informacion-util\/\" \/>\n<meta property=\"og:locale\" content=\"es_ES\" \/>\n<meta property=\"og:type\" content=\"article\" \/>\n<meta property=\"og:title\" content=\"Informaci\u00f3n \u00fatil - Ajuntament de Mont-roig del Camp\" \/>\n<meta property=\"og:description\" content=\"[vc_row][vc_column][vc_column_text css=&#8221;&#8221;] Ayuntamiento y empresas municipales OMAC Mont-roig Ctra. de Colldejou, s\/n Tel. 977 83 70 05 Fax. 977 83 80 89 ajuntament@mont-roig.com Horario: Lunes a viernes 9 h &#8211; 14 h Nostraigua Mont-roig C. Riudoms, 21 Tel. 977 83 76 86 info@nostraigua.cat Horario: Lunes a viernes 9 h &#8211; 14 h Nostreserveis Av. Reus, [&hellip;]\" \/>\n<meta property=\"og:url\" content=\"https:\/\/mont-roig.cat\/es\/municipio\/informacion-util\/\" \/>\n<meta property=\"og:site_name\" content=\"Ajuntament de Mont-roig del Camp\" \/>\n<meta property=\"article:modified_time\" content=\"2026-03-25T13:37:26+00:00\" \/>\n<meta property=\"og:image\" content=\"https:\/\/mont-roig.cat\/wp-content\/uploads\/aj-mont-roig-2.jpg\" \/>\n\t<meta property=\"og:image:width\" content=\"1200\" \/>\n\t<meta property=\"og:image:height\" content=\"600\" \/>\n\t<meta property=\"og:image:type\" content=\"image\/jpeg\" \/>\n<meta name=\"twitter:card\" content=\"summary_large_image\" \/>\n<meta name=\"twitter:label1\" content=\"Tiempo de lectura\" \/>\n\t<meta name=\"twitter:data1\" content=\"8 minutos\" \/>\n<script type=\"application\/ld+json\" class=\"yoast-schema-graph\">{\"@context\":\"https:\\\/\\\/schema.org\",\"@graph\":[{\"@type\":\"WebPage\",\"@id\":\"https:\\\/\\\/mont-roig.cat\\\/es\\\/municipio\\\/informacion-util\\\/\",\"url\":\"https:\\\/\\\/mont-roig.cat\\\/es\\\/municipio\\\/informacion-util\\\/\",\"name\":\"Informaci\u00f3n \u00fatil - Ajuntament de Mont-roig del Camp\",\"isPartOf\":{\"@id\":\"https:\\\/\\\/mont-roig.cat\\\/es\\\/#website\"},\"datePublished\":\"2015-03-22T00:49:01+00:00\",\"dateModified\":\"2026-03-25T13:37:26+00:00\",\"breadcrumb\":{\"@id\":\"https:\\\/\\\/mont-roig.cat\\\/es\\\/municipio\\\/informacion-util\\\/#breadcrumb\"},\"inLanguage\":\"es\",\"potentialAction\":[{\"@type\":\"ReadAction\",\"target\":[\"https:\\\/\\\/mont-roig.cat\\\/es\\\/municipio\\\/informacion-util\\\/\"]}]},{\"@type\":\"BreadcrumbList\",\"@id\":\"https:\\\/\\\/mont-roig.cat\\\/es\\\/municipio\\\/informacion-util\\\/#breadcrumb\",\"itemListElement\":[{\"@type\":\"ListItem\",\"position\":1,\"name\":\"Inici\",\"item\":\"https:\\\/\\\/mont-roig.cat\\\/es\\\/pagina-de-inicio\\\/\"},{\"@type\":\"ListItem\",\"position\":2,\"name\":\"Municipio\",\"item\":\"https:\\\/\\\/mont-roig.cat\\\/es\\\/municipio\\\/\"},{\"@type\":\"ListItem\",\"position\":3,\"name\":\"Informaci\u00f3n \u00fatil\"}]},{\"@type\":\"WebSite\",\"@id\":\"https:\\\/\\\/mont-roig.cat\\\/es\\\/#website\",\"url\":\"https:\\\/\\\/mont-roig.cat\\\/es\\\/\",\"name\":\"Ajuntament de Mont-roig del Camp\",\"description\":\"Tota la informaci\u00f3 sobre la instituci\u00f3, els seus \u00f2rgans de govern, actualitat, serveis i molt m\u00e9s.\",\"potentialAction\":[{\"@type\":\"SearchAction\",\"target\":{\"@type\":\"EntryPoint\",\"urlTemplate\":\"https:\\\/\\\/mont-roig.cat\\\/es\\\/?s={search_term_string}\"},\"query-input\":{\"@type\":\"PropertyValueSpecification\",\"valueRequired\":true,\"valueName\":\"search_term_string\"}}],\"inLanguage\":\"es\"}]}<\/script>\n<!-- \/ Yoast SEO plugin. -->","yoast_head_json":{"title":"Informaci\u00f3n \u00fatil - Ajuntament de Mont-roig del Camp","robots":{"index":"index","follow":"follow","max-snippet":"max-snippet:-1","max-image-preview":"max-image-preview:large","max-video-preview":"max-video-preview:-1"},"canonical":"https:\/\/mont-roig.cat\/es\/municipio\/informacion-util\/","og_locale":"es_ES","og_type":"article","og_title":"Informaci\u00f3n \u00fatil - Ajuntament de Mont-roig del Camp","og_description":"[vc_row][vc_column][vc_column_text css=&#8221;&#8221;] Ayuntamiento y empresas municipales OMAC Mont-roig Ctra. de Colldejou, s\/n Tel. 977 83 70 05 Fax. 977 83 80 89 ajuntament@mont-roig.com Horario: Lunes a viernes 9 h &#8211; 14 h Nostraigua Mont-roig C. Riudoms, 21 Tel. 977 83 76 86 info@nostraigua.cat Horario: Lunes a viernes 9 h &#8211; 14 h Nostreserveis Av. Reus, [&hellip;]","og_url":"https:\/\/mont-roig.cat\/es\/municipio\/informacion-util\/","og_site_name":"Ajuntament de Mont-roig del Camp","article_modified_time":"2026-03-25T13:37:26+00:00","og_image":[{"width":1200,"height":600,"url":"https:\/\/mont-roig.cat\/wp-content\/uploads\/aj-mont-roig-2.jpg","type":"image\/jpeg"}],"twitter_card":"summary_large_image","twitter_misc":{"Tiempo de lectura":"8 minutos"},"schema":{"@context":"https:\/\/schema.org","@graph":[{"@type":"WebPage","@id":"https:\/\/mont-roig.cat\/es\/municipio\/informacion-util\/","url":"https:\/\/mont-roig.cat\/es\/municipio\/informacion-util\/","name":"Informaci\u00f3n \u00fatil - Ajuntament de Mont-roig del Camp","isPartOf":{"@id":"https:\/\/mont-roig.cat\/es\/#website"},"datePublished":"2015-03-22T00:49:01+00:00","dateModified":"2026-03-25T13:37:26+00:00","breadcrumb":{"@id":"https:\/\/mont-roig.cat\/es\/municipio\/informacion-util\/#breadcrumb"},"inLanguage":"es","potentialAction":[{"@type":"ReadAction","target":["https:\/\/mont-roig.cat\/es\/municipio\/informacion-util\/"]}]},{"@type":"BreadcrumbList","@id":"https:\/\/mont-roig.cat\/es\/municipio\/informacion-util\/#breadcrumb","itemListElement":[{"@type":"ListItem","position":1,"name":"Inici","item":"https:\/\/mont-roig.cat\/es\/pagina-de-inicio\/"},{"@type":"ListItem","position":2,"name":"Municipio","item":"https:\/\/mont-roig.cat\/es\/municipio\/"},{"@type":"ListItem","position":3,"name":"Informaci\u00f3n \u00fatil"}]},{"@type":"WebSite","@id":"https:\/\/mont-roig.cat\/es\/#website","url":"https:\/\/mont-roig.cat\/es\/","name":"Ajuntament de Mont-roig del Camp","description":"Tota la informaci\u00f3 sobre la instituci\u00f3, els seus \u00f2rgans de govern, actualitat, serveis i molt m\u00e9s.","potentialAction":[{"@type":"SearchAction","target":{"@type":"EntryPoint","urlTemplate":"https:\/\/mont-roig.cat\/es\/?s={search_term_string}"},"query-input":{"@type":"PropertyValueSpecification","valueRequired":true,"valueName":"search_term_string"}}],"inLanguage":"es"}]}},"_links":{"self":[{"href":"https:\/\/mont-roig.cat\/es\/wp-json\/wp\/v2\/pages\/4249","targetHints":{"allow":["GET"]}}],"collection":[{"href":"https:\/\/mont-roig.cat\/es\/wp-json\/wp\/v2\/pages"}],"about":[{"href":"https:\/\/mont-roig.cat\/es\/wp-json\/wp\/v2\/types\/page"}],"author":[{"embeddable":true,"href":"https:\/\/mont-roig.cat\/es\/wp-json\/wp\/v2\/users\/4"}],"replies":[{"embeddable":true,"href":"https:\/\/mont-roig.cat\/es\/wp-json\/wp\/v2\/comments?post=4249"}],"version-history":[{"count":52,"href":"https:\/\/mont-roig.cat\/es\/wp-json\/wp\/v2\/pages\/4249\/revisions"}],"predecessor-version":[{"id":90405,"href":"https:\/\/mont-roig.cat\/es\/wp-json\/wp\/v2\/pages\/4249\/revisions\/90405"}],"up":[{"embeddable":true,"href":"https:\/\/mont-roig.cat\/es\/wp-json\/wp\/v2\/pages\/7689"}],"wp:attachment":[{"href":"https:\/\/mont-roig.cat\/es\/wp-json\/wp\/v2\/media?parent=4249"}],"curies":[{"name":"wp","href":"https:\/\/api.w.org\/{rel}","templated":true}]}}