{"id":4252,"date":"2015-03-10T12:29:23","date_gmt":"2015-03-10T12:29:23","guid":{"rendered":"http:\/\/mont-roig.cat\/ayuntamiento\/organos-municipales\/comisiones-informativas\/"},"modified":"2015-12-16T00:21:37","modified_gmt":"2015-12-15T23:21:37","slug":"comisiones-informativas","status":"publish","type":"page","link":"https:\/\/mont-roig.cat\/es\/comisiones-informativas\/","title":{"rendered":"Comisiones informativas"},"content":{"rendered":"<div class=\"body\">\n<div>\n<p>Las <strong>comisiones informativas<\/strong> son \u00f3rganos complementarios del Ayuntamiento, de car\u00e1cter permanente, que tienen por funci\u00f3n el estudio y dictamen previo de los asuntos que se someten a la decisi\u00f3n del Pleno, de la Junta de Gobierno Local o del Alcalde.<\/p>\n<p>Estas comisiones llevan a cabo sus reuniones de acuerdo con la periodicidad establecida para las sesiones plenarias y la Junta de Gobierno Local, en la sala de sesiones del Ayuntamiento de Mont-roig del Camp<\/p>\n<p>Para el mandato 2011-2015 se han constituido 3 comisiones informativas, la composici\u00f3n de las cuales es la siguiente:<\/p>\n<h5>1. COMISI\u00d3N INFORMATIVA DE SERVICIOS INTERNOS<\/h5>\n<p>Presidente<\/p>\n<ul>\n<li>Sr. Ferran Pellicer Roca &nbsp;(AME-AM)<\/li>\n<\/ul>\n<p>Vocales &nbsp;&nbsp;<\/p>\n<ul>\n<li>Sr. Vicente P\u00e9rez Mula &nbsp;(AME-AM) &nbsp; &nbsp;<\/li>\n<li>Sr. Josep Maria Aragon\u00e8s &nbsp;(FIC) &nbsp; &nbsp;<\/li>\n<li>Sra. Elvira Montagud P\u00e9rez &nbsp;(VX+) &nbsp; &nbsp;<\/li>\n<li>Sr. Juan Gallardo Alguer\u00f3 &nbsp;(PP) &nbsp; &nbsp;<\/li>\n<li>Sr. Eduard Planes Anguera, regidor no adscrito &nbsp;&nbsp;<\/li>\n<li>Sr. Francisco Morancho L\u00f3pez (PSC-PM) &nbsp; &nbsp;<\/li>\n<li>Sra. Yolanda P\u00e9rez Mula, (PSC-PM) &nbsp; &nbsp;<\/li>\n<li>Sr. Pedro Mu\u00f1oz Espinosa (PSC-PM) &nbsp; &nbsp;<\/li>\n<li>Sr. Francisco Chamizo Quesada (CIU) &nbsp; &nbsp;<\/li>\n<li>Sr. Manel Andreu Ruiz (CIU) &nbsp; &nbsp;<\/li>\n<\/ul>\n<p><strong>Competencias<\/strong>: Promoci\u00f3n Econ\u00f3mica. Hacienda, Servicios Generales, Personal, OMAC, Movilidad, Seguridad Ciudadana y Protecci\u00f3n Civil. Polic\u00eda Administrativa, Contrataci\u00f3n y TICs. Secretar\u00eda y Servicios Jur\u00eddicos. Esta comisi\u00f3n tambi\u00e9n actuar\u00e1 como comisi\u00f3n especial de cuentas para el examen, estudio e informe de todas las cuentas, presupuestarios y extrapresupuestarios que tenga que aprobar el Pleno de la Corporaci\u00f3n.<\/p>\n<h5>2. COMISI\u00d3N INFORMATIVA DE SERVICIOS A LAS PERSONAS<\/h5>\n<p>Presidente &nbsp;&nbsp;<\/p>\n<ul>\n<li>Sr. Ferran Pellicer Roca &nbsp;(AME-AM) &nbsp; &nbsp;<\/li>\n<\/ul>\n<p>Vocales &nbsp;&nbsp;<\/p>\n<ul>\n<li>Sr. Vicente P\u00e9rez Mula &nbsp;(AME-AM) &nbsp; &nbsp;<\/li>\n<li>Sr. Josep Maria Aragon\u00e8s &nbsp;(FIC) &nbsp; &nbsp;<\/li>\n<li>Sra. Elvira Montagud P\u00e9rez &nbsp;(VX+) &nbsp; &nbsp;<\/li>\n<li>Sr. Ferm\u00edn D\u00edaz Duran &nbsp;(PP) &nbsp; &nbsp;<\/li>\n<li>Sr. Eduard Planes Anguera, regidor no adscrito &nbsp; &nbsp;<\/li>\n<li>Sra. Yolanda P\u00e9rez Diaz (PSC-PM) &nbsp; &nbsp;<\/li>\n<li>Sra. Rosa Escoda Ced\u00f3 (PSC-PM) &nbsp; &nbsp;<\/li>\n<li>Sra. Rosa Tejero Sanchez (PSC-PM) &nbsp; &nbsp;<\/li>\n<li>Sr. Manuel Andreu Ruiz (CIU)<\/li>\n<\/ul>\n<p><strong>Competencias<\/strong>: Participaci\u00f3n Ciudadana, Comercio, Turismo, Cultura, Fiestas, Juventud y Deportes. Agricultura, Industria, Educaci\u00f3n y Acci\u00f3n Social. Pol\u00edticas de Igualdad, Formaci\u00f3n continua, Inmigraci\u00f3n y Personas Mayores.<\/p>\n<h5>3. COMISI\u00d3N INFORMATIVA DE SERVICIOS TERRITORIALES<\/h5>\n<p style=\"box-sizing: border-box; margin: 0px 0px 20px; line-height: 24px;\"><strong style=\"box-sizing: border-box;\">Presidente<\/strong><\/p>\n<ul style=\"box-sizing: border-box; margin-top: 0px; margin-bottom: 10px;\">\n<li style=\"box-sizing: border-box; line-height: 24px;\">Sr. Ferran Pellicer Roca &nbsp;(AME-AM)&nbsp;&nbsp; &nbsp;<\/li>\n<\/ul>\n<p style=\"box-sizing: border-box; margin: 0px 0px 20px; line-height: 24px;\"><strong style=\"box-sizing: border-box;\">Vocales<\/strong><\/p>\n<ul style=\"box-sizing: border-box; margin-top: 0px; margin-bottom: 10px;\">\n<li style=\"box-sizing: border-box; line-height: 24px;\">Sr. Vicente P\u00e9rez Mula &nbsp;(AME-AM)&nbsp;&nbsp; &nbsp;<\/li>\n<li style=\"box-sizing: border-box; line-height: 24px;\">Sr. Josep Maria Aragon\u00e8s &nbsp;(FIC)&nbsp;&nbsp; &nbsp;<\/li>\n<li style=\"box-sizing: border-box; line-height: 24px;\">Sra. Elvira Montagud P\u00e9rez &nbsp;(VX+)&nbsp;&nbsp; &nbsp;<\/li>\n<li style=\"box-sizing: border-box; line-height: 24px;\">Sr. Ferm\u00edn D\u00edaz Duran &nbsp;(PP)&nbsp;&nbsp; &nbsp;<\/li>\n<li style=\"box-sizing: border-box; line-height: 24px;\">Sr. Eduard Planes Anguera, regidor no adscrit&nbsp;&nbsp; &nbsp;<\/li>\n<li style=\"box-sizing: border-box; line-height: 24px;\">Sr. Francisco Morancho L\u00f3pez (PSC-PM)&nbsp;&nbsp; &nbsp;<\/li>\n<li style=\"box-sizing: border-box; line-height: 24px;\">Sr. Pedro Mu\u00f1oz Espinosa (PSC-PM)&nbsp;&nbsp; &nbsp;<\/li>\n<li style=\"box-sizing: border-box; line-height: 24px;\">Sra. Rosa Escoda Ced\u00f3 (PSC-PM)&nbsp;&nbsp; &nbsp;<\/li>\n<li style=\"box-sizing: border-box; line-height: 24px;\">Sr. Francisco Chamizo Quesada (CIU)<\/li>\n<\/ul>\n<p style=\"box-sizing: border-box; line-height: 24px;\"><strong>Competencias<\/strong>: Urbanismo y obra p\u00fablica. Vivienda, paisaje urbano, parques y jardines. Urbanizaciones, plan de barrios, sanidad y salud p\u00fablica. Playas, actividades, sostenibilidad y medio ambiente.<\/p>\n<\/div>\n<\/div>\n","protected":false},"excerpt":{"rendered":"<p>Las comisiones informativas son \u00f3rganos complementarios del Ayuntamiento, de car\u00e1cter permanente, que tienen por funci\u00f3n el estudio y dictamen previo de los asuntos que se someten a la decisi\u00f3n del Pleno, de la Junta de Gobierno Local o del Alcalde. Estas comisiones llevan a cabo sus reuniones de acuerdo con la periodicidad establecida para las [&hellip;]<\/p>\n","protected":false},"author":4,"featured_media":0,"parent":0,"menu_order":0,"comment_status":"closed","ping_status":"closed","template":"","meta":{"inline_featured_image":false,"_monsterinsights_skip_tracking":false,"_monsterinsights_sitenote_active":false,"_monsterinsights_sitenote_note":"","_monsterinsights_sitenote_category":0,"footnotes":""},"class_list":["post-4252","page","type-page","status-publish","hentry"],"yoast_head":"<!-- This site is optimized with the Yoast SEO plugin v27.1.1 - https:\/\/yoast.com\/product\/yoast-seo-wordpress\/ -->\n<title>Comisiones informativas - Ajuntament de Mont-roig del Camp<\/title>\n<meta name=\"robots\" content=\"index, follow, max-snippet:-1, max-image-preview:large, max-video-preview:-1\" \/>\n<link rel=\"canonical\" href=\"https:\/\/mont-roig.cat\/es\/comisiones-informativas\/\" \/>\n<meta property=\"og:locale\" content=\"es_ES\" \/>\n<meta property=\"og:type\" content=\"article\" \/>\n<meta property=\"og:title\" content=\"Comisiones informativas - Ajuntament de Mont-roig del Camp\" \/>\n<meta property=\"og:description\" content=\"Las comisiones informativas son \u00f3rganos complementarios del Ayuntamiento, de car\u00e1cter permanente, que tienen por funci\u00f3n el estudio y dictamen previo de los asuntos que se someten a la decisi\u00f3n del Pleno, de la Junta de Gobierno Local o del Alcalde. Estas comisiones llevan a cabo sus reuniones de acuerdo con la periodicidad establecida para las [&hellip;]\" \/>\n<meta property=\"og:url\" content=\"https:\/\/mont-roig.cat\/es\/comisiones-informativas\/\" \/>\n<meta property=\"og:site_name\" content=\"Ajuntament de Mont-roig del Camp\" \/>\n<meta property=\"article:modified_time\" content=\"2015-12-15T23:21:37+00:00\" \/>\n<meta property=\"og:image\" content=\"https:\/\/mont-roig.cat\/wp-content\/uploads\/aj-mont-roig-2.jpg\" \/>\n\t<meta property=\"og:image:width\" content=\"1200\" \/>\n\t<meta property=\"og:image:height\" content=\"600\" \/>\n\t<meta property=\"og:image:type\" content=\"image\/jpeg\" \/>\n<meta name=\"twitter:card\" content=\"summary_large_image\" \/>\n<meta name=\"twitter:label1\" content=\"Tiempo de lectura\" \/>\n\t<meta name=\"twitter:data1\" content=\"3 minutos\" \/>\n<script type=\"application\/ld+json\" class=\"yoast-schema-graph\">{\"@context\":\"https:\/\/schema.org\",\"@graph\":[{\"@type\":\"WebPage\",\"@id\":\"https:\/\/mont-roig.cat\/es\/comisiones-informativas\/\",\"url\":\"https:\/\/mont-roig.cat\/es\/comisiones-informativas\/\",\"name\":\"Comisiones informativas - Ajuntament de Mont-roig del Camp\",\"isPartOf\":{\"@id\":\"https:\/\/mont-roig.cat\/es\/#website\"},\"datePublished\":\"2015-03-10T12:29:23+00:00\",\"dateModified\":\"2015-12-15T23:21:37+00:00\",\"breadcrumb\":{\"@id\":\"https:\/\/mont-roig.cat\/es\/comisiones-informativas\/#breadcrumb\"},\"inLanguage\":\"es\",\"potentialAction\":[{\"@type\":\"ReadAction\",\"target\":[\"https:\/\/mont-roig.cat\/es\/comisiones-informativas\/\"]}]},{\"@type\":\"BreadcrumbList\",\"@id\":\"https:\/\/mont-roig.cat\/es\/comisiones-informativas\/#breadcrumb\",\"itemListElement\":[{\"@type\":\"ListItem\",\"position\":1,\"name\":\"Inici\",\"item\":\"https:\/\/mont-roig.cat\/es\/pagina-de-inicio\/\"},{\"@type\":\"ListItem\",\"position\":2,\"name\":\"Comisiones informativas\"}]},{\"@type\":\"WebSite\",\"@id\":\"https:\/\/mont-roig.cat\/es\/#website\",\"url\":\"https:\/\/mont-roig.cat\/es\/\",\"name\":\"Ajuntament de Mont-roig del Camp\",\"description\":\"Tota la informaci\u00f3 sobre la instituci\u00f3, els seus \u00f2rgans de govern, actualitat, serveis i molt m\u00e9s.\",\"potentialAction\":[{\"@type\":\"SearchAction\",\"target\":{\"@type\":\"EntryPoint\",\"urlTemplate\":\"https:\/\/mont-roig.cat\/es\/?s={search_term_string}\"},\"query-input\":{\"@type\":\"PropertyValueSpecification\",\"valueRequired\":true,\"valueName\":\"search_term_string\"}}],\"inLanguage\":\"es\"}]}<\/script>\n<!-- \/ Yoast SEO plugin. -->","yoast_head_json":{"title":"Comisiones informativas - Ajuntament de Mont-roig del Camp","robots":{"index":"index","follow":"follow","max-snippet":"max-snippet:-1","max-image-preview":"max-image-preview:large","max-video-preview":"max-video-preview:-1"},"canonical":"https:\/\/mont-roig.cat\/es\/comisiones-informativas\/","og_locale":"es_ES","og_type":"article","og_title":"Comisiones informativas - Ajuntament de Mont-roig del Camp","og_description":"Las comisiones informativas son \u00f3rganos complementarios del Ayuntamiento, de car\u00e1cter permanente, que tienen por funci\u00f3n el estudio y dictamen previo de los asuntos que se someten a la decisi\u00f3n del Pleno, de la Junta de Gobierno Local o del Alcalde. Estas comisiones llevan a cabo sus reuniones de acuerdo con la periodicidad establecida para las [&hellip;]","og_url":"https:\/\/mont-roig.cat\/es\/comisiones-informativas\/","og_site_name":"Ajuntament de Mont-roig del Camp","article_modified_time":"2015-12-15T23:21:37+00:00","og_image":[{"width":1200,"height":600,"url":"https:\/\/mont-roig.cat\/wp-content\/uploads\/aj-mont-roig-2.jpg","type":"image\/jpeg"}],"twitter_card":"summary_large_image","twitter_misc":{"Tiempo de lectura":"3 minutos"},"schema":{"@context":"https:\/\/schema.org","@graph":[{"@type":"WebPage","@id":"https:\/\/mont-roig.cat\/es\/comisiones-informativas\/","url":"https:\/\/mont-roig.cat\/es\/comisiones-informativas\/","name":"Comisiones informativas - Ajuntament de Mont-roig del Camp","isPartOf":{"@id":"https:\/\/mont-roig.cat\/es\/#website"},"datePublished":"2015-03-10T12:29:23+00:00","dateModified":"2015-12-15T23:21:37+00:00","breadcrumb":{"@id":"https:\/\/mont-roig.cat\/es\/comisiones-informativas\/#breadcrumb"},"inLanguage":"es","potentialAction":[{"@type":"ReadAction","target":["https:\/\/mont-roig.cat\/es\/comisiones-informativas\/"]}]},{"@type":"BreadcrumbList","@id":"https:\/\/mont-roig.cat\/es\/comisiones-informativas\/#breadcrumb","itemListElement":[{"@type":"ListItem","position":1,"name":"Inici","item":"https:\/\/mont-roig.cat\/es\/pagina-de-inicio\/"},{"@type":"ListItem","position":2,"name":"Comisiones informativas"}]},{"@type":"WebSite","@id":"https:\/\/mont-roig.cat\/es\/#website","url":"https:\/\/mont-roig.cat\/es\/","name":"Ajuntament de Mont-roig del Camp","description":"Tota la informaci\u00f3 sobre la instituci\u00f3, els seus \u00f2rgans de govern, actualitat, serveis i molt m\u00e9s.","potentialAction":[{"@type":"SearchAction","target":{"@type":"EntryPoint","urlTemplate":"https:\/\/mont-roig.cat\/es\/?s={search_term_string}"},"query-input":{"@type":"PropertyValueSpecification","valueRequired":true,"valueName":"search_term_string"}}],"inLanguage":"es"}]}},"_links":{"self":[{"href":"https:\/\/mont-roig.cat\/es\/wp-json\/wp\/v2\/pages\/4252","targetHints":{"allow":["GET"]}}],"collection":[{"href":"https:\/\/mont-roig.cat\/es\/wp-json\/wp\/v2\/pages"}],"about":[{"href":"https:\/\/mont-roig.cat\/es\/wp-json\/wp\/v2\/types\/page"}],"author":[{"embeddable":true,"href":"https:\/\/mont-roig.cat\/es\/wp-json\/wp\/v2\/users\/4"}],"replies":[{"embeddable":true,"href":"https:\/\/mont-roig.cat\/es\/wp-json\/wp\/v2\/comments?post=4252"}],"version-history":[{"count":0,"href":"https:\/\/mont-roig.cat\/es\/wp-json\/wp\/v2\/pages\/4252\/revisions"}],"wp:attachment":[{"href":"https:\/\/mont-roig.cat\/es\/wp-json\/wp\/v2\/media?parent=4252"}],"curies":[{"name":"wp","href":"https:\/\/api.w.org\/{rel}","templated":true}]}}