{"id":4258,"date":"2015-02-02T20:46:54","date_gmt":"2015-02-02T20:46:54","guid":{"rendered":""},"modified":"2024-05-23T11:18:46","modified_gmt":"2024-05-23T09:18:46","slug":"tramites-e-instancias","status":"publish","type":"page","link":"https:\/\/mont-roig.cat\/es\/ayuntamiento\/atencion-ciudadana\/tramites-e-instancias\/","title":{"rendered":"Tr\u00e1mites e instancias"},"content":{"rendered":"<p><strong>Presentaci\u00f3n de instancias presencialmente<\/strong><\/p>\n<p>Una instancia es un formulario\/documento normalizado para presentar cualquier demanda, tr\u00e1mite o comunicado de forma gen\u00e9rica al Ayuntamiento.<\/p>\n<p>La puede presentar cualquier persona (que no est\u00e9 obligada a relacionarse con la administraci\u00f3n a trav\u00e9s de medios electr\u00f3nicos), que quiera comunicar o solicitar cualquier tema al consistorio. El tr\u00e1mite es gratuito.<\/p>\n<p>De este modo los interesados pueden dirigirse a las Oficinas Municipales de Atenci\u00f3n al Ciudadano (OMAC) con la instancia ya rellenada, reduciendo el tiempo de la gesti\u00f3n.<\/p>\n<p>Para algunos de los tr\u00e1mites es necesario rellenar una instancia espec\u00edfica, que en este caso se facilita en la misma oficina municipal.<\/p>\n<p><a href=\"http:\/\/mont-roig.cat\/wp-content\/uploads\/SOL%C2%B7LICITUD_ESTANDARD_CAT_3_0.pdf\">Inst\u00e0ncia gen\u00e8rica Ajuntament Mont-roig del Camp<\/a><\/p>\n<p><strong>Presentaci\u00f3n de instancias en l\u00ednea<\/strong><\/p>\n<p>El Ayuntamiento de Mont-roig del Camp ha puesto a disposici\u00f3n de los ciudadanos, entidades y empresas la <a href=\"\/\/mont-roig.eadministracio.cat\" target=\"_blank\" rel=\"noopener\">sede electr\u00f3nica<\/a> que permite hacer tr\u00e1mites con el consistorio a trav\u00e9s de un ordenador, tel\u00e9fono o tableta sin la necesidad de desplazarse a las oficinas municipales. En un simple clic y durante las 24 horas del d\u00eda, se pueden hacer unos 170 tr\u00e1mites con la administraci\u00f3n local.<\/p>\n<p>A trav\u00e9s de este servicio, la relaci\u00f3n entre los ciudadanos, empresas y entidades con el Ayuntamiento es m\u00e1s din\u00e1mica y eficiente.<\/p>\n<p><strong>\u00bfQui\u00e9n est\u00e1 obligado a tramitar en l\u00ednea?<\/strong><\/p>\n<p>Las personas f\u00edsicas pueden presentar documentaci\u00f3n en el registro general, de forma presencial o en l\u00ednea.<\/p>\n<p><strong>Hay algunos colectivos obligados a tramitar de manera electr\u00f3nica, como son:<\/strong><\/p>\n<ul>\n<li>Las personas jur\u00eddicas.<\/li>\n<li>Las entidades sin personalidad jur\u00eddica.<\/li>\n<li>Quienes para ejercer una actividad profesional tengan que estar colegiados.<\/li>\n<li>Los representantes de cualquier sujeto obligado a tramitar por internet.<\/li>\n<li>Las personas f\u00edsicas o jur\u00eddicas que tengan una relaci\u00f3n de proveedor con el Ayuntamiento de Mont-roig.<\/li>\n<li>Las personas f\u00edsicas o jur\u00eddicas que deban presentar una factura en el Ayuntamiento.<\/li>\n<\/ul>\n<p><strong>La obligaci\u00f3n de tramitar en l\u00ednea se informa en cada tr\u00e1mite. En el supuesto de que est\u00e9 dirigido a sujetos obligados, se debe hacer, obligatoriamente, por internet.<\/strong><\/p>\n<p><strong>\u00bfNecesitas asistencia para presentar una instancia por Sede electr\u00f3nica?<\/strong><\/p>\n<p>Si tienes dudas sobre como presentar una solicitud de manera electr\u00f3nica en la sede electr\u00f3nica, puedes ponerte en contacto con <a href=\"https:\/\/mont-roig.cat\/es\/servicio-oac-360\/\" target=\"_blank\" rel=\"noopener\">OAC360\u00ba<\/a> y te ayudar\u00e1n.<\/p>\n<p>OAC360\u00ba es un servicio integral que ofrece apoyo telef\u00f3nico o mediante el correo electr\u00f3nico, para resolver las dudas o las dificultades que los ciudadanos, profesionales, empresas y entidades puedan tener en el uso de la plataforma de tramitaci\u00f3n electr\u00f3nica.<\/p>\n<p>Las personas que no dominan el catal\u00e1n o el castellano podr\u00e1n ser atendidas en su idioma durante la atenci\u00f3n telef\u00f3nica. El servicio dispone de traducci\u00f3n simult\u00e1nea en 41 idiomas diferentes utilizando una APP descargada en el m\u00f3vil.<\/p>\n<p>Para mayor informaci\u00f3n puedes ir al siguiente <a href=\"https:\/\/mont-roig.cat\/es\/servicio-oac-360\/\" target=\"_blank\" rel=\"noopener\">enlace<\/a>.<\/p>\n<p>&nbsp;<\/p>\n","protected":false},"excerpt":{"rendered":"<p>Presentaci\u00f3n de instancias presencialmente Una instancia es un formulario\/documento normalizado para presentar cualquier demanda, tr\u00e1mite o comunicado de forma gen\u00e9rica al Ayuntamiento. La puede presentar cualquier persona (que no est\u00e9 obligada a relacionarse con la administraci\u00f3n a trav\u00e9s de medios electr\u00f3nicos), que quiera comunicar o solicitar cualquier tema al consistorio. El tr\u00e1mite es gratuito. De [&hellip;]<\/p>\n","protected":false},"author":4,"featured_media":0,"parent":9508,"menu_order":0,"comment_status":"closed","ping_status":"closed","template":"","meta":{"inline_featured_image":false,"_monsterinsights_skip_tracking":false,"_monsterinsights_sitenote_active":false,"_monsterinsights_sitenote_note":"","_monsterinsights_sitenote_category":0,"footnotes":""},"class_list":["post-4258","page","type-page","status-publish","hentry"],"yoast_head":"<!-- This site is optimized with the Yoast SEO plugin v27.1.1 - https:\/\/yoast.com\/product\/yoast-seo-wordpress\/ -->\n<title>Tr\u00e1mites e instancias - Ajuntament de Mont-roig del Camp<\/title>\n<meta name=\"robots\" content=\"index, follow, max-snippet:-1, max-image-preview:large, max-video-preview:-1\" \/>\n<link rel=\"canonical\" href=\"https:\/\/mont-roig.cat\/es\/ayuntamiento\/atencion-ciudadana\/tramites-e-instancias\/\" \/>\n<meta property=\"og:locale\" content=\"es_ES\" \/>\n<meta property=\"og:type\" content=\"article\" \/>\n<meta property=\"og:title\" content=\"Tr\u00e1mites e instancias - Ajuntament de Mont-roig del Camp\" \/>\n<meta property=\"og:description\" content=\"Presentaci\u00f3n de instancias presencialmente Una instancia es un formulario\/documento normalizado para presentar cualquier demanda, tr\u00e1mite o comunicado de forma gen\u00e9rica al Ayuntamiento. La puede presentar cualquier persona (que no est\u00e9 obligada a relacionarse con la administraci\u00f3n a trav\u00e9s de medios electr\u00f3nicos), que quiera comunicar o solicitar cualquier tema al consistorio. El tr\u00e1mite es gratuito. De [&hellip;]\" \/>\n<meta property=\"og:url\" content=\"https:\/\/mont-roig.cat\/es\/ayuntamiento\/atencion-ciudadana\/tramites-e-instancias\/\" \/>\n<meta property=\"og:site_name\" content=\"Ajuntament de Mont-roig del Camp\" \/>\n<meta property=\"article:modified_time\" content=\"2024-05-23T09:18:46+00:00\" \/>\n<meta property=\"og:image\" content=\"https:\/\/mont-roig.cat\/wp-content\/uploads\/aj-mont-roig-2.jpg\" \/>\n\t<meta property=\"og:image:width\" content=\"1200\" \/>\n\t<meta property=\"og:image:height\" content=\"600\" \/>\n\t<meta property=\"og:image:type\" content=\"image\/jpeg\" \/>\n<meta name=\"twitter:card\" content=\"summary_large_image\" \/>\n<meta name=\"twitter:label1\" content=\"Tiempo de lectura\" \/>\n\t<meta name=\"twitter:data1\" content=\"3 minutos\" \/>\n<script type=\"application\/ld+json\" class=\"yoast-schema-graph\">{\"@context\":\"https:\/\/schema.org\",\"@graph\":[{\"@type\":\"WebPage\",\"@id\":\"https:\/\/mont-roig.cat\/es\/ayuntamiento\/atencion-ciudadana\/tramites-e-instancias\/\",\"url\":\"https:\/\/mont-roig.cat\/es\/ayuntamiento\/atencion-ciudadana\/tramites-e-instancias\/\",\"name\":\"Tr\u00e1mites e instancias - Ajuntament de Mont-roig del Camp\",\"isPartOf\":{\"@id\":\"https:\/\/mont-roig.cat\/es\/#website\"},\"datePublished\":\"2015-02-02T20:46:54+00:00\",\"dateModified\":\"2024-05-23T09:18:46+00:00\",\"breadcrumb\":{\"@id\":\"https:\/\/mont-roig.cat\/es\/ayuntamiento\/atencion-ciudadana\/tramites-e-instancias\/#breadcrumb\"},\"inLanguage\":\"es\",\"potentialAction\":[{\"@type\":\"ReadAction\",\"target\":[\"https:\/\/mont-roig.cat\/es\/ayuntamiento\/atencion-ciudadana\/tramites-e-instancias\/\"]}]},{\"@type\":\"BreadcrumbList\",\"@id\":\"https:\/\/mont-roig.cat\/es\/ayuntamiento\/atencion-ciudadana\/tramites-e-instancias\/#breadcrumb\",\"itemListElement\":[{\"@type\":\"ListItem\",\"position\":1,\"name\":\"Inici\",\"item\":\"https:\/\/mont-roig.cat\/es\/pagina-de-inicio\/\"},{\"@type\":\"ListItem\",\"position\":2,\"name\":\"Ayuntamiento\",\"item\":\"https:\/\/mont-roig.cat\/es\/ayuntamiento\/\"},{\"@type\":\"ListItem\",\"position\":3,\"name\":\"Atenci\u00f3n ciudadana\",\"item\":\"https:\/\/mont-roig.cat\/es\/ayuntamiento\/atencion-ciudadana\/\"},{\"@type\":\"ListItem\",\"position\":4,\"name\":\"Tr\u00e1mites e instancias\"}]},{\"@type\":\"WebSite\",\"@id\":\"https:\/\/mont-roig.cat\/es\/#website\",\"url\":\"https:\/\/mont-roig.cat\/es\/\",\"name\":\"Ajuntament de Mont-roig del Camp\",\"description\":\"Tota la informaci\u00f3 sobre la instituci\u00f3, els seus \u00f2rgans de govern, actualitat, serveis i molt m\u00e9s.\",\"potentialAction\":[{\"@type\":\"SearchAction\",\"target\":{\"@type\":\"EntryPoint\",\"urlTemplate\":\"https:\/\/mont-roig.cat\/es\/?s={search_term_string}\"},\"query-input\":{\"@type\":\"PropertyValueSpecification\",\"valueRequired\":true,\"valueName\":\"search_term_string\"}}],\"inLanguage\":\"es\"}]}<\/script>\n<!-- \/ Yoast SEO plugin. -->","yoast_head_json":{"title":"Tr\u00e1mites e instancias - Ajuntament de Mont-roig del Camp","robots":{"index":"index","follow":"follow","max-snippet":"max-snippet:-1","max-image-preview":"max-image-preview:large","max-video-preview":"max-video-preview:-1"},"canonical":"https:\/\/mont-roig.cat\/es\/ayuntamiento\/atencion-ciudadana\/tramites-e-instancias\/","og_locale":"es_ES","og_type":"article","og_title":"Tr\u00e1mites e instancias - Ajuntament de Mont-roig del Camp","og_description":"Presentaci\u00f3n de instancias presencialmente Una instancia es un formulario\/documento normalizado para presentar cualquier demanda, tr\u00e1mite o comunicado de forma gen\u00e9rica al Ayuntamiento. La puede presentar cualquier persona (que no est\u00e9 obligada a relacionarse con la administraci\u00f3n a trav\u00e9s de medios electr\u00f3nicos), que quiera comunicar o solicitar cualquier tema al consistorio. El tr\u00e1mite es gratuito. De [&hellip;]","og_url":"https:\/\/mont-roig.cat\/es\/ayuntamiento\/atencion-ciudadana\/tramites-e-instancias\/","og_site_name":"Ajuntament de Mont-roig del Camp","article_modified_time":"2024-05-23T09:18:46+00:00","og_image":[{"width":1200,"height":600,"url":"https:\/\/mont-roig.cat\/wp-content\/uploads\/aj-mont-roig-2.jpg","type":"image\/jpeg"}],"twitter_card":"summary_large_image","twitter_misc":{"Tiempo de lectura":"3 minutos"},"schema":{"@context":"https:\/\/schema.org","@graph":[{"@type":"WebPage","@id":"https:\/\/mont-roig.cat\/es\/ayuntamiento\/atencion-ciudadana\/tramites-e-instancias\/","url":"https:\/\/mont-roig.cat\/es\/ayuntamiento\/atencion-ciudadana\/tramites-e-instancias\/","name":"Tr\u00e1mites e instancias - Ajuntament de Mont-roig del Camp","isPartOf":{"@id":"https:\/\/mont-roig.cat\/es\/#website"},"datePublished":"2015-02-02T20:46:54+00:00","dateModified":"2024-05-23T09:18:46+00:00","breadcrumb":{"@id":"https:\/\/mont-roig.cat\/es\/ayuntamiento\/atencion-ciudadana\/tramites-e-instancias\/#breadcrumb"},"inLanguage":"es","potentialAction":[{"@type":"ReadAction","target":["https:\/\/mont-roig.cat\/es\/ayuntamiento\/atencion-ciudadana\/tramites-e-instancias\/"]}]},{"@type":"BreadcrumbList","@id":"https:\/\/mont-roig.cat\/es\/ayuntamiento\/atencion-ciudadana\/tramites-e-instancias\/#breadcrumb","itemListElement":[{"@type":"ListItem","position":1,"name":"Inici","item":"https:\/\/mont-roig.cat\/es\/pagina-de-inicio\/"},{"@type":"ListItem","position":2,"name":"Ayuntamiento","item":"https:\/\/mont-roig.cat\/es\/ayuntamiento\/"},{"@type":"ListItem","position":3,"name":"Atenci\u00f3n ciudadana","item":"https:\/\/mont-roig.cat\/es\/ayuntamiento\/atencion-ciudadana\/"},{"@type":"ListItem","position":4,"name":"Tr\u00e1mites e instancias"}]},{"@type":"WebSite","@id":"https:\/\/mont-roig.cat\/es\/#website","url":"https:\/\/mont-roig.cat\/es\/","name":"Ajuntament de Mont-roig del Camp","description":"Tota la informaci\u00f3 sobre la instituci\u00f3, els seus \u00f2rgans de govern, actualitat, serveis i molt m\u00e9s.","potentialAction":[{"@type":"SearchAction","target":{"@type":"EntryPoint","urlTemplate":"https:\/\/mont-roig.cat\/es\/?s={search_term_string}"},"query-input":{"@type":"PropertyValueSpecification","valueRequired":true,"valueName":"search_term_string"}}],"inLanguage":"es"}]}},"_links":{"self":[{"href":"https:\/\/mont-roig.cat\/es\/wp-json\/wp\/v2\/pages\/4258","targetHints":{"allow":["GET"]}}],"collection":[{"href":"https:\/\/mont-roig.cat\/es\/wp-json\/wp\/v2\/pages"}],"about":[{"href":"https:\/\/mont-roig.cat\/es\/wp-json\/wp\/v2\/types\/page"}],"author":[{"embeddable":true,"href":"https:\/\/mont-roig.cat\/es\/wp-json\/wp\/v2\/users\/4"}],"replies":[{"embeddable":true,"href":"https:\/\/mont-roig.cat\/es\/wp-json\/wp\/v2\/comments?post=4258"}],"version-history":[{"count":15,"href":"https:\/\/mont-roig.cat\/es\/wp-json\/wp\/v2\/pages\/4258\/revisions"}],"predecessor-version":[{"id":76565,"href":"https:\/\/mont-roig.cat\/es\/wp-json\/wp\/v2\/pages\/4258\/revisions\/76565"}],"up":[{"embeddable":true,"href":"https:\/\/mont-roig.cat\/es\/wp-json\/wp\/v2\/pages\/9508"}],"wp:attachment":[{"href":"https:\/\/mont-roig.cat\/es\/wp-json\/wp\/v2\/media?parent=4258"}],"curies":[{"name":"wp","href":"https:\/\/api.w.org\/{rel}","templated":true}]}}