{"id":4260,"date":"2015-02-02T20:47:11","date_gmt":"2015-02-02T20:47:11","guid":{"rendered":""},"modified":"2025-09-23T12:55:00","modified_gmt":"2025-09-23T10:55:00","slug":"normativa-municipal","status":"publish","type":"page","link":"https:\/\/mont-roig.cat\/es\/ayuntamiento\/funcionament\/normativa-municipal\/","title":{"rendered":"Normativa municipal"},"content":{"rendered":"<div class=\"wpb-content-wrapper\">[vc_row][vc_column][vc_toggle title=&#8221;ORDENANZAS REGULADORAS Y REGLAMENTOS MUNICIPALES&#8221; css=&#8221;&#8221;]Las ordenanzas reguladoras y los reglamentos son instrumentos jur\u00eddicos utilizados por las administraciones p\u00fablicas, especialmente por los ayuntamientos y otras entidades locales, para establecer normas dentro de su \u00e1mbito de competencia.<\/p>\n<p>Las encontrar\u00e9is en el siguiente <a href=\"https:\/\/www.seu-e.cat\/es\/web\/mont-roigdelcamp\/govern-obert-i-transparencia\/accio-de-govern-i-normativa\/normativa-plans-i-programes\/ordenances-reguladores-i-reglaments\" target=\"_blank\" rel=\"noopener\">enlace<\/a>.[\/vc_toggle][\/vc_column][\/vc_row][vc_row][vc_column][vc_toggle title=&#8221;PLAN NORMATIVO&#8221; css=&#8221;&#8221;]En este apartado encontrar\u00e1s todas las propuestas de ordenanzas y reglamentos que deben ser aprobadas y\/o modificadas durante el pr\u00f3ximo a\u00f1o.<\/p>\n<ul>\n<li>Cons\u00faltalo en el siguiente <a href=\"https:\/\/www.seu-e.cat\/es\/web\/mont-roigdelcamp\/govern-obert-i-transparencia\/accio-de-govern-i-normativa\/normativa-plans-i-programes\/pla-anual-normatiu\" target=\"_blank\" rel=\"noopener\">enlace<\/a>.<\/li>\n<\/ul>\n[\/vc_toggle][\/vc_column][\/vc_row][vc_row][vc_column][vc_toggle title=&#8221;PLANES Y PROGRAMAS DESTACADOS SOBRE LAS POL\u00cdTICAS P\u00daBLICAS&#8221; css=&#8221;&#8221;]En este apartado encontrar\u00e1s planes o programas, anuales o plurianuales, que establezcan las directrices estrat\u00e9gicas de las pol\u00edticas p\u00fablicas.<\/p>\n<ul>\n<li>Cons\u00faltalo en el siguiente <a href=\"https:\/\/www.seu-e.cat\/es\/web\/mont-roigdelcamp\/govern-obert-i-transparencia\/accio-de-govern-i-normativa\/normativa-plans-i-programes\/plans-i-programes-sobre-les-politiques-publiques\" target=\"_blank\" rel=\"noopener\">enlace<\/a>.<\/li>\n<\/ul>\n[\/vc_toggle][\/vc_column][\/vc_row][vc_row][vc_column][vc_toggle title=&#8221;RESOLUCIONES ADMINISTRATIVAS Y JUDICIALES RELEVANTES&#8221; css=&#8221;&#8221;]En este apartado se da cuenta de la participaci\u00f3n de este ente en procedimientos administrativos o judiciales que hayan tenido relevancia p\u00fablica.<\/p>\n<ul>\n<li>Cons\u00faltalo en el siguiente <a href=\"https:\/\/www.seu-e.cat\/es\/web\/mont-roigdelcamp\/govern-obert-i-transparencia\/accio-de-govern-i-normativa\/accio-de-govern-i-grups-politics\/resolucions-administratives-judicials-i-rellevants\" target=\"_blank\" rel=\"noopener\">enlace<\/a>.<\/li>\n<\/ul>\n[\/vc_toggle][\/vc_column][\/vc_row][vc_row][vc_column][vc_column_text][\/vc_column_text][\/vc_column][\/vc_row]\n<\/div>","protected":false},"excerpt":{"rendered":"<p>[vc_row][vc_column][vc_toggle title=&#8221;ORDENANZAS REGULADORAS Y REGLAMENTOS MUNICIPALES&#8221; css=&#8221;&#8221;]Las ordenanzas reguladoras y los reglamentos son instrumentos jur\u00eddicos utilizados por las administraciones p\u00fablicas, especialmente por los ayuntamientos y otras entidades locales, para establecer normas dentro de su \u00e1mbito de competencia. Las encontrar\u00e9is en el siguiente enlace.[\/vc_toggle][\/vc_column][\/vc_row][vc_row][vc_column][vc_toggle title=&#8221;PLAN NORMATIVO&#8221; css=&#8221;&#8221;]En este apartado encontrar\u00e1s todas las propuestas de ordenanzas y [&hellip;]<\/p>\n","protected":false},"author":4,"featured_media":0,"parent":8961,"menu_order":0,"comment_status":"closed","ping_status":"closed","template":"","meta":{"inline_featured_image":false,"_monsterinsights_skip_tracking":false,"_monsterinsights_sitenote_active":false,"_monsterinsights_sitenote_note":"","_monsterinsights_sitenote_category":0,"footnotes":""},"class_list":["post-4260","page","type-page","status-publish","hentry"],"yoast_head":"<!-- This site is optimized with the Yoast SEO plugin v27.4 - https:\/\/yoast.com\/product\/yoast-seo-wordpress\/ -->\n<title>Normativa municipal - Ajuntament de Mont-roig del Camp<\/title>\n<meta name=\"robots\" content=\"index, follow, max-snippet:-1, max-image-preview:large, max-video-preview:-1\" \/>\n<link rel=\"canonical\" href=\"https:\/\/mont-roig.cat\/es\/ayuntamiento\/funcionament\/normativa-municipal\/\" \/>\n<meta property=\"og:locale\" content=\"es_ES\" \/>\n<meta property=\"og:type\" content=\"article\" \/>\n<meta property=\"og:title\" content=\"Normativa municipal - Ajuntament de Mont-roig del Camp\" \/>\n<meta property=\"og:description\" content=\"[vc_row][vc_column][vc_toggle title=&#8221;ORDENANZAS REGULADORAS Y REGLAMENTOS MUNICIPALES&#8221; css=&#8221;&#8221;]Las ordenanzas reguladoras y los reglamentos son instrumentos jur\u00eddicos utilizados por las administraciones p\u00fablicas, especialmente por los ayuntamientos y otras entidades locales, para establecer normas dentro de su \u00e1mbito de competencia. Las encontrar\u00e9is en el siguiente enlace.[\/vc_toggle][\/vc_column][\/vc_row][vc_row][vc_column][vc_toggle title=&#8221;PLAN NORMATIVO&#8221; css=&#8221;&#8221;]En este apartado encontrar\u00e1s todas las propuestas de ordenanzas y [&hellip;]\" \/>\n<meta property=\"og:url\" content=\"https:\/\/mont-roig.cat\/es\/ayuntamiento\/funcionament\/normativa-municipal\/\" \/>\n<meta property=\"og:site_name\" content=\"Ajuntament de Mont-roig del Camp\" \/>\n<meta property=\"article:modified_time\" content=\"2025-09-23T10:55:00+00:00\" \/>\n<meta property=\"og:image\" content=\"https:\/\/mont-roig.cat\/wp-content\/uploads\/aj-mont-roig-2.jpg\" \/>\n\t<meta property=\"og:image:width\" content=\"1200\" \/>\n\t<meta property=\"og:image:height\" content=\"600\" \/>\n\t<meta property=\"og:image:type\" content=\"image\/jpeg\" \/>\n<meta name=\"twitter:card\" content=\"summary_large_image\" \/>\n<meta name=\"twitter:label1\" content=\"Tiempo de lectura\" \/>\n\t<meta name=\"twitter:data1\" content=\"1 minuto\" \/>\n<script type=\"application\/ld+json\" class=\"yoast-schema-graph\">{\"@context\":\"https:\\\/\\\/schema.org\",\"@graph\":[{\"@type\":\"WebPage\",\"@id\":\"https:\\\/\\\/mont-roig.cat\\\/es\\\/ayuntamiento\\\/funcionament\\\/normativa-municipal\\\/\",\"url\":\"https:\\\/\\\/mont-roig.cat\\\/es\\\/ayuntamiento\\\/funcionament\\\/normativa-municipal\\\/\",\"name\":\"Normativa municipal - Ajuntament de Mont-roig del Camp\",\"isPartOf\":{\"@id\":\"https:\\\/\\\/mont-roig.cat\\\/es\\\/#website\"},\"datePublished\":\"2015-02-02T20:47:11+00:00\",\"dateModified\":\"2025-09-23T10:55:00+00:00\",\"breadcrumb\":{\"@id\":\"https:\\\/\\\/mont-roig.cat\\\/es\\\/ayuntamiento\\\/funcionament\\\/normativa-municipal\\\/#breadcrumb\"},\"inLanguage\":\"es\",\"potentialAction\":[{\"@type\":\"ReadAction\",\"target\":[\"https:\\\/\\\/mont-roig.cat\\\/es\\\/ayuntamiento\\\/funcionament\\\/normativa-municipal\\\/\"]}]},{\"@type\":\"BreadcrumbList\",\"@id\":\"https:\\\/\\\/mont-roig.cat\\\/es\\\/ayuntamiento\\\/funcionament\\\/normativa-municipal\\\/#breadcrumb\",\"itemListElement\":[{\"@type\":\"ListItem\",\"position\":1,\"name\":\"Inici\",\"item\":\"https:\\\/\\\/mont-roig.cat\\\/es\\\/pagina-de-inicio\\\/\"},{\"@type\":\"ListItem\",\"position\":2,\"name\":\"Ayuntamiento\",\"item\":\"https:\\\/\\\/mont-roig.cat\\\/es\\\/ayuntamiento\\\/\"},{\"@type\":\"ListItem\",\"position\":3,\"name\":\"Funcionamento\",\"item\":\"https:\\\/\\\/mont-roig.cat\\\/es\\\/ayuntamiento\\\/funcionament\\\/\"},{\"@type\":\"ListItem\",\"position\":4,\"name\":\"Normativa municipal\"}]},{\"@type\":\"WebSite\",\"@id\":\"https:\\\/\\\/mont-roig.cat\\\/es\\\/#website\",\"url\":\"https:\\\/\\\/mont-roig.cat\\\/es\\\/\",\"name\":\"Ajuntament de Mont-roig del Camp\",\"description\":\"Tota la informaci\u00f3 sobre la instituci\u00f3, els seus \u00f2rgans de govern, actualitat, serveis i molt m\u00e9s.\",\"potentialAction\":[{\"@type\":\"SearchAction\",\"target\":{\"@type\":\"EntryPoint\",\"urlTemplate\":\"https:\\\/\\\/mont-roig.cat\\\/es\\\/?s={search_term_string}\"},\"query-input\":{\"@type\":\"PropertyValueSpecification\",\"valueRequired\":true,\"valueName\":\"search_term_string\"}}],\"inLanguage\":\"es\"}]}<\/script>\n<!-- \/ Yoast SEO plugin. -->","yoast_head_json":{"title":"Normativa municipal - Ajuntament de Mont-roig del Camp","robots":{"index":"index","follow":"follow","max-snippet":"max-snippet:-1","max-image-preview":"max-image-preview:large","max-video-preview":"max-video-preview:-1"},"canonical":"https:\/\/mont-roig.cat\/es\/ayuntamiento\/funcionament\/normativa-municipal\/","og_locale":"es_ES","og_type":"article","og_title":"Normativa municipal - Ajuntament de Mont-roig del Camp","og_description":"[vc_row][vc_column][vc_toggle title=&#8221;ORDENANZAS REGULADORAS Y REGLAMENTOS MUNICIPALES&#8221; css=&#8221;&#8221;]Las ordenanzas reguladoras y los reglamentos son instrumentos jur\u00eddicos utilizados por las administraciones p\u00fablicas, especialmente por los ayuntamientos y otras entidades locales, para establecer normas dentro de su \u00e1mbito de competencia. Las encontrar\u00e9is en el siguiente enlace.[\/vc_toggle][\/vc_column][\/vc_row][vc_row][vc_column][vc_toggle title=&#8221;PLAN NORMATIVO&#8221; css=&#8221;&#8221;]En este apartado encontrar\u00e1s todas las propuestas de ordenanzas y [&hellip;]","og_url":"https:\/\/mont-roig.cat\/es\/ayuntamiento\/funcionament\/normativa-municipal\/","og_site_name":"Ajuntament de Mont-roig del Camp","article_modified_time":"2025-09-23T10:55:00+00:00","og_image":[{"width":1200,"height":600,"url":"https:\/\/mont-roig.cat\/wp-content\/uploads\/aj-mont-roig-2.jpg","type":"image\/jpeg"}],"twitter_card":"summary_large_image","twitter_misc":{"Tiempo de lectura":"1 minuto"},"schema":{"@context":"https:\/\/schema.org","@graph":[{"@type":"WebPage","@id":"https:\/\/mont-roig.cat\/es\/ayuntamiento\/funcionament\/normativa-municipal\/","url":"https:\/\/mont-roig.cat\/es\/ayuntamiento\/funcionament\/normativa-municipal\/","name":"Normativa municipal - Ajuntament de Mont-roig del Camp","isPartOf":{"@id":"https:\/\/mont-roig.cat\/es\/#website"},"datePublished":"2015-02-02T20:47:11+00:00","dateModified":"2025-09-23T10:55:00+00:00","breadcrumb":{"@id":"https:\/\/mont-roig.cat\/es\/ayuntamiento\/funcionament\/normativa-municipal\/#breadcrumb"},"inLanguage":"es","potentialAction":[{"@type":"ReadAction","target":["https:\/\/mont-roig.cat\/es\/ayuntamiento\/funcionament\/normativa-municipal\/"]}]},{"@type":"BreadcrumbList","@id":"https:\/\/mont-roig.cat\/es\/ayuntamiento\/funcionament\/normativa-municipal\/#breadcrumb","itemListElement":[{"@type":"ListItem","position":1,"name":"Inici","item":"https:\/\/mont-roig.cat\/es\/pagina-de-inicio\/"},{"@type":"ListItem","position":2,"name":"Ayuntamiento","item":"https:\/\/mont-roig.cat\/es\/ayuntamiento\/"},{"@type":"ListItem","position":3,"name":"Funcionamento","item":"https:\/\/mont-roig.cat\/es\/ayuntamiento\/funcionament\/"},{"@type":"ListItem","position":4,"name":"Normativa municipal"}]},{"@type":"WebSite","@id":"https:\/\/mont-roig.cat\/es\/#website","url":"https:\/\/mont-roig.cat\/es\/","name":"Ajuntament de Mont-roig del Camp","description":"Tota la informaci\u00f3 sobre la instituci\u00f3, els seus \u00f2rgans de govern, actualitat, serveis i molt m\u00e9s.","potentialAction":[{"@type":"SearchAction","target":{"@type":"EntryPoint","urlTemplate":"https:\/\/mont-roig.cat\/es\/?s={search_term_string}"},"query-input":{"@type":"PropertyValueSpecification","valueRequired":true,"valueName":"search_term_string"}}],"inLanguage":"es"}]}},"_links":{"self":[{"href":"https:\/\/mont-roig.cat\/es\/wp-json\/wp\/v2\/pages\/4260","targetHints":{"allow":["GET"]}}],"collection":[{"href":"https:\/\/mont-roig.cat\/es\/wp-json\/wp\/v2\/pages"}],"about":[{"href":"https:\/\/mont-roig.cat\/es\/wp-json\/wp\/v2\/types\/page"}],"author":[{"embeddable":true,"href":"https:\/\/mont-roig.cat\/es\/wp-json\/wp\/v2\/users\/4"}],"replies":[{"embeddable":true,"href":"https:\/\/mont-roig.cat\/es\/wp-json\/wp\/v2\/comments?post=4260"}],"version-history":[{"count":79,"href":"https:\/\/mont-roig.cat\/es\/wp-json\/wp\/v2\/pages\/4260\/revisions"}],"predecessor-version":[{"id":85665,"href":"https:\/\/mont-roig.cat\/es\/wp-json\/wp\/v2\/pages\/4260\/revisions\/85665"}],"up":[{"embeddable":true,"href":"https:\/\/mont-roig.cat\/es\/wp-json\/wp\/v2\/pages\/8961"}],"wp:attachment":[{"href":"https:\/\/mont-roig.cat\/es\/wp-json\/wp\/v2\/media?parent=4260"}],"curies":[{"name":"wp","href":"https:\/\/api.w.org\/{rel}","templated":true}]}}