{"id":4262,"date":"2015-03-19T11:02:41","date_gmt":"2015-03-19T11:02:41","guid":{"rendered":""},"modified":"2026-03-04T09:16:54","modified_gmt":"2026-03-04T08:16:54","slug":"ordenanzas-fiscales","status":"publish","type":"page","link":"https:\/\/mont-roig.cat\/es\/ayuntamiento\/funcionament\/normativa-municipal\/ordenanzas-fiscales\/","title":{"rendered":"Ordenanzas fiscales"},"content":{"rendered":"<div class=\"wpb-content-wrapper\">[vc_row][vc_column][vc_column_text css=&#8221;&#8221;]\n<div class=\"body\">\n<p>La Ley reguladora de las haciendas locales establece cu\u00e1les son los tributos que los ciudadanos deben pagar a sus ayuntamientos. Cada a\u00f1o los consistorios actualizan sus importes para adecuar el nivel de ingresos a las necesidades del municipio. El objetivo es poder ofrecer los servicios que los ciudadanos requieren y hacer las inversiones necesarias para el crecimiento y modernidad del municipio.<\/p>\n<ul>\n<li><a href=\"https:\/\/mont-roig.cat\/wp-content\/uploads\/Ordenanzas-Fiscales-2026.pdf\" target=\"_blank\" rel=\"noopener\">Bloque Ordenanzas Fiscales 2026<\/a><\/li>\n<li><a href=\"https:\/\/mont-roig.cat\/wp-content\/uploads\/Ordenanzas-Fiscales-2025.pdf\" target=\"_blank\" rel=\"noopener\">Bloque ordenanzas fiscales 2025<\/a><\/li>\n<li><a href=\"https:\/\/www.seu-e.cat\/ca\/web\/mont-roigdelcamp\/govern-obert-i-transparencia\/accio-de-govern-i-normativa\/normativa-plans-i-programes\/ordenances-fiscals\" target=\"_blank\" rel=\"noopener\">Modificaci\u00f3n ordenanzas fiscales 2024<\/a><\/li>\n<li><a href=\"https:\/\/mont-roig.cat\/wp-content\/uploads\/Ordenances-Fiscals-2024.pdf\" target=\"_blank\" rel=\"noopener\">Bloque ordenanzas fiscales 2024<\/a><\/li>\n<li><a href=\"https:\/\/mont-roig.cat\/wp-content\/uploads\/Ordenances-fiscals-2023-1.pdf\" target=\"_blank\" rel=\"noopener\">Bloque ordenanzas fiscales 2023<\/a><\/li>\n<li><a href=\"https:\/\/mont-roig.cat\/wp-content\/uploads\/Modificacio-de-lOrdenanca-fiscal-num.-5-de-lIIVTNU..pdf\" target=\"_blank\" rel=\"noopener\">Modificaci\u00f3n de la Ordenanza fiscal n\u00fam. 5 del Incremento de valor de los terrenos de naturaleza urbana<\/a><\/li>\n<li><a href=\"https:\/\/mont-roig.cat\/wp-content\/uploads\/Blocs-orednances-fiscal-2022.pdf\" target=\"_blank\" rel=\"noopener\">Bloque ordenanzas fiscales 2022<\/a><\/li>\n<li><a href=\"https:\/\/mont-roig.cat\/wp-content\/uploads\/Ordenances-fiscals-2021.pdf\" target=\"_blank\" rel=\"noopener\">Bloque ordenanzas fiscales 2021<\/a><\/li>\n<li><a href=\"https:\/\/mont-roig.cat\/wp-content\/uploads\/ordenances-fiscals-2020.pdf\" target=\"_blank\" rel=\"noopener noreferrer\">Bloque ordenanzas fiscales 2020<\/a><\/li>\n<li><a href=\"https:\/\/mont-roig.cat\/wp-content\/uploads\/ordenances-fiscals-2019-v1.pdf\" target=\"_blank\" rel=\"noopener noreferrer\">Bloque ordenanzas fiscales 2019<\/a><\/li>\n<li><a href=\"https:\/\/mont-roig.cat\/wp-content\/uploads\/ordenances-fiscals-2018-v2.pdf\" target=\"_blank\" rel=\"noopener noreferrer\">Bloque ordenanzas fiscales 2018<\/a><\/li>\n<li><a href=\"http:\/\/mont-roig.cat\/wp-content\/uploads\/Ordenances-fiscals-2017-1.pdf\" target=\"_blank\" rel=\"noopener noreferrer\">Bloque ordenanzas fiscales 2017<\/a><\/li>\n<li><a href=\"http:\/\/mont-roig.cat\/wp-content\/uploads\/ordenances-fiscals-2016.pdf\" target=\"_blank\" rel=\"noopener noreferrer\">Bloque ordenanzas fiscales 2016<\/a><\/li>\n<li><a title=\"bloc_ordenances_fiscals_2015.pdf\" href=\"http:\/\/mont-roig.cat\/wp-content\/uploads\/bloc_ordenances_fiscals_2015.pdf\" target=\"_blank\" rel=\"noopener noreferrer\">Bloque ordenanzas fiscales 2015<\/a><\/li>\n<li><a title=\"ordenancesfiscals2014.pdf\" href=\"http:\/\/mont-roig.cat\/wp-content\/uploads\/ordenancesfiscals2014.pdf\" target=\"_blank\" rel=\"noopener noreferrer\">Bloque ordenanzas fiscales 2014<\/a><\/li>\n<li><a title=\"ordenancesfiscals2013.pdf\" href=\"http:\/\/mont-roig.cat\/wp-content\/uploads\/ordenancesfiscals2013.pdf\" target=\"_blank\" rel=\"noopener noreferrer\">Bloque ordenanzas fiscales 2013<\/a><\/li>\n<li><a title=\"ordenancesfiscals2012.pdf\" href=\"http:\/\/mont-roig.cat\/wp-content\/uploads\/ordenancesfiscals2012.pdf\" target=\"_blank\" rel=\"noopener noreferrer\">Bloque ordenanzas fiscales 2012<\/a><\/li>\n<\/ul>\n<\/div>\n[\/vc_column_text][\/vc_column][\/vc_row]\n<\/div>","protected":false},"excerpt":{"rendered":"<p>[vc_row][vc_column][vc_column_text css=&#8221;&#8221;] La Ley reguladora de las haciendas locales establece cu\u00e1les son los tributos que los ciudadanos deben pagar a sus ayuntamientos. Cada a\u00f1o los consistorios actualizan sus importes para adecuar el nivel de ingresos a las necesidades del municipio. El objetivo es poder ofrecer los servicios que los ciudadanos requieren y hacer las inversiones [&hellip;]<\/p>\n","protected":false},"author":4,"featured_media":0,"parent":4260,"menu_order":0,"comment_status":"closed","ping_status":"closed","template":"","meta":{"inline_featured_image":false,"_monsterinsights_skip_tracking":false,"_monsterinsights_sitenote_active":false,"_monsterinsights_sitenote_note":"","_monsterinsights_sitenote_category":0,"footnotes":""},"class_list":["post-4262","page","type-page","status-publish","hentry"],"yoast_head":"<!-- This site is optimized with the Yoast SEO plugin v27.4 - https:\/\/yoast.com\/product\/yoast-seo-wordpress\/ -->\n<title>Ordenanzas fiscales - Ajuntament de Mont-roig del Camp<\/title>\n<meta name=\"robots\" content=\"index, follow, max-snippet:-1, max-image-preview:large, max-video-preview:-1\" \/>\n<link rel=\"canonical\" href=\"https:\/\/mont-roig.cat\/es\/ayuntamiento\/funcionament\/normativa-municipal\/ordenanzas-fiscales\/\" \/>\n<meta property=\"og:locale\" content=\"es_ES\" \/>\n<meta property=\"og:type\" content=\"article\" \/>\n<meta property=\"og:title\" content=\"Ordenanzas fiscales - Ajuntament de Mont-roig del Camp\" \/>\n<meta property=\"og:description\" content=\"[vc_row][vc_column][vc_column_text css=&#8221;&#8221;] La Ley reguladora de las haciendas locales establece cu\u00e1les son los tributos que los ciudadanos deben pagar a sus ayuntamientos. Cada a\u00f1o los consistorios actualizan sus importes para adecuar el nivel de ingresos a las necesidades del municipio. El objetivo es poder ofrecer los servicios que los ciudadanos requieren y hacer las inversiones [&hellip;]\" \/>\n<meta property=\"og:url\" content=\"https:\/\/mont-roig.cat\/es\/ayuntamiento\/funcionament\/normativa-municipal\/ordenanzas-fiscales\/\" \/>\n<meta property=\"og:site_name\" content=\"Ajuntament de Mont-roig del Camp\" \/>\n<meta property=\"article:modified_time\" content=\"2026-03-04T08:16:54+00:00\" \/>\n<meta property=\"og:image\" content=\"https:\/\/mont-roig.cat\/wp-content\/uploads\/aj-mont-roig-2.jpg\" \/>\n\t<meta property=\"og:image:width\" content=\"1200\" \/>\n\t<meta property=\"og:image:height\" content=\"600\" \/>\n\t<meta property=\"og:image:type\" content=\"image\/jpeg\" \/>\n<meta name=\"twitter:card\" content=\"summary_large_image\" \/>\n<meta name=\"twitter:label1\" content=\"Tiempo de lectura\" \/>\n\t<meta name=\"twitter:data1\" content=\"1 minuto\" \/>\n<script type=\"application\/ld+json\" class=\"yoast-schema-graph\">{\"@context\":\"https:\\\/\\\/schema.org\",\"@graph\":[{\"@type\":\"WebPage\",\"@id\":\"https:\\\/\\\/mont-roig.cat\\\/es\\\/ayuntamiento\\\/funcionament\\\/normativa-municipal\\\/ordenanzas-fiscales\\\/\",\"url\":\"https:\\\/\\\/mont-roig.cat\\\/es\\\/ayuntamiento\\\/funcionament\\\/normativa-municipal\\\/ordenanzas-fiscales\\\/\",\"name\":\"Ordenanzas fiscales - Ajuntament de Mont-roig del Camp\",\"isPartOf\":{\"@id\":\"https:\\\/\\\/mont-roig.cat\\\/es\\\/#website\"},\"datePublished\":\"2015-03-19T11:02:41+00:00\",\"dateModified\":\"2026-03-04T08:16:54+00:00\",\"breadcrumb\":{\"@id\":\"https:\\\/\\\/mont-roig.cat\\\/es\\\/ayuntamiento\\\/funcionament\\\/normativa-municipal\\\/ordenanzas-fiscales\\\/#breadcrumb\"},\"inLanguage\":\"es\",\"potentialAction\":[{\"@type\":\"ReadAction\",\"target\":[\"https:\\\/\\\/mont-roig.cat\\\/es\\\/ayuntamiento\\\/funcionament\\\/normativa-municipal\\\/ordenanzas-fiscales\\\/\"]}]},{\"@type\":\"BreadcrumbList\",\"@id\":\"https:\\\/\\\/mont-roig.cat\\\/es\\\/ayuntamiento\\\/funcionament\\\/normativa-municipal\\\/ordenanzas-fiscales\\\/#breadcrumb\",\"itemListElement\":[{\"@type\":\"ListItem\",\"position\":1,\"name\":\"Inici\",\"item\":\"https:\\\/\\\/mont-roig.cat\\\/es\\\/pagina-de-inicio\\\/\"},{\"@type\":\"ListItem\",\"position\":2,\"name\":\"Ayuntamiento\",\"item\":\"https:\\\/\\\/mont-roig.cat\\\/es\\\/ayuntamiento\\\/\"},{\"@type\":\"ListItem\",\"position\":3,\"name\":\"Funcionamento\",\"item\":\"https:\\\/\\\/mont-roig.cat\\\/es\\\/ayuntamiento\\\/funcionament\\\/\"},{\"@type\":\"ListItem\",\"position\":4,\"name\":\"Normativa municipal\",\"item\":\"https:\\\/\\\/mont-roig.cat\\\/es\\\/ayuntamiento\\\/funcionament\\\/normativa-municipal\\\/\"},{\"@type\":\"ListItem\",\"position\":5,\"name\":\"Ordenanzas fiscales\"}]},{\"@type\":\"WebSite\",\"@id\":\"https:\\\/\\\/mont-roig.cat\\\/es\\\/#website\",\"url\":\"https:\\\/\\\/mont-roig.cat\\\/es\\\/\",\"name\":\"Ajuntament de Mont-roig del Camp\",\"description\":\"Tota la informaci\u00f3 sobre la instituci\u00f3, els seus \u00f2rgans de govern, actualitat, serveis i molt m\u00e9s.\",\"potentialAction\":[{\"@type\":\"SearchAction\",\"target\":{\"@type\":\"EntryPoint\",\"urlTemplate\":\"https:\\\/\\\/mont-roig.cat\\\/es\\\/?s={search_term_string}\"},\"query-input\":{\"@type\":\"PropertyValueSpecification\",\"valueRequired\":true,\"valueName\":\"search_term_string\"}}],\"inLanguage\":\"es\"}]}<\/script>\n<!-- \/ Yoast SEO plugin. -->","yoast_head_json":{"title":"Ordenanzas fiscales - Ajuntament de Mont-roig del Camp","robots":{"index":"index","follow":"follow","max-snippet":"max-snippet:-1","max-image-preview":"max-image-preview:large","max-video-preview":"max-video-preview:-1"},"canonical":"https:\/\/mont-roig.cat\/es\/ayuntamiento\/funcionament\/normativa-municipal\/ordenanzas-fiscales\/","og_locale":"es_ES","og_type":"article","og_title":"Ordenanzas fiscales - Ajuntament de Mont-roig del Camp","og_description":"[vc_row][vc_column][vc_column_text css=&#8221;&#8221;] La Ley reguladora de las haciendas locales establece cu\u00e1les son los tributos que los ciudadanos deben pagar a sus ayuntamientos. Cada a\u00f1o los consistorios actualizan sus importes para adecuar el nivel de ingresos a las necesidades del municipio. El objetivo es poder ofrecer los servicios que los ciudadanos requieren y hacer las inversiones [&hellip;]","og_url":"https:\/\/mont-roig.cat\/es\/ayuntamiento\/funcionament\/normativa-municipal\/ordenanzas-fiscales\/","og_site_name":"Ajuntament de Mont-roig del Camp","article_modified_time":"2026-03-04T08:16:54+00:00","og_image":[{"width":1200,"height":600,"url":"https:\/\/mont-roig.cat\/wp-content\/uploads\/aj-mont-roig-2.jpg","type":"image\/jpeg"}],"twitter_card":"summary_large_image","twitter_misc":{"Tiempo de lectura":"1 minuto"},"schema":{"@context":"https:\/\/schema.org","@graph":[{"@type":"WebPage","@id":"https:\/\/mont-roig.cat\/es\/ayuntamiento\/funcionament\/normativa-municipal\/ordenanzas-fiscales\/","url":"https:\/\/mont-roig.cat\/es\/ayuntamiento\/funcionament\/normativa-municipal\/ordenanzas-fiscales\/","name":"Ordenanzas fiscales - Ajuntament de Mont-roig del Camp","isPartOf":{"@id":"https:\/\/mont-roig.cat\/es\/#website"},"datePublished":"2015-03-19T11:02:41+00:00","dateModified":"2026-03-04T08:16:54+00:00","breadcrumb":{"@id":"https:\/\/mont-roig.cat\/es\/ayuntamiento\/funcionament\/normativa-municipal\/ordenanzas-fiscales\/#breadcrumb"},"inLanguage":"es","potentialAction":[{"@type":"ReadAction","target":["https:\/\/mont-roig.cat\/es\/ayuntamiento\/funcionament\/normativa-municipal\/ordenanzas-fiscales\/"]}]},{"@type":"BreadcrumbList","@id":"https:\/\/mont-roig.cat\/es\/ayuntamiento\/funcionament\/normativa-municipal\/ordenanzas-fiscales\/#breadcrumb","itemListElement":[{"@type":"ListItem","position":1,"name":"Inici","item":"https:\/\/mont-roig.cat\/es\/pagina-de-inicio\/"},{"@type":"ListItem","position":2,"name":"Ayuntamiento","item":"https:\/\/mont-roig.cat\/es\/ayuntamiento\/"},{"@type":"ListItem","position":3,"name":"Funcionamento","item":"https:\/\/mont-roig.cat\/es\/ayuntamiento\/funcionament\/"},{"@type":"ListItem","position":4,"name":"Normativa municipal","item":"https:\/\/mont-roig.cat\/es\/ayuntamiento\/funcionament\/normativa-municipal\/"},{"@type":"ListItem","position":5,"name":"Ordenanzas fiscales"}]},{"@type":"WebSite","@id":"https:\/\/mont-roig.cat\/es\/#website","url":"https:\/\/mont-roig.cat\/es\/","name":"Ajuntament de Mont-roig del Camp","description":"Tota la informaci\u00f3 sobre la instituci\u00f3, els seus \u00f2rgans de govern, actualitat, serveis i molt m\u00e9s.","potentialAction":[{"@type":"SearchAction","target":{"@type":"EntryPoint","urlTemplate":"https:\/\/mont-roig.cat\/es\/?s={search_term_string}"},"query-input":{"@type":"PropertyValueSpecification","valueRequired":true,"valueName":"search_term_string"}}],"inLanguage":"es"}]}},"_links":{"self":[{"href":"https:\/\/mont-roig.cat\/es\/wp-json\/wp\/v2\/pages\/4262","targetHints":{"allow":["GET"]}}],"collection":[{"href":"https:\/\/mont-roig.cat\/es\/wp-json\/wp\/v2\/pages"}],"about":[{"href":"https:\/\/mont-roig.cat\/es\/wp-json\/wp\/v2\/types\/page"}],"author":[{"embeddable":true,"href":"https:\/\/mont-roig.cat\/es\/wp-json\/wp\/v2\/users\/4"}],"replies":[{"embeddable":true,"href":"https:\/\/mont-roig.cat\/es\/wp-json\/wp\/v2\/comments?post=4262"}],"version-history":[{"count":18,"href":"https:\/\/mont-roig.cat\/es\/wp-json\/wp\/v2\/pages\/4262\/revisions"}],"predecessor-version":[{"id":89817,"href":"https:\/\/mont-roig.cat\/es\/wp-json\/wp\/v2\/pages\/4262\/revisions\/89817"}],"up":[{"embeddable":true,"href":"https:\/\/mont-roig.cat\/es\/wp-json\/wp\/v2\/pages\/4260"}],"wp:attachment":[{"href":"https:\/\/mont-roig.cat\/es\/wp-json\/wp\/v2\/media?parent=4262"}],"curies":[{"name":"wp","href":"https:\/\/api.w.org\/{rel}","templated":true}]}}