{"id":4263,"date":"2015-02-02T20:47:29","date_gmt":"2015-02-02T20:47:29","guid":{"rendered":""},"modified":"2023-02-28T11:24:57","modified_gmt":"2023-02-28T10:24:57","slug":"perfil-del-contratante","status":"publish","type":"page","link":"https:\/\/mont-roig.cat\/es\/ayuntamiento\/funcionament\/perfil-del-contratante\/","title":{"rendered":"Perfil del contratante"},"content":{"rendered":"<div class=\"body\">\n<p>Este espacio permite <strong>consultar toda la actividad contractual<\/strong> del Ayuntamiento de Mont-roig del Camp, que se presenta agrupada por tipo de contrato (ejecuci\u00f3n de obra, concesi\u00f3n de obra p\u00fablica, gesti\u00f3n de servicios p\u00fablicos, suministros, servicios, contratos de colaboraci\u00f3n entre el sector p\u00fablico y privado, contratos especiales y otros), as\u00ed como por el estado de tramitaci\u00f3n en que se encuentra.<\/p>\n<p>En cumplimiento de lo establecido\u00a0la Llei 9\/2017, de 8 de noviembre, de contratos del sector p\u00fablico, para la cual se transponen al ordenamiento jur\u00eddico espa\u00f1ol las directivas del Parlamento Europeo y del Consejo 2014\/23\/UE i 2014\/24\/UE, de 26 de febrero de 2014 y, con el fin de asegurar la transparencia y el acceso p\u00fablico a la informaci\u00f3n relativa a su actividad contractual.<\/p>\n<p>Se expone a continuaci\u00f3n la documentaci\u00f3n e informaci\u00f3n relativa a <a href=\"https:\/\/contractaciopublica.cat\/es\/perfils-contractant\/detall\/MONT-ROIGDELCAMP?categoria=0\" target=\"_blank\" rel=\"noopener\">perfil de contratante actual<\/a> del Ayuntamiento de Mont-roig del Camp todo conforme al precepto legal.<\/p>\n<p>Para consultar el perfil del contratante anterior al Mayo de 2018 pod\u00e9is abrir este enlace:<br \/>\n<a href=\"\/wordpress\/?page_id=4231\">Perfil de contratante hist\u00f3rico<\/a><\/p>\n<h4>Informaci\u00f3n del ente contratante<\/h4>\n<h5>DIRECCI\u00d3N DEL AYUNTAMIENTO<\/h5>\n<p>Ctra. Colldejou S\/N<br \/>\nC.P. 43.300<br \/>\nTel. 977 837 005<br \/>\nFax 977 838 089<\/p>\n<h5>PRESENTACI\u00d3N DE LA DOCUMENTACI\u00d3N<\/h5>\n<p><strong>OMAC-Mont-roig<\/strong><br \/>\nCtra. Colldejou\u00a0S\/N<br \/>\nC.P. 43.300<br \/>\nTel. 977 837 005<br \/>\nFax 977 838 089<\/p>\n<p><strong>OMAC-Miami Platja<\/strong><br \/>\nC\/ S\u00f3ria 14\u201316<br \/>\nC.P. 43.892<br \/>\nTel. 977 140 440<br \/>\nFax 977 170 728<\/p>\n<h5>Correo electr\u00f3nico<\/h5>\n<p><a href=\"mailto:contractacio@mont-roig.cat\">contractacio@mont-roig.cat<\/a><\/p>\n<\/div>\n","protected":false},"excerpt":{"rendered":"<p>Este espacio permite consultar toda la actividad contractual del Ayuntamiento de Mont-roig del Camp, que se presenta agrupada por tipo de contrato (ejecuci\u00f3n de obra, concesi\u00f3n de obra p\u00fablica, gesti\u00f3n de servicios p\u00fablicos, suministros, servicios, contratos de colaboraci\u00f3n entre el sector p\u00fablico y privado, contratos especiales y otros), as\u00ed como por el estado de tramitaci\u00f3n [&hellip;]<\/p>\n","protected":false},"author":4,"featured_media":0,"parent":8961,"menu_order":0,"comment_status":"closed","ping_status":"closed","template":"","meta":{"inline_featured_image":false,"_monsterinsights_skip_tracking":false,"_monsterinsights_sitenote_active":false,"_monsterinsights_sitenote_note":"","_monsterinsights_sitenote_category":0,"footnotes":""},"class_list":["post-4263","page","type-page","status-publish","hentry"],"yoast_head":"<!-- This site is optimized with the Yoast SEO plugin v27.1.1 - https:\/\/yoast.com\/product\/yoast-seo-wordpress\/ -->\n<title>Perfil del contratante - Ajuntament de Mont-roig del Camp<\/title>\n<meta name=\"robots\" content=\"index, follow, max-snippet:-1, max-image-preview:large, max-video-preview:-1\" \/>\n<link rel=\"canonical\" href=\"https:\/\/mont-roig.cat\/es\/ayuntamiento\/funcionament\/perfil-del-contratante\/\" \/>\n<meta property=\"og:locale\" content=\"es_ES\" \/>\n<meta property=\"og:type\" content=\"article\" \/>\n<meta property=\"og:title\" content=\"Perfil del contratante - Ajuntament de Mont-roig del Camp\" \/>\n<meta property=\"og:description\" content=\"Este espacio permite consultar toda la actividad contractual del Ayuntamiento de Mont-roig del Camp, que se presenta agrupada por tipo de contrato (ejecuci\u00f3n de obra, concesi\u00f3n de obra p\u00fablica, gesti\u00f3n de servicios p\u00fablicos, suministros, servicios, contratos de colaboraci\u00f3n entre el sector p\u00fablico y privado, contratos especiales y otros), as\u00ed como por el estado de tramitaci\u00f3n [&hellip;]\" \/>\n<meta property=\"og:url\" content=\"https:\/\/mont-roig.cat\/es\/ayuntamiento\/funcionament\/perfil-del-contratante\/\" \/>\n<meta property=\"og:site_name\" content=\"Ajuntament de Mont-roig del Camp\" \/>\n<meta property=\"article:modified_time\" content=\"2023-02-28T10:24:57+00:00\" \/>\n<meta property=\"og:image\" content=\"https:\/\/mont-roig.cat\/wp-content\/uploads\/aj-mont-roig-2.jpg\" \/>\n\t<meta property=\"og:image:width\" content=\"1200\" \/>\n\t<meta property=\"og:image:height\" content=\"600\" \/>\n\t<meta property=\"og:image:type\" content=\"image\/jpeg\" \/>\n<meta name=\"twitter:card\" content=\"summary_large_image\" \/>\n<meta name=\"twitter:label1\" content=\"Tiempo de lectura\" \/>\n\t<meta name=\"twitter:data1\" content=\"2 minutos\" \/>\n<script type=\"application\/ld+json\" class=\"yoast-schema-graph\">{\"@context\":\"https:\/\/schema.org\",\"@graph\":[{\"@type\":\"WebPage\",\"@id\":\"https:\/\/mont-roig.cat\/es\/ayuntamiento\/funcionament\/perfil-del-contratante\/\",\"url\":\"https:\/\/mont-roig.cat\/es\/ayuntamiento\/funcionament\/perfil-del-contratante\/\",\"name\":\"Perfil del contratante - Ajuntament de Mont-roig del Camp\",\"isPartOf\":{\"@id\":\"https:\/\/mont-roig.cat\/es\/#website\"},\"datePublished\":\"2015-02-02T20:47:29+00:00\",\"dateModified\":\"2023-02-28T10:24:57+00:00\",\"breadcrumb\":{\"@id\":\"https:\/\/mont-roig.cat\/es\/ayuntamiento\/funcionament\/perfil-del-contratante\/#breadcrumb\"},\"inLanguage\":\"es\",\"potentialAction\":[{\"@type\":\"ReadAction\",\"target\":[\"https:\/\/mont-roig.cat\/es\/ayuntamiento\/funcionament\/perfil-del-contratante\/\"]}]},{\"@type\":\"BreadcrumbList\",\"@id\":\"https:\/\/mont-roig.cat\/es\/ayuntamiento\/funcionament\/perfil-del-contratante\/#breadcrumb\",\"itemListElement\":[{\"@type\":\"ListItem\",\"position\":1,\"name\":\"Inici\",\"item\":\"https:\/\/mont-roig.cat\/es\/pagina-de-inicio\/\"},{\"@type\":\"ListItem\",\"position\":2,\"name\":\"Ayuntamiento\",\"item\":\"https:\/\/mont-roig.cat\/es\/ayuntamiento\/\"},{\"@type\":\"ListItem\",\"position\":3,\"name\":\"Funcionamento\",\"item\":\"https:\/\/mont-roig.cat\/es\/ayuntamiento\/funcionament\/\"},{\"@type\":\"ListItem\",\"position\":4,\"name\":\"Perfil del contratante\"}]},{\"@type\":\"WebSite\",\"@id\":\"https:\/\/mont-roig.cat\/es\/#website\",\"url\":\"https:\/\/mont-roig.cat\/es\/\",\"name\":\"Ajuntament de Mont-roig del Camp\",\"description\":\"Tota la informaci\u00f3 sobre la instituci\u00f3, els seus \u00f2rgans de govern, actualitat, serveis i molt m\u00e9s.\",\"potentialAction\":[{\"@type\":\"SearchAction\",\"target\":{\"@type\":\"EntryPoint\",\"urlTemplate\":\"https:\/\/mont-roig.cat\/es\/?s={search_term_string}\"},\"query-input\":{\"@type\":\"PropertyValueSpecification\",\"valueRequired\":true,\"valueName\":\"search_term_string\"}}],\"inLanguage\":\"es\"}]}<\/script>\n<!-- \/ Yoast SEO plugin. -->","yoast_head_json":{"title":"Perfil del contratante - Ajuntament de Mont-roig del Camp","robots":{"index":"index","follow":"follow","max-snippet":"max-snippet:-1","max-image-preview":"max-image-preview:large","max-video-preview":"max-video-preview:-1"},"canonical":"https:\/\/mont-roig.cat\/es\/ayuntamiento\/funcionament\/perfil-del-contratante\/","og_locale":"es_ES","og_type":"article","og_title":"Perfil del contratante - Ajuntament de Mont-roig del Camp","og_description":"Este espacio permite consultar toda la actividad contractual del Ayuntamiento de Mont-roig del Camp, que se presenta agrupada por tipo de contrato (ejecuci\u00f3n de obra, concesi\u00f3n de obra p\u00fablica, gesti\u00f3n de servicios p\u00fablicos, suministros, servicios, contratos de colaboraci\u00f3n entre el sector p\u00fablico y privado, contratos especiales y otros), as\u00ed como por el estado de tramitaci\u00f3n [&hellip;]","og_url":"https:\/\/mont-roig.cat\/es\/ayuntamiento\/funcionament\/perfil-del-contratante\/","og_site_name":"Ajuntament de Mont-roig del Camp","article_modified_time":"2023-02-28T10:24:57+00:00","og_image":[{"width":1200,"height":600,"url":"https:\/\/mont-roig.cat\/wp-content\/uploads\/aj-mont-roig-2.jpg","type":"image\/jpeg"}],"twitter_card":"summary_large_image","twitter_misc":{"Tiempo de lectura":"2 minutos"},"schema":{"@context":"https:\/\/schema.org","@graph":[{"@type":"WebPage","@id":"https:\/\/mont-roig.cat\/es\/ayuntamiento\/funcionament\/perfil-del-contratante\/","url":"https:\/\/mont-roig.cat\/es\/ayuntamiento\/funcionament\/perfil-del-contratante\/","name":"Perfil del contratante - Ajuntament de Mont-roig del Camp","isPartOf":{"@id":"https:\/\/mont-roig.cat\/es\/#website"},"datePublished":"2015-02-02T20:47:29+00:00","dateModified":"2023-02-28T10:24:57+00:00","breadcrumb":{"@id":"https:\/\/mont-roig.cat\/es\/ayuntamiento\/funcionament\/perfil-del-contratante\/#breadcrumb"},"inLanguage":"es","potentialAction":[{"@type":"ReadAction","target":["https:\/\/mont-roig.cat\/es\/ayuntamiento\/funcionament\/perfil-del-contratante\/"]}]},{"@type":"BreadcrumbList","@id":"https:\/\/mont-roig.cat\/es\/ayuntamiento\/funcionament\/perfil-del-contratante\/#breadcrumb","itemListElement":[{"@type":"ListItem","position":1,"name":"Inici","item":"https:\/\/mont-roig.cat\/es\/pagina-de-inicio\/"},{"@type":"ListItem","position":2,"name":"Ayuntamiento","item":"https:\/\/mont-roig.cat\/es\/ayuntamiento\/"},{"@type":"ListItem","position":3,"name":"Funcionamento","item":"https:\/\/mont-roig.cat\/es\/ayuntamiento\/funcionament\/"},{"@type":"ListItem","position":4,"name":"Perfil del contratante"}]},{"@type":"WebSite","@id":"https:\/\/mont-roig.cat\/es\/#website","url":"https:\/\/mont-roig.cat\/es\/","name":"Ajuntament de Mont-roig del Camp","description":"Tota la informaci\u00f3 sobre la instituci\u00f3, els seus \u00f2rgans de govern, actualitat, serveis i molt m\u00e9s.","potentialAction":[{"@type":"SearchAction","target":{"@type":"EntryPoint","urlTemplate":"https:\/\/mont-roig.cat\/es\/?s={search_term_string}"},"query-input":{"@type":"PropertyValueSpecification","valueRequired":true,"valueName":"search_term_string"}}],"inLanguage":"es"}]}},"_links":{"self":[{"href":"https:\/\/mont-roig.cat\/es\/wp-json\/wp\/v2\/pages\/4263","targetHints":{"allow":["GET"]}}],"collection":[{"href":"https:\/\/mont-roig.cat\/es\/wp-json\/wp\/v2\/pages"}],"about":[{"href":"https:\/\/mont-roig.cat\/es\/wp-json\/wp\/v2\/types\/page"}],"author":[{"embeddable":true,"href":"https:\/\/mont-roig.cat\/es\/wp-json\/wp\/v2\/users\/4"}],"replies":[{"embeddable":true,"href":"https:\/\/mont-roig.cat\/es\/wp-json\/wp\/v2\/comments?post=4263"}],"version-history":[{"count":7,"href":"https:\/\/mont-roig.cat\/es\/wp-json\/wp\/v2\/pages\/4263\/revisions"}],"predecessor-version":[{"id":68916,"href":"https:\/\/mont-roig.cat\/es\/wp-json\/wp\/v2\/pages\/4263\/revisions\/68916"}],"up":[{"embeddable":true,"href":"https:\/\/mont-roig.cat\/es\/wp-json\/wp\/v2\/pages\/8961"}],"wp:attachment":[{"href":"https:\/\/mont-roig.cat\/es\/wp-json\/wp\/v2\/media?parent=4263"}],"curies":[{"name":"wp","href":"https:\/\/api.w.org\/{rel}","templated":true}]}}