{"id":4267,"date":"2015-03-19T09:08:40","date_gmt":"2015-03-19T09:08:40","guid":{"rendered":""},"modified":"2025-05-15T09:22:18","modified_gmt":"2025-05-15T07:22:18","slug":"periodo-medio-pago-proveedores","status":"publish","type":"page","link":"https:\/\/mont-roig.cat\/es\/govern-obert\/transparencia\/informacio-economica\/periodo-medio-pago-proveedores\/","title":{"rendered":"Per\u00edodo medio pago proveedores"},"content":{"rendered":"<div class=\"wpb-content-wrapper\">[vc_row][vc_column][vc_column_text css=&#8221;&#8221;]\n<div class=\"body\">\n<h4><strong><span style=\"color: #800000;\">Per\u00edodo medio de pago a proveedores<\/span><\/strong><\/h4>\n<p>En el marco de la Ley Org\u00e1nica 2\/2012, de 27 de abril, de estabilidad presupuestaria y sostenibilidad financiera, que incluye el control de la deuda comercial y la lucha contra la morosidad en el sector p\u00fablico, se han establecido unos indicadores comunes para todas las administraciones p\u00fablicas que miden el plazo de pago a los proveedores.<\/p>\n<p>Se calculan y publican trimestralmente los datos del periodo medio de pago en cumplimiento del Real Decreto 635\/2014, de 25 de julio, por el que se desarrolla la metodolog\u00eda del c\u00e1lculo del periodo medio de pago a proveedores de las administraciones p\u00fablicas y las condiciones y el procedimiento de retenci\u00f3n de recursos de los reg\u00edmenes de financiaci\u00f3n, previstos en la Ley Org\u00e1nica 2\/2012, de 27 de abril, de estabilidad presupuestaria y sostenibilidad financiera.<\/p>\n<p>Puede consultar el per\u00edodo medio de pago a proveedores <a href=\"https:\/\/www.seu-e.cat\/es\/web\/mont-roigdelcamp\/govern-obert-i-transparencia\/gestio-economica\/gestio-economica\/periode-mitja-de-pagament-a-proveidors\" target=\"_blank\" rel=\"noopener\">en este enlace<\/a>.<\/p>\n<p>&nbsp;<\/p>\n<\/div>\n[\/vc_column_text][\/vc_column][\/vc_row]\n<\/div>","protected":false},"excerpt":{"rendered":"<p>[vc_row][vc_column][vc_column_text css=&#8221;&#8221;] Per\u00edodo medio de pago a proveedores En el marco de la Ley Org\u00e1nica 2\/2012, de 27 de abril, de estabilidad presupuestaria y sostenibilidad financiera, que incluye el control de la deuda comercial y la lucha contra la morosidad en el sector p\u00fablico, se han establecido unos indicadores comunes para todas las administraciones p\u00fablicas [&hellip;]<\/p>\n","protected":false},"author":4,"featured_media":0,"parent":9328,"menu_order":0,"comment_status":"closed","ping_status":"closed","template":"","meta":{"inline_featured_image":false,"_monsterinsights_skip_tracking":false,"_monsterinsights_sitenote_active":false,"_monsterinsights_sitenote_note":"","_monsterinsights_sitenote_category":0,"footnotes":""},"class_list":["post-4267","page","type-page","status-publish","hentry"],"yoast_head":"<!-- This site is optimized with the Yoast SEO plugin v27.1.1 - https:\/\/yoast.com\/product\/yoast-seo-wordpress\/ -->\n<title>Per\u00edodo medio pago proveedores - Ajuntament de Mont-roig del Camp<\/title>\n<meta name=\"robots\" content=\"index, follow, max-snippet:-1, max-image-preview:large, max-video-preview:-1\" \/>\n<link rel=\"canonical\" href=\"https:\/\/mont-roig.cat\/es\/govern-obert\/transparencia\/informacio-economica\/periodo-medio-pago-proveedores\/\" \/>\n<meta property=\"og:locale\" content=\"es_ES\" \/>\n<meta property=\"og:type\" content=\"article\" \/>\n<meta property=\"og:title\" content=\"Per\u00edodo medio pago proveedores - Ajuntament de Mont-roig del Camp\" \/>\n<meta property=\"og:description\" content=\"[vc_row][vc_column][vc_column_text css=&#8221;&#8221;] Per\u00edodo medio de pago a proveedores En el marco de la Ley Org\u00e1nica 2\/2012, de 27 de abril, de estabilidad presupuestaria y sostenibilidad financiera, que incluye el control de la deuda comercial y la lucha contra la morosidad en el sector p\u00fablico, se han establecido unos indicadores comunes para todas las administraciones p\u00fablicas [&hellip;]\" \/>\n<meta property=\"og:url\" content=\"https:\/\/mont-roig.cat\/es\/govern-obert\/transparencia\/informacio-economica\/periodo-medio-pago-proveedores\/\" \/>\n<meta property=\"og:site_name\" content=\"Ajuntament de Mont-roig del Camp\" \/>\n<meta property=\"article:modified_time\" content=\"2025-05-15T07:22:18+00:00\" \/>\n<meta property=\"og:image\" content=\"https:\/\/mont-roig.cat\/wp-content\/uploads\/aj-mont-roig-2.jpg\" \/>\n\t<meta property=\"og:image:width\" content=\"1200\" \/>\n\t<meta property=\"og:image:height\" content=\"600\" \/>\n\t<meta property=\"og:image:type\" content=\"image\/jpeg\" \/>\n<meta name=\"twitter:card\" content=\"summary_large_image\" \/>\n<meta name=\"twitter:label1\" content=\"Tiempo de lectura\" \/>\n\t<meta name=\"twitter:data1\" content=\"1 minuto\" \/>\n<script type=\"application\/ld+json\" class=\"yoast-schema-graph\">{\"@context\":\"https:\/\/schema.org\",\"@graph\":[{\"@type\":\"WebPage\",\"@id\":\"https:\/\/mont-roig.cat\/es\/govern-obert\/transparencia\/informacio-economica\/periodo-medio-pago-proveedores\/\",\"url\":\"https:\/\/mont-roig.cat\/es\/govern-obert\/transparencia\/informacio-economica\/periodo-medio-pago-proveedores\/\",\"name\":\"Per\u00edodo medio pago proveedores - Ajuntament de Mont-roig del Camp\",\"isPartOf\":{\"@id\":\"https:\/\/mont-roig.cat\/es\/#website\"},\"datePublished\":\"2015-03-19T09:08:40+00:00\",\"dateModified\":\"2025-05-15T07:22:18+00:00\",\"breadcrumb\":{\"@id\":\"https:\/\/mont-roig.cat\/es\/govern-obert\/transparencia\/informacio-economica\/periodo-medio-pago-proveedores\/#breadcrumb\"},\"inLanguage\":\"es\",\"potentialAction\":[{\"@type\":\"ReadAction\",\"target\":[\"https:\/\/mont-roig.cat\/es\/govern-obert\/transparencia\/informacio-economica\/periodo-medio-pago-proveedores\/\"]}]},{\"@type\":\"BreadcrumbList\",\"@id\":\"https:\/\/mont-roig.cat\/es\/govern-obert\/transparencia\/informacio-economica\/periodo-medio-pago-proveedores\/#breadcrumb\",\"itemListElement\":[{\"@type\":\"ListItem\",\"position\":1,\"name\":\"Inici\",\"item\":\"https:\/\/mont-roig.cat\/es\/pagina-de-inicio\/\"},{\"@type\":\"ListItem\",\"position\":2,\"name\":\"Gobierno abierto\",\"item\":\"https:\/\/mont-roig.cat\/es\/govern-obert\/\"},{\"@type\":\"ListItem\",\"position\":3,\"name\":\"Transparencia\",\"item\":\"https:\/\/mont-roig.cat\/es\/govern-obert\/transparencia\/\"},{\"@type\":\"ListItem\",\"position\":4,\"name\":\"Informaci\u00f3n Econ\u00f3mica\",\"item\":\"https:\/\/mont-roig.cat\/es\/govern-obert\/transparencia\/informacio-economica\/\"},{\"@type\":\"ListItem\",\"position\":5,\"name\":\"Per\u00edodo medio pago proveedores\"}]},{\"@type\":\"WebSite\",\"@id\":\"https:\/\/mont-roig.cat\/es\/#website\",\"url\":\"https:\/\/mont-roig.cat\/es\/\",\"name\":\"Ajuntament de Mont-roig del Camp\",\"description\":\"Tota la informaci\u00f3 sobre la instituci\u00f3, els seus \u00f2rgans de govern, actualitat, serveis i molt m\u00e9s.\",\"potentialAction\":[{\"@type\":\"SearchAction\",\"target\":{\"@type\":\"EntryPoint\",\"urlTemplate\":\"https:\/\/mont-roig.cat\/es\/?s={search_term_string}\"},\"query-input\":{\"@type\":\"PropertyValueSpecification\",\"valueRequired\":true,\"valueName\":\"search_term_string\"}}],\"inLanguage\":\"es\"}]}<\/script>\n<!-- \/ Yoast SEO plugin. -->","yoast_head_json":{"title":"Per\u00edodo medio pago proveedores - Ajuntament de Mont-roig del Camp","robots":{"index":"index","follow":"follow","max-snippet":"max-snippet:-1","max-image-preview":"max-image-preview:large","max-video-preview":"max-video-preview:-1"},"canonical":"https:\/\/mont-roig.cat\/es\/govern-obert\/transparencia\/informacio-economica\/periodo-medio-pago-proveedores\/","og_locale":"es_ES","og_type":"article","og_title":"Per\u00edodo medio pago proveedores - Ajuntament de Mont-roig del Camp","og_description":"[vc_row][vc_column][vc_column_text css=&#8221;&#8221;] Per\u00edodo medio de pago a proveedores En el marco de la Ley Org\u00e1nica 2\/2012, de 27 de abril, de estabilidad presupuestaria y sostenibilidad financiera, que incluye el control de la deuda comercial y la lucha contra la morosidad en el sector p\u00fablico, se han establecido unos indicadores comunes para todas las administraciones p\u00fablicas [&hellip;]","og_url":"https:\/\/mont-roig.cat\/es\/govern-obert\/transparencia\/informacio-economica\/periodo-medio-pago-proveedores\/","og_site_name":"Ajuntament de Mont-roig del Camp","article_modified_time":"2025-05-15T07:22:18+00:00","og_image":[{"width":1200,"height":600,"url":"https:\/\/mont-roig.cat\/wp-content\/uploads\/aj-mont-roig-2.jpg","type":"image\/jpeg"}],"twitter_card":"summary_large_image","twitter_misc":{"Tiempo de lectura":"1 minuto"},"schema":{"@context":"https:\/\/schema.org","@graph":[{"@type":"WebPage","@id":"https:\/\/mont-roig.cat\/es\/govern-obert\/transparencia\/informacio-economica\/periodo-medio-pago-proveedores\/","url":"https:\/\/mont-roig.cat\/es\/govern-obert\/transparencia\/informacio-economica\/periodo-medio-pago-proveedores\/","name":"Per\u00edodo medio pago proveedores - Ajuntament de Mont-roig del Camp","isPartOf":{"@id":"https:\/\/mont-roig.cat\/es\/#website"},"datePublished":"2015-03-19T09:08:40+00:00","dateModified":"2025-05-15T07:22:18+00:00","breadcrumb":{"@id":"https:\/\/mont-roig.cat\/es\/govern-obert\/transparencia\/informacio-economica\/periodo-medio-pago-proveedores\/#breadcrumb"},"inLanguage":"es","potentialAction":[{"@type":"ReadAction","target":["https:\/\/mont-roig.cat\/es\/govern-obert\/transparencia\/informacio-economica\/periodo-medio-pago-proveedores\/"]}]},{"@type":"BreadcrumbList","@id":"https:\/\/mont-roig.cat\/es\/govern-obert\/transparencia\/informacio-economica\/periodo-medio-pago-proveedores\/#breadcrumb","itemListElement":[{"@type":"ListItem","position":1,"name":"Inici","item":"https:\/\/mont-roig.cat\/es\/pagina-de-inicio\/"},{"@type":"ListItem","position":2,"name":"Gobierno abierto","item":"https:\/\/mont-roig.cat\/es\/govern-obert\/"},{"@type":"ListItem","position":3,"name":"Transparencia","item":"https:\/\/mont-roig.cat\/es\/govern-obert\/transparencia\/"},{"@type":"ListItem","position":4,"name":"Informaci\u00f3n Econ\u00f3mica","item":"https:\/\/mont-roig.cat\/es\/govern-obert\/transparencia\/informacio-economica\/"},{"@type":"ListItem","position":5,"name":"Per\u00edodo medio pago proveedores"}]},{"@type":"WebSite","@id":"https:\/\/mont-roig.cat\/es\/#website","url":"https:\/\/mont-roig.cat\/es\/","name":"Ajuntament de Mont-roig del Camp","description":"Tota la informaci\u00f3 sobre la instituci\u00f3, els seus \u00f2rgans de govern, actualitat, serveis i molt m\u00e9s.","potentialAction":[{"@type":"SearchAction","target":{"@type":"EntryPoint","urlTemplate":"https:\/\/mont-roig.cat\/es\/?s={search_term_string}"},"query-input":{"@type":"PropertyValueSpecification","valueRequired":true,"valueName":"search_term_string"}}],"inLanguage":"es"}]}},"_links":{"self":[{"href":"https:\/\/mont-roig.cat\/es\/wp-json\/wp\/v2\/pages\/4267","targetHints":{"allow":["GET"]}}],"collection":[{"href":"https:\/\/mont-roig.cat\/es\/wp-json\/wp\/v2\/pages"}],"about":[{"href":"https:\/\/mont-roig.cat\/es\/wp-json\/wp\/v2\/types\/page"}],"author":[{"embeddable":true,"href":"https:\/\/mont-roig.cat\/es\/wp-json\/wp\/v2\/users\/4"}],"replies":[{"embeddable":true,"href":"https:\/\/mont-roig.cat\/es\/wp-json\/wp\/v2\/comments?post=4267"}],"version-history":[{"count":24,"href":"https:\/\/mont-roig.cat\/es\/wp-json\/wp\/v2\/pages\/4267\/revisions"}],"predecessor-version":[{"id":83000,"href":"https:\/\/mont-roig.cat\/es\/wp-json\/wp\/v2\/pages\/4267\/revisions\/83000"}],"up":[{"embeddable":true,"href":"https:\/\/mont-roig.cat\/es\/wp-json\/wp\/v2\/pages\/9328"}],"wp:attachment":[{"href":"https:\/\/mont-roig.cat\/es\/wp-json\/wp\/v2\/media?parent=4267"}],"curies":[{"name":"wp","href":"https:\/\/api.w.org\/{rel}","templated":true}]}}