{"id":4268,"date":"2015-03-19T10:26:22","date_gmt":"2015-03-19T10:26:22","guid":{"rendered":""},"modified":"2021-08-06T10:29:15","modified_gmt":"2021-08-06T08:29:15","slug":"factura-electronica","status":"publish","type":"page","link":"https:\/\/mont-roig.cat\/es\/govern-obert\/transparencia\/informacio-economica\/factura-electronica\/","title":{"rendered":"Factura electr\u00f3nica"},"content":{"rendered":"<div class=\"body\">\n<div>\n<h4>Implantaci\u00f3n de la factura electr\u00f3nica<\/h4>\n<p>El a\u00f1o 2013 se public\u00f3 la Ley 25\/2013 de impulso de la factura electr\u00f3nica y creaci\u00f3n del registro contable de facturas en el Sector P\u00fablico.<\/p>\n<p>La factura electr\u00f3nica se inspir\u00f3 en los siguientes principios:<\/p>\n<ul>\n<li>Multicanalidad<\/li>\n<li>Simplificaci\u00f3n administrativa<\/li>\n<li>Publicidad y transparencia administrativa<\/li>\n<li>Accesibilidad<\/li>\n<li>Cooperaci\u00f3n entre administraciones p\u00fablicas<\/li>\n<li>Econom\u00edas de escala<\/li>\n<li>Neutralidad tecnol\u00f3gica<\/li>\n<li>Proporcionalidad<\/li>\n<li>Seguridad jur\u00eddica<\/li>\n<\/ul>\n<p>La factura electr\u00f3nica produce beneficios importantes, tanto para la administraci\u00f3n como para los ciudadanos.<\/p>\n<p><strong>Para la ciudadan\u00eda:<\/strong><\/p>\n<ul>\n<li>Accesibilidad durante 24 horas x 7 d\u00edas<\/li>\n<li>Simplicidad en las tramitaciones<\/li>\n<li>Rapidez y agilidad<\/li>\n<li>Eliminaci\u00f3n del desplazamiento f\u00edsico a la administraci\u00f3n<\/li>\n<li>Establece un \u00fanico punto de entrada de todas las facturas<\/li>\n<li>Conocer en cada momento el estado de la tramitaci\u00f3n de su factura<\/li>\n<\/ul>\n<p><strong>Para la administraci\u00f3n:<\/strong><\/p>\n<ul>\n<li>Mejora del servicio y de la imagen<\/li>\n<li>Mejora de la eficiencia interna<\/li>\n<li>Uso generalizado de las TIC<\/li>\n<li>Fuertes econom\u00eda de escala<\/li>\n<li>Impulso a la transformaci\u00f3n de la administraci\u00f3n<\/li>\n<li>Agilizar procesos<\/li>\n<li>Ahorrar costes y tiempo<\/li>\n<\/ul>\n<p>Los proveedores que a partir del 15 de enero de 2015 utilicen este tipo de factura electr\u00f3nica deber\u00e1n identificar con claridad el organismo al que se dirige la factura, as\u00ed como el n\u00famero de pedido e indicar los c\u00f3digos de identificaci\u00f3n que se han asignado a estas entidades.<\/p>\n<p>El c\u00f3digo del Ayuntamiento de Mont-roig del Camp de obligado cumplimiento es el siguiente:<\/p>\n<table style=\"width: 500px;\" border=\"1\" cellspacing=\"1\" cellpadding=\"1\">\n<tbody>\n<tr>\n<td>\n<p class=\"rteindent1\">\u00d3rgano Gestor Ayuntamiento de Mont-roig del Camp<br \/>\nC\u00f3digo \u00d3rgano Gestor L01430923<\/p>\n<\/td>\n<\/tr>\n<tr>\n<td>\n<p class=\"rteindent1\">Oficina contable: Intervenci\u00f3n Intervenci\u00f3n Muncipal<br \/>\nC\u00f3digo Oficina contable L01430923<\/p>\n<\/td>\n<\/tr>\n<tr>\n<td>\n<p class=\"rteindent1\">Unidad tramitadora Intervenci\u00f3n Municipal<br \/>\nC\u00f3digo unidad tramitadora L01430923<\/p>\n<\/td>\n<\/tr>\n<\/tbody>\n<\/table>\n<p>Para cualquier informaci\u00f3n al respecto pueden dirigirse a las Oficinas Municipales de Atenci\u00f3n al Ciudadano (OMAC) o al departamento de Intervenci\u00f3n.<\/p>\n<p>El punto de entrada de facturas electr\u00f3nicas es a trav\u00e9s del portal del FACE, el punto general de entrada de facturas elecr\u00f2niques.<\/p>\n<p><a href=\"https:\/\/efact.eacat.cat\/bustia\/\" target=\"_blank\" rel=\"noopener\"><img loading=\"lazy\" decoding=\"async\" class=\"alignnone wp-image-8836 size-full\" src=\"http:\/\/mont-roig.cat\/wp-content\/uploads\/efact_banner.png\" alt=\"efact_banner\" width=\"230\" height=\"90\" \/><\/a><\/p>\n<\/div>\n<\/div>\n","protected":false},"excerpt":{"rendered":"<p>Implantaci\u00f3n de la factura electr\u00f3nica El a\u00f1o 2013 se public\u00f3 la Ley 25\/2013 de impulso de la factura electr\u00f3nica y creaci\u00f3n del registro contable de facturas en el Sector P\u00fablico. La factura electr\u00f3nica se inspir\u00f3 en los siguientes principios: Multicanalidad Simplificaci\u00f3n administrativa Publicidad y transparencia administrativa Accesibilidad Cooperaci\u00f3n entre administraciones p\u00fablicas Econom\u00edas de escala Neutralidad [&hellip;]<\/p>\n","protected":false},"author":4,"featured_media":0,"parent":9328,"menu_order":0,"comment_status":"closed","ping_status":"closed","template":"","meta":{"inline_featured_image":false,"_monsterinsights_skip_tracking":false,"_monsterinsights_sitenote_active":false,"_monsterinsights_sitenote_note":"","_monsterinsights_sitenote_category":0,"footnotes":""},"class_list":["post-4268","page","type-page","status-publish","hentry"],"yoast_head":"<!-- This site is optimized with the Yoast SEO plugin v27.1.1 - https:\/\/yoast.com\/product\/yoast-seo-wordpress\/ -->\n<title>Factura electr\u00f3nica - Ajuntament de Mont-roig del Camp<\/title>\n<meta name=\"robots\" content=\"index, follow, max-snippet:-1, max-image-preview:large, max-video-preview:-1\" \/>\n<link rel=\"canonical\" href=\"https:\/\/mont-roig.cat\/es\/govern-obert\/transparencia\/informacio-economica\/factura-electronica\/\" \/>\n<meta property=\"og:locale\" content=\"es_ES\" \/>\n<meta property=\"og:type\" content=\"article\" \/>\n<meta property=\"og:title\" content=\"Factura electr\u00f3nica - Ajuntament de Mont-roig del Camp\" \/>\n<meta property=\"og:description\" content=\"Implantaci\u00f3n de la factura electr\u00f3nica El a\u00f1o 2013 se public\u00f3 la Ley 25\/2013 de impulso de la factura electr\u00f3nica y creaci\u00f3n del registro contable de facturas en el Sector P\u00fablico. La factura electr\u00f3nica se inspir\u00f3 en los siguientes principios: Multicanalidad Simplificaci\u00f3n administrativa Publicidad y transparencia administrativa Accesibilidad Cooperaci\u00f3n entre administraciones p\u00fablicas Econom\u00edas de escala Neutralidad [&hellip;]\" \/>\n<meta property=\"og:url\" content=\"https:\/\/mont-roig.cat\/es\/govern-obert\/transparencia\/informacio-economica\/factura-electronica\/\" \/>\n<meta property=\"og:site_name\" content=\"Ajuntament de Mont-roig del Camp\" \/>\n<meta property=\"article:modified_time\" content=\"2021-08-06T08:29:15+00:00\" \/>\n<meta property=\"og:image\" content=\"http:\/\/mont-roig.cat\/wp-content\/uploads\/efact_banner.png\" \/>\n<meta name=\"twitter:card\" content=\"summary_large_image\" \/>\n<meta name=\"twitter:label1\" content=\"Tiempo de lectura\" \/>\n\t<meta name=\"twitter:data1\" content=\"2 minutos\" \/>\n<script type=\"application\/ld+json\" class=\"yoast-schema-graph\">{\"@context\":\"https:\/\/schema.org\",\"@graph\":[{\"@type\":\"WebPage\",\"@id\":\"https:\/\/mont-roig.cat\/es\/govern-obert\/transparencia\/informacio-economica\/factura-electronica\/\",\"url\":\"https:\/\/mont-roig.cat\/es\/govern-obert\/transparencia\/informacio-economica\/factura-electronica\/\",\"name\":\"Factura electr\u00f3nica - Ajuntament de Mont-roig del Camp\",\"isPartOf\":{\"@id\":\"https:\/\/mont-roig.cat\/es\/#website\"},\"primaryImageOfPage\":{\"@id\":\"https:\/\/mont-roig.cat\/es\/govern-obert\/transparencia\/informacio-economica\/factura-electronica\/#primaryimage\"},\"image\":{\"@id\":\"https:\/\/mont-roig.cat\/es\/govern-obert\/transparencia\/informacio-economica\/factura-electronica\/#primaryimage\"},\"thumbnailUrl\":\"http:\/\/mont-roig.cat\/wp-content\/uploads\/efact_banner.png\",\"datePublished\":\"2015-03-19T10:26:22+00:00\",\"dateModified\":\"2021-08-06T08:29:15+00:00\",\"breadcrumb\":{\"@id\":\"https:\/\/mont-roig.cat\/es\/govern-obert\/transparencia\/informacio-economica\/factura-electronica\/#breadcrumb\"},\"inLanguage\":\"es\",\"potentialAction\":[{\"@type\":\"ReadAction\",\"target\":[\"https:\/\/mont-roig.cat\/es\/govern-obert\/transparencia\/informacio-economica\/factura-electronica\/\"]}]},{\"@type\":\"ImageObject\",\"inLanguage\":\"es\",\"@id\":\"https:\/\/mont-roig.cat\/es\/govern-obert\/transparencia\/informacio-economica\/factura-electronica\/#primaryimage\",\"url\":\"http:\/\/mont-roig.cat\/wp-content\/uploads\/efact_banner.png\",\"contentUrl\":\"http:\/\/mont-roig.cat\/wp-content\/uploads\/efact_banner.png\"},{\"@type\":\"BreadcrumbList\",\"@id\":\"https:\/\/mont-roig.cat\/es\/govern-obert\/transparencia\/informacio-economica\/factura-electronica\/#breadcrumb\",\"itemListElement\":[{\"@type\":\"ListItem\",\"position\":1,\"name\":\"Inici\",\"item\":\"https:\/\/mont-roig.cat\/es\/pagina-de-inicio\/\"},{\"@type\":\"ListItem\",\"position\":2,\"name\":\"Gobierno abierto\",\"item\":\"https:\/\/mont-roig.cat\/es\/govern-obert\/\"},{\"@type\":\"ListItem\",\"position\":3,\"name\":\"Transparencia\",\"item\":\"https:\/\/mont-roig.cat\/es\/govern-obert\/transparencia\/\"},{\"@type\":\"ListItem\",\"position\":4,\"name\":\"Informaci\u00f3n Econ\u00f3mica\",\"item\":\"https:\/\/mont-roig.cat\/es\/govern-obert\/transparencia\/informacio-economica\/\"},{\"@type\":\"ListItem\",\"position\":5,\"name\":\"Factura electr\u00f3nica\"}]},{\"@type\":\"WebSite\",\"@id\":\"https:\/\/mont-roig.cat\/es\/#website\",\"url\":\"https:\/\/mont-roig.cat\/es\/\",\"name\":\"Ajuntament de Mont-roig del Camp\",\"description\":\"Tota la informaci\u00f3 sobre la instituci\u00f3, els seus \u00f2rgans de govern, actualitat, serveis i molt m\u00e9s.\",\"potentialAction\":[{\"@type\":\"SearchAction\",\"target\":{\"@type\":\"EntryPoint\",\"urlTemplate\":\"https:\/\/mont-roig.cat\/es\/?s={search_term_string}\"},\"query-input\":{\"@type\":\"PropertyValueSpecification\",\"valueRequired\":true,\"valueName\":\"search_term_string\"}}],\"inLanguage\":\"es\"}]}<\/script>\n<!-- \/ Yoast SEO plugin. -->","yoast_head_json":{"title":"Factura electr\u00f3nica - Ajuntament de Mont-roig del Camp","robots":{"index":"index","follow":"follow","max-snippet":"max-snippet:-1","max-image-preview":"max-image-preview:large","max-video-preview":"max-video-preview:-1"},"canonical":"https:\/\/mont-roig.cat\/es\/govern-obert\/transparencia\/informacio-economica\/factura-electronica\/","og_locale":"es_ES","og_type":"article","og_title":"Factura electr\u00f3nica - Ajuntament de Mont-roig del Camp","og_description":"Implantaci\u00f3n de la factura electr\u00f3nica El a\u00f1o 2013 se public\u00f3 la Ley 25\/2013 de impulso de la factura electr\u00f3nica y creaci\u00f3n del registro contable de facturas en el Sector P\u00fablico. La factura electr\u00f3nica se inspir\u00f3 en los siguientes principios: Multicanalidad Simplificaci\u00f3n administrativa Publicidad y transparencia administrativa Accesibilidad Cooperaci\u00f3n entre administraciones p\u00fablicas Econom\u00edas de escala Neutralidad [&hellip;]","og_url":"https:\/\/mont-roig.cat\/es\/govern-obert\/transparencia\/informacio-economica\/factura-electronica\/","og_site_name":"Ajuntament de Mont-roig del Camp","article_modified_time":"2021-08-06T08:29:15+00:00","og_image":[{"url":"http:\/\/mont-roig.cat\/wp-content\/uploads\/efact_banner.png","type":"","width":"","height":""}],"twitter_card":"summary_large_image","twitter_misc":{"Tiempo de lectura":"2 minutos"},"schema":{"@context":"https:\/\/schema.org","@graph":[{"@type":"WebPage","@id":"https:\/\/mont-roig.cat\/es\/govern-obert\/transparencia\/informacio-economica\/factura-electronica\/","url":"https:\/\/mont-roig.cat\/es\/govern-obert\/transparencia\/informacio-economica\/factura-electronica\/","name":"Factura electr\u00f3nica - Ajuntament de Mont-roig del Camp","isPartOf":{"@id":"https:\/\/mont-roig.cat\/es\/#website"},"primaryImageOfPage":{"@id":"https:\/\/mont-roig.cat\/es\/govern-obert\/transparencia\/informacio-economica\/factura-electronica\/#primaryimage"},"image":{"@id":"https:\/\/mont-roig.cat\/es\/govern-obert\/transparencia\/informacio-economica\/factura-electronica\/#primaryimage"},"thumbnailUrl":"http:\/\/mont-roig.cat\/wp-content\/uploads\/efact_banner.png","datePublished":"2015-03-19T10:26:22+00:00","dateModified":"2021-08-06T08:29:15+00:00","breadcrumb":{"@id":"https:\/\/mont-roig.cat\/es\/govern-obert\/transparencia\/informacio-economica\/factura-electronica\/#breadcrumb"},"inLanguage":"es","potentialAction":[{"@type":"ReadAction","target":["https:\/\/mont-roig.cat\/es\/govern-obert\/transparencia\/informacio-economica\/factura-electronica\/"]}]},{"@type":"ImageObject","inLanguage":"es","@id":"https:\/\/mont-roig.cat\/es\/govern-obert\/transparencia\/informacio-economica\/factura-electronica\/#primaryimage","url":"http:\/\/mont-roig.cat\/wp-content\/uploads\/efact_banner.png","contentUrl":"http:\/\/mont-roig.cat\/wp-content\/uploads\/efact_banner.png"},{"@type":"BreadcrumbList","@id":"https:\/\/mont-roig.cat\/es\/govern-obert\/transparencia\/informacio-economica\/factura-electronica\/#breadcrumb","itemListElement":[{"@type":"ListItem","position":1,"name":"Inici","item":"https:\/\/mont-roig.cat\/es\/pagina-de-inicio\/"},{"@type":"ListItem","position":2,"name":"Gobierno abierto","item":"https:\/\/mont-roig.cat\/es\/govern-obert\/"},{"@type":"ListItem","position":3,"name":"Transparencia","item":"https:\/\/mont-roig.cat\/es\/govern-obert\/transparencia\/"},{"@type":"ListItem","position":4,"name":"Informaci\u00f3n Econ\u00f3mica","item":"https:\/\/mont-roig.cat\/es\/govern-obert\/transparencia\/informacio-economica\/"},{"@type":"ListItem","position":5,"name":"Factura electr\u00f3nica"}]},{"@type":"WebSite","@id":"https:\/\/mont-roig.cat\/es\/#website","url":"https:\/\/mont-roig.cat\/es\/","name":"Ajuntament de Mont-roig del Camp","description":"Tota la informaci\u00f3 sobre la instituci\u00f3, els seus \u00f2rgans de govern, actualitat, serveis i molt m\u00e9s.","potentialAction":[{"@type":"SearchAction","target":{"@type":"EntryPoint","urlTemplate":"https:\/\/mont-roig.cat\/es\/?s={search_term_string}"},"query-input":{"@type":"PropertyValueSpecification","valueRequired":true,"valueName":"search_term_string"}}],"inLanguage":"es"}]}},"_links":{"self":[{"href":"https:\/\/mont-roig.cat\/es\/wp-json\/wp\/v2\/pages\/4268","targetHints":{"allow":["GET"]}}],"collection":[{"href":"https:\/\/mont-roig.cat\/es\/wp-json\/wp\/v2\/pages"}],"about":[{"href":"https:\/\/mont-roig.cat\/es\/wp-json\/wp\/v2\/types\/page"}],"author":[{"embeddable":true,"href":"https:\/\/mont-roig.cat\/es\/wp-json\/wp\/v2\/users\/4"}],"replies":[{"embeddable":true,"href":"https:\/\/mont-roig.cat\/es\/wp-json\/wp\/v2\/comments?post=4268"}],"version-history":[{"count":2,"href":"https:\/\/mont-roig.cat\/es\/wp-json\/wp\/v2\/pages\/4268\/revisions"}],"predecessor-version":[{"id":57051,"href":"https:\/\/mont-roig.cat\/es\/wp-json\/wp\/v2\/pages\/4268\/revisions\/57051"}],"up":[{"embeddable":true,"href":"https:\/\/mont-roig.cat\/es\/wp-json\/wp\/v2\/pages\/9328"}],"wp:attachment":[{"href":"https:\/\/mont-roig.cat\/es\/wp-json\/wp\/v2\/media?parent=4268"}],"curies":[{"name":"wp","href":"https:\/\/api.w.org\/{rel}","templated":true}]}}