{"id":4269,"date":"2015-03-09T10:49:46","date_gmt":"2015-03-09T10:49:46","guid":{"rendered":""},"modified":"2015-12-19T16:53:52","modified_gmt":"2015-12-19T15:53:52","slug":"policia-local","status":"publish","type":"page","link":"https:\/\/mont-roig.cat\/es\/ayuntamiento\/atencion-ciudadana\/policia-local\/","title":{"rendered":"Polic\u00eda local"},"content":{"rendered":"<div class=\"body\">\n<div>\n<p><img decoding=\"async\" class=\"requadre\" style=\"margin-top: 10px; margin-bottom: 10px; width: 863px;\" title=\"Policia Local de Mont-roig del Camp\" src=\"http:\/\/mont-roig.cat\/wp-content\/uploads\/POLICIA LOCAL plantilla panoramic.JPG\" alt=\"Policia Local de Mont-roig del Camp\" \/><\/p>\n<p>La <strong>Polic\u00eda Local de Mont-roig del Camp<\/strong>, creada por acuerdo plenario, comenz\u00f3 a funcionar de forma oficial en agosto de 2001. Son casi 15 a\u00f1os de historia, una historia vinculada al servicio del ciudadano. La protecci\u00f3n de las personas, garantizar sus derechos y libertades y proteger sus bienes, son las principales prioridades del cuerpo policial. Los hombres y mujeres que forman parte de nuestra polic\u00eda local, se esfuerzan d\u00eda a d\u00eda para velar por la seguridad p\u00fablica, con una gran amplitud de visi\u00f3n hacia la diversidad del servicio dado.<\/p>\n<p>Una polic\u00eda local que trabaja con miras de crecimiento en todos sus sentidos, para dar cobertura a las necesidades que nuestra ciudadan\u00eda reclama, de forma m\u00e1s espec\u00edfica y especializada, para dar un servicio m\u00e1s cercano y de mayor calidad. Un cuerpo policial con sensibilidad por las situaciones personales y personalizadas de nuestra sociedad, una sociedad multicultural, din\u00e1mica y actual, adaptando la realizaci\u00f3n del trabajo a las situaciones reales y utilizando la m\u00e1xima empat\u00eda en hacerlo.<\/p>\n<h5>Contacto<\/h5>\n<p>Las dependencias policiales ofrecen servicio las 24 horas del d\u00eda, los 365 d\u00edas del a\u00f1o.<\/p>\n<p><img decoding=\"async\" class=\"requadre\" style=\"font-weight: bold; width: 300px; margin-left: 10px; margin-right: 10px; float: left;\" title=\"Oficina de Atenci\u00f3n al Ciudadano de la Polic\u00eda local\" src=\"http:\/\/mont-roig.cat\/wp-content\/uploads\/2015_03_11 policia local caserna 017.jpg\" alt=\"Oficina de Atenci\u00f3n al Ciudadano de la Polic\u00eda local\" \/><\/p>\n<p><strong>Oficina de Atenci\u00f3n al Ciudadano de la Polic\u00eda Local<\/strong><br \/>\nAvenida Barcelona, 11<br \/>\n43892 Miami Platja<br \/>\nTel. 977 83 88 73 \/ Fax. 977 83 74 05<\/p>\n<p><img decoding=\"async\" style=\"width: 95px; height: 95px; float: left; margin: 10px;\" title=\"112 emerg\u00e8ncies\" src=\"http:\/\/mont-roig.cat\/wp-content\/uploads\/112 emergencies.jpg\" alt=\"112 emerg\u00e8ncies\" \/><\/p>\n<p>Ante una situaci\u00f3n de peligro inmediato llama al 112. Este tel\u00e9fono centraliza las llamadas de urgencia y pone en marcha un dispositivo en el que intervienen de forma coordinada m<em>osos d&#8217;esquadra<\/em>, polic\u00edas locales, bomberos, protecci\u00f3n civil, servicios sanitarios y agentes rurales. El 112 da respuesta las 24 horas del d\u00eda.<\/p>\n<div><\/div>\n<p><iframe loading=\"lazy\" style=\"border: 0;\" src=\"https:\/\/www.google.com\/maps\/embed?pb=!1m18!1m12!1m3!1d3010.512584456909!2d0.9431771753182909!3d41.014040389245885!2m3!1f0!2f0!3f0!3m2!1i1024!2i768!4f13.1!3m3!1m2!1s0x12a1411fbd5b7085%3A0x81d9e27cc2621b8a!2sAv.+Barcelona%2C+11%2C+43892+Mont-roig+del+Camp%2C+Tarragona!5e0!3m2!1ses!2ses!4v1426590065258\" width=\"100%\" height=\"300\" frameborder=\"0\" scrolling=\"no\"><\/iframe><\/p>\n<\/div>\n<\/div>\n","protected":false},"excerpt":{"rendered":"<p>La Polic\u00eda Local de Mont-roig del Camp, creada por acuerdo plenario, comenz\u00f3 a funcionar de forma oficial en agosto de 2001. Son casi 15 a\u00f1os de historia, una historia vinculada al servicio del ciudadano. La protecci\u00f3n de las personas, garantizar sus derechos y libertades y proteger sus bienes, son las principales prioridades del cuerpo policial. [&hellip;]<\/p>\n","protected":false},"author":4,"featured_media":0,"parent":9508,"menu_order":0,"comment_status":"closed","ping_status":"closed","template":"","meta":{"inline_featured_image":false,"_monsterinsights_skip_tracking":false,"_monsterinsights_sitenote_active":false,"_monsterinsights_sitenote_note":"","_monsterinsights_sitenote_category":0,"footnotes":""},"class_list":["post-4269","page","type-page","status-publish","hentry"],"yoast_head":"<!-- This site is optimized with the Yoast SEO plugin v27.4 - https:\/\/yoast.com\/product\/yoast-seo-wordpress\/ -->\n<title>Polic\u00eda local - Ajuntament de Mont-roig del Camp<\/title>\n<meta name=\"robots\" content=\"index, follow, max-snippet:-1, max-image-preview:large, max-video-preview:-1\" \/>\n<link rel=\"canonical\" href=\"https:\/\/mont-roig.cat\/es\/ayuntamiento\/atencion-ciudadana\/policia-local\/\" \/>\n<meta property=\"og:locale\" content=\"es_ES\" \/>\n<meta property=\"og:type\" content=\"article\" \/>\n<meta property=\"og:title\" content=\"Polic\u00eda local - Ajuntament de Mont-roig del Camp\" \/>\n<meta property=\"og:description\" content=\"La Polic\u00eda Local de Mont-roig del Camp, creada por acuerdo plenario, comenz\u00f3 a funcionar de forma oficial en agosto de 2001. Son casi 15 a\u00f1os de historia, una historia vinculada al servicio del ciudadano. La protecci\u00f3n de las personas, garantizar sus derechos y libertades y proteger sus bienes, son las principales prioridades del cuerpo policial. [&hellip;]\" \/>\n<meta property=\"og:url\" content=\"https:\/\/mont-roig.cat\/es\/ayuntamiento\/atencion-ciudadana\/policia-local\/\" \/>\n<meta property=\"og:site_name\" content=\"Ajuntament de Mont-roig del Camp\" \/>\n<meta property=\"article:modified_time\" content=\"2015-12-19T15:53:52+00:00\" \/>\n<meta property=\"og:image\" content=\"http:\/\/mont-roig.cat\/wp-content\/uploads\/POLICIA%20LOCAL%20plantilla%20panoramic.JPG\" \/>\n<meta name=\"twitter:card\" content=\"summary_large_image\" \/>\n<meta name=\"twitter:label1\" content=\"Tiempo de lectura\" \/>\n\t<meta name=\"twitter:data1\" content=\"1 minuto\" \/>\n<script type=\"application\/ld+json\" class=\"yoast-schema-graph\">{\"@context\":\"https:\\\/\\\/schema.org\",\"@graph\":[{\"@type\":\"WebPage\",\"@id\":\"https:\\\/\\\/mont-roig.cat\\\/es\\\/ayuntamiento\\\/atencion-ciudadana\\\/policia-local\\\/\",\"url\":\"https:\\\/\\\/mont-roig.cat\\\/es\\\/ayuntamiento\\\/atencion-ciudadana\\\/policia-local\\\/\",\"name\":\"Polic\u00eda local - Ajuntament de Mont-roig del Camp\",\"isPartOf\":{\"@id\":\"https:\\\/\\\/mont-roig.cat\\\/es\\\/#website\"},\"datePublished\":\"2015-03-09T10:49:46+00:00\",\"dateModified\":\"2015-12-19T15:53:52+00:00\",\"breadcrumb\":{\"@id\":\"https:\\\/\\\/mont-roig.cat\\\/es\\\/ayuntamiento\\\/atencion-ciudadana\\\/policia-local\\\/#breadcrumb\"},\"inLanguage\":\"es\",\"potentialAction\":[{\"@type\":\"ReadAction\",\"target\":[\"https:\\\/\\\/mont-roig.cat\\\/es\\\/ayuntamiento\\\/atencion-ciudadana\\\/policia-local\\\/\"]}]},{\"@type\":\"BreadcrumbList\",\"@id\":\"https:\\\/\\\/mont-roig.cat\\\/es\\\/ayuntamiento\\\/atencion-ciudadana\\\/policia-local\\\/#breadcrumb\",\"itemListElement\":[{\"@type\":\"ListItem\",\"position\":1,\"name\":\"Inici\",\"item\":\"https:\\\/\\\/mont-roig.cat\\\/es\\\/pagina-de-inicio\\\/\"},{\"@type\":\"ListItem\",\"position\":2,\"name\":\"Ayuntamiento\",\"item\":\"https:\\\/\\\/mont-roig.cat\\\/es\\\/ayuntamiento\\\/\"},{\"@type\":\"ListItem\",\"position\":3,\"name\":\"Atenci\u00f3n ciudadana\",\"item\":\"https:\\\/\\\/mont-roig.cat\\\/es\\\/ayuntamiento\\\/atencion-ciudadana\\\/\"},{\"@type\":\"ListItem\",\"position\":4,\"name\":\"Polic\u00eda local\"}]},{\"@type\":\"WebSite\",\"@id\":\"https:\\\/\\\/mont-roig.cat\\\/es\\\/#website\",\"url\":\"https:\\\/\\\/mont-roig.cat\\\/es\\\/\",\"name\":\"Ajuntament de Mont-roig del Camp\",\"description\":\"Tota la informaci\u00f3 sobre la instituci\u00f3, els seus \u00f2rgans de govern, actualitat, serveis i molt m\u00e9s.\",\"potentialAction\":[{\"@type\":\"SearchAction\",\"target\":{\"@type\":\"EntryPoint\",\"urlTemplate\":\"https:\\\/\\\/mont-roig.cat\\\/es\\\/?s={search_term_string}\"},\"query-input\":{\"@type\":\"PropertyValueSpecification\",\"valueRequired\":true,\"valueName\":\"search_term_string\"}}],\"inLanguage\":\"es\"}]}<\/script>\n<!-- \/ Yoast SEO plugin. -->","yoast_head_json":{"title":"Polic\u00eda local - Ajuntament de Mont-roig del Camp","robots":{"index":"index","follow":"follow","max-snippet":"max-snippet:-1","max-image-preview":"max-image-preview:large","max-video-preview":"max-video-preview:-1"},"canonical":"https:\/\/mont-roig.cat\/es\/ayuntamiento\/atencion-ciudadana\/policia-local\/","og_locale":"es_ES","og_type":"article","og_title":"Polic\u00eda local - Ajuntament de Mont-roig del Camp","og_description":"La Polic\u00eda Local de Mont-roig del Camp, creada por acuerdo plenario, comenz\u00f3 a funcionar de forma oficial en agosto de 2001. Son casi 15 a\u00f1os de historia, una historia vinculada al servicio del ciudadano. La protecci\u00f3n de las personas, garantizar sus derechos y libertades y proteger sus bienes, son las principales prioridades del cuerpo policial. [&hellip;]","og_url":"https:\/\/mont-roig.cat\/es\/ayuntamiento\/atencion-ciudadana\/policia-local\/","og_site_name":"Ajuntament de Mont-roig del Camp","article_modified_time":"2015-12-19T15:53:52+00:00","og_image":[{"url":"http:\/\/mont-roig.cat\/wp-content\/uploads\/POLICIA LOCAL plantilla panoramic.JPG","type":"","width":"","height":""}],"twitter_card":"summary_large_image","twitter_misc":{"Tiempo de lectura":"1 minuto"},"schema":{"@context":"https:\/\/schema.org","@graph":[{"@type":"WebPage","@id":"https:\/\/mont-roig.cat\/es\/ayuntamiento\/atencion-ciudadana\/policia-local\/","url":"https:\/\/mont-roig.cat\/es\/ayuntamiento\/atencion-ciudadana\/policia-local\/","name":"Polic\u00eda local - Ajuntament de Mont-roig del Camp","isPartOf":{"@id":"https:\/\/mont-roig.cat\/es\/#website"},"datePublished":"2015-03-09T10:49:46+00:00","dateModified":"2015-12-19T15:53:52+00:00","breadcrumb":{"@id":"https:\/\/mont-roig.cat\/es\/ayuntamiento\/atencion-ciudadana\/policia-local\/#breadcrumb"},"inLanguage":"es","potentialAction":[{"@type":"ReadAction","target":["https:\/\/mont-roig.cat\/es\/ayuntamiento\/atencion-ciudadana\/policia-local\/"]}]},{"@type":"BreadcrumbList","@id":"https:\/\/mont-roig.cat\/es\/ayuntamiento\/atencion-ciudadana\/policia-local\/#breadcrumb","itemListElement":[{"@type":"ListItem","position":1,"name":"Inici","item":"https:\/\/mont-roig.cat\/es\/pagina-de-inicio\/"},{"@type":"ListItem","position":2,"name":"Ayuntamiento","item":"https:\/\/mont-roig.cat\/es\/ayuntamiento\/"},{"@type":"ListItem","position":3,"name":"Atenci\u00f3n ciudadana","item":"https:\/\/mont-roig.cat\/es\/ayuntamiento\/atencion-ciudadana\/"},{"@type":"ListItem","position":4,"name":"Polic\u00eda local"}]},{"@type":"WebSite","@id":"https:\/\/mont-roig.cat\/es\/#website","url":"https:\/\/mont-roig.cat\/es\/","name":"Ajuntament de Mont-roig del Camp","description":"Tota la informaci\u00f3 sobre la instituci\u00f3, els seus \u00f2rgans de govern, actualitat, serveis i molt m\u00e9s.","potentialAction":[{"@type":"SearchAction","target":{"@type":"EntryPoint","urlTemplate":"https:\/\/mont-roig.cat\/es\/?s={search_term_string}"},"query-input":{"@type":"PropertyValueSpecification","valueRequired":true,"valueName":"search_term_string"}}],"inLanguage":"es"}]}},"_links":{"self":[{"href":"https:\/\/mont-roig.cat\/es\/wp-json\/wp\/v2\/pages\/4269","targetHints":{"allow":["GET"]}}],"collection":[{"href":"https:\/\/mont-roig.cat\/es\/wp-json\/wp\/v2\/pages"}],"about":[{"href":"https:\/\/mont-roig.cat\/es\/wp-json\/wp\/v2\/types\/page"}],"author":[{"embeddable":true,"href":"https:\/\/mont-roig.cat\/es\/wp-json\/wp\/v2\/users\/4"}],"replies":[{"embeddable":true,"href":"https:\/\/mont-roig.cat\/es\/wp-json\/wp\/v2\/comments?post=4269"}],"version-history":[{"count":0,"href":"https:\/\/mont-roig.cat\/es\/wp-json\/wp\/v2\/pages\/4269\/revisions"}],"up":[{"embeddable":true,"href":"https:\/\/mont-roig.cat\/es\/wp-json\/wp\/v2\/pages\/9508"}],"wp:attachment":[{"href":"https:\/\/mont-roig.cat\/es\/wp-json\/wp\/v2\/media?parent=4269"}],"curies":[{"name":"wp","href":"https:\/\/api.w.org\/{rel}","templated":true}]}}