{"id":4270,"date":"2015-03-17T12:15:45","date_gmt":"2015-03-17T12:15:45","guid":{"rendered":""},"modified":"2016-03-03T14:51:19","modified_gmt":"2016-03-03T13:51:19","slug":"competencias","status":"publish","type":"page","link":"https:\/\/mont-roig.cat\/es\/ayuntamiento\/atencion-ciudadana\/policia-local\/competencias\/","title":{"rendered":"Competencias"},"content":{"rendered":"<div class=\"body\">\n<div>\n<p>Las polic\u00edas locales tienen sus competencias muy definidas dentro de las leyes. De foma espec\u00edfica y delimitada son las siguientes:<\/p>\n<ul>\n<li>Proteger a las autoridades de las corporaciones locales y vigilar y custodiar los edificios, las instalaciones y las dependencias de estas corporaciones.<\/li>\n<li>Ordenar, se\u00f1alizar y dirigir el tr\u00e1fico en el casco urbano, de acuerdo con lo establecido en las normas de circulaci\u00f3n.<\/li>\n<li>Instruir atestados por accidentes de circulaci\u00f3n ocurridos dentro del casco urbano, y comunicar las actuaciones llevadas a cabo a las fuerzas o cuerpos de seguridad competentes.<\/li>\n<li>Ejercer de polic\u00eda administrativa, a fin de asegurar el cumplimiento de los reglamentos, de las\u00a0ordenanzas, bandos, de las resoluciones y de las dem\u00e1s disposiciones y actos municipales, de acuerdo con la normativa vigente.<\/li>\n<li>Ejercer de polic\u00eda judicial, de acuerdo con la normativa vigente.<\/li>\n<li>Llevar a cabo diligencias de prevenci\u00f3n y actuaciones destinadas a evitar la comisi\u00f3n de actos delictivos, en cuyo caso deber\u00e1n comunicar las actuaciones llevadas a cabo en las fuerzas o cuerpos de seguridad competentes.<\/li>\n<li>Colaborar con las fuerzas o cuerpos de seguridad del Estado y con la Polic\u00eda Auton\u00f3mica en la protecci\u00f3n de las manifestaciones y en el mantenimiento del orden en grandes concentraciones humanas cuando sean requeridas para ello.<\/li>\n<li>Cooperar en la resoluci\u00f3n de los conflictos privados, cuando sean requeridas para ello.<\/li>\n<li>Vigilar los espacios p\u00fablicos.<\/li>\n<li>Prestar auxilio en accidentes, cat\u00e1strofes y calamidades p\u00fablicas, participando, de acuerdo con lo dispuesto en las leyes, en la ejecuci\u00f3n de los planes de protecci\u00f3n civil.<\/li>\n<li>Velar por el cumplimiento de la normativa vigente en materia de medio ambiente y de protecci\u00f3n del entorno.<\/li>\n<li>Llevar a cabo las actuaciones destinadas a garantizar la seguridad vial en el municipio.<\/li>\n<li>Cualquier otra funci\u00f3n de polic\u00eda y de seguridad que, de acuerdo con la legislaci\u00f3n vigente, les sea encomendada.<\/li>\n<\/ul>\n<\/div>\n<\/div>\n<div class=\"field_page_imatge\"><img loading=\"lazy\" decoding=\"async\" class=\"alignleft\" title=\"dsc_0511.jpg\" src=\"http:\/\/mont-roig.cat\/wp-content\/uploads\/dsc_0511.jpg\" alt=\"dsc_0511.jpg\" width=\"300\" height=\"200\" \/><\/div>\n<div class=\"field_page_imatge\"><img loading=\"lazy\" decoding=\"async\" class=\"alignleft\" title=\"dsc_0521.jpg\" src=\"http:\/\/mont-roig.cat\/wp-content\/uploads\/dsc_0521.jpg\" alt=\"dsc_0521.jpg\" width=\"300\" height=\"200\" \/><\/div>\n<div class=\"field_page_imatge\"><img loading=\"lazy\" decoding=\"async\" class=\"alignleft\" title=\"dsc_0550.jpg\" src=\"http:\/\/mont-roig.cat\/wp-content\/uploads\/dsc_0550.jpg\" alt=\"dsc_0550.jpg\" width=\"300\" height=\"200\" \/><\/div>\n<div class=\"field_page_imatge\"><\/div>\n<div class=\"field_page_imatge\"><img loading=\"lazy\" decoding=\"async\" class=\"alignleft\" title=\"dsc_0508.jpg\" src=\"http:\/\/mont-roig.cat\/wp-content\/uploads\/dsc_0508.jpg\" alt=\"dsc_0508.jpg\" width=\"302\" height=\"201\" \/><\/div>\n<div class=\"field_page_imatge\"><img loading=\"lazy\" decoding=\"async\" class=\"alignleft\" title=\"dsc_0527.jpg\" src=\"http:\/\/mont-roig.cat\/wp-content\/uploads\/dsc_0527.jpg\" alt=\"dsc_0527.jpg\" width=\"296\" height=\"197\" \/><\/div>\n<div class=\"field_page_imatge\"><img loading=\"lazy\" decoding=\"async\" class=\"alignleft\" title=\"dsc_0535.jpg\" src=\"http:\/\/mont-roig.cat\/wp-content\/uploads\/dsc_0535.jpg\" alt=\"dsc_0535.jpg\" width=\"299\" height=\"199\" \/><\/div>\n<div class=\"field_page_imatge\"><img loading=\"lazy\" decoding=\"async\" class=\"alignleft\" title=\"dsc_0517.jpg\" src=\"http:\/\/mont-roig.cat\/wp-content\/uploads\/dsc_0517.jpg\" alt=\"dsc_0517.jpg\" width=\"300\" height=\"200\" \/><img loading=\"lazy\" decoding=\"async\" class=\"alignleft\" title=\"dsc_0515.jpg\" src=\"http:\/\/mont-roig.cat\/wp-content\/uploads\/dsc_0515.jpg\" alt=\"dsc_0515.jpg\" width=\"302\" height=\"201\" \/><\/div>\n","protected":false},"excerpt":{"rendered":"<p>Las polic\u00edas locales tienen sus competencias muy definidas dentro de las leyes. De foma espec\u00edfica y delimitada son las siguientes: Proteger a las autoridades de las corporaciones locales y vigilar y custodiar los edificios, las instalaciones y las dependencias de estas corporaciones. Ordenar, se\u00f1alizar y dirigir el tr\u00e1fico en el casco urbano, de acuerdo con [&hellip;]<\/p>\n","protected":false},"author":4,"featured_media":0,"parent":4269,"menu_order":0,"comment_status":"closed","ping_status":"closed","template":"","meta":{"inline_featured_image":false,"_monsterinsights_skip_tracking":false,"_monsterinsights_sitenote_active":false,"_monsterinsights_sitenote_note":"","_monsterinsights_sitenote_category":0,"footnotes":""},"class_list":["post-4270","page","type-page","status-publish","hentry"],"yoast_head":"<!-- This site is optimized with the Yoast SEO plugin v27.4 - https:\/\/yoast.com\/product\/yoast-seo-wordpress\/ -->\n<title>Competencias - Ajuntament de Mont-roig del Camp<\/title>\n<meta name=\"robots\" content=\"index, follow, max-snippet:-1, max-image-preview:large, max-video-preview:-1\" \/>\n<link rel=\"canonical\" href=\"https:\/\/mont-roig.cat\/es\/ayuntamiento\/atencion-ciudadana\/policia-local\/competencias\/\" \/>\n<meta property=\"og:locale\" content=\"es_ES\" \/>\n<meta property=\"og:type\" content=\"article\" \/>\n<meta property=\"og:title\" content=\"Competencias - Ajuntament de Mont-roig del Camp\" \/>\n<meta property=\"og:description\" content=\"Las polic\u00edas locales tienen sus competencias muy definidas dentro de las leyes. De foma espec\u00edfica y delimitada son las siguientes: Proteger a las autoridades de las corporaciones locales y vigilar y custodiar los edificios, las instalaciones y las dependencias de estas corporaciones. Ordenar, se\u00f1alizar y dirigir el tr\u00e1fico en el casco urbano, de acuerdo con [&hellip;]\" \/>\n<meta property=\"og:url\" content=\"https:\/\/mont-roig.cat\/es\/ayuntamiento\/atencion-ciudadana\/policia-local\/competencias\/\" \/>\n<meta property=\"og:site_name\" content=\"Ajuntament de Mont-roig del Camp\" \/>\n<meta property=\"article:modified_time\" content=\"2016-03-03T13:51:19+00:00\" \/>\n<meta property=\"og:image\" content=\"http:\/\/mont-roig.cat\/wp-content\/uploads\/dsc_0511.jpg\" \/>\n<meta name=\"twitter:card\" content=\"summary_large_image\" \/>\n<meta name=\"twitter:label1\" content=\"Tiempo de lectura\" \/>\n\t<meta name=\"twitter:data1\" content=\"2 minutos\" \/>\n<script type=\"application\/ld+json\" class=\"yoast-schema-graph\">{\"@context\":\"https:\\\/\\\/schema.org\",\"@graph\":[{\"@type\":\"WebPage\",\"@id\":\"https:\\\/\\\/mont-roig.cat\\\/es\\\/ayuntamiento\\\/atencion-ciudadana\\\/policia-local\\\/competencias\\\/\",\"url\":\"https:\\\/\\\/mont-roig.cat\\\/es\\\/ayuntamiento\\\/atencion-ciudadana\\\/policia-local\\\/competencias\\\/\",\"name\":\"Competencias - Ajuntament de Mont-roig del Camp\",\"isPartOf\":{\"@id\":\"https:\\\/\\\/mont-roig.cat\\\/es\\\/#website\"},\"primaryImageOfPage\":{\"@id\":\"https:\\\/\\\/mont-roig.cat\\\/es\\\/ayuntamiento\\\/atencion-ciudadana\\\/policia-local\\\/competencias\\\/#primaryimage\"},\"image\":{\"@id\":\"https:\\\/\\\/mont-roig.cat\\\/es\\\/ayuntamiento\\\/atencion-ciudadana\\\/policia-local\\\/competencias\\\/#primaryimage\"},\"thumbnailUrl\":\"http:\\\/\\\/mont-roig.cat\\\/wp-content\\\/uploads\\\/dsc_0511.jpg\",\"datePublished\":\"2015-03-17T12:15:45+00:00\",\"dateModified\":\"2016-03-03T13:51:19+00:00\",\"breadcrumb\":{\"@id\":\"https:\\\/\\\/mont-roig.cat\\\/es\\\/ayuntamiento\\\/atencion-ciudadana\\\/policia-local\\\/competencias\\\/#breadcrumb\"},\"inLanguage\":\"es\",\"potentialAction\":[{\"@type\":\"ReadAction\",\"target\":[\"https:\\\/\\\/mont-roig.cat\\\/es\\\/ayuntamiento\\\/atencion-ciudadana\\\/policia-local\\\/competencias\\\/\"]}]},{\"@type\":\"ImageObject\",\"inLanguage\":\"es\",\"@id\":\"https:\\\/\\\/mont-roig.cat\\\/es\\\/ayuntamiento\\\/atencion-ciudadana\\\/policia-local\\\/competencias\\\/#primaryimage\",\"url\":\"http:\\\/\\\/mont-roig.cat\\\/wp-content\\\/uploads\\\/dsc_0511.jpg\",\"contentUrl\":\"http:\\\/\\\/mont-roig.cat\\\/wp-content\\\/uploads\\\/dsc_0511.jpg\"},{\"@type\":\"BreadcrumbList\",\"@id\":\"https:\\\/\\\/mont-roig.cat\\\/es\\\/ayuntamiento\\\/atencion-ciudadana\\\/policia-local\\\/competencias\\\/#breadcrumb\",\"itemListElement\":[{\"@type\":\"ListItem\",\"position\":1,\"name\":\"Inici\",\"item\":\"https:\\\/\\\/mont-roig.cat\\\/es\\\/pagina-de-inicio\\\/\"},{\"@type\":\"ListItem\",\"position\":2,\"name\":\"Ayuntamiento\",\"item\":\"https:\\\/\\\/mont-roig.cat\\\/es\\\/ayuntamiento\\\/\"},{\"@type\":\"ListItem\",\"position\":3,\"name\":\"Atenci\u00f3n ciudadana\",\"item\":\"https:\\\/\\\/mont-roig.cat\\\/es\\\/ayuntamiento\\\/atencion-ciudadana\\\/\"},{\"@type\":\"ListItem\",\"position\":4,\"name\":\"Polic\u00eda local\",\"item\":\"https:\\\/\\\/mont-roig.cat\\\/es\\\/ayuntamiento\\\/atencion-ciudadana\\\/policia-local\\\/\"},{\"@type\":\"ListItem\",\"position\":5,\"name\":\"Competencias\"}]},{\"@type\":\"WebSite\",\"@id\":\"https:\\\/\\\/mont-roig.cat\\\/es\\\/#website\",\"url\":\"https:\\\/\\\/mont-roig.cat\\\/es\\\/\",\"name\":\"Ajuntament de Mont-roig del Camp\",\"description\":\"Tota la informaci\u00f3 sobre la instituci\u00f3, els seus \u00f2rgans de govern, actualitat, serveis i molt m\u00e9s.\",\"potentialAction\":[{\"@type\":\"SearchAction\",\"target\":{\"@type\":\"EntryPoint\",\"urlTemplate\":\"https:\\\/\\\/mont-roig.cat\\\/es\\\/?s={search_term_string}\"},\"query-input\":{\"@type\":\"PropertyValueSpecification\",\"valueRequired\":true,\"valueName\":\"search_term_string\"}}],\"inLanguage\":\"es\"}]}<\/script>\n<!-- \/ Yoast SEO plugin. -->","yoast_head_json":{"title":"Competencias - Ajuntament de Mont-roig del Camp","robots":{"index":"index","follow":"follow","max-snippet":"max-snippet:-1","max-image-preview":"max-image-preview:large","max-video-preview":"max-video-preview:-1"},"canonical":"https:\/\/mont-roig.cat\/es\/ayuntamiento\/atencion-ciudadana\/policia-local\/competencias\/","og_locale":"es_ES","og_type":"article","og_title":"Competencias - Ajuntament de Mont-roig del Camp","og_description":"Las polic\u00edas locales tienen sus competencias muy definidas dentro de las leyes. De foma espec\u00edfica y delimitada son las siguientes: Proteger a las autoridades de las corporaciones locales y vigilar y custodiar los edificios, las instalaciones y las dependencias de estas corporaciones. Ordenar, se\u00f1alizar y dirigir el tr\u00e1fico en el casco urbano, de acuerdo con [&hellip;]","og_url":"https:\/\/mont-roig.cat\/es\/ayuntamiento\/atencion-ciudadana\/policia-local\/competencias\/","og_site_name":"Ajuntament de Mont-roig del Camp","article_modified_time":"2016-03-03T13:51:19+00:00","og_image":[{"url":"http:\/\/mont-roig.cat\/wp-content\/uploads\/dsc_0511.jpg","type":"","width":"","height":""}],"twitter_card":"summary_large_image","twitter_misc":{"Tiempo de lectura":"2 minutos"},"schema":{"@context":"https:\/\/schema.org","@graph":[{"@type":"WebPage","@id":"https:\/\/mont-roig.cat\/es\/ayuntamiento\/atencion-ciudadana\/policia-local\/competencias\/","url":"https:\/\/mont-roig.cat\/es\/ayuntamiento\/atencion-ciudadana\/policia-local\/competencias\/","name":"Competencias - Ajuntament de Mont-roig del Camp","isPartOf":{"@id":"https:\/\/mont-roig.cat\/es\/#website"},"primaryImageOfPage":{"@id":"https:\/\/mont-roig.cat\/es\/ayuntamiento\/atencion-ciudadana\/policia-local\/competencias\/#primaryimage"},"image":{"@id":"https:\/\/mont-roig.cat\/es\/ayuntamiento\/atencion-ciudadana\/policia-local\/competencias\/#primaryimage"},"thumbnailUrl":"http:\/\/mont-roig.cat\/wp-content\/uploads\/dsc_0511.jpg","datePublished":"2015-03-17T12:15:45+00:00","dateModified":"2016-03-03T13:51:19+00:00","breadcrumb":{"@id":"https:\/\/mont-roig.cat\/es\/ayuntamiento\/atencion-ciudadana\/policia-local\/competencias\/#breadcrumb"},"inLanguage":"es","potentialAction":[{"@type":"ReadAction","target":["https:\/\/mont-roig.cat\/es\/ayuntamiento\/atencion-ciudadana\/policia-local\/competencias\/"]}]},{"@type":"ImageObject","inLanguage":"es","@id":"https:\/\/mont-roig.cat\/es\/ayuntamiento\/atencion-ciudadana\/policia-local\/competencias\/#primaryimage","url":"http:\/\/mont-roig.cat\/wp-content\/uploads\/dsc_0511.jpg","contentUrl":"http:\/\/mont-roig.cat\/wp-content\/uploads\/dsc_0511.jpg"},{"@type":"BreadcrumbList","@id":"https:\/\/mont-roig.cat\/es\/ayuntamiento\/atencion-ciudadana\/policia-local\/competencias\/#breadcrumb","itemListElement":[{"@type":"ListItem","position":1,"name":"Inici","item":"https:\/\/mont-roig.cat\/es\/pagina-de-inicio\/"},{"@type":"ListItem","position":2,"name":"Ayuntamiento","item":"https:\/\/mont-roig.cat\/es\/ayuntamiento\/"},{"@type":"ListItem","position":3,"name":"Atenci\u00f3n ciudadana","item":"https:\/\/mont-roig.cat\/es\/ayuntamiento\/atencion-ciudadana\/"},{"@type":"ListItem","position":4,"name":"Polic\u00eda local","item":"https:\/\/mont-roig.cat\/es\/ayuntamiento\/atencion-ciudadana\/policia-local\/"},{"@type":"ListItem","position":5,"name":"Competencias"}]},{"@type":"WebSite","@id":"https:\/\/mont-roig.cat\/es\/#website","url":"https:\/\/mont-roig.cat\/es\/","name":"Ajuntament de Mont-roig del Camp","description":"Tota la informaci\u00f3 sobre la instituci\u00f3, els seus \u00f2rgans de govern, actualitat, serveis i molt m\u00e9s.","potentialAction":[{"@type":"SearchAction","target":{"@type":"EntryPoint","urlTemplate":"https:\/\/mont-roig.cat\/es\/?s={search_term_string}"},"query-input":{"@type":"PropertyValueSpecification","valueRequired":true,"valueName":"search_term_string"}}],"inLanguage":"es"}]}},"_links":{"self":[{"href":"https:\/\/mont-roig.cat\/es\/wp-json\/wp\/v2\/pages\/4270","targetHints":{"allow":["GET"]}}],"collection":[{"href":"https:\/\/mont-roig.cat\/es\/wp-json\/wp\/v2\/pages"}],"about":[{"href":"https:\/\/mont-roig.cat\/es\/wp-json\/wp\/v2\/types\/page"}],"author":[{"embeddable":true,"href":"https:\/\/mont-roig.cat\/es\/wp-json\/wp\/v2\/users\/4"}],"replies":[{"embeddable":true,"href":"https:\/\/mont-roig.cat\/es\/wp-json\/wp\/v2\/comments?post=4270"}],"version-history":[{"count":0,"href":"https:\/\/mont-roig.cat\/es\/wp-json\/wp\/v2\/pages\/4270\/revisions"}],"up":[{"embeddable":true,"href":"https:\/\/mont-roig.cat\/es\/wp-json\/wp\/v2\/pages\/4269"}],"wp:attachment":[{"href":"https:\/\/mont-roig.cat\/es\/wp-json\/wp\/v2\/media?parent=4270"}],"curies":[{"name":"wp","href":"https:\/\/api.w.org\/{rel}","templated":true}]}}