{"id":4271,"date":"2015-03-17T12:16:19","date_gmt":"2015-03-17T12:16:19","guid":{"rendered":""},"modified":"2018-01-04T09:44:42","modified_gmt":"2018-01-04T08:44:42","slug":"denuncias-online","status":"publish","type":"page","link":"https:\/\/mont-roig.cat\/es\/ayuntamiento\/atencion-ciudadana\/policia-local\/denuncias-online\/","title":{"rendered":"Denuncias online"},"content":{"rendered":"<div class=\"body\">\n<div>\n<p><a href=\"https:\/\/denuncies.dgp.interior.gencat.cat\/denuncies\/\" target=\"_blank\" rel=\"noopener\"><img decoding=\"async\" class=\"requadre\" style=\"height: 237px; width: 400px; margin: 10px;\" title=\"Acceder al aplicativo de denuncias por Internet\" src=\"http:\/\/mont-roig.cat\/wp-content\/uploads\/den\u00fancies per internet.jpg\" alt=\"Acceder al aplicativo de denuncias por Internet\" \/><\/a><\/p>\n<p>La Polic\u00eda Local de Mont-roig del Camp dispone de un servicio para formalizar <strong>denuncias en l\u00ednea<\/strong>. A trav\u00e9s de un aplicativo web de la <em>Generalitat de Catalunya<\/em> se pueden realizar denuncias sobre la siguiente tipolog\u00eda de hechos:<\/p>\n<ul>\n<li>Denuncia de da\u00f1os<\/li>\n<li>Denuncia de una sustracci\u00f3n<\/li>\n<li>P\u00e9rdida de objetos<\/li>\n<li>Robo de vivienda, comercio, bar u otro establecimiento<\/li>\n<li>Robo dentro de un veh\u00edculo<\/li>\n<li>Sustracci\u00f3n de un veh\u00edculo<\/li>\n<\/ul>\n<p><strong>No se puede denunciar por este sistema ning\u00fan hecho en que haya habido violencia f\u00edsica en las personas<\/strong>. Tampoco se puede denunciar por este sistema ning\u00fan hecho en que la v\u00edctima haya visto a los autores o est\u00e9 en condiciones de identificarlos.<\/p>\n<p>Su denuncia estar\u00e1 disponible para que la firme en la comisar\u00eda que elija cuando termine la introducci\u00f3n de los datos. Para que la denuncia tenga eficacia jur\u00eddica, es necesario que firme una copia dentro de las 72 horas siguientes a su env\u00edo a la comisar\u00eda de la Polic\u00eda Local de Mont-roig del Camp.<\/p>\n<\/div>\n<\/div>\n<div class=\"field_page_fitxers\"><a href=\"http:\/\/mont-roig.cat\/wp-content\/uploads\/Dades-Policies-Locals_-Demarcaci\u00f3-de-Tarragona.pdf\" target=\"_blank\" rel=\"noopener\">Tel\u00e9fonos de las Policias Locales de la Demarcaci\u00f3n de Tarragona<\/a><\/div>\n","protected":false},"excerpt":{"rendered":"<p>La Polic\u00eda Local de Mont-roig del Camp dispone de un servicio para formalizar denuncias en l\u00ednea. A trav\u00e9s de un aplicativo web de la Generalitat de Catalunya se pueden realizar denuncias sobre la siguiente tipolog\u00eda de hechos: Denuncia de da\u00f1os Denuncia de una sustracci\u00f3n P\u00e9rdida de objetos Robo de vivienda, comercio, bar u otro establecimiento [&hellip;]<\/p>\n","protected":false},"author":4,"featured_media":0,"parent":4269,"menu_order":0,"comment_status":"closed","ping_status":"closed","template":"","meta":{"inline_featured_image":false,"_monsterinsights_skip_tracking":false,"_monsterinsights_sitenote_active":false,"_monsterinsights_sitenote_note":"","_monsterinsights_sitenote_category":0,"footnotes":""},"class_list":["post-4271","page","type-page","status-publish","hentry"],"yoast_head":"<!-- This site is optimized with the Yoast SEO plugin v27.4 - https:\/\/yoast.com\/product\/yoast-seo-wordpress\/ -->\n<title>Denuncias online - Ajuntament de Mont-roig del Camp<\/title>\n<meta name=\"robots\" content=\"index, follow, max-snippet:-1, max-image-preview:large, max-video-preview:-1\" \/>\n<link rel=\"canonical\" href=\"https:\/\/mont-roig.cat\/es\/ayuntamiento\/atencion-ciudadana\/policia-local\/denuncias-online\/\" \/>\n<meta property=\"og:locale\" content=\"es_ES\" \/>\n<meta property=\"og:type\" content=\"article\" \/>\n<meta property=\"og:title\" content=\"Denuncias online - Ajuntament de Mont-roig del Camp\" \/>\n<meta property=\"og:description\" content=\"La Polic\u00eda Local de Mont-roig del Camp dispone de un servicio para formalizar denuncias en l\u00ednea. A trav\u00e9s de un aplicativo web de la Generalitat de Catalunya se pueden realizar denuncias sobre la siguiente tipolog\u00eda de hechos: Denuncia de da\u00f1os Denuncia de una sustracci\u00f3n P\u00e9rdida de objetos Robo de vivienda, comercio, bar u otro establecimiento [&hellip;]\" \/>\n<meta property=\"og:url\" content=\"https:\/\/mont-roig.cat\/es\/ayuntamiento\/atencion-ciudadana\/policia-local\/denuncias-online\/\" \/>\n<meta property=\"og:site_name\" content=\"Ajuntament de Mont-roig del Camp\" \/>\n<meta property=\"article:modified_time\" content=\"2018-01-04T08:44:42+00:00\" \/>\n<meta property=\"og:image\" content=\"http:\/\/mont-roig.cat\/wp-content\/uploads\/den\u00fancies%20per%20internet.jpg\" \/>\n<meta name=\"twitter:card\" content=\"summary_large_image\" \/>\n<meta name=\"twitter:label1\" content=\"Tiempo de lectura\" \/>\n\t<meta name=\"twitter:data1\" content=\"1 minuto\" \/>\n<script type=\"application\/ld+json\" class=\"yoast-schema-graph\">{\"@context\":\"https:\\\/\\\/schema.org\",\"@graph\":[{\"@type\":\"WebPage\",\"@id\":\"https:\\\/\\\/mont-roig.cat\\\/es\\\/ayuntamiento\\\/atencion-ciudadana\\\/policia-local\\\/denuncias-online\\\/\",\"url\":\"https:\\\/\\\/mont-roig.cat\\\/es\\\/ayuntamiento\\\/atencion-ciudadana\\\/policia-local\\\/denuncias-online\\\/\",\"name\":\"Denuncias online - Ajuntament de Mont-roig del Camp\",\"isPartOf\":{\"@id\":\"https:\\\/\\\/mont-roig.cat\\\/es\\\/#website\"},\"datePublished\":\"2015-03-17T12:16:19+00:00\",\"dateModified\":\"2018-01-04T08:44:42+00:00\",\"breadcrumb\":{\"@id\":\"https:\\\/\\\/mont-roig.cat\\\/es\\\/ayuntamiento\\\/atencion-ciudadana\\\/policia-local\\\/denuncias-online\\\/#breadcrumb\"},\"inLanguage\":\"es\",\"potentialAction\":[{\"@type\":\"ReadAction\",\"target\":[\"https:\\\/\\\/mont-roig.cat\\\/es\\\/ayuntamiento\\\/atencion-ciudadana\\\/policia-local\\\/denuncias-online\\\/\"]}]},{\"@type\":\"BreadcrumbList\",\"@id\":\"https:\\\/\\\/mont-roig.cat\\\/es\\\/ayuntamiento\\\/atencion-ciudadana\\\/policia-local\\\/denuncias-online\\\/#breadcrumb\",\"itemListElement\":[{\"@type\":\"ListItem\",\"position\":1,\"name\":\"Inici\",\"item\":\"https:\\\/\\\/mont-roig.cat\\\/es\\\/pagina-de-inicio\\\/\"},{\"@type\":\"ListItem\",\"position\":2,\"name\":\"Ayuntamiento\",\"item\":\"https:\\\/\\\/mont-roig.cat\\\/es\\\/ayuntamiento\\\/\"},{\"@type\":\"ListItem\",\"position\":3,\"name\":\"Atenci\u00f3n ciudadana\",\"item\":\"https:\\\/\\\/mont-roig.cat\\\/es\\\/ayuntamiento\\\/atencion-ciudadana\\\/\"},{\"@type\":\"ListItem\",\"position\":4,\"name\":\"Polic\u00eda local\",\"item\":\"https:\\\/\\\/mont-roig.cat\\\/es\\\/ayuntamiento\\\/atencion-ciudadana\\\/policia-local\\\/\"},{\"@type\":\"ListItem\",\"position\":5,\"name\":\"Denuncias online\"}]},{\"@type\":\"WebSite\",\"@id\":\"https:\\\/\\\/mont-roig.cat\\\/es\\\/#website\",\"url\":\"https:\\\/\\\/mont-roig.cat\\\/es\\\/\",\"name\":\"Ajuntament de Mont-roig del Camp\",\"description\":\"Tota la informaci\u00f3 sobre la instituci\u00f3, els seus \u00f2rgans de govern, actualitat, serveis i molt m\u00e9s.\",\"potentialAction\":[{\"@type\":\"SearchAction\",\"target\":{\"@type\":\"EntryPoint\",\"urlTemplate\":\"https:\\\/\\\/mont-roig.cat\\\/es\\\/?s={search_term_string}\"},\"query-input\":{\"@type\":\"PropertyValueSpecification\",\"valueRequired\":true,\"valueName\":\"search_term_string\"}}],\"inLanguage\":\"es\"}]}<\/script>\n<!-- \/ Yoast SEO plugin. -->","yoast_head_json":{"title":"Denuncias online - Ajuntament de Mont-roig del Camp","robots":{"index":"index","follow":"follow","max-snippet":"max-snippet:-1","max-image-preview":"max-image-preview:large","max-video-preview":"max-video-preview:-1"},"canonical":"https:\/\/mont-roig.cat\/es\/ayuntamiento\/atencion-ciudadana\/policia-local\/denuncias-online\/","og_locale":"es_ES","og_type":"article","og_title":"Denuncias online - Ajuntament de Mont-roig del Camp","og_description":"La Polic\u00eda Local de Mont-roig del Camp dispone de un servicio para formalizar denuncias en l\u00ednea. A trav\u00e9s de un aplicativo web de la Generalitat de Catalunya se pueden realizar denuncias sobre la siguiente tipolog\u00eda de hechos: Denuncia de da\u00f1os Denuncia de una sustracci\u00f3n P\u00e9rdida de objetos Robo de vivienda, comercio, bar u otro establecimiento [&hellip;]","og_url":"https:\/\/mont-roig.cat\/es\/ayuntamiento\/atencion-ciudadana\/policia-local\/denuncias-online\/","og_site_name":"Ajuntament de Mont-roig del Camp","article_modified_time":"2018-01-04T08:44:42+00:00","og_image":[{"url":"http:\/\/mont-roig.cat\/wp-content\/uploads\/den\u00fancies per internet.jpg","type":"","width":"","height":""}],"twitter_card":"summary_large_image","twitter_misc":{"Tiempo de lectura":"1 minuto"},"schema":{"@context":"https:\/\/schema.org","@graph":[{"@type":"WebPage","@id":"https:\/\/mont-roig.cat\/es\/ayuntamiento\/atencion-ciudadana\/policia-local\/denuncias-online\/","url":"https:\/\/mont-roig.cat\/es\/ayuntamiento\/atencion-ciudadana\/policia-local\/denuncias-online\/","name":"Denuncias online - Ajuntament de Mont-roig del Camp","isPartOf":{"@id":"https:\/\/mont-roig.cat\/es\/#website"},"datePublished":"2015-03-17T12:16:19+00:00","dateModified":"2018-01-04T08:44:42+00:00","breadcrumb":{"@id":"https:\/\/mont-roig.cat\/es\/ayuntamiento\/atencion-ciudadana\/policia-local\/denuncias-online\/#breadcrumb"},"inLanguage":"es","potentialAction":[{"@type":"ReadAction","target":["https:\/\/mont-roig.cat\/es\/ayuntamiento\/atencion-ciudadana\/policia-local\/denuncias-online\/"]}]},{"@type":"BreadcrumbList","@id":"https:\/\/mont-roig.cat\/es\/ayuntamiento\/atencion-ciudadana\/policia-local\/denuncias-online\/#breadcrumb","itemListElement":[{"@type":"ListItem","position":1,"name":"Inici","item":"https:\/\/mont-roig.cat\/es\/pagina-de-inicio\/"},{"@type":"ListItem","position":2,"name":"Ayuntamiento","item":"https:\/\/mont-roig.cat\/es\/ayuntamiento\/"},{"@type":"ListItem","position":3,"name":"Atenci\u00f3n ciudadana","item":"https:\/\/mont-roig.cat\/es\/ayuntamiento\/atencion-ciudadana\/"},{"@type":"ListItem","position":4,"name":"Polic\u00eda local","item":"https:\/\/mont-roig.cat\/es\/ayuntamiento\/atencion-ciudadana\/policia-local\/"},{"@type":"ListItem","position":5,"name":"Denuncias online"}]},{"@type":"WebSite","@id":"https:\/\/mont-roig.cat\/es\/#website","url":"https:\/\/mont-roig.cat\/es\/","name":"Ajuntament de Mont-roig del Camp","description":"Tota la informaci\u00f3 sobre la instituci\u00f3, els seus \u00f2rgans de govern, actualitat, serveis i molt m\u00e9s.","potentialAction":[{"@type":"SearchAction","target":{"@type":"EntryPoint","urlTemplate":"https:\/\/mont-roig.cat\/es\/?s={search_term_string}"},"query-input":{"@type":"PropertyValueSpecification","valueRequired":true,"valueName":"search_term_string"}}],"inLanguage":"es"}]}},"_links":{"self":[{"href":"https:\/\/mont-roig.cat\/es\/wp-json\/wp\/v2\/pages\/4271","targetHints":{"allow":["GET"]}}],"collection":[{"href":"https:\/\/mont-roig.cat\/es\/wp-json\/wp\/v2\/pages"}],"about":[{"href":"https:\/\/mont-roig.cat\/es\/wp-json\/wp\/v2\/types\/page"}],"author":[{"embeddable":true,"href":"https:\/\/mont-roig.cat\/es\/wp-json\/wp\/v2\/users\/4"}],"replies":[{"embeddable":true,"href":"https:\/\/mont-roig.cat\/es\/wp-json\/wp\/v2\/comments?post=4271"}],"version-history":[{"count":1,"href":"https:\/\/mont-roig.cat\/es\/wp-json\/wp\/v2\/pages\/4271\/revisions"}],"predecessor-version":[{"id":23742,"href":"https:\/\/mont-roig.cat\/es\/wp-json\/wp\/v2\/pages\/4271\/revisions\/23742"}],"up":[{"embeddable":true,"href":"https:\/\/mont-roig.cat\/es\/wp-json\/wp\/v2\/pages\/4269"}],"wp:attachment":[{"href":"https:\/\/mont-roig.cat\/es\/wp-json\/wp\/v2\/media?parent=4271"}],"curies":[{"name":"wp","href":"https:\/\/api.w.org\/{rel}","templated":true}]}}