{"id":4272,"date":"2015-03-17T14:20:48","date_gmt":"2015-03-17T14:20:48","guid":{"rendered":""},"modified":"2025-03-04T13:25:57","modified_gmt":"2025-03-04T12:25:57","slug":"archivo-municipal","status":"publish","type":"page","link":"https:\/\/mont-roig.cat\/es\/ayuntamiento\/atencion-ciudadana\/archivo-municipal\/","title":{"rendered":"Archivo municipal"},"content":{"rendered":"<div class=\"body\">\n<p>El <strong>Archivo Muncipal de Mont-roig del Camp<\/strong> (AMMC) es un servicio p\u00fablico responsable de organizar y difundir el patrimonio documental municipal, garantizar el derecho a la informaci\u00f3n, facilitar la investigaci\u00f3n y velar por la salvaguarda del patrimonio documental del municipio. <img decoding=\"async\" class=\"requadre\" style=\"height: 225px; width: 300px; margin: 10px; float: right;\" title=\"Archivo Municipal Mont-roig del Camp\" src=\"http:\/\/mont-roig.cat\/wp-content\/uploads\/Imagen3.jpg\" alt=\"Archivo Municipal Mont-roig del Camp\" \/><\/p>\n<p>Constituye el Archivo municipal el conjunto org\u00e1nico de documentos, independientemente de su fecha y apoyo, generados por el Ayuntamiento en el ejercicio de sus funciones, as\u00ed como los de personas f\u00edsicas, jur\u00eddicas, p\u00fablicas o privadas que le hayan hecho cesi\u00f3n, con fines de gesti\u00f3n administrativa, de informaci\u00f3n y de investigaci\u00f3n hist\u00f3rica, cient\u00edfica y cultural.<\/p>\n<p>Tambi\u00e9n forma parte del Archivo municipal la instalaci\u00f3n o instalaciones donde se re\u00fanen, conservan, ordenan y difunden los documentos que integran el patrimonio documental municipal.<\/p>\n<p>El patrimonio documental municipal pertenece a todos los vecinos i vecinas de Mont-roig. Todos los aldeanos pueden consultar y reproducir los documentos del Archivo Municipal, salvo aquellos que contengan datos de car\u00e1cter personal o aquellos cuyo acceso haya sido restringido por disposiciones legales.<\/p>\n<p style=\"text-align: justify;\">El Archivo Municipal mantiene un inventario general de los documentos que custodia. Esta base de datos incluye referencias a partir del a\u00f1o 1920. Actualmente cuenta con m\u00e1s de 14.000 registros y est\u00e1 permanentemente en constante actualizaci\u00f3n.<\/p>\n<h4 style=\"text-align: justify;\">Acceso a la documentaci\u00f3n del Archivo Municipal<\/h4>\n<p style=\"text-align: justify;\">El acceso a la documentaci\u00f3n es libre y no es necesario ning\u00fan carn\u00e9 de consulta. Las solicitudes deben dirigirse por escrito mediante el formulario que consta en la <a href=\"https:\/\/mont-roig.eadministracio.cat\/\" target=\"_blank\" rel=\"noopener\">Sede electr\u00f3nica del Ayuntamiento de Mont-roig del Camp<\/a>\u00a0\u2192 Tr\u00e1mites \u2192 Solicitud de Consulta de Fondos del Archivo<\/p>\n<h4>Horario de apertura:<\/h4>\n<p>De lunes al viernes, de 10:00 a 14:00h<\/p>\n<h4><img decoding=\"async\" class=\"requadre\" style=\"width: 300px; height: 225px; margin: 10px; float: left;\" title=\"El AMMC est\u00e1 ubicado en la tercera planta de la Casa de Cultura\" src=\"http:\/\/mont-roig.cat\/wp-content\/uploads\/2015_03_11 042.jpg\" alt=\"El AMMC est\u00e1 ubicado en la tercera planta de la Casa de Cultura\" \/>Lugar:<\/h4>\n<p>Casa de Cultura Agust\u00ed Sard\u00e0 (3a planta)<br \/>\nC. Mare de D\u00e9u de la Roca, 5<br \/>\n43300 Mont-roig del Camp<\/p>\n<h4>Contacto:<\/h4>\n<p>Tel\u00e9fono 977 83 81 55<br \/>\nA\/e <a href=\"mailto:arxiu@mont-roig.cat\">arxiu@mont-roig.cat\u00a0<\/a><\/p>\n<p>&nbsp;<\/p>\n<p>Para agilizar la consulta de documentaci\u00f3n, se recomienda contactar con el Archivo previamente y concretar el d\u00eda y la hora de visita detallando el tipo de documentos que se quieren consultar.<\/p>\n<\/div>\n","protected":false},"excerpt":{"rendered":"<p>El Archivo Muncipal de Mont-roig del Camp (AMMC) es un servicio p\u00fablico responsable de organizar y difundir el patrimonio documental municipal, garantizar el derecho a la informaci\u00f3n, facilitar la investigaci\u00f3n y velar por la salvaguarda del patrimonio documental del municipio. Constituye el Archivo municipal el conjunto org\u00e1nico de documentos, independientemente de su fecha y apoyo, [&hellip;]<\/p>\n","protected":false},"author":4,"featured_media":0,"parent":9508,"menu_order":0,"comment_status":"closed","ping_status":"closed","template":"","meta":{"inline_featured_image":false,"_monsterinsights_skip_tracking":false,"_monsterinsights_sitenote_active":false,"_monsterinsights_sitenote_note":"","_monsterinsights_sitenote_category":0,"footnotes":""},"class_list":["post-4272","page","type-page","status-publish","hentry"],"yoast_head":"<!-- This site is optimized with the Yoast SEO plugin v27.4 - https:\/\/yoast.com\/product\/yoast-seo-wordpress\/ -->\n<title>Archivo municipal - Ajuntament de Mont-roig del Camp<\/title>\n<meta name=\"robots\" content=\"index, follow, max-snippet:-1, max-image-preview:large, max-video-preview:-1\" \/>\n<link rel=\"canonical\" href=\"https:\/\/mont-roig.cat\/es\/ayuntamiento\/atencion-ciudadana\/archivo-municipal\/\" \/>\n<meta property=\"og:locale\" content=\"es_ES\" \/>\n<meta property=\"og:type\" content=\"article\" \/>\n<meta property=\"og:title\" content=\"Archivo municipal - Ajuntament de Mont-roig del Camp\" \/>\n<meta property=\"og:description\" content=\"El Archivo Muncipal de Mont-roig del Camp (AMMC) es un servicio p\u00fablico responsable de organizar y difundir el patrimonio documental municipal, garantizar el derecho a la informaci\u00f3n, facilitar la investigaci\u00f3n y velar por la salvaguarda del patrimonio documental del municipio. Constituye el Archivo municipal el conjunto org\u00e1nico de documentos, independientemente de su fecha y apoyo, [&hellip;]\" \/>\n<meta property=\"og:url\" content=\"https:\/\/mont-roig.cat\/es\/ayuntamiento\/atencion-ciudadana\/archivo-municipal\/\" \/>\n<meta property=\"og:site_name\" content=\"Ajuntament de Mont-roig del Camp\" \/>\n<meta property=\"article:modified_time\" content=\"2025-03-04T12:25:57+00:00\" \/>\n<meta property=\"og:image\" content=\"http:\/\/mont-roig.cat\/wp-content\/uploads\/Imagen3.jpg\" \/>\n<meta name=\"twitter:card\" content=\"summary_large_image\" \/>\n<meta name=\"twitter:label1\" content=\"Tiempo de lectura\" \/>\n\t<meta name=\"twitter:data1\" content=\"3 minutos\" \/>\n<script type=\"application\/ld+json\" class=\"yoast-schema-graph\">{\"@context\":\"https:\\\/\\\/schema.org\",\"@graph\":[{\"@type\":\"WebPage\",\"@id\":\"https:\\\/\\\/mont-roig.cat\\\/es\\\/ayuntamiento\\\/atencion-ciudadana\\\/archivo-municipal\\\/\",\"url\":\"https:\\\/\\\/mont-roig.cat\\\/es\\\/ayuntamiento\\\/atencion-ciudadana\\\/archivo-municipal\\\/\",\"name\":\"Archivo municipal - Ajuntament de Mont-roig del Camp\",\"isPartOf\":{\"@id\":\"https:\\\/\\\/mont-roig.cat\\\/es\\\/#website\"},\"primaryImageOfPage\":{\"@id\":\"https:\\\/\\\/mont-roig.cat\\\/es\\\/ayuntamiento\\\/atencion-ciudadana\\\/archivo-municipal\\\/#primaryimage\"},\"image\":{\"@id\":\"https:\\\/\\\/mont-roig.cat\\\/es\\\/ayuntamiento\\\/atencion-ciudadana\\\/archivo-municipal\\\/#primaryimage\"},\"thumbnailUrl\":\"http:\\\/\\\/mont-roig.cat\\\/wp-content\\\/uploads\\\/Imagen3.jpg\",\"datePublished\":\"2015-03-17T14:20:48+00:00\",\"dateModified\":\"2025-03-04T12:25:57+00:00\",\"breadcrumb\":{\"@id\":\"https:\\\/\\\/mont-roig.cat\\\/es\\\/ayuntamiento\\\/atencion-ciudadana\\\/archivo-municipal\\\/#breadcrumb\"},\"inLanguage\":\"es\",\"potentialAction\":[{\"@type\":\"ReadAction\",\"target\":[\"https:\\\/\\\/mont-roig.cat\\\/es\\\/ayuntamiento\\\/atencion-ciudadana\\\/archivo-municipal\\\/\"]}]},{\"@type\":\"ImageObject\",\"inLanguage\":\"es\",\"@id\":\"https:\\\/\\\/mont-roig.cat\\\/es\\\/ayuntamiento\\\/atencion-ciudadana\\\/archivo-municipal\\\/#primaryimage\",\"url\":\"http:\\\/\\\/mont-roig.cat\\\/wp-content\\\/uploads\\\/Imagen3.jpg\",\"contentUrl\":\"http:\\\/\\\/mont-roig.cat\\\/wp-content\\\/uploads\\\/Imagen3.jpg\"},{\"@type\":\"BreadcrumbList\",\"@id\":\"https:\\\/\\\/mont-roig.cat\\\/es\\\/ayuntamiento\\\/atencion-ciudadana\\\/archivo-municipal\\\/#breadcrumb\",\"itemListElement\":[{\"@type\":\"ListItem\",\"position\":1,\"name\":\"Inici\",\"item\":\"https:\\\/\\\/mont-roig.cat\\\/es\\\/pagina-de-inicio\\\/\"},{\"@type\":\"ListItem\",\"position\":2,\"name\":\"Ayuntamiento\",\"item\":\"https:\\\/\\\/mont-roig.cat\\\/es\\\/ayuntamiento\\\/\"},{\"@type\":\"ListItem\",\"position\":3,\"name\":\"Atenci\u00f3n ciudadana\",\"item\":\"https:\\\/\\\/mont-roig.cat\\\/es\\\/ayuntamiento\\\/atencion-ciudadana\\\/\"},{\"@type\":\"ListItem\",\"position\":4,\"name\":\"Archivo municipal\"}]},{\"@type\":\"WebSite\",\"@id\":\"https:\\\/\\\/mont-roig.cat\\\/es\\\/#website\",\"url\":\"https:\\\/\\\/mont-roig.cat\\\/es\\\/\",\"name\":\"Ajuntament de Mont-roig del Camp\",\"description\":\"Tota la informaci\u00f3 sobre la instituci\u00f3, els seus \u00f2rgans de govern, actualitat, serveis i molt m\u00e9s.\",\"potentialAction\":[{\"@type\":\"SearchAction\",\"target\":{\"@type\":\"EntryPoint\",\"urlTemplate\":\"https:\\\/\\\/mont-roig.cat\\\/es\\\/?s={search_term_string}\"},\"query-input\":{\"@type\":\"PropertyValueSpecification\",\"valueRequired\":true,\"valueName\":\"search_term_string\"}}],\"inLanguage\":\"es\"}]}<\/script>\n<!-- \/ Yoast SEO plugin. -->","yoast_head_json":{"title":"Archivo municipal - Ajuntament de Mont-roig del Camp","robots":{"index":"index","follow":"follow","max-snippet":"max-snippet:-1","max-image-preview":"max-image-preview:large","max-video-preview":"max-video-preview:-1"},"canonical":"https:\/\/mont-roig.cat\/es\/ayuntamiento\/atencion-ciudadana\/archivo-municipal\/","og_locale":"es_ES","og_type":"article","og_title":"Archivo municipal - Ajuntament de Mont-roig del Camp","og_description":"El Archivo Muncipal de Mont-roig del Camp (AMMC) es un servicio p\u00fablico responsable de organizar y difundir el patrimonio documental municipal, garantizar el derecho a la informaci\u00f3n, facilitar la investigaci\u00f3n y velar por la salvaguarda del patrimonio documental del municipio. Constituye el Archivo municipal el conjunto org\u00e1nico de documentos, independientemente de su fecha y apoyo, [&hellip;]","og_url":"https:\/\/mont-roig.cat\/es\/ayuntamiento\/atencion-ciudadana\/archivo-municipal\/","og_site_name":"Ajuntament de Mont-roig del Camp","article_modified_time":"2025-03-04T12:25:57+00:00","og_image":[{"url":"http:\/\/mont-roig.cat\/wp-content\/uploads\/Imagen3.jpg","type":"","width":"","height":""}],"twitter_card":"summary_large_image","twitter_misc":{"Tiempo de lectura":"3 minutos"},"schema":{"@context":"https:\/\/schema.org","@graph":[{"@type":"WebPage","@id":"https:\/\/mont-roig.cat\/es\/ayuntamiento\/atencion-ciudadana\/archivo-municipal\/","url":"https:\/\/mont-roig.cat\/es\/ayuntamiento\/atencion-ciudadana\/archivo-municipal\/","name":"Archivo municipal - Ajuntament de Mont-roig del Camp","isPartOf":{"@id":"https:\/\/mont-roig.cat\/es\/#website"},"primaryImageOfPage":{"@id":"https:\/\/mont-roig.cat\/es\/ayuntamiento\/atencion-ciudadana\/archivo-municipal\/#primaryimage"},"image":{"@id":"https:\/\/mont-roig.cat\/es\/ayuntamiento\/atencion-ciudadana\/archivo-municipal\/#primaryimage"},"thumbnailUrl":"http:\/\/mont-roig.cat\/wp-content\/uploads\/Imagen3.jpg","datePublished":"2015-03-17T14:20:48+00:00","dateModified":"2025-03-04T12:25:57+00:00","breadcrumb":{"@id":"https:\/\/mont-roig.cat\/es\/ayuntamiento\/atencion-ciudadana\/archivo-municipal\/#breadcrumb"},"inLanguage":"es","potentialAction":[{"@type":"ReadAction","target":["https:\/\/mont-roig.cat\/es\/ayuntamiento\/atencion-ciudadana\/archivo-municipal\/"]}]},{"@type":"ImageObject","inLanguage":"es","@id":"https:\/\/mont-roig.cat\/es\/ayuntamiento\/atencion-ciudadana\/archivo-municipal\/#primaryimage","url":"http:\/\/mont-roig.cat\/wp-content\/uploads\/Imagen3.jpg","contentUrl":"http:\/\/mont-roig.cat\/wp-content\/uploads\/Imagen3.jpg"},{"@type":"BreadcrumbList","@id":"https:\/\/mont-roig.cat\/es\/ayuntamiento\/atencion-ciudadana\/archivo-municipal\/#breadcrumb","itemListElement":[{"@type":"ListItem","position":1,"name":"Inici","item":"https:\/\/mont-roig.cat\/es\/pagina-de-inicio\/"},{"@type":"ListItem","position":2,"name":"Ayuntamiento","item":"https:\/\/mont-roig.cat\/es\/ayuntamiento\/"},{"@type":"ListItem","position":3,"name":"Atenci\u00f3n ciudadana","item":"https:\/\/mont-roig.cat\/es\/ayuntamiento\/atencion-ciudadana\/"},{"@type":"ListItem","position":4,"name":"Archivo municipal"}]},{"@type":"WebSite","@id":"https:\/\/mont-roig.cat\/es\/#website","url":"https:\/\/mont-roig.cat\/es\/","name":"Ajuntament de Mont-roig del Camp","description":"Tota la informaci\u00f3 sobre la instituci\u00f3, els seus \u00f2rgans de govern, actualitat, serveis i molt m\u00e9s.","potentialAction":[{"@type":"SearchAction","target":{"@type":"EntryPoint","urlTemplate":"https:\/\/mont-roig.cat\/es\/?s={search_term_string}"},"query-input":{"@type":"PropertyValueSpecification","valueRequired":true,"valueName":"search_term_string"}}],"inLanguage":"es"}]}},"_links":{"self":[{"href":"https:\/\/mont-roig.cat\/es\/wp-json\/wp\/v2\/pages\/4272","targetHints":{"allow":["GET"]}}],"collection":[{"href":"https:\/\/mont-roig.cat\/es\/wp-json\/wp\/v2\/pages"}],"about":[{"href":"https:\/\/mont-roig.cat\/es\/wp-json\/wp\/v2\/types\/page"}],"author":[{"embeddable":true,"href":"https:\/\/mont-roig.cat\/es\/wp-json\/wp\/v2\/users\/4"}],"replies":[{"embeddable":true,"href":"https:\/\/mont-roig.cat\/es\/wp-json\/wp\/v2\/comments?post=4272"}],"version-history":[{"count":4,"href":"https:\/\/mont-roig.cat\/es\/wp-json\/wp\/v2\/pages\/4272\/revisions"}],"predecessor-version":[{"id":81158,"href":"https:\/\/mont-roig.cat\/es\/wp-json\/wp\/v2\/pages\/4272\/revisions\/81158"}],"up":[{"embeddable":true,"href":"https:\/\/mont-roig.cat\/es\/wp-json\/wp\/v2\/pages\/9508"}],"wp:attachment":[{"href":"https:\/\/mont-roig.cat\/es\/wp-json\/wp\/v2\/media?parent=4272"}],"curies":[{"name":"wp","href":"https:\/\/api.w.org\/{rel}","templated":true}]}}