{"id":4273,"date":"2015-03-18T07:56:26","date_gmt":"2015-03-18T07:56:26","guid":{"rendered":""},"modified":"2025-03-04T13:22:55","modified_gmt":"2025-03-04T12:22:55","slug":"fondo-documental","status":"publish","type":"page","link":"https:\/\/mont-roig.cat\/es\/ayuntamiento\/atencion-ciudadana\/archivo-municipal\/fondo-documental\/","title":{"rendered":"Fondo documental"},"content":{"rendered":"<div class=\"body\">\n<div>\n<p><img decoding=\"async\" class=\"requadre\" style=\"width: 300px; height: 221px; margin: 10px; float: right;\" title=\"El AMMC est\u00e1 abierto a la donaci\u00f3n y dep\u00f3sito de fondos documentales\" src=\"http:\/\/mont-roig.cat\/wp-content\/uploads\/Imagen1.jpg\" alt=\"El AMMC est\u00e1 abierto a la donaci\u00f3n y dep\u00f3sito de fondos documentales\" \/><\/p>\n<p>En el Archivo Municipal de Mont-roig del Camp (AMMC) se conservan los <strong>fondos documentales<\/strong> siguientes:<\/p>\n<ul>\n<li><strong>Fondo Ayuntamiento de Mont-roig del Camp<\/strong>: re\u00fane los documentos que genera y ha generado este organismo, fruto de su actividad y en ejercicio de las funciones que legalmente le corresponden. La documentaci\u00f3n se estructura de acuerdo con el cuadro de clasificaci\u00f3n (<a href=\"https:\/\/mont-roig.cat\/wp-content\/uploads\/Descripcio_fons_ajuntament.pdf\" target=\"_blank\" rel=\"noopener\">enlace<\/a>)<\/li>\n<li><strong>Fondo del Juzgado de Paz<\/strong>.<\/li>\n<li><strong>Fondo Associaci\u00f3 de Joves Roca Ferma\u00a0<\/strong>(1983-2014).<\/li>\n<li><strong>Fondo<\/strong> <strong>Associaci\u00f3 Cultural Arxiu i Mem\u00f2ria<\/strong> (ACAM): este fondo est\u00e1 constituido, b\u00e1sicamente, por las grabaciones audiovisuales y las fotograf\u00edas digitalizadas, fruto de los proyectos de recuperaci\u00f3n de la memoria popular.<\/li>\n<\/ul>\n<p>El AMMC est\u00e1 abierto a la donaci\u00f3n y al dep\u00f3sito de fondos documentales de inter\u00e9s hist\u00f3rico o cultural provenientes de personas, familias, entidades, asociaciones, empresas y comercios, con el objetivo de contribuir a la conservaci\u00f3n y la difusi\u00f3n del patrimonio documental de la villa.<\/p>\n<\/div>\n<\/div>\n","protected":false},"excerpt":{"rendered":"<p>En el Archivo Municipal de Mont-roig del Camp (AMMC) se conservan los fondos documentales siguientes: Fondo Ayuntamiento de Mont-roig del Camp: re\u00fane los documentos que genera y ha generado este organismo, fruto de su actividad y en ejercicio de las funciones que legalmente le corresponden. La documentaci\u00f3n se estructura de acuerdo con el cuadro de [&hellip;]<\/p>\n","protected":false},"author":4,"featured_media":0,"parent":4272,"menu_order":0,"comment_status":"closed","ping_status":"closed","template":"","meta":{"inline_featured_image":false,"_monsterinsights_skip_tracking":false,"_monsterinsights_sitenote_active":false,"_monsterinsights_sitenote_note":"","_monsterinsights_sitenote_category":0,"footnotes":""},"class_list":["post-4273","page","type-page","status-publish","hentry"],"yoast_head":"<!-- This site is optimized with the Yoast SEO plugin v27.4 - https:\/\/yoast.com\/product\/yoast-seo-wordpress\/ -->\n<title>Fondo documental - Ajuntament de Mont-roig del Camp<\/title>\n<meta name=\"robots\" content=\"index, follow, max-snippet:-1, max-image-preview:large, max-video-preview:-1\" \/>\n<link rel=\"canonical\" href=\"https:\/\/mont-roig.cat\/es\/ayuntamiento\/atencion-ciudadana\/archivo-municipal\/fondo-documental\/\" \/>\n<meta property=\"og:locale\" content=\"es_ES\" \/>\n<meta property=\"og:type\" content=\"article\" \/>\n<meta property=\"og:title\" content=\"Fondo documental - Ajuntament de Mont-roig del Camp\" \/>\n<meta property=\"og:description\" content=\"En el Archivo Municipal de Mont-roig del Camp (AMMC) se conservan los fondos documentales siguientes: Fondo Ayuntamiento de Mont-roig del Camp: re\u00fane los documentos que genera y ha generado este organismo, fruto de su actividad y en ejercicio de las funciones que legalmente le corresponden. La documentaci\u00f3n se estructura de acuerdo con el cuadro de [&hellip;]\" \/>\n<meta property=\"og:url\" content=\"https:\/\/mont-roig.cat\/es\/ayuntamiento\/atencion-ciudadana\/archivo-municipal\/fondo-documental\/\" \/>\n<meta property=\"og:site_name\" content=\"Ajuntament de Mont-roig del Camp\" \/>\n<meta property=\"article:modified_time\" content=\"2025-03-04T12:22:55+00:00\" \/>\n<meta property=\"og:image\" content=\"http:\/\/mont-roig.cat\/wp-content\/uploads\/Imagen1.jpg\" \/>\n<meta name=\"twitter:card\" content=\"summary_large_image\" \/>\n<meta name=\"twitter:label1\" content=\"Tiempo de lectura\" \/>\n\t<meta name=\"twitter:data1\" content=\"1 minuto\" \/>\n<script type=\"application\/ld+json\" class=\"yoast-schema-graph\">{\"@context\":\"https:\\\/\\\/schema.org\",\"@graph\":[{\"@type\":\"WebPage\",\"@id\":\"https:\\\/\\\/mont-roig.cat\\\/es\\\/ayuntamiento\\\/atencion-ciudadana\\\/archivo-municipal\\\/fondo-documental\\\/\",\"url\":\"https:\\\/\\\/mont-roig.cat\\\/es\\\/ayuntamiento\\\/atencion-ciudadana\\\/archivo-municipal\\\/fondo-documental\\\/\",\"name\":\"Fondo documental - Ajuntament de Mont-roig del Camp\",\"isPartOf\":{\"@id\":\"https:\\\/\\\/mont-roig.cat\\\/es\\\/#website\"},\"primaryImageOfPage\":{\"@id\":\"https:\\\/\\\/mont-roig.cat\\\/es\\\/ayuntamiento\\\/atencion-ciudadana\\\/archivo-municipal\\\/fondo-documental\\\/#primaryimage\"},\"image\":{\"@id\":\"https:\\\/\\\/mont-roig.cat\\\/es\\\/ayuntamiento\\\/atencion-ciudadana\\\/archivo-municipal\\\/fondo-documental\\\/#primaryimage\"},\"thumbnailUrl\":\"http:\\\/\\\/mont-roig.cat\\\/wp-content\\\/uploads\\\/Imagen1.jpg\",\"datePublished\":\"2015-03-18T07:56:26+00:00\",\"dateModified\":\"2025-03-04T12:22:55+00:00\",\"breadcrumb\":{\"@id\":\"https:\\\/\\\/mont-roig.cat\\\/es\\\/ayuntamiento\\\/atencion-ciudadana\\\/archivo-municipal\\\/fondo-documental\\\/#breadcrumb\"},\"inLanguage\":\"es\",\"potentialAction\":[{\"@type\":\"ReadAction\",\"target\":[\"https:\\\/\\\/mont-roig.cat\\\/es\\\/ayuntamiento\\\/atencion-ciudadana\\\/archivo-municipal\\\/fondo-documental\\\/\"]}]},{\"@type\":\"ImageObject\",\"inLanguage\":\"es\",\"@id\":\"https:\\\/\\\/mont-roig.cat\\\/es\\\/ayuntamiento\\\/atencion-ciudadana\\\/archivo-municipal\\\/fondo-documental\\\/#primaryimage\",\"url\":\"http:\\\/\\\/mont-roig.cat\\\/wp-content\\\/uploads\\\/Imagen1.jpg\",\"contentUrl\":\"http:\\\/\\\/mont-roig.cat\\\/wp-content\\\/uploads\\\/Imagen1.jpg\"},{\"@type\":\"BreadcrumbList\",\"@id\":\"https:\\\/\\\/mont-roig.cat\\\/es\\\/ayuntamiento\\\/atencion-ciudadana\\\/archivo-municipal\\\/fondo-documental\\\/#breadcrumb\",\"itemListElement\":[{\"@type\":\"ListItem\",\"position\":1,\"name\":\"Inici\",\"item\":\"https:\\\/\\\/mont-roig.cat\\\/es\\\/pagina-de-inicio\\\/\"},{\"@type\":\"ListItem\",\"position\":2,\"name\":\"Ayuntamiento\",\"item\":\"https:\\\/\\\/mont-roig.cat\\\/es\\\/ayuntamiento\\\/\"},{\"@type\":\"ListItem\",\"position\":3,\"name\":\"Atenci\u00f3n ciudadana\",\"item\":\"https:\\\/\\\/mont-roig.cat\\\/es\\\/ayuntamiento\\\/atencion-ciudadana\\\/\"},{\"@type\":\"ListItem\",\"position\":4,\"name\":\"Archivo municipal\",\"item\":\"https:\\\/\\\/mont-roig.cat\\\/es\\\/ayuntamiento\\\/atencion-ciudadana\\\/archivo-municipal\\\/\"},{\"@type\":\"ListItem\",\"position\":5,\"name\":\"Fondo documental\"}]},{\"@type\":\"WebSite\",\"@id\":\"https:\\\/\\\/mont-roig.cat\\\/es\\\/#website\",\"url\":\"https:\\\/\\\/mont-roig.cat\\\/es\\\/\",\"name\":\"Ajuntament de Mont-roig del Camp\",\"description\":\"Tota la informaci\u00f3 sobre la instituci\u00f3, els seus \u00f2rgans de govern, actualitat, serveis i molt m\u00e9s.\",\"potentialAction\":[{\"@type\":\"SearchAction\",\"target\":{\"@type\":\"EntryPoint\",\"urlTemplate\":\"https:\\\/\\\/mont-roig.cat\\\/es\\\/?s={search_term_string}\"},\"query-input\":{\"@type\":\"PropertyValueSpecification\",\"valueRequired\":true,\"valueName\":\"search_term_string\"}}],\"inLanguage\":\"es\"}]}<\/script>\n<!-- \/ Yoast SEO plugin. -->","yoast_head_json":{"title":"Fondo documental - Ajuntament de Mont-roig del Camp","robots":{"index":"index","follow":"follow","max-snippet":"max-snippet:-1","max-image-preview":"max-image-preview:large","max-video-preview":"max-video-preview:-1"},"canonical":"https:\/\/mont-roig.cat\/es\/ayuntamiento\/atencion-ciudadana\/archivo-municipal\/fondo-documental\/","og_locale":"es_ES","og_type":"article","og_title":"Fondo documental - Ajuntament de Mont-roig del Camp","og_description":"En el Archivo Municipal de Mont-roig del Camp (AMMC) se conservan los fondos documentales siguientes: Fondo Ayuntamiento de Mont-roig del Camp: re\u00fane los documentos que genera y ha generado este organismo, fruto de su actividad y en ejercicio de las funciones que legalmente le corresponden. La documentaci\u00f3n se estructura de acuerdo con el cuadro de [&hellip;]","og_url":"https:\/\/mont-roig.cat\/es\/ayuntamiento\/atencion-ciudadana\/archivo-municipal\/fondo-documental\/","og_site_name":"Ajuntament de Mont-roig del Camp","article_modified_time":"2025-03-04T12:22:55+00:00","og_image":[{"url":"http:\/\/mont-roig.cat\/wp-content\/uploads\/Imagen1.jpg","type":"","width":"","height":""}],"twitter_card":"summary_large_image","twitter_misc":{"Tiempo de lectura":"1 minuto"},"schema":{"@context":"https:\/\/schema.org","@graph":[{"@type":"WebPage","@id":"https:\/\/mont-roig.cat\/es\/ayuntamiento\/atencion-ciudadana\/archivo-municipal\/fondo-documental\/","url":"https:\/\/mont-roig.cat\/es\/ayuntamiento\/atencion-ciudadana\/archivo-municipal\/fondo-documental\/","name":"Fondo documental - Ajuntament de Mont-roig del Camp","isPartOf":{"@id":"https:\/\/mont-roig.cat\/es\/#website"},"primaryImageOfPage":{"@id":"https:\/\/mont-roig.cat\/es\/ayuntamiento\/atencion-ciudadana\/archivo-municipal\/fondo-documental\/#primaryimage"},"image":{"@id":"https:\/\/mont-roig.cat\/es\/ayuntamiento\/atencion-ciudadana\/archivo-municipal\/fondo-documental\/#primaryimage"},"thumbnailUrl":"http:\/\/mont-roig.cat\/wp-content\/uploads\/Imagen1.jpg","datePublished":"2015-03-18T07:56:26+00:00","dateModified":"2025-03-04T12:22:55+00:00","breadcrumb":{"@id":"https:\/\/mont-roig.cat\/es\/ayuntamiento\/atencion-ciudadana\/archivo-municipal\/fondo-documental\/#breadcrumb"},"inLanguage":"es","potentialAction":[{"@type":"ReadAction","target":["https:\/\/mont-roig.cat\/es\/ayuntamiento\/atencion-ciudadana\/archivo-municipal\/fondo-documental\/"]}]},{"@type":"ImageObject","inLanguage":"es","@id":"https:\/\/mont-roig.cat\/es\/ayuntamiento\/atencion-ciudadana\/archivo-municipal\/fondo-documental\/#primaryimage","url":"http:\/\/mont-roig.cat\/wp-content\/uploads\/Imagen1.jpg","contentUrl":"http:\/\/mont-roig.cat\/wp-content\/uploads\/Imagen1.jpg"},{"@type":"BreadcrumbList","@id":"https:\/\/mont-roig.cat\/es\/ayuntamiento\/atencion-ciudadana\/archivo-municipal\/fondo-documental\/#breadcrumb","itemListElement":[{"@type":"ListItem","position":1,"name":"Inici","item":"https:\/\/mont-roig.cat\/es\/pagina-de-inicio\/"},{"@type":"ListItem","position":2,"name":"Ayuntamiento","item":"https:\/\/mont-roig.cat\/es\/ayuntamiento\/"},{"@type":"ListItem","position":3,"name":"Atenci\u00f3n ciudadana","item":"https:\/\/mont-roig.cat\/es\/ayuntamiento\/atencion-ciudadana\/"},{"@type":"ListItem","position":4,"name":"Archivo municipal","item":"https:\/\/mont-roig.cat\/es\/ayuntamiento\/atencion-ciudadana\/archivo-municipal\/"},{"@type":"ListItem","position":5,"name":"Fondo documental"}]},{"@type":"WebSite","@id":"https:\/\/mont-roig.cat\/es\/#website","url":"https:\/\/mont-roig.cat\/es\/","name":"Ajuntament de Mont-roig del Camp","description":"Tota la informaci\u00f3 sobre la instituci\u00f3, els seus \u00f2rgans de govern, actualitat, serveis i molt m\u00e9s.","potentialAction":[{"@type":"SearchAction","target":{"@type":"EntryPoint","urlTemplate":"https:\/\/mont-roig.cat\/es\/?s={search_term_string}"},"query-input":{"@type":"PropertyValueSpecification","valueRequired":true,"valueName":"search_term_string"}}],"inLanguage":"es"}]}},"_links":{"self":[{"href":"https:\/\/mont-roig.cat\/es\/wp-json\/wp\/v2\/pages\/4273","targetHints":{"allow":["GET"]}}],"collection":[{"href":"https:\/\/mont-roig.cat\/es\/wp-json\/wp\/v2\/pages"}],"about":[{"href":"https:\/\/mont-roig.cat\/es\/wp-json\/wp\/v2\/types\/page"}],"author":[{"embeddable":true,"href":"https:\/\/mont-roig.cat\/es\/wp-json\/wp\/v2\/users\/4"}],"replies":[{"embeddable":true,"href":"https:\/\/mont-roig.cat\/es\/wp-json\/wp\/v2\/comments?post=4273"}],"version-history":[{"count":6,"href":"https:\/\/mont-roig.cat\/es\/wp-json\/wp\/v2\/pages\/4273\/revisions"}],"predecessor-version":[{"id":81156,"href":"https:\/\/mont-roig.cat\/es\/wp-json\/wp\/v2\/pages\/4273\/revisions\/81156"}],"up":[{"embeddable":true,"href":"https:\/\/mont-roig.cat\/es\/wp-json\/wp\/v2\/pages\/4272"}],"wp:attachment":[{"href":"https:\/\/mont-roig.cat\/es\/wp-json\/wp\/v2\/media?parent=4273"}],"curies":[{"name":"wp","href":"https:\/\/api.w.org\/{rel}","templated":true}]}}