{"id":4282,"date":"2015-02-02T20:51:25","date_gmt":"2015-02-02T20:51:25","guid":{"rendered":""},"modified":"2020-08-11T12:55:56","modified_gmt":"2020-08-11T10:55:56","slug":"cultura","status":"publish","type":"page","link":"https:\/\/mont-roig.cat\/es\/ayuntamiento\/areas\/cultura\/","title":{"rendered":"Cultura"},"content":{"rendered":"<div class=\"wpb-content-wrapper\">[vc_row][vc_column][vc_column_text]\n<div class=\"body\">\n<div>\n<p><img decoding=\"async\" class=\"requadre\" style=\"height: 225px; width: 300px; margin: 10px; float: right;\" title=\"El Concurso de Belenes es una de las actividades organizadas desde la Concejal\u00eda de Cultura\" src=\"http:\/\/mont-roig.cat\/wp-content\/uploads\/DSC02557.JPG\" alt=\"El Concurso de Belenes es una de las actividades organizadas desde la Concejal\u00eda de Cultura\" \/>El objetivo fundamental de la Concejal\u00eda es <strong>acercar la cultura a los conciudadanos<\/strong>. Nuestra voluntad es facilitar el acceso y fomentar la participaci\u00f3n del tejido asociativo cultural del municipio.<\/p>\n<p>Para ello, desarrollamos una serie de actividades y proyectos, musicales, literarios, art\u00edsticos, de cultura popular, as\u00ed como de promoci\u00f3n de las tradiciones.<\/p>\n<p>A la vez que desarrollamos estas actividades, estamos al servicio de las diferentes entidades y colectivos, asesorando en materia de registro de entidades, subvenciones y proyectos culturales. Las asociaciones del municipio hacen posible un gran abanico de actividades y se convierten en piezas clave para difundir y mantener viva nuestra cultura.<\/p>\n<p>Desde la Concejal\u00eda tambi\u00e9n ponemos al alcance de las asociaciones y entidades diferentes equipamiento culturales, como la Casa de Cultura, el Centro Cultural <em>Esgl\u00e9sia Vella<\/em> y el Centro Polivalente Sant Jaume.<\/p>\n<h5>CONTACTO<\/h5>\n<p><strong>Concejal\u00eda de Cultura<\/strong><br \/>\nCentro Polivalente Sant Jaume<br \/>\nC \/ Soria n\u00ba18<br \/>\n<a href=\"mailto:cultura@mont-roig.cat \">cultura@mont-roig.cat\u00a0<\/a><br \/>\nTelf. 977 81 17 49<\/p>\n<\/div>\n<\/div>\n[\/vc_column_text][\/vc_column][\/vc_row][vc_row][vc_column width=&#8221;1\/2&#8243; css=&#8221;.vc_custom_1476307545206{margin-top: 50px !important;}&#8221;][vc_widget_sidebar title=&#8221;Pr\u00f3ximos actos&#8221; sidebar_id=&#8221;porto-custom-sidebar-cultura&#8221; el_class=&#8221;hide_calendar&#8221;][\/vc_column][vc_column width=&#8221;1\/2&#8243;][vc_widget_sidebar title=&#8221;Pr\u00f3ximos actos&#8221; sidebar_id=&#8221;porto-custom-sidebar-cultura&#8221; el_class=&#8221;hide_calendar_list&#8221;][\/vc_column][\/vc_row][vc_row][vc_column][vc_text_separator title=&#8221;Not\u00edcias&#8221; title_align=&#8221;separator_align_left&#8221;][vc_masonry_grid post_type=&#8221;post&#8221; max_items=&#8221;-1&#8243; style=&#8221;lazy&#8221; grid_id=&#8221;vc_gid:1597139333752-8bcdcd08-cde0-2&#8243; taxonomies=&#8221;101&#8243;][\/vc_column][\/vc_row]\n<\/div>","protected":false},"excerpt":{"rendered":"<p>[vc_row][vc_column][vc_column_text] El objetivo fundamental de la Concejal\u00eda es acercar la cultura a los conciudadanos. Nuestra voluntad es facilitar el acceso y fomentar la participaci\u00f3n del tejido asociativo cultural del municipio. Para ello, desarrollamos una serie de actividades y proyectos, musicales, literarios, art\u00edsticos, de cultura popular, as\u00ed como de promoci\u00f3n de las tradiciones. A la vez [&hellip;]<\/p>\n","protected":false},"author":4,"featured_media":0,"parent":4248,"menu_order":0,"comment_status":"closed","ping_status":"closed","template":"","meta":{"inline_featured_image":false,"_monsterinsights_skip_tracking":false,"_monsterinsights_sitenote_active":false,"_monsterinsights_sitenote_note":"","_monsterinsights_sitenote_category":0,"footnotes":""},"class_list":["post-4282","page","type-page","status-publish","hentry"],"yoast_head":"<!-- This site is optimized with the Yoast SEO plugin v27.4 - https:\/\/yoast.com\/product\/yoast-seo-wordpress\/ -->\n<title>Cultura - Ajuntament de Mont-roig del Camp<\/title>\n<meta name=\"robots\" content=\"index, follow, max-snippet:-1, max-image-preview:large, max-video-preview:-1\" \/>\n<link rel=\"canonical\" href=\"https:\/\/mont-roig.cat\/es\/ayuntamiento\/areas\/cultura\/\" \/>\n<meta property=\"og:locale\" content=\"es_ES\" \/>\n<meta property=\"og:type\" content=\"article\" \/>\n<meta property=\"og:title\" content=\"Cultura - Ajuntament de Mont-roig del Camp\" \/>\n<meta property=\"og:description\" content=\"[vc_row][vc_column][vc_column_text] El objetivo fundamental de la Concejal\u00eda es acercar la cultura a los conciudadanos. Nuestra voluntad es facilitar el acceso y fomentar la participaci\u00f3n del tejido asociativo cultural del municipio. Para ello, desarrollamos una serie de actividades y proyectos, musicales, literarios, art\u00edsticos, de cultura popular, as\u00ed como de promoci\u00f3n de las tradiciones. A la vez [&hellip;]\" \/>\n<meta property=\"og:url\" content=\"https:\/\/mont-roig.cat\/es\/ayuntamiento\/areas\/cultura\/\" \/>\n<meta property=\"og:site_name\" content=\"Ajuntament de Mont-roig del Camp\" \/>\n<meta property=\"article:modified_time\" content=\"2020-08-11T10:55:56+00:00\" \/>\n<meta property=\"og:image\" content=\"http:\/\/mont-roig.cat\/wp-content\/uploads\/DSC02557.JPG\" \/>\n<meta name=\"twitter:card\" content=\"summary_large_image\" \/>\n<meta name=\"twitter:label1\" content=\"Tiempo de lectura\" \/>\n\t<meta name=\"twitter:data1\" content=\"1 minuto\" \/>\n<script type=\"application\/ld+json\" class=\"yoast-schema-graph\">{\"@context\":\"https:\\\/\\\/schema.org\",\"@graph\":[{\"@type\":\"WebPage\",\"@id\":\"https:\\\/\\\/mont-roig.cat\\\/es\\\/ayuntamiento\\\/areas\\\/cultura\\\/\",\"url\":\"https:\\\/\\\/mont-roig.cat\\\/es\\\/ayuntamiento\\\/areas\\\/cultura\\\/\",\"name\":\"Cultura - Ajuntament de Mont-roig del Camp\",\"isPartOf\":{\"@id\":\"https:\\\/\\\/mont-roig.cat\\\/es\\\/#website\"},\"primaryImageOfPage\":{\"@id\":\"https:\\\/\\\/mont-roig.cat\\\/es\\\/ayuntamiento\\\/areas\\\/cultura\\\/#primaryimage\"},\"image\":{\"@id\":\"https:\\\/\\\/mont-roig.cat\\\/es\\\/ayuntamiento\\\/areas\\\/cultura\\\/#primaryimage\"},\"thumbnailUrl\":\"http:\\\/\\\/mont-roig.cat\\\/wp-content\\\/uploads\\\/DSC02557.JPG\",\"datePublished\":\"2015-02-02T20:51:25+00:00\",\"dateModified\":\"2020-08-11T10:55:56+00:00\",\"breadcrumb\":{\"@id\":\"https:\\\/\\\/mont-roig.cat\\\/es\\\/ayuntamiento\\\/areas\\\/cultura\\\/#breadcrumb\"},\"inLanguage\":\"es\",\"potentialAction\":[{\"@type\":\"ReadAction\",\"target\":[\"https:\\\/\\\/mont-roig.cat\\\/es\\\/ayuntamiento\\\/areas\\\/cultura\\\/\"]}]},{\"@type\":\"ImageObject\",\"inLanguage\":\"es\",\"@id\":\"https:\\\/\\\/mont-roig.cat\\\/es\\\/ayuntamiento\\\/areas\\\/cultura\\\/#primaryimage\",\"url\":\"http:\\\/\\\/mont-roig.cat\\\/wp-content\\\/uploads\\\/DSC02557.JPG\",\"contentUrl\":\"http:\\\/\\\/mont-roig.cat\\\/wp-content\\\/uploads\\\/DSC02557.JPG\"},{\"@type\":\"BreadcrumbList\",\"@id\":\"https:\\\/\\\/mont-roig.cat\\\/es\\\/ayuntamiento\\\/areas\\\/cultura\\\/#breadcrumb\",\"itemListElement\":[{\"@type\":\"ListItem\",\"position\":1,\"name\":\"Inici\",\"item\":\"https:\\\/\\\/mont-roig.cat\\\/es\\\/pagina-de-inicio\\\/\"},{\"@type\":\"ListItem\",\"position\":2,\"name\":\"Ayuntamiento\",\"item\":\"https:\\\/\\\/mont-roig.cat\\\/es\\\/ayuntamiento\\\/\"},{\"@type\":\"ListItem\",\"position\":3,\"name\":\"\u00c1reas\",\"item\":\"https:\\\/\\\/mont-roig.cat\\\/es\\\/ayuntamiento\\\/areas\\\/\"},{\"@type\":\"ListItem\",\"position\":4,\"name\":\"Cultura\"}]},{\"@type\":\"WebSite\",\"@id\":\"https:\\\/\\\/mont-roig.cat\\\/es\\\/#website\",\"url\":\"https:\\\/\\\/mont-roig.cat\\\/es\\\/\",\"name\":\"Ajuntament de Mont-roig del Camp\",\"description\":\"Tota la informaci\u00f3 sobre la instituci\u00f3, els seus \u00f2rgans de govern, actualitat, serveis i molt m\u00e9s.\",\"potentialAction\":[{\"@type\":\"SearchAction\",\"target\":{\"@type\":\"EntryPoint\",\"urlTemplate\":\"https:\\\/\\\/mont-roig.cat\\\/es\\\/?s={search_term_string}\"},\"query-input\":{\"@type\":\"PropertyValueSpecification\",\"valueRequired\":true,\"valueName\":\"search_term_string\"}}],\"inLanguage\":\"es\"}]}<\/script>\n<!-- \/ Yoast SEO plugin. -->","yoast_head_json":{"title":"Cultura - Ajuntament de Mont-roig del Camp","robots":{"index":"index","follow":"follow","max-snippet":"max-snippet:-1","max-image-preview":"max-image-preview:large","max-video-preview":"max-video-preview:-1"},"canonical":"https:\/\/mont-roig.cat\/es\/ayuntamiento\/areas\/cultura\/","og_locale":"es_ES","og_type":"article","og_title":"Cultura - Ajuntament de Mont-roig del Camp","og_description":"[vc_row][vc_column][vc_column_text] El objetivo fundamental de la Concejal\u00eda es acercar la cultura a los conciudadanos. Nuestra voluntad es facilitar el acceso y fomentar la participaci\u00f3n del tejido asociativo cultural del municipio. Para ello, desarrollamos una serie de actividades y proyectos, musicales, literarios, art\u00edsticos, de cultura popular, as\u00ed como de promoci\u00f3n de las tradiciones. A la vez [&hellip;]","og_url":"https:\/\/mont-roig.cat\/es\/ayuntamiento\/areas\/cultura\/","og_site_name":"Ajuntament de Mont-roig del Camp","article_modified_time":"2020-08-11T10:55:56+00:00","og_image":[{"url":"http:\/\/mont-roig.cat\/wp-content\/uploads\/DSC02557.JPG","type":"","width":"","height":""}],"twitter_card":"summary_large_image","twitter_misc":{"Tiempo de lectura":"1 minuto"},"schema":{"@context":"https:\/\/schema.org","@graph":[{"@type":"WebPage","@id":"https:\/\/mont-roig.cat\/es\/ayuntamiento\/areas\/cultura\/","url":"https:\/\/mont-roig.cat\/es\/ayuntamiento\/areas\/cultura\/","name":"Cultura - Ajuntament de Mont-roig del Camp","isPartOf":{"@id":"https:\/\/mont-roig.cat\/es\/#website"},"primaryImageOfPage":{"@id":"https:\/\/mont-roig.cat\/es\/ayuntamiento\/areas\/cultura\/#primaryimage"},"image":{"@id":"https:\/\/mont-roig.cat\/es\/ayuntamiento\/areas\/cultura\/#primaryimage"},"thumbnailUrl":"http:\/\/mont-roig.cat\/wp-content\/uploads\/DSC02557.JPG","datePublished":"2015-02-02T20:51:25+00:00","dateModified":"2020-08-11T10:55:56+00:00","breadcrumb":{"@id":"https:\/\/mont-roig.cat\/es\/ayuntamiento\/areas\/cultura\/#breadcrumb"},"inLanguage":"es","potentialAction":[{"@type":"ReadAction","target":["https:\/\/mont-roig.cat\/es\/ayuntamiento\/areas\/cultura\/"]}]},{"@type":"ImageObject","inLanguage":"es","@id":"https:\/\/mont-roig.cat\/es\/ayuntamiento\/areas\/cultura\/#primaryimage","url":"http:\/\/mont-roig.cat\/wp-content\/uploads\/DSC02557.JPG","contentUrl":"http:\/\/mont-roig.cat\/wp-content\/uploads\/DSC02557.JPG"},{"@type":"BreadcrumbList","@id":"https:\/\/mont-roig.cat\/es\/ayuntamiento\/areas\/cultura\/#breadcrumb","itemListElement":[{"@type":"ListItem","position":1,"name":"Inici","item":"https:\/\/mont-roig.cat\/es\/pagina-de-inicio\/"},{"@type":"ListItem","position":2,"name":"Ayuntamiento","item":"https:\/\/mont-roig.cat\/es\/ayuntamiento\/"},{"@type":"ListItem","position":3,"name":"\u00c1reas","item":"https:\/\/mont-roig.cat\/es\/ayuntamiento\/areas\/"},{"@type":"ListItem","position":4,"name":"Cultura"}]},{"@type":"WebSite","@id":"https:\/\/mont-roig.cat\/es\/#website","url":"https:\/\/mont-roig.cat\/es\/","name":"Ajuntament de Mont-roig del Camp","description":"Tota la informaci\u00f3 sobre la instituci\u00f3, els seus \u00f2rgans de govern, actualitat, serveis i molt m\u00e9s.","potentialAction":[{"@type":"SearchAction","target":{"@type":"EntryPoint","urlTemplate":"https:\/\/mont-roig.cat\/es\/?s={search_term_string}"},"query-input":{"@type":"PropertyValueSpecification","valueRequired":true,"valueName":"search_term_string"}}],"inLanguage":"es"}]}},"_links":{"self":[{"href":"https:\/\/mont-roig.cat\/es\/wp-json\/wp\/v2\/pages\/4282","targetHints":{"allow":["GET"]}}],"collection":[{"href":"https:\/\/mont-roig.cat\/es\/wp-json\/wp\/v2\/pages"}],"about":[{"href":"https:\/\/mont-roig.cat\/es\/wp-json\/wp\/v2\/types\/page"}],"author":[{"embeddable":true,"href":"https:\/\/mont-roig.cat\/es\/wp-json\/wp\/v2\/users\/4"}],"replies":[{"embeddable":true,"href":"https:\/\/mont-roig.cat\/es\/wp-json\/wp\/v2\/comments?post=4282"}],"version-history":[{"count":4,"href":"https:\/\/mont-roig.cat\/es\/wp-json\/wp\/v2\/pages\/4282\/revisions"}],"predecessor-version":[{"id":51028,"href":"https:\/\/mont-roig.cat\/es\/wp-json\/wp\/v2\/pages\/4282\/revisions\/51028"}],"up":[{"embeddable":true,"href":"https:\/\/mont-roig.cat\/es\/wp-json\/wp\/v2\/pages\/4248"}],"wp:attachment":[{"href":"https:\/\/mont-roig.cat\/es\/wp-json\/wp\/v2\/media?parent=4282"}],"curies":[{"name":"wp","href":"https:\/\/api.w.org\/{rel}","templated":true}]}}