{"id":4287,"date":"2015-03-06T12:35:44","date_gmt":"2015-03-06T12:35:44","guid":{"rendered":""},"modified":"2026-05-13T13:58:48","modified_gmt":"2026-05-13T11:58:48","slug":"escuela-infantil","status":"publish","type":"page","link":"https:\/\/mont-roig.cat\/es\/ayuntamiento\/areas\/educacion\/centros-educativos\/escuela-infantil\/","title":{"rendered":"Escuela infantil"},"content":{"rendered":"<div class=\"wpb-content-wrapper\">[vc_row][vc_column][vc_column_text css=&#8221;&#8221;]\n<div class=\"body\">\n<h4>Escuela Infantil (de 0 a 3 a\u00f1os)<\/h4>\n<p>El Ayuntamiento presta el servicio de escuela infantil fruto de los convenios suscritos con el <em>Departament de d&#8217;Educaci\u00f3 de la Generalitat de Catalunya<\/em>. Las Escuelas Infantiles son centros educativos de titularidad municipal que imparten el primer ciclo de educaci\u00f3n infantil. El objeto de este servicio es la atenci\u00f3n educativa y asistencial de ni\u00f1os entre las 16 semanas y los 3 a\u00f1os.<\/p>\n<table class=\"table\" style=\"width: 100%;\" border=\"0\" cellspacing=\"0\" cellpadding=\"0\">\n<tbody>\n<tr>\n<td style=\"width: 293px;\"><strong><img decoding=\"async\" class=\"requadre\" style=\"width: 250px; margin: 0px 10px; float: left;\" title=\"LLar d'infants Mare de D\u00e9u de la Roca \" src=\"http:\/\/mont-roig.cat\/wp-content\/uploads\/entrada i hort 2.JPG\" alt=\"LLar d'infants Mare de D\u00e9u de la Roca \" \/><\/strong><\/td>\n<td>\n<h4>Escuela Infantil municipal Mare de D\u00e9u de la Roca<\/h4>\n<p>C\u00f3digo: 43008377<\/p>\n<p>C. Doctor Josep Anton Sagarra, 35<br \/>\n43300 Mont-roig del Camp<br \/>\nTel. 977 83 74 19 | 647 539 663<br \/>\n<a href=\"mailto:llar.infants@nostreserveis.cat\">llar.infants@nostreserveis.cat<\/a><\/td>\n<\/tr>\n<tr>\n<td style=\"width: 293px;\"><\/td>\n<td><\/td>\n<\/tr>\n<tr>\n<td style=\"width: 293px;\"><strong><img decoding=\"async\" class=\"requadre\" style=\"width: 250px; margin: 0px 10px; float: left;\" title=\"LLar d'infants Petete\" src=\"http:\/\/mont-roig.cat\/wp-content\/uploads\/FOTO 9 PETETE.jpg\" alt=\"LLar d'infants Petete\" \/><\/strong><\/td>\n<td>\n<h4>Escuela Infantil municipal Petete<\/h4>\n<p>C\u00f3digo: 43010013<\/p>\n<p>Av. Cadis, 83<br \/>\n43892 Miami Platja<br \/>\nTel. 977 17 03 48 | 626 76 40 72<br \/>\n<a href=\"mailto:llar.infants.miami@nostreserveis.cat\">llar.infants.miami@nostreserveis.cat<\/a><\/td>\n<\/tr>\n<\/tbody>\n<\/table>\n<div>\n<h5><\/h5>\n<p><strong>SERVICIOS DE LAS ESCUELAS INFANTILES\u00a0<\/strong><\/p>\n<p><strong>SERVICIO ESCOLAR<\/strong>. Este servicio se presta de septiembre a junio. De lunes a viernes, por la ma\u00f1ana de 9 a 12.30 horas y por la tarde de 15 a 17 horas. El inicio del servicio coincide con el inicio del curso escolar y finaliza el \u00faltimo d\u00eda lectivo del mes de junio. Las familias podr\u00e1n escoger entre llevar a los ni\u00f1os s\u00f3lo por la ma\u00f1ana o por la ma\u00f1ana y la tarde, seg\u00fan sus necesidades.<\/p>\n<p><strong>ESCUELA INFANTIL DE VERANO<\/strong>. Durante los meses de julio y agosto las escuelas infantiles de verano permanecer\u00e1n abiertas. Este servicio es complementario y de car\u00e1cter m\u00e1s l\u00fadico, dado que no se considera parte del curso escolar. Las familias podr\u00e1n escoger entre llevar a los ni\u00f1os s\u00f3lo por la ma\u00f1ana o por la ma\u00f1ana y la tarde, seg\u00fan sus necesidades.<\/p>\n<p><strong>SERVICIO DE COMEDOR Y DESCANSO POSTERIOR<\/strong>. Este servicio es complementario para los alumnos del servicio escolar y comprende la comida en servicio de catering y la atenci\u00f3n directa de los ni\u00f1os durante la franja horaria del mediod\u00eda.<\/p>\n<p><strong>SERVICIO DE ACOGIDA<\/strong>. Este servicio es complementario, la informaci\u00f3n del servicio de acogida (ma\u00f1ana, mediod\u00eda y\/o tarde) estar\u00e1 disponible al inicio de curso a las respectivas escuelas infantiles. El servicio de acogida ir\u00e1 en funci\u00f3n de las medidas establecidas por el Departamento de Educaci\u00f3n de la Generalitat de Catalunya.<\/p>\n<ul>\n<li style=\"list-style-type: none;\">\n<ul>\n<li><a href=\"https:\/\/mont-roig.cat\/wp-content\/uploads\/REGLAMENT-LLAR-DINFANTS.pdf\" target=\"_blank\" rel=\"noopener\">Reglamento escuelas infantiles<\/a><\/li>\n<li><a href=\"https:\/\/mont-roig.cat\/wp-content\/uploads\/Tarifes-Llars-dInfants-2025-2026.pdf\" target=\"_blank\" rel=\"noopener\">Precios p\u00fablicos de las escuelas infantiles municipales<\/a><\/li>\n<li><a href=\"https:\/\/mont-roig.eadministracio.cat\/catalog\/t\/d2690537-fb8a-4236-a082-69a797204111\" target=\"_blank\" rel=\"noopener\" data-wpel-link=\"internal\">Tarifa reducida escuelas infantiles 2025-2026 (Niveles I0 i I1)<\/a><\/li>\n<\/ul>\n<\/li>\n<\/ul>\n<\/div>\n<\/div>\n<p>&nbsp;<\/p>\n<p><strong>PUERTAS ABIERTAS<\/strong><\/p>\n<table style=\"height: 278px;\" width=\"621\">\n<tbody>\n<tr>\n<td width=\"283\"><strong>Escuela Infantil\u00a0Mare de D\u00e9u de la Roca<\/strong><\/td>\n<td width=\"283\"><\/td>\n<\/tr>\n<tr>\n<td width=\"283\"><strong>Lunes 27 de abril<\/strong><\/td>\n<td width=\"283\"><strong>A las 17:30 h y a las 18:30 h<\/strong><\/td>\n<\/tr>\n<tr>\n<td width=\"283\">Reserva cita previa al 977 83 74 19<\/td>\n<td width=\"283\">llar.infants@nostreserveis.cat<\/td>\n<\/tr>\n<tr>\n<td width=\"283\"><strong>Escuela Infantil Petete<\/strong><\/td>\n<td width=\"283\"><\/td>\n<\/tr>\n<tr>\n<td width=\"283\"><strong>Lunes 4 de mayo<\/strong><\/td>\n<td width=\"283\"><strong>A les 17:30 h i a les 18:30 h<\/strong><\/td>\n<\/tr>\n<tr>\n<td width=\"283\">Reserva cita previa al 977 17 03 48<\/td>\n<td width=\"283\">llar.infants.miami@nostreserveis.cat<\/td>\n<\/tr>\n<\/tbody>\n<\/table>\n<div class=\"body\">\n<p>&nbsp;<\/p>\n<p><strong><a href=\"https:\/\/mont-roig.cat\/wp-content\/uploads\/portada-llars-infants-2025.png\" target=\"_blank\" rel=\"noopener\"><img loading=\"lazy\" decoding=\"async\" class=\"alignright wp-image-82146\" src=\"https:\/\/mont-roig.cat\/wp-content\/uploads\/portada-llars-infants-2025-352x500.png\" alt=\"\" width=\"258\" height=\"366\" srcset=\"https:\/\/mont-roig.cat\/wp-content\/uploads\/portada-llars-infants-2025-352x500.png 352w, https:\/\/mont-roig.cat\/wp-content\/uploads\/portada-llars-infants-2025.png 529w\" sizes=\"auto, (max-width: 258px) 100vw, 258px\" \/><\/a>PREINSCRIPCI\u00d3N CURSO 2026-2027<\/strong><\/p>\n<p><em>D\u00edptico de las preinscripciones 2026-2027 (descarga el pdf)<\/em><\/p>\n<ul>\n<li>Del 8 al 22 de maig de 2026<\/li>\n<\/ul>\n<p>La preinscripci\u00f3n se realizar\u00e1 telem\u00e1ticamente a trav\u00e9s de la Sede Electr\u00f3nica de la Entidad P\u00fablica de Servicios y Obras Nostreserveis.<\/p>\n<ul>\n<li><a href=\"https:\/\/nostreserveis.eadministracio.cat\/info.0\" target=\"_blank\" rel=\"noopener\">Sede Electr\u00f3nica Nostreserveis<\/a><\/li>\n<\/ul>\n<p>En caso de duda, las familias pueden dirigirse a las escuelas infantiles <strong>telef\u00f3nicamente<\/strong> o en la oficina de Nostreserveis.<\/p>\n<ul>\n<li><strong>Escuela Infantil Mare de D\u00e9u de la Roca de Mont-roig<\/strong>\n<ul>\n<li>Tel\u00e9fono 977 83 74 19 o al 647 539 663<\/li>\n<li>Correo electr\u00f3nico <a href=\"mailto:llar.infants@nostreserveis.cat\">llar.infants@nostreserveis.cat<\/a>.<\/li>\n<\/ul>\n<\/li>\n<li><strong>Escuela Infantil Petete de Miami<\/strong>\n<ul>\n<li>977 17 03 48 o al 626 76 40 72<\/li>\n<li>Correo electr\u00f3nico a <a href=\"mailto:llar.infants.miami@nostreserveis.cat\">llar.infants.miami@nostreserveis.cat<\/a>.<\/li>\n<\/ul>\n<\/li>\n<li><strong>Entidad P\u00fablica empreserial de Servicios y Obras Nostreserveis<\/strong>\n<ul>\n<li>Tel\u00e9fono 977 83 72 29<\/li>\n<\/ul>\n<\/li>\n<li><strong>Oficina Municipal d\u2019Escolaritzaci\u00f3 (OME)<\/strong>\n<ul>\n<li>Tel\u00e9fono 977 17 28 65 o 677 724 637<\/li>\n<li>Correo electr\u00f3nico a <a href=\"mailto:ome@mont-roig.cat\" target=\"_blank\" rel=\"noopener\"><u>ome@mont-roig.cat<\/u><\/a><\/li>\n<\/ul>\n<\/li>\n<\/ul>\n<p>Para m\u00e1s informaci\u00f3n visita la web de d&#8217;<a href=\"https:\/\/preinscripcio.gencat.cat\/ca\/estudis\/infantil-0-3\/inici\/\">Educaci\u00f3 de la Generalitat de Catalunya<\/a>.<\/p>\n<p>En fecha 29 de mayo se publican las listas de solicitud de preinscripci\u00f3n en el centro con la puntuaci\u00f3n provisional.<\/p>\n<p>En fecha 16 de junio se publican las listas definitivas de admitidos y excluidos a las escuelas infantiles municipales para el curso 2026-2027.<\/p>\n<p>&nbsp;<\/p>\n<p><strong>ESCUELA INFANTIL DE VERANO<\/strong><\/p>\n<p>Las escuelas infantiles Petete de Miami Platja y Mare de D\u00e9u de la Roca de Mont-roig realizan del <strong>8 al 22 de mayo<\/strong> las preinscripciones para la escuela infantil de verano. Se lleva a cabo en las mismas fechas que la preinscripci\u00f3n ordinaria. Esta preinscripci\u00f3n es exclusivamente para el alumnado nuevo, que no est\u00e1 todav\u00eda inscrito en ninguno de los dos centros. Las plazas que las escuelas infantiles ofrecer\u00e1n este verano corresponde a los puestos vacantes de aquellos ni\u00f1os que ya est\u00e1n matriculados y que no asistir\u00e1n durante el periodo estival.<\/p>\n<p>La preincripci\u00f3n se realizar\u00e1 telem\u00e1ticamente a trav\u00e9s de la Sede Electr\u00f3nica de la Entidad P\u00fablica de Servicios y Obras Nostreserveis. En caso de duda, las familias pueden dirigirse a las escuelas infantiles, a la oficina de Nostreserveis o a la oficina municipal de escolarizaci\u00f3n (OME).<\/p>\n<ul>\n<li><a href=\"https:\/\/nostreserveis.eadministracio.cat\/info.0\">Sede Electr\u00f3nica Nostreserveis<\/a><\/li>\n<\/ul>\n<p>En fecha<strong> 25 de mayo <\/strong>se publican las listas en el centro con la puntuaci\u00f3n provisional, para la escuela infantil de verano 2026.<\/p>\n<p>En fecha<strong> 4 de junio<\/strong> se publican las listas definitivas de admitidos y excluidos a las escuelas infantiles municipales para la escuela infantil de verano 2026.<\/p>\n<h5>METODOLOG\u00cdA Y OTROS RASGOS DE IDENTIDAD DE LAS ESCUELAS INFANTILES MUNICIPALES<\/h5>\n<p>En las escuelas infantiles municipales tenemos una metodolog\u00eda de trabajo activa donde los alumnos y alumnas se sit\u00faan en el eje central del proceso de ense\u00f1anza-aprendizaje. Creemos en unos ni\u00f1os y\u00a0 ni\u00f1as activos y con iniciativa propia para explorar, investigar y crear su propio aprendizaje, que deciden qu\u00e9 y cu\u00e1ndo hacer en funci\u00f3n de sus intereses, necesidades, ritmo y maduraci\u00f3n y que son capaces de regular su propia actividad. Unos ni\u00f1os y ni\u00f1as aut\u00f3nomos que necesitan explorar, investigar y descubrir todo lo que los rodea, mediante el juego y utilizando todos los sentidos. Nuestro proyecto educativo da mucho valor a la vida cotidiana, la experimentaci\u00f3n, el juego y los h\u00e1bitos diarios, ya que es a trav\u00e9s de estos que los ni\u00f1os y ni\u00f1as desarrollan sus capacidades.<\/p>\n<p>Todos los espacios de la escuela infantil son oportunidades de aprendizaje y por eso los dise\u00f1amos y planificamos con cuidado y con diferentes rincones y propuestas de juego para que los alumnos y alumnas puedan elegir el que m\u00e1s les interesa. Los materiales que ofrecemos son variados, con varias posibilidades de acci\u00f3n, y de diferentes propiedades, como pueden ser materiales naturales, de la vida cotidiana y no estructurados.<\/p>\n<p>Entendemos el papel del educador\/a como aquella figura de referencia para los ni\u00f1os que les ofrece seguridad y afecto, que es gu\u00eda y facilitador\/a de aprendizajes, que acompa\u00f1a el desarrollo de los ni\u00f1os y ni\u00f1as, que anima su acci\u00f3n, que les ofrece la ayuda necesaria y respeta sus necesidades.<\/p>\n<p>Otro aspecto importante de nuestro proyecto educativo es la observaci\u00f3n y la documentaci\u00f3n pedag\u00f3gica, ya que a trav\u00e9s de unas libretas individuales, que incluyen texto escrito y fotograf\u00edas, recogemos el paso de los ni\u00f1os y ni\u00f1as por la escuela infantil.<\/p>\n<\/div>\n[\/vc_column_text][\/vc_column][\/vc_row]\n<\/div>","protected":false},"excerpt":{"rendered":"<p>[vc_row][vc_column][vc_column_text css=&#8221;&#8221;] Escuela Infantil (de 0 a 3 a\u00f1os) El Ayuntamiento presta el servicio de escuela infantil fruto de los convenios suscritos con el Departament de d&#8217;Educaci\u00f3 de la Generalitat de Catalunya. Las Escuelas Infantiles son centros educativos de titularidad municipal que imparten el primer ciclo de educaci\u00f3n infantil. El objeto de este servicio es [&hellip;]<\/p>\n","protected":false},"author":4,"featured_media":0,"parent":4286,"menu_order":0,"comment_status":"closed","ping_status":"closed","template":"","meta":{"inline_featured_image":false,"_monsterinsights_skip_tracking":false,"_monsterinsights_sitenote_active":false,"_monsterinsights_sitenote_note":"","_monsterinsights_sitenote_category":0,"footnotes":""},"class_list":["post-4287","page","type-page","status-publish","hentry"],"yoast_head":"<!-- This site is optimized with the Yoast SEO plugin v27.4 - https:\/\/yoast.com\/product\/yoast-seo-wordpress\/ -->\n<title>Escuela infantil - Ajuntament de Mont-roig del Camp<\/title>\n<meta name=\"robots\" content=\"index, follow, max-snippet:-1, max-image-preview:large, max-video-preview:-1\" \/>\n<link rel=\"canonical\" href=\"https:\/\/mont-roig.cat\/es\/ayuntamiento\/areas\/educacion\/centros-educativos\/escuela-infantil\/\" \/>\n<meta property=\"og:locale\" content=\"es_ES\" \/>\n<meta property=\"og:type\" content=\"article\" \/>\n<meta property=\"og:title\" content=\"Escuela infantil - Ajuntament de Mont-roig del Camp\" \/>\n<meta property=\"og:description\" content=\"[vc_row][vc_column][vc_column_text css=&#8221;&#8221;] Escuela Infantil (de 0 a 3 a\u00f1os) El Ayuntamiento presta el servicio de escuela infantil fruto de los convenios suscritos con el Departament de d&#8217;Educaci\u00f3 de la Generalitat de Catalunya. Las Escuelas Infantiles son centros educativos de titularidad municipal que imparten el primer ciclo de educaci\u00f3n infantil. El objeto de este servicio es [&hellip;]\" \/>\n<meta property=\"og:url\" content=\"https:\/\/mont-roig.cat\/es\/ayuntamiento\/areas\/educacion\/centros-educativos\/escuela-infantil\/\" \/>\n<meta property=\"og:site_name\" content=\"Ajuntament de Mont-roig del Camp\" \/>\n<meta property=\"article:modified_time\" content=\"2026-05-13T11:58:48+00:00\" \/>\n<meta property=\"og:image\" content=\"https:\/\/mont-roig.cat\/wp-content\/uploads\/portada-llars-infants-2025-352x500.png\" \/>\n<meta name=\"twitter:card\" content=\"summary_large_image\" \/>\n<meta name=\"twitter:label1\" content=\"Tiempo de lectura\" \/>\n\t<meta name=\"twitter:data1\" content=\"7 minutos\" \/>\n<script type=\"application\/ld+json\" class=\"yoast-schema-graph\">{\"@context\":\"https:\\\/\\\/schema.org\",\"@graph\":[{\"@type\":\"WebPage\",\"@id\":\"https:\\\/\\\/mont-roig.cat\\\/es\\\/ayuntamiento\\\/areas\\\/educacion\\\/centros-educativos\\\/escuela-infantil\\\/\",\"url\":\"https:\\\/\\\/mont-roig.cat\\\/es\\\/ayuntamiento\\\/areas\\\/educacion\\\/centros-educativos\\\/escuela-infantil\\\/\",\"name\":\"Escuela infantil - Ajuntament de Mont-roig del Camp\",\"isPartOf\":{\"@id\":\"https:\\\/\\\/mont-roig.cat\\\/es\\\/#website\"},\"primaryImageOfPage\":{\"@id\":\"https:\\\/\\\/mont-roig.cat\\\/es\\\/ayuntamiento\\\/areas\\\/educacion\\\/centros-educativos\\\/escuela-infantil\\\/#primaryimage\"},\"image\":{\"@id\":\"https:\\\/\\\/mont-roig.cat\\\/es\\\/ayuntamiento\\\/areas\\\/educacion\\\/centros-educativos\\\/escuela-infantil\\\/#primaryimage\"},\"thumbnailUrl\":\"https:\\\/\\\/mont-roig.cat\\\/wp-content\\\/uploads\\\/portada-llars-infants-2025-352x500.png\",\"datePublished\":\"2015-03-06T12:35:44+00:00\",\"dateModified\":\"2026-05-13T11:58:48+00:00\",\"breadcrumb\":{\"@id\":\"https:\\\/\\\/mont-roig.cat\\\/es\\\/ayuntamiento\\\/areas\\\/educacion\\\/centros-educativos\\\/escuela-infantil\\\/#breadcrumb\"},\"inLanguage\":\"es\",\"potentialAction\":[{\"@type\":\"ReadAction\",\"target\":[\"https:\\\/\\\/mont-roig.cat\\\/es\\\/ayuntamiento\\\/areas\\\/educacion\\\/centros-educativos\\\/escuela-infantil\\\/\"]}]},{\"@type\":\"ImageObject\",\"inLanguage\":\"es\",\"@id\":\"https:\\\/\\\/mont-roig.cat\\\/es\\\/ayuntamiento\\\/areas\\\/educacion\\\/centros-educativos\\\/escuela-infantil\\\/#primaryimage\",\"url\":\"https:\\\/\\\/mont-roig.cat\\\/wp-content\\\/uploads\\\/portada-llars-infants-2025-352x500.png\",\"contentUrl\":\"https:\\\/\\\/mont-roig.cat\\\/wp-content\\\/uploads\\\/portada-llars-infants-2025-352x500.png\"},{\"@type\":\"BreadcrumbList\",\"@id\":\"https:\\\/\\\/mont-roig.cat\\\/es\\\/ayuntamiento\\\/areas\\\/educacion\\\/centros-educativos\\\/escuela-infantil\\\/#breadcrumb\",\"itemListElement\":[{\"@type\":\"ListItem\",\"position\":1,\"name\":\"Inici\",\"item\":\"https:\\\/\\\/mont-roig.cat\\\/es\\\/pagina-de-inicio\\\/\"},{\"@type\":\"ListItem\",\"position\":2,\"name\":\"Ayuntamiento\",\"item\":\"https:\\\/\\\/mont-roig.cat\\\/es\\\/ayuntamiento\\\/\"},{\"@type\":\"ListItem\",\"position\":3,\"name\":\"\u00c1reas\",\"item\":\"https:\\\/\\\/mont-roig.cat\\\/es\\\/ayuntamiento\\\/areas\\\/\"},{\"@type\":\"ListItem\",\"position\":4,\"name\":\"Educaci\u00f3n\",\"item\":\"https:\\\/\\\/mont-roig.cat\\\/es\\\/ayuntamiento\\\/areas\\\/educacion\\\/\"},{\"@type\":\"ListItem\",\"position\":5,\"name\":\"Centros educativos\",\"item\":\"https:\\\/\\\/mont-roig.cat\\\/es\\\/ayuntamiento\\\/areas\\\/educacion\\\/centros-educativos\\\/\"},{\"@type\":\"ListItem\",\"position\":6,\"name\":\"Escuela infantil\"}]},{\"@type\":\"WebSite\",\"@id\":\"https:\\\/\\\/mont-roig.cat\\\/es\\\/#website\",\"url\":\"https:\\\/\\\/mont-roig.cat\\\/es\\\/\",\"name\":\"Ajuntament de Mont-roig del Camp\",\"description\":\"Tota la informaci\u00f3 sobre la instituci\u00f3, els seus \u00f2rgans de govern, actualitat, serveis i molt m\u00e9s.\",\"potentialAction\":[{\"@type\":\"SearchAction\",\"target\":{\"@type\":\"EntryPoint\",\"urlTemplate\":\"https:\\\/\\\/mont-roig.cat\\\/es\\\/?s={search_term_string}\"},\"query-input\":{\"@type\":\"PropertyValueSpecification\",\"valueRequired\":true,\"valueName\":\"search_term_string\"}}],\"inLanguage\":\"es\"}]}<\/script>\n<!-- \/ Yoast SEO plugin. -->","yoast_head_json":{"title":"Escuela infantil - Ajuntament de Mont-roig del Camp","robots":{"index":"index","follow":"follow","max-snippet":"max-snippet:-1","max-image-preview":"max-image-preview:large","max-video-preview":"max-video-preview:-1"},"canonical":"https:\/\/mont-roig.cat\/es\/ayuntamiento\/areas\/educacion\/centros-educativos\/escuela-infantil\/","og_locale":"es_ES","og_type":"article","og_title":"Escuela infantil - Ajuntament de Mont-roig del Camp","og_description":"[vc_row][vc_column][vc_column_text css=&#8221;&#8221;] Escuela Infantil (de 0 a 3 a\u00f1os) El Ayuntamiento presta el servicio de escuela infantil fruto de los convenios suscritos con el Departament de d&#8217;Educaci\u00f3 de la Generalitat de Catalunya. Las Escuelas Infantiles son centros educativos de titularidad municipal que imparten el primer ciclo de educaci\u00f3n infantil. El objeto de este servicio es [&hellip;]","og_url":"https:\/\/mont-roig.cat\/es\/ayuntamiento\/areas\/educacion\/centros-educativos\/escuela-infantil\/","og_site_name":"Ajuntament de Mont-roig del Camp","article_modified_time":"2026-05-13T11:58:48+00:00","og_image":[{"url":"https:\/\/mont-roig.cat\/wp-content\/uploads\/portada-llars-infants-2025-352x500.png","type":"","width":"","height":""}],"twitter_card":"summary_large_image","twitter_misc":{"Tiempo de lectura":"7 minutos"},"schema":{"@context":"https:\/\/schema.org","@graph":[{"@type":"WebPage","@id":"https:\/\/mont-roig.cat\/es\/ayuntamiento\/areas\/educacion\/centros-educativos\/escuela-infantil\/","url":"https:\/\/mont-roig.cat\/es\/ayuntamiento\/areas\/educacion\/centros-educativos\/escuela-infantil\/","name":"Escuela infantil - Ajuntament de Mont-roig del Camp","isPartOf":{"@id":"https:\/\/mont-roig.cat\/es\/#website"},"primaryImageOfPage":{"@id":"https:\/\/mont-roig.cat\/es\/ayuntamiento\/areas\/educacion\/centros-educativos\/escuela-infantil\/#primaryimage"},"image":{"@id":"https:\/\/mont-roig.cat\/es\/ayuntamiento\/areas\/educacion\/centros-educativos\/escuela-infantil\/#primaryimage"},"thumbnailUrl":"https:\/\/mont-roig.cat\/wp-content\/uploads\/portada-llars-infants-2025-352x500.png","datePublished":"2015-03-06T12:35:44+00:00","dateModified":"2026-05-13T11:58:48+00:00","breadcrumb":{"@id":"https:\/\/mont-roig.cat\/es\/ayuntamiento\/areas\/educacion\/centros-educativos\/escuela-infantil\/#breadcrumb"},"inLanguage":"es","potentialAction":[{"@type":"ReadAction","target":["https:\/\/mont-roig.cat\/es\/ayuntamiento\/areas\/educacion\/centros-educativos\/escuela-infantil\/"]}]},{"@type":"ImageObject","inLanguage":"es","@id":"https:\/\/mont-roig.cat\/es\/ayuntamiento\/areas\/educacion\/centros-educativos\/escuela-infantil\/#primaryimage","url":"https:\/\/mont-roig.cat\/wp-content\/uploads\/portada-llars-infants-2025-352x500.png","contentUrl":"https:\/\/mont-roig.cat\/wp-content\/uploads\/portada-llars-infants-2025-352x500.png"},{"@type":"BreadcrumbList","@id":"https:\/\/mont-roig.cat\/es\/ayuntamiento\/areas\/educacion\/centros-educativos\/escuela-infantil\/#breadcrumb","itemListElement":[{"@type":"ListItem","position":1,"name":"Inici","item":"https:\/\/mont-roig.cat\/es\/pagina-de-inicio\/"},{"@type":"ListItem","position":2,"name":"Ayuntamiento","item":"https:\/\/mont-roig.cat\/es\/ayuntamiento\/"},{"@type":"ListItem","position":3,"name":"\u00c1reas","item":"https:\/\/mont-roig.cat\/es\/ayuntamiento\/areas\/"},{"@type":"ListItem","position":4,"name":"Educaci\u00f3n","item":"https:\/\/mont-roig.cat\/es\/ayuntamiento\/areas\/educacion\/"},{"@type":"ListItem","position":5,"name":"Centros educativos","item":"https:\/\/mont-roig.cat\/es\/ayuntamiento\/areas\/educacion\/centros-educativos\/"},{"@type":"ListItem","position":6,"name":"Escuela infantil"}]},{"@type":"WebSite","@id":"https:\/\/mont-roig.cat\/es\/#website","url":"https:\/\/mont-roig.cat\/es\/","name":"Ajuntament de Mont-roig del Camp","description":"Tota la informaci\u00f3 sobre la instituci\u00f3, els seus \u00f2rgans de govern, actualitat, serveis i molt m\u00e9s.","potentialAction":[{"@type":"SearchAction","target":{"@type":"EntryPoint","urlTemplate":"https:\/\/mont-roig.cat\/es\/?s={search_term_string}"},"query-input":{"@type":"PropertyValueSpecification","valueRequired":true,"valueName":"search_term_string"}}],"inLanguage":"es"}]}},"_links":{"self":[{"href":"https:\/\/mont-roig.cat\/es\/wp-json\/wp\/v2\/pages\/4287","targetHints":{"allow":["GET"]}}],"collection":[{"href":"https:\/\/mont-roig.cat\/es\/wp-json\/wp\/v2\/pages"}],"about":[{"href":"https:\/\/mont-roig.cat\/es\/wp-json\/wp\/v2\/types\/page"}],"author":[{"embeddable":true,"href":"https:\/\/mont-roig.cat\/es\/wp-json\/wp\/v2\/users\/4"}],"replies":[{"embeddable":true,"href":"https:\/\/mont-roig.cat\/es\/wp-json\/wp\/v2\/comments?post=4287"}],"version-history":[{"count":51,"href":"https:\/\/mont-roig.cat\/es\/wp-json\/wp\/v2\/pages\/4287\/revisions"}],"predecessor-version":[{"id":91932,"href":"https:\/\/mont-roig.cat\/es\/wp-json\/wp\/v2\/pages\/4287\/revisions\/91932"}],"up":[{"embeddable":true,"href":"https:\/\/mont-roig.cat\/es\/wp-json\/wp\/v2\/pages\/4286"}],"wp:attachment":[{"href":"https:\/\/mont-roig.cat\/es\/wp-json\/wp\/v2\/media?parent=4287"}],"curies":[{"name":"wp","href":"https:\/\/api.w.org\/{rel}","templated":true}]}}