{"id":4288,"date":"2015-03-06T12:36:28","date_gmt":"2015-03-06T12:36:28","guid":{"rendered":""},"modified":"2025-02-14T12:00:48","modified_gmt":"2025-02-14T11:00:48","slug":"escuelas","status":"publish","type":"page","link":"https:\/\/mont-roig.cat\/es\/ayuntamiento\/areas\/educacion\/centros-educativos\/escuelas\/","title":{"rendered":"Escuelas"},"content":{"rendered":"<div class=\"body\">\n<h4>Escuelas (de 3 a 12 a\u00f1os)<\/h4>\n<table class=\"table\" style=\"width: 100%;\" border=\"0\" cellspacing=\"0\" cellpadding=\"0\">\n<tbody>\n<tr>\n<td style=\"width: 293px;\"><img decoding=\"async\" class=\"requadre\" style=\"cursor: default; padding: 4px; line-height: 1.42857143; border: 1px solid #dddddd; border-radius: 4px; -webkit-transition: all 0.2s ease-in-out; transition: all 0.2s ease-in-out; display: inline-block; max-width: 100%; height: 188px; color: #777777; font-family: 'Open Sans', Arial, sans-serif; font-size: 14px; width: 250px; margin-left: 10px; margin-right: 10px; background-color: #ffffff;\" title=\"Escola Mare de D\u00e9u de la Roca\" src=\"http:\/\/mont-roig.cat\/wp-content\/uploads\/Escola Mare de D\u00e9u de la Roca2.jpg\" alt=\"Escola Mare de D\u00e9u de la Roca\" \/><\/td>\n<td>\n<h4><strong style=\"color: #777777; font-size: 14px; line-height: 22px;\">Escuela Mare de D\u00e9u de la Roca<\/strong><span style=\"color: #777777; font-size: 14px; line-height: 22px;\">\u00a0 \u00a0<\/span><span style=\"color: #777777; font-size: 14px; line-height: 22px;\">\u00a0 \u00a0 \u00a0 \u00a0 \u00a0\u00a0<\/span><span style=\"color: #777777; font-size: 14px; line-height: 22px;\">\u200b<\/span><\/h4>\n<p>C\u00f3digo: 43001668<\/p>\n<p>C. Doctor Josep Sagarra, 35<br \/>\n43300 Mont-roig del Camp<br \/>\nTel. 977 837 283<br \/>\n<a href=\"mailto:e3012095@xtec.cat\">e3001668@xtec.cat<\/a><br \/>\n<a class=\"btn btn-primary\" style=\"background-image: linear-gradient(#c2220d, #8b1235);\" href=\"http:\/\/escolamarededeudelaroca.cat\/\" target=\"_blank\" rel=\"noopener noreferrer\">Web escuela Mare de D\u00e9u de la Roca<\/a><\/p>\n<p>Contacto AFA: <a style=\"font-family: inherit; font-size: inherit;\" href=\"mailto:afa.emdroca@gmail.com\">afa.emdroca@gmail.com<\/a><\/td>\n<\/tr>\n<tr>\n<td style=\"width: 293px;\"><\/td>\n<td><\/td>\n<\/tr>\n<tr>\n<td style=\"width: 293px;\"><strong><img decoding=\"async\" class=\"requadre\" style=\"width: 250px; margin: 0px 10px; float: left;\" title=\"Escola Joan Mir\u00f3\" src=\"http:\/\/mont-roig.cat\/wp-content\/uploads\/fa\u00e7ana joan miro.JPG\" alt=\"Escola Joan Mir\u00f3\" \/><\/strong><\/td>\n<td><strong>Escuela Joan Mir\u00f3\u00a0\u00a0 \u00a0\u00a0\u00a0 \u00a0<\/strong><\/p>\n<p>C\u00f3digo: 43012095<\/p>\n<p>Av. de Cadis, 83<br \/>\n43892 Miami Platja<br \/>\nTel. 977 810 351<br \/>\n<a href=\"mailto:e3012095@xtec.cat\">e3012095@xtec.cat<\/a><br \/>\n<a class=\"btn btn-primary\" style=\"background-image: linear-gradient(#c2220d, #8b1235);\" href=\"http:\/\/agora.xtec.cat\/ie-joanmiro\/\" target=\"_blank\" rel=\"noopener noreferrer\">Web escuela Joan Mir\u00f3<\/a><\/p>\n<p>Contacto AFA: <a href=\"mailto:afajoanmiromiamiplatja@gmail.com\">afajoanmiromiamiplatja@gmail.com<\/a><\/td>\n<\/tr>\n<tr>\n<td style=\"width: 293px;\"><\/td>\n<td><\/td>\n<\/tr>\n<tr>\n<td style=\"width: 293px;\"><strong><img decoding=\"async\" class=\"requadre\" style=\"width: 250px; margin: 0px 10px; float: left;\" title=\"Escola Marcel\u00b7l\u00ed Esquius\" src=\"http:\/\/mont-roig.cat\/wp-content\/uploads\/P1050335.JPG\" alt=\"Escola Marcel\u00b7l\u00ed Esquius\" \/><\/strong><\/td>\n<td><strong>Escuela Marcel\u00b7l\u00ed Esquius\u00a0\u00a0 \u00a0\u00a0\u00a0 \u00a0<\/strong><\/p>\n<p>Codi: 43010487<\/p>\n<p>C. Brasil, 15<br \/>\n43892 Miami Platja<br \/>\nTel. 977 811 956<br \/>\n<a href=\"mailto:e3012095@xtec.cat\">e3010487@xtec.cat<\/a><br \/>\n<a class=\"btn btn-primary\" style=\"background-image: linear-gradient(#c2220d, #8b1235);\" href=\"http:\/\/www.marceliesquius.com\" target=\"_blank\" rel=\"noopener noreferrer\">Web escuela Marcel\u00b7l\u00ed Esquius<\/a><\/p>\n<p>Contacto AFA: <a href=\"mailto:ampaesquius@gmail.com\">ampaesquius@gmail.com<\/a><\/td>\n<\/tr>\n<\/tbody>\n<\/table>\n<p><strong>PREINSCRIPCI\u00d3N CURSO 2025-2026<\/strong><\/p>\n<p>La preinscripci\u00f3n es el tr\u00e1mite mediante el cual las familias solicitan una plaza para sus hijos e hijas que acceden por primera vez a la escolarizaci\u00f3n en un centro educativo determinado. Generalmente, se trata de los ni\u00f1os y ni\u00f1as que cumplen <strong>3 a\u00f1os durante el 2025<\/strong>.<\/p>\n<p><strong>Fechas de preinscripci\u00f3n:<\/strong> del <strong>12 al 26 de marzo de 2025<\/strong><\/p>\n<p><strong>Preinscripci\u00f3n telem\u00e1tica<\/strong><br \/>\nLa preinscripci\u00f3n se realizar\u00e1 de forma telem\u00e1tica a trav\u00e9s del siguiente enlace:<br \/>\n\ud83d\udd17 <a href=\"https:\/\/preinscripcio.gencat.cat\/\">Preinscripci\u00f3n 2025-2026<\/a><\/p>\n<p><strong>Atenci\u00f3n presencial<\/strong><br \/>\nEn caso de que los solicitantes no puedan presentar la documentaci\u00f3n de forma telem\u00e1tica por falta de medios, deber\u00e1n contactar con la <strong>OME (Oficina Municipal de Escolarizaci\u00f3n)<\/strong> para recibir atenci\u00f3n presencial.<\/p>\n<p><strong>\u00bfC\u00f3mo solicitar atenci\u00f3n presencial?<\/strong><\/p>\n<ul>\n<li><strong>Es necesario solicitar cita previa<\/strong> por tel\u00e9fono o correo electr\u00f3nico.<\/li>\n<li><strong>Atenci\u00f3n telef\u00f3nica:\u00a0<\/strong>\ud83d\udcde 977 172 865 \u2013 677 724 637<\/li>\n<li><strong>Atenci\u00f3n por correo electr\u00f3nico:<\/strong> \ud83d\udce7 ome@mont-roig.cat<\/li>\n<li><strong>Horario:<\/strong> \ud83d\udd58 De lunes a viernes, de 9:00 h a 14:00 h.<\/li>\n<\/ul>\n<p><strong>M\u00e1s informaci\u00f3n sobre el tr\u00e1mite de preinscripci\u00f3n:<\/strong><br \/>\n<a href=\"https:\/\/preinscripcio.gencat.cat\/\">Detalles del proceso de preinscripci\u00f3n<\/a><u><\/u><\/p>\n<\/div>\n","protected":false},"excerpt":{"rendered":"<p>Escuelas (de 3 a 12 a\u00f1os) Escuela Mare de D\u00e9u de la Roca\u00a0 \u00a0\u00a0 \u00a0 \u00a0 \u00a0 \u00a0\u00a0\u200b C\u00f3digo: 43001668 C. Doctor Josep Sagarra, 35 43300 Mont-roig del Camp Tel. 977 837 283 e3001668@xtec.cat Web escuela Mare de D\u00e9u de la Roca Contacto AFA: afa.emdroca@gmail.com Escuela Joan Mir\u00f3\u00a0\u00a0 \u00a0\u00a0\u00a0 \u00a0 C\u00f3digo: 43012095 Av. de Cadis, [&hellip;]<\/p>\n","protected":false},"author":4,"featured_media":0,"parent":4286,"menu_order":0,"comment_status":"closed","ping_status":"closed","template":"","meta":{"inline_featured_image":false,"_monsterinsights_skip_tracking":false,"_monsterinsights_sitenote_active":false,"_monsterinsights_sitenote_note":"","_monsterinsights_sitenote_category":0,"footnotes":""},"class_list":["post-4288","page","type-page","status-publish","hentry"],"yoast_head":"<!-- This site is optimized with the Yoast SEO plugin v27.4 - https:\/\/yoast.com\/product\/yoast-seo-wordpress\/ -->\n<title>Escuelas - Ajuntament de Mont-roig del Camp<\/title>\n<meta name=\"robots\" content=\"index, follow, max-snippet:-1, max-image-preview:large, max-video-preview:-1\" \/>\n<link rel=\"canonical\" href=\"https:\/\/mont-roig.cat\/es\/ayuntamiento\/areas\/educacion\/centros-educativos\/escuelas\/\" \/>\n<meta property=\"og:locale\" content=\"es_ES\" \/>\n<meta property=\"og:type\" content=\"article\" \/>\n<meta property=\"og:title\" content=\"Escuelas - Ajuntament de Mont-roig del Camp\" \/>\n<meta property=\"og:description\" content=\"Escuelas (de 3 a 12 a\u00f1os) Escuela Mare de D\u00e9u de la Roca\u00a0 \u00a0\u00a0 \u00a0 \u00a0 \u00a0 \u00a0\u00a0\u200b C\u00f3digo: 43001668 C. Doctor Josep Sagarra, 35 43300 Mont-roig del Camp Tel. 977 837 283 e3001668@xtec.cat Web escuela Mare de D\u00e9u de la Roca Contacto AFA: afa.emdroca@gmail.com Escuela Joan Mir\u00f3\u00a0\u00a0 \u00a0\u00a0\u00a0 \u00a0 C\u00f3digo: 43012095 Av. de Cadis, [&hellip;]\" \/>\n<meta property=\"og:url\" content=\"https:\/\/mont-roig.cat\/es\/ayuntamiento\/areas\/educacion\/centros-educativos\/escuelas\/\" \/>\n<meta property=\"og:site_name\" content=\"Ajuntament de Mont-roig del Camp\" \/>\n<meta property=\"article:modified_time\" content=\"2025-02-14T11:00:48+00:00\" \/>\n<meta property=\"og:image\" content=\"http:\/\/mont-roig.cat\/wp-content\/uploads\/P1050335.JPG\" \/>\n<meta name=\"twitter:card\" content=\"summary_large_image\" \/>\n<meta name=\"twitter:label1\" content=\"Tiempo de lectura\" \/>\n\t<meta name=\"twitter:data1\" content=\"2 minutos\" \/>\n<script type=\"application\/ld+json\" class=\"yoast-schema-graph\">{\"@context\":\"https:\\\/\\\/schema.org\",\"@graph\":[{\"@type\":\"WebPage\",\"@id\":\"https:\\\/\\\/mont-roig.cat\\\/es\\\/ayuntamiento\\\/areas\\\/educacion\\\/centros-educativos\\\/escuelas\\\/\",\"url\":\"https:\\\/\\\/mont-roig.cat\\\/es\\\/ayuntamiento\\\/areas\\\/educacion\\\/centros-educativos\\\/escuelas\\\/\",\"name\":\"Escuelas - Ajuntament de Mont-roig del Camp\",\"isPartOf\":{\"@id\":\"https:\\\/\\\/mont-roig.cat\\\/es\\\/#website\"},\"primaryImageOfPage\":{\"@id\":\"https:\\\/\\\/mont-roig.cat\\\/es\\\/ayuntamiento\\\/areas\\\/educacion\\\/centros-educativos\\\/escuelas\\\/#primaryimage\"},\"image\":{\"@id\":\"https:\\\/\\\/mont-roig.cat\\\/es\\\/ayuntamiento\\\/areas\\\/educacion\\\/centros-educativos\\\/escuelas\\\/#primaryimage\"},\"thumbnailUrl\":\"http:\\\/\\\/mont-roig.cat\\\/wp-content\\\/uploads\\\/P1050335.JPG\",\"datePublished\":\"2015-03-06T12:36:28+00:00\",\"dateModified\":\"2025-02-14T11:00:48+00:00\",\"breadcrumb\":{\"@id\":\"https:\\\/\\\/mont-roig.cat\\\/es\\\/ayuntamiento\\\/areas\\\/educacion\\\/centros-educativos\\\/escuelas\\\/#breadcrumb\"},\"inLanguage\":\"es\",\"potentialAction\":[{\"@type\":\"ReadAction\",\"target\":[\"https:\\\/\\\/mont-roig.cat\\\/es\\\/ayuntamiento\\\/areas\\\/educacion\\\/centros-educativos\\\/escuelas\\\/\"]}]},{\"@type\":\"ImageObject\",\"inLanguage\":\"es\",\"@id\":\"https:\\\/\\\/mont-roig.cat\\\/es\\\/ayuntamiento\\\/areas\\\/educacion\\\/centros-educativos\\\/escuelas\\\/#primaryimage\",\"url\":\"http:\\\/\\\/mont-roig.cat\\\/wp-content\\\/uploads\\\/P1050335.JPG\",\"contentUrl\":\"http:\\\/\\\/mont-roig.cat\\\/wp-content\\\/uploads\\\/P1050335.JPG\"},{\"@type\":\"BreadcrumbList\",\"@id\":\"https:\\\/\\\/mont-roig.cat\\\/es\\\/ayuntamiento\\\/areas\\\/educacion\\\/centros-educativos\\\/escuelas\\\/#breadcrumb\",\"itemListElement\":[{\"@type\":\"ListItem\",\"position\":1,\"name\":\"Inici\",\"item\":\"https:\\\/\\\/mont-roig.cat\\\/es\\\/pagina-de-inicio\\\/\"},{\"@type\":\"ListItem\",\"position\":2,\"name\":\"Ayuntamiento\",\"item\":\"https:\\\/\\\/mont-roig.cat\\\/es\\\/ayuntamiento\\\/\"},{\"@type\":\"ListItem\",\"position\":3,\"name\":\"\u00c1reas\",\"item\":\"https:\\\/\\\/mont-roig.cat\\\/es\\\/ayuntamiento\\\/areas\\\/\"},{\"@type\":\"ListItem\",\"position\":4,\"name\":\"Educaci\u00f3n\",\"item\":\"https:\\\/\\\/mont-roig.cat\\\/es\\\/ayuntamiento\\\/areas\\\/educacion\\\/\"},{\"@type\":\"ListItem\",\"position\":5,\"name\":\"Centros educativos\",\"item\":\"https:\\\/\\\/mont-roig.cat\\\/es\\\/ayuntamiento\\\/areas\\\/educacion\\\/centros-educativos\\\/\"},{\"@type\":\"ListItem\",\"position\":6,\"name\":\"Escuelas\"}]},{\"@type\":\"WebSite\",\"@id\":\"https:\\\/\\\/mont-roig.cat\\\/es\\\/#website\",\"url\":\"https:\\\/\\\/mont-roig.cat\\\/es\\\/\",\"name\":\"Ajuntament de Mont-roig del Camp\",\"description\":\"Tota la informaci\u00f3 sobre la instituci\u00f3, els seus \u00f2rgans de govern, actualitat, serveis i molt m\u00e9s.\",\"potentialAction\":[{\"@type\":\"SearchAction\",\"target\":{\"@type\":\"EntryPoint\",\"urlTemplate\":\"https:\\\/\\\/mont-roig.cat\\\/es\\\/?s={search_term_string}\"},\"query-input\":{\"@type\":\"PropertyValueSpecification\",\"valueRequired\":true,\"valueName\":\"search_term_string\"}}],\"inLanguage\":\"es\"}]}<\/script>\n<!-- \/ Yoast SEO plugin. -->","yoast_head_json":{"title":"Escuelas - Ajuntament de Mont-roig del Camp","robots":{"index":"index","follow":"follow","max-snippet":"max-snippet:-1","max-image-preview":"max-image-preview:large","max-video-preview":"max-video-preview:-1"},"canonical":"https:\/\/mont-roig.cat\/es\/ayuntamiento\/areas\/educacion\/centros-educativos\/escuelas\/","og_locale":"es_ES","og_type":"article","og_title":"Escuelas - Ajuntament de Mont-roig del Camp","og_description":"Escuelas (de 3 a 12 a\u00f1os) Escuela Mare de D\u00e9u de la Roca\u00a0 \u00a0\u00a0 \u00a0 \u00a0 \u00a0 \u00a0\u00a0\u200b C\u00f3digo: 43001668 C. Doctor Josep Sagarra, 35 43300 Mont-roig del Camp Tel. 977 837 283 e3001668@xtec.cat Web escuela Mare de D\u00e9u de la Roca Contacto AFA: afa.emdroca@gmail.com Escuela Joan Mir\u00f3\u00a0\u00a0 \u00a0\u00a0\u00a0 \u00a0 C\u00f3digo: 43012095 Av. de Cadis, [&hellip;]","og_url":"https:\/\/mont-roig.cat\/es\/ayuntamiento\/areas\/educacion\/centros-educativos\/escuelas\/","og_site_name":"Ajuntament de Mont-roig del Camp","article_modified_time":"2025-02-14T11:00:48+00:00","og_image":[{"url":"http:\/\/mont-roig.cat\/wp-content\/uploads\/P1050335.JPG","type":"","width":"","height":""}],"twitter_card":"summary_large_image","twitter_misc":{"Tiempo de lectura":"2 minutos"},"schema":{"@context":"https:\/\/schema.org","@graph":[{"@type":"WebPage","@id":"https:\/\/mont-roig.cat\/es\/ayuntamiento\/areas\/educacion\/centros-educativos\/escuelas\/","url":"https:\/\/mont-roig.cat\/es\/ayuntamiento\/areas\/educacion\/centros-educativos\/escuelas\/","name":"Escuelas - Ajuntament de Mont-roig del Camp","isPartOf":{"@id":"https:\/\/mont-roig.cat\/es\/#website"},"primaryImageOfPage":{"@id":"https:\/\/mont-roig.cat\/es\/ayuntamiento\/areas\/educacion\/centros-educativos\/escuelas\/#primaryimage"},"image":{"@id":"https:\/\/mont-roig.cat\/es\/ayuntamiento\/areas\/educacion\/centros-educativos\/escuelas\/#primaryimage"},"thumbnailUrl":"http:\/\/mont-roig.cat\/wp-content\/uploads\/P1050335.JPG","datePublished":"2015-03-06T12:36:28+00:00","dateModified":"2025-02-14T11:00:48+00:00","breadcrumb":{"@id":"https:\/\/mont-roig.cat\/es\/ayuntamiento\/areas\/educacion\/centros-educativos\/escuelas\/#breadcrumb"},"inLanguage":"es","potentialAction":[{"@type":"ReadAction","target":["https:\/\/mont-roig.cat\/es\/ayuntamiento\/areas\/educacion\/centros-educativos\/escuelas\/"]}]},{"@type":"ImageObject","inLanguage":"es","@id":"https:\/\/mont-roig.cat\/es\/ayuntamiento\/areas\/educacion\/centros-educativos\/escuelas\/#primaryimage","url":"http:\/\/mont-roig.cat\/wp-content\/uploads\/P1050335.JPG","contentUrl":"http:\/\/mont-roig.cat\/wp-content\/uploads\/P1050335.JPG"},{"@type":"BreadcrumbList","@id":"https:\/\/mont-roig.cat\/es\/ayuntamiento\/areas\/educacion\/centros-educativos\/escuelas\/#breadcrumb","itemListElement":[{"@type":"ListItem","position":1,"name":"Inici","item":"https:\/\/mont-roig.cat\/es\/pagina-de-inicio\/"},{"@type":"ListItem","position":2,"name":"Ayuntamiento","item":"https:\/\/mont-roig.cat\/es\/ayuntamiento\/"},{"@type":"ListItem","position":3,"name":"\u00c1reas","item":"https:\/\/mont-roig.cat\/es\/ayuntamiento\/areas\/"},{"@type":"ListItem","position":4,"name":"Educaci\u00f3n","item":"https:\/\/mont-roig.cat\/es\/ayuntamiento\/areas\/educacion\/"},{"@type":"ListItem","position":5,"name":"Centros educativos","item":"https:\/\/mont-roig.cat\/es\/ayuntamiento\/areas\/educacion\/centros-educativos\/"},{"@type":"ListItem","position":6,"name":"Escuelas"}]},{"@type":"WebSite","@id":"https:\/\/mont-roig.cat\/es\/#website","url":"https:\/\/mont-roig.cat\/es\/","name":"Ajuntament de Mont-roig del Camp","description":"Tota la informaci\u00f3 sobre la instituci\u00f3, els seus \u00f2rgans de govern, actualitat, serveis i molt m\u00e9s.","potentialAction":[{"@type":"SearchAction","target":{"@type":"EntryPoint","urlTemplate":"https:\/\/mont-roig.cat\/es\/?s={search_term_string}"},"query-input":{"@type":"PropertyValueSpecification","valueRequired":true,"valueName":"search_term_string"}}],"inLanguage":"es"}]}},"_links":{"self":[{"href":"https:\/\/mont-roig.cat\/es\/wp-json\/wp\/v2\/pages\/4288","targetHints":{"allow":["GET"]}}],"collection":[{"href":"https:\/\/mont-roig.cat\/es\/wp-json\/wp\/v2\/pages"}],"about":[{"href":"https:\/\/mont-roig.cat\/es\/wp-json\/wp\/v2\/types\/page"}],"author":[{"embeddable":true,"href":"https:\/\/mont-roig.cat\/es\/wp-json\/wp\/v2\/users\/4"}],"replies":[{"embeddable":true,"href":"https:\/\/mont-roig.cat\/es\/wp-json\/wp\/v2\/comments?post=4288"}],"version-history":[{"count":19,"href":"https:\/\/mont-roig.cat\/es\/wp-json\/wp\/v2\/pages\/4288\/revisions"}],"predecessor-version":[{"id":80823,"href":"https:\/\/mont-roig.cat\/es\/wp-json\/wp\/v2\/pages\/4288\/revisions\/80823"}],"up":[{"embeddable":true,"href":"https:\/\/mont-roig.cat\/es\/wp-json\/wp\/v2\/pages\/4286"}],"wp:attachment":[{"href":"https:\/\/mont-roig.cat\/es\/wp-json\/wp\/v2\/media?parent=4288"}],"curies":[{"name":"wp","href":"https:\/\/api.w.org\/{rel}","templated":true}]}}