{"id":4289,"date":"2015-03-06T12:36:52","date_gmt":"2015-03-06T12:36:52","guid":{"rendered":""},"modified":"2026-01-16T13:32:11","modified_gmt":"2026-01-16T12:32:11","slug":"instituto","status":"publish","type":"page","link":"https:\/\/mont-roig.cat\/es\/ayuntamiento\/areas\/educacion\/centros-educativos\/instituto\/","title":{"rendered":"Institutos"},"content":{"rendered":"<div class=\"wpb-content-wrapper\">[vc_row][vc_column][vc_column_text]\n<div class=\"body\">\n<h4>Institutos\u00a0(de 12 a 18 a\u00f1os)<\/h4>\n<table style=\"width: 100%;\" border=\"0\" cellspacing=\"0\" cellpadding=\"0\">\n<tbody>\n<tr>\n<td style=\"width: 297px;\"><strong><img decoding=\"async\" class=\"requadre\" style=\"height: 188px; width: 250px; margin: 10px; float: left;\" title=\"Instituto Antoni Ballester\" src=\"http:\/\/mont-roig.cat\/wp-content\/uploads\/2014_02_25 Institut Antoni Ballester 011.jpg\" alt=\"Instituto Antoni Ballester\" \/><\/strong><\/td>\n<td style=\"width: 529px;\"><strong>Instituto Antoni Ballester<\/strong><\/p>\n<p><strong>Estudios de ESO<\/strong><\/p>\n<p>C\u00f3digo: 43008638<\/p>\n<p>C. de l&#8217;1 d&#8217;octubre, 5<br \/>\n43300 Mont-roig del Camp<br \/>\nTel. 977 838 609<br \/>\n<a href=\"mailto:e3008638@xtec.cat\">e3008638@xtec.cat<\/a><br \/>\n<a class=\"btn btn-primary\" href=\"http:\/\/www.iaballester.cat\" target=\"_blank\" rel=\"noopener noreferrer\">Web instituto Antoni Ballester<\/a><br \/>\nContacto AFA: <a href=\"mailto:afaiballester@gmail.com\">afaiballester@gmail.com<\/a><\/td>\n<\/tr>\n<tr>\n<td style=\"width: 297px;\"><img decoding=\"async\" class=\"requadre\" style=\"cursor: default; padding: 4px; line-height: 1.42857143; border: 1px solid #dddddd; border-radius: 4px; -webkit-transition: all 0.2s ease-in-out; transition: all 0.2s ease-in-out; display: inline-block; max-width: 100%; height: 188px; color: #777777; font-family: 'Open Sans', Arial, sans-serif; font-size: 14px; width: 250px; margin-left: 10px; margin-right: 10px; background-color: #ffffff;\" title=\"Instituto Antoni Ballester extensi\u00f3n Miami\" src=\"http:\/\/mont-roig.cat\/wp-content\/uploads\/2015_03_27 Festa Ins antoni Ballester 010.jpg\" alt=\"Instituto Antoni Ballester extensi\u00f3n Miami\" \/><\/td>\n<td style=\"width: 529px;\"><strong>Instituto Miami<\/strong><\/p>\n<p><strong>Estudios de ESO\u00a0 \u00a0 \u00a0 \u00a0 \u00a0 \u00a0 \u00a0<\/strong><\/p>\n<p>C\u00f3digo: 43012988<\/p>\n<p>Av. Cadis, 83 bis<br \/>\n43892 Miami Platja<br \/>\nTel. 977 13 31 38<br \/>\n<a href=\"mailto:e3012988@xtec.cat\" target=\"_blank\" rel=\"noopener noreferrer\">e3012988@xtec.cat<\/a><br \/>\n<a class=\"btn btn-primary\" href=\"https:\/\/agora.xtec.cat\/institutmiami\/\" target=\"_blank\" rel=\"noopener noreferrer\">Web instituto Miami<\/a><br \/>\nContacto AFA: <a href=\"mailto:afainstitutmiami@gmail.com\">afainstitutmiami@gmail.com<\/a><\/td>\n<\/tr>\n<\/tbody>\n<\/table>\n<h4><strong>ESO (Educaci\u00f3n Secundaria Obligatoria)<\/strong><\/h4>\n<p>El inicio de la ESO representa un cambio de etapa importante para el alumnado, ya que es necesario cambiar de centro para continuar el itinerario formativo. Por este motivo, es necesario realizar el proceso de preinscripci\u00f3n.<\/p>\n<p><strong>Fechas de preinscripci\u00f3n:<\/strong> del <strong>14 al 26 de marzo de 2025<\/strong><\/p>\n<p><strong>Preinscripci\u00f3n telem\u00e1tica<\/strong><br \/>\nLa preinscripci\u00f3n se realizar\u00e1 de forma telem\u00e1tica a trav\u00e9s del siguiente enlace:<br \/>\n<a href=\"https:\/\/preinscripcio.gencat.cat\/\">Preinscripci\u00f3n ESO<\/a><\/p>\n<p><strong>Atenci\u00f3n presencial<\/strong><br \/>\nEn caso de no poder presentar la documentaci\u00f3n de forma telem\u00e1tica por falta de medios, es necesario contactar con la <strong>OME (Oficina Municipal de Escolarizaci\u00f3n)<\/strong> para recibir atenci\u00f3n presencial.<\/p>\n<p><strong>\u00bfC\u00f3mo solicitar atenci\u00f3n presencial?<\/strong><\/p>\n<ul>\n<li><strong>Es necesario solicitar cita previa<\/strong> por tel\u00e9fono o correo electr\u00f3nico.<\/li>\n<li><strong>Atenci\u00f3n telef\u00f3nica:<\/strong> 977 172 865 \u2013 677 724 637<\/li>\n<li><strong>Atenci\u00f3n por correo electr\u00f3nico:<\/strong> ome@mont-roig.cat<\/li>\n<li><strong>Horario:<\/strong> De lunes a viernes, de 9:00 h a 14:00 h.<\/li>\n<\/ul>\n<p><strong>M\u00e1s informaci\u00f3n sobre el tr\u00e1mite de preinscripci\u00f3n:<\/strong><br \/>\n<a href=\"https:\/\/preinscripcio.gencat.cat\/\">Detalles del proceso de preinscripci\u00f3n<\/a><\/p>\n<h4><strong>Estudios postobligatorios<\/strong><\/h4>\n<p><strong>Bachillerato<\/strong><\/p>\n<p><strong>Preinscripci\u00f3n:<\/strong> del <strong>3 al 10 de abril de 2025<\/strong><br \/>\n<a href=\"https:\/\/preinscripcio.gencat.cat\/\">Preinscripci\u00f3n Bachillerato<\/a><\/p>\n<p><strong>Formaci\u00f3n Profesional (Encontrar\u00e1 toda la informaci\u00f3n de la oferta educativa de formaci\u00f3n profesional en la web del Instituto Antoni Ballester)<\/strong><\/p>\n<p>La informaci\u00f3n actualizada sobre esta formaci\u00f3n estar\u00e1 disponible a partir del <strong>15 de marzo de 2025<\/strong>.<br \/>\n<a href=\"https:\/\/preinscripcio.gencat.cat\/\">Preinscripci\u00f3n FP<\/a><\/p>\n<\/div>\n<\/div>","protected":false},"excerpt":{"rendered":"<p>[vc_row][vc_column][vc_column_text] Institutos\u00a0(de 12 a 18 a\u00f1os) Instituto Antoni Ballester Estudios de ESO C\u00f3digo: 43008638 C. de l&#8217;1 d&#8217;octubre, 5 43300 Mont-roig del Camp Tel. 977 838 609 e3008638@xtec.cat Web instituto Antoni Ballester Contacto AFA: afaiballester@gmail.com Instituto Miami Estudios de ESO\u00a0 \u00a0 \u00a0 \u00a0 \u00a0 \u00a0 \u00a0 C\u00f3digo: 43012988 Av. Cadis, 83 bis 43892 Miami Platja [&hellip;]<\/p>\n","protected":false},"author":4,"featured_media":0,"parent":4286,"menu_order":0,"comment_status":"closed","ping_status":"closed","template":"","meta":{"inline_featured_image":false,"_monsterinsights_skip_tracking":false,"_monsterinsights_sitenote_active":false,"_monsterinsights_sitenote_note":"","_monsterinsights_sitenote_category":0,"footnotes":""},"class_list":["post-4289","page","type-page","status-publish","hentry"],"yoast_head":"<!-- This site is optimized with the Yoast SEO plugin v27.4 - https:\/\/yoast.com\/product\/yoast-seo-wordpress\/ -->\n<title>Institutos - Ajuntament de Mont-roig del Camp<\/title>\n<meta name=\"robots\" content=\"index, follow, max-snippet:-1, max-image-preview:large, max-video-preview:-1\" \/>\n<link rel=\"canonical\" href=\"https:\/\/mont-roig.cat\/es\/ayuntamiento\/areas\/educacion\/centros-educativos\/instituto\/\" \/>\n<meta property=\"og:locale\" content=\"es_ES\" \/>\n<meta property=\"og:type\" content=\"article\" \/>\n<meta property=\"og:title\" content=\"Institutos - Ajuntament de Mont-roig del Camp\" \/>\n<meta property=\"og:description\" content=\"[vc_row][vc_column][vc_column_text] Institutos\u00a0(de 12 a 18 a\u00f1os) Instituto Antoni Ballester Estudios de ESO C\u00f3digo: 43008638 C. de l&#8217;1 d&#8217;octubre, 5 43300 Mont-roig del Camp Tel. 977 838 609 e3008638@xtec.cat Web instituto Antoni Ballester Contacto AFA: afaiballester@gmail.com Instituto Miami Estudios de ESO\u00a0 \u00a0 \u00a0 \u00a0 \u00a0 \u00a0 \u00a0 C\u00f3digo: 43012988 Av. Cadis, 83 bis 43892 Miami Platja [&hellip;]\" \/>\n<meta property=\"og:url\" content=\"https:\/\/mont-roig.cat\/es\/ayuntamiento\/areas\/educacion\/centros-educativos\/instituto\/\" \/>\n<meta property=\"og:site_name\" content=\"Ajuntament de Mont-roig del Camp\" \/>\n<meta property=\"article:modified_time\" content=\"2026-01-16T12:32:11+00:00\" \/>\n<meta property=\"og:image\" content=\"https:\/\/mont-roig.cat\/wp-content\/uploads\/aj-mont-roig-2.jpg\" \/>\n\t<meta property=\"og:image:width\" content=\"1200\" \/>\n\t<meta property=\"og:image:height\" content=\"600\" \/>\n\t<meta property=\"og:image:type\" content=\"image\/jpeg\" \/>\n<meta name=\"twitter:card\" content=\"summary_large_image\" \/>\n<meta name=\"twitter:label1\" content=\"Tiempo de lectura\" \/>\n\t<meta name=\"twitter:data1\" content=\"2 minutos\" \/>\n<script type=\"application\/ld+json\" class=\"yoast-schema-graph\">{\"@context\":\"https:\\\/\\\/schema.org\",\"@graph\":[{\"@type\":\"WebPage\",\"@id\":\"https:\\\/\\\/mont-roig.cat\\\/es\\\/ayuntamiento\\\/areas\\\/educacion\\\/centros-educativos\\\/instituto\\\/\",\"url\":\"https:\\\/\\\/mont-roig.cat\\\/es\\\/ayuntamiento\\\/areas\\\/educacion\\\/centros-educativos\\\/instituto\\\/\",\"name\":\"Institutos - Ajuntament de Mont-roig del Camp\",\"isPartOf\":{\"@id\":\"https:\\\/\\\/mont-roig.cat\\\/es\\\/#website\"},\"datePublished\":\"2015-03-06T12:36:52+00:00\",\"dateModified\":\"2026-01-16T12:32:11+00:00\",\"breadcrumb\":{\"@id\":\"https:\\\/\\\/mont-roig.cat\\\/es\\\/ayuntamiento\\\/areas\\\/educacion\\\/centros-educativos\\\/instituto\\\/#breadcrumb\"},\"inLanguage\":\"es\",\"potentialAction\":[{\"@type\":\"ReadAction\",\"target\":[\"https:\\\/\\\/mont-roig.cat\\\/es\\\/ayuntamiento\\\/areas\\\/educacion\\\/centros-educativos\\\/instituto\\\/\"]}]},{\"@type\":\"BreadcrumbList\",\"@id\":\"https:\\\/\\\/mont-roig.cat\\\/es\\\/ayuntamiento\\\/areas\\\/educacion\\\/centros-educativos\\\/instituto\\\/#breadcrumb\",\"itemListElement\":[{\"@type\":\"ListItem\",\"position\":1,\"name\":\"Inici\",\"item\":\"https:\\\/\\\/mont-roig.cat\\\/es\\\/pagina-de-inicio\\\/\"},{\"@type\":\"ListItem\",\"position\":2,\"name\":\"Ayuntamiento\",\"item\":\"https:\\\/\\\/mont-roig.cat\\\/es\\\/ayuntamiento\\\/\"},{\"@type\":\"ListItem\",\"position\":3,\"name\":\"\u00c1reas\",\"item\":\"https:\\\/\\\/mont-roig.cat\\\/es\\\/ayuntamiento\\\/areas\\\/\"},{\"@type\":\"ListItem\",\"position\":4,\"name\":\"Educaci\u00f3n\",\"item\":\"https:\\\/\\\/mont-roig.cat\\\/es\\\/ayuntamiento\\\/areas\\\/educacion\\\/\"},{\"@type\":\"ListItem\",\"position\":5,\"name\":\"Centros educativos\",\"item\":\"https:\\\/\\\/mont-roig.cat\\\/es\\\/ayuntamiento\\\/areas\\\/educacion\\\/centros-educativos\\\/\"},{\"@type\":\"ListItem\",\"position\":6,\"name\":\"Institutos\"}]},{\"@type\":\"WebSite\",\"@id\":\"https:\\\/\\\/mont-roig.cat\\\/es\\\/#website\",\"url\":\"https:\\\/\\\/mont-roig.cat\\\/es\\\/\",\"name\":\"Ajuntament de Mont-roig del Camp\",\"description\":\"Tota la informaci\u00f3 sobre la instituci\u00f3, els seus \u00f2rgans de govern, actualitat, serveis i molt m\u00e9s.\",\"potentialAction\":[{\"@type\":\"SearchAction\",\"target\":{\"@type\":\"EntryPoint\",\"urlTemplate\":\"https:\\\/\\\/mont-roig.cat\\\/es\\\/?s={search_term_string}\"},\"query-input\":{\"@type\":\"PropertyValueSpecification\",\"valueRequired\":true,\"valueName\":\"search_term_string\"}}],\"inLanguage\":\"es\"}]}<\/script>\n<!-- \/ Yoast SEO plugin. -->","yoast_head_json":{"title":"Institutos - Ajuntament de Mont-roig del Camp","robots":{"index":"index","follow":"follow","max-snippet":"max-snippet:-1","max-image-preview":"max-image-preview:large","max-video-preview":"max-video-preview:-1"},"canonical":"https:\/\/mont-roig.cat\/es\/ayuntamiento\/areas\/educacion\/centros-educativos\/instituto\/","og_locale":"es_ES","og_type":"article","og_title":"Institutos - Ajuntament de Mont-roig del Camp","og_description":"[vc_row][vc_column][vc_column_text] Institutos\u00a0(de 12 a 18 a\u00f1os) Instituto Antoni Ballester Estudios de ESO C\u00f3digo: 43008638 C. de l&#8217;1 d&#8217;octubre, 5 43300 Mont-roig del Camp Tel. 977 838 609 e3008638@xtec.cat Web instituto Antoni Ballester Contacto AFA: afaiballester@gmail.com Instituto Miami Estudios de ESO\u00a0 \u00a0 \u00a0 \u00a0 \u00a0 \u00a0 \u00a0 C\u00f3digo: 43012988 Av. Cadis, 83 bis 43892 Miami Platja [&hellip;]","og_url":"https:\/\/mont-roig.cat\/es\/ayuntamiento\/areas\/educacion\/centros-educativos\/instituto\/","og_site_name":"Ajuntament de Mont-roig del Camp","article_modified_time":"2026-01-16T12:32:11+00:00","og_image":[{"width":1200,"height":600,"url":"https:\/\/mont-roig.cat\/wp-content\/uploads\/aj-mont-roig-2.jpg","type":"image\/jpeg"}],"twitter_card":"summary_large_image","twitter_misc":{"Tiempo de lectura":"2 minutos"},"schema":{"@context":"https:\/\/schema.org","@graph":[{"@type":"WebPage","@id":"https:\/\/mont-roig.cat\/es\/ayuntamiento\/areas\/educacion\/centros-educativos\/instituto\/","url":"https:\/\/mont-roig.cat\/es\/ayuntamiento\/areas\/educacion\/centros-educativos\/instituto\/","name":"Institutos - Ajuntament de Mont-roig del Camp","isPartOf":{"@id":"https:\/\/mont-roig.cat\/es\/#website"},"datePublished":"2015-03-06T12:36:52+00:00","dateModified":"2026-01-16T12:32:11+00:00","breadcrumb":{"@id":"https:\/\/mont-roig.cat\/es\/ayuntamiento\/areas\/educacion\/centros-educativos\/instituto\/#breadcrumb"},"inLanguage":"es","potentialAction":[{"@type":"ReadAction","target":["https:\/\/mont-roig.cat\/es\/ayuntamiento\/areas\/educacion\/centros-educativos\/instituto\/"]}]},{"@type":"BreadcrumbList","@id":"https:\/\/mont-roig.cat\/es\/ayuntamiento\/areas\/educacion\/centros-educativos\/instituto\/#breadcrumb","itemListElement":[{"@type":"ListItem","position":1,"name":"Inici","item":"https:\/\/mont-roig.cat\/es\/pagina-de-inicio\/"},{"@type":"ListItem","position":2,"name":"Ayuntamiento","item":"https:\/\/mont-roig.cat\/es\/ayuntamiento\/"},{"@type":"ListItem","position":3,"name":"\u00c1reas","item":"https:\/\/mont-roig.cat\/es\/ayuntamiento\/areas\/"},{"@type":"ListItem","position":4,"name":"Educaci\u00f3n","item":"https:\/\/mont-roig.cat\/es\/ayuntamiento\/areas\/educacion\/"},{"@type":"ListItem","position":5,"name":"Centros educativos","item":"https:\/\/mont-roig.cat\/es\/ayuntamiento\/areas\/educacion\/centros-educativos\/"},{"@type":"ListItem","position":6,"name":"Institutos"}]},{"@type":"WebSite","@id":"https:\/\/mont-roig.cat\/es\/#website","url":"https:\/\/mont-roig.cat\/es\/","name":"Ajuntament de Mont-roig del Camp","description":"Tota la informaci\u00f3 sobre la instituci\u00f3, els seus \u00f2rgans de govern, actualitat, serveis i molt m\u00e9s.","potentialAction":[{"@type":"SearchAction","target":{"@type":"EntryPoint","urlTemplate":"https:\/\/mont-roig.cat\/es\/?s={search_term_string}"},"query-input":{"@type":"PropertyValueSpecification","valueRequired":true,"valueName":"search_term_string"}}],"inLanguage":"es"}]}},"_links":{"self":[{"href":"https:\/\/mont-roig.cat\/es\/wp-json\/wp\/v2\/pages\/4289","targetHints":{"allow":["GET"]}}],"collection":[{"href":"https:\/\/mont-roig.cat\/es\/wp-json\/wp\/v2\/pages"}],"about":[{"href":"https:\/\/mont-roig.cat\/es\/wp-json\/wp\/v2\/types\/page"}],"author":[{"embeddable":true,"href":"https:\/\/mont-roig.cat\/es\/wp-json\/wp\/v2\/users\/4"}],"replies":[{"embeddable":true,"href":"https:\/\/mont-roig.cat\/es\/wp-json\/wp\/v2\/comments?post=4289"}],"version-history":[{"count":23,"href":"https:\/\/mont-roig.cat\/es\/wp-json\/wp\/v2\/pages\/4289\/revisions"}],"predecessor-version":[{"id":88203,"href":"https:\/\/mont-roig.cat\/es\/wp-json\/wp\/v2\/pages\/4289\/revisions\/88203"}],"up":[{"embeddable":true,"href":"https:\/\/mont-roig.cat\/es\/wp-json\/wp\/v2\/pages\/4286"}],"wp:attachment":[{"href":"https:\/\/mont-roig.cat\/es\/wp-json\/wp\/v2\/media?parent=4289"}],"curies":[{"name":"wp","href":"https:\/\/api.w.org\/{rel}","templated":true}]}}