{"id":4290,"date":"2015-03-06T09:50:32","date_gmt":"2015-03-06T09:50:32","guid":{"rendered":""},"modified":"2026-02-05T14:15:20","modified_gmt":"2026-02-05T13:15:20","slug":"servicio-de-transporte-escolar","status":"publish","type":"page","link":"https:\/\/mont-roig.cat\/es\/ayuntamiento\/areas\/educacion\/servicio-de-transporte-escolar\/","title":{"rendered":"Servicio de transporte escolar"},"content":{"rendered":"<div class=\"wpb-content-wrapper\">[vc_row][vc_column][vc_column_text css=&#8221;&#8221;]\n<h5 class=\"body\">SERVICIO DE TRANSPORTE ESCOLAR<\/h5>\n<p><strong>Rutas por centro educativo 2025\/2026<\/strong><\/p>\n<p><strong>Escuela Joan Mir\u00f3<\/strong><\/p>\n<ul>\n<li><a href=\"https:\/\/mont-roig.cat\/wp-content\/uploads\/parades-i-horaris-Ruta-29-ESC-09_02_26.pdf\" target=\"_blank\" rel=\"noopener\" data-wpel-link=\"internal\">Ruta 29 ESC<\/a>\u00a0&#8211; C\u00e0mping Mont-roig a Escuela Joan Mir\u00f3 (por la N-340)<\/li>\n<li><a href=\"https:\/\/mont-roig.cat\/wp-content\/uploads\/parades-i-horaris-Ruta-34-ESC-2.pdf\" target=\"_blank\" rel=\"noopener\" data-wpel-link=\"internal\">Ruta 34 ESC<\/a>\u00a0&#8211; Urbanizaci\u00f3n Bonmont a Escuela Joan Mir\u00f3 (por Urb.Casalot)<\/li>\n<\/ul>\n<p><strong><b>Escuela Marcel\u00b7l\u00ed Esquius<\/b><\/strong><\/p>\n<ul>\n<li><a href=\"https:\/\/mont-roig.cat\/wp-content\/uploads\/parades-i-horaris-Ruta-29-ESC-09_02_26.pdf\" target=\"_blank\" rel=\"noopener\" data-wpel-link=\"internal\">Ruta 29 ESC<\/a>\u00a0 &#8211; C\u00e0mping Mont-roig a Escuela Marcel\u00b7l\u00ed Esquius (por la N-340)<\/li>\n<li><a href=\"https:\/\/mont-roig.cat\/wp-content\/uploads\/parades-i-horaris-Ruta-34-ESC-2.pdf\" target=\"_blank\" rel=\"noopener\" data-wpel-link=\"internal\">Ruta 34 ESC<\/a>\u00a0&#8211; Urbanitzaci\u00f3 Bonmonta Escuela Marcel\u00b7l\u00ed Esquius (por Urb. Casalot)<\/li>\n<\/ul>\n<p><strong><b>Escuela Mare de D\u00e9u de la Roca<\/b><\/strong><\/p>\n<ul>\n<li><a href=\"https:\/\/mont-roig.cat\/wp-content\/uploads\/R41-ESC-14_01_26.docx\" target=\"_blank\" rel=\"noopener\" data-wpel-link=\"internal\">Ruta 41 ESC<\/a>\u00a0&#8211; Miami Platja a Escuela Mare de D\u00e9u de la Roca<\/li>\n<\/ul>\n<p><strong><b>Instituto Antoni Ballester<\/b><\/strong><\/p>\n<ul>\n<li><a href=\"https:\/\/mont-roig.cat\/wp-content\/uploads\/parades-i-horaris-Ruta-14-INS-2.pdf\" target=\"_blank\" rel=\"noopener\" data-wpel-link=\"internal\">Ruta 14 INS<\/a> &#8211; Miami Platja a Instituto Antoni Ballester (por la Urb. Casalot)<\/li>\n<li><a href=\"https:\/\/mont-roig.cat\/wp-content\/uploads\/parades-i-horaris-Ruta-29-INS-09_02_26.pdf\" target=\"_blank\" rel=\"noopener\" data-wpel-link=\"internal\">Ruta 29 INS<\/a> &#8211; Miami Platja a Instituto Antoni Ballester (por la N-340)<\/li>\n<li><a href=\"https:\/\/mont-roig.cat\/wp-content\/uploads\/Ruta-transport-municipal-estudis-postobligatoris-09_02_2026.pdf\" target=\"_blank\" rel=\"noopener\" data-wpel-link=\"internal\">Ruta 1<\/a>\u00a0&#8211; Ruta para estudios postobligatorios (Batxillerato y Ciclo Formativo de Grado Medio)<\/li>\n<\/ul>\n<p><strong><b>Instituto Miami<\/b><\/strong><\/p>\n<ul>\n<li><a href=\"https:\/\/mont-roig.cat\/wp-content\/uploads\/parades-i-horaris-Ruta-15-INS-2.pdf\" target=\"_blank\" rel=\"noopener\" data-wpel-link=\"internal\">Ruta 15 INS<\/a> &#8211; De la Urb. Bonmont a Instituto Miami<\/li>\n<li><a href=\"https:\/\/mont-roig.cat\/wp-content\/uploads\/parades-i-horaris-R41-INS-09_02_26.pdf\" target=\"_blank\" rel=\"noopener\" data-wpel-link=\"internal\">Ruta 41 INS<\/a>\u00a0&#8211; Mont-roig del Camp a Instituto Miami<\/li>\n<\/ul>\n<p><a href=\"https:\/\/mont-roig.cat\/wp-content\/uploads\/CALENDARI-FINAL-CURS-2025-2026.pdf\" target=\"_blank\" rel=\"noopener\" data-wpel-link=\"internal\">Calendario Escolar Curso 2025-2026<\/a><\/p>\n<p><strong>\u00bfC\u00f3mo se pueden hacer las inscripciones?<\/strong><\/p>\n<ul>\n<li>De forma telem\u00e1tica a trav\u00e9s de la Sede electr\u00f3nica del Ayuntamiento\u00a0<a href=\"https:\/\/mont-roig.eadministracio.cat\" target=\"_blank\" rel=\"noopener\">https:\/\/mont-roig.eadministracio.cat<\/a>, en el apartado de cat\u00e1logo de tr\u00e1mites de Educaci\u00f3n, Cultura y Deportes. Instancia titulada \u201cTransporte escolar por estudios infantiles y obligatorios (infantil, primaria y ESO) Curso 2025-2026\u201d o &#8220;Transporte escolar para estudios postobligatorios (BAT y CFGM)&#8221; Curso 2025-2026.<\/li>\n<li>En caso de que el tr\u00e1mite no se pueda realizar de forma telem\u00e1tica, cuando el ciudadano no disponga de los medios necesarios para realizar la tramitaci\u00f3n, podr\u00e1n realizarla de forma presencial en las OMAC con la asistencia del personal de la OME, solo licitando cita previa en la web municipal https:\/\/citaprevia.mont-roig.cat\/mont-roig\/o llamando al tel\u00e9fono 977 17 28 65 &#8211; 677724637.<\/li>\n<\/ul>\n<p><a href=\"https:\/\/mont-roig.cat\/wp-content\/uploads\/Circular-informativa-transport-escolar-curs-2025-2026.pdf\" target=\"_blank\" rel=\"noopener\">Circular informativa transporte escolar 2025-2026<\/a><\/p>\n<p><strong>Periodo de inscripci\u00f3n<\/strong><\/p>\n<p>El per\u00edodo de inscripci\u00f3n para el curso 2025-2026 ser\u00e1 <strong>del 20 de junio al 31 de julio de 2025<\/strong>.<\/p>\n<p>La admisi\u00f3n de usuarios fuera de este per\u00edodo, quedar\u00e1 sometida a la disponibilidad de plazas vac\u00edas en los veh\u00edculos que realizan el servicio de transporte escolar en el municipio de Mont-roig del Camp.<\/p>\n<p>En caso de que haya m\u00e1s solicitudes que plazas disponibles, se reservar\u00e1 la plaza por riguroso orden de presentaci\u00f3n de la solicitud.<\/p>\n<p>Es necesario aportar la siguiente documentaci\u00f3n (la falta de la documentaci\u00f3n requerida significar\u00e1 la no admisi\u00f3n a tr\u00e1mite de la solicitud):<\/p>\n<p><strong>Documentaci\u00f3n obligatoria<\/strong><\/p>\n<ul>\n<li>NIF\/NIE o pasaporte del padre, madre o tutor legal.<\/li>\n<li>Documento de mandato de domiciliaci\u00f3n bancaria debidamente cumplimentado y firmado por la entidad bancaria.<\/li>\n<li>En el caso de solicitantes que s\u00f3lo tengan pasaporte, tendr\u00e1n que presentar una autorizaci\u00f3n de una tercera persona que asuma el cargo de los recibos en su cuenta bancaria y posea NIF.<\/li>\n<\/ul>\n<p><strong>Documentaci\u00f3n opcional \u00a0para solicitar bonificaciones de tarifa<\/strong><\/p>\n<ul>\n<li>DNI o NIE del usuario\/a.<\/li>\n<li>Libro de familia <em><strong>(s\u00f3lo para aquellas familias que inscriban a 2 o m\u00e1s usuarios en el servicio de transporte escolar<\/strong>).<\/em><\/li>\n<li>Declaraci\u00f3n de Renta 2024 o certificaci\u00f3n negativa emitida por la Agencia Tributaria (s\u00f3lo para aquellas familias que la renta per c\u00e1pita de los miembros de la unidad de convivencia de 2024 no supere el Salario M\u00ednimo Interprofesional de 16.576 \u20ac). O bien, autorizar al Ayuntamiento a realizar las consultas necesarias en las plataformas de intermediaci\u00f3n de datos entre administraciones p\u00fablicas para la tramitaci\u00f3n de la solicitud.<\/li>\n<\/ul>\n<p><strong>Tarifas<\/strong><\/p>\n<p>El precio p\u00fablico del servicio de transporte escolar se establecer\u00e1 por usuario y d\u00eda lectivo, independientemente del uso que se haga del servicio.<\/p>\n<ul>\n<li>PRECIO P\u00daBLICO AUTOB\u00daS ESCOLAR. <strong>Importe: 1,50 \u20ac alumno \/ d\u00eda lectivo<\/strong><\/li>\n<li>PRECIO P\u00daBLICO BONIFICADO. Para disfrutar de las tarifas reducidas ser\u00e1 necesario que los usuarios re\u00fanan los siguientes criterios:<\/li>\n<\/ul>\n<p>Alumnado escolarizado en el centro educativo que les corresponde por zonificaci\u00f3n escolar.<\/p>\n<p>Alumnado que residan en un radio superior a un 1 kil\u00f3metro del centro educativo en el que est\u00e1n escolarizados. <strong>Importe: 0,75 alumno\/d\u00eda lectivo.<\/strong><\/p>\n<ul>\n<li>PRECIO P\u00daBLICO BONIFICADO. Familias con dos o m\u00e1s usuarios inscritos en el servicio de transporte escolar que cumplan con los requisitos indicados anteriormente. <strong>Importe: 0,60 \u20ac alumno\/d\u00eda lectivo<\/strong><br \/>\nEXENCI\u00d3N PRECIO P\u00daBLICO. Familias con ingresos inferiores al salario m\u00ednimo interprofesional y que cumplan los requisitos anteriormente indicados. <strong>Importe: 0,00\u20ac alumno\/d\u00eda lectivo.<\/strong><\/li>\n<\/ul>\n<p>El cobro del precio p\u00fablico del servicio de transporte escolar se realizar\u00e1 mediante domiciliaci\u00f3n bancaria con una periodicidad trimestral, de acuerdo con los datos que faciliten los padres, madres o tutores legales de los usuarios en el momento de la solicitud:<\/p>\n<ul>\n<li>El primer recibo acumular\u00e1 los importes de los meses de septiembre, octubre, noviembre y diciembre y se cobrar\u00e1 durante el mes de octubre.<\/li>\n<li>El segundo recibo acumular\u00e1 los importes de los meses de enero, febrero y marzo y se cobrar\u00e1 durante el mes de febrero.<\/li>\n<li>El tercer recibo acumular\u00e1 los importes de los meses de abril, mayo y junio y se cobrar\u00e1 durante el mes de junio.<\/li>\n<\/ul>\n<p><strong>Pago de los recibos en caso de obtener plaza en el transporte escolar:<\/strong><\/p>\n<p>Se recuerda la obligaci\u00f3n de estar al corriente de pago de los recibos del transporte escolar correspondientes al a\u00f1o escolar anterior (2024-2025) para poder optar a obtener una plaza en el transporte escolar para el 2025-2026 en el momento de realizar la solicitud. La falta de pago de alg\u00fan trimestre significar\u00e1 la no admisi\u00f3n a tr\u00e1mite y la anulaci\u00f3n de la solicitud.<\/p>\n<p><strong>Solicitud de modificaci\u00f3n de ruta, parada, bajas voluntarias, cambio de autorizaci\u00f3n de recogida o cambio de n\u00famero de cuenta bancaria.<\/strong><\/p>\n<p>Para solicitar una modificaci\u00f3n de ruta, parada, baja voluntaria, cambio de autorizaci\u00f3n de recogida o cambio de n\u00famero de cuenta bancaria, tendr\u00e1n que ser comunicadas por el padre, madre o tutor legal del usuario, cumplimentando y firmando la instancia \u201c Transporte escolar por estudios infantiles y obligatorios Curso 2025-2026\u201d. Al acceder a la instancia electr\u00f3nica el primer desplegable pregunta cu\u00e1l es el tr\u00e1mite que se desea realizar. En caso de no poder llevar a cabo el tr\u00e1mite de forma telem\u00e1tica deber\u00e1 realizarse presencialmente en las OMAC del municipio.<\/p>\n<p><a href=\"http:\/\/mont-roig.cat\/wp-content\/uploads\/Reglament-del-servei-de-transport-escolar.pdf\" target=\"_blank\" rel=\"noopener noreferrer\" data-wpel-link=\"internal\">Reglamento del servicio de transporte escolar<\/a><\/p>\n<h4 class=\"body\">M\u00e1s informaci\u00f3n servicio de transporte escolar<\/h4>\n<p>El servicio facilitado por el Consell Comarcal del Baix Camp no tiene car\u00e1cter de obligaci\u00f3n legal, aunque es de inter\u00e9s p\u00fablico. Atendidas las especiales caracter\u00edsticas del asentamiento y la trama urbana del municipio y la dispersi\u00f3n de los centros escolares, se entiende como una herramienta necesaria respecto del derecho de los alumnos al acceso al sistema educativo, reflejado en el art\u00edculo 4 de la Ley 12\/2009, de 10 de julio, de educaci\u00f3n.<\/p>\n<p>El transporte escolar facilitado por el Consell Comarcal aunque tiene lugar fuera del recinto escolar y no es organizado por el centro, est\u00e1 motivado para la vida escolar y est\u00e1 directamente relacionado con los centros escolares a los cuales se da uso.<\/p>\n<p>El servicio que se desarrolla consiste a realizar los transportes escolares colectivos de ida y de vuelta en los centros escolares, desde las paradas que se establezcan, durante los d\u00edas lectivos del curso escolar correspondiente y de acuerdo con los horarios de inicio y acabado de las jornadas escolares por la ma\u00f1ana y tarde o el horario alternativo que se determine.<\/p>\n<p>Tambi\u00e9n incluye el servicio de acompa\u00f1amiento de los usuarios de este servicio de transporte durante la duraci\u00f3n del trayecto Se considera acompa\u00f1amiento desde que el usuario sube al autob\u00fas para ir al centro docente y hasta la entrada al recinto escolar y, a la vuelta, desde que sube al autob\u00fas en la salida del centro docente y hasta la llegada a las respectivas paradas de origen. El servicio de acompa\u00f1amiento no comprende otros servicios.<\/p>\n<p>As\u00ed mismo, para adaptar el transporte a las necesidades reales del servicio y asegurar el acceso diario de los alumnos, el Ayuntamiento, al inicio y durante el curso escolar, fijar\u00e1 los cambios necesarios en relaci\u00f3n al n\u00famero de alumnos, las rutas y las paradas, con sujeci\u00f3n al calendario y al horario escolar aprobado por el Departamento de Ense\u00f1anza de la Generalitat de Catalu\u00f1a.[\/vc_column_text][\/vc_column][\/vc_row]\n<\/div>","protected":false},"excerpt":{"rendered":"<p>[vc_row][vc_column][vc_column_text css=&#8221;&#8221;] SERVICIO DE TRANSPORTE ESCOLAR Rutas por centro educativo 2025\/2026 Escuela Joan Mir\u00f3 Ruta 29 ESC\u00a0&#8211; C\u00e0mping Mont-roig a Escuela Joan Mir\u00f3 (por la N-340) Ruta 34 ESC\u00a0&#8211; Urbanizaci\u00f3n Bonmont a Escuela Joan Mir\u00f3 (por Urb.Casalot) Escuela Marcel\u00b7l\u00ed Esquius Ruta 29 ESC\u00a0 &#8211; C\u00e0mping Mont-roig a Escuela Marcel\u00b7l\u00ed Esquius (por la N-340) Ruta 34 [&hellip;]<\/p>\n","protected":false},"author":4,"featured_media":0,"parent":4285,"menu_order":0,"comment_status":"closed","ping_status":"closed","template":"","meta":{"inline_featured_image":false,"_monsterinsights_skip_tracking":false,"_monsterinsights_sitenote_active":false,"_monsterinsights_sitenote_note":"","_monsterinsights_sitenote_category":0,"footnotes":""},"class_list":["post-4290","page","type-page","status-publish","hentry"],"yoast_head":"<!-- This site is optimized with the Yoast SEO plugin v27.1.1 - https:\/\/yoast.com\/product\/yoast-seo-wordpress\/ -->\n<title>Servicio de transporte escolar - Ajuntament de Mont-roig del Camp<\/title>\n<meta name=\"robots\" content=\"index, follow, max-snippet:-1, max-image-preview:large, max-video-preview:-1\" \/>\n<link rel=\"canonical\" href=\"https:\/\/mont-roig.cat\/es\/ayuntamiento\/areas\/educacion\/servicio-de-transporte-escolar\/\" \/>\n<meta property=\"og:locale\" content=\"es_ES\" \/>\n<meta property=\"og:type\" content=\"article\" \/>\n<meta property=\"og:title\" content=\"Servicio de transporte escolar - Ajuntament de Mont-roig del Camp\" \/>\n<meta property=\"og:description\" content=\"[vc_row][vc_column][vc_column_text css=&#8221;&#8221;] SERVICIO DE TRANSPORTE ESCOLAR Rutas por centro educativo 2025\/2026 Escuela Joan Mir\u00f3 Ruta 29 ESC\u00a0&#8211; C\u00e0mping Mont-roig a Escuela Joan Mir\u00f3 (por la N-340) Ruta 34 ESC\u00a0&#8211; Urbanizaci\u00f3n Bonmont a Escuela Joan Mir\u00f3 (por Urb.Casalot) Escuela Marcel\u00b7l\u00ed Esquius Ruta 29 ESC\u00a0 &#8211; C\u00e0mping Mont-roig a Escuela Marcel\u00b7l\u00ed Esquius (por la N-340) Ruta 34 [&hellip;]\" \/>\n<meta property=\"og:url\" content=\"https:\/\/mont-roig.cat\/es\/ayuntamiento\/areas\/educacion\/servicio-de-transporte-escolar\/\" \/>\n<meta property=\"og:site_name\" content=\"Ajuntament de Mont-roig del Camp\" \/>\n<meta property=\"article:modified_time\" content=\"2026-02-05T13:15:20+00:00\" \/>\n<meta property=\"og:image\" content=\"https:\/\/mont-roig.cat\/wp-content\/uploads\/aj-mont-roig-2.jpg\" \/>\n\t<meta property=\"og:image:width\" content=\"1200\" \/>\n\t<meta property=\"og:image:height\" content=\"600\" \/>\n\t<meta property=\"og:image:type\" content=\"image\/jpeg\" \/>\n<meta name=\"twitter:card\" content=\"summary_large_image\" \/>\n<meta name=\"twitter:label1\" content=\"Tiempo de lectura\" \/>\n\t<meta name=\"twitter:data1\" content=\"7 minutos\" \/>\n<script type=\"application\/ld+json\" class=\"yoast-schema-graph\">{\"@context\":\"https:\/\/schema.org\",\"@graph\":[{\"@type\":\"WebPage\",\"@id\":\"https:\/\/mont-roig.cat\/es\/ayuntamiento\/areas\/educacion\/servicio-de-transporte-escolar\/\",\"url\":\"https:\/\/mont-roig.cat\/es\/ayuntamiento\/areas\/educacion\/servicio-de-transporte-escolar\/\",\"name\":\"Servicio de transporte escolar - Ajuntament de Mont-roig del Camp\",\"isPartOf\":{\"@id\":\"https:\/\/mont-roig.cat\/es\/#website\"},\"datePublished\":\"2015-03-06T09:50:32+00:00\",\"dateModified\":\"2026-02-05T13:15:20+00:00\",\"breadcrumb\":{\"@id\":\"https:\/\/mont-roig.cat\/es\/ayuntamiento\/areas\/educacion\/servicio-de-transporte-escolar\/#breadcrumb\"},\"inLanguage\":\"es\",\"potentialAction\":[{\"@type\":\"ReadAction\",\"target\":[\"https:\/\/mont-roig.cat\/es\/ayuntamiento\/areas\/educacion\/servicio-de-transporte-escolar\/\"]}]},{\"@type\":\"BreadcrumbList\",\"@id\":\"https:\/\/mont-roig.cat\/es\/ayuntamiento\/areas\/educacion\/servicio-de-transporte-escolar\/#breadcrumb\",\"itemListElement\":[{\"@type\":\"ListItem\",\"position\":1,\"name\":\"Inici\",\"item\":\"https:\/\/mont-roig.cat\/es\/pagina-de-inicio\/\"},{\"@type\":\"ListItem\",\"position\":2,\"name\":\"Ayuntamiento\",\"item\":\"https:\/\/mont-roig.cat\/es\/ayuntamiento\/\"},{\"@type\":\"ListItem\",\"position\":3,\"name\":\"\u00c1reas\",\"item\":\"https:\/\/mont-roig.cat\/es\/ayuntamiento\/areas\/\"},{\"@type\":\"ListItem\",\"position\":4,\"name\":\"Educaci\u00f3n\",\"item\":\"https:\/\/mont-roig.cat\/es\/ayuntamiento\/areas\/educacion\/\"},{\"@type\":\"ListItem\",\"position\":5,\"name\":\"Servicio de transporte escolar\"}]},{\"@type\":\"WebSite\",\"@id\":\"https:\/\/mont-roig.cat\/es\/#website\",\"url\":\"https:\/\/mont-roig.cat\/es\/\",\"name\":\"Ajuntament de Mont-roig del Camp\",\"description\":\"Tota la informaci\u00f3 sobre la instituci\u00f3, els seus \u00f2rgans de govern, actualitat, serveis i molt m\u00e9s.\",\"potentialAction\":[{\"@type\":\"SearchAction\",\"target\":{\"@type\":\"EntryPoint\",\"urlTemplate\":\"https:\/\/mont-roig.cat\/es\/?s={search_term_string}\"},\"query-input\":{\"@type\":\"PropertyValueSpecification\",\"valueRequired\":true,\"valueName\":\"search_term_string\"}}],\"inLanguage\":\"es\"}]}<\/script>\n<!-- \/ Yoast SEO plugin. -->","yoast_head_json":{"title":"Servicio de transporte escolar - Ajuntament de Mont-roig del Camp","robots":{"index":"index","follow":"follow","max-snippet":"max-snippet:-1","max-image-preview":"max-image-preview:large","max-video-preview":"max-video-preview:-1"},"canonical":"https:\/\/mont-roig.cat\/es\/ayuntamiento\/areas\/educacion\/servicio-de-transporte-escolar\/","og_locale":"es_ES","og_type":"article","og_title":"Servicio de transporte escolar - Ajuntament de Mont-roig del Camp","og_description":"[vc_row][vc_column][vc_column_text css=&#8221;&#8221;] SERVICIO DE TRANSPORTE ESCOLAR Rutas por centro educativo 2025\/2026 Escuela Joan Mir\u00f3 Ruta 29 ESC\u00a0&#8211; C\u00e0mping Mont-roig a Escuela Joan Mir\u00f3 (por la N-340) Ruta 34 ESC\u00a0&#8211; Urbanizaci\u00f3n Bonmont a Escuela Joan Mir\u00f3 (por Urb.Casalot) Escuela Marcel\u00b7l\u00ed Esquius Ruta 29 ESC\u00a0 &#8211; C\u00e0mping Mont-roig a Escuela Marcel\u00b7l\u00ed Esquius (por la N-340) Ruta 34 [&hellip;]","og_url":"https:\/\/mont-roig.cat\/es\/ayuntamiento\/areas\/educacion\/servicio-de-transporte-escolar\/","og_site_name":"Ajuntament de Mont-roig del Camp","article_modified_time":"2026-02-05T13:15:20+00:00","og_image":[{"width":1200,"height":600,"url":"https:\/\/mont-roig.cat\/wp-content\/uploads\/aj-mont-roig-2.jpg","type":"image\/jpeg"}],"twitter_card":"summary_large_image","twitter_misc":{"Tiempo de lectura":"7 minutos"},"schema":{"@context":"https:\/\/schema.org","@graph":[{"@type":"WebPage","@id":"https:\/\/mont-roig.cat\/es\/ayuntamiento\/areas\/educacion\/servicio-de-transporte-escolar\/","url":"https:\/\/mont-roig.cat\/es\/ayuntamiento\/areas\/educacion\/servicio-de-transporte-escolar\/","name":"Servicio de transporte escolar - Ajuntament de Mont-roig del Camp","isPartOf":{"@id":"https:\/\/mont-roig.cat\/es\/#website"},"datePublished":"2015-03-06T09:50:32+00:00","dateModified":"2026-02-05T13:15:20+00:00","breadcrumb":{"@id":"https:\/\/mont-roig.cat\/es\/ayuntamiento\/areas\/educacion\/servicio-de-transporte-escolar\/#breadcrumb"},"inLanguage":"es","potentialAction":[{"@type":"ReadAction","target":["https:\/\/mont-roig.cat\/es\/ayuntamiento\/areas\/educacion\/servicio-de-transporte-escolar\/"]}]},{"@type":"BreadcrumbList","@id":"https:\/\/mont-roig.cat\/es\/ayuntamiento\/areas\/educacion\/servicio-de-transporte-escolar\/#breadcrumb","itemListElement":[{"@type":"ListItem","position":1,"name":"Inici","item":"https:\/\/mont-roig.cat\/es\/pagina-de-inicio\/"},{"@type":"ListItem","position":2,"name":"Ayuntamiento","item":"https:\/\/mont-roig.cat\/es\/ayuntamiento\/"},{"@type":"ListItem","position":3,"name":"\u00c1reas","item":"https:\/\/mont-roig.cat\/es\/ayuntamiento\/areas\/"},{"@type":"ListItem","position":4,"name":"Educaci\u00f3n","item":"https:\/\/mont-roig.cat\/es\/ayuntamiento\/areas\/educacion\/"},{"@type":"ListItem","position":5,"name":"Servicio de transporte escolar"}]},{"@type":"WebSite","@id":"https:\/\/mont-roig.cat\/es\/#website","url":"https:\/\/mont-roig.cat\/es\/","name":"Ajuntament de Mont-roig del Camp","description":"Tota la informaci\u00f3 sobre la instituci\u00f3, els seus \u00f2rgans de govern, actualitat, serveis i molt m\u00e9s.","potentialAction":[{"@type":"SearchAction","target":{"@type":"EntryPoint","urlTemplate":"https:\/\/mont-roig.cat\/es\/?s={search_term_string}"},"query-input":{"@type":"PropertyValueSpecification","valueRequired":true,"valueName":"search_term_string"}}],"inLanguage":"es"}]}},"_links":{"self":[{"href":"https:\/\/mont-roig.cat\/es\/wp-json\/wp\/v2\/pages\/4290","targetHints":{"allow":["GET"]}}],"collection":[{"href":"https:\/\/mont-roig.cat\/es\/wp-json\/wp\/v2\/pages"}],"about":[{"href":"https:\/\/mont-roig.cat\/es\/wp-json\/wp\/v2\/types\/page"}],"author":[{"embeddable":true,"href":"https:\/\/mont-roig.cat\/es\/wp-json\/wp\/v2\/users\/4"}],"replies":[{"embeddable":true,"href":"https:\/\/mont-roig.cat\/es\/wp-json\/wp\/v2\/comments?post=4290"}],"version-history":[{"count":58,"href":"https:\/\/mont-roig.cat\/es\/wp-json\/wp\/v2\/pages\/4290\/revisions"}],"predecessor-version":[{"id":88708,"href":"https:\/\/mont-roig.cat\/es\/wp-json\/wp\/v2\/pages\/4290\/revisions\/88708"}],"up":[{"embeddable":true,"href":"https:\/\/mont-roig.cat\/es\/wp-json\/wp\/v2\/pages\/4285"}],"wp:attachment":[{"href":"https:\/\/mont-roig.cat\/es\/wp-json\/wp\/v2\/media?parent=4290"}],"curies":[{"name":"wp","href":"https:\/\/api.w.org\/{rel}","templated":true}]}}