{"id":4310,"date":"2015-02-13T10:18:32","date_gmt":"2015-02-13T10:18:32","guid":{"rendered":""},"modified":"2024-09-05T09:42:22","modified_gmt":"2024-09-05T07:42:22","slug":"deportes-para-ninos","status":"publish","type":"page","link":"https:\/\/mont-roig.cat\/es\/ayuntamiento\/areas\/deportes\/deportes-para-ninos\/","title":{"rendered":"Deportes para ni\u00f1os"},"content":{"rendered":"<div class=\"body\">\n<p>El \u00c1rea de Deportes tambi\u00e9n ofrece diversas actividades para fomentar el deporte entre los ni\u00f1os y ni\u00f1as de diversas edades.<\/p>\n<p><strong><a href=\"https:\/\/mont-roig.cat\/wp-content\/uploads\/MM_ESPORTS_TARDOR24_web.pdf\" target=\"_blank\" rel=\"noopener\" data-wpel-link=\"internal\">Consulta el programa de actividades deportivas 2024-2025<\/a><\/strong><\/p>\n<p style=\"text-align: justify;\"><strong><a href=\"https:\/\/mont-roig.cat\/wp-content\/uploads\/Diveresports-24-25-1.png\"><img loading=\"lazy\" decoding=\"async\" class=\"alignright wp-image-78340\" src=\"https:\/\/mont-roig.cat\/wp-content\/uploads\/Diveresports-24-25-1-500x497.png\" alt=\"\" width=\"250\" height=\"249\" srcset=\"https:\/\/mont-roig.cat\/wp-content\/uploads\/Diveresports-24-25-1-500x497.png 500w, https:\/\/mont-roig.cat\/wp-content\/uploads\/Diveresports-24-25-1-50x50.png 50w, https:\/\/mont-roig.cat\/wp-content\/uploads\/Diveresports-24-25-1-560x560.png 560w, https:\/\/mont-roig.cat\/wp-content\/uploads\/Diveresports-24-25-1-367x367.png 367w, https:\/\/mont-roig.cat\/wp-content\/uploads\/Diveresports-24-25-1-450x450.png 450w, https:\/\/mont-roig.cat\/wp-content\/uploads\/Diveresports-24-25-1-85x85.png 85w, https:\/\/mont-roig.cat\/wp-content\/uploads\/Diveresports-24-25-1-45x45.png 45w, https:\/\/mont-roig.cat\/wp-content\/uploads\/Diveresports-24-25-1.png 566w\" sizes=\"auto, (max-width: 250px) 100vw, 250px\" \/><\/a><\/strong><strong>DIVERESPORTS:<\/strong> Actividad formativa de iniciaci\u00f3n deportiva y adquisici\u00f3n de h\u00e1bitos motrices, dirigida a alumnos de P3, P4 y P5 de Educaci\u00f3n Infantil, con el siguiente contenido: equilibrio y ritmo. Dominio del cuerpo. Juegos: de afirmaci\u00f3n y de cooperaci\u00f3n. Esparcimiento, sociabilidad y respeto de las normas de los juegos. Motricidad: coordinaci\u00f3n din\u00e1mica general, orientaci\u00f3n, desplazamientos (correr, saltar, cuadrupedias, pata coja, etc.). Deportes de pelota: t\u00e9cnicas b\u00e1sicas de control y dominio del bal\u00f3n: la coordinaci\u00f3n: ojo-mano, ojo-pie y ojo-cabeza (botar, chutar, pasar, recibir, conducir, lanzar, etc.) La actividad tiene una duraci\u00f3n de 1 h 15 minutos. Los primeros 15 min. se dejar\u00e1 un espacio para merendar y posteriormente 1 hora de actividad.<\/p>\n<p><strong>Adem\u00e1s, varias entidades locales organizan actividades para los ni\u00f1os con el objetivo de contribuir en el fomento del deporte. \u00a1Inf\u00f3rmate en los polideportivos!<\/strong><\/p>\n<p>Las inscripciones se podr\u00e1n realizar en:<\/p>\n<ul>\n<li><a href=\"https:\/\/mont-roig.reservaplay.cat\/view\/reserves\/actividades\" target=\"_blank\" rel=\"noopener\">Inscripci\u00f3n actividades deportivas<\/a><\/li>\n<li>D.N.I. de quien firma la autorizaci\u00f3n (padre, madre o tutor)<\/li>\n<li>Tarjeta Sanitaria del ni\u00f1o\/a (CAT SALUD)<\/li>\n<li><a href=\"https:\/\/mont-roig.cat\/wp-content\/uploads\/AUTORITZACIO-PER-RECOLLIR-AL-NEN_A_2023-JOAN-MIRO-.pdf\" target=\"_blank\" rel=\"noopener\">Autorizaci\u00f3n para recoger el\u00a0 ni\u00f1o\/a del centro escolar<\/a><\/li>\n<\/ul>\n<p>Esta documentaci\u00f3n se puede enviar por correo electr\u00f3nico a esports@nostreserveis.cat o de manera presencial los Polideportivos Municipales de Mont-roig o Miami Platja. No se debe efectuar el pago hasta no recibir el correo de confirmaci\u00f3n de plaza.<\/p>\n<p><strong>NATACI\u00d3N:<\/strong> El objetivo es dominar el medio acu\u00e1tico para poder desarrollarse con control y comodidad en el agua. Material necesario: Ba\u00f1ador, gorro de ba\u00f1o, toalla, zapatillas de pl\u00e1stico o goma y ropa de recambio.<\/p>\n<ul>\n<li><strong>Inscripciones<\/strong>\u00a0a trav\u00e9s de la <a href=\"https:\/\/www.reservaplay.com\/app.php\" target=\"_blank\" rel=\"noopener\">App Reserva Play<\/a> . Si no hubiera plazas suficientes, deber\u00e1s inscribirte en la lista de espera.\n<ul>\n<li><strong><img loading=\"lazy\" decoding=\"async\" class=\"requadre alignright\" style=\"height: 225px; width: 300px; margin: 10px; float: right;\" title=\"Clases de nataci\u00f3n\" src=\"https:\/\/mont-roig.cat\/wp-content\/uploads\/61dba0db-db61-485d-b992-94c83477f8c3-1.jpg\" alt=\"Clases de nataci\u00f3n\" width=\"1024\" height=\"768\" \/><\/strong><a href=\"https:\/\/mont-roig.reservaplay.cat\/view\/reserves\/actividades\" target=\"_blank\" rel=\"noopener\">Inscripci\u00f3n actividades<\/a><\/li>\n<li><a href=\"https:\/\/mont-roig.reservaplay.cat\/view\/reserves\/actividades\" target=\"_blank\" rel=\"noopener\">Inscripci\u00f3n lista de espera<\/a><\/li>\n<\/ul>\n<\/li>\n<\/ul>\n<p>OTROS DOCUMENTOS:<\/p>\n<ul>\n<li><a href=\"https:\/\/mont-roig.cat\/wp-content\/uploads\/FULL_BAIXA_ESPORTS_2023.pdf\" target=\"_blank\" rel=\"noopener\">Hoja baja actividades deportivas<\/a><\/li>\n<\/ul>\n<\/div>\n","protected":false},"excerpt":{"rendered":"<p>El \u00c1rea de Deportes tambi\u00e9n ofrece diversas actividades para fomentar el deporte entre los ni\u00f1os y ni\u00f1as de diversas edades. Consulta el programa de actividades deportivas 2024-2025 DIVERESPORTS: Actividad formativa de iniciaci\u00f3n deportiva y adquisici\u00f3n de h\u00e1bitos motrices, dirigida a alumnos de P3, P4 y P5 de Educaci\u00f3n Infantil, con el siguiente contenido: equilibrio y [&hellip;]<\/p>\n","protected":false},"author":4,"featured_media":0,"parent":4308,"menu_order":0,"comment_status":"closed","ping_status":"closed","template":"","meta":{"inline_featured_image":false,"_monsterinsights_skip_tracking":false,"_monsterinsights_sitenote_active":false,"_monsterinsights_sitenote_note":"","_monsterinsights_sitenote_category":0,"footnotes":""},"class_list":["post-4310","page","type-page","status-publish","hentry"],"yoast_head":"<!-- This site is optimized with the Yoast SEO plugin v27.4 - https:\/\/yoast.com\/product\/yoast-seo-wordpress\/ -->\n<title>Deportes para ni\u00f1os - Ajuntament de Mont-roig del Camp<\/title>\n<meta name=\"robots\" content=\"index, follow, max-snippet:-1, max-image-preview:large, max-video-preview:-1\" \/>\n<link rel=\"canonical\" href=\"https:\/\/mont-roig.cat\/es\/ayuntamiento\/areas\/deportes\/deportes-para-ninos\/\" \/>\n<meta property=\"og:locale\" content=\"es_ES\" \/>\n<meta property=\"og:type\" content=\"article\" \/>\n<meta property=\"og:title\" content=\"Deportes para ni\u00f1os - Ajuntament de Mont-roig del Camp\" \/>\n<meta property=\"og:description\" content=\"El \u00c1rea de Deportes tambi\u00e9n ofrece diversas actividades para fomentar el deporte entre los ni\u00f1os y ni\u00f1as de diversas edades. Consulta el programa de actividades deportivas 2024-2025 DIVERESPORTS: Actividad formativa de iniciaci\u00f3n deportiva y adquisici\u00f3n de h\u00e1bitos motrices, dirigida a alumnos de P3, P4 y P5 de Educaci\u00f3n Infantil, con el siguiente contenido: equilibrio y [&hellip;]\" \/>\n<meta property=\"og:url\" content=\"https:\/\/mont-roig.cat\/es\/ayuntamiento\/areas\/deportes\/deportes-para-ninos\/\" \/>\n<meta property=\"og:site_name\" content=\"Ajuntament de Mont-roig del Camp\" \/>\n<meta property=\"article:modified_time\" content=\"2024-09-05T07:42:22+00:00\" \/>\n<meta property=\"og:image\" content=\"https:\/\/mont-roig.cat\/wp-content\/uploads\/Diveresports-24-25-1-500x497.png\" \/>\n<meta name=\"twitter:card\" content=\"summary_large_image\" \/>\n<meta name=\"twitter:label1\" content=\"Tiempo de lectura\" \/>\n\t<meta name=\"twitter:data1\" content=\"3 minutos\" \/>\n<script type=\"application\/ld+json\" class=\"yoast-schema-graph\">{\"@context\":\"https:\\\/\\\/schema.org\",\"@graph\":[{\"@type\":\"WebPage\",\"@id\":\"https:\\\/\\\/mont-roig.cat\\\/es\\\/ayuntamiento\\\/areas\\\/deportes\\\/deportes-para-ninos\\\/\",\"url\":\"https:\\\/\\\/mont-roig.cat\\\/es\\\/ayuntamiento\\\/areas\\\/deportes\\\/deportes-para-ninos\\\/\",\"name\":\"Deportes para ni\u00f1os - Ajuntament de Mont-roig del Camp\",\"isPartOf\":{\"@id\":\"https:\\\/\\\/mont-roig.cat\\\/es\\\/#website\"},\"primaryImageOfPage\":{\"@id\":\"https:\\\/\\\/mont-roig.cat\\\/es\\\/ayuntamiento\\\/areas\\\/deportes\\\/deportes-para-ninos\\\/#primaryimage\"},\"image\":{\"@id\":\"https:\\\/\\\/mont-roig.cat\\\/es\\\/ayuntamiento\\\/areas\\\/deportes\\\/deportes-para-ninos\\\/#primaryimage\"},\"thumbnailUrl\":\"https:\\\/\\\/mont-roig.cat\\\/wp-content\\\/uploads\\\/Diveresports-24-25-1-500x497.png\",\"datePublished\":\"2015-02-13T10:18:32+00:00\",\"dateModified\":\"2024-09-05T07:42:22+00:00\",\"breadcrumb\":{\"@id\":\"https:\\\/\\\/mont-roig.cat\\\/es\\\/ayuntamiento\\\/areas\\\/deportes\\\/deportes-para-ninos\\\/#breadcrumb\"},\"inLanguage\":\"es\",\"potentialAction\":[{\"@type\":\"ReadAction\",\"target\":[\"https:\\\/\\\/mont-roig.cat\\\/es\\\/ayuntamiento\\\/areas\\\/deportes\\\/deportes-para-ninos\\\/\"]}]},{\"@type\":\"ImageObject\",\"inLanguage\":\"es\",\"@id\":\"https:\\\/\\\/mont-roig.cat\\\/es\\\/ayuntamiento\\\/areas\\\/deportes\\\/deportes-para-ninos\\\/#primaryimage\",\"url\":\"https:\\\/\\\/mont-roig.cat\\\/wp-content\\\/uploads\\\/Diveresports-24-25-1-500x497.png\",\"contentUrl\":\"https:\\\/\\\/mont-roig.cat\\\/wp-content\\\/uploads\\\/Diveresports-24-25-1-500x497.png\"},{\"@type\":\"BreadcrumbList\",\"@id\":\"https:\\\/\\\/mont-roig.cat\\\/es\\\/ayuntamiento\\\/areas\\\/deportes\\\/deportes-para-ninos\\\/#breadcrumb\",\"itemListElement\":[{\"@type\":\"ListItem\",\"position\":1,\"name\":\"Inici\",\"item\":\"https:\\\/\\\/mont-roig.cat\\\/es\\\/pagina-de-inicio\\\/\"},{\"@type\":\"ListItem\",\"position\":2,\"name\":\"Ayuntamiento\",\"item\":\"https:\\\/\\\/mont-roig.cat\\\/es\\\/ayuntamiento\\\/\"},{\"@type\":\"ListItem\",\"position\":3,\"name\":\"\u00c1reas\",\"item\":\"https:\\\/\\\/mont-roig.cat\\\/es\\\/ayuntamiento\\\/areas\\\/\"},{\"@type\":\"ListItem\",\"position\":4,\"name\":\"Deportes\",\"item\":\"https:\\\/\\\/mont-roig.cat\\\/es\\\/ayuntamiento\\\/areas\\\/deportes\\\/\"},{\"@type\":\"ListItem\",\"position\":5,\"name\":\"Deportes para ni\u00f1os\"}]},{\"@type\":\"WebSite\",\"@id\":\"https:\\\/\\\/mont-roig.cat\\\/es\\\/#website\",\"url\":\"https:\\\/\\\/mont-roig.cat\\\/es\\\/\",\"name\":\"Ajuntament de Mont-roig del Camp\",\"description\":\"Tota la informaci\u00f3 sobre la instituci\u00f3, els seus \u00f2rgans de govern, actualitat, serveis i molt m\u00e9s.\",\"potentialAction\":[{\"@type\":\"SearchAction\",\"target\":{\"@type\":\"EntryPoint\",\"urlTemplate\":\"https:\\\/\\\/mont-roig.cat\\\/es\\\/?s={search_term_string}\"},\"query-input\":{\"@type\":\"PropertyValueSpecification\",\"valueRequired\":true,\"valueName\":\"search_term_string\"}}],\"inLanguage\":\"es\"}]}<\/script>\n<!-- \/ Yoast SEO plugin. -->","yoast_head_json":{"title":"Deportes para ni\u00f1os - Ajuntament de Mont-roig del Camp","robots":{"index":"index","follow":"follow","max-snippet":"max-snippet:-1","max-image-preview":"max-image-preview:large","max-video-preview":"max-video-preview:-1"},"canonical":"https:\/\/mont-roig.cat\/es\/ayuntamiento\/areas\/deportes\/deportes-para-ninos\/","og_locale":"es_ES","og_type":"article","og_title":"Deportes para ni\u00f1os - Ajuntament de Mont-roig del Camp","og_description":"El \u00c1rea de Deportes tambi\u00e9n ofrece diversas actividades para fomentar el deporte entre los ni\u00f1os y ni\u00f1as de diversas edades. Consulta el programa de actividades deportivas 2024-2025 DIVERESPORTS: Actividad formativa de iniciaci\u00f3n deportiva y adquisici\u00f3n de h\u00e1bitos motrices, dirigida a alumnos de P3, P4 y P5 de Educaci\u00f3n Infantil, con el siguiente contenido: equilibrio y [&hellip;]","og_url":"https:\/\/mont-roig.cat\/es\/ayuntamiento\/areas\/deportes\/deportes-para-ninos\/","og_site_name":"Ajuntament de Mont-roig del Camp","article_modified_time":"2024-09-05T07:42:22+00:00","og_image":[{"url":"https:\/\/mont-roig.cat\/wp-content\/uploads\/Diveresports-24-25-1-500x497.png","type":"","width":"","height":""}],"twitter_card":"summary_large_image","twitter_misc":{"Tiempo de lectura":"3 minutos"},"schema":{"@context":"https:\/\/schema.org","@graph":[{"@type":"WebPage","@id":"https:\/\/mont-roig.cat\/es\/ayuntamiento\/areas\/deportes\/deportes-para-ninos\/","url":"https:\/\/mont-roig.cat\/es\/ayuntamiento\/areas\/deportes\/deportes-para-ninos\/","name":"Deportes para ni\u00f1os - Ajuntament de Mont-roig del Camp","isPartOf":{"@id":"https:\/\/mont-roig.cat\/es\/#website"},"primaryImageOfPage":{"@id":"https:\/\/mont-roig.cat\/es\/ayuntamiento\/areas\/deportes\/deportes-para-ninos\/#primaryimage"},"image":{"@id":"https:\/\/mont-roig.cat\/es\/ayuntamiento\/areas\/deportes\/deportes-para-ninos\/#primaryimage"},"thumbnailUrl":"https:\/\/mont-roig.cat\/wp-content\/uploads\/Diveresports-24-25-1-500x497.png","datePublished":"2015-02-13T10:18:32+00:00","dateModified":"2024-09-05T07:42:22+00:00","breadcrumb":{"@id":"https:\/\/mont-roig.cat\/es\/ayuntamiento\/areas\/deportes\/deportes-para-ninos\/#breadcrumb"},"inLanguage":"es","potentialAction":[{"@type":"ReadAction","target":["https:\/\/mont-roig.cat\/es\/ayuntamiento\/areas\/deportes\/deportes-para-ninos\/"]}]},{"@type":"ImageObject","inLanguage":"es","@id":"https:\/\/mont-roig.cat\/es\/ayuntamiento\/areas\/deportes\/deportes-para-ninos\/#primaryimage","url":"https:\/\/mont-roig.cat\/wp-content\/uploads\/Diveresports-24-25-1-500x497.png","contentUrl":"https:\/\/mont-roig.cat\/wp-content\/uploads\/Diveresports-24-25-1-500x497.png"},{"@type":"BreadcrumbList","@id":"https:\/\/mont-roig.cat\/es\/ayuntamiento\/areas\/deportes\/deportes-para-ninos\/#breadcrumb","itemListElement":[{"@type":"ListItem","position":1,"name":"Inici","item":"https:\/\/mont-roig.cat\/es\/pagina-de-inicio\/"},{"@type":"ListItem","position":2,"name":"Ayuntamiento","item":"https:\/\/mont-roig.cat\/es\/ayuntamiento\/"},{"@type":"ListItem","position":3,"name":"\u00c1reas","item":"https:\/\/mont-roig.cat\/es\/ayuntamiento\/areas\/"},{"@type":"ListItem","position":4,"name":"Deportes","item":"https:\/\/mont-roig.cat\/es\/ayuntamiento\/areas\/deportes\/"},{"@type":"ListItem","position":5,"name":"Deportes para ni\u00f1os"}]},{"@type":"WebSite","@id":"https:\/\/mont-roig.cat\/es\/#website","url":"https:\/\/mont-roig.cat\/es\/","name":"Ajuntament de Mont-roig del Camp","description":"Tota la informaci\u00f3 sobre la instituci\u00f3, els seus \u00f2rgans de govern, actualitat, serveis i molt m\u00e9s.","potentialAction":[{"@type":"SearchAction","target":{"@type":"EntryPoint","urlTemplate":"https:\/\/mont-roig.cat\/es\/?s={search_term_string}"},"query-input":{"@type":"PropertyValueSpecification","valueRequired":true,"valueName":"search_term_string"}}],"inLanguage":"es"}]}},"_links":{"self":[{"href":"https:\/\/mont-roig.cat\/es\/wp-json\/wp\/v2\/pages\/4310","targetHints":{"allow":["GET"]}}],"collection":[{"href":"https:\/\/mont-roig.cat\/es\/wp-json\/wp\/v2\/pages"}],"about":[{"href":"https:\/\/mont-roig.cat\/es\/wp-json\/wp\/v2\/types\/page"}],"author":[{"embeddable":true,"href":"https:\/\/mont-roig.cat\/es\/wp-json\/wp\/v2\/users\/4"}],"replies":[{"embeddable":true,"href":"https:\/\/mont-roig.cat\/es\/wp-json\/wp\/v2\/comments?post=4310"}],"version-history":[{"count":23,"href":"https:\/\/mont-roig.cat\/es\/wp-json\/wp\/v2\/pages\/4310\/revisions"}],"predecessor-version":[{"id":78343,"href":"https:\/\/mont-roig.cat\/es\/wp-json\/wp\/v2\/pages\/4310\/revisions\/78343"}],"up":[{"embeddable":true,"href":"https:\/\/mont-roig.cat\/es\/wp-json\/wp\/v2\/pages\/4308"}],"wp:attachment":[{"href":"https:\/\/mont-roig.cat\/es\/wp-json\/wp\/v2\/media?parent=4310"}],"curies":[{"name":"wp","href":"https:\/\/api.w.org\/{rel}","templated":true}]}}