{"id":4311,"date":"2015-02-02T21:20:57","date_gmt":"2015-02-02T21:20:57","guid":{"rendered":""},"modified":"2022-08-05T08:57:21","modified_gmt":"2022-08-05T06:57:21","slug":"juventud","status":"publish","type":"page","link":"https:\/\/mont-roig.cat\/es\/ayuntamiento\/areas\/juventud\/","title":{"rendered":"Juventud"},"content":{"rendered":"<div class=\"wpb-content-wrapper\">[vc_row][vc_column][vc_column_text]\n<div class=\"body\">\n[\/vc_column_text][\/vc_column][\/vc_row][vc_row][vc_column]\n<div id=\"interactive-banner-1-wrap-7915\" class=\"ult-banner-block ult-adjust-bottom-margin ult-bb-none  banner-style01 \"   style=\"\">\n\t<h3  data-ultimate-target='#interactive-banner-1-wrap-7915 .bb-top-title '  data-responsive-json-new='{\"font-size\":\"\",\"line-height\":\"\"}'  class=\"title-center bb-top-title ult-responsive\" style=\"font-weight:normal;background:#969696;color:#ffffff;\">\u201cLa juventud prefiere que la retes a que la instruyas.\u201c Johan Wolfgang von Goethe<\/h3>\n\t<div class=\"mask opaque-background\" style=\"background:#aaaaaa;\">\n\t\t<div  data-ultimate-target='#interactive-banner-1-wrap-7915 .bb-description'  data-responsive-json-new='{\"font-size\":\"\",\"line-height\":\"\"}'  class=\"bb-description ult-responsive\" style=\"font-weight:normal;color:#ffffff;\">\u201cLa joventut prefereix ser estimulada a ser instru\u00efda.\u201c<br \/>\nJohan Wolfgang von Goethe<\/div>\n\t<\/div>\n<\/div>[vc_column_text]\n<div class=\"body\">\n<div>\n<div>\n<p style=\"text-align: justify;\"><a href=\"https:\/\/mont-roig.cat\/wp-content\/uploads\/MM_logo_joves_positiu_vertical_transp.png\"><img loading=\"lazy\" decoding=\"async\" class=\"alignright wp-image-64562\" src=\"https:\/\/mont-roig.cat\/wp-content\/uploads\/MM_logo_joves_positiu_vertical_transp-500x500.png\" alt=\"\" width=\"241\" height=\"241\" srcset=\"https:\/\/mont-roig.cat\/wp-content\/uploads\/MM_logo_joves_positiu_vertical_transp-500x500.png 500w, https:\/\/mont-roig.cat\/wp-content\/uploads\/MM_logo_joves_positiu_vertical_transp-50x50.png 50w, https:\/\/mont-roig.cat\/wp-content\/uploads\/MM_logo_joves_positiu_vertical_transp-560x560.png 560w, https:\/\/mont-roig.cat\/wp-content\/uploads\/MM_logo_joves_positiu_vertical_transp-367x367.png 367w, https:\/\/mont-roig.cat\/wp-content\/uploads\/MM_logo_joves_positiu_vertical_transp-450x450.png 450w, https:\/\/mont-roig.cat\/wp-content\/uploads\/MM_logo_joves_positiu_vertical_transp-85x85.png 85w, https:\/\/mont-roig.cat\/wp-content\/uploads\/MM_logo_joves_positiu_vertical_transp-45x45.png 45w, https:\/\/mont-roig.cat\/wp-content\/uploads\/MM_logo_joves_positiu_vertical_transp.png 567w\" sizes=\"auto, (max-width: 241px) 100vw, 241px\" \/><\/a>El \u00e1rea de Juventud del Ayuntamiento de Mont-roig del Camp juega un papel clave en la investigaci\u00f3n y desarrollo de programas que tienen como prioridad, de acuerdo con el actual Plan Local de Juventud, velar porque todos los j\u00f3venes del municipio tengan cubiertas sus necesidades en cuanto a igualdad de oportunidades, \u00e9xito acad\u00e9mico, salud, trabajo, desarrollo apropiado de sus niveles de independencia, relaciones sociales, as\u00ed como acceso a la cultura, a la informaci\u00f3n y al ocio, entre otros.<\/p>\n<div style=\"text-align: justify;\"><\/div>\n<\/div>\n<div>\n<p style=\"text-align: justify;\">Con este objetivo, se ofrece un amplio repertorio de servicios y actividades: desde excursiones, viajes y juegos, hasta charlas, exposiciones, formaci\u00f3n, atenci\u00f3n, asesoramiento y orientaci\u00f3n sobre los temas que m\u00e1s interesan a la gente joven. As\u00ed mismo, se establece una estrecha coordinaci\u00f3n con los agentes implicados en las pol\u00edticas de juventud del municipio, trabajando en proyectos formativos y de salud que aseguren una \u00f3ptima calidad de vida de todos los j\u00f3venes de Mont-roig y Miami Platja.<\/p>\n<p>El \u00e1rea cuenta con un Plan Local de Juventud que, con una duraci\u00f3n de 4 a\u00f1os, del 2022 al 2026, establece las l\u00edneas de trabajo de esta \u00e1rea para mejorar la calidad de vida del colectivo joven del municipio.<\/p>\n<\/div>\n<p>&nbsp;<\/p>\n<\/div>\n<ul>\n<li><a href=\"https:\/\/mont-roig.cat\/wp-content\/uploads\/20220119_Resolucio_PLJ.-2022-2026-complet.pdf\" target=\"_blank\" rel=\"noopener\">Plan Local de Juventud 2022-2026<\/a><\/li>\n<\/ul>\n<\/div>\n[\/vc_column_text][\/vc_column][\/vc_row][vc_row][vc_column]<div class=\"porto-history wpb_content_element \"><div class=\"thumb\"><img loading=\"lazy\" decoding=\"async\" class=\"\" src=\"https:\/\/mont-roig.cat\/wp-content\/uploads\/ESPAI-JOVE-7-scaled-e1659509235258-145x145.jpg\" width=\"145\" height=\"145\" alt=\"Espai Jove\" title=\"ESPAI JOVE 7\" \/><\/div><div class=\"featured-box\"><div class=\"box-content\"><p><strong><a href=\"https:\/\/mont-roig.cat\/lajuntament\/arees\/joventut\/on-ens-trobaras\/\" target=\"_blank\" rel=\"noopener\">\u00bfD\u00f3nde estamos?<\/a><\/strong><\/p>\n<ul>\n<li>En la oficina de Juventud del Centro Polivalente de Miami Platja, a l&#8217;Espai Jove de Mont-roig y en las redes sociales: Instagram Facebook, Tik Tok y en la aplicaci\u00f3n eAgora.<\/li>\n<\/ul>\n<\/div><\/div><\/div>[\/vc_column][\/vc_row][vc_row][vc_column]<div class=\"porto-history wpb_content_element \"><div class=\"thumb\"><img loading=\"lazy\" decoding=\"async\" class=\"\" src=\"https:\/\/mont-roig.cat\/wp-content\/uploads\/DI-de-les-Dones-19-145x145.jpg\" width=\"145\" height=\"145\" alt=\"Dia de les dones\" title=\"DI de les Dones 19\" \/><\/div><div class=\"featured-box\"><div class=\"box-content\"><p><strong><a href=\"https:\/\/mont-roig.cat\/lajuntament\/arees\/joventut\/kdat\/\" target=\"_blank\" rel=\"noopener\">K.dat<\/a><\/strong><\/p>\n<ul>\n<li>El K.dat es el programa que ofrece actividades, talleres, cursos, ciclos de cine, gincanas, torneos, etc. que se realizan a l&#8217;Espai Jove, en el Centro Polivalente o bien en otros espacios del municipio.<\/li>\n<\/ul>\n<\/div><\/div><\/div>[\/vc_column][\/vc_row][vc_row][vc_column]<div class=\"porto-history wpb_content_element \"><div class=\"thumb\"><img loading=\"lazy\" decoding=\"async\" class=\"\" src=\"https:\/\/mont-roig.cat\/wp-content\/uploads\/Tokl2-grup-145x145.jpeg\" width=\"145\" height=\"145\" alt=\"Frida\" title=\"Tok&#039;l2 grup\" \/><\/div><div class=\"featured-box\"><div class=\"box-content\"><p><strong><a href=\"https:\/\/mont-roig.cat\/lajuntament\/arees\/joventut\/tokl2\/\" target=\"_blank\" rel=\"noopener\">Tok&#8217;l2<\/a><\/strong><\/p>\n<ul>\n<li>El Tok\u2019l2 es el programa de actividades organizadas conjuntamente entre los Ayuntamientos de Mont-roig del Camp y Vandell\u00f2s \u2013\u00a0Hospitalet\u00a0de l&#8217;Infant a trav\u00e9s del cual se ofrecen salidas, viajes, cursos, etc. fuera del municipio.<\/li>\n<\/ul>\n<\/div><\/div><\/div>[\/vc_column][\/vc_row][vc_row][vc_column]<div class=\"porto-history wpb_content_element \"><div class=\"thumb\"><img loading=\"lazy\" decoding=\"async\" class=\"\" src=\"https:\/\/mont-roig.cat\/wp-content\/uploads\/Salut-1-145x145.jpg\" width=\"145\" height=\"145\" alt=\"Activitat\" title=\"Salut 1\" \/><\/div><div class=\"featured-box\"><div class=\"box-content\"><p><strong><a href=\"https:\/\/mont-roig.cat\/lajuntament\/arees\/joventut\/salut-jove\/\" target=\"_blank\" rel=\"noopener\">Salut Jove<\/a><\/strong><\/p>\n<ul>\n<li>Incluye todas las actividades y proyectos relacionados con el \u00e1mbito de la salud, ya sea desde una perspectiva formativa, de prevenci\u00f3n, informativa o desde el apoyo a cuestiones concretas.<\/li>\n<\/ul>\n<\/div><\/div><\/div>[\/vc_column][\/vc_row][vc_row][vc_column][vc_column_text]\n[\/vc_column_text][\/vc_column][\/vc_row][vc_row css=&#8221;.vc_custom_1493925814074{margin-top: 10px !important;}&#8221;][vc_column width=&#8221;1\/2&#8243;][vc_widget_sidebar title=&#8221;Agenda Joventut&#8221; sidebar_id=&#8221;porto-custom-sidebar-joventut&#8221; el_class=&#8221;hide_calendar&#8221;][\/vc_column][vc_column width=&#8221;1\/2&#8243;][vc_widget_sidebar title=&#8221;Pr\u00f3ximos actos&#8221; sidebar_id=&#8221;porto-custom-sidebar-joventut&#8221; el_class=&#8221;hide_calendar_list&#8221;][\/vc_column][\/vc_row][vc_row][vc_column][vc_column_text]\n<\/div>\n<p>&nbsp;<\/p>\n<div class=\"field_page_imatge\"><\/div>\n<div class=\"field_page_imatge\"><\/div>\n<div class=\"field_page_imatge\"><\/div>\n<div class=\"field_page_imatge\"><\/div>\n<div class=\"field_page_imatge\"><\/div>\n<div class=\"field_page_imatge\"><\/div>\n<div class=\"field_page_imatge\"><\/div>\n<div class=\"field_page_imatge\"><\/div>\n<div class=\"field_page_imatge\"><\/div>\n<div class=\"field_page_imatge\"><\/div>\n<div class=\"field_page_imatge\"><\/div>\n<div class=\"field_page_imatge\"><\/div>\n<div class=\"field_page_imatge\"><\/div>\n<div class=\"field_page_imatge\"><\/div>\n<div class=\"field_page_imatge\"><\/div>\n<div class=\"field_page_imatge\"><\/div>\n[\/vc_column_text][\/vc_column][\/vc_row]\n<\/div>","protected":false},"excerpt":{"rendered":"<p>[vc_row][vc_column][vc_column_text] [\/vc_column_text][\/vc_column][\/vc_row][vc_row][vc_column][vc_column_text] El \u00e1rea de Juventud del Ayuntamiento de Mont-roig del Camp juega un papel clave en la investigaci\u00f3n y desarrollo de programas que tienen como prioridad, de acuerdo con el actual Plan Local de Juventud, velar porque todos los j\u00f3venes del municipio tengan cubiertas sus necesidades en cuanto a igualdad de oportunidades, \u00e9xito acad\u00e9mico, [&hellip;]<\/p>\n","protected":false},"author":4,"featured_media":0,"parent":4248,"menu_order":0,"comment_status":"closed","ping_status":"closed","template":"","meta":{"inline_featured_image":false,"_monsterinsights_skip_tracking":false,"_monsterinsights_sitenote_active":false,"_monsterinsights_sitenote_note":"","_monsterinsights_sitenote_category":0,"footnotes":""},"class_list":["post-4311","page","type-page","status-publish","hentry"],"yoast_head":"<!-- This site is optimized with the Yoast SEO plugin v27.4 - https:\/\/yoast.com\/product\/yoast-seo-wordpress\/ -->\n<title>Juventud - Ajuntament de Mont-roig del Camp<\/title>\n<meta name=\"robots\" content=\"index, follow, max-snippet:-1, max-image-preview:large, max-video-preview:-1\" \/>\n<link rel=\"canonical\" href=\"https:\/\/mont-roig.cat\/es\/ayuntamiento\/areas\/juventud\/\" \/>\n<meta property=\"og:locale\" content=\"es_ES\" \/>\n<meta property=\"og:type\" content=\"article\" \/>\n<meta property=\"og:title\" content=\"Juventud - Ajuntament de Mont-roig del Camp\" \/>\n<meta property=\"og:description\" content=\"[vc_row][vc_column][vc_column_text] [\/vc_column_text][\/vc_column][\/vc_row][vc_row][vc_column][vc_column_text] El \u00e1rea de Juventud del Ayuntamiento de Mont-roig del Camp juega un papel clave en la investigaci\u00f3n y desarrollo de programas que tienen como prioridad, de acuerdo con el actual Plan Local de Juventud, velar porque todos los j\u00f3venes del municipio tengan cubiertas sus necesidades en cuanto a igualdad de oportunidades, \u00e9xito acad\u00e9mico, [&hellip;]\" \/>\n<meta property=\"og:url\" content=\"https:\/\/mont-roig.cat\/es\/ayuntamiento\/areas\/juventud\/\" \/>\n<meta property=\"og:site_name\" content=\"Ajuntament de Mont-roig del Camp\" \/>\n<meta property=\"article:modified_time\" content=\"2022-08-05T06:57:21+00:00\" \/>\n<meta property=\"og:image\" content=\"https:\/\/mont-roig.cat\/wp-content\/uploads\/MM_logo_joves_positiu_vertical_transp-500x500.png\" \/>\n<meta name=\"twitter:card\" content=\"summary_large_image\" \/>\n<meta name=\"twitter:label1\" content=\"Tiempo de lectura\" \/>\n\t<meta name=\"twitter:data1\" content=\"3 minutos\" \/>\n<script type=\"application\/ld+json\" class=\"yoast-schema-graph\">{\"@context\":\"https:\\\/\\\/schema.org\",\"@graph\":[{\"@type\":\"WebPage\",\"@id\":\"https:\\\/\\\/mont-roig.cat\\\/es\\\/ayuntamiento\\\/areas\\\/juventud\\\/\",\"url\":\"https:\\\/\\\/mont-roig.cat\\\/es\\\/ayuntamiento\\\/areas\\\/juventud\\\/\",\"name\":\"Juventud - Ajuntament de Mont-roig del Camp\",\"isPartOf\":{\"@id\":\"https:\\\/\\\/mont-roig.cat\\\/es\\\/#website\"},\"primaryImageOfPage\":{\"@id\":\"https:\\\/\\\/mont-roig.cat\\\/es\\\/ayuntamiento\\\/areas\\\/juventud\\\/#primaryimage\"},\"image\":{\"@id\":\"https:\\\/\\\/mont-roig.cat\\\/es\\\/ayuntamiento\\\/areas\\\/juventud\\\/#primaryimage\"},\"thumbnailUrl\":\"https:\\\/\\\/mont-roig.cat\\\/wp-content\\\/uploads\\\/MM_logo_joves_positiu_vertical_transp-500x500.png\",\"datePublished\":\"2015-02-02T21:20:57+00:00\",\"dateModified\":\"2022-08-05T06:57:21+00:00\",\"breadcrumb\":{\"@id\":\"https:\\\/\\\/mont-roig.cat\\\/es\\\/ayuntamiento\\\/areas\\\/juventud\\\/#breadcrumb\"},\"inLanguage\":\"es\",\"potentialAction\":[{\"@type\":\"ReadAction\",\"target\":[\"https:\\\/\\\/mont-roig.cat\\\/es\\\/ayuntamiento\\\/areas\\\/juventud\\\/\"]}]},{\"@type\":\"ImageObject\",\"inLanguage\":\"es\",\"@id\":\"https:\\\/\\\/mont-roig.cat\\\/es\\\/ayuntamiento\\\/areas\\\/juventud\\\/#primaryimage\",\"url\":\"https:\\\/\\\/mont-roig.cat\\\/wp-content\\\/uploads\\\/MM_logo_joves_positiu_vertical_transp-500x500.png\",\"contentUrl\":\"https:\\\/\\\/mont-roig.cat\\\/wp-content\\\/uploads\\\/MM_logo_joves_positiu_vertical_transp-500x500.png\"},{\"@type\":\"BreadcrumbList\",\"@id\":\"https:\\\/\\\/mont-roig.cat\\\/es\\\/ayuntamiento\\\/areas\\\/juventud\\\/#breadcrumb\",\"itemListElement\":[{\"@type\":\"ListItem\",\"position\":1,\"name\":\"Inici\",\"item\":\"https:\\\/\\\/mont-roig.cat\\\/es\\\/pagina-de-inicio\\\/\"},{\"@type\":\"ListItem\",\"position\":2,\"name\":\"Ayuntamiento\",\"item\":\"https:\\\/\\\/mont-roig.cat\\\/es\\\/ayuntamiento\\\/\"},{\"@type\":\"ListItem\",\"position\":3,\"name\":\"\u00c1reas\",\"item\":\"https:\\\/\\\/mont-roig.cat\\\/es\\\/ayuntamiento\\\/areas\\\/\"},{\"@type\":\"ListItem\",\"position\":4,\"name\":\"Juventud\"}]},{\"@type\":\"WebSite\",\"@id\":\"https:\\\/\\\/mont-roig.cat\\\/es\\\/#website\",\"url\":\"https:\\\/\\\/mont-roig.cat\\\/es\\\/\",\"name\":\"Ajuntament de Mont-roig del Camp\",\"description\":\"Tota la informaci\u00f3 sobre la instituci\u00f3, els seus \u00f2rgans de govern, actualitat, serveis i molt m\u00e9s.\",\"potentialAction\":[{\"@type\":\"SearchAction\",\"target\":{\"@type\":\"EntryPoint\",\"urlTemplate\":\"https:\\\/\\\/mont-roig.cat\\\/es\\\/?s={search_term_string}\"},\"query-input\":{\"@type\":\"PropertyValueSpecification\",\"valueRequired\":true,\"valueName\":\"search_term_string\"}}],\"inLanguage\":\"es\"}]}<\/script>\n<!-- \/ Yoast SEO plugin. -->","yoast_head_json":{"title":"Juventud - Ajuntament de Mont-roig del Camp","robots":{"index":"index","follow":"follow","max-snippet":"max-snippet:-1","max-image-preview":"max-image-preview:large","max-video-preview":"max-video-preview:-1"},"canonical":"https:\/\/mont-roig.cat\/es\/ayuntamiento\/areas\/juventud\/","og_locale":"es_ES","og_type":"article","og_title":"Juventud - Ajuntament de Mont-roig del Camp","og_description":"[vc_row][vc_column][vc_column_text] [\/vc_column_text][\/vc_column][\/vc_row][vc_row][vc_column][vc_column_text] El \u00e1rea de Juventud del Ayuntamiento de Mont-roig del Camp juega un papel clave en la investigaci\u00f3n y desarrollo de programas que tienen como prioridad, de acuerdo con el actual Plan Local de Juventud, velar porque todos los j\u00f3venes del municipio tengan cubiertas sus necesidades en cuanto a igualdad de oportunidades, \u00e9xito acad\u00e9mico, [&hellip;]","og_url":"https:\/\/mont-roig.cat\/es\/ayuntamiento\/areas\/juventud\/","og_site_name":"Ajuntament de Mont-roig del Camp","article_modified_time":"2022-08-05T06:57:21+00:00","og_image":[{"url":"https:\/\/mont-roig.cat\/wp-content\/uploads\/MM_logo_joves_positiu_vertical_transp-500x500.png","type":"","width":"","height":""}],"twitter_card":"summary_large_image","twitter_misc":{"Tiempo de lectura":"3 minutos"},"schema":{"@context":"https:\/\/schema.org","@graph":[{"@type":"WebPage","@id":"https:\/\/mont-roig.cat\/es\/ayuntamiento\/areas\/juventud\/","url":"https:\/\/mont-roig.cat\/es\/ayuntamiento\/areas\/juventud\/","name":"Juventud - Ajuntament de Mont-roig del Camp","isPartOf":{"@id":"https:\/\/mont-roig.cat\/es\/#website"},"primaryImageOfPage":{"@id":"https:\/\/mont-roig.cat\/es\/ayuntamiento\/areas\/juventud\/#primaryimage"},"image":{"@id":"https:\/\/mont-roig.cat\/es\/ayuntamiento\/areas\/juventud\/#primaryimage"},"thumbnailUrl":"https:\/\/mont-roig.cat\/wp-content\/uploads\/MM_logo_joves_positiu_vertical_transp-500x500.png","datePublished":"2015-02-02T21:20:57+00:00","dateModified":"2022-08-05T06:57:21+00:00","breadcrumb":{"@id":"https:\/\/mont-roig.cat\/es\/ayuntamiento\/areas\/juventud\/#breadcrumb"},"inLanguage":"es","potentialAction":[{"@type":"ReadAction","target":["https:\/\/mont-roig.cat\/es\/ayuntamiento\/areas\/juventud\/"]}]},{"@type":"ImageObject","inLanguage":"es","@id":"https:\/\/mont-roig.cat\/es\/ayuntamiento\/areas\/juventud\/#primaryimage","url":"https:\/\/mont-roig.cat\/wp-content\/uploads\/MM_logo_joves_positiu_vertical_transp-500x500.png","contentUrl":"https:\/\/mont-roig.cat\/wp-content\/uploads\/MM_logo_joves_positiu_vertical_transp-500x500.png"},{"@type":"BreadcrumbList","@id":"https:\/\/mont-roig.cat\/es\/ayuntamiento\/areas\/juventud\/#breadcrumb","itemListElement":[{"@type":"ListItem","position":1,"name":"Inici","item":"https:\/\/mont-roig.cat\/es\/pagina-de-inicio\/"},{"@type":"ListItem","position":2,"name":"Ayuntamiento","item":"https:\/\/mont-roig.cat\/es\/ayuntamiento\/"},{"@type":"ListItem","position":3,"name":"\u00c1reas","item":"https:\/\/mont-roig.cat\/es\/ayuntamiento\/areas\/"},{"@type":"ListItem","position":4,"name":"Juventud"}]},{"@type":"WebSite","@id":"https:\/\/mont-roig.cat\/es\/#website","url":"https:\/\/mont-roig.cat\/es\/","name":"Ajuntament de Mont-roig del Camp","description":"Tota la informaci\u00f3 sobre la instituci\u00f3, els seus \u00f2rgans de govern, actualitat, serveis i molt m\u00e9s.","potentialAction":[{"@type":"SearchAction","target":{"@type":"EntryPoint","urlTemplate":"https:\/\/mont-roig.cat\/es\/?s={search_term_string}"},"query-input":{"@type":"PropertyValueSpecification","valueRequired":true,"valueName":"search_term_string"}}],"inLanguage":"es"}]}},"_links":{"self":[{"href":"https:\/\/mont-roig.cat\/es\/wp-json\/wp\/v2\/pages\/4311","targetHints":{"allow":["GET"]}}],"collection":[{"href":"https:\/\/mont-roig.cat\/es\/wp-json\/wp\/v2\/pages"}],"about":[{"href":"https:\/\/mont-roig.cat\/es\/wp-json\/wp\/v2\/types\/page"}],"author":[{"embeddable":true,"href":"https:\/\/mont-roig.cat\/es\/wp-json\/wp\/v2\/users\/4"}],"replies":[{"embeddable":true,"href":"https:\/\/mont-roig.cat\/es\/wp-json\/wp\/v2\/comments?post=4311"}],"version-history":[{"count":10,"href":"https:\/\/mont-roig.cat\/es\/wp-json\/wp\/v2\/pages\/4311\/revisions"}],"predecessor-version":[{"id":64569,"href":"https:\/\/mont-roig.cat\/es\/wp-json\/wp\/v2\/pages\/4311\/revisions\/64569"}],"up":[{"embeddable":true,"href":"https:\/\/mont-roig.cat\/es\/wp-json\/wp\/v2\/pages\/4248"}],"wp:attachment":[{"href":"https:\/\/mont-roig.cat\/es\/wp-json\/wp\/v2\/media?parent=4311"}],"curies":[{"name":"wp","href":"https:\/\/api.w.org\/{rel}","templated":true}]}}