{"id":4312,"date":"2015-02-20T12:07:40","date_gmt":"2015-02-20T12:07:40","guid":{"rendered":""},"modified":"2022-08-05T08:46:59","modified_gmt":"2022-08-05T06:46:59","slug":"donde-estamos","status":"publish","type":"page","link":"https:\/\/mont-roig.cat\/es\/ayuntamiento\/areas\/juventud\/donde-estamos\/","title":{"rendered":"\u00bfD\u00f3nde estamos?"},"content":{"rendered":"<div class=\"wpb-content-wrapper\">[vc_row][vc_column]\n<div id=\"interactive-banner-1-wrap-6443\" class=\"ult-banner-block ult-adjust-bottom-margin ult-bb-none  banner-style01 \"   style=\"\">\n\t<h3  data-ultimate-target='#interactive-banner-1-wrap-6443 .bb-top-title '  data-responsive-json-new='{\"font-size\":\"\",\"line-height\":\"\"}'  class=\"title-center bb-top-title ult-responsive\" style=\"font-weight:normal;background:#969696;color:#ffffff;\">\u201cLa juventud es la esperanza de nuestro futuro\u201d Jos\u00e9 Rizal<\/h3>\n\t<div class=\"mask opaque-background\" style=\"background:#aaaaaa;\">\n\t\t<div  data-ultimate-target='#interactive-banner-1-wrap-6443 .bb-description'  data-responsive-json-new='{\"font-size\":\"\",\"line-height\":\"\"}'  class=\"bb-description ult-responsive\" style=\"font-weight:normal;color:#ffffff;\">\u201cLa joventut \u00e9s l\u2019esperan\u00e7a del nostre futur\u201d. Jos\u00e9 Rizal<\/div>\n\t<\/div>\n<\/div>[vc_column_text]\n<h4><strong><u>Oficina del Departamento de Juventud<\/u><\/strong><\/h4>\n<div id=\"attachment_64447\" style=\"width: 310px\" class=\"wp-caption alignright\"><a href=\"https:\/\/mont-roig.cat\/wp-content\/uploads\/GRUP-MANGA.jpg\"><img loading=\"lazy\" decoding=\"async\" aria-describedby=\"caption-attachment-64447\" class=\"wp-image-64447 size-full\" src=\"https:\/\/mont-roig.cat\/wp-content\/uploads\/GRUP-MANGA-e1659522856708.jpg\" alt=\"\" width=\"300\" height=\"225\" \/><\/a><p id=\"caption-attachment-64447\" class=\"wp-caption-text\">El Centro Polivalente cuenta con varias salas desde donde se realizan las actividades.<\/p><\/div>\n<p><strong>La oficina de Juventud<\/strong> est\u00e1 ubicada en el Centro Polivalente de Miami Platja desde donde se gestiona <strong>el Servicio de Informaci\u00f3n Juvenil (SIJ)<\/strong>, a trav\u00e9s del cual se ofrece atenci\u00f3n integral y personalizada sobre educaci\u00f3n, formaci\u00f3n, trabajo, vivienda, cultura, salud, deporte, cohesi\u00f3n social, participaci\u00f3n, medio ambiente, ocio y solidaridad.<\/p>\n<p>El Centro Polivalente tambi\u00e9n dispone de varias salas donde se realizan las actividades organizadas desde el Departamento de Juventud, as\u00ed como el punto de atenci\u00f3n personalizada del <strong>programa Salut Jove<\/strong>.<\/p>\n<ul>\n<li>c\/ S\u00f2ria, 16 (acceso por la calle M\u00e1laga)<\/li>\n<li>43892 Miami Platja<\/li>\n<li><a href=\"mailto:joventut@mont-roig.cat\">joventut@mont-roig.cat<\/a><\/li>\n<li>977.17.25.36<\/li>\n<li>Horario de atenci\u00f3n al p\u00fablico: de 9 a 14 h.<\/li>\n<\/ul>\n[\/vc_column_text][\/vc_column][\/vc_row][vc_row][vc_column][vc_column_text]\n<h4><strong><u>Espai Jove de Mont-roig<\/u><\/strong><\/h4>\n<div id=\"attachment_64295\" style=\"width: 310px\" class=\"wp-caption alignright\"><a href=\"https:\/\/mont-roig.cat\/wp-content\/uploads\/ESPAI-JOVE-7-scaled-e1659509235258.jpg\"><img loading=\"lazy\" decoding=\"async\" aria-describedby=\"caption-attachment-64295\" class=\"wp-image-64295\" src=\"https:\/\/mont-roig.cat\/wp-content\/uploads\/ESPAI-JOVE-7-scaled-e1659509235258-500x334.jpg\" alt=\"\" width=\"300\" height=\"201\" srcset=\"https:\/\/mont-roig.cat\/wp-content\/uploads\/ESPAI-JOVE-7-scaled-e1659509235258-500x334.jpg 500w, https:\/\/mont-roig.cat\/wp-content\/uploads\/ESPAI-JOVE-7-scaled-e1659509235258-1024x685.jpg 1024w, https:\/\/mont-roig.cat\/wp-content\/uploads\/ESPAI-JOVE-7-scaled-e1659509235258-768x514.jpg 768w, https:\/\/mont-roig.cat\/wp-content\/uploads\/ESPAI-JOVE-7-scaled-e1659509235258.jpg 1377w\" sizes=\"auto, (max-width: 300px) 100vw, 300px\" \/><\/a><p id=\"caption-attachment-64295\" class=\"wp-caption-text\">El\u00a0Espai Jove de Mont-roig es punto de encuentro de los j\u00f3venes y acoge las actividades y talleres<\/p><\/div>\n<p><strong>El\u00a0Espai Jove\u00a0<\/strong>de Mont-roig, situado en la calle Aureli\u00a0Escarr\u00e9, chafl\u00e1n c\/Industria, es el edificio donde se ubica el<strong> Servicio de Informaci\u00f3n Juvenil (SIJ)<\/strong>\u00a0de Mont-roig desde donde se asesora y se informa sobre temas que sean de inter\u00e9s para el colectivo. Consta tambi\u00e9n de una <strong>gran sala donde se realizan las din\u00e1micas, talleres, juegos, charlas<\/strong> y todo tipo de actividades que se proponen desde el Departamento de Juventud, as\u00ed como el punto de atenci\u00f3n personalizada del <strong>programa Salut Jove.<\/strong><\/p>\n<ul>\n<li><strong>\u00a0<\/strong>C\/ Aureli Escarr\u00e9, chafl\u00e1n c\/Ind\u00fastria<\/li>\n<li>43300 \u2013 Mont-roig<\/li>\n<li>Horario: de 17 a 20 h<\/li>\n<li>Martes, mi\u00e9rcoles, viernes y s\u00e1bado<\/li>\n<li>Fuera de este horario, es necesario pedir cita previa.<\/li>\n<\/ul>\n[\/vc_column_text][\/vc_column][\/vc_row][vc_row][vc_column][vc_column_text]\n<h4><strong><u>En las redes sociales<\/u><\/strong><\/h4>\n<p>Visita las redes sociales de Juventud para estar al d\u00eda de todas las actividades que se organizan y&#8230; \u00a1participa![\/vc_column_text][vc_column_text]<a href=\"https:\/\/www.instagram.com\/casaljovek1ik2\/\"><img loading=\"lazy\" decoding=\"async\" class=\"alignleft wp-image-64348 size-thumbnail\" src=\"https:\/\/mont-roig.cat\/wp-content\/uploads\/bbvb-e1659443709629-50x50.png\" alt=\"\" width=\"50\" height=\"50\" \/><\/a><a href=\"https:\/\/www.facebook.com\/casaljovek1ik2\/\"><img loading=\"lazy\" decoding=\"async\" class=\"alignleft wp-image-64350 size-thumbnail\" src=\"https:\/\/mont-roig.cat\/wp-content\/uploads\/yjyjtg-50x50.png\" alt=\"\" width=\"50\" height=\"50\" srcset=\"https:\/\/mont-roig.cat\/wp-content\/uploads\/yjyjtg-50x50.png 50w, https:\/\/mont-roig.cat\/wp-content\/uploads\/yjyjtg-85x85.png 85w, https:\/\/mont-roig.cat\/wp-content\/uploads\/yjyjtg-45x45.png 45w\" sizes=\"auto, (max-width: 50px) 100vw, 50px\" \/><\/a><a href=\"https:\/\/www.tiktok.com\/@casaljovek1ik2\"><img loading=\"lazy\" decoding=\"async\" class=\"alignleft size-thumbnail wp-image-64344\" src=\"https:\/\/mont-roig.cat\/wp-content\/uploads\/tik-tok-50x50.png\" alt=\"\" width=\"50\" height=\"50\" srcset=\"https:\/\/mont-roig.cat\/wp-content\/uploads\/tik-tok-50x50.png 50w, https:\/\/mont-roig.cat\/wp-content\/uploads\/tik-tok-491x500.png 491w, https:\/\/mont-roig.cat\/wp-content\/uploads\/tik-tok-367x367.png 367w, https:\/\/mont-roig.cat\/wp-content\/uploads\/tik-tok-450x450.png 450w, https:\/\/mont-roig.cat\/wp-content\/uploads\/tik-tok-85x85.png 85w, https:\/\/mont-roig.cat\/wp-content\/uploads\/tik-tok-45x45.png 45w, https:\/\/mont-roig.cat\/wp-content\/uploads\/tik-tok.png 523w\" sizes=\"auto, (max-width: 50px) 100vw, 50px\" \/><\/a>[\/vc_column_text][\/vc_column][\/vc_row]\n<\/div>","protected":false},"excerpt":{"rendered":"<p>[vc_row][vc_column][vc_column_text] Oficina del Departamento de Juventud La oficina de Juventud est\u00e1 ubicada en el Centro Polivalente de Miami Platja desde donde se gestiona el Servicio de Informaci\u00f3n Juvenil (SIJ), a trav\u00e9s del cual se ofrece atenci\u00f3n integral y personalizada sobre educaci\u00f3n, formaci\u00f3n, trabajo, vivienda, cultura, salud, deporte, cohesi\u00f3n social, participaci\u00f3n, medio ambiente, ocio y solidaridad. [&hellip;]<\/p>\n","protected":false},"author":4,"featured_media":0,"parent":4311,"menu_order":0,"comment_status":"closed","ping_status":"closed","template":"","meta":{"inline_featured_image":false,"_monsterinsights_skip_tracking":false,"_monsterinsights_sitenote_active":false,"_monsterinsights_sitenote_note":"","_monsterinsights_sitenote_category":0,"footnotes":""},"class_list":["post-4312","page","type-page","status-publish","hentry"],"yoast_head":"<!-- This site is optimized with the Yoast SEO plugin v27.4 - https:\/\/yoast.com\/product\/yoast-seo-wordpress\/ -->\n<title>\u00bfD\u00f3nde estamos? - Ajuntament de Mont-roig del Camp<\/title>\n<meta name=\"robots\" content=\"index, follow, max-snippet:-1, max-image-preview:large, max-video-preview:-1\" \/>\n<link rel=\"canonical\" href=\"https:\/\/mont-roig.cat\/es\/ayuntamiento\/areas\/juventud\/donde-estamos\/\" \/>\n<meta property=\"og:locale\" content=\"es_ES\" \/>\n<meta property=\"og:type\" content=\"article\" \/>\n<meta property=\"og:title\" content=\"\u00bfD\u00f3nde estamos? - Ajuntament de Mont-roig del Camp\" \/>\n<meta property=\"og:description\" content=\"[vc_row][vc_column][vc_column_text] Oficina del Departamento de Juventud La oficina de Juventud est\u00e1 ubicada en el Centro Polivalente de Miami Platja desde donde se gestiona el Servicio de Informaci\u00f3n Juvenil (SIJ), a trav\u00e9s del cual se ofrece atenci\u00f3n integral y personalizada sobre educaci\u00f3n, formaci\u00f3n, trabajo, vivienda, cultura, salud, deporte, cohesi\u00f3n social, participaci\u00f3n, medio ambiente, ocio y solidaridad. [&hellip;]\" \/>\n<meta property=\"og:url\" content=\"https:\/\/mont-roig.cat\/es\/ayuntamiento\/areas\/juventud\/donde-estamos\/\" \/>\n<meta property=\"og:site_name\" content=\"Ajuntament de Mont-roig del Camp\" \/>\n<meta property=\"article:modified_time\" content=\"2022-08-05T06:46:59+00:00\" \/>\n<meta property=\"og:image\" content=\"https:\/\/mont-roig.cat\/wp-content\/uploads\/GRUP-MANGA-e1659522856708.jpg\" \/>\n<meta name=\"twitter:card\" content=\"summary_large_image\" \/>\n<meta name=\"twitter:label1\" content=\"Tiempo de lectura\" \/>\n\t<meta name=\"twitter:data1\" content=\"3 minutos\" \/>\n<script type=\"application\/ld+json\" class=\"yoast-schema-graph\">{\"@context\":\"https:\\\/\\\/schema.org\",\"@graph\":[{\"@type\":\"WebPage\",\"@id\":\"https:\\\/\\\/mont-roig.cat\\\/es\\\/ayuntamiento\\\/areas\\\/juventud\\\/donde-estamos\\\/\",\"url\":\"https:\\\/\\\/mont-roig.cat\\\/es\\\/ayuntamiento\\\/areas\\\/juventud\\\/donde-estamos\\\/\",\"name\":\"\u00bfD\u00f3nde estamos? - Ajuntament de Mont-roig del Camp\",\"isPartOf\":{\"@id\":\"https:\\\/\\\/mont-roig.cat\\\/es\\\/#website\"},\"primaryImageOfPage\":{\"@id\":\"https:\\\/\\\/mont-roig.cat\\\/es\\\/ayuntamiento\\\/areas\\\/juventud\\\/donde-estamos\\\/#primaryimage\"},\"image\":{\"@id\":\"https:\\\/\\\/mont-roig.cat\\\/es\\\/ayuntamiento\\\/areas\\\/juventud\\\/donde-estamos\\\/#primaryimage\"},\"thumbnailUrl\":\"https:\\\/\\\/mont-roig.cat\\\/wp-content\\\/uploads\\\/GRUP-MANGA-e1659522856708.jpg\",\"datePublished\":\"2015-02-20T12:07:40+00:00\",\"dateModified\":\"2022-08-05T06:46:59+00:00\",\"breadcrumb\":{\"@id\":\"https:\\\/\\\/mont-roig.cat\\\/es\\\/ayuntamiento\\\/areas\\\/juventud\\\/donde-estamos\\\/#breadcrumb\"},\"inLanguage\":\"es\",\"potentialAction\":[{\"@type\":\"ReadAction\",\"target\":[\"https:\\\/\\\/mont-roig.cat\\\/es\\\/ayuntamiento\\\/areas\\\/juventud\\\/donde-estamos\\\/\"]}]},{\"@type\":\"ImageObject\",\"inLanguage\":\"es\",\"@id\":\"https:\\\/\\\/mont-roig.cat\\\/es\\\/ayuntamiento\\\/areas\\\/juventud\\\/donde-estamos\\\/#primaryimage\",\"url\":\"https:\\\/\\\/mont-roig.cat\\\/wp-content\\\/uploads\\\/GRUP-MANGA-e1659522856708.jpg\",\"contentUrl\":\"https:\\\/\\\/mont-roig.cat\\\/wp-content\\\/uploads\\\/GRUP-MANGA-e1659522856708.jpg\"},{\"@type\":\"BreadcrumbList\",\"@id\":\"https:\\\/\\\/mont-roig.cat\\\/es\\\/ayuntamiento\\\/areas\\\/juventud\\\/donde-estamos\\\/#breadcrumb\",\"itemListElement\":[{\"@type\":\"ListItem\",\"position\":1,\"name\":\"Inici\",\"item\":\"https:\\\/\\\/mont-roig.cat\\\/es\\\/pagina-de-inicio\\\/\"},{\"@type\":\"ListItem\",\"position\":2,\"name\":\"Ayuntamiento\",\"item\":\"https:\\\/\\\/mont-roig.cat\\\/es\\\/ayuntamiento\\\/\"},{\"@type\":\"ListItem\",\"position\":3,\"name\":\"\u00c1reas\",\"item\":\"https:\\\/\\\/mont-roig.cat\\\/es\\\/ayuntamiento\\\/areas\\\/\"},{\"@type\":\"ListItem\",\"position\":4,\"name\":\"Juventud\",\"item\":\"https:\\\/\\\/mont-roig.cat\\\/es\\\/ayuntamiento\\\/areas\\\/juventud\\\/\"},{\"@type\":\"ListItem\",\"position\":5,\"name\":\"\u00bfD\u00f3nde estamos?\"}]},{\"@type\":\"WebSite\",\"@id\":\"https:\\\/\\\/mont-roig.cat\\\/es\\\/#website\",\"url\":\"https:\\\/\\\/mont-roig.cat\\\/es\\\/\",\"name\":\"Ajuntament de Mont-roig del Camp\",\"description\":\"Tota la informaci\u00f3 sobre la instituci\u00f3, els seus \u00f2rgans de govern, actualitat, serveis i molt m\u00e9s.\",\"potentialAction\":[{\"@type\":\"SearchAction\",\"target\":{\"@type\":\"EntryPoint\",\"urlTemplate\":\"https:\\\/\\\/mont-roig.cat\\\/es\\\/?s={search_term_string}\"},\"query-input\":{\"@type\":\"PropertyValueSpecification\",\"valueRequired\":true,\"valueName\":\"search_term_string\"}}],\"inLanguage\":\"es\"}]}<\/script>\n<!-- \/ Yoast SEO plugin. -->","yoast_head_json":{"title":"\u00bfD\u00f3nde estamos? - Ajuntament de Mont-roig del Camp","robots":{"index":"index","follow":"follow","max-snippet":"max-snippet:-1","max-image-preview":"max-image-preview:large","max-video-preview":"max-video-preview:-1"},"canonical":"https:\/\/mont-roig.cat\/es\/ayuntamiento\/areas\/juventud\/donde-estamos\/","og_locale":"es_ES","og_type":"article","og_title":"\u00bfD\u00f3nde estamos? - Ajuntament de Mont-roig del Camp","og_description":"[vc_row][vc_column][vc_column_text] Oficina del Departamento de Juventud La oficina de Juventud est\u00e1 ubicada en el Centro Polivalente de Miami Platja desde donde se gestiona el Servicio de Informaci\u00f3n Juvenil (SIJ), a trav\u00e9s del cual se ofrece atenci\u00f3n integral y personalizada sobre educaci\u00f3n, formaci\u00f3n, trabajo, vivienda, cultura, salud, deporte, cohesi\u00f3n social, participaci\u00f3n, medio ambiente, ocio y solidaridad. [&hellip;]","og_url":"https:\/\/mont-roig.cat\/es\/ayuntamiento\/areas\/juventud\/donde-estamos\/","og_site_name":"Ajuntament de Mont-roig del Camp","article_modified_time":"2022-08-05T06:46:59+00:00","og_image":[{"url":"https:\/\/mont-roig.cat\/wp-content\/uploads\/GRUP-MANGA-e1659522856708.jpg","type":"","width":"","height":""}],"twitter_card":"summary_large_image","twitter_misc":{"Tiempo de lectura":"3 minutos"},"schema":{"@context":"https:\/\/schema.org","@graph":[{"@type":"WebPage","@id":"https:\/\/mont-roig.cat\/es\/ayuntamiento\/areas\/juventud\/donde-estamos\/","url":"https:\/\/mont-roig.cat\/es\/ayuntamiento\/areas\/juventud\/donde-estamos\/","name":"\u00bfD\u00f3nde estamos? - Ajuntament de Mont-roig del Camp","isPartOf":{"@id":"https:\/\/mont-roig.cat\/es\/#website"},"primaryImageOfPage":{"@id":"https:\/\/mont-roig.cat\/es\/ayuntamiento\/areas\/juventud\/donde-estamos\/#primaryimage"},"image":{"@id":"https:\/\/mont-roig.cat\/es\/ayuntamiento\/areas\/juventud\/donde-estamos\/#primaryimage"},"thumbnailUrl":"https:\/\/mont-roig.cat\/wp-content\/uploads\/GRUP-MANGA-e1659522856708.jpg","datePublished":"2015-02-20T12:07:40+00:00","dateModified":"2022-08-05T06:46:59+00:00","breadcrumb":{"@id":"https:\/\/mont-roig.cat\/es\/ayuntamiento\/areas\/juventud\/donde-estamos\/#breadcrumb"},"inLanguage":"es","potentialAction":[{"@type":"ReadAction","target":["https:\/\/mont-roig.cat\/es\/ayuntamiento\/areas\/juventud\/donde-estamos\/"]}]},{"@type":"ImageObject","inLanguage":"es","@id":"https:\/\/mont-roig.cat\/es\/ayuntamiento\/areas\/juventud\/donde-estamos\/#primaryimage","url":"https:\/\/mont-roig.cat\/wp-content\/uploads\/GRUP-MANGA-e1659522856708.jpg","contentUrl":"https:\/\/mont-roig.cat\/wp-content\/uploads\/GRUP-MANGA-e1659522856708.jpg"},{"@type":"BreadcrumbList","@id":"https:\/\/mont-roig.cat\/es\/ayuntamiento\/areas\/juventud\/donde-estamos\/#breadcrumb","itemListElement":[{"@type":"ListItem","position":1,"name":"Inici","item":"https:\/\/mont-roig.cat\/es\/pagina-de-inicio\/"},{"@type":"ListItem","position":2,"name":"Ayuntamiento","item":"https:\/\/mont-roig.cat\/es\/ayuntamiento\/"},{"@type":"ListItem","position":3,"name":"\u00c1reas","item":"https:\/\/mont-roig.cat\/es\/ayuntamiento\/areas\/"},{"@type":"ListItem","position":4,"name":"Juventud","item":"https:\/\/mont-roig.cat\/es\/ayuntamiento\/areas\/juventud\/"},{"@type":"ListItem","position":5,"name":"\u00bfD\u00f3nde estamos?"}]},{"@type":"WebSite","@id":"https:\/\/mont-roig.cat\/es\/#website","url":"https:\/\/mont-roig.cat\/es\/","name":"Ajuntament de Mont-roig del Camp","description":"Tota la informaci\u00f3 sobre la instituci\u00f3, els seus \u00f2rgans de govern, actualitat, serveis i molt m\u00e9s.","potentialAction":[{"@type":"SearchAction","target":{"@type":"EntryPoint","urlTemplate":"https:\/\/mont-roig.cat\/es\/?s={search_term_string}"},"query-input":{"@type":"PropertyValueSpecification","valueRequired":true,"valueName":"search_term_string"}}],"inLanguage":"es"}]}},"_links":{"self":[{"href":"https:\/\/mont-roig.cat\/es\/wp-json\/wp\/v2\/pages\/4312","targetHints":{"allow":["GET"]}}],"collection":[{"href":"https:\/\/mont-roig.cat\/es\/wp-json\/wp\/v2\/pages"}],"about":[{"href":"https:\/\/mont-roig.cat\/es\/wp-json\/wp\/v2\/types\/page"}],"author":[{"embeddable":true,"href":"https:\/\/mont-roig.cat\/es\/wp-json\/wp\/v2\/users\/4"}],"replies":[{"embeddable":true,"href":"https:\/\/mont-roig.cat\/es\/wp-json\/wp\/v2\/comments?post=4312"}],"version-history":[{"count":6,"href":"https:\/\/mont-roig.cat\/es\/wp-json\/wp\/v2\/pages\/4312\/revisions"}],"predecessor-version":[{"id":64566,"href":"https:\/\/mont-roig.cat\/es\/wp-json\/wp\/v2\/pages\/4312\/revisions\/64566"}],"up":[{"embeddable":true,"href":"https:\/\/mont-roig.cat\/es\/wp-json\/wp\/v2\/pages\/4311"}],"wp:attachment":[{"href":"https:\/\/mont-roig.cat\/es\/wp-json\/wp\/v2\/media?parent=4312"}],"curies":[{"name":"wp","href":"https:\/\/api.w.org\/{rel}","templated":true}]}}