{"id":4313,"date":"2015-02-20T12:08:51","date_gmt":"2015-02-20T12:08:51","guid":{"rendered":""},"modified":"2022-08-05T09:01:08","modified_gmt":"2022-08-05T07:01:08","slug":"k-dat","status":"publish","type":"page","link":"https:\/\/mont-roig.cat\/es\/ayuntamiento\/areas\/juventud\/k-dat\/","title":{"rendered":"K. dat"},"content":{"rendered":"<div class=\"wpb-content-wrapper\">[vc_row][vc_column][vc_column_text]\n<h4><strong><u><a href=\"https:\/\/mont-roig.cat\/wp-content\/uploads\/marca-kdat-color.jpg\"><img loading=\"lazy\" decoding=\"async\" class=\"alignright wp-image-5431\" src=\"https:\/\/mont-roig.cat\/wp-content\/uploads\/marca-kdat-color.jpg\" alt=\"\" width=\"300\" height=\"181\" \/><\/a>Programa de actividades K.dat<\/u><\/strong><\/h4>\n<p>K.dat es el programa de actividades, talleres, cursos, ciclos de cine, gincanas, torneos, etc. que se realizan en los espacios juveniles o dentro del municipio. Adem\u00e1s, se trabajan temas como el voluntariado, los d\u00edas nacionales\/internacionales, la concienciaci\u00f3n sobre el medio ambiente y el cambio clim\u00e1tico o las pol\u00edticas de igualdad de g\u00e9nero, entre otros.[\/vc_column_text][vc_separator][\/vc_column][\/vc_row][vc_row][vc_column][vc_column_text]\n<h5><strong><u>TALLERES<\/u><\/strong><strong>:<\/strong><\/h5>\n<ul>\n<li>Manualidades<\/li>\n<li>Cocina del mundo, reposter\u00eda<\/li>\n<li>DIY, decoraci\u00f3n, pintura mural<\/li>\n<li>Talleres tem\u00e1ticos de Semana Santa, Navidad, etc.<\/li>\n<\/ul>\n[\/vc_column_text][vc_separator][\/vc_column][\/vc_row][vc_row][vc_column][vc_column_text]\n<h5><strong><u>FORMACI\u00d3N Y TRABAJO<\/u><\/strong><strong>:<\/strong><\/h5>\n<ul>\n<li>Cursos de orientaci\u00f3n acad\u00e9mica<\/li>\n<li>Soporte a los estudios y en la b\u00fasqueda de trabajo<\/li>\n<li>Talleres de curr\u00edculums y entrevistas de trabajo<\/li>\n<\/ul>\n[\/vc_column_text][vc_separator][\/vc_column][\/vc_row][vc_row][vc_column][vc_column_text]\n<h5><strong><u>SEMANA DE LA SALUD<\/u><\/strong>:<\/h5>\n<ul>\n<li>Din\u00e1micas, talleres, charlas, debates y documentales<\/li>\n<li>Exposiciones abordando temas concretos de salud joven<\/li>\n<\/ul>\n[\/vc_column_text][vc_separator][\/vc_column][\/vc_row][vc_row][vc_column][vc_column_text]\n<h5><strong><u>ACTIVIDADES DE VERANO<\/u><\/strong>:<\/h5>\n<ul>\n<li>Actividades acu\u00e1ticas: Banana acu\u00e1tica, kayak<\/li>\n<li>Excursiones nocturnas, Noctambulus,\u00a0 piscina nocturna<\/li>\n<\/ul>\n[\/vc_column_text][vc_separator][\/vc_column][\/vc_row][vc_row][vc_column][vc_column_text]\n<h5><strong><u>CICLO DE TERROR P\u00c1NICO:<\/u><\/strong><\/h5>\n<ul>\n<li>Passaje del terror<\/li>\n<li>Cine de terror<\/li>\n<li>Mont-roig Misterioso<\/li>\n<li>Talleres de maquillaje de terror<\/li>\n<li>Cocina zombie, escape rooms, etc.<\/li>\n<\/ul>\n[\/vc_column_text][vc_separator][\/vc_column][\/vc_row][vc_row][vc_column][vc_column_text]\n<h5><strong><u>OTROS<\/u><\/strong><strong>:<\/strong><\/h5>\n<p>Concursos, juegos, sorteos, cine, debates, campeonatos de futbol, futbol\u00edn, play station, ping pong, talleres de defensa personal, coreograf\u00edas, karaoke, etc.[\/vc_column_text][vc_column_text]\n\n\t\t<style type=\"text\/css\">\n\t\t\t#gallery-1 {\n\t\t\t\tmargin: auto;\n\t\t\t}\n\t\t\t#gallery-1 .gallery-item {\n\t\t\t\tfloat: left;\n\t\t\t\tmargin-top: 10px;\n\t\t\t\ttext-align: center;\n\t\t\t\twidth: 50%;\n\t\t\t}\n\t\t\t#gallery-1 img {\n\t\t\t\tborder: 2px solid #cfcfcf;\n\t\t\t}\n\t\t\t#gallery-1 .gallery-caption {\n\t\t\t\tmargin-left: 0;\n\t\t\t}\n\t\t\t\/* see gallery_shortcode() in wp-includes\/media.php *\/\n\t\t<\/style>\n\t\t<div id='gallery-1' class='gallery galleryid-4313 gallery-columns-2 gallery-size-medium'><dl class='gallery-item'>\n\t\t\t<dt class='gallery-icon landscape'>\n\t\t\t\t<a href='https:\/\/mont-roig.cat\/es\/ayuntamiento\/areas\/juventud\/donde-estamos\/taller-musica-19-2\/'><img loading=\"lazy\" decoding=\"async\" width=\"500\" height=\"500\" src=\"https:\/\/mont-roig.cat\/wp-content\/uploads\/taller-musica-19-500x500.jpg\" class=\"attachment-medium size-medium\" alt=\"\" aria-describedby=\"gallery-1-64320\" srcset=\"https:\/\/mont-roig.cat\/wp-content\/uploads\/taller-musica-19-500x500.jpg 500w, https:\/\/mont-roig.cat\/wp-content\/uploads\/taller-musica-19-1024x1024.jpg 1024w, https:\/\/mont-roig.cat\/wp-content\/uploads\/taller-musica-19-50x50.jpg 50w, https:\/\/mont-roig.cat\/wp-content\/uploads\/taller-musica-19-768x768.jpg 768w, https:\/\/mont-roig.cat\/wp-content\/uploads\/taller-musica-19-560x560.jpg 560w, https:\/\/mont-roig.cat\/wp-content\/uploads\/taller-musica-19-367x367.jpg 367w, https:\/\/mont-roig.cat\/wp-content\/uploads\/taller-musica-19-450x450.jpg 450w, https:\/\/mont-roig.cat\/wp-content\/uploads\/taller-musica-19-85x85.jpg 85w, https:\/\/mont-roig.cat\/wp-content\/uploads\/taller-musica-19-45x45.jpg 45w, https:\/\/mont-roig.cat\/wp-content\/uploads\/taller-musica-19.jpg 1440w\" sizes=\"auto, (max-width: 500px) 100vw, 500px\" \/><\/a>\n\t\t\t<\/dt>\n\t\t\t\t<dd class='wp-caption-text gallery-caption' id='gallery-1-64320'>\n\t\t\t\tActividades\n\t\t\t\t<\/dd><\/dl><dl class='gallery-item'>\n\t\t\t<dt class='gallery-icon landscape'>\n\t\t\t\t<a href='https:\/\/mont-roig.cat\/es\/ayuntamiento\/areas\/juventud\/donde-estamos\/di-de-les-dones-19-2\/'><img loading=\"lazy\" decoding=\"async\" width=\"500\" height=\"486\" src=\"https:\/\/mont-roig.cat\/wp-content\/uploads\/DI-de-les-Dones-19-500x486.jpg\" class=\"attachment-medium size-medium\" alt=\"\" aria-describedby=\"gallery-1-64282\" srcset=\"https:\/\/mont-roig.cat\/wp-content\/uploads\/DI-de-les-Dones-19-500x486.jpg 500w, https:\/\/mont-roig.cat\/wp-content\/uploads\/DI-de-les-Dones-19-50x50.jpg 50w, https:\/\/mont-roig.cat\/wp-content\/uploads\/DI-de-les-Dones-19-768x746.jpg 768w, https:\/\/mont-roig.cat\/wp-content\/uploads\/DI-de-les-Dones-19-45x45.jpg 45w, https:\/\/mont-roig.cat\/wp-content\/uploads\/DI-de-les-Dones-19.jpg 800w\" sizes=\"auto, (max-width: 500px) 100vw, 500px\" \/><\/a>\n\t\t\t<\/dt>\n\t\t\t\t<dd class='wp-caption-text gallery-caption' id='gallery-1-64282'>\n\t\t\t\tActividades\n\t\t\t\t<\/dd><\/dl><br style=\"clear: both\" \/><dl class='gallery-item'>\n\t\t\t<dt class='gallery-icon landscape'>\n\t\t\t\t<a href='https:\/\/mont-roig.cat\/es\/ayuntamiento\/areas\/juventud\/donde-estamos\/setmana-salut-17-2\/'><img loading=\"lazy\" decoding=\"async\" width=\"500\" height=\"281\" src=\"https:\/\/mont-roig.cat\/wp-content\/uploads\/SETMANA-SALUT-17-500x281.jpg\" class=\"attachment-medium size-medium\" alt=\"\" aria-describedby=\"gallery-1-64316\" srcset=\"https:\/\/mont-roig.cat\/wp-content\/uploads\/SETMANA-SALUT-17-500x281.jpg 500w, https:\/\/mont-roig.cat\/wp-content\/uploads\/SETMANA-SALUT-17-1024x576.jpg 1024w, https:\/\/mont-roig.cat\/wp-content\/uploads\/SETMANA-SALUT-17-768x432.jpg 768w, https:\/\/mont-roig.cat\/wp-content\/uploads\/SETMANA-SALUT-17-1536x864.jpg 1536w, https:\/\/mont-roig.cat\/wp-content\/uploads\/SETMANA-SALUT-17-scaled.jpg 2048w\" sizes=\"auto, (max-width: 500px) 100vw, 500px\" \/><\/a>\n\t\t\t<\/dt>\n\t\t\t\t<dd class='wp-caption-text gallery-caption' id='gallery-1-64316'>\n\t\t\t\tSemana de la Salud\n\t\t\t\t<\/dd><\/dl><dl class='gallery-item'>\n\t\t\t<dt class='gallery-icon portrait'>\n\t\t\t\t<a href='https:\/\/mont-roig.cat\/es\/ayuntamiento\/areas\/juventud\/k-dat\/k-dat-bombons-1-2\/'><img loading=\"lazy\" decoding=\"async\" width=\"375\" height=\"500\" src=\"https:\/\/mont-roig.cat\/wp-content\/uploads\/K.Dat-bombons-1-375x500.jpeg\" class=\"attachment-medium size-medium\" alt=\"\" aria-describedby=\"gallery-1-64443\" srcset=\"https:\/\/mont-roig.cat\/wp-content\/uploads\/K.Dat-bombons-1-375x500.jpeg 375w, https:\/\/mont-roig.cat\/wp-content\/uploads\/K.Dat-bombons-1-768x1024.jpeg 768w, https:\/\/mont-roig.cat\/wp-content\/uploads\/K.Dat-bombons-1-1152x1536.jpeg 1152w, https:\/\/mont-roig.cat\/wp-content\/uploads\/K.Dat-bombons-1.jpeg 1536w\" sizes=\"auto, (max-width: 375px) 100vw, 375px\" \/><\/a>\n\t\t\t<\/dt>\n\t\t\t\t<dd class='wp-caption-text gallery-caption' id='gallery-1-64443'>\n\t\t\t\tBombones\n\t\t\t\t<\/dd><\/dl><br style=\"clear: both\" \/><dl class='gallery-item'>\n\t\t\t<dt class='gallery-icon portrait'>\n\t\t\t\t<a href='https:\/\/mont-roig.cat\/es\/ayuntamiento\/areas\/juventud\/k-dat\/grup-mural-2\/'><img loading=\"lazy\" decoding=\"async\" width=\"375\" height=\"500\" src=\"https:\/\/mont-roig.cat\/wp-content\/uploads\/Grup-Mural-375x500.jpeg\" class=\"attachment-medium size-medium\" alt=\"\" aria-describedby=\"gallery-1-64441\" srcset=\"https:\/\/mont-roig.cat\/wp-content\/uploads\/Grup-Mural-375x500.jpeg 375w, https:\/\/mont-roig.cat\/wp-content\/uploads\/Grup-Mural-768x1024.jpeg 768w, https:\/\/mont-roig.cat\/wp-content\/uploads\/Grup-Mural-1152x1536.jpeg 1152w, https:\/\/mont-roig.cat\/wp-content\/uploads\/Grup-Mural.jpeg 1536w\" sizes=\"auto, (max-width: 375px) 100vw, 375px\" \/><\/a>\n\t\t\t<\/dt>\n\t\t\t\t<dd class='wp-caption-text gallery-caption' id='gallery-1-64441'>\n\t\t\t\tGrupo Mural \n\t\t\t\t<\/dd><\/dl><dl class='gallery-item'>\n\t\t\t<dt class='gallery-icon landscape'>\n\t\t\t\t<a href='https:\/\/mont-roig.cat\/es\/ayuntamiento\/areas\/juventud\/saludjoven\/dinamica-3\/'><img loading=\"lazy\" decoding=\"async\" width=\"500\" height=\"375\" src=\"https:\/\/mont-roig.cat\/wp-content\/uploads\/Dinamica-500x375.jpg\" class=\"attachment-medium size-medium\" alt=\"\" aria-describedby=\"gallery-1-64491\" srcset=\"https:\/\/mont-roig.cat\/wp-content\/uploads\/Dinamica-500x375.jpg 500w, https:\/\/mont-roig.cat\/wp-content\/uploads\/Dinamica-768x576.jpg 768w, https:\/\/mont-roig.cat\/wp-content\/uploads\/Dinamica-463x348.jpg 463w, https:\/\/mont-roig.cat\/wp-content\/uploads\/Dinamica.jpg 1024w\" sizes=\"auto, (max-width: 500px) 100vw, 500px\" \/><\/a>\n\t\t\t<\/dt>\n\t\t\t\t<dd class='wp-caption-text gallery-caption' id='gallery-1-64491'>\n\t\t\t\tDin\u00e1mica\n\t\t\t\t<\/dd><\/dl><br style=\"clear: both\" \/><dl class='gallery-item'>\n\t\t\t<dt class='gallery-icon landscape'>\n\t\t\t\t<a href='https:\/\/mont-roig.cat\/es\/ayuntamiento\/areas\/juventud\/saludjoven\/dinamica-2-2\/'><img loading=\"lazy\" decoding=\"async\" width=\"500\" height=\"375\" src=\"https:\/\/mont-roig.cat\/wp-content\/uploads\/Dinamica-2-500x375.jpg\" class=\"attachment-medium size-medium\" alt=\"\" aria-describedby=\"gallery-1-64489\" srcset=\"https:\/\/mont-roig.cat\/wp-content\/uploads\/Dinamica-2-500x375.jpg 500w, https:\/\/mont-roig.cat\/wp-content\/uploads\/Dinamica-2-768x576.jpg 768w, https:\/\/mont-roig.cat\/wp-content\/uploads\/Dinamica-2-463x348.jpg 463w, https:\/\/mont-roig.cat\/wp-content\/uploads\/Dinamica-2.jpg 1024w\" sizes=\"auto, (max-width: 500px) 100vw, 500px\" \/><\/a>\n\t\t\t<\/dt>\n\t\t\t\t<dd class='wp-caption-text gallery-caption' id='gallery-1-64489'>\n\t\t\t\tDin\u00e1mica\n\t\t\t\t<\/dd><\/dl><dl class='gallery-item'>\n\t\t\t<dt class='gallery-icon landscape'>\n\t\t\t\t<a href='https:\/\/mont-roig.cat\/es\/ayuntamiento\/areas\/juventud\/saludjoven\/08d4627a-35d9-4478-9aa7-b257ed8bcff6-2\/'><img loading=\"lazy\" decoding=\"async\" width=\"500\" height=\"282\" src=\"https:\/\/mont-roig.cat\/wp-content\/uploads\/08d4627a-35d9-4478-9aa7-b257ed8bcff6-500x282.jpg\" class=\"attachment-medium size-medium\" alt=\"\" aria-describedby=\"gallery-1-64470\" srcset=\"https:\/\/mont-roig.cat\/wp-content\/uploads\/08d4627a-35d9-4478-9aa7-b257ed8bcff6-500x282.jpg 500w, https:\/\/mont-roig.cat\/wp-content\/uploads\/08d4627a-35d9-4478-9aa7-b257ed8bcff6-1024x577.jpg 1024w, https:\/\/mont-roig.cat\/wp-content\/uploads\/08d4627a-35d9-4478-9aa7-b257ed8bcff6-768x432.jpg 768w, https:\/\/mont-roig.cat\/wp-content\/uploads\/08d4627a-35d9-4478-9aa7-b257ed8bcff6-1536x865.jpg 1536w, https:\/\/mont-roig.cat\/wp-content\/uploads\/08d4627a-35d9-4478-9aa7-b257ed8bcff6.jpg 1600w\" sizes=\"auto, (max-width: 500px) 100vw, 500px\" \/><\/a>\n\t\t\t<\/dt>\n\t\t\t\t<dd class='wp-caption-text gallery-caption' id='gallery-1-64470'>\n\t\t\t\tPlaya\n\t\t\t\t<\/dd><\/dl><br style=\"clear: both\" \/>\n\t\t<\/div>\n\n[\/vc_column_text][\/vc_column][\/vc_row][vc_row][vc_column][vc_message message_box_color=&#8221;warning&#8221;]Puedes consultar todas las actividades a trav\u00e9s de las redes sociales de Juventud @jovesmontroigmiami y en la agenda de actividades de la web del Ayuntamiento de Mont-roig del Camp.<\/p>\n<p><em>*Las inscripciones a las actividades del Tok\u2019l2 y del K.dat se realizan a trav\u00e9s de <a href=\"https:\/\/www.eagora.app\/es\/\"><strong>l\u2019APP eAgora<\/strong>\u00a0<\/a> que encontrar\u00e9is en la <\/em><em>Play Store de Google y a trav\u00e9s de la cual\u00a0<\/em><em>podr\u00e9is\u00a0<\/em><em>estar al d\u00eda de toda la oferta de actividades propuestas desde el\u00a0 Departamento de Juventud, adem\u00e1s de poder descargaros las hojas de la inscripci\u00f3n.<\/em><em>\u00a0<\/em><\/p>\n[\/vc_message][\/vc_column][\/vc_row]\n<\/div>","protected":false},"excerpt":{"rendered":"<p>[vc_row][vc_column][vc_column_text] Programa de actividades K.dat K.dat es el programa de actividades, talleres, cursos, ciclos de cine, gincanas, torneos, etc. que se realizan en los espacios juveniles o dentro del municipio. Adem\u00e1s, se trabajan temas como el voluntariado, los d\u00edas nacionales\/internacionales, la concienciaci\u00f3n sobre el medio ambiente y el cambio clim\u00e1tico o las pol\u00edticas de igualdad [&hellip;]<\/p>\n","protected":false},"author":4,"featured_media":0,"parent":4311,"menu_order":0,"comment_status":"closed","ping_status":"closed","template":"","meta":{"inline_featured_image":false,"_monsterinsights_skip_tracking":false,"_monsterinsights_sitenote_active":false,"_monsterinsights_sitenote_note":"","_monsterinsights_sitenote_category":0,"footnotes":""},"class_list":["post-4313","page","type-page","status-publish","hentry"],"yoast_head":"<!-- This site is optimized with the Yoast SEO plugin v27.4 - https:\/\/yoast.com\/product\/yoast-seo-wordpress\/ -->\n<title>K. dat - Ajuntament de Mont-roig del Camp<\/title>\n<meta name=\"robots\" content=\"index, follow, max-snippet:-1, max-image-preview:large, max-video-preview:-1\" \/>\n<link rel=\"canonical\" href=\"https:\/\/mont-roig.cat\/es\/ayuntamiento\/areas\/juventud\/k-dat\/\" \/>\n<meta property=\"og:locale\" content=\"es_ES\" \/>\n<meta property=\"og:type\" content=\"article\" \/>\n<meta property=\"og:title\" content=\"K. dat - Ajuntament de Mont-roig del Camp\" \/>\n<meta property=\"og:description\" content=\"[vc_row][vc_column][vc_column_text] Programa de actividades K.dat K.dat es el programa de actividades, talleres, cursos, ciclos de cine, gincanas, torneos, etc. que se realizan en los espacios juveniles o dentro del municipio. Adem\u00e1s, se trabajan temas como el voluntariado, los d\u00edas nacionales\/internacionales, la concienciaci\u00f3n sobre el medio ambiente y el cambio clim\u00e1tico o las pol\u00edticas de igualdad [&hellip;]\" \/>\n<meta property=\"og:url\" content=\"https:\/\/mont-roig.cat\/es\/ayuntamiento\/areas\/juventud\/k-dat\/\" \/>\n<meta property=\"og:site_name\" content=\"Ajuntament de Mont-roig del Camp\" \/>\n<meta property=\"article:modified_time\" content=\"2022-08-05T07:01:08+00:00\" \/>\n<meta property=\"og:image\" content=\"https:\/\/mont-roig.cat\/wp-content\/uploads\/taller-musica-19-500x500.jpg\" \/>\n<meta name=\"twitter:card\" content=\"summary_large_image\" \/>\n<meta name=\"twitter:label1\" content=\"Tiempo de lectura\" \/>\n\t<meta name=\"twitter:data1\" content=\"2 minutos\" \/>\n<script type=\"application\/ld+json\" class=\"yoast-schema-graph\">{\"@context\":\"https:\\\/\\\/schema.org\",\"@graph\":[{\"@type\":\"WebPage\",\"@id\":\"https:\\\/\\\/mont-roig.cat\\\/es\\\/ayuntamiento\\\/areas\\\/juventud\\\/k-dat\\\/\",\"url\":\"https:\\\/\\\/mont-roig.cat\\\/es\\\/ayuntamiento\\\/areas\\\/juventud\\\/k-dat\\\/\",\"name\":\"K. dat - Ajuntament de Mont-roig del Camp\",\"isPartOf\":{\"@id\":\"https:\\\/\\\/mont-roig.cat\\\/es\\\/#website\"},\"primaryImageOfPage\":{\"@id\":\"https:\\\/\\\/mont-roig.cat\\\/es\\\/ayuntamiento\\\/areas\\\/juventud\\\/k-dat\\\/#primaryimage\"},\"image\":{\"@id\":\"https:\\\/\\\/mont-roig.cat\\\/es\\\/ayuntamiento\\\/areas\\\/juventud\\\/k-dat\\\/#primaryimage\"},\"thumbnailUrl\":\"https:\\\/\\\/mont-roig.cat\\\/wp-content\\\/uploads\\\/marca-kdat-color.jpg\",\"datePublished\":\"2015-02-20T12:08:51+00:00\",\"dateModified\":\"2022-08-05T07:01:08+00:00\",\"breadcrumb\":{\"@id\":\"https:\\\/\\\/mont-roig.cat\\\/es\\\/ayuntamiento\\\/areas\\\/juventud\\\/k-dat\\\/#breadcrumb\"},\"inLanguage\":\"es\",\"potentialAction\":[{\"@type\":\"ReadAction\",\"target\":[\"https:\\\/\\\/mont-roig.cat\\\/es\\\/ayuntamiento\\\/areas\\\/juventud\\\/k-dat\\\/\"]}]},{\"@type\":\"ImageObject\",\"inLanguage\":\"es\",\"@id\":\"https:\\\/\\\/mont-roig.cat\\\/es\\\/ayuntamiento\\\/areas\\\/juventud\\\/k-dat\\\/#primaryimage\",\"url\":\"https:\\\/\\\/mont-roig.cat\\\/wp-content\\\/uploads\\\/marca-kdat-color.jpg\",\"contentUrl\":\"https:\\\/\\\/mont-roig.cat\\\/wp-content\\\/uploads\\\/marca-kdat-color.jpg\"},{\"@type\":\"BreadcrumbList\",\"@id\":\"https:\\\/\\\/mont-roig.cat\\\/es\\\/ayuntamiento\\\/areas\\\/juventud\\\/k-dat\\\/#breadcrumb\",\"itemListElement\":[{\"@type\":\"ListItem\",\"position\":1,\"name\":\"Inici\",\"item\":\"https:\\\/\\\/mont-roig.cat\\\/es\\\/pagina-de-inicio\\\/\"},{\"@type\":\"ListItem\",\"position\":2,\"name\":\"Ayuntamiento\",\"item\":\"https:\\\/\\\/mont-roig.cat\\\/es\\\/ayuntamiento\\\/\"},{\"@type\":\"ListItem\",\"position\":3,\"name\":\"\u00c1reas\",\"item\":\"https:\\\/\\\/mont-roig.cat\\\/es\\\/ayuntamiento\\\/areas\\\/\"},{\"@type\":\"ListItem\",\"position\":4,\"name\":\"Juventud\",\"item\":\"https:\\\/\\\/mont-roig.cat\\\/es\\\/ayuntamiento\\\/areas\\\/juventud\\\/\"},{\"@type\":\"ListItem\",\"position\":5,\"name\":\"K. dat\"}]},{\"@type\":\"WebSite\",\"@id\":\"https:\\\/\\\/mont-roig.cat\\\/es\\\/#website\",\"url\":\"https:\\\/\\\/mont-roig.cat\\\/es\\\/\",\"name\":\"Ajuntament de Mont-roig del Camp\",\"description\":\"Tota la informaci\u00f3 sobre la instituci\u00f3, els seus \u00f2rgans de govern, actualitat, serveis i molt m\u00e9s.\",\"potentialAction\":[{\"@type\":\"SearchAction\",\"target\":{\"@type\":\"EntryPoint\",\"urlTemplate\":\"https:\\\/\\\/mont-roig.cat\\\/es\\\/?s={search_term_string}\"},\"query-input\":{\"@type\":\"PropertyValueSpecification\",\"valueRequired\":true,\"valueName\":\"search_term_string\"}}],\"inLanguage\":\"es\"}]}<\/script>\n<!-- \/ Yoast SEO plugin. -->","yoast_head_json":{"title":"K. dat - Ajuntament de Mont-roig del Camp","robots":{"index":"index","follow":"follow","max-snippet":"max-snippet:-1","max-image-preview":"max-image-preview:large","max-video-preview":"max-video-preview:-1"},"canonical":"https:\/\/mont-roig.cat\/es\/ayuntamiento\/areas\/juventud\/k-dat\/","og_locale":"es_ES","og_type":"article","og_title":"K. dat - Ajuntament de Mont-roig del Camp","og_description":"[vc_row][vc_column][vc_column_text] Programa de actividades K.dat K.dat es el programa de actividades, talleres, cursos, ciclos de cine, gincanas, torneos, etc. que se realizan en los espacios juveniles o dentro del municipio. Adem\u00e1s, se trabajan temas como el voluntariado, los d\u00edas nacionales\/internacionales, la concienciaci\u00f3n sobre el medio ambiente y el cambio clim\u00e1tico o las pol\u00edticas de igualdad [&hellip;]","og_url":"https:\/\/mont-roig.cat\/es\/ayuntamiento\/areas\/juventud\/k-dat\/","og_site_name":"Ajuntament de Mont-roig del Camp","article_modified_time":"2022-08-05T07:01:08+00:00","og_image":[{"url":"https:\/\/mont-roig.cat\/wp-content\/uploads\/taller-musica-19-500x500.jpg","type":"","width":"","height":""}],"twitter_card":"summary_large_image","twitter_misc":{"Tiempo de lectura":"2 minutos"},"schema":{"@context":"https:\/\/schema.org","@graph":[{"@type":"WebPage","@id":"https:\/\/mont-roig.cat\/es\/ayuntamiento\/areas\/juventud\/k-dat\/","url":"https:\/\/mont-roig.cat\/es\/ayuntamiento\/areas\/juventud\/k-dat\/","name":"K. dat - Ajuntament de Mont-roig del Camp","isPartOf":{"@id":"https:\/\/mont-roig.cat\/es\/#website"},"primaryImageOfPage":{"@id":"https:\/\/mont-roig.cat\/es\/ayuntamiento\/areas\/juventud\/k-dat\/#primaryimage"},"image":{"@id":"https:\/\/mont-roig.cat\/es\/ayuntamiento\/areas\/juventud\/k-dat\/#primaryimage"},"thumbnailUrl":"https:\/\/mont-roig.cat\/wp-content\/uploads\/marca-kdat-color.jpg","datePublished":"2015-02-20T12:08:51+00:00","dateModified":"2022-08-05T07:01:08+00:00","breadcrumb":{"@id":"https:\/\/mont-roig.cat\/es\/ayuntamiento\/areas\/juventud\/k-dat\/#breadcrumb"},"inLanguage":"es","potentialAction":[{"@type":"ReadAction","target":["https:\/\/mont-roig.cat\/es\/ayuntamiento\/areas\/juventud\/k-dat\/"]}]},{"@type":"ImageObject","inLanguage":"es","@id":"https:\/\/mont-roig.cat\/es\/ayuntamiento\/areas\/juventud\/k-dat\/#primaryimage","url":"https:\/\/mont-roig.cat\/wp-content\/uploads\/marca-kdat-color.jpg","contentUrl":"https:\/\/mont-roig.cat\/wp-content\/uploads\/marca-kdat-color.jpg"},{"@type":"BreadcrumbList","@id":"https:\/\/mont-roig.cat\/es\/ayuntamiento\/areas\/juventud\/k-dat\/#breadcrumb","itemListElement":[{"@type":"ListItem","position":1,"name":"Inici","item":"https:\/\/mont-roig.cat\/es\/pagina-de-inicio\/"},{"@type":"ListItem","position":2,"name":"Ayuntamiento","item":"https:\/\/mont-roig.cat\/es\/ayuntamiento\/"},{"@type":"ListItem","position":3,"name":"\u00c1reas","item":"https:\/\/mont-roig.cat\/es\/ayuntamiento\/areas\/"},{"@type":"ListItem","position":4,"name":"Juventud","item":"https:\/\/mont-roig.cat\/es\/ayuntamiento\/areas\/juventud\/"},{"@type":"ListItem","position":5,"name":"K. dat"}]},{"@type":"WebSite","@id":"https:\/\/mont-roig.cat\/es\/#website","url":"https:\/\/mont-roig.cat\/es\/","name":"Ajuntament de Mont-roig del Camp","description":"Tota la informaci\u00f3 sobre la instituci\u00f3, els seus \u00f2rgans de govern, actualitat, serveis i molt m\u00e9s.","potentialAction":[{"@type":"SearchAction","target":{"@type":"EntryPoint","urlTemplate":"https:\/\/mont-roig.cat\/es\/?s={search_term_string}"},"query-input":{"@type":"PropertyValueSpecification","valueRequired":true,"valueName":"search_term_string"}}],"inLanguage":"es"}]}},"_links":{"self":[{"href":"https:\/\/mont-roig.cat\/es\/wp-json\/wp\/v2\/pages\/4313","targetHints":{"allow":["GET"]}}],"collection":[{"href":"https:\/\/mont-roig.cat\/es\/wp-json\/wp\/v2\/pages"}],"about":[{"href":"https:\/\/mont-roig.cat\/es\/wp-json\/wp\/v2\/types\/page"}],"author":[{"embeddable":true,"href":"https:\/\/mont-roig.cat\/es\/wp-json\/wp\/v2\/users\/4"}],"replies":[{"embeddable":true,"href":"https:\/\/mont-roig.cat\/es\/wp-json\/wp\/v2\/comments?post=4313"}],"version-history":[{"count":8,"href":"https:\/\/mont-roig.cat\/es\/wp-json\/wp\/v2\/pages\/4313\/revisions"}],"predecessor-version":[{"id":64570,"href":"https:\/\/mont-roig.cat\/es\/wp-json\/wp\/v2\/pages\/4313\/revisions\/64570"}],"up":[{"embeddable":true,"href":"https:\/\/mont-roig.cat\/es\/wp-json\/wp\/v2\/pages\/4311"}],"wp:attachment":[{"href":"https:\/\/mont-roig.cat\/es\/wp-json\/wp\/v2\/media?parent=4313"}],"curies":[{"name":"wp","href":"https:\/\/api.w.org\/{rel}","templated":true}]}}