{"id":4315,"date":"2015-02-23T10:56:03","date_gmt":"2015-02-23T10:56:03","guid":{"rendered":""},"modified":"2022-08-05T10:00:02","modified_gmt":"2022-08-05T08:00:02","slug":"saludjoven","status":"publish","type":"page","link":"https:\/\/mont-roig.cat\/es\/ayuntamiento\/areas\/juventud\/saludjoven\/","title":{"rendered":"Salud Joven"},"content":{"rendered":"<div class=\"wpb-content-wrapper\">[vc_row][vc_column][vc_column_text]\n<div class=\"body\">\n[\/vc_column_text][\/vc_column][\/vc_row][vc_row][vc_column][vc_column_text]\n<h4><strong><u>Programa de Salud Joven<a href=\"https:\/\/mont-roig.cat\/wp-content\/uploads\/Logo-salut-jove-1.png\"><img loading=\"lazy\" decoding=\"async\" class=\"alignright wp-image-64576\" src=\"https:\/\/mont-roig.cat\/wp-content\/uploads\/Logo-salut-jove-1-500x500.png\" alt=\"\" width=\"177\" height=\"177\" srcset=\"https:\/\/mont-roig.cat\/wp-content\/uploads\/Logo-salut-jove-1.png 500w, https:\/\/mont-roig.cat\/wp-content\/uploads\/Logo-salut-jove-1-50x50.png 50w, https:\/\/mont-roig.cat\/wp-content\/uploads\/Logo-salut-jove-1-367x367.png 367w, https:\/\/mont-roig.cat\/wp-content\/uploads\/Logo-salut-jove-1-450x450.png 450w, https:\/\/mont-roig.cat\/wp-content\/uploads\/Logo-salut-jove-1-85x85.png 85w, https:\/\/mont-roig.cat\/wp-content\/uploads\/Logo-salut-jove-1-45x45.png 45w\" sizes=\"auto, (max-width: 177px) 100vw, 177px\" \/><\/a><\/u><\/strong><\/h4>\n<p>Incluye todas las actividades y proyectos relacionados con el \u00e1mbito de la salud, desde una perspectiva formativa, de prevenci\u00f3n, informativa o de soporte a cuestiones concretas.<\/p>\n<ul>\n<li>Formaci\u00f3n agentes de salud<\/li>\n<li>Punto de Atenci\u00f3n Personalizada<\/li>\n<li>Charlas en los institutos del municipio<\/li>\n<li>Din\u00e1micas y actividades sobre salud joven, ciberacoso y adicciones entre otros<\/li>\n<\/ul>\n[\/vc_column_text][vc_separator][vc_column_text]\n<h5><strong><u>PUNTO DE SALUD JOVEN<\/u><\/strong><\/h5>\n<p>Servicio espec\u00edfico, gratuito y confidencial, que aserora a los j\u00f3venes del municipio en temas que afectan a su salud: sexualidad, bullying, diversidad de g\u00e9nero, conductas de riesgo, adicciones.[\/vc_column_text][vc_column_text]\n<h5><strong><u>Horario de atenci\u00f3n (Necesario cita previa)<\/u><\/strong><\/h5>\n<ul>\n<li><strong>Espai Jove de Mont-roig<\/strong><\/li>\n<\/ul>\n<p>El primer jueves de cada mes, de 16 h a 20 h<\/p>\n<ul>\n<li><strong>Sala 2 del Centro Polivalente de Miami Platja<\/strong><\/li>\n<\/ul>\n<p>Todos los jueves (excepto el primero de cada mes) de 16 h a 20 h[\/vc_column_text][\/vc_column][\/vc_row][vc_row][vc_column][vc_column_text]\n\n\t\t<style type=\"text\/css\">\n\t\t\t#gallery-1 {\n\t\t\t\tmargin: auto;\n\t\t\t}\n\t\t\t#gallery-1 .gallery-item {\n\t\t\t\tfloat: left;\n\t\t\t\tmargin-top: 10px;\n\t\t\t\ttext-align: center;\n\t\t\t\twidth: 33%;\n\t\t\t}\n\t\t\t#gallery-1 img {\n\t\t\t\tborder: 2px solid #cfcfcf;\n\t\t\t}\n\t\t\t#gallery-1 .gallery-caption {\n\t\t\t\tmargin-left: 0;\n\t\t\t}\n\t\t\t\/* see gallery_shortcode() in wp-includes\/media.php *\/\n\t\t<\/style>\n\t\t<div id='gallery-1' class='gallery galleryid-4315 gallery-columns-3 gallery-size-medium'><dl class='gallery-item'>\n\t\t\t<dt class='gallery-icon landscape'>\n\t\t\t\t<a href='https:\/\/mont-roig.cat\/es\/ayuntamiento\/areas\/juventud\/saludjoven\/1-10-2\/'><img loading=\"lazy\" decoding=\"async\" width=\"500\" height=\"375\" src=\"https:\/\/mont-roig.cat\/wp-content\/uploads\/1-8-500x375.jpg\" class=\"attachment-medium size-medium\" alt=\"\" srcset=\"https:\/\/mont-roig.cat\/wp-content\/uploads\/1-8-500x375.jpg 500w, https:\/\/mont-roig.cat\/wp-content\/uploads\/1-8-1024x768.jpg 1024w, https:\/\/mont-roig.cat\/wp-content\/uploads\/1-8-768x576.jpg 768w, https:\/\/mont-roig.cat\/wp-content\/uploads\/1-8-1536x1152.jpg 1536w, https:\/\/mont-roig.cat\/wp-content\/uploads\/1-8-463x348.jpg 463w, https:\/\/mont-roig.cat\/wp-content\/uploads\/1-8.jpg 1600w\" sizes=\"auto, (max-width: 500px) 100vw, 500px\" \/><\/a>\n\t\t\t<\/dt><\/dl><dl class='gallery-item'>\n\t\t\t<dt class='gallery-icon landscape'>\n\t\t\t\t<a href='https:\/\/mont-roig.cat\/es\/ayuntamiento\/areas\/juventud\/saludjoven\/5-4-2\/'><img loading=\"lazy\" decoding=\"async\" width=\"500\" height=\"375\" src=\"https:\/\/mont-roig.cat\/wp-content\/uploads\/5-2-500x375.jpg\" class=\"attachment-medium size-medium\" alt=\"\" srcset=\"https:\/\/mont-roig.cat\/wp-content\/uploads\/5-2-500x375.jpg 500w, https:\/\/mont-roig.cat\/wp-content\/uploads\/5-2-1024x768.jpg 1024w, https:\/\/mont-roig.cat\/wp-content\/uploads\/5-2-768x576.jpg 768w, https:\/\/mont-roig.cat\/wp-content\/uploads\/5-2-1536x1152.jpg 1536w, https:\/\/mont-roig.cat\/wp-content\/uploads\/5-2-463x348.jpg 463w, https:\/\/mont-roig.cat\/wp-content\/uploads\/5-2.jpg 2048w\" sizes=\"auto, (max-width: 500px) 100vw, 500px\" \/><\/a>\n\t\t\t<\/dt><\/dl><dl class='gallery-item'>\n\t\t\t<dt class='gallery-icon portrait'>\n\t\t\t\t<a href='https:\/\/mont-roig.cat\/es\/ayuntamiento\/areas\/juventud\/saludjoven\/6a113528-6830-42a8-b829-a883596bbc99-2\/'><img loading=\"lazy\" decoding=\"async\" width=\"375\" height=\"500\" src=\"https:\/\/mont-roig.cat\/wp-content\/uploads\/6a113528-6830-42a8-b829-a883596bbc99-375x500.jpg\" class=\"attachment-medium size-medium\" alt=\"\" srcset=\"https:\/\/mont-roig.cat\/wp-content\/uploads\/6a113528-6830-42a8-b829-a883596bbc99-375x500.jpg 375w, https:\/\/mont-roig.cat\/wp-content\/uploads\/6a113528-6830-42a8-b829-a883596bbc99.jpg 768w\" sizes=\"auto, (max-width: 375px) 100vw, 375px\" \/><\/a>\n\t\t\t<\/dt><\/dl><br style=\"clear: both\" \/><dl class='gallery-item'>\n\t\t\t<dt class='gallery-icon landscape'>\n\t\t\t\t<a href='https:\/\/mont-roig.cat\/es\/ayuntamiento\/areas\/juventud\/saludjoven\/30ad0184-8539-4457-beda-cace23a0e825-2\/'><img loading=\"lazy\" decoding=\"async\" width=\"500\" height=\"375\" src=\"https:\/\/mont-roig.cat\/wp-content\/uploads\/30ad0184-8539-4457-beda-cace23a0e825-500x375.jpg\" class=\"attachment-medium size-medium\" alt=\"\" srcset=\"https:\/\/mont-roig.cat\/wp-content\/uploads\/30ad0184-8539-4457-beda-cace23a0e825-500x375.jpg 500w, https:\/\/mont-roig.cat\/wp-content\/uploads\/30ad0184-8539-4457-beda-cace23a0e825-1024x768.jpg 1024w, https:\/\/mont-roig.cat\/wp-content\/uploads\/30ad0184-8539-4457-beda-cace23a0e825-768x576.jpg 768w, https:\/\/mont-roig.cat\/wp-content\/uploads\/30ad0184-8539-4457-beda-cace23a0e825-1536x1152.jpg 1536w, https:\/\/mont-roig.cat\/wp-content\/uploads\/30ad0184-8539-4457-beda-cace23a0e825-463x348.jpg 463w, https:\/\/mont-roig.cat\/wp-content\/uploads\/30ad0184-8539-4457-beda-cace23a0e825.jpg 2048w\" sizes=\"auto, (max-width: 500px) 100vw, 500px\" \/><\/a>\n\t\t\t<\/dt><\/dl><dl class='gallery-item'>\n\t\t\t<dt class='gallery-icon landscape'>\n\t\t\t\t<a href='https:\/\/mont-roig.cat\/es\/ayuntamiento\/areas\/juventud\/saludjoven\/5199ef62-00c5-40ab-a2d6-5670b126693b-2\/'><img loading=\"lazy\" decoding=\"async\" width=\"500\" height=\"375\" src=\"https:\/\/mont-roig.cat\/wp-content\/uploads\/5199ef62-00c5-40ab-a2d6-5670b126693b-500x375.jpg\" class=\"attachment-medium size-medium\" alt=\"\" srcset=\"https:\/\/mont-roig.cat\/wp-content\/uploads\/5199ef62-00c5-40ab-a2d6-5670b126693b-500x375.jpg 500w, https:\/\/mont-roig.cat\/wp-content\/uploads\/5199ef62-00c5-40ab-a2d6-5670b126693b-1024x768.jpg 1024w, https:\/\/mont-roig.cat\/wp-content\/uploads\/5199ef62-00c5-40ab-a2d6-5670b126693b-768x576.jpg 768w, https:\/\/mont-roig.cat\/wp-content\/uploads\/5199ef62-00c5-40ab-a2d6-5670b126693b-1536x1152.jpg 1536w, https:\/\/mont-roig.cat\/wp-content\/uploads\/5199ef62-00c5-40ab-a2d6-5670b126693b-463x348.jpg 463w, https:\/\/mont-roig.cat\/wp-content\/uploads\/5199ef62-00c5-40ab-a2d6-5670b126693b.jpg 1600w\" sizes=\"auto, (max-width: 500px) 100vw, 500px\" \/><\/a>\n\t\t\t<\/dt><\/dl><dl class='gallery-item'>\n\t\t\t<dt class='gallery-icon portrait'>\n\t\t\t\t<a href='https:\/\/mont-roig.cat\/es\/ayuntamiento\/areas\/juventud\/saludjoven\/9806015b-8fe3-440f-b14f-ff33294e3efb-2\/'><img loading=\"lazy\" decoding=\"async\" width=\"375\" height=\"500\" src=\"https:\/\/mont-roig.cat\/wp-content\/uploads\/9806015b-8fe3-440f-b14f-ff33294e3efb-375x500.jpg\" class=\"attachment-medium size-medium\" alt=\"\" srcset=\"https:\/\/mont-roig.cat\/wp-content\/uploads\/9806015b-8fe3-440f-b14f-ff33294e3efb-375x500.jpg 375w, https:\/\/mont-roig.cat\/wp-content\/uploads\/9806015b-8fe3-440f-b14f-ff33294e3efb-768x1024.jpg 768w, https:\/\/mont-roig.cat\/wp-content\/uploads\/9806015b-8fe3-440f-b14f-ff33294e3efb-1152x1536.jpg 1152w, https:\/\/mont-roig.cat\/wp-content\/uploads\/9806015b-8fe3-440f-b14f-ff33294e3efb.jpg 1200w\" sizes=\"auto, (max-width: 375px) 100vw, 375px\" \/><\/a>\n\t\t\t<\/dt><\/dl><br style=\"clear: both\" \/><dl class='gallery-item'>\n\t\t\t<dt class='gallery-icon landscape'>\n\t\t\t\t<a href='https:\/\/mont-roig.cat\/es\/ayuntamiento\/areas\/juventud\/saludjoven\/activitat-2\/'><img loading=\"lazy\" decoding=\"async\" width=\"500\" height=\"375\" src=\"https:\/\/mont-roig.cat\/wp-content\/uploads\/Activitat-500x375.jpg\" class=\"attachment-medium size-medium\" alt=\"\" srcset=\"https:\/\/mont-roig.cat\/wp-content\/uploads\/Activitat-500x375.jpg 500w, https:\/\/mont-roig.cat\/wp-content\/uploads\/Activitat-768x576.jpg 768w, https:\/\/mont-roig.cat\/wp-content\/uploads\/Activitat-463x348.jpg 463w, https:\/\/mont-roig.cat\/wp-content\/uploads\/Activitat.jpg 1024w\" sizes=\"auto, (max-width: 500px) 100vw, 500px\" \/><\/a>\n\t\t\t<\/dt><\/dl><dl class='gallery-item'>\n\t\t\t<dt class='gallery-icon landscape'>\n\t\t\t\t<a href='https:\/\/mont-roig.cat\/es\/ayuntamiento\/areas\/juventud\/saludjoven\/de256343-5519-40ac-b057-822bf9aab749-2\/'><img loading=\"lazy\" decoding=\"async\" width=\"500\" height=\"375\" src=\"https:\/\/mont-roig.cat\/wp-content\/uploads\/de256343-5519-40ac-b057-822bf9aab749-500x375.jpg\" class=\"attachment-medium size-medium\" alt=\"\" srcset=\"https:\/\/mont-roig.cat\/wp-content\/uploads\/de256343-5519-40ac-b057-822bf9aab749-500x375.jpg 500w, https:\/\/mont-roig.cat\/wp-content\/uploads\/de256343-5519-40ac-b057-822bf9aab749-1024x768.jpg 1024w, https:\/\/mont-roig.cat\/wp-content\/uploads\/de256343-5519-40ac-b057-822bf9aab749-768x576.jpg 768w, https:\/\/mont-roig.cat\/wp-content\/uploads\/de256343-5519-40ac-b057-822bf9aab749-1536x1152.jpg 1536w, https:\/\/mont-roig.cat\/wp-content\/uploads\/de256343-5519-40ac-b057-822bf9aab749-463x348.jpg 463w, https:\/\/mont-roig.cat\/wp-content\/uploads\/de256343-5519-40ac-b057-822bf9aab749.jpg 2048w\" sizes=\"auto, (max-width: 500px) 100vw, 500px\" \/><\/a>\n\t\t\t<\/dt><\/dl>\n\t\t\t<br style='clear: both' \/>\n\t\t<\/div>\n\n[\/vc_column_text][\/vc_column][\/vc_row][vc_row][vc_column][vc_message message_box_color=&#8221;violet&#8221; icon_fontawesome=&#8221;fas fa-tty&#8221;]\n<ul>\n<li><a href=\"mailto:salutjove@mont-roig.cat\">salutjove@mont-roig.cat<\/a><\/li>\n<li>instagram <a href=\"https:\/\/www.instagram.com\/salutjovemrmp\/\">@salutjovemrmp<\/a><\/li>\n<\/ul>\n[\/vc_message][\/vc_column][\/vc_row][vc_row][vc_column][vc_column_text]\n<p>&nbsp;<\/p>\n<\/div>\n[\/vc_column_text][\/vc_column][\/vc_row]\n<\/div>","protected":false},"excerpt":{"rendered":"<p>[vc_row][vc_column][vc_column_text] [\/vc_column_text][\/vc_column][\/vc_row][vc_row][vc_column][vc_column_text] Programa de Salud Joven Incluye todas las actividades y proyectos relacionados con el \u00e1mbito de la salud, desde una perspectiva formativa, de prevenci\u00f3n, informativa o de soporte a cuestiones concretas. Formaci\u00f3n agentes de salud Punto de Atenci\u00f3n Personalizada Charlas en los institutos del municipio Din\u00e1micas y actividades sobre salud joven, ciberacoso y adicciones [&hellip;]<\/p>\n","protected":false},"author":4,"featured_media":0,"parent":4311,"menu_order":0,"comment_status":"closed","ping_status":"closed","template":"","meta":{"inline_featured_image":false,"_monsterinsights_skip_tracking":false,"_monsterinsights_sitenote_active":false,"_monsterinsights_sitenote_note":"","_monsterinsights_sitenote_category":0,"footnotes":""},"class_list":["post-4315","page","type-page","status-publish","hentry"],"yoast_head":"<!-- This site is optimized with the Yoast SEO plugin v27.1.1 - https:\/\/yoast.com\/product\/yoast-seo-wordpress\/ -->\n<title>Salud Joven - Ajuntament de Mont-roig del Camp<\/title>\n<meta name=\"robots\" content=\"index, follow, max-snippet:-1, max-image-preview:large, max-video-preview:-1\" \/>\n<link rel=\"canonical\" href=\"https:\/\/mont-roig.cat\/es\/ayuntamiento\/areas\/juventud\/saludjoven\/\" \/>\n<meta property=\"og:locale\" content=\"es_ES\" \/>\n<meta property=\"og:type\" content=\"article\" \/>\n<meta property=\"og:title\" content=\"Salud Joven - Ajuntament de Mont-roig del Camp\" \/>\n<meta property=\"og:description\" content=\"[vc_row][vc_column][vc_column_text] [\/vc_column_text][\/vc_column][\/vc_row][vc_row][vc_column][vc_column_text] Programa de Salud Joven Incluye todas las actividades y proyectos relacionados con el \u00e1mbito de la salud, desde una perspectiva formativa, de prevenci\u00f3n, informativa o de soporte a cuestiones concretas. Formaci\u00f3n agentes de salud Punto de Atenci\u00f3n Personalizada Charlas en los institutos del municipio Din\u00e1micas y actividades sobre salud joven, ciberacoso y adicciones [&hellip;]\" \/>\n<meta property=\"og:url\" content=\"https:\/\/mont-roig.cat\/es\/ayuntamiento\/areas\/juventud\/saludjoven\/\" \/>\n<meta property=\"og:site_name\" content=\"Ajuntament de Mont-roig del Camp\" \/>\n<meta property=\"article:modified_time\" content=\"2022-08-05T08:00:02+00:00\" \/>\n<meta property=\"og:image\" content=\"https:\/\/mont-roig.cat\/wp-content\/uploads\/1-8-500x375.jpg\" \/>\n<meta name=\"twitter:card\" content=\"summary_large_image\" \/>\n<meta name=\"twitter:label1\" content=\"Tiempo de lectura\" \/>\n\t<meta name=\"twitter:data1\" content=\"2 minutos\" \/>\n<script type=\"application\/ld+json\" class=\"yoast-schema-graph\">{\"@context\":\"https:\/\/schema.org\",\"@graph\":[{\"@type\":\"WebPage\",\"@id\":\"https:\/\/mont-roig.cat\/es\/ayuntamiento\/areas\/juventud\/saludjoven\/\",\"url\":\"https:\/\/mont-roig.cat\/es\/ayuntamiento\/areas\/juventud\/saludjoven\/\",\"name\":\"Salud Joven - Ajuntament de Mont-roig del Camp\",\"isPartOf\":{\"@id\":\"https:\/\/mont-roig.cat\/es\/#website\"},\"primaryImageOfPage\":{\"@id\":\"https:\/\/mont-roig.cat\/es\/ayuntamiento\/areas\/juventud\/saludjoven\/#primaryimage\"},\"image\":{\"@id\":\"https:\/\/mont-roig.cat\/es\/ayuntamiento\/areas\/juventud\/saludjoven\/#primaryimage\"},\"thumbnailUrl\":\"https:\/\/mont-roig.cat\/wp-content\/uploads\/Logo-salut-jove-1-500x500.png\",\"datePublished\":\"2015-02-23T10:56:03+00:00\",\"dateModified\":\"2022-08-05T08:00:02+00:00\",\"breadcrumb\":{\"@id\":\"https:\/\/mont-roig.cat\/es\/ayuntamiento\/areas\/juventud\/saludjoven\/#breadcrumb\"},\"inLanguage\":\"es\",\"potentialAction\":[{\"@type\":\"ReadAction\",\"target\":[\"https:\/\/mont-roig.cat\/es\/ayuntamiento\/areas\/juventud\/saludjoven\/\"]}]},{\"@type\":\"ImageObject\",\"inLanguage\":\"es\",\"@id\":\"https:\/\/mont-roig.cat\/es\/ayuntamiento\/areas\/juventud\/saludjoven\/#primaryimage\",\"url\":\"https:\/\/mont-roig.cat\/wp-content\/uploads\/Logo-salut-jove-1-500x500.png\",\"contentUrl\":\"https:\/\/mont-roig.cat\/wp-content\/uploads\/Logo-salut-jove-1-500x500.png\"},{\"@type\":\"BreadcrumbList\",\"@id\":\"https:\/\/mont-roig.cat\/es\/ayuntamiento\/areas\/juventud\/saludjoven\/#breadcrumb\",\"itemListElement\":[{\"@type\":\"ListItem\",\"position\":1,\"name\":\"Inici\",\"item\":\"https:\/\/mont-roig.cat\/es\/pagina-de-inicio\/\"},{\"@type\":\"ListItem\",\"position\":2,\"name\":\"Ayuntamiento\",\"item\":\"https:\/\/mont-roig.cat\/es\/ayuntamiento\/\"},{\"@type\":\"ListItem\",\"position\":3,\"name\":\"\u00c1reas\",\"item\":\"https:\/\/mont-roig.cat\/es\/ayuntamiento\/areas\/\"},{\"@type\":\"ListItem\",\"position\":4,\"name\":\"Juventud\",\"item\":\"https:\/\/mont-roig.cat\/es\/ayuntamiento\/areas\/juventud\/\"},{\"@type\":\"ListItem\",\"position\":5,\"name\":\"Salud Joven\"}]},{\"@type\":\"WebSite\",\"@id\":\"https:\/\/mont-roig.cat\/es\/#website\",\"url\":\"https:\/\/mont-roig.cat\/es\/\",\"name\":\"Ajuntament de Mont-roig del Camp\",\"description\":\"Tota la informaci\u00f3 sobre la instituci\u00f3, els seus \u00f2rgans de govern, actualitat, serveis i molt m\u00e9s.\",\"potentialAction\":[{\"@type\":\"SearchAction\",\"target\":{\"@type\":\"EntryPoint\",\"urlTemplate\":\"https:\/\/mont-roig.cat\/es\/?s={search_term_string}\"},\"query-input\":{\"@type\":\"PropertyValueSpecification\",\"valueRequired\":true,\"valueName\":\"search_term_string\"}}],\"inLanguage\":\"es\"}]}<\/script>\n<!-- \/ Yoast SEO plugin. -->","yoast_head_json":{"title":"Salud Joven - Ajuntament de Mont-roig del Camp","robots":{"index":"index","follow":"follow","max-snippet":"max-snippet:-1","max-image-preview":"max-image-preview:large","max-video-preview":"max-video-preview:-1"},"canonical":"https:\/\/mont-roig.cat\/es\/ayuntamiento\/areas\/juventud\/saludjoven\/","og_locale":"es_ES","og_type":"article","og_title":"Salud Joven - Ajuntament de Mont-roig del Camp","og_description":"[vc_row][vc_column][vc_column_text] [\/vc_column_text][\/vc_column][\/vc_row][vc_row][vc_column][vc_column_text] Programa de Salud Joven Incluye todas las actividades y proyectos relacionados con el \u00e1mbito de la salud, desde una perspectiva formativa, de prevenci\u00f3n, informativa o de soporte a cuestiones concretas. Formaci\u00f3n agentes de salud Punto de Atenci\u00f3n Personalizada Charlas en los institutos del municipio Din\u00e1micas y actividades sobre salud joven, ciberacoso y adicciones [&hellip;]","og_url":"https:\/\/mont-roig.cat\/es\/ayuntamiento\/areas\/juventud\/saludjoven\/","og_site_name":"Ajuntament de Mont-roig del Camp","article_modified_time":"2022-08-05T08:00:02+00:00","og_image":[{"url":"https:\/\/mont-roig.cat\/wp-content\/uploads\/1-8-500x375.jpg","type":"","width":"","height":""}],"twitter_card":"summary_large_image","twitter_misc":{"Tiempo de lectura":"2 minutos"},"schema":{"@context":"https:\/\/schema.org","@graph":[{"@type":"WebPage","@id":"https:\/\/mont-roig.cat\/es\/ayuntamiento\/areas\/juventud\/saludjoven\/","url":"https:\/\/mont-roig.cat\/es\/ayuntamiento\/areas\/juventud\/saludjoven\/","name":"Salud Joven - Ajuntament de Mont-roig del Camp","isPartOf":{"@id":"https:\/\/mont-roig.cat\/es\/#website"},"primaryImageOfPage":{"@id":"https:\/\/mont-roig.cat\/es\/ayuntamiento\/areas\/juventud\/saludjoven\/#primaryimage"},"image":{"@id":"https:\/\/mont-roig.cat\/es\/ayuntamiento\/areas\/juventud\/saludjoven\/#primaryimage"},"thumbnailUrl":"https:\/\/mont-roig.cat\/wp-content\/uploads\/Logo-salut-jove-1-500x500.png","datePublished":"2015-02-23T10:56:03+00:00","dateModified":"2022-08-05T08:00:02+00:00","breadcrumb":{"@id":"https:\/\/mont-roig.cat\/es\/ayuntamiento\/areas\/juventud\/saludjoven\/#breadcrumb"},"inLanguage":"es","potentialAction":[{"@type":"ReadAction","target":["https:\/\/mont-roig.cat\/es\/ayuntamiento\/areas\/juventud\/saludjoven\/"]}]},{"@type":"ImageObject","inLanguage":"es","@id":"https:\/\/mont-roig.cat\/es\/ayuntamiento\/areas\/juventud\/saludjoven\/#primaryimage","url":"https:\/\/mont-roig.cat\/wp-content\/uploads\/Logo-salut-jove-1-500x500.png","contentUrl":"https:\/\/mont-roig.cat\/wp-content\/uploads\/Logo-salut-jove-1-500x500.png"},{"@type":"BreadcrumbList","@id":"https:\/\/mont-roig.cat\/es\/ayuntamiento\/areas\/juventud\/saludjoven\/#breadcrumb","itemListElement":[{"@type":"ListItem","position":1,"name":"Inici","item":"https:\/\/mont-roig.cat\/es\/pagina-de-inicio\/"},{"@type":"ListItem","position":2,"name":"Ayuntamiento","item":"https:\/\/mont-roig.cat\/es\/ayuntamiento\/"},{"@type":"ListItem","position":3,"name":"\u00c1reas","item":"https:\/\/mont-roig.cat\/es\/ayuntamiento\/areas\/"},{"@type":"ListItem","position":4,"name":"Juventud","item":"https:\/\/mont-roig.cat\/es\/ayuntamiento\/areas\/juventud\/"},{"@type":"ListItem","position":5,"name":"Salud Joven"}]},{"@type":"WebSite","@id":"https:\/\/mont-roig.cat\/es\/#website","url":"https:\/\/mont-roig.cat\/es\/","name":"Ajuntament de Mont-roig del Camp","description":"Tota la informaci\u00f3 sobre la instituci\u00f3, els seus \u00f2rgans de govern, actualitat, serveis i molt m\u00e9s.","potentialAction":[{"@type":"SearchAction","target":{"@type":"EntryPoint","urlTemplate":"https:\/\/mont-roig.cat\/es\/?s={search_term_string}"},"query-input":{"@type":"PropertyValueSpecification","valueRequired":true,"valueName":"search_term_string"}}],"inLanguage":"es"}]}},"_links":{"self":[{"href":"https:\/\/mont-roig.cat\/es\/wp-json\/wp\/v2\/pages\/4315","targetHints":{"allow":["GET"]}}],"collection":[{"href":"https:\/\/mont-roig.cat\/es\/wp-json\/wp\/v2\/pages"}],"about":[{"href":"https:\/\/mont-roig.cat\/es\/wp-json\/wp\/v2\/types\/page"}],"author":[{"embeddable":true,"href":"https:\/\/mont-roig.cat\/es\/wp-json\/wp\/v2\/users\/4"}],"replies":[{"embeddable":true,"href":"https:\/\/mont-roig.cat\/es\/wp-json\/wp\/v2\/comments?post=4315"}],"version-history":[{"count":4,"href":"https:\/\/mont-roig.cat\/es\/wp-json\/wp\/v2\/pages\/4315\/revisions"}],"predecessor-version":[{"id":64588,"href":"https:\/\/mont-roig.cat\/es\/wp-json\/wp\/v2\/pages\/4315\/revisions\/64588"}],"up":[{"embeddable":true,"href":"https:\/\/mont-roig.cat\/es\/wp-json\/wp\/v2\/pages\/4311"}],"wp:attachment":[{"href":"https:\/\/mont-roig.cat\/es\/wp-json\/wp\/v2\/media?parent=4315"}],"curies":[{"name":"wp","href":"https:\/\/api.w.org\/{rel}","templated":true}]}}