{"id":4316,"date":"2015-02-02T21:21:17","date_gmt":"2015-02-02T21:21:17","guid":{"rendered":""},"modified":"2018-02-09T13:28:44","modified_gmt":"2018-02-09T12:28:44","slug":"medio-ambiente-y-la-salud-publica","status":"publish","type":"page","link":"https:\/\/mont-roig.cat\/es\/ayuntamiento\/areas\/medio-ambiente-y-la-salud-publica\/","title":{"rendered":"Medio ambiente y la salud p\u00fablica"},"content":{"rendered":"<div class=\"body\">\n<p>El Departamento de Medio Ambiente, Sanidad y Salud P\u00fablica vela por el cumplimiento de la normativa legal vigente as\u00ed como para promover acciones y actividades que contribuyan a la mejora de nuestro entorno. En este espacio encontrar\u00e1 informaciones y recomendaciones sobre <a href=\"https:\/\/mont-roig.cat\/es\/ayuntamiento\/areas\/medio-ambiente-y-la-salud-publica\/animales-y-plagas\/\" target=\"_blank\" rel=\"noopener\">animales y plagas<\/a>, as\u00ed como otras acciones relacionadas con el medio ambiente y la salud como la red de <a href=\"https:\/\/mont-roig.cat\/es\/ayuntamiento\/areas\/medio-ambiente-y-la-salud-publica\/desfibriladores\/\" target=\"_blank\" rel=\"noopener\">desfibriladores<\/a>. Para cualquier consulta, queja o sugerencia puede dirigirse directamente al Departamento llamando al 977-837005.<\/p>\n<p><img decoding=\"async\" class=\"requadre\" style=\"height: 185px; width: 250px; margin: 10px; float: right;\" title=\"Gracias por dar sangre \" src=\"http:\/\/mont-roig.cat\/wp-content\/uploads\/banc-de-sang(1).jpg\" alt=\"Gracias por dar sangre \" \/><\/p>\n<h4>Sanidad y salud p\u00fablica<\/h4>\n<h5>Campa\u00f1as de donaci\u00f3n de sangre<\/h5>\n<p>El Departamento de Sanidad colabora con el <em>Banc de Sang i Teixits<\/em>\u00a0en las campa\u00f1as de donaci\u00f3n de sangre que se realizan en el municipio. Para conocer cuando se realizar\u00e1 una nueva campa\u00f1a puede consultar la web \u00a0<a href=\"http:\/\/www.donarsang.cat\/\">www.donarsang.cat<\/a>.<\/p>\n<h4>Medio ambiente<\/h4>\n<h5>Permisos de fuego<\/h5>\n<p>Todos los vecinos que quieran quemar restos procedentes de trabajos agr\u00edcolas, deben tramitar la correspondiente autorizaci\u00f3n \/ comunicaci\u00f3n. Este documento se tramitar\u00e1 en el Cuerpo de Agentes Rurales (ps. Sunyer, 4-6 2-2 43202 Reus) o bien en el Ayuntamiento a trav\u00e9s de la OMAC. Antes de iniciar una quema controlada se debe consultar el nivel del <a href=\"http:\/\/www.gencat.cat\/medinatural\/incendis\/plaalfa\/\" target=\"_blank\" rel=\"noopener\">Plan Alfa<\/a>\u00a0existente en la zona. Se podr\u00e1 hacer mediante la direcci\u00f3n web, llamando al Ayuntamiento o mediante el tel\u00e9fono de atenci\u00f3n ciudadana (012). La actividad quedar\u00e1 suspendida en caso de activaci\u00f3n del plan alfa nivel 2 o superior (excepto para actividades ap\u00edcolas y sopladores que ser\u00e1 plano alfa nivel 3).<\/p>\n<h5>Limpieza y mantenimiento de parcelas privadas<\/h5>\n<p>Los propietarios de solares privados los deben mantener limpios de vegetaci\u00f3n y residuos para reducir el riesgo de incendio y la propagaci\u00f3n de plagas de roedores e insectos.<\/p>\n<h5>Piscinas privadas<\/h5>\n<p>Los vecinos propietarios de piscinas deber\u00e1n mantenerlas en correctas condiciones de mantenimiento para evitar la proliferaci\u00f3n de insectos, como el mosquito tigre y los malos olores que provocan las aguas estancadas. Se aconseja que las piscinas se mantengan con el agua limpia o que se tapen con una lona para evitar estos problemas de salubridad.<\/p>\n<\/div>\n","protected":false},"excerpt":{"rendered":"<p>El Departamento de Medio Ambiente, Sanidad y Salud P\u00fablica vela por el cumplimiento de la normativa legal vigente as\u00ed como para promover acciones y actividades que contribuyan a la mejora de nuestro entorno. En este espacio encontrar\u00e1 informaciones y recomendaciones sobre animales y plagas, as\u00ed como otras acciones relacionadas con el medio ambiente y la [&hellip;]<\/p>\n","protected":false},"author":4,"featured_media":0,"parent":4248,"menu_order":0,"comment_status":"closed","ping_status":"closed","template":"","meta":{"inline_featured_image":false,"_monsterinsights_skip_tracking":false,"_monsterinsights_sitenote_active":false,"_monsterinsights_sitenote_note":"","_monsterinsights_sitenote_category":0,"footnotes":""},"class_list":["post-4316","page","type-page","status-publish","hentry"],"yoast_head":"<!-- This site is optimized with the Yoast SEO plugin v27.1.1 - https:\/\/yoast.com\/product\/yoast-seo-wordpress\/ -->\n<title>Medio ambiente y la salud p\u00fablica - Ajuntament de Mont-roig del Camp<\/title>\n<meta name=\"robots\" content=\"index, follow, max-snippet:-1, max-image-preview:large, max-video-preview:-1\" \/>\n<link rel=\"canonical\" href=\"https:\/\/mont-roig.cat\/es\/ayuntamiento\/areas\/medio-ambiente-y-la-salud-publica\/\" \/>\n<meta property=\"og:locale\" content=\"es_ES\" \/>\n<meta property=\"og:type\" content=\"article\" \/>\n<meta property=\"og:title\" content=\"Medio ambiente y la salud p\u00fablica - Ajuntament de Mont-roig del Camp\" \/>\n<meta property=\"og:description\" content=\"El Departamento de Medio Ambiente, Sanidad y Salud P\u00fablica vela por el cumplimiento de la normativa legal vigente as\u00ed como para promover acciones y actividades que contribuyan a la mejora de nuestro entorno. En este espacio encontrar\u00e1 informaciones y recomendaciones sobre animales y plagas, as\u00ed como otras acciones relacionadas con el medio ambiente y la [&hellip;]\" \/>\n<meta property=\"og:url\" content=\"https:\/\/mont-roig.cat\/es\/ayuntamiento\/areas\/medio-ambiente-y-la-salud-publica\/\" \/>\n<meta property=\"og:site_name\" content=\"Ajuntament de Mont-roig del Camp\" \/>\n<meta property=\"article:modified_time\" content=\"2018-02-09T12:28:44+00:00\" \/>\n<meta property=\"og:image\" content=\"http:\/\/mont-roig.cat\/wp-content\/uploads\/banc-de-sang(1).jpg\" \/>\n<meta name=\"twitter:card\" content=\"summary_large_image\" \/>\n<meta name=\"twitter:label1\" content=\"Tiempo de lectura\" \/>\n\t<meta name=\"twitter:data1\" content=\"2 minutos\" \/>\n<script type=\"application\/ld+json\" class=\"yoast-schema-graph\">{\"@context\":\"https:\/\/schema.org\",\"@graph\":[{\"@type\":\"WebPage\",\"@id\":\"https:\/\/mont-roig.cat\/es\/ayuntamiento\/areas\/medio-ambiente-y-la-salud-publica\/\",\"url\":\"https:\/\/mont-roig.cat\/es\/ayuntamiento\/areas\/medio-ambiente-y-la-salud-publica\/\",\"name\":\"Medio ambiente y la salud p\u00fablica - Ajuntament de Mont-roig del Camp\",\"isPartOf\":{\"@id\":\"https:\/\/mont-roig.cat\/es\/#website\"},\"primaryImageOfPage\":{\"@id\":\"https:\/\/mont-roig.cat\/es\/ayuntamiento\/areas\/medio-ambiente-y-la-salud-publica\/#primaryimage\"},\"image\":{\"@id\":\"https:\/\/mont-roig.cat\/es\/ayuntamiento\/areas\/medio-ambiente-y-la-salud-publica\/#primaryimage\"},\"thumbnailUrl\":\"http:\/\/mont-roig.cat\/wp-content\/uploads\/banc-de-sang(1).jpg\",\"datePublished\":\"2015-02-02T21:21:17+00:00\",\"dateModified\":\"2018-02-09T12:28:44+00:00\",\"breadcrumb\":{\"@id\":\"https:\/\/mont-roig.cat\/es\/ayuntamiento\/areas\/medio-ambiente-y-la-salud-publica\/#breadcrumb\"},\"inLanguage\":\"es\",\"potentialAction\":[{\"@type\":\"ReadAction\",\"target\":[\"https:\/\/mont-roig.cat\/es\/ayuntamiento\/areas\/medio-ambiente-y-la-salud-publica\/\"]}]},{\"@type\":\"ImageObject\",\"inLanguage\":\"es\",\"@id\":\"https:\/\/mont-roig.cat\/es\/ayuntamiento\/areas\/medio-ambiente-y-la-salud-publica\/#primaryimage\",\"url\":\"http:\/\/mont-roig.cat\/wp-content\/uploads\/banc-de-sang(1).jpg\",\"contentUrl\":\"http:\/\/mont-roig.cat\/wp-content\/uploads\/banc-de-sang(1).jpg\"},{\"@type\":\"BreadcrumbList\",\"@id\":\"https:\/\/mont-roig.cat\/es\/ayuntamiento\/areas\/medio-ambiente-y-la-salud-publica\/#breadcrumb\",\"itemListElement\":[{\"@type\":\"ListItem\",\"position\":1,\"name\":\"Inici\",\"item\":\"https:\/\/mont-roig.cat\/es\/pagina-de-inicio\/\"},{\"@type\":\"ListItem\",\"position\":2,\"name\":\"Ayuntamiento\",\"item\":\"https:\/\/mont-roig.cat\/es\/ayuntamiento\/\"},{\"@type\":\"ListItem\",\"position\":3,\"name\":\"\u00c1reas\",\"item\":\"https:\/\/mont-roig.cat\/es\/ayuntamiento\/areas\/\"},{\"@type\":\"ListItem\",\"position\":4,\"name\":\"Medio ambiente y la salud p\u00fablica\"}]},{\"@type\":\"WebSite\",\"@id\":\"https:\/\/mont-roig.cat\/es\/#website\",\"url\":\"https:\/\/mont-roig.cat\/es\/\",\"name\":\"Ajuntament de Mont-roig del Camp\",\"description\":\"Tota la informaci\u00f3 sobre la instituci\u00f3, els seus \u00f2rgans de govern, actualitat, serveis i molt m\u00e9s.\",\"potentialAction\":[{\"@type\":\"SearchAction\",\"target\":{\"@type\":\"EntryPoint\",\"urlTemplate\":\"https:\/\/mont-roig.cat\/es\/?s={search_term_string}\"},\"query-input\":{\"@type\":\"PropertyValueSpecification\",\"valueRequired\":true,\"valueName\":\"search_term_string\"}}],\"inLanguage\":\"es\"}]}<\/script>\n<!-- \/ Yoast SEO plugin. -->","yoast_head_json":{"title":"Medio ambiente y la salud p\u00fablica - Ajuntament de Mont-roig del Camp","robots":{"index":"index","follow":"follow","max-snippet":"max-snippet:-1","max-image-preview":"max-image-preview:large","max-video-preview":"max-video-preview:-1"},"canonical":"https:\/\/mont-roig.cat\/es\/ayuntamiento\/areas\/medio-ambiente-y-la-salud-publica\/","og_locale":"es_ES","og_type":"article","og_title":"Medio ambiente y la salud p\u00fablica - Ajuntament de Mont-roig del Camp","og_description":"El Departamento de Medio Ambiente, Sanidad y Salud P\u00fablica vela por el cumplimiento de la normativa legal vigente as\u00ed como para promover acciones y actividades que contribuyan a la mejora de nuestro entorno. En este espacio encontrar\u00e1 informaciones y recomendaciones sobre animales y plagas, as\u00ed como otras acciones relacionadas con el medio ambiente y la [&hellip;]","og_url":"https:\/\/mont-roig.cat\/es\/ayuntamiento\/areas\/medio-ambiente-y-la-salud-publica\/","og_site_name":"Ajuntament de Mont-roig del Camp","article_modified_time":"2018-02-09T12:28:44+00:00","og_image":[{"url":"http:\/\/mont-roig.cat\/wp-content\/uploads\/banc-de-sang(1).jpg","type":"","width":"","height":""}],"twitter_card":"summary_large_image","twitter_misc":{"Tiempo de lectura":"2 minutos"},"schema":{"@context":"https:\/\/schema.org","@graph":[{"@type":"WebPage","@id":"https:\/\/mont-roig.cat\/es\/ayuntamiento\/areas\/medio-ambiente-y-la-salud-publica\/","url":"https:\/\/mont-roig.cat\/es\/ayuntamiento\/areas\/medio-ambiente-y-la-salud-publica\/","name":"Medio ambiente y la salud p\u00fablica - Ajuntament de Mont-roig del Camp","isPartOf":{"@id":"https:\/\/mont-roig.cat\/es\/#website"},"primaryImageOfPage":{"@id":"https:\/\/mont-roig.cat\/es\/ayuntamiento\/areas\/medio-ambiente-y-la-salud-publica\/#primaryimage"},"image":{"@id":"https:\/\/mont-roig.cat\/es\/ayuntamiento\/areas\/medio-ambiente-y-la-salud-publica\/#primaryimage"},"thumbnailUrl":"http:\/\/mont-roig.cat\/wp-content\/uploads\/banc-de-sang(1).jpg","datePublished":"2015-02-02T21:21:17+00:00","dateModified":"2018-02-09T12:28:44+00:00","breadcrumb":{"@id":"https:\/\/mont-roig.cat\/es\/ayuntamiento\/areas\/medio-ambiente-y-la-salud-publica\/#breadcrumb"},"inLanguage":"es","potentialAction":[{"@type":"ReadAction","target":["https:\/\/mont-roig.cat\/es\/ayuntamiento\/areas\/medio-ambiente-y-la-salud-publica\/"]}]},{"@type":"ImageObject","inLanguage":"es","@id":"https:\/\/mont-roig.cat\/es\/ayuntamiento\/areas\/medio-ambiente-y-la-salud-publica\/#primaryimage","url":"http:\/\/mont-roig.cat\/wp-content\/uploads\/banc-de-sang(1).jpg","contentUrl":"http:\/\/mont-roig.cat\/wp-content\/uploads\/banc-de-sang(1).jpg"},{"@type":"BreadcrumbList","@id":"https:\/\/mont-roig.cat\/es\/ayuntamiento\/areas\/medio-ambiente-y-la-salud-publica\/#breadcrumb","itemListElement":[{"@type":"ListItem","position":1,"name":"Inici","item":"https:\/\/mont-roig.cat\/es\/pagina-de-inicio\/"},{"@type":"ListItem","position":2,"name":"Ayuntamiento","item":"https:\/\/mont-roig.cat\/es\/ayuntamiento\/"},{"@type":"ListItem","position":3,"name":"\u00c1reas","item":"https:\/\/mont-roig.cat\/es\/ayuntamiento\/areas\/"},{"@type":"ListItem","position":4,"name":"Medio ambiente y la salud p\u00fablica"}]},{"@type":"WebSite","@id":"https:\/\/mont-roig.cat\/es\/#website","url":"https:\/\/mont-roig.cat\/es\/","name":"Ajuntament de Mont-roig del Camp","description":"Tota la informaci\u00f3 sobre la instituci\u00f3, els seus \u00f2rgans de govern, actualitat, serveis i molt m\u00e9s.","potentialAction":[{"@type":"SearchAction","target":{"@type":"EntryPoint","urlTemplate":"https:\/\/mont-roig.cat\/es\/?s={search_term_string}"},"query-input":{"@type":"PropertyValueSpecification","valueRequired":true,"valueName":"search_term_string"}}],"inLanguage":"es"}]}},"_links":{"self":[{"href":"https:\/\/mont-roig.cat\/es\/wp-json\/wp\/v2\/pages\/4316","targetHints":{"allow":["GET"]}}],"collection":[{"href":"https:\/\/mont-roig.cat\/es\/wp-json\/wp\/v2\/pages"}],"about":[{"href":"https:\/\/mont-roig.cat\/es\/wp-json\/wp\/v2\/types\/page"}],"author":[{"embeddable":true,"href":"https:\/\/mont-roig.cat\/es\/wp-json\/wp\/v2\/users\/4"}],"replies":[{"embeddable":true,"href":"https:\/\/mont-roig.cat\/es\/wp-json\/wp\/v2\/comments?post=4316"}],"version-history":[{"count":5,"href":"https:\/\/mont-roig.cat\/es\/wp-json\/wp\/v2\/pages\/4316\/revisions"}],"predecessor-version":[{"id":25008,"href":"https:\/\/mont-roig.cat\/es\/wp-json\/wp\/v2\/pages\/4316\/revisions\/25008"}],"up":[{"embeddable":true,"href":"https:\/\/mont-roig.cat\/es\/wp-json\/wp\/v2\/pages\/4248"}],"wp:attachment":[{"href":"https:\/\/mont-roig.cat\/es\/wp-json\/wp\/v2\/media?parent=4316"}],"curies":[{"name":"wp","href":"https:\/\/api.w.org\/{rel}","templated":true}]}}