{"id":4317,"date":"2015-03-26T11:19:58","date_gmt":"2015-03-26T11:19:58","guid":{"rendered":""},"modified":"2023-08-22T13:08:48","modified_gmt":"2023-08-22T11:08:48","slug":"animales-y-plagas","status":"publish","type":"page","link":"https:\/\/mont-roig.cat\/es\/ayuntamiento\/areas\/medio-ambiente-y-la-salud-publica\/animales-y-plagas\/","title":{"rendered":"Animales y plagas"},"content":{"rendered":"<div class=\"body\">\n<h4><a href=\"https:\/\/mont-roig.cat\/wp-content\/uploads\/Di%CC%81ptic-gats-ferals_web.pdf\"><img loading=\"lazy\" decoding=\"async\" class=\"alignright wp-image-63679\" src=\"https:\/\/mont-roig.cat\/wp-content\/uploads\/Di\u0301ptic-gats-ferals_insta-story-281x500.jpg\" alt=\"\" width=\"247\" height=\"440\" srcset=\"https:\/\/mont-roig.cat\/wp-content\/uploads\/Di\u0301ptic-gats-ferals_insta-story-281x500.jpg 281w, https:\/\/mont-roig.cat\/wp-content\/uploads\/Di\u0301ptic-gats-ferals_insta-story-576x1024.jpg 576w, https:\/\/mont-roig.cat\/wp-content\/uploads\/Di\u0301ptic-gats-ferals_insta-story-768x1366.jpg 768w, https:\/\/mont-roig.cat\/wp-content\/uploads\/Di\u0301ptic-gats-ferals_insta-story-864x1536.jpg 864w, https:\/\/mont-roig.cat\/wp-content\/uploads\/Di\u0301ptic-gats-ferals_insta-story-scaled.jpg 1152w\" sizes=\"auto, (max-width: 247px) 100vw, 247px\" \/><\/a>Gatos<\/h4>\n<p>El Ayuntamiento de Mont-roig del Camp ha puesto en marcha diversas medidas para velar por el bienestar de los gatos callejeros, regular su alimentaci\u00f3n y mejorar la convivencia con el vecindario.<\/p>\n<p>Los gatos de las colonias felinas son animales que, de la misma forma que el resto, est\u00e1n protegidos por la ley y deben respetarse. Los gatos callejeros no pueden alimentarse porque se perjudica a los propios animales ya la convivencia con la ciudadan\u00eda.<\/p>\n<p><a href=\"https:\/\/mont-roig.cat\/wp-content\/uploads\/Di\u0301ptic-gats-ferals_web.pdf\" target=\"_blank\" rel=\"noopener\">Descargaos en este enlace el d\u00edptico<\/a> sobre los gatos ferales donde se encuentra toda la informaci\u00f3n necesaria.<\/p>\n<p>Os informamos de la existencia de tres\u00a0 entidades que trabajan en colaboraci\u00f3n con el Ayuntamiento de Mont-roig del Camp para proteger los gatos callejeros:<\/p>\n<ul>\n<li><em>Asociaci\u00f3n Mogatmi.<\/em>\u00a0 Tel\u00e9fono: 604 232 369 Email:\u00a0 <a href=\"mailto:mogatmi@gmail.com\" target=\"_blank\" rel=\"noopener\">mogatmi@gmail.com<\/a><\/li>\n<li><em>Protectora Simba<\/em>.\u00a0 Email: <a href=\"mailto:asociacionsimba@gmail.com\" target=\"_blank\" rel=\"noopener\">asociacionsimba@gmail.com<\/a>. Tel\u00e9fono de contacto: \u00a0626 29 47 94<\/li>\n<\/ul>\n<h4>Mosquitos<\/h4>\n<p><a href=\"http:\/\/mont-roig.cat\/wp-content\/uploads\/Campa\u00f1a-informativa-de-prevenci\u00f3n-y-control-mosquitos.pdf\"><img loading=\"lazy\" decoding=\"async\" class=\"alignright wp-image-11875\" src=\"http:\/\/mont-roig.cat\/wp-content\/uploads\/Mosquitos-tr\u00edptico-303x500.png\" alt=\"Mosquitos tr\u00edptico\" width=\"201\" height=\"332\" srcset=\"https:\/\/mont-roig.cat\/wp-content\/uploads\/Mosquitos-tr\u00edptico-303x500.png 303w, https:\/\/mont-roig.cat\/wp-content\/uploads\/Mosquitos-tr\u00edptico.png 354w\" sizes=\"auto, (max-width: 201px) 100vw, 201px\" \/><\/a>En los \u00faltimos a\u00f1os, ha aumentado la proliferaci\u00f3n de mosquitos que provocan muchos problemas entre los vecinos. Para reducir sus efectos, el Ayuntamiento realiza controles peri\u00f3dicos para controlar las zonas h\u00famedas del municipio. Visto que es necesaria la colaboraci\u00f3n de todos los vecinos, os detallamos las recomendaciones que se deben seguir para reducir la poblaci\u00f3n de mosquitos:<\/p>\n<ul>\n<li>Vaciar dos veces por semana, retirar o voltear los recipientes del exterior que puedan acumular agua: juguetes, ceniceros, jarrones, cubos, platos bajo las macetas, platos de animales dom\u00e9sticos, piscinas de pl\u00e1stico, etc.<\/li>\n<li>Vaciar dos veces por semana o tapar con tela mosquitera espesa el lavadero y las balsas peque\u00f1as.<\/li>\n<li>Evitar acumulaciones de agua en zonas de drenaje o canales de desag\u00fce.<\/li>\n<li>Evitar los agujeros y las depresiones del terreno donde se pueda acumular agua y tapar los agujeros de los troncos de \u00e1rboles llen\u00e1ndolos de arena.<\/li>\n<li>Eliminar el agua de los recipientes donde encontramos larvas de mosquitos.<\/li>\n<li>Mantener cubiertas las piscinas mientras no se utilicen, evitando que las lonas instaladas acumulen agua.<\/li>\n<li>Realizar el mantenimiento del agua de las piscinas para evitar que el agua se corrompa.<\/li>\n<\/ul>\n<p>Con el objetivo es concienciar a la ciudadan\u00eda que la prevenci\u00f3n es el mejor m\u00e9todo de control, el Ayuntamiento de Mont-roig del Camp ha editado tr\u00edpticos informativos con recomendaciones a seguir para combatir la aparici\u00f3n de mosquitos. Los folletos dan a conocer algunas de las acciones que lleva a cabo el Ayuntamiento para controlar la proliferaci\u00f3n, consejos sobre acciones a realizar a nivel particular e informaci\u00f3n sobre qu\u00e9 hacer en caso de picadura.<\/p>\n<ul>\n<li><a href=\"http:\/\/mont-roig.cat\/wp-content\/uploads\/Campa\u00f1a-informativa-de-prevenci\u00f3n-y-control-mosquitos.pdf\" target=\"_blank\" rel=\"noopener\">Campa\u00f1a informativa de prevenci\u00f3n y control mosquitos<\/a><\/li>\n<\/ul>\n<h4><a href=\"http:\/\/mont-roig.cat\/wp-content\/uploads\/triptic_processionaria_ESP_v3.pdf\"><img loading=\"lazy\" decoding=\"async\" class=\"alignright wp-image-24994\" src=\"http:\/\/mont-roig.cat\/wp-content\/uploads\/procesionaria-tr\u00edptico.jpg\" alt=\"Procesionaria tr\u00edptico\" width=\"201\" height=\"386\" srcset=\"https:\/\/mont-roig.cat\/wp-content\/uploads\/procesionaria-tr\u00edptico.jpg 381w, https:\/\/mont-roig.cat\/wp-content\/uploads\/procesionaria-tr\u00edptico-260x500.jpg 260w\" sizes=\"auto, (max-width: 201px) 100vw, 201px\" \/><\/a><\/h4>\n<h4>Procesionaria<\/h4>\n<p>Cada oto\u00f1o, la concejal\u00eda de Medio Ambiente y Salud P\u00fablica realiza tratamientos para combatir la procesionaria de los pinos. Estos se llevan a cabo en las zonas p\u00fablicas del municipio mediante el larvicida biol\u00f3gico Bacillus thuringensis kurstaki, que se aplica a trav\u00e9s de un equipo de nebulizaci\u00f3n. Se trata de un producto especial, que no afecta a los humanos y que impide el desarrollo de las larvas.<br \/>\nAdem\u00e1s, se han editado tr\u00edpticos informativos y de concienciaci\u00f3n ciudadana que incluyen informaci\u00f3n sobre los tratamientos que realiza el Ayuntamiento, recomendaciones para los vecinos que tienen pinos en sus jardines y consejos a seguir en caso de irritaci\u00f3n. En estos casos, la atenci\u00f3n m\u00e9dica de urgencia, o veterinaria, en caso de los animales dom\u00e9sticos, evitar\u00e1 posibles complicaciones. Es importante recordar que no se debe frotar en ning\u00fan caso la zona afectada, ya que se libera m\u00e1s toxina, al tiempo que se dispersan los pelos urticantes. Durante el tiempo que se tarda en recibir la asistencia, se puede hacer un buen lavado en la zona afectada con agua o suero fisiol\u00f3gico. En caso de que persistan las molestias, es recomendable consultar al m\u00e9dico o llamar a CatSalut Respon (061).<\/p>\n<ul>\n<li><a href=\"http:\/\/mont-roig.cat\/wp-content\/uploads\/triptic_processionaria_ESP_v3.pdf\" target=\"_blank\" rel=\"noopener\">Campa\u00f1a informativa de prevenci\u00f3n y control procesionaria<\/a><\/li>\n<\/ul>\n<p><a href=\"https:\/\/mont-roig.cat\/wp-content\/uploads\/triptic_parietaria_ES_ok.pdf\"><img loading=\"lazy\" decoding=\"async\" class=\"alignright wp-image-31415\" src=\"https:\/\/mont-roig.cat\/wp-content\/uploads\/Parietaria_ESP.jpg\" alt=\"\" width=\"201\" height=\"421\" srcset=\"https:\/\/mont-roig.cat\/wp-content\/uploads\/Parietaria_ESP.jpg 597w, https:\/\/mont-roig.cat\/wp-content\/uploads\/Parietaria_ESP-239x500.jpg 239w, https:\/\/mont-roig.cat\/wp-content\/uploads\/Parietaria_ESP-489x1024.jpg 489w\" sizes=\"auto, (max-width: 201px) 100vw, 201px\" \/><\/a><\/p>\n<h4>Parietaria<\/h4>\n<p>Tambi\u00e9n conocida como hierba de muro, hierba caracolera o pelosilla, tiene un periodo de floraci\u00f3n prolongado, con un ciclo corto en oto\u00f1o y otro m\u00e1s largo a partir de febrero. Se trata de una de las plantas que causa mayor alergia entre la poblaci\u00f3n, de ah\u00ed que es importante que la poblaci\u00f3n conozca que se debe eliminar esta hierba, antes del principal ciclo de floraci\u00f3n. De hecho, debido a su peque\u00f1o tama\u00f1o, el polen se mantiene en la atm\u00f3sfera durante mucho tiempo y tiene mucha facilidad para desplazarse con el viento. Adem\u00e1s, con inviernos suaves, los problemas de alergia pueden seguir durante todo el a\u00f1o.<\/p>\n<p>Por este motivo el departamento de Medio Ambiente y Salud P\u00fablica ha puesto en marcha tambi\u00e9n una campa\u00f1a de prevenci\u00f3n y control de la hierba de la parietaria. Con este objetivo ha editado tr\u00edpticos informativos donde se dan a conocer algunas de las acciones que lleva a cabo el Ayuntamiento para controlar la proliferaci\u00f3n, consejos sobre acciones a realizar a nivel particular, el protocolo a seguir en caso de alergia , as\u00ed como informaci\u00f3n gen\u00e9rica sobre esta planta.<\/p>\n<p>La colaboraci\u00f3n ciudadana es imprescindible para eliminar las plantas de los espacios privados donde el Ayuntamiento no puede actuar.<\/p>\n<p>Por ello es importante<\/p>\n<ul>\n<li>Quitar las plantas de las paredes, fachadas, muros de piedra, tejados, huertos y acequias. Antes de arrancarlas se recomienda mojarlas con agua abundante.<\/li>\n<li>Para manipular las plantas se aconseja el uso de guantes, gafas protectoras y mascarilla.<\/li>\n<li>Al finalizar, es importante ducharse con agua y jab\u00f3n y poner la ropa en la lavadora para eliminar el polen que puede haber quedado en la piel y los tejidos.<\/li>\n<li><a href=\"https:\/\/mont-roig.cat\/wp-content\/uploads\/triptic_parietaria_ES_ok.pdf\" target=\"_blank\" rel=\"noopener\">Campa\u00f1a informativa prevenci\u00f3n y control parietaria<\/a><\/li>\n<\/ul>\n<h4>Insectos y roedores<\/h4>\n<p>El consistorio realiza peri\u00f3dicamente tratamientos de desratizaci\u00f3n y desinsectaci\u00f3n en diferentes zonas del municipio. En caso de que alg\u00fan vecino se encuentre afectado por alguna plaga de cucarachas, ratas o procesionaria, tiene que comunicarlo al Ayuntamiento para realizar los trabajos necesarios para erradicar la plaga.<\/p>\n<h4><img decoding=\"async\" class=\"requadre\" style=\"width: 250px; height: 208px; margin: 10px; float: right;\" title=\"Escarabajo picudo \" src=\"http:\/\/mont-roig.cat\/wp-content\/uploads\/Morrut_Palmeres.jpg\" alt=\"Escarabajo picudo \" \/><\/h4>\n<h4>Escarabajo picudo palmeras<\/h4>\n<p>El escarabajo picudo es un insecto que ataca las palmeras produciendo su muerte. En nuestro municipio sufrimos una plaga muy extensa que se propaga r\u00e1pidamente. Es por ello que pedimos a los propietarios de palmeras afectadas que lo comuniquen al Departamento de Medio Ambiente del Ayuntamiento para tomar las medidas apropiadas. En la web del <a href=\"http:\/\/agricultura.gencat.cat\/ca\">Departamento de Agricultura de la Generalitat<\/a> podr\u00e1 encontrar m\u00e1s informaci\u00f3n sobre c\u00f3mo erradicar esta plaga y reducir su impacto.<\/p>\n<h4>Perros<\/h4>\n<p>Para mantener una buena relaci\u00f3n entre vecinos, los propietarios de animales dom\u00e9sticos deber\u00e1n adoptar las medidas necesarias para impedir que la tranquilidad de sus vecinos sea alterada por el comportamiento de sus animales. Para m\u00e1s informaci\u00f3n consultar las ordenanzas municipales que tratan del tema.<\/p>\n<p>El Ayuntamiento de Mont-roig del Camp y el <em>Consell Comarcal del Baix Camp<\/em> tienen firmado un convenio para la recogida de animales abandonados en el municipio. Si encuentra un animal abandonado o ha perdido el suyo puede llamar a la Polic\u00eda Local para dar los datos en el tel\u00e9fono 977 83 88 73.<\/p>\n<p>Los animales recogidos se trasladan al refugio <a href=\"http:\/\/olescan.org\/\">Olescan<\/a>\u00a0(Camino de la fuente del Fusco s \/ n 08734 San Pedro Molanta &#8211; Barcelona). Tel\u00e9fonos de contacto: 605 111 882 \u00f3 648 508 105.<\/p>\n<\/div>\n","protected":false},"excerpt":{"rendered":"<p>Gatos El Ayuntamiento de Mont-roig del Camp ha puesto en marcha diversas medidas para velar por el bienestar de los gatos callejeros, regular su alimentaci\u00f3n y mejorar la convivencia con el vecindario. Los gatos de las colonias felinas son animales que, de la misma forma que el resto, est\u00e1n protegidos por la ley y deben [&hellip;]<\/p>\n","protected":false},"author":4,"featured_media":0,"parent":4316,"menu_order":0,"comment_status":"closed","ping_status":"closed","template":"","meta":{"inline_featured_image":false,"_monsterinsights_skip_tracking":false,"_monsterinsights_sitenote_active":false,"_monsterinsights_sitenote_note":"","_monsterinsights_sitenote_category":0,"footnotes":""},"class_list":["post-4317","page","type-page","status-publish","hentry"],"yoast_head":"<!-- This site is optimized with the Yoast SEO plugin v27.4 - https:\/\/yoast.com\/product\/yoast-seo-wordpress\/ -->\n<title>Animales y plagas - Ajuntament de Mont-roig del Camp<\/title>\n<meta name=\"robots\" content=\"index, follow, max-snippet:-1, max-image-preview:large, max-video-preview:-1\" \/>\n<link rel=\"canonical\" href=\"https:\/\/mont-roig.cat\/es\/ayuntamiento\/areas\/medio-ambiente-y-la-salud-publica\/animales-y-plagas\/\" \/>\n<meta property=\"og:locale\" content=\"es_ES\" \/>\n<meta property=\"og:type\" content=\"article\" \/>\n<meta property=\"og:title\" content=\"Animales y plagas - Ajuntament de Mont-roig del Camp\" \/>\n<meta property=\"og:description\" content=\"Gatos El Ayuntamiento de Mont-roig del Camp ha puesto en marcha diversas medidas para velar por el bienestar de los gatos callejeros, regular su alimentaci\u00f3n y mejorar la convivencia con el vecindario. Los gatos de las colonias felinas son animales que, de la misma forma que el resto, est\u00e1n protegidos por la ley y deben [&hellip;]\" \/>\n<meta property=\"og:url\" content=\"https:\/\/mont-roig.cat\/es\/ayuntamiento\/areas\/medio-ambiente-y-la-salud-publica\/animales-y-plagas\/\" \/>\n<meta property=\"og:site_name\" content=\"Ajuntament de Mont-roig del Camp\" \/>\n<meta property=\"article:modified_time\" content=\"2023-08-22T11:08:48+00:00\" \/>\n<meta property=\"og:image\" content=\"https:\/\/mont-roig.cat\/wp-content\/uploads\/Parietaria_ESP.jpg\" \/>\n<meta name=\"twitter:card\" content=\"summary_large_image\" \/>\n<meta name=\"twitter:label1\" content=\"Tiempo de lectura\" \/>\n\t<meta name=\"twitter:data1\" content=\"8 minutos\" \/>\n<script type=\"application\/ld+json\" class=\"yoast-schema-graph\">{\"@context\":\"https:\\\/\\\/schema.org\",\"@graph\":[{\"@type\":\"WebPage\",\"@id\":\"https:\\\/\\\/mont-roig.cat\\\/es\\\/ayuntamiento\\\/areas\\\/medio-ambiente-y-la-salud-publica\\\/animales-y-plagas\\\/\",\"url\":\"https:\\\/\\\/mont-roig.cat\\\/es\\\/ayuntamiento\\\/areas\\\/medio-ambiente-y-la-salud-publica\\\/animales-y-plagas\\\/\",\"name\":\"Animales y plagas - Ajuntament de Mont-roig del Camp\",\"isPartOf\":{\"@id\":\"https:\\\/\\\/mont-roig.cat\\\/es\\\/#website\"},\"primaryImageOfPage\":{\"@id\":\"https:\\\/\\\/mont-roig.cat\\\/es\\\/ayuntamiento\\\/areas\\\/medio-ambiente-y-la-salud-publica\\\/animales-y-plagas\\\/#primaryimage\"},\"image\":{\"@id\":\"https:\\\/\\\/mont-roig.cat\\\/es\\\/ayuntamiento\\\/areas\\\/medio-ambiente-y-la-salud-publica\\\/animales-y-plagas\\\/#primaryimage\"},\"thumbnailUrl\":\"https:\\\/\\\/mont-roig.cat\\\/wp-content\\\/uploads\\\/Parietaria_ESP.jpg\",\"datePublished\":\"2015-03-26T11:19:58+00:00\",\"dateModified\":\"2023-08-22T11:08:48+00:00\",\"breadcrumb\":{\"@id\":\"https:\\\/\\\/mont-roig.cat\\\/es\\\/ayuntamiento\\\/areas\\\/medio-ambiente-y-la-salud-publica\\\/animales-y-plagas\\\/#breadcrumb\"},\"inLanguage\":\"es\",\"potentialAction\":[{\"@type\":\"ReadAction\",\"target\":[\"https:\\\/\\\/mont-roig.cat\\\/es\\\/ayuntamiento\\\/areas\\\/medio-ambiente-y-la-salud-publica\\\/animales-y-plagas\\\/\"]}]},{\"@type\":\"ImageObject\",\"inLanguage\":\"es\",\"@id\":\"https:\\\/\\\/mont-roig.cat\\\/es\\\/ayuntamiento\\\/areas\\\/medio-ambiente-y-la-salud-publica\\\/animales-y-plagas\\\/#primaryimage\",\"url\":\"https:\\\/\\\/mont-roig.cat\\\/wp-content\\\/uploads\\\/Parietaria_ESP.jpg\",\"contentUrl\":\"https:\\\/\\\/mont-roig.cat\\\/wp-content\\\/uploads\\\/Parietaria_ESP.jpg\"},{\"@type\":\"BreadcrumbList\",\"@id\":\"https:\\\/\\\/mont-roig.cat\\\/es\\\/ayuntamiento\\\/areas\\\/medio-ambiente-y-la-salud-publica\\\/animales-y-plagas\\\/#breadcrumb\",\"itemListElement\":[{\"@type\":\"ListItem\",\"position\":1,\"name\":\"Inici\",\"item\":\"https:\\\/\\\/mont-roig.cat\\\/es\\\/pagina-de-inicio\\\/\"},{\"@type\":\"ListItem\",\"position\":2,\"name\":\"Ayuntamiento\",\"item\":\"https:\\\/\\\/mont-roig.cat\\\/es\\\/ayuntamiento\\\/\"},{\"@type\":\"ListItem\",\"position\":3,\"name\":\"\u00c1reas\",\"item\":\"https:\\\/\\\/mont-roig.cat\\\/es\\\/ayuntamiento\\\/areas\\\/\"},{\"@type\":\"ListItem\",\"position\":4,\"name\":\"Medio ambiente y la salud p\u00fablica\",\"item\":\"https:\\\/\\\/mont-roig.cat\\\/es\\\/ayuntamiento\\\/areas\\\/medio-ambiente-y-la-salud-publica\\\/\"},{\"@type\":\"ListItem\",\"position\":5,\"name\":\"Animales y plagas\"}]},{\"@type\":\"WebSite\",\"@id\":\"https:\\\/\\\/mont-roig.cat\\\/es\\\/#website\",\"url\":\"https:\\\/\\\/mont-roig.cat\\\/es\\\/\",\"name\":\"Ajuntament de Mont-roig del Camp\",\"description\":\"Tota la informaci\u00f3 sobre la instituci\u00f3, els seus \u00f2rgans de govern, actualitat, serveis i molt m\u00e9s.\",\"potentialAction\":[{\"@type\":\"SearchAction\",\"target\":{\"@type\":\"EntryPoint\",\"urlTemplate\":\"https:\\\/\\\/mont-roig.cat\\\/es\\\/?s={search_term_string}\"},\"query-input\":{\"@type\":\"PropertyValueSpecification\",\"valueRequired\":true,\"valueName\":\"search_term_string\"}}],\"inLanguage\":\"es\"}]}<\/script>\n<!-- \/ Yoast SEO plugin. -->","yoast_head_json":{"title":"Animales y plagas - Ajuntament de Mont-roig del Camp","robots":{"index":"index","follow":"follow","max-snippet":"max-snippet:-1","max-image-preview":"max-image-preview:large","max-video-preview":"max-video-preview:-1"},"canonical":"https:\/\/mont-roig.cat\/es\/ayuntamiento\/areas\/medio-ambiente-y-la-salud-publica\/animales-y-plagas\/","og_locale":"es_ES","og_type":"article","og_title":"Animales y plagas - Ajuntament de Mont-roig del Camp","og_description":"Gatos El Ayuntamiento de Mont-roig del Camp ha puesto en marcha diversas medidas para velar por el bienestar de los gatos callejeros, regular su alimentaci\u00f3n y mejorar la convivencia con el vecindario. Los gatos de las colonias felinas son animales que, de la misma forma que el resto, est\u00e1n protegidos por la ley y deben [&hellip;]","og_url":"https:\/\/mont-roig.cat\/es\/ayuntamiento\/areas\/medio-ambiente-y-la-salud-publica\/animales-y-plagas\/","og_site_name":"Ajuntament de Mont-roig del Camp","article_modified_time":"2023-08-22T11:08:48+00:00","og_image":[{"url":"https:\/\/mont-roig.cat\/wp-content\/uploads\/Parietaria_ESP.jpg","type":"","width":"","height":""}],"twitter_card":"summary_large_image","twitter_misc":{"Tiempo de lectura":"8 minutos"},"schema":{"@context":"https:\/\/schema.org","@graph":[{"@type":"WebPage","@id":"https:\/\/mont-roig.cat\/es\/ayuntamiento\/areas\/medio-ambiente-y-la-salud-publica\/animales-y-plagas\/","url":"https:\/\/mont-roig.cat\/es\/ayuntamiento\/areas\/medio-ambiente-y-la-salud-publica\/animales-y-plagas\/","name":"Animales y plagas - Ajuntament de Mont-roig del Camp","isPartOf":{"@id":"https:\/\/mont-roig.cat\/es\/#website"},"primaryImageOfPage":{"@id":"https:\/\/mont-roig.cat\/es\/ayuntamiento\/areas\/medio-ambiente-y-la-salud-publica\/animales-y-plagas\/#primaryimage"},"image":{"@id":"https:\/\/mont-roig.cat\/es\/ayuntamiento\/areas\/medio-ambiente-y-la-salud-publica\/animales-y-plagas\/#primaryimage"},"thumbnailUrl":"https:\/\/mont-roig.cat\/wp-content\/uploads\/Parietaria_ESP.jpg","datePublished":"2015-03-26T11:19:58+00:00","dateModified":"2023-08-22T11:08:48+00:00","breadcrumb":{"@id":"https:\/\/mont-roig.cat\/es\/ayuntamiento\/areas\/medio-ambiente-y-la-salud-publica\/animales-y-plagas\/#breadcrumb"},"inLanguage":"es","potentialAction":[{"@type":"ReadAction","target":["https:\/\/mont-roig.cat\/es\/ayuntamiento\/areas\/medio-ambiente-y-la-salud-publica\/animales-y-plagas\/"]}]},{"@type":"ImageObject","inLanguage":"es","@id":"https:\/\/mont-roig.cat\/es\/ayuntamiento\/areas\/medio-ambiente-y-la-salud-publica\/animales-y-plagas\/#primaryimage","url":"https:\/\/mont-roig.cat\/wp-content\/uploads\/Parietaria_ESP.jpg","contentUrl":"https:\/\/mont-roig.cat\/wp-content\/uploads\/Parietaria_ESP.jpg"},{"@type":"BreadcrumbList","@id":"https:\/\/mont-roig.cat\/es\/ayuntamiento\/areas\/medio-ambiente-y-la-salud-publica\/animales-y-plagas\/#breadcrumb","itemListElement":[{"@type":"ListItem","position":1,"name":"Inici","item":"https:\/\/mont-roig.cat\/es\/pagina-de-inicio\/"},{"@type":"ListItem","position":2,"name":"Ayuntamiento","item":"https:\/\/mont-roig.cat\/es\/ayuntamiento\/"},{"@type":"ListItem","position":3,"name":"\u00c1reas","item":"https:\/\/mont-roig.cat\/es\/ayuntamiento\/areas\/"},{"@type":"ListItem","position":4,"name":"Medio ambiente y la salud p\u00fablica","item":"https:\/\/mont-roig.cat\/es\/ayuntamiento\/areas\/medio-ambiente-y-la-salud-publica\/"},{"@type":"ListItem","position":5,"name":"Animales y plagas"}]},{"@type":"WebSite","@id":"https:\/\/mont-roig.cat\/es\/#website","url":"https:\/\/mont-roig.cat\/es\/","name":"Ajuntament de Mont-roig del Camp","description":"Tota la informaci\u00f3 sobre la instituci\u00f3, els seus \u00f2rgans de govern, actualitat, serveis i molt m\u00e9s.","potentialAction":[{"@type":"SearchAction","target":{"@type":"EntryPoint","urlTemplate":"https:\/\/mont-roig.cat\/es\/?s={search_term_string}"},"query-input":{"@type":"PropertyValueSpecification","valueRequired":true,"valueName":"search_term_string"}}],"inLanguage":"es"}]}},"_links":{"self":[{"href":"https:\/\/mont-roig.cat\/es\/wp-json\/wp\/v2\/pages\/4317","targetHints":{"allow":["GET"]}}],"collection":[{"href":"https:\/\/mont-roig.cat\/es\/wp-json\/wp\/v2\/pages"}],"about":[{"href":"https:\/\/mont-roig.cat\/es\/wp-json\/wp\/v2\/types\/page"}],"author":[{"embeddable":true,"href":"https:\/\/mont-roig.cat\/es\/wp-json\/wp\/v2\/users\/4"}],"replies":[{"embeddable":true,"href":"https:\/\/mont-roig.cat\/es\/wp-json\/wp\/v2\/comments?post=4317"}],"version-history":[{"count":13,"href":"https:\/\/mont-roig.cat\/es\/wp-json\/wp\/v2\/pages\/4317\/revisions"}],"predecessor-version":[{"id":71895,"href":"https:\/\/mont-roig.cat\/es\/wp-json\/wp\/v2\/pages\/4317\/revisions\/71895"}],"up":[{"embeddable":true,"href":"https:\/\/mont-roig.cat\/es\/wp-json\/wp\/v2\/pages\/4316"}],"wp:attachment":[{"href":"https:\/\/mont-roig.cat\/es\/wp-json\/wp\/v2\/media?parent=4317"}],"curies":[{"name":"wp","href":"https:\/\/api.w.org\/{rel}","templated":true}]}}