{"id":4318,"date":"2015-02-02T21:21:57","date_gmt":"2015-02-02T21:21:57","guid":{"rendered":""},"modified":"2025-09-30T13:42:16","modified_gmt":"2025-09-30T11:42:16","slug":"limpieza-y-residuos","status":"publish","type":"page","link":"https:\/\/mont-roig.cat\/es\/ayuntamiento\/areas\/limpieza-y-residuos\/","title":{"rendered":"Limpieza y residuos"},"content":{"rendered":"<div class=\"wpb-content-wrapper\">[vc_row][vc_column][vc_column_text]\n<div class=\"body\">\n<p>La Consejer\u00eda de Residuos, Limpieza Viaria y Energ\u00eda y Transici\u00f3n Ecol\u00f3gica del Ayuntamiento de Mont-roig del Camp trabaja para alinear al municipio con los Objetivos de Desarrollo Sostenible (ODS) de las Naciones Unidas.<\/p>\n<p><a href=\"https:\/\/mont-roig.cat\/wp-content\/uploads\/logo-reduir-i-reciclar.png\"><img loading=\"lazy\" decoding=\"async\" class=\"alignright wp-image-55260\" src=\"https:\/\/mont-roig.cat\/wp-content\/uploads\/logo-reduir-i-reciclar-500x500.png\" alt=\"\" width=\"300\" height=\"300\" srcset=\"https:\/\/mont-roig.cat\/wp-content\/uploads\/logo-reduir-i-reciclar-500x500.png 500w, https:\/\/mont-roig.cat\/wp-content\/uploads\/logo-reduir-i-reciclar-1024x1024.png 1024w, https:\/\/mont-roig.cat\/wp-content\/uploads\/logo-reduir-i-reciclar-50x50.png 50w, https:\/\/mont-roig.cat\/wp-content\/uploads\/logo-reduir-i-reciclar-768x768.png 768w, https:\/\/mont-roig.cat\/wp-content\/uploads\/logo-reduir-i-reciclar-560x560.png 560w, https:\/\/mont-roig.cat\/wp-content\/uploads\/logo-reduir-i-reciclar-367x367.png 367w, https:\/\/mont-roig.cat\/wp-content\/uploads\/logo-reduir-i-reciclar-450x450.png 450w, https:\/\/mont-roig.cat\/wp-content\/uploads\/logo-reduir-i-reciclar-85x85.png 85w, https:\/\/mont-roig.cat\/wp-content\/uploads\/logo-reduir-i-reciclar-45x45.png 45w, https:\/\/mont-roig.cat\/wp-content\/uploads\/logo-reduir-i-reciclar.png 1484w\" sizes=\"auto, (max-width: 300px) 100vw, 300px\" \/><\/a>Reduir i reciclar, Tot \u00e9s comen\u00e7ar es una iniciativa que incluye:<\/p>\n<ul>\n<li>La corresponsabilidad de los ciudadanos, los establecimientos comerciales y todos los factores implicados<\/li>\n<li>Acciones y herramientas de sensibilizaci\u00f3n para facilitar la prevenci\u00f3n y el reciclaje<\/li>\n<li>Innovaciones en el sistema de recogida de residuos<\/li>\n<li>Medidas contra la incivilidad y los vertidos incontrolados<\/li>\n<li>Mejora de la transparencia y el seguimiento de los servicios<\/li>\n<\/ul>\n<p>La Consejer\u00eda de Residuos, Energ\u00eda y Transici\u00f3n Ecol\u00f3gica promueve este cambio, con el objetivo de conseguir un servicio que responda a los retos medioambientales pero tambi\u00e9n econ\u00f3micamente sostenible, adaptado a los factores de acondicionamiento del territorio y con la corresponsabilidad de todos los agentes implicados.<\/p>\n<p>Para mejorar la situaci\u00f3n actual en el municipio:<\/p>\n<ul>\n<li>La recaudaci\u00f3n selectiva se sit\u00faa en el 27%, muy por debajo del objetivo del 60% en Catalu\u00f1a para 2020<\/li>\n<li>El coste del tratamiento de residuos ha aumentado de 576.000 \u20ac a 1.095.000 \u20ac en los \u00faltimos 4 a\u00f1os<\/li>\n<li>El servicio no es suficiente ni se adapta a las particularidades del municipio<\/li>\n<li>Los vertidos incontrolados, especialmente los de poda y voluminosos, tienen un coste econ\u00f3mico muy alto<\/li>\n<\/ul>\n<p>\u00a1Y hacer nuestro municipio m\u00e1s sostenible y para la gente!<\/p>\n<p>En el sitio web de <a href=\"https:\/\/reduirireciclar.mont-roig.cat\/es\/inicio\/\">Reduir i Reciclar<\/a> encontrar\u00e1s toda la informaci\u00f3n disponible sobre las campa\u00f1as que se est\u00e1n llevando a cabo y c\u00f3mo unirte a ellas.<\/p>\n<ul>\n<li><strong>Inf\u00f3rmate sobre el nuevo servicio de recogida puerta a puerta. Clica en la imagen.\u00a0<\/strong><\/li>\n<\/ul>\n<p><a href=\"https:\/\/reduirireciclar.mont-roig.cat\/es\/project\/recogida-puerta-a-puerta\/\"><img loading=\"lazy\" decoding=\"async\" class=\"alignleft wp-image-71820 size-medium\" src=\"https:\/\/mont-roig.cat\/wp-content\/uploads\/Banner-PaP-CAST-1-500x125.png\" alt=\"\" width=\"500\" height=\"125\" srcset=\"https:\/\/mont-roig.cat\/wp-content\/uploads\/Banner-PaP-CAST-1-500x125.png 500w, https:\/\/mont-roig.cat\/wp-content\/uploads\/Banner-PaP-CAST-1-1024x256.png 1024w, https:\/\/mont-roig.cat\/wp-content\/uploads\/Banner-PaP-CAST-1-768x192.png 768w, https:\/\/mont-roig.cat\/wp-content\/uploads\/Banner-PaP-CAST-1-1536x384.png 1536w, https:\/\/mont-roig.cat\/wp-content\/uploads\/Banner-PaP-CAST-1.png 1584w\" sizes=\"auto, (max-width: 500px) 100vw, 500px\" \/><\/a><\/p>\n<p>&nbsp;<\/p>\n<p>&nbsp;<\/p>\n<p>&nbsp;<\/p>\n<p>&nbsp;<\/p>\n<p><strong>RECOGIDA DE RESIDUOS<\/strong><\/p>\n<p>Desde el Ayuntamiento te animamos a reducir los residuos que generas, s\u00f3lo as\u00ed conseguiremos consumir menos recursos naturales y preservar el medio ambiente.<\/p>\n<p>Sin embargo, hay residuos que son inevitables, en cuyo caso los separalos correctamente. Si no est\u00e1 seguro de c\u00f3mo separar adecuadamente los residuos aqu\u00ed, le ayudamos<\/p>\n<ul>\n<li><a href=\"https:\/\/reduirireciclar.mont-roig.cat\/es\/separamos-los-residuos-correctamente\/\">Informaci\u00f3n selectiva sobre recogida selectiva de residuos<\/a><\/li>\n<\/ul>\n<p><strong>GESTI\u00d3N DE ELIMINACI\u00d3N DE RESIDUOS<\/strong><\/p>\n<p>Todos esos residuos especiales como neum\u00e1ticos, fluorescentes, bater\u00edas, disolventes, pinturas, p\u00edlas, voluminosos, muebles, metales, aceites, ordenadores o restos de construcci\u00f3n, as\u00ed como restos de poda y jardiner\u00eda, siempre de particular origen, pueden ser llevados a los puntos limpios municipales.<\/p>\n<p>Cada residuo tiene una cierta secci\u00f3n del basurero. Posteriormente se env\u00edan a las plantas de tratamiento correspondientes para ser tratadas y\/o recicladas. El basurero es un servicio dirigido a ciudadanos e individuos. Los profesionales y las empresas deben hacerse cargo de los residuos que generan y gestionarlos correctamente de acuerdo con la normativa vigente.<\/p>\n<p><strong>Punto temporal de transferencia de residuos en Mont-roig<\/strong><\/p>\n<p>Entre la calle de 1 de octubre y calle Aureli M. Escarr\u00e9<\/p>\n<p>Horario: De martes a s\u00e1bado de 9 a 14h y de 16h a 18h<\/p>\n<p><strong>Punto Limpio de Miami Platja<\/strong><\/p>\n<p>Avenida Veracruz (en la parte trasera del cementerio miami Platja, pol\u00edgono 17, parcela 74)<\/p>\n<p>Horario: De martes a s\u00e1bado de 9 a 14h y de 16h a 18h<\/p>\n<p>&nbsp;<\/p>\n<\/div>\n<p>Para solicitar la recogida de muebles y residuos voluminosos puerta a puerta, llamar <strong>de lunes a viernes de 8 a 15<\/strong><strong>h\u00a0<\/strong>al 607 159 243<\/p>\n[\/vc_column_text][vc_column_text]Trabajamos para facilitar el reciclaje y recuperaci\u00f3n de todos los residuos. El siguiente mapa se refiere a varios puntos de inter\u00e9s de la recogida de residuos que no pueden depositarse en contenedores de recogida selectiva convencionales, como el aceite dom\u00e9stico usado o los residuos textiles.[\/vc_column_text][vc_raw_html]JTNDaWZyYW1lJTIwd2lkdGglM0QlMjIxMDAlMjUlMjIlMjBoZWlnaHQlM0QlMjI2MDAlMjIlMjBmcmFtZWJvcmRlciUzRCUyMjAlMjIlMjBzY3JvbGxpbmclM0QlMjJubyUyMiUyMG1hcmdpbmhlaWdodCUzRCUyMjAlMjIlMjBtYXJnaW53aWR0aCUzRCUyMjAlMjIlMjBzcmMlM0QlMjIlMkZtYXBhLXJlY2ljbGF0Z2UlM0ZsJTNEZXMlMjIlM0UlM0NhJTIwdGFyZ2V0JTNEJTIyX2JsYW5rJTIyJTIwaHJlZiUzRCUyMiUyRm1hcGEtcmVjaWNsYXRnZSUzRmwlM0RlcyUyMiUzRUFicmlyJTIwZWwlMjBtYXBhJTNDJTJGYSUzRSUzQyUyRmlmcmFtZSUzRQ==[\/vc_raw_html][vc_column_text]\n<ul class=\"llegenda\">\n<li class=\"deixalleria\">Centro de recogida municipal<\/li>\n<li class=\"mini\">Minicentros de reciclaje (CDs y DVDs, cartuchos de tinta, m\u00f3viles, c\u00e1maras de fotos, pilas, bater\u00edas, bol\u00edgrafos, bombillas, etc.)<\/li>\n<li class=\"textil\">Contenedores para la recogida del residuo textil<\/li>\n<li class=\"oli\">Contenedores para la recogida del aceite dom\u00e9stico usado<\/li>\n<li class=\"veg\">Contenedores para la recogida del residuo vegetal<\/li>\n<\/ul>\n[\/vc_column_text][vc_column_text css=&#8221;&#8221;]<strong>BUZ\u00d3N DE INCIDENCIAS<\/strong><\/p>\n<p>La Consejer\u00eda de Residuos y Limpieza Viaria dispone de un buz\u00f3n de correo electr\u00f3nico para atender las incidencias detectadas en materia de recogida de basuras y limpieza viaria.<\/p>\n<p>El objetivo es que los ciudadanos puedan enviar directamente al Ayuntamiento todas aquellas quejas o sugerencias que tengan en relaci\u00f3n con el servicio. La direcci\u00f3n de correo electr\u00f3nico es <a href=\"http:\/\/reduirireciclar@mont-roig.cat.\">reduirireciclar@mont-roig.cat<\/a>.<\/p>\n<div class=\"field_page_imatge\"><\/div>\n<div class=\"field_page_imatge\">\n<div class=\"body\">\n<div class=\"field_page_imatge\"><\/div>\n<\/div>\n<\/div>\n[\/vc_column_text][vc_column_text css=&#8221;&#8221;]<strong>Preguntas frecuentes (FAQS)<\/strong><\/p>\n<p>A trav\u00e9s de una relaci\u00f3n de preguntas y respuestas (FAQS), el Ayuntamiento explica a la ciudadan\u00eda los motivos de la subida del recibo, los costes y mejoras del servicio, los porcentajes actuales de reciclaje, as\u00ed como la implantaci\u00f3n de la tasa justa.<\/p>\n<ul>\n<li>FAQS <a href=\"https:\/\/mont-roig.cat\/wp-content\/uploads\/FAQS-BASURA-ESP-1.pdf\" target=\"_blank\" rel=\"noopener\">(descarga el pdf)<\/a><\/li>\n<\/ul>\n[\/vc_column_text][\/vc_column][\/vc_row]\n<\/div>","protected":false},"excerpt":{"rendered":"<p>[vc_row][vc_column][vc_column_text] La Consejer\u00eda de Residuos, Limpieza Viaria y Energ\u00eda y Transici\u00f3n Ecol\u00f3gica del Ayuntamiento de Mont-roig del Camp trabaja para alinear al municipio con los Objetivos de Desarrollo Sostenible (ODS) de las Naciones Unidas. Reduir i reciclar, Tot \u00e9s comen\u00e7ar es una iniciativa que incluye: La corresponsabilidad de los ciudadanos, los establecimientos comerciales y todos [&hellip;]<\/p>\n","protected":false},"author":4,"featured_media":0,"parent":4248,"menu_order":0,"comment_status":"closed","ping_status":"closed","template":"","meta":{"inline_featured_image":false,"_monsterinsights_skip_tracking":false,"_monsterinsights_sitenote_active":false,"_monsterinsights_sitenote_note":"","_monsterinsights_sitenote_category":0,"footnotes":""},"class_list":["post-4318","page","type-page","status-publish","hentry"],"yoast_head":"<!-- This site is optimized with the Yoast SEO plugin v27.1.1 - https:\/\/yoast.com\/product\/yoast-seo-wordpress\/ -->\n<title>Limpieza y residuos - Ajuntament de Mont-roig del Camp<\/title>\n<meta name=\"robots\" content=\"index, follow, max-snippet:-1, max-image-preview:large, max-video-preview:-1\" \/>\n<link rel=\"canonical\" href=\"https:\/\/mont-roig.cat\/es\/ayuntamiento\/areas\/limpieza-y-residuos\/\" \/>\n<meta property=\"og:locale\" content=\"es_ES\" \/>\n<meta property=\"og:type\" content=\"article\" \/>\n<meta property=\"og:title\" content=\"Limpieza y residuos - Ajuntament de Mont-roig del Camp\" \/>\n<meta property=\"og:description\" content=\"[vc_row][vc_column][vc_column_text] La Consejer\u00eda de Residuos, Limpieza Viaria y Energ\u00eda y Transici\u00f3n Ecol\u00f3gica del Ayuntamiento de Mont-roig del Camp trabaja para alinear al municipio con los Objetivos de Desarrollo Sostenible (ODS) de las Naciones Unidas. Reduir i reciclar, Tot \u00e9s comen\u00e7ar es una iniciativa que incluye: La corresponsabilidad de los ciudadanos, los establecimientos comerciales y todos [&hellip;]\" \/>\n<meta property=\"og:url\" content=\"https:\/\/mont-roig.cat\/es\/ayuntamiento\/areas\/limpieza-y-residuos\/\" \/>\n<meta property=\"og:site_name\" content=\"Ajuntament de Mont-roig del Camp\" \/>\n<meta property=\"article:modified_time\" content=\"2025-09-30T11:42:16+00:00\" \/>\n<meta property=\"og:image\" content=\"https:\/\/mont-roig.cat\/wp-content\/uploads\/logo-reduir-i-reciclar.png\" \/>\n\t<meta property=\"og:image:width\" content=\"1484\" \/>\n\t<meta property=\"og:image:height\" content=\"1484\" \/>\n\t<meta property=\"og:image:type\" content=\"image\/png\" \/>\n<meta name=\"twitter:card\" content=\"summary_large_image\" \/>\n<meta name=\"twitter:label1\" content=\"Tiempo de lectura\" \/>\n\t<meta name=\"twitter:data1\" content=\"5 minutos\" \/>\n<script type=\"application\/ld+json\" class=\"yoast-schema-graph\">{\"@context\":\"https:\/\/schema.org\",\"@graph\":[{\"@type\":\"WebPage\",\"@id\":\"https:\/\/mont-roig.cat\/es\/ayuntamiento\/areas\/limpieza-y-residuos\/\",\"url\":\"https:\/\/mont-roig.cat\/es\/ayuntamiento\/areas\/limpieza-y-residuos\/\",\"name\":\"Limpieza y residuos - Ajuntament de Mont-roig del Camp\",\"isPartOf\":{\"@id\":\"https:\/\/mont-roig.cat\/es\/#website\"},\"primaryImageOfPage\":{\"@id\":\"https:\/\/mont-roig.cat\/es\/ayuntamiento\/areas\/limpieza-y-residuos\/#primaryimage\"},\"image\":{\"@id\":\"https:\/\/mont-roig.cat\/es\/ayuntamiento\/areas\/limpieza-y-residuos\/#primaryimage\"},\"thumbnailUrl\":\"https:\/\/mont-roig.cat\/wp-content\/uploads\/logo-reduir-i-reciclar-500x500.png\",\"datePublished\":\"2015-02-02T21:21:57+00:00\",\"dateModified\":\"2025-09-30T11:42:16+00:00\",\"breadcrumb\":{\"@id\":\"https:\/\/mont-roig.cat\/es\/ayuntamiento\/areas\/limpieza-y-residuos\/#breadcrumb\"},\"inLanguage\":\"es\",\"potentialAction\":[{\"@type\":\"ReadAction\",\"target\":[\"https:\/\/mont-roig.cat\/es\/ayuntamiento\/areas\/limpieza-y-residuos\/\"]}]},{\"@type\":\"ImageObject\",\"inLanguage\":\"es\",\"@id\":\"https:\/\/mont-roig.cat\/es\/ayuntamiento\/areas\/limpieza-y-residuos\/#primaryimage\",\"url\":\"https:\/\/mont-roig.cat\/wp-content\/uploads\/logo-reduir-i-reciclar-500x500.png\",\"contentUrl\":\"https:\/\/mont-roig.cat\/wp-content\/uploads\/logo-reduir-i-reciclar-500x500.png\"},{\"@type\":\"BreadcrumbList\",\"@id\":\"https:\/\/mont-roig.cat\/es\/ayuntamiento\/areas\/limpieza-y-residuos\/#breadcrumb\",\"itemListElement\":[{\"@type\":\"ListItem\",\"position\":1,\"name\":\"Inici\",\"item\":\"https:\/\/mont-roig.cat\/es\/pagina-de-inicio\/\"},{\"@type\":\"ListItem\",\"position\":2,\"name\":\"Ayuntamiento\",\"item\":\"https:\/\/mont-roig.cat\/es\/ayuntamiento\/\"},{\"@type\":\"ListItem\",\"position\":3,\"name\":\"\u00c1reas\",\"item\":\"https:\/\/mont-roig.cat\/es\/ayuntamiento\/areas\/\"},{\"@type\":\"ListItem\",\"position\":4,\"name\":\"Limpieza y residuos\"}]},{\"@type\":\"WebSite\",\"@id\":\"https:\/\/mont-roig.cat\/es\/#website\",\"url\":\"https:\/\/mont-roig.cat\/es\/\",\"name\":\"Ajuntament de Mont-roig del Camp\",\"description\":\"Tota la informaci\u00f3 sobre la instituci\u00f3, els seus \u00f2rgans de govern, actualitat, serveis i molt m\u00e9s.\",\"potentialAction\":[{\"@type\":\"SearchAction\",\"target\":{\"@type\":\"EntryPoint\",\"urlTemplate\":\"https:\/\/mont-roig.cat\/es\/?s={search_term_string}\"},\"query-input\":{\"@type\":\"PropertyValueSpecification\",\"valueRequired\":true,\"valueName\":\"search_term_string\"}}],\"inLanguage\":\"es\"}]}<\/script>\n<!-- \/ Yoast SEO plugin. -->","yoast_head_json":{"title":"Limpieza y residuos - Ajuntament de Mont-roig del Camp","robots":{"index":"index","follow":"follow","max-snippet":"max-snippet:-1","max-image-preview":"max-image-preview:large","max-video-preview":"max-video-preview:-1"},"canonical":"https:\/\/mont-roig.cat\/es\/ayuntamiento\/areas\/limpieza-y-residuos\/","og_locale":"es_ES","og_type":"article","og_title":"Limpieza y residuos - Ajuntament de Mont-roig del Camp","og_description":"[vc_row][vc_column][vc_column_text] La Consejer\u00eda de Residuos, Limpieza Viaria y Energ\u00eda y Transici\u00f3n Ecol\u00f3gica del Ayuntamiento de Mont-roig del Camp trabaja para alinear al municipio con los Objetivos de Desarrollo Sostenible (ODS) de las Naciones Unidas. Reduir i reciclar, Tot \u00e9s comen\u00e7ar es una iniciativa que incluye: La corresponsabilidad de los ciudadanos, los establecimientos comerciales y todos [&hellip;]","og_url":"https:\/\/mont-roig.cat\/es\/ayuntamiento\/areas\/limpieza-y-residuos\/","og_site_name":"Ajuntament de Mont-roig del Camp","article_modified_time":"2025-09-30T11:42:16+00:00","og_image":[{"width":1484,"height":1484,"url":"https:\/\/mont-roig.cat\/wp-content\/uploads\/logo-reduir-i-reciclar.png","type":"image\/png"}],"twitter_card":"summary_large_image","twitter_misc":{"Tiempo de lectura":"5 minutos"},"schema":{"@context":"https:\/\/schema.org","@graph":[{"@type":"WebPage","@id":"https:\/\/mont-roig.cat\/es\/ayuntamiento\/areas\/limpieza-y-residuos\/","url":"https:\/\/mont-roig.cat\/es\/ayuntamiento\/areas\/limpieza-y-residuos\/","name":"Limpieza y residuos - Ajuntament de Mont-roig del Camp","isPartOf":{"@id":"https:\/\/mont-roig.cat\/es\/#website"},"primaryImageOfPage":{"@id":"https:\/\/mont-roig.cat\/es\/ayuntamiento\/areas\/limpieza-y-residuos\/#primaryimage"},"image":{"@id":"https:\/\/mont-roig.cat\/es\/ayuntamiento\/areas\/limpieza-y-residuos\/#primaryimage"},"thumbnailUrl":"https:\/\/mont-roig.cat\/wp-content\/uploads\/logo-reduir-i-reciclar-500x500.png","datePublished":"2015-02-02T21:21:57+00:00","dateModified":"2025-09-30T11:42:16+00:00","breadcrumb":{"@id":"https:\/\/mont-roig.cat\/es\/ayuntamiento\/areas\/limpieza-y-residuos\/#breadcrumb"},"inLanguage":"es","potentialAction":[{"@type":"ReadAction","target":["https:\/\/mont-roig.cat\/es\/ayuntamiento\/areas\/limpieza-y-residuos\/"]}]},{"@type":"ImageObject","inLanguage":"es","@id":"https:\/\/mont-roig.cat\/es\/ayuntamiento\/areas\/limpieza-y-residuos\/#primaryimage","url":"https:\/\/mont-roig.cat\/wp-content\/uploads\/logo-reduir-i-reciclar-500x500.png","contentUrl":"https:\/\/mont-roig.cat\/wp-content\/uploads\/logo-reduir-i-reciclar-500x500.png"},{"@type":"BreadcrumbList","@id":"https:\/\/mont-roig.cat\/es\/ayuntamiento\/areas\/limpieza-y-residuos\/#breadcrumb","itemListElement":[{"@type":"ListItem","position":1,"name":"Inici","item":"https:\/\/mont-roig.cat\/es\/pagina-de-inicio\/"},{"@type":"ListItem","position":2,"name":"Ayuntamiento","item":"https:\/\/mont-roig.cat\/es\/ayuntamiento\/"},{"@type":"ListItem","position":3,"name":"\u00c1reas","item":"https:\/\/mont-roig.cat\/es\/ayuntamiento\/areas\/"},{"@type":"ListItem","position":4,"name":"Limpieza y residuos"}]},{"@type":"WebSite","@id":"https:\/\/mont-roig.cat\/es\/#website","url":"https:\/\/mont-roig.cat\/es\/","name":"Ajuntament de Mont-roig del Camp","description":"Tota la informaci\u00f3 sobre la instituci\u00f3, els seus \u00f2rgans de govern, actualitat, serveis i molt m\u00e9s.","potentialAction":[{"@type":"SearchAction","target":{"@type":"EntryPoint","urlTemplate":"https:\/\/mont-roig.cat\/es\/?s={search_term_string}"},"query-input":{"@type":"PropertyValueSpecification","valueRequired":true,"valueName":"search_term_string"}}],"inLanguage":"es"}]}},"_links":{"self":[{"href":"https:\/\/mont-roig.cat\/es\/wp-json\/wp\/v2\/pages\/4318","targetHints":{"allow":["GET"]}}],"collection":[{"href":"https:\/\/mont-roig.cat\/es\/wp-json\/wp\/v2\/pages"}],"about":[{"href":"https:\/\/mont-roig.cat\/es\/wp-json\/wp\/v2\/types\/page"}],"author":[{"embeddable":true,"href":"https:\/\/mont-roig.cat\/es\/wp-json\/wp\/v2\/users\/4"}],"replies":[{"embeddable":true,"href":"https:\/\/mont-roig.cat\/es\/wp-json\/wp\/v2\/comments?post=4318"}],"version-history":[{"count":46,"href":"https:\/\/mont-roig.cat\/es\/wp-json\/wp\/v2\/pages\/4318\/revisions"}],"predecessor-version":[{"id":85798,"href":"https:\/\/mont-roig.cat\/es\/wp-json\/wp\/v2\/pages\/4318\/revisions\/85798"}],"up":[{"embeddable":true,"href":"https:\/\/mont-roig.cat\/es\/wp-json\/wp\/v2\/pages\/4248"}],"wp:attachment":[{"href":"https:\/\/mont-roig.cat\/es\/wp-json\/wp\/v2\/media?parent=4318"}],"curies":[{"name":"wp","href":"https:\/\/api.w.org\/{rel}","templated":true}]}}