{"id":4321,"date":"2015-02-02T20:47:55","date_gmt":"2015-02-02T20:47:55","guid":{"rendered":""},"modified":"2025-05-20T12:04:00","modified_gmt":"2025-05-20T10:04:00","slug":"bolsa-de-trabajo","status":"publish","type":"page","link":"https:\/\/mont-roig.cat\/es\/ayuntamiento\/areas\/impulso-economico-y-ocupacion\/bolsa-de-trabajo\/","title":{"rendered":"Bolsa de trabajo"},"content":{"rendered":"<div class=\"body\">\n<p>La<strong> Bolsa de Trabajo Municipal <\/strong>es un servicio gratuito ofrecido desde el \u00c1rea de Promoci\u00f3n Econ\u00f3mica del Ayuntamiento de Mont-roig del Camp con el objetivo de incidir en el mercado laboral, y que gestiona y da servicio a personas desempleadas y a empresas, haciendo de intermediario entre las personas demandantes de empleo y las empresas que ofrecen puestos de trabajo.<\/p>\n<p><strong>Si buscas o ofreces trabajo, inscr\u00edbete en la BTM a trav\u00e9s de este enlace y consulta o publica tus ofertas:<\/strong><\/p>\n<h5><a href=\"https:\/\/mont-roig.cat\/borsa-treball\/\"><img loading=\"lazy\" decoding=\"async\" class=\"alignleft wp-image-37135\" src=\"https:\/\/mont-roig.cat\/wp-content\/uploads\/Bolsa-de-trabajo-municipal_.png\" alt=\"\" width=\"654\" height=\"148\" srcset=\"https:\/\/mont-roig.cat\/wp-content\/uploads\/Bolsa-de-trabajo-municipal_.png 1920w, https:\/\/mont-roig.cat\/wp-content\/uploads\/Bolsa-de-trabajo-municipal_-500x113.png 500w, https:\/\/mont-roig.cat\/wp-content\/uploads\/Bolsa-de-trabajo-municipal_-768x174.png 768w, https:\/\/mont-roig.cat\/wp-content\/uploads\/Bolsa-de-trabajo-municipal_-1024x232.png 1024w\" sizes=\"auto, (max-width: 654px) 100vw, 654px\" \/><\/a><\/h5>\n<p>&nbsp;<\/p>\n<p>&nbsp;<\/p>\n<p>&nbsp;<\/p>\n<p>&nbsp;<\/p>\n<p>&nbsp;<\/p>\n<p>Adem\u00e1s, te ofrecemos soporte para la b\u00fasqueda activa de trabajo, con recursos y orientaci\u00f3n personalizada. Puedes acceder a este servicio en el ECOESPAI (Pl. Girona, s\/n, Miami Platja), de lunes a viernes, de 9 a 14 h. Tel. 977 172 527.<\/p>\n<\/div>\n","protected":false},"excerpt":{"rendered":"<p>La Bolsa de Trabajo Municipal es un servicio gratuito ofrecido desde el \u00c1rea de Promoci\u00f3n Econ\u00f3mica del Ayuntamiento de Mont-roig del Camp con el objetivo de incidir en el mercado laboral, y que gestiona y da servicio a personas desempleadas y a empresas, haciendo de intermediario entre las personas demandantes de empleo y las empresas [&hellip;]<\/p>\n","protected":false},"author":4,"featured_media":0,"parent":4320,"menu_order":0,"comment_status":"closed","ping_status":"closed","template":"","meta":{"inline_featured_image":false,"_monsterinsights_skip_tracking":false,"_monsterinsights_sitenote_active":false,"_monsterinsights_sitenote_note":"","_monsterinsights_sitenote_category":0,"footnotes":""},"class_list":["post-4321","page","type-page","status-publish","hentry"],"yoast_head":"<!-- This site is optimized with the Yoast SEO plugin v27.1.1 - https:\/\/yoast.com\/product\/yoast-seo-wordpress\/ -->\n<title>Bolsa de trabajo - Ajuntament de Mont-roig del Camp<\/title>\n<meta name=\"robots\" content=\"index, follow, max-snippet:-1, max-image-preview:large, max-video-preview:-1\" \/>\n<link rel=\"canonical\" href=\"https:\/\/mont-roig.cat\/es\/ayuntamiento\/areas\/impulso-economico-y-ocupacion\/bolsa-de-trabajo\/\" \/>\n<meta property=\"og:locale\" content=\"es_ES\" \/>\n<meta property=\"og:type\" content=\"article\" \/>\n<meta property=\"og:title\" content=\"Bolsa de trabajo - Ajuntament de Mont-roig del Camp\" \/>\n<meta property=\"og:description\" content=\"La Bolsa de Trabajo Municipal es un servicio gratuito ofrecido desde el \u00c1rea de Promoci\u00f3n Econ\u00f3mica del Ayuntamiento de Mont-roig del Camp con el objetivo de incidir en el mercado laboral, y que gestiona y da servicio a personas desempleadas y a empresas, haciendo de intermediario entre las personas demandantes de empleo y las empresas [&hellip;]\" \/>\n<meta property=\"og:url\" content=\"https:\/\/mont-roig.cat\/es\/ayuntamiento\/areas\/impulso-economico-y-ocupacion\/bolsa-de-trabajo\/\" \/>\n<meta property=\"og:site_name\" content=\"Ajuntament de Mont-roig del Camp\" \/>\n<meta property=\"article:modified_time\" content=\"2025-05-20T10:04:00+00:00\" \/>\n<meta property=\"og:image\" content=\"https:\/\/mont-roig.cat\/wp-content\/uploads\/Bolsa-de-trabajo-municipal_.png\" \/>\n\t<meta property=\"og:image:width\" content=\"1920\" \/>\n\t<meta property=\"og:image:height\" content=\"435\" \/>\n\t<meta property=\"og:image:type\" content=\"image\/png\" \/>\n<meta name=\"twitter:card\" content=\"summary_large_image\" \/>\n<meta name=\"twitter:label1\" content=\"Tiempo de lectura\" \/>\n\t<meta name=\"twitter:data1\" content=\"2 minutos\" \/>\n<script type=\"application\/ld+json\" class=\"yoast-schema-graph\">{\"@context\":\"https:\/\/schema.org\",\"@graph\":[{\"@type\":\"WebPage\",\"@id\":\"https:\/\/mont-roig.cat\/es\/ayuntamiento\/areas\/impulso-economico-y-ocupacion\/bolsa-de-trabajo\/\",\"url\":\"https:\/\/mont-roig.cat\/es\/ayuntamiento\/areas\/impulso-economico-y-ocupacion\/bolsa-de-trabajo\/\",\"name\":\"Bolsa de trabajo - Ajuntament de Mont-roig del Camp\",\"isPartOf\":{\"@id\":\"https:\/\/mont-roig.cat\/es\/#website\"},\"primaryImageOfPage\":{\"@id\":\"https:\/\/mont-roig.cat\/es\/ayuntamiento\/areas\/impulso-economico-y-ocupacion\/bolsa-de-trabajo\/#primaryimage\"},\"image\":{\"@id\":\"https:\/\/mont-roig.cat\/es\/ayuntamiento\/areas\/impulso-economico-y-ocupacion\/bolsa-de-trabajo\/#primaryimage\"},\"thumbnailUrl\":\"https:\/\/mont-roig.cat\/wp-content\/uploads\/Bolsa-de-trabajo-municipal_.png\",\"datePublished\":\"2015-02-02T20:47:55+00:00\",\"dateModified\":\"2025-05-20T10:04:00+00:00\",\"breadcrumb\":{\"@id\":\"https:\/\/mont-roig.cat\/es\/ayuntamiento\/areas\/impulso-economico-y-ocupacion\/bolsa-de-trabajo\/#breadcrumb\"},\"inLanguage\":\"es\",\"potentialAction\":[{\"@type\":\"ReadAction\",\"target\":[\"https:\/\/mont-roig.cat\/es\/ayuntamiento\/areas\/impulso-economico-y-ocupacion\/bolsa-de-trabajo\/\"]}]},{\"@type\":\"ImageObject\",\"inLanguage\":\"es\",\"@id\":\"https:\/\/mont-roig.cat\/es\/ayuntamiento\/areas\/impulso-economico-y-ocupacion\/bolsa-de-trabajo\/#primaryimage\",\"url\":\"https:\/\/mont-roig.cat\/wp-content\/uploads\/Bolsa-de-trabajo-municipal_.png\",\"contentUrl\":\"https:\/\/mont-roig.cat\/wp-content\/uploads\/Bolsa-de-trabajo-municipal_.png\"},{\"@type\":\"BreadcrumbList\",\"@id\":\"https:\/\/mont-roig.cat\/es\/ayuntamiento\/areas\/impulso-economico-y-ocupacion\/bolsa-de-trabajo\/#breadcrumb\",\"itemListElement\":[{\"@type\":\"ListItem\",\"position\":1,\"name\":\"Inici\",\"item\":\"https:\/\/mont-roig.cat\/es\/pagina-de-inicio\/\"},{\"@type\":\"ListItem\",\"position\":2,\"name\":\"Ayuntamiento\",\"item\":\"https:\/\/mont-roig.cat\/es\/ayuntamiento\/\"},{\"@type\":\"ListItem\",\"position\":3,\"name\":\"\u00c1reas\",\"item\":\"https:\/\/mont-roig.cat\/es\/ayuntamiento\/areas\/\"},{\"@type\":\"ListItem\",\"position\":4,\"name\":\"Impulso Econ\u00f3mico y Ocupaci\u00f3n\",\"item\":\"https:\/\/mont-roig.cat\/es\/ayuntamiento\/areas\/impulso-economico-y-ocupacion\/\"},{\"@type\":\"ListItem\",\"position\":5,\"name\":\"Bolsa de trabajo\"}]},{\"@type\":\"WebSite\",\"@id\":\"https:\/\/mont-roig.cat\/es\/#website\",\"url\":\"https:\/\/mont-roig.cat\/es\/\",\"name\":\"Ajuntament de Mont-roig del Camp\",\"description\":\"Tota la informaci\u00f3 sobre la instituci\u00f3, els seus \u00f2rgans de govern, actualitat, serveis i molt m\u00e9s.\",\"potentialAction\":[{\"@type\":\"SearchAction\",\"target\":{\"@type\":\"EntryPoint\",\"urlTemplate\":\"https:\/\/mont-roig.cat\/es\/?s={search_term_string}\"},\"query-input\":{\"@type\":\"PropertyValueSpecification\",\"valueRequired\":true,\"valueName\":\"search_term_string\"}}],\"inLanguage\":\"es\"}]}<\/script>\n<!-- \/ Yoast SEO plugin. -->","yoast_head_json":{"title":"Bolsa de trabajo - Ajuntament de Mont-roig del Camp","robots":{"index":"index","follow":"follow","max-snippet":"max-snippet:-1","max-image-preview":"max-image-preview:large","max-video-preview":"max-video-preview:-1"},"canonical":"https:\/\/mont-roig.cat\/es\/ayuntamiento\/areas\/impulso-economico-y-ocupacion\/bolsa-de-trabajo\/","og_locale":"es_ES","og_type":"article","og_title":"Bolsa de trabajo - Ajuntament de Mont-roig del Camp","og_description":"La Bolsa de Trabajo Municipal es un servicio gratuito ofrecido desde el \u00c1rea de Promoci\u00f3n Econ\u00f3mica del Ayuntamiento de Mont-roig del Camp con el objetivo de incidir en el mercado laboral, y que gestiona y da servicio a personas desempleadas y a empresas, haciendo de intermediario entre las personas demandantes de empleo y las empresas [&hellip;]","og_url":"https:\/\/mont-roig.cat\/es\/ayuntamiento\/areas\/impulso-economico-y-ocupacion\/bolsa-de-trabajo\/","og_site_name":"Ajuntament de Mont-roig del Camp","article_modified_time":"2025-05-20T10:04:00+00:00","og_image":[{"width":1920,"height":435,"url":"https:\/\/mont-roig.cat\/wp-content\/uploads\/Bolsa-de-trabajo-municipal_.png","type":"image\/png"}],"twitter_card":"summary_large_image","twitter_misc":{"Tiempo de lectura":"2 minutos"},"schema":{"@context":"https:\/\/schema.org","@graph":[{"@type":"WebPage","@id":"https:\/\/mont-roig.cat\/es\/ayuntamiento\/areas\/impulso-economico-y-ocupacion\/bolsa-de-trabajo\/","url":"https:\/\/mont-roig.cat\/es\/ayuntamiento\/areas\/impulso-economico-y-ocupacion\/bolsa-de-trabajo\/","name":"Bolsa de trabajo - Ajuntament de Mont-roig del Camp","isPartOf":{"@id":"https:\/\/mont-roig.cat\/es\/#website"},"primaryImageOfPage":{"@id":"https:\/\/mont-roig.cat\/es\/ayuntamiento\/areas\/impulso-economico-y-ocupacion\/bolsa-de-trabajo\/#primaryimage"},"image":{"@id":"https:\/\/mont-roig.cat\/es\/ayuntamiento\/areas\/impulso-economico-y-ocupacion\/bolsa-de-trabajo\/#primaryimage"},"thumbnailUrl":"https:\/\/mont-roig.cat\/wp-content\/uploads\/Bolsa-de-trabajo-municipal_.png","datePublished":"2015-02-02T20:47:55+00:00","dateModified":"2025-05-20T10:04:00+00:00","breadcrumb":{"@id":"https:\/\/mont-roig.cat\/es\/ayuntamiento\/areas\/impulso-economico-y-ocupacion\/bolsa-de-trabajo\/#breadcrumb"},"inLanguage":"es","potentialAction":[{"@type":"ReadAction","target":["https:\/\/mont-roig.cat\/es\/ayuntamiento\/areas\/impulso-economico-y-ocupacion\/bolsa-de-trabajo\/"]}]},{"@type":"ImageObject","inLanguage":"es","@id":"https:\/\/mont-roig.cat\/es\/ayuntamiento\/areas\/impulso-economico-y-ocupacion\/bolsa-de-trabajo\/#primaryimage","url":"https:\/\/mont-roig.cat\/wp-content\/uploads\/Bolsa-de-trabajo-municipal_.png","contentUrl":"https:\/\/mont-roig.cat\/wp-content\/uploads\/Bolsa-de-trabajo-municipal_.png"},{"@type":"BreadcrumbList","@id":"https:\/\/mont-roig.cat\/es\/ayuntamiento\/areas\/impulso-economico-y-ocupacion\/bolsa-de-trabajo\/#breadcrumb","itemListElement":[{"@type":"ListItem","position":1,"name":"Inici","item":"https:\/\/mont-roig.cat\/es\/pagina-de-inicio\/"},{"@type":"ListItem","position":2,"name":"Ayuntamiento","item":"https:\/\/mont-roig.cat\/es\/ayuntamiento\/"},{"@type":"ListItem","position":3,"name":"\u00c1reas","item":"https:\/\/mont-roig.cat\/es\/ayuntamiento\/areas\/"},{"@type":"ListItem","position":4,"name":"Impulso Econ\u00f3mico y Ocupaci\u00f3n","item":"https:\/\/mont-roig.cat\/es\/ayuntamiento\/areas\/impulso-economico-y-ocupacion\/"},{"@type":"ListItem","position":5,"name":"Bolsa de trabajo"}]},{"@type":"WebSite","@id":"https:\/\/mont-roig.cat\/es\/#website","url":"https:\/\/mont-roig.cat\/es\/","name":"Ajuntament de Mont-roig del Camp","description":"Tota la informaci\u00f3 sobre la instituci\u00f3, els seus \u00f2rgans de govern, actualitat, serveis i molt m\u00e9s.","potentialAction":[{"@type":"SearchAction","target":{"@type":"EntryPoint","urlTemplate":"https:\/\/mont-roig.cat\/es\/?s={search_term_string}"},"query-input":{"@type":"PropertyValueSpecification","valueRequired":true,"valueName":"search_term_string"}}],"inLanguage":"es"}]}},"_links":{"self":[{"href":"https:\/\/mont-roig.cat\/es\/wp-json\/wp\/v2\/pages\/4321","targetHints":{"allow":["GET"]}}],"collection":[{"href":"https:\/\/mont-roig.cat\/es\/wp-json\/wp\/v2\/pages"}],"about":[{"href":"https:\/\/mont-roig.cat\/es\/wp-json\/wp\/v2\/types\/page"}],"author":[{"embeddable":true,"href":"https:\/\/mont-roig.cat\/es\/wp-json\/wp\/v2\/users\/4"}],"replies":[{"embeddable":true,"href":"https:\/\/mont-roig.cat\/es\/wp-json\/wp\/v2\/comments?post=4321"}],"version-history":[{"count":11,"href":"https:\/\/mont-roig.cat\/es\/wp-json\/wp\/v2\/pages\/4321\/revisions"}],"predecessor-version":[{"id":83194,"href":"https:\/\/mont-roig.cat\/es\/wp-json\/wp\/v2\/pages\/4321\/revisions\/83194"}],"up":[{"embeddable":true,"href":"https:\/\/mont-roig.cat\/es\/wp-json\/wp\/v2\/pages\/4320"}],"wp:attachment":[{"href":"https:\/\/mont-roig.cat\/es\/wp-json\/wp\/v2\/media?parent=4321"}],"curies":[{"name":"wp","href":"https:\/\/api.w.org\/{rel}","templated":true}]}}